{"id":46994,"date":"2023-07-20T04:23:43","date_gmt":"2023-07-20T03:23:43","guid":{"rendered":"https:\/\/digitogy.eu\/?page_id=46994"},"modified":"2023-07-27T11:10:36","modified_gmt":"2023-07-27T10:10:36","slug":"agandefriskrivning","status":"publish","type":"page","link":"https:\/\/digitogy.eu\/sv\/agandefriskrivning\/","title":{"rendered":"\u00c4gandefriskrivning"},"content":{"rendered":"<p><a href=\"http:\/\/Digitogy.eu\/sv\">Digitogy.eu<\/a> \u00e4gs och drivs av Affiliare Inc. Vi \u00e4r ett f\u00f6retag specialiserat p\u00e5 affiliate-marknadsf\u00f6ring och produktrecensioner.<\/p>\n<p>P\u00e5 Digitogy.eu \u00e4r v\u00e5rt m\u00e5l att tillhandah\u00e5lla opartiska och objektiva recensioner.<\/p>\n<p>Det \u00e4r dock viktigt att erk\u00e4nna att v\u00e5ra recensioner ibland kan n\u00e4mna andra produkter, tj\u00e4nster, tr\u00e4nare, konsulter och\/eller experter.<\/p>\n<p>Observera att s\u00e5dana referenser inte \u00e4r avsedda som rekommendationer eller uttalanden som bekr\u00e4ftar noggrannheten i den information som tillhandah\u00e5lls av de n\u00e4mnda parterna.<\/p>\n<p>Vi uppmuntrar dig att genomf\u00f6ra din egen unders\u00f6kning och forskning innan du fattar n\u00e5gra k\u00f6pbeslut. \u00c4ven om vi str\u00e4var efter att tillhandah\u00e5lla hj\u00e4lpsam information, rekommenderar vi att du f\u00f6rlitar dig p\u00e5 olika k\u00e4llor och utf\u00f6r din egen due diligence f\u00f6r att avg\u00f6ra om en specifik produkt eller tj\u00e4nst passar dina behov.<\/p>\n<p>F\u00f6r eventuella fr\u00e5gor eller f\u00f6rfr\u00e5gningar relaterade till Digitogy.eu, \u00e4r du v\u00e4lkommen att kontakta oss p\u00e5 <a href=\"mailto:info@affiliareinc.com\" target=\"_blank\" rel=\"noopener nofollow noreferrer\">info@affiliareinc.com<\/a>.<\/p>\n<p>Vi \u00e4r h\u00e4r f\u00f6r att hj\u00e4lpa dig och tillhandah\u00e5lla all n\u00f6dv\u00e4ndig information.<\/p>\n<p>Tack f\u00f6r att du bes\u00f6kte Digitogy.eu, och vi uppskattar din f\u00f6rst\u00e5else f\u00f6r v\u00e5r \u00e4gander\u00e4tt och recensionsprocess.<\/p>\n","protected":false},"excerpt":{"rendered":"<p>Digitogy.eu \u00e4gs och drivs av Affiliare Inc. Vi \u00e4r ett f\u00f6retag specialiserat p\u00e5 affiliate-marknadsf\u00f6ring och produktrecensioner. P\u00e5 Digitogy.eu \u00e4r v\u00e5rt m\u00e5l att tillhandah\u00e5lla opartiska och objektiva recensioner. Det \u00e4r dock viktigt att erk\u00e4nna att v\u00e5ra recensioner ibland kan n\u00e4mna andra produkter, tj\u00e4nster, tr\u00e4nare, konsulter och\/eller experter. Observera att s\u00e5dana referenser inte \u00e4r avsedda som rekommendationer [&hellip;]<\/p>\n","protected":false},"author":51,"featured_media":0,"parent":0,"menu_order":0,"comment_status":"closed","ping_status":"closed","template":"","meta":{"om_disable_all_campaigns":false,"footnotes":""},"sgf-content-tag":[1595,472],"sgf-seo-push":[],"class_list":["post-46994","page","type-page","status-publish","hentry"],"yoast_head":"<!-- This site is optimized with the Yoast SEO plugin v24.9 - https:\/\/yoast.com\/wordpress\/plugins\/seo\/ -->\n<title>\u00c4gandefriskrivning | Digitogy.eu<\/title>\n<meta name=\"description\" content=\"Digitogy.eu \u00e4gs och drivs av Affiliare Inc. Vi \u00e4r ett f\u00f6retag specialiserat p\u00e5 affiliate-marknadsf\u00f6ring och produktrecensioner. P\u00e5 Digitogy.eu \u00e4r v\u00e5rt m\u00e5l\" \/>\n<meta name=\"robots\" content=\"index, follow, max-snippet:-1, max-image-preview:large, max-video-preview:-1\" \/>\n<link rel=\"canonical\" href=\"https:\/\/digitogy.eu\/sv\/agandefriskrivning\/\" \/>\n<meta property=\"og:locale\" content=\"sv_SE\" \/>\n<meta property=\"og:type\" content=\"article\" \/>\n<meta property=\"og:title\" content=\"\u00c4gandefriskrivning | Digitogy.eu\" \/>\n<meta property=\"og:description\" content=\"Digitogy.eu \u00e4gs och drivs av Affiliare Inc. Vi \u00e4r ett f\u00f6retag specialiserat p\u00e5 affiliate-marknadsf\u00f6ring och produktrecensioner. P\u00e5 Digitogy.eu \u00e4r v\u00e5rt m\u00e5l\" \/>\n<meta property=\"og:url\" content=\"https:\/\/digitogy.eu\/sv\/agandefriskrivning\/\" \/>\n<meta property=\"og:site_name\" content=\"Digitogy.eu\" \/>\n<meta property=\"article:modified_time\" content=\"2023-07-27T10:10:36+00:00\" \/>\n<meta name=\"twitter:card\" content=\"summary_large_image\" \/>\n<!-- \/ Yoast SEO plugin. -->","yoast_head_json":{"title":"\u00c4gandefriskrivning | Digitogy.eu","description":"Digitogy.eu \u00e4gs och drivs av Affiliare Inc. Vi \u00e4r ett f\u00f6retag specialiserat p\u00e5 affiliate-marknadsf\u00f6ring och produktrecensioner. P\u00e5 Digitogy.eu \u00e4r v\u00e5rt m\u00e5l","robots":{"index":"index","follow":"follow","max-snippet":"max-snippet:-1","max-image-preview":"max-image-preview:large","max-video-preview":"max-video-preview:-1"},"canonical":"https:\/\/digitogy.eu\/sv\/agandefriskrivning\/","og_locale":"sv_SE","og_type":"article","og_title":"\u00c4gandefriskrivning | Digitogy.eu","og_description":"Digitogy.eu \u00e4gs och drivs av Affiliare Inc. Vi \u00e4r ett f\u00f6retag specialiserat p\u00e5 affiliate-marknadsf\u00f6ring och produktrecensioner. P\u00e5 Digitogy.eu \u00e4r v\u00e5rt m\u00e5l","og_url":"https:\/\/digitogy.eu\/sv\/agandefriskrivning\/","og_site_name":"Digitogy.eu","article_modified_time":"2023-07-27T10:10:36+00:00","twitter_card":"summary_large_image","schema":{"@context":"https:\/\/schema.org","@graph":[{"@type":"WebPage","@id":"https:\/\/digitogy.eu\/sv\/agandefriskrivning\/","url":"https:\/\/digitogy.eu\/sv\/agandefriskrivning\/","name":"\u00c4gandefriskrivning | Digitogy.eu","isPartOf":{"@id":"https:\/\/digitogy.eu\/sv\/#website"},"datePublished":"2023-07-20T03:23:43+00:00","dateModified":"2023-07-27T10:10:36+00:00","description":"Digitogy.eu \u00e4gs och drivs av Affiliare Inc. Vi \u00e4r ett f\u00f6retag specialiserat p\u00e5 affiliate-marknadsf\u00f6ring och produktrecensioner. P\u00e5 Digitogy.eu \u00e4r v\u00e5rt m\u00e5l","breadcrumb":{"@id":"https:\/\/digitogy.eu\/sv\/agandefriskrivning\/#breadcrumb"},"inLanguage":"sv-SE","potentialAction":[{"@type":"ReadAction","target":["https:\/\/digitogy.eu\/sv\/agandefriskrivning\/"]}]},{"@type":"BreadcrumbList","@id":"https:\/\/digitogy.eu\/sv\/agandefriskrivning\/#breadcrumb","itemListElement":[{"@type":"ListItem","position":1,"name":"Home","item":"https:\/\/digitogy.eu\/sv\/hem\/"},{"@type":"ListItem","position":2,"name":"\u00c4gandefriskrivning"}]},{"@type":"WebSite","@id":"https:\/\/digitogy.eu\/sv\/#website","url":"https:\/\/digitogy.eu\/sv\/","name":"Digitogy.eu","description":"Digital Technology Magazine","publisher":{"@id":"https:\/\/digitogy.eu\/sv\/#organization"},"potentialAction":[{"@type":"SearchAction","target":{"@type":"EntryPoint","urlTemplate":"https:\/\/digitogy.eu\/sv\/?s={search_term_string}"},"query-input":{"@type":"PropertyValueSpecification","valueRequired":true,"valueName":"search_term_string"}}],"inLanguage":"sv-SE"},{"@type":"Organization","@id":"https:\/\/digitogy.eu\/sv\/#organization","name":"Digitogy.eu","url":"https:\/\/digitogy.eu\/sv\/","logo":{"@type":"ImageObject","inLanguage":"sv-SE","@id":"https:\/\/digitogy.eu\/sv\/#\/schema\/logo\/image\/","url":"https:\/\/digitogy.eu\/wp-content\/uploads\/2019\/11\/digitogy.png","contentUrl":"https:\/\/digitogy.eu\/wp-content\/uploads\/2019\/11\/digitogy.png","width":150,"height":42,"caption":"Digitogy.eu"},"image":{"@id":"https:\/\/digitogy.eu\/sv\/#\/schema\/logo\/image\/"}}]}},"_links":{"self":[{"href":"https:\/\/digitogy.eu\/sv\/wp-json\/wp\/v2\/pages\/46994","targetHints":{"allow":["GET"]}}],"collection":[{"href":"https:\/\/digitogy.eu\/sv\/wp-json\/wp\/v2\/pages"}],"about":[{"href":"https:\/\/digitogy.eu\/sv\/wp-json\/wp\/v2\/types\/page"}],"author":[{"embeddable":true,"href":"https:\/\/digitogy.eu\/sv\/wp-json\/wp\/v2\/users\/51"}],"replies":[{"embeddable":true,"href":"https:\/\/digitogy.eu\/sv\/wp-json\/wp\/v2\/comments?post=46994"}],"version-history":[{"count":4,"href":"https:\/\/digitogy.eu\/sv\/wp-json\/wp\/v2\/pages\/46994\/revisions"}],"predecessor-version":[{"id":47064,"href":"https:\/\/digitogy.eu\/sv\/wp-json\/wp\/v2\/pages\/46994\/revisions\/47064"}],"wp:attachment":[{"href":"https:\/\/digitogy.eu\/sv\/wp-json\/wp\/v2\/media?parent=46994"}],"wp:term":[{"taxonomy":"sgf-content-tag","embeddable":true,"href":"https:\/\/digitogy.eu\/sv\/wp-json\/wp\/v2\/sgf-content-tag?post=46994"},{"taxonomy":"sgf-seo-push","embeddable":true,"href":"https:\/\/digitogy.eu\/sv\/wp-json\/wp\/v2\/sgf-seo-push?post=46994"}],"curies":[{"name":"wp","href":"https:\/\/api.w.org\/{rel}","templated":true}]}}