{"id":46952,"date":"2023-07-18T11:27:56","date_gmt":"2023-07-18T10:27:56","guid":{"rendered":"https:\/\/digitogy.eu\/?page_id=46952"},"modified":"2023-07-27T11:12:41","modified_gmt":"2023-07-27T10:12:41","slug":"affiliateavslojande","status":"publish","type":"page","link":"https:\/\/digitogy.eu\/sv\/affiliateavslojande\/","title":{"rendered":"Affiliateavsl\u00f6jande"},"content":{"rendered":"<p>D\u00e5 och d\u00e5 kan <a href=\"https:\/\/digitogy.eu\/sv\">digitogy.eu<\/a> delta i affiliate-marknadsf\u00f6ring, vilket ger oss m\u00f6jlighet att inkludera affiliate-l\u00e4nkar p\u00e5 n\u00e5gra av v\u00e5ra sidor.<\/p>\n<p>Om du g\u00f6r ett k\u00f6p genom dessa affiliate-l\u00e4nkar kan vi tj\u00e4na en provision. Denna provision bidrar till att st\u00f6dja v\u00e5r testning och granskningsprocess av olika tj\u00e4nster.<\/p>\n<p>Observera dock att inkluderingen av affiliate-l\u00e4nkar inte p\u00e5verkar objektiviteten i v\u00e5ra recensioner och rekommendationer.<\/p>\n<h2>Anv\u00e4ndargenererad Inneh\u00e5llsfriskrivning<\/h2>\n<p>Informationen som tillhandah\u00e5lls p\u00e5 digitogy.eu ges i god tro och endast f\u00f6r allm\u00e4n informations\u00e4ndam\u00e5l. Vi str\u00e4var efter att ge korrekt och aktuell information, men vi kan inte garantera fullst\u00e4ndigheten, tillf\u00f6rlitligheten eller l\u00e4mpligheten i inneh\u00e5llet.<\/p>\n<p>Det \u00e4r viktigt att f\u00f6rst\u00e5 att vi inte f\u00f6respr\u00e5kar eller st\u00f6der n\u00e5gon olaglig verksamhet. Alla \u00e5tg\u00e4rder du vidtar baserat p\u00e5 informationen som tillhandah\u00e5lls p\u00e5 denna webbplats \u00e4r enbart ditt ansvar. Vi kan inte h\u00e5llas ansvariga f\u00f6r n\u00e5gra konsekvenser eller skador som uppst\u00e5r till f\u00f6ljd av dina handlingar.<\/p>\n<p>Dessutom kan denna webbplats till\u00e5ta anv\u00e4ndare att generera inneh\u00e5ll, som kommentarer, recensioner eller rekommendationer. \u00c4ven om vi anstr\u00e4nger oss f\u00f6r att moderera och \u00f6vervaka anv\u00e4ndargenererat inneh\u00e5ll kan vi inte garantera dess noggrannhet, tillf\u00f6rlitlighet eller \u00e4kthet. Vi kan inte h\u00e5llas ansvariga f\u00f6r n\u00e5got anv\u00e4ndargenererat inneh\u00e5ll som publiceras p\u00e5 denna webbplats.<\/p>\n<p>Var f\u00f6rsiktig och anv\u00e4nd ditt omd\u00f6me n\u00e4r du fattar k\u00f6pbeslut baserat p\u00e5 informationen som presenteras p\u00e5 denna webbplats. Om du har n\u00e5gra tvivel eller farh\u00e5gor rekommenderar vi att du s\u00f6ker professionell r\u00e5dgivning eller kontaktar tillverkaren eller tj\u00e4nsteleverant\u00f6ren direkt.<\/p>\n<p>Genom att anv\u00e4nda digitogy.eu erk\u00e4nner och godk\u00e4nner du villkoren i denna ansvarsfriskrivning f\u00f6r affiliate och anv\u00e4ndargenererat inneh\u00e5ll.<\/p>\n","protected":false},"excerpt":{"rendered":"<p>D\u00e5 och d\u00e5 kan digitogy.eu delta i affiliate-marknadsf\u00f6ring, vilket ger oss m\u00f6jlighet att inkludera affiliate-l\u00e4nkar p\u00e5 n\u00e5gra av v\u00e5ra sidor. Om du g\u00f6r ett k\u00f6p genom dessa affiliate-l\u00e4nkar kan vi tj\u00e4na en provision. Denna provision bidrar till att st\u00f6dja v\u00e5r testning och granskningsprocess av olika tj\u00e4nster. Observera dock att inkluderingen av affiliate-l\u00e4nkar inte p\u00e5verkar objektiviteten [&hellip;]<\/p>\n","protected":false},"author":51,"featured_media":0,"parent":0,"menu_order":0,"comment_status":"closed","ping_status":"closed","template":"","meta":{"om_disable_all_campaigns":false,"footnotes":""},"sgf-content-tag":[1594,472],"sgf-seo-push":[],"class_list":["post-46952","page","type-page","status-publish","hentry"],"yoast_head":"<!-- This site is optimized with the Yoast SEO plugin v24.9 - https:\/\/yoast.com\/wordpress\/plugins\/seo\/ -->\n<title>Affiliateavsl\u00f6jande | Digitogy.eu<\/title>\n<meta name=\"description\" content=\"D\u00e5 och d\u00e5 kan digitogy.eu delta i affiliate-marknadsf\u00f6ring, vilket ger oss m\u00f6jlighet att inkludera affiliate-l\u00e4nkar p\u00e5 n\u00e5gra av v\u00e5ra sidor. Om du g\u00f6r ett\" \/>\n<meta name=\"robots\" content=\"index, follow, max-snippet:-1, max-image-preview:large, max-video-preview:-1\" \/>\n<link rel=\"canonical\" href=\"https:\/\/digitogy.eu\/sv\/affiliateavslojande\/\" \/>\n<meta property=\"og:locale\" content=\"sv_SE\" \/>\n<meta property=\"og:type\" content=\"article\" \/>\n<meta property=\"og:title\" content=\"Affiliateavsl\u00f6jande | Digitogy.eu\" \/>\n<meta property=\"og:description\" content=\"D\u00e5 och d\u00e5 kan digitogy.eu delta i affiliate-marknadsf\u00f6ring, vilket ger oss m\u00f6jlighet att inkludera affiliate-l\u00e4nkar p\u00e5 n\u00e5gra av v\u00e5ra sidor. Om du g\u00f6r ett\" \/>\n<meta property=\"og:url\" content=\"https:\/\/digitogy.eu\/sv\/affiliateavslojande\/\" \/>\n<meta property=\"og:site_name\" content=\"Digitogy.eu\" \/>\n<meta property=\"article:modified_time\" content=\"2023-07-27T10:12:41+00:00\" \/>\n<meta name=\"twitter:card\" content=\"summary_large_image\" \/>\n<!-- \/ Yoast SEO plugin. -->","yoast_head_json":{"title":"Affiliateavsl\u00f6jande | Digitogy.eu","description":"D\u00e5 och d\u00e5 kan digitogy.eu delta i affiliate-marknadsf\u00f6ring, vilket ger oss m\u00f6jlighet att inkludera affiliate-l\u00e4nkar p\u00e5 n\u00e5gra av v\u00e5ra sidor. Om du g\u00f6r ett","robots":{"index":"index","follow":"follow","max-snippet":"max-snippet:-1","max-image-preview":"max-image-preview:large","max-video-preview":"max-video-preview:-1"},"canonical":"https:\/\/digitogy.eu\/sv\/affiliateavslojande\/","og_locale":"sv_SE","og_type":"article","og_title":"Affiliateavsl\u00f6jande | Digitogy.eu","og_description":"D\u00e5 och d\u00e5 kan digitogy.eu delta i affiliate-marknadsf\u00f6ring, vilket ger oss m\u00f6jlighet att inkludera affiliate-l\u00e4nkar p\u00e5 n\u00e5gra av v\u00e5ra sidor. Om du g\u00f6r ett","og_url":"https:\/\/digitogy.eu\/sv\/affiliateavslojande\/","og_site_name":"Digitogy.eu","article_modified_time":"2023-07-27T10:12:41+00:00","twitter_card":"summary_large_image","schema":{"@context":"https:\/\/schema.org","@graph":[{"@type":"WebPage","@id":"https:\/\/digitogy.eu\/sv\/affiliateavslojande\/","url":"https:\/\/digitogy.eu\/sv\/affiliateavslojande\/","name":"Affiliateavsl\u00f6jande | Digitogy.eu","isPartOf":{"@id":"https:\/\/digitogy.eu\/sv\/#website"},"datePublished":"2023-07-18T10:27:56+00:00","dateModified":"2023-07-27T10:12:41+00:00","description":"D\u00e5 och d\u00e5 kan digitogy.eu delta i affiliate-marknadsf\u00f6ring, vilket ger oss m\u00f6jlighet att inkludera affiliate-l\u00e4nkar p\u00e5 n\u00e5gra av v\u00e5ra sidor. Om du g\u00f6r ett","breadcrumb":{"@id":"https:\/\/digitogy.eu\/sv\/affiliateavslojande\/#breadcrumb"},"inLanguage":"sv-SE","potentialAction":[{"@type":"ReadAction","target":["https:\/\/digitogy.eu\/sv\/affiliateavslojande\/"]}]},{"@type":"BreadcrumbList","@id":"https:\/\/digitogy.eu\/sv\/affiliateavslojande\/#breadcrumb","itemListElement":[{"@type":"ListItem","position":1,"name":"Home","item":"https:\/\/digitogy.eu\/sv\/hem\/"},{"@type":"ListItem","position":2,"name":"Affiliateavsl\u00f6jande"}]},{"@type":"WebSite","@id":"https:\/\/digitogy.eu\/sv\/#website","url":"https:\/\/digitogy.eu\/sv\/","name":"Digitogy.eu","description":"Digital Technology Magazine","publisher":{"@id":"https:\/\/digitogy.eu\/sv\/#organization"},"potentialAction":[{"@type":"SearchAction","target":{"@type":"EntryPoint","urlTemplate":"https:\/\/digitogy.eu\/sv\/?s={search_term_string}"},"query-input":{"@type":"PropertyValueSpecification","valueRequired":true,"valueName":"search_term_string"}}],"inLanguage":"sv-SE"},{"@type":"Organization","@id":"https:\/\/digitogy.eu\/sv\/#organization","name":"Digitogy.eu","url":"https:\/\/digitogy.eu\/sv\/","logo":{"@type":"ImageObject","inLanguage":"sv-SE","@id":"https:\/\/digitogy.eu\/sv\/#\/schema\/logo\/image\/","url":"https:\/\/digitogy.eu\/wp-content\/uploads\/2019\/11\/digitogy.png","contentUrl":"https:\/\/digitogy.eu\/wp-content\/uploads\/2019\/11\/digitogy.png","width":150,"height":42,"caption":"Digitogy.eu"},"image":{"@id":"https:\/\/digitogy.eu\/sv\/#\/schema\/logo\/image\/"}}]}},"_links":{"self":[{"href":"https:\/\/digitogy.eu\/sv\/wp-json\/wp\/v2\/pages\/46952","targetHints":{"allow":["GET"]}}],"collection":[{"href":"https:\/\/digitogy.eu\/sv\/wp-json\/wp\/v2\/pages"}],"about":[{"href":"https:\/\/digitogy.eu\/sv\/wp-json\/wp\/v2\/types\/page"}],"author":[{"embeddable":true,"href":"https:\/\/digitogy.eu\/sv\/wp-json\/wp\/v2\/users\/51"}],"replies":[{"embeddable":true,"href":"https:\/\/digitogy.eu\/sv\/wp-json\/wp\/v2\/comments?post=46952"}],"version-history":[{"count":3,"href":"https:\/\/digitogy.eu\/sv\/wp-json\/wp\/v2\/pages\/46952\/revisions"}],"predecessor-version":[{"id":47065,"href":"https:\/\/digitogy.eu\/sv\/wp-json\/wp\/v2\/pages\/46952\/revisions\/47065"}],"wp:attachment":[{"href":"https:\/\/digitogy.eu\/sv\/wp-json\/wp\/v2\/media?parent=46952"}],"wp:term":[{"taxonomy":"sgf-content-tag","embeddable":true,"href":"https:\/\/digitogy.eu\/sv\/wp-json\/wp\/v2\/sgf-content-tag?post=46952"},{"taxonomy":"sgf-seo-push","embeddable":true,"href":"https:\/\/digitogy.eu\/sv\/wp-json\/wp\/v2\/sgf-seo-push?post=46952"}],"curies":[{"name":"wp","href":"https:\/\/api.w.org\/{rel}","templated":true}]}}