{"id":21145,"date":"2020-10-14T09:46:28","date_gmt":"2020-10-14T08:46:28","guid":{"rendered":"https:\/\/digitogy.eu\/?page_id=21145"},"modified":"2023-07-27T12:25:40","modified_gmt":"2023-07-27T11:25:40","slug":"kontakta-oss","status":"publish","type":"page","link":"https:\/\/digitogy.eu\/sv\/kontakta-oss\/","title":{"rendered":"Kontakta oss"},"content":{"rendered":"<p>Vi v\u00e4rdes\u00e4tter dina insikter och finns h\u00e4r f\u00f6r att hj\u00e4lpa dig med alla f\u00f6rslag, \u00e5terkopplingar eller fr\u00e5gor som r\u00f6r teknologi. Tveka inte att kontakta oss genom formul\u00e4ret nedan. Var trygg i vetskapen att vi \u00e4r engagerade i att snabbt svara p\u00e5 alla f\u00f6rfr\u00e5gningar.<\/p>\n<p>F\u00f6r att kontakta oss, v\u00e4nligen skicka ett meddelande till <a href=\"mailto:info@digitogy.eu\" target=\"_blank\" rel=\"nofollow noopener\">info@digitogy.eu<\/a>.<\/p>\n<p>F\u00f6r f\u00f6rfr\u00e5gningar och partnerskap, v\u00e4nligen skicka ett meddelande till <a href=\"mailto:outreach@digitogy.eu\" target=\"_blank\" rel=\"noopener noreferrer\">outreach@digitogy.eu<\/a>.<\/p>\n<h2>Kontaktinformation<\/h2>\n<ul>\n<li>Telefonnummer: +46 4 244 995 31<\/li>\n<li>Adress till kontoret: Regeringsgatan 23C, 111 53 Stockholm, Sverige<\/li>\n<\/ul>\n<p><iframe style=\"border: 0;\" src=\"https:\/\/www.google.com\/maps\/embed?pb=!1m14!1m8!1m3!1d508.76953856157405!2d18.068023!3d59.331649!3m2!1i1024!2i768!4f13.1!3m3!1m2!1s0x465f9d5e97eff1d7%3A0x5ef455b21891d8f1!2sRegeringsgatan%2023C%2C%20111%2053%20Stockholm%2C%20Sverige!5e0!3m2!1ssv!2sth!4v1690457115974!5m2!1ssv!2sth\" width=\"600\" height=\"450\" allowfullscreen=\"allowfullscreen\"><\/iframe><\/p>\n<p>F\u00f6r jobbans\u00f6kningar, v\u00e4nligen skicka ett e-postmeddelande till oss p\u00e5 <a href=\"mailto:jobs@digitogy.eu\" target=\"_blank\" rel=\"noopener nofollow noreferrer\">jobs@digitogy.eu<\/a>.<\/p>\n<p>Om du beh\u00f6ver hj\u00e4lp med en \u00e5terbetalning, v\u00e4nligen kontakta oss p\u00e5 <a href=\"mailto:refunds@digitogy.eu\" target=\"_blank\" rel=\"noopener nofollow noreferrer\">refunds@digitogy.eu<\/a>.<\/p>\n<p>Vi uppskattar ditt intresse och ser fram emot att h\u00f6ra fr\u00e5n dig.<\/p>\n","protected":false},"excerpt":{"rendered":"<p>Vi v\u00e4rdes\u00e4tter dina insikter och finns h\u00e4r f\u00f6r att hj\u00e4lpa dig med alla f\u00f6rslag, \u00e5terkopplingar eller fr\u00e5gor som r\u00f6r teknologi. Tveka inte att kontakta oss genom formul\u00e4ret nedan. Var trygg i vetskapen att vi \u00e4r engagerade i att snabbt svara p\u00e5 alla f\u00f6rfr\u00e5gningar. F\u00f6r att kontakta oss, v\u00e4nligen skicka ett meddelande till info@digitogy.eu. F\u00f6r f\u00f6rfr\u00e5gningar [&hellip;]<\/p>\n","protected":false},"author":51,"featured_media":0,"parent":0,"menu_order":0,"comment_status":"closed","ping_status":"closed","template":"","meta":{"om_disable_all_campaigns":false,"footnotes":""},"sgf-content-tag":[472,473],"sgf-seo-push":[],"class_list":["post-21145","page","type-page","status-publish","hentry"],"yoast_head":"<!-- This site is optimized with the Yoast SEO plugin v24.9 - https:\/\/yoast.com\/wordpress\/plugins\/seo\/ -->\n<title>Kontakta oss | Digitogy.eu<\/title>\n<meta name=\"description\" content=\"Vi v\u00e4rdes\u00e4tter dina insikter och finns h\u00e4r f\u00f6r att hj\u00e4lpa dig med alla f\u00f6rslag, \u00e5terkopplingar eller fr\u00e5gor som r\u00f6r teknologi. Tveka inte att kontakta oss\" \/>\n<meta name=\"robots\" content=\"index, follow, max-snippet:-1, max-image-preview:large, max-video-preview:-1\" \/>\n<link rel=\"canonical\" href=\"https:\/\/digitogy.eu\/sv\/kontakta-oss\/\" \/>\n<meta property=\"og:locale\" content=\"sv_SE\" \/>\n<meta property=\"og:type\" content=\"article\" \/>\n<meta property=\"og:title\" content=\"Kontakta oss | Digitogy.eu\" \/>\n<meta property=\"og:description\" content=\"Vi v\u00e4rdes\u00e4tter dina insikter och finns h\u00e4r f\u00f6r att hj\u00e4lpa dig med alla f\u00f6rslag, \u00e5terkopplingar eller fr\u00e5gor som r\u00f6r teknologi. Tveka inte att kontakta oss\" \/>\n<meta property=\"og:url\" content=\"https:\/\/digitogy.eu\/sv\/kontakta-oss\/\" \/>\n<meta property=\"og:site_name\" content=\"Digitogy.eu\" \/>\n<meta property=\"article:modified_time\" content=\"2023-07-27T11:25:40+00:00\" \/>\n<meta name=\"twitter:card\" content=\"summary_large_image\" \/>\n<meta name=\"twitter:title\" content=\"-1382\" \/>\n<meta name=\"twitter:description\" content=\"90\" \/>\n<meta name=\"twitter:image\" content=\"http:\/\/false\" \/>\n<!-- \/ Yoast SEO plugin. -->","yoast_head_json":{"title":"Kontakta oss | Digitogy.eu","description":"Vi v\u00e4rdes\u00e4tter dina insikter och finns h\u00e4r f\u00f6r att hj\u00e4lpa dig med alla f\u00f6rslag, \u00e5terkopplingar eller fr\u00e5gor som r\u00f6r teknologi. Tveka inte att kontakta oss","robots":{"index":"index","follow":"follow","max-snippet":"max-snippet:-1","max-image-preview":"max-image-preview:large","max-video-preview":"max-video-preview:-1"},"canonical":"https:\/\/digitogy.eu\/sv\/kontakta-oss\/","og_locale":"sv_SE","og_type":"article","og_title":"Kontakta oss | Digitogy.eu","og_description":"Vi v\u00e4rdes\u00e4tter dina insikter och finns h\u00e4r f\u00f6r att hj\u00e4lpa dig med alla f\u00f6rslag, \u00e5terkopplingar eller fr\u00e5gor som r\u00f6r teknologi. Tveka inte att kontakta oss","og_url":"https:\/\/digitogy.eu\/sv\/kontakta-oss\/","og_site_name":"Digitogy.eu","article_modified_time":"2023-07-27T11:25:40+00:00","twitter_card":"summary_large_image","twitter_title":"-1382","twitter_description":"90","twitter_image":"false","schema":{"@context":"https:\/\/schema.org","@graph":[{"@type":"WebPage","@id":"https:\/\/digitogy.eu\/sv\/kontakta-oss\/","url":"https:\/\/digitogy.eu\/sv\/kontakta-oss\/","name":"Kontakta oss | Digitogy.eu","isPartOf":{"@id":"https:\/\/digitogy.eu\/sv\/#website"},"datePublished":"2020-10-14T08:46:28+00:00","dateModified":"2023-07-27T11:25:40+00:00","description":"Vi v\u00e4rdes\u00e4tter dina insikter och finns h\u00e4r f\u00f6r att hj\u00e4lpa dig med alla f\u00f6rslag, \u00e5terkopplingar eller fr\u00e5gor som r\u00f6r teknologi. Tveka inte att kontakta oss","breadcrumb":{"@id":"https:\/\/digitogy.eu\/sv\/kontakta-oss\/#breadcrumb"},"inLanguage":"sv-SE","potentialAction":[{"@type":"ReadAction","target":["https:\/\/digitogy.eu\/sv\/kontakta-oss\/"]}]},{"@type":"BreadcrumbList","@id":"https:\/\/digitogy.eu\/sv\/kontakta-oss\/#breadcrumb","itemListElement":[{"@type":"ListItem","position":1,"name":"Home","item":"https:\/\/digitogy.eu\/sv\/hem\/"},{"@type":"ListItem","position":2,"name":"Kontakta oss"}]},{"@type":"WebSite","@id":"https:\/\/digitogy.eu\/sv\/#website","url":"https:\/\/digitogy.eu\/sv\/","name":"Digitogy.eu","description":"Digital Technology Magazine","publisher":{"@id":"https:\/\/digitogy.eu\/sv\/#organization"},"potentialAction":[{"@type":"SearchAction","target":{"@type":"EntryPoint","urlTemplate":"https:\/\/digitogy.eu\/sv\/?s={search_term_string}"},"query-input":{"@type":"PropertyValueSpecification","valueRequired":true,"valueName":"search_term_string"}}],"inLanguage":"sv-SE"},{"@type":"Organization","@id":"https:\/\/digitogy.eu\/sv\/#organization","name":"Digitogy.eu","url":"https:\/\/digitogy.eu\/sv\/","logo":{"@type":"ImageObject","inLanguage":"sv-SE","@id":"https:\/\/digitogy.eu\/sv\/#\/schema\/logo\/image\/","url":"https:\/\/digitogy.eu\/wp-content\/uploads\/2019\/11\/digitogy.png","contentUrl":"https:\/\/digitogy.eu\/wp-content\/uploads\/2019\/11\/digitogy.png","width":150,"height":42,"caption":"Digitogy.eu"},"image":{"@id":"https:\/\/digitogy.eu\/sv\/#\/schema\/logo\/image\/"}}]}},"_links":{"self":[{"href":"https:\/\/digitogy.eu\/sv\/wp-json\/wp\/v2\/pages\/21145","targetHints":{"allow":["GET"]}}],"collection":[{"href":"https:\/\/digitogy.eu\/sv\/wp-json\/wp\/v2\/pages"}],"about":[{"href":"https:\/\/digitogy.eu\/sv\/wp-json\/wp\/v2\/types\/page"}],"author":[{"embeddable":true,"href":"https:\/\/digitogy.eu\/sv\/wp-json\/wp\/v2\/users\/51"}],"replies":[{"embeddable":true,"href":"https:\/\/digitogy.eu\/sv\/wp-json\/wp\/v2\/comments?post=21145"}],"version-history":[{"count":12,"href":"https:\/\/digitogy.eu\/sv\/wp-json\/wp\/v2\/pages\/21145\/revisions"}],"predecessor-version":[{"id":47075,"href":"https:\/\/digitogy.eu\/sv\/wp-json\/wp\/v2\/pages\/21145\/revisions\/47075"}],"wp:attachment":[{"href":"https:\/\/digitogy.eu\/sv\/wp-json\/wp\/v2\/media?parent=21145"}],"wp:term":[{"taxonomy":"sgf-content-tag","embeddable":true,"href":"https:\/\/digitogy.eu\/sv\/wp-json\/wp\/v2\/sgf-content-tag?post=21145"},{"taxonomy":"sgf-seo-push","embeddable":true,"href":"https:\/\/digitogy.eu\/sv\/wp-json\/wp\/v2\/sgf-seo-push?post=21145"}],"curies":[{"name":"wp","href":"https:\/\/api.w.org\/{rel}","templated":true}]}}