{"id":21143,"date":"2020-10-14T09:33:50","date_gmt":"2020-10-14T08:33:50","guid":{"rendered":"https:\/\/digitogy.eu\/?page_id=21143"},"modified":"2022-01-21T11:38:42","modified_gmt":"2022-01-21T10:38:42","slug":"sajtkarta","status":"publish","type":"page","link":"https:\/\/digitogy.eu\/sv\/sajtkarta\/","title":{"rendered":"Sajtkarta"},"content":{"rendered":"<div class=\"wsp-container\"><h2 class=\"wsp-posts-title\">Inl\u00e4gg per kategori<\/h2>\n<ul class=\"wsp-posts-list\">\n\t<li><strong class=\"wsp-category-title\">Category: <a href=\"https:\/\/digitogy.eu\/sv\/kategori\/guider\/\">Guider<\/a><\/strong>\n<ul class=\"wsp-posts-list\">\t\t<li class=\"wsp-post\"><a href=\"https:\/\/digitogy.eu\/sv\/black-friday-erbjudande\/\">De B\u00e4sta Black Friday erbjudanden 2026 \u2013 Alla m\u00f6jliga fynd!<\/a><\/li>\n<\/ul><\/li>\n\t<li><strong class=\"wsp-category-title\">Category: <a href=\"https:\/\/digitogy.eu\/sv\/kategori\/prylar\/\">Prylar<\/a><\/strong>\n<ul class=\"wsp-posts-list\">\t\t<li class=\"wsp-post\"><a href=\"https:\/\/digitogy.eu\/sv\/easy-waxoff-recension\/\">Easy WaxOff Review i 2026 &#8211; B\u00e4sta s\u00e4ttet att ta bort \u00f6ronvax?<\/a><\/li>\n\t\t<li class=\"wsp-post\"><a href=\"https:\/\/digitogy.eu\/sv\/biteeraser-review\/\">BiteEraser Review i 2026 &#8211; Hj\u00e4lper det med insektsbett?<\/a><\/li>\n\t\t<li class=\"wsp-post\"><a href=\"https:\/\/digitogy.eu\/sv\/moksha-beam-recension\/\">Beam Review i 2026 \u2013 Hj\u00e4lper det verkligen mot \u00e5ngesten?<\/a><\/li>\n\t\t<li class=\"wsp-post\"><a href=\"https:\/\/digitogy.eu\/sv\/peeps-vision-recension\/\">Peeps Review 2026: Fungerar det verkligen med dina linser?<\/a><\/li>\n\t\t<li class=\"wsp-post\"><a href=\"https:\/\/digitogy.eu\/sv\/bed-scrunchie-recension\/\">Bed Scrunchie recension i 2026 &#8211; \u00c4r det den b\u00e4sta l\u00f6sningen att h\u00e5lla lakan?<\/a><\/li>\n\t\t<li class=\"wsp-post\"><a href=\"https:\/\/digitogy.eu\/sv\/derila-recension\/\">Derila Pillow Review i 2026: \u00c4r det den b\u00e4sta kudden?<\/a><\/li>\n\t\t<li class=\"wsp-post\"><a href=\"https:\/\/digitogy.eu\/sv\/basta-usb-minne\/\">Den b\u00e4sta USB-minnen f\u00f6r fotografier 2026<\/a><\/li>\n\t\t<li class=\"wsp-post\"><a href=\"https:\/\/digitogy.eu\/sv\/the-photostick-omni\/\">Vi testar The Photostick Omni 2026, s\u00e4kerhetskopiera dina foton<\/a><\/li>\n\t\t<li class=\"wsp-post\"><a href=\"https:\/\/digitogy.eu\/sv\/oshenwatch-luxe-recension\/\">OshenWatch Luxe Recension 2026: Funktioner, omd\u00f6me och mycket mer<\/a><\/li>\n\t\t<li class=\"wsp-post\"><a href=\"https:\/\/digitogy.eu\/sv\/silentsnore-recension\/\">SilentSnore Recension 2026: Motverkar snarkningar effektivt<\/a><\/li>\n\t\t<li class=\"wsp-post\"><a href=\"https:\/\/digitogy.eu\/sv\/tvfix-caster-recension\/\">TVFix Caster Recension 2026: Omvandla din TV till en Smart TV<\/a><\/li>\n\t\t<li class=\"wsp-post\"><a href=\"https:\/\/digitogy.eu\/sv\/usmile-pro-recension\/\">uSmile Pro Recension 2026: F\u00e5 vitare t\u00e4nder utan ingrepp<\/a><\/li>\n\t\t<li class=\"wsp-post\"><a href=\"https:\/\/digitogy.eu\/sv\/germcide-x-recension\/\">GermCide X Recension 2026: Ta d\u00f6d p\u00e5 bakterier med UV-ljus<\/a><\/li>\n\t\t<li class=\"wsp-post\"><a href=\"https:\/\/digitogy.eu\/sv\/quietbuds-recension\/\">QuietBuds hj\u00e4lper dig med lugn och ro i vardagen<\/a><\/li>\n\t\t<li class=\"wsp-post\"><a href=\"https:\/\/digitogy.eu\/sv\/airphysio-sverige-recension\/\">AirPhysio Sverige Recension 2026: L\u00e4ttare andning och rena luftr\u00f6r<\/a><\/li>\n\t\t<li class=\"wsp-post\"><a href=\"https:\/\/digitogy.eu\/sv\/infinitikloud-recension\/\">InfinitiKloud Recension 2026: S\u00e4krare lagring f\u00f6r alla dina filer<\/a><\/li>\n\t\t<li class=\"wsp-post\"><a href=\"https:\/\/digitogy.eu\/sv\/drone720x-recension\/\">Drone720X Recension 2026: \u00c4r denna dr\u00f6nare v\u00e4rd priset?<\/a><\/li>\n\t\t<li class=\"wsp-post\"><a href=\"https:\/\/digitogy.eu\/sv\/xwatch-recension\/\">XWatch Recension 2026: \u00e4r denna smartklocka v\u00e4rd att k\u00f6pa?<\/a><\/li>\n\t\t<li class=\"wsp-post\"><a href=\"https:\/\/digitogy.eu\/sv\/tacticphonex-recension\/\">TacticPhoneX Recension 2026: Den mest robusta mobilen p\u00e5 marknaden<\/a><\/li>\n\t\t<li class=\"wsp-post\"><a href=\"https:\/\/digitogy.eu\/sv\/healthwatch-recension\/\">HealthWatch Recension 2026: F\u00e5 koll p\u00e5 din h\u00e4lsa<\/a><\/li>\n\t\t<li class=\"wsp-post\"><a href=\"https:\/\/digitogy.eu\/sv\/tvsharemax-recension\/\">TVShareMax Recension 2026: Dela din telefonsk\u00e4rm till vilken TV som helst<\/a><\/li>\n\t\t<li class=\"wsp-post\"><a href=\"https:\/\/digitogy.eu\/sv\/caresole-circa-knee-recension\/\">Caresole Circa Knee Recension 2026: Bli av med sm\u00e4rta i kn\u00e4na<\/a><\/li>\n\t\t<li class=\"wsp-post\"><a href=\"https:\/\/digitogy.eu\/sv\/tactwatch-recension\/\">T-Watch Recension 2026: Den mest h\u00e5llbara smartklockan p\u00e5 marknaden<\/a><\/li>\n\t\t<li class=\"wsp-post\"><a href=\"https:\/\/digitogy.eu\/sv\/memorysafex-recension\/\">MemorySafeX \u2013 ett USB-minne f\u00f6r alla dina enheter<\/a><\/li>\n\t\t<li class=\"wsp-post\"><a href=\"https:\/\/digitogy.eu\/sv\/ecoheat-s-recension\/\">EcoHeat S Recension 2026: Fungerar denna b\u00e4rbara v\u00e4rmefl\u00e4kt verkligen?<\/a><\/li>\n\t\t<li class=\"wsp-post\"><a href=\"https:\/\/digitogy.eu\/sv\/muama-ryoko-recension\/\">Din b\u00e4sta WiFi-l\u00f6sning 2026<\/a><\/li>\n\t\t<li class=\"wsp-post\"><a href=\"https:\/\/digitogy.eu\/sv\/tactic-air-drone-omdome\/\">Tactic Air Drone omd\u00f6me 2026: Vikbar dr\u00f6nare med vidvinkel 4K HD<\/a><\/li>\n\t\t<li class=\"wsp-post\"><a href=\"https:\/\/digitogy.eu\/sv\/mobile-klean-uv-light-recension\/\">Mobile Klean UV Light Sanitizer \u2013 full recension 2026<\/a><\/li>\n\t\t<li class=\"wsp-post\"><a href=\"https:\/\/digitogy.eu\/sv\/clearview-glasogon-recension\/\">ClearView Glas\u00f6gon Recension 2026: Hj\u00e4lper dig se b\u00e4ttre i m\u00f6rkret<\/a><\/li>\n\t\t<li class=\"wsp-post\"><a href=\"https:\/\/digitogy.eu\/sv\/neckmassager-recension\/\">NeckMassager Recension 2026: L\u00f6sningen f\u00f6r din nacksm\u00e4rta<\/a><\/li>\n\t\t<li class=\"wsp-post\"><a href=\"https:\/\/digitogy.eu\/sv\/rangextd-wifi-booster-recension\/\">RangeXTD WiFi Booster Recension 2026<\/a><\/li>\n\t\t<li class=\"wsp-post\"><a href=\"https:\/\/digitogy.eu\/sv\/starscope-monocular-recension\/\">Starscope Monocular Recension 2026: Ett monokul\u00e4rt teleskop<\/a><\/li>\n\t\t<li class=\"wsp-post\"><a href=\"https:\/\/digitogy.eu\/sv\/heatcore-mini-varmare-recension\/\">HeatCore Mini V\u00e4rmare Recension 2026: \u00e4r den v\u00e4rd att k\u00f6pa?<\/a><\/li>\n\t\t<li class=\"wsp-post\"><a href=\"https:\/\/digitogy.eu\/sv\/dangobuds-recension\/\">DangoBuds Recension 2026: Hur bra \u00e4r egentligen DangoBuds?<\/a><\/li>\n\t\t<li class=\"wsp-post\"><a href=\"https:\/\/digitogy.eu\/sv\/dronex-pro-recension\/\">DroneX Pro Recension 2026: S\u00e5 bra \u00e4r denna budgetdr\u00f6nare<\/a><\/li>\n\t\t<li class=\"wsp-post\"><a href=\"https:\/\/digitogy.eu\/sv\/coolair-recension\/\">CoolAir AC Recension 2026: B\u00e4rbar luftkonditionering<\/a><\/li>\n\t\t<li class=\"wsp-post\"><a href=\"https:\/\/digitogy.eu\/sv\/properfocus-recension\/\">ProperFocus Recension 2026: Ett par glas\u00f6gon f\u00f6r alla<\/a><\/li>\n\t\t<li class=\"wsp-post\"><a href=\"https:\/\/digitogy.eu\/sv\/superboost-wifi-booster-recension\/\">SuperBoost WiFi Booster Recension 2026<\/a><\/li>\n\t\t<li class=\"wsp-post\"><a href=\"https:\/\/digitogy.eu\/sv\/dwatch-recension\/\">DWatch Recension 2026: En praktiskt och multifunktionell Smartwatch till ett b\u00e4ttre pris<\/a><\/li>\n\t\t<li class=\"wsp-post\"><a href=\"https:\/\/digitogy.eu\/sv\/muama-enence-recension\/\">Muama Enence Recension 2026: Prata med vem som helst, oavsett spr\u00e5k<\/a><\/li>\n\t\t<li class=\"wsp-post\"><a href=\"https:\/\/digitogy.eu\/sv\/gx-smartwatch-recension\/\">GX SmartWatch Recension 2026: Uppgradera din klocka<\/a><\/li>\n\t\t<li class=\"wsp-post\"><a href=\"https:\/\/digitogy.eu\/sv\/smartdot-recension\/\">SmartDOT Recension 2026: Omedelbart skydd mot elektromagnetisk str\u00e5lning<\/a><\/li>\n\t\t<li class=\"wsp-post\"><a href=\"https:\/\/digitogy.eu\/sv\/betterback-recension\/\">BetterBack Recension 2026: F\u00f6rb\u00e4ttra billigt och enkelt din h\u00e5llning<\/a><\/li>\n\t\t<li class=\"wsp-post\"><a href=\"https:\/\/digitogy.eu\/sv\/barxstop-recension\/\">BarXStop Recension 2026: Fungerar den h\u00e4r sk\u00e4ll-stopparen?<\/a><\/li>\n\t\t<li class=\"wsp-post\"><a href=\"https:\/\/digitogy.eu\/sv\/screenklean-recension\/\">ScreenKlean Recension 2026: Reng\u00f6r din sk\u00e4rm utan att rispa den<\/a><\/li>\n\t\t<li class=\"wsp-post\"><a href=\"https:\/\/digitogy.eu\/sv\/kailo-nanotech-patch-recension\/\">Kailo Nanotech Patch Recension 2026: Sm\u00e4rtstillande Pl\u00e5ster<\/a><\/li>\n\t\t<li class=\"wsp-post\"><a href=\"https:\/\/digitogy.eu\/sv\/aculief-recension\/\">Aculief Recension 2026: Ett naturligt s\u00e4tt att bli av med huvudv\u00e4rk och annan sm\u00e4rta<\/a><\/li>\n\t\t<li class=\"wsp-post\"><a href=\"https:\/\/digitogy.eu\/sv\/wifi-ultraboost-recension\/\">WiFi UltraBoost Recension 2026: B\u00e4ttre internet direkt<\/a><\/li>\n\t\t<li class=\"wsp-post\"><a href=\"https:\/\/digitogy.eu\/sv\/neck-hammock-recension\/\">Neck Hammock Recension 2026: Slappna av och bli av med sm\u00e4rta i nacken<\/a><\/li>\n\t\t<li class=\"wsp-post\"><a href=\"https:\/\/digitogy.eu\/sv\/photostick-mobil-recension\/\">PhotoStick Mobil Recension \u2013 Spara bilder p\u00e5 en sticka och frig\u00f6r plats i mobilen!<\/a><\/li>\n\t\t<li class=\"wsp-post\"><a href=\"https:\/\/digitogy.eu\/sv\/photostick-recension\/\">PhotoStick Recension 2026: Spara enkelt dina bilder f\u00f6r alltid<\/a><\/li>\n\t\t<li class=\"wsp-post\"><a href=\"https:\/\/digitogy.eu\/sv\/fixd-recension\/\">FIXD Recension 2026: H\u00e5ll koll p\u00e5 din bils h\u00e4lsa i realtid<\/a><\/li>\n\t\t<li class=\"wsp-post\"><a href=\"https:\/\/digitogy.eu\/sv\/bondic-recension\/\">Bondic Recension 2026: B\u00e4ttre p\u00e5 att fixa \u00e4n Superlim<\/a><\/li>\n\t\t<li class=\"wsp-post\"><a href=\"https:\/\/digitogy.eu\/sv\/xy-find-it-recension\/\">XY Find It Recension 2026: Tappa Aldrig Bort Viktiga Prylar Igen<\/a><\/li>\n\t\t<li class=\"wsp-post\"><a href=\"https:\/\/digitogy.eu\/sv\/fittrack-recension\/\">FitTrack Recension 2026 \u2013 \u00c4r det vad du beh\u00f6ver f\u00f6r att h\u00e5lla koll p\u00e5 h\u00e4lsan?<\/a><\/li>\n\t\t<li class=\"wsp-post\"><a href=\"https:\/\/digitogy.eu\/sv\/xtra-pc-recension\/\">Xtra-PC Recension 2026: Snabba Upp din L\u00e5ngsamma Dator<\/a><\/li>\n<\/ul><\/li>\n<\/ul>\n<\/div>\n","protected":false},"excerpt":{"rendered":"","protected":false},"author":51,"featured_media":0,"parent":0,"menu_order":0,"comment_status":"closed","ping_status":"closed","template":"","meta":{"om_disable_all_campaigns":false,"footnotes":""},"sgf-content-tag":[472,474],"sgf-seo-push":[],"class_list":["post-21143","page","type-page","status-publish","hentry"],"yoast_head":"<!-- This site is optimized with the Yoast SEO plugin v24.9 - https:\/\/yoast.com\/wordpress\/plugins\/seo\/ -->\n<title>Sajtkarta 2026 | Digitogy.eu<\/title>\n<meta name=\"description\" content=\"Detta \u00e4r v\u00e5r Sajtkarta. Du hittar alla artiklar och recensioner p\u00e5 de senaste enheterna, VPN-granskning, sekretess och s\u00e4kerhet och mer.\" \/>\n<meta name=\"robots\" content=\"index, follow, max-snippet:-1, max-image-preview:large, max-video-preview:-1\" \/>\n<link rel=\"canonical\" href=\"https:\/\/digitogy.eu\/sv\/sajtkarta\/\" \/>\n<meta property=\"og:locale\" content=\"sv_SE\" \/>\n<meta property=\"og:type\" content=\"article\" \/>\n<meta property=\"og:title\" content=\"Sajtkarta 2026 | Digitogy.eu\" \/>\n<meta property=\"og:description\" content=\"Detta \u00e4r v\u00e5r Sajtkarta. Du hittar alla artiklar och recensioner p\u00e5 de senaste enheterna, VPN-granskning, sekretess och s\u00e4kerhet och mer.\" \/>\n<meta property=\"og:url\" content=\"https:\/\/digitogy.eu\/sv\/sajtkarta\/\" \/>\n<meta property=\"og:site_name\" content=\"Digitogy.eu\" \/>\n<meta property=\"article:modified_time\" content=\"2022-01-21T10:38:42+00:00\" \/>\n<meta name=\"twitter:card\" content=\"summary_large_image\" \/>\n<!-- \/ Yoast SEO plugin. -->","yoast_head_json":{"title":"Sajtkarta 2026 | Digitogy.eu","description":"Detta \u00e4r v\u00e5r Sajtkarta. Du hittar alla artiklar och recensioner p\u00e5 de senaste enheterna, VPN-granskning, sekretess och s\u00e4kerhet och mer.","robots":{"index":"index","follow":"follow","max-snippet":"max-snippet:-1","max-image-preview":"max-image-preview:large","max-video-preview":"max-video-preview:-1"},"canonical":"https:\/\/digitogy.eu\/sv\/sajtkarta\/","og_locale":"sv_SE","og_type":"article","og_title":"Sajtkarta 2026 | Digitogy.eu","og_description":"Detta \u00e4r v\u00e5r Sajtkarta. Du hittar alla artiklar och recensioner p\u00e5 de senaste enheterna, VPN-granskning, sekretess och s\u00e4kerhet och mer.","og_url":"https:\/\/digitogy.eu\/sv\/sajtkarta\/","og_site_name":"Digitogy.eu","article_modified_time":"2022-01-21T10:38:42+00:00","twitter_card":"summary_large_image","schema":{"@context":"https:\/\/schema.org","@graph":[{"@type":"WebPage","@id":"https:\/\/digitogy.eu\/sv\/sajtkarta\/","url":"https:\/\/digitogy.eu\/sv\/sajtkarta\/","name":"Sajtkarta [yr] | Digitogy.eu","isPartOf":{"@id":"https:\/\/digitogy.eu\/sv\/#website"},"datePublished":"2020-10-14T08:33:50+00:00","dateModified":"2022-01-21T10:38:42+00:00","description":"Detta \u00e4r v\u00e5r Sajtkarta. Du hittar alla artiklar och recensioner p\u00e5 de senaste enheterna, VPN-granskning, sekretess och s\u00e4kerhet och mer.","breadcrumb":{"@id":"https:\/\/digitogy.eu\/sv\/sajtkarta\/#breadcrumb"},"inLanguage":"sv-SE","potentialAction":[{"@type":"ReadAction","target":["https:\/\/digitogy.eu\/sv\/sajtkarta\/"]}]},{"@type":"BreadcrumbList","@id":"https:\/\/digitogy.eu\/sv\/sajtkarta\/#breadcrumb","itemListElement":[{"@type":"ListItem","position":1,"name":"Home","item":"https:\/\/digitogy.eu\/sv\/hem\/"},{"@type":"ListItem","position":2,"name":"Sajtkarta"}]},{"@type":"WebSite","@id":"https:\/\/digitogy.eu\/sv\/#website","url":"https:\/\/digitogy.eu\/sv\/","name":"Digitogy.eu","description":"Digital Technology Magazine","publisher":{"@id":"https:\/\/digitogy.eu\/sv\/#organization"},"potentialAction":[{"@type":"SearchAction","target":{"@type":"EntryPoint","urlTemplate":"https:\/\/digitogy.eu\/sv\/?s={search_term_string}"},"query-input":{"@type":"PropertyValueSpecification","valueRequired":true,"valueName":"search_term_string"}}],"inLanguage":"sv-SE"},{"@type":"Organization","@id":"https:\/\/digitogy.eu\/sv\/#organization","name":"Digitogy.eu","url":"https:\/\/digitogy.eu\/sv\/","logo":{"@type":"ImageObject","inLanguage":"sv-SE","@id":"https:\/\/digitogy.eu\/sv\/#\/schema\/logo\/image\/","url":"https:\/\/digitogy.eu\/wp-content\/uploads\/2019\/11\/digitogy.png","contentUrl":"https:\/\/digitogy.eu\/wp-content\/uploads\/2019\/11\/digitogy.png","width":150,"height":42,"caption":"Digitogy.eu"},"image":{"@id":"https:\/\/digitogy.eu\/sv\/#\/schema\/logo\/image\/"}}]}},"_links":{"self":[{"href":"https:\/\/digitogy.eu\/sv\/wp-json\/wp\/v2\/pages\/21143","targetHints":{"allow":["GET"]}}],"collection":[{"href":"https:\/\/digitogy.eu\/sv\/wp-json\/wp\/v2\/pages"}],"about":[{"href":"https:\/\/digitogy.eu\/sv\/wp-json\/wp\/v2\/types\/page"}],"author":[{"embeddable":true,"href":"https:\/\/digitogy.eu\/sv\/wp-json\/wp\/v2\/users\/51"}],"replies":[{"embeddable":true,"href":"https:\/\/digitogy.eu\/sv\/wp-json\/wp\/v2\/comments?post=21143"}],"version-history":[{"count":1,"href":"https:\/\/digitogy.eu\/sv\/wp-json\/wp\/v2\/pages\/21143\/revisions"}],"predecessor-version":[{"id":21144,"href":"https:\/\/digitogy.eu\/sv\/wp-json\/wp\/v2\/pages\/21143\/revisions\/21144"}],"wp:attachment":[{"href":"https:\/\/digitogy.eu\/sv\/wp-json\/wp\/v2\/media?parent=21143"}],"wp:term":[{"taxonomy":"sgf-content-tag","embeddable":true,"href":"https:\/\/digitogy.eu\/sv\/wp-json\/wp\/v2\/sgf-content-tag?post=21143"},{"taxonomy":"sgf-seo-push","embeddable":true,"href":"https:\/\/digitogy.eu\/sv\/wp-json\/wp\/v2\/sgf-seo-push?post=21143"}],"curies":[{"name":"wp","href":"https:\/\/api.w.org\/{rel}","templated":true}]}}