{"id":21140,"date":"2020-10-14T09:24:49","date_gmt":"2020-10-14T08:24:49","guid":{"rendered":"https:\/\/digitogy.eu\/?page_id=21140"},"modified":"2023-07-28T02:29:40","modified_gmt":"2023-07-28T01:29:40","slug":"friskrivning","status":"publish","type":"page","link":"https:\/\/digitogy.eu\/sv\/friskrivning\/","title":{"rendered":"Friskrivning"},"content":{"rendered":"<p>Denna webbplats tillhandah\u00e5ller nyheter, guider, recensioner och information om prylar, h\u00e5rdvara, s\u00e4kerhetsprogramvara, integritetsverktyg, VPN-tj\u00e4nsteleverant\u00f6rer, osv., i god tro. M\u00e5let \u00e4r att h\u00e5lla dig uppdaterad om de senaste h\u00e4ndelserna inom branschen.<\/p>\n<p>V\u00e5rt expertteam har bevisad erfarenhet av att erbjuda ett brett utbud av tj\u00e4nster och l\u00f6sningar, men de erk\u00e4nner \u00e4mnet k\u00e4nslighet. Alla guider, recensioner, information och annat material \u00e4r avsedda endast f\u00f6r allm\u00e4n informations\u00e4ndam\u00e5l. Vi st\u00f6der inte, uppmuntrar eller fr\u00e4mjar n\u00e5gon kriminell eller olaglig verksamhet, avtalsbrott eller skada mot andra.<\/p>\n<p>Det \u00e4r viktigt att notera att dina handlingar \u00e4r ditt ansvar, och du b\u00f6r fatta egna beslut. Om du har n\u00e5gra fr\u00e5gor, tvivel eller funderingar om dina handlingar och deras konsekvenser, s\u00f6k juridisk r\u00e5dgivning.<\/p>\n<p>Tidvis kan andra individer bidra, posta eller kommentera p\u00e5 webbplatsen. Vi v\u00e4lkomnar bidrag, men vi ansvarar inte f\u00f6r synpunkterna eller inneh\u00e5llet som andra publicerar. Deras \u00e5sikter \u00e4r deras egna och representerar inte n\u00f6dv\u00e4ndigtvis v\u00e5r webbplats \u00e5sikter.<\/p>\n<p><em>\u00d6ppenhet: Denna webbplats kan inneh\u00e5lla affiliate-l\u00e4nkar som genererar en liten provision f\u00f6r oss, utan extra kostnad f\u00f6r dig. Vi rekommenderar endast produkter som vi personligen testar eller tror att v\u00e5ra l\u00e4sare kommer att finna anv\u00e4ndbara.<\/em><\/p>\n","protected":false},"excerpt":{"rendered":"<p>Denna webbplats tillhandah\u00e5ller nyheter, guider, recensioner och information om prylar, h\u00e5rdvara, s\u00e4kerhetsprogramvara, integritetsverktyg, VPN-tj\u00e4nsteleverant\u00f6rer, osv., i god tro. M\u00e5let \u00e4r att h\u00e5lla dig uppdaterad om de senaste h\u00e4ndelserna inom branschen. V\u00e5rt expertteam har bevisad erfarenhet av att erbjuda ett brett utbud av tj\u00e4nster och l\u00f6sningar, men de erk\u00e4nner \u00e4mnet k\u00e4nslighet. Alla guider, recensioner, information och [&hellip;]<\/p>\n","protected":false},"author":51,"featured_media":0,"parent":0,"menu_order":0,"comment_status":"closed","ping_status":"closed","template":"","meta":{"om_disable_all_campaigns":false,"footnotes":""},"sgf-content-tag":[472,476],"sgf-seo-push":[],"class_list":["post-21140","page","type-page","status-publish","hentry"],"yoast_head":"<!-- This site is optimized with the Yoast SEO plugin v24.9 - https:\/\/yoast.com\/wordpress\/plugins\/seo\/ -->\n<title>Friskrivning | Digitogy.eu<\/title>\n<meta name=\"description\" content=\"Denna webbplats tillhandah\u00e5ller nyheter, guider, recensioner och information om prylar, h\u00e5rdvara, s\u00e4kerhetsprogramvara, integritetsverktyg,\" \/>\n<meta name=\"robots\" content=\"index, follow, max-snippet:-1, max-image-preview:large, max-video-preview:-1\" \/>\n<link rel=\"canonical\" href=\"https:\/\/digitogy.eu\/sv\/friskrivning\/\" \/>\n<meta property=\"og:locale\" content=\"sv_SE\" \/>\n<meta property=\"og:type\" content=\"article\" \/>\n<meta property=\"og:title\" content=\"Friskrivning | Digitogy.eu\" \/>\n<meta property=\"og:description\" content=\"Denna webbplats tillhandah\u00e5ller nyheter, guider, recensioner och information om prylar, h\u00e5rdvara, s\u00e4kerhetsprogramvara, integritetsverktyg,\" \/>\n<meta property=\"og:url\" content=\"https:\/\/digitogy.eu\/sv\/friskrivning\/\" \/>\n<meta property=\"og:site_name\" content=\"Digitogy.eu\" \/>\n<meta property=\"article:modified_time\" content=\"2023-07-28T01:29:40+00:00\" \/>\n<meta name=\"twitter:card\" content=\"summary_large_image\" \/>\n<!-- \/ Yoast SEO plugin. -->","yoast_head_json":{"title":"Friskrivning | Digitogy.eu","description":"Denna webbplats tillhandah\u00e5ller nyheter, guider, recensioner och information om prylar, h\u00e5rdvara, s\u00e4kerhetsprogramvara, integritetsverktyg,","robots":{"index":"index","follow":"follow","max-snippet":"max-snippet:-1","max-image-preview":"max-image-preview:large","max-video-preview":"max-video-preview:-1"},"canonical":"https:\/\/digitogy.eu\/sv\/friskrivning\/","og_locale":"sv_SE","og_type":"article","og_title":"Friskrivning | Digitogy.eu","og_description":"Denna webbplats tillhandah\u00e5ller nyheter, guider, recensioner och information om prylar, h\u00e5rdvara, s\u00e4kerhetsprogramvara, integritetsverktyg,","og_url":"https:\/\/digitogy.eu\/sv\/friskrivning\/","og_site_name":"Digitogy.eu","article_modified_time":"2023-07-28T01:29:40+00:00","twitter_card":"summary_large_image","schema":{"@context":"https:\/\/schema.org","@graph":[{"@type":"WebPage","@id":"https:\/\/digitogy.eu\/sv\/friskrivning\/","url":"https:\/\/digitogy.eu\/sv\/friskrivning\/","name":"Friskrivning | Digitogy.eu","isPartOf":{"@id":"https:\/\/digitogy.eu\/sv\/#website"},"datePublished":"2020-10-14T08:24:49+00:00","dateModified":"2023-07-28T01:29:40+00:00","description":"Denna webbplats tillhandah\u00e5ller nyheter, guider, recensioner och information om prylar, h\u00e5rdvara, s\u00e4kerhetsprogramvara, integritetsverktyg,","breadcrumb":{"@id":"https:\/\/digitogy.eu\/sv\/friskrivning\/#breadcrumb"},"inLanguage":"sv-SE","potentialAction":[{"@type":"ReadAction","target":["https:\/\/digitogy.eu\/sv\/friskrivning\/"]}]},{"@type":"BreadcrumbList","@id":"https:\/\/digitogy.eu\/sv\/friskrivning\/#breadcrumb","itemListElement":[{"@type":"ListItem","position":1,"name":"Home","item":"https:\/\/digitogy.eu\/sv\/hem\/"},{"@type":"ListItem","position":2,"name":"Friskrivning"}]},{"@type":"WebSite","@id":"https:\/\/digitogy.eu\/sv\/#website","url":"https:\/\/digitogy.eu\/sv\/","name":"Digitogy.eu","description":"Digital Technology Magazine","publisher":{"@id":"https:\/\/digitogy.eu\/sv\/#organization"},"potentialAction":[{"@type":"SearchAction","target":{"@type":"EntryPoint","urlTemplate":"https:\/\/digitogy.eu\/sv\/?s={search_term_string}"},"query-input":{"@type":"PropertyValueSpecification","valueRequired":true,"valueName":"search_term_string"}}],"inLanguage":"sv-SE"},{"@type":"Organization","@id":"https:\/\/digitogy.eu\/sv\/#organization","name":"Digitogy.eu","url":"https:\/\/digitogy.eu\/sv\/","logo":{"@type":"ImageObject","inLanguage":"sv-SE","@id":"https:\/\/digitogy.eu\/sv\/#\/schema\/logo\/image\/","url":"https:\/\/digitogy.eu\/wp-content\/uploads\/2019\/11\/digitogy.png","contentUrl":"https:\/\/digitogy.eu\/wp-content\/uploads\/2019\/11\/digitogy.png","width":150,"height":42,"caption":"Digitogy.eu"},"image":{"@id":"https:\/\/digitogy.eu\/sv\/#\/schema\/logo\/image\/"}}]}},"_links":{"self":[{"href":"https:\/\/digitogy.eu\/sv\/wp-json\/wp\/v2\/pages\/21140","targetHints":{"allow":["GET"]}}],"collection":[{"href":"https:\/\/digitogy.eu\/sv\/wp-json\/wp\/v2\/pages"}],"about":[{"href":"https:\/\/digitogy.eu\/sv\/wp-json\/wp\/v2\/types\/page"}],"author":[{"embeddable":true,"href":"https:\/\/digitogy.eu\/sv\/wp-json\/wp\/v2\/users\/51"}],"replies":[{"embeddable":true,"href":"https:\/\/digitogy.eu\/sv\/wp-json\/wp\/v2\/comments?post=21140"}],"version-history":[{"count":2,"href":"https:\/\/digitogy.eu\/sv\/wp-json\/wp\/v2\/pages\/21140\/revisions"}],"predecessor-version":[{"id":47093,"href":"https:\/\/digitogy.eu\/sv\/wp-json\/wp\/v2\/pages\/21140\/revisions\/47093"}],"wp:attachment":[{"href":"https:\/\/digitogy.eu\/sv\/wp-json\/wp\/v2\/media?parent=21140"}],"wp:term":[{"taxonomy":"sgf-content-tag","embeddable":true,"href":"https:\/\/digitogy.eu\/sv\/wp-json\/wp\/v2\/sgf-content-tag?post=21140"},{"taxonomy":"sgf-seo-push","embeddable":true,"href":"https:\/\/digitogy.eu\/sv\/wp-json\/wp\/v2\/sgf-seo-push?post=21140"}],"curies":[{"name":"wp","href":"https:\/\/api.w.org\/{rel}","templated":true}]}}