{"id":21134,"date":"2020-10-14T09:18:07","date_gmt":"2020-10-14T08:18:07","guid":{"rendered":"https:\/\/digitogy.eu\/?page_id=21134"},"modified":"2023-07-28T02:28:20","modified_gmt":"2023-07-28T01:28:20","slug":"integritetspolicy","status":"publish","type":"page","link":"https:\/\/digitogy.eu\/sv\/integritetspolicy\/","title":{"rendered":"Integritetspolicy"},"content":{"rendered":"<p>Denna webbplats integritetspolicy beskriver hur <a href=\"https:\/\/digitogy.eu\/sv\/\">Digitogy.eu<\/a> skyddar och anv\u00e4nder den information du ger f\u00f6retaget n\u00e4r du anv\u00e4nder denna webbplats.<\/p>\n<p>Om du ombeds att l\u00e4mna information n\u00e4r du anv\u00e4nder denna webbplats kommer den endast att anv\u00e4ndas p\u00e5 de s\u00e4tt som beskrivs i denna integritetspolicy.<\/p>\n<p>Denna policy uppdateras d\u00e5 och d\u00e5. Den senaste versionen publiceras p\u00e5 denna sida.<\/p>\n<p>Denna webbplats sekretesspolicy uppdaterades den: <strong>10\/10\/2019<\/strong><\/p>\n<p>Om du har n\u00e5gra fr\u00e5gor om denna policy, v\u00e4nligen maila <a href=\"info@digitogy.eu\" target=\"_blank\" rel=\"noopener nofollow noreferrer\">info@digitogy.eu.<\/a><\/p>\n<h2>Introduktion<\/h2>\n<p>Vi samlar in och anv\u00e4nder viss information om individer f\u00f6r att tillhandah\u00e5lla produkter och tj\u00e4nster och f\u00f6r att aktivera vissa funktioner p\u00e5 denna webbplats.<\/p>\n<p>Vi samlar ocks\u00e5 in information f\u00f6r att b\u00e4ttre f\u00f6rst\u00e5 hur bes\u00f6kare anv\u00e4nder denna webbplats och f\u00f6r att presentera relevant information i r\u00e4tt tid f\u00f6r dem.<\/p>\n<h2>Vilken data vi samlar in<\/h2>\n<p>Vi kan samla in f\u00f6ljande information:<\/p>\n<ul>\n<li>Namn och jobbtitel<\/li>\n<li>Kontaktinformation inklusive e-postadress<\/li>\n<li>Demografisk information, s\u00e5som postnummer, preferenser och intressen<\/li>\n<li>Anv\u00e4ndningsdata f\u00f6r webbplatsen<\/li>\n<li>Annan information relevant f\u00f6r kundf\u00f6rfr\u00e5gningar<\/li>\n<li>\u00d6vrig information om specialerbjudanden och unders\u00f6kningar<\/li>\n<\/ul>\n<h2>Hur vi anv\u00e4nder dessa uppgifter<\/h2>\n<p>Att samla in denna data hj\u00e4lper oss att f\u00f6rst\u00e5 vad du s\u00f6ker fr\u00e5n f\u00f6retaget, vilket g\u00f6r det m\u00f6jligt f\u00f6r oss att leverera f\u00f6rb\u00e4ttrade produkter och tj\u00e4nster.<\/p>\n<p>Specifikt kan vi anv\u00e4nda data:<\/p>\n<ul>\n<li>F\u00f6r v\u00e5ra egna interna register.<\/li>\n<li>F\u00f6r att f\u00f6rb\u00e4ttra de produkter och tj\u00e4nster vi tillhandah\u00e5ller.<\/li>\n<li>F\u00f6r att kontakta dig som svar p\u00e5 en specifik f\u00f6rfr\u00e5gan.<\/li>\n<li>F\u00f6r att anpassa webbplatsen f\u00f6r dig.<\/li>\n<li>F\u00f6r att skicka reklammejl till dig om produkter, tj\u00e4nster, erbjudanden och andra saker som vi tror kan vara relevanta f\u00f6r dig.<\/li>\n<li>F\u00f6r att skicka reklamutskick till dig eller f\u00f6r att ringa dig om produkter, tj\u00e4nster, erbjudanden och annat som vi tror kan vara relevant f\u00f6r dig.<\/li>\n<li>F\u00f6r att kontakta dig via e-post, telefon eller post f\u00f6r marknadsunders\u00f6kningssk\u00e4l.<\/li>\n<\/ul>\n<h2>Kontrollerande information om dig<\/h2>\n<p>N\u00e4r du fyller i ett formul\u00e4r eller l\u00e4mnar dina uppgifter p\u00e5 v\u00e5r webbplats kommer du att se en eller flera kryssrutor som l\u00e5ter dig:<\/p>\n<ul>\n<li>V\u00e4lj att ta emot marknadsf\u00f6ringskommunikation fr\u00e5n oss via e-post, telefon, sms eller post.<\/li>\n<\/ul>\n<ul>\n<li>V\u00e4lj att ta emot marknadsf\u00f6ringskommunikation fr\u00e5n v\u00e5ra tredjepartspartners via e-post, telefon, sms eller post.<\/li>\n<\/ul>\n<p>Om du har samtyckt till att vi kan anv\u00e4nda din information i marknadsf\u00f6ringssyfte kan du enkelt \u00e4ndra dig, via ett e-postmeddelande till <a href=\"mailto:info@digitogy.eu\" target=\"_blank\" rel=\"noopener nofollow noreferrer\">info@digitogy.eu<\/a>.<\/p>\n<p>Vi kommer aldrig att leasa ut, distribuera eller s\u00e4lja din personliga information till tredje part om vi inte har ditt tillst\u00e5nd eller lagen kr\u00e4ver att vi g\u00f6r det.<\/p>\n<p>All personlig information vi har om dig lagras och behandlas enligt v\u00e5r dataskyddspolicy, i enlighet med Data Protection Act 1998.<\/p>\n<h2>Cookies och hur vi anv\u00e4nder dem<\/h2>\n<h3>Vad \u00e4r en Cookies?<\/h3>\n<p>En cookie \u00e4r en liten fil som placeras p\u00e5 din dators h\u00e5rddisk. Det g\u00f6r det m\u00f6jligt f\u00f6r v\u00e5r webbplats att identifiera din dator n\u00e4r du tittar p\u00e5 olika sidor p\u00e5 v\u00e5r webbplats.<\/p>\n<p>Cookies till\u00e5ter webbplatser och applikationer att lagra dina preferenser f\u00f6r att presentera inneh\u00e5ll, alternativ eller funktioner som \u00e4r specifika f\u00f6r dig. De g\u00f6r det ocks\u00e5 m\u00f6jligt f\u00f6r oss att se information som hur m\u00e5nga personer som anv\u00e4nder webbplatsen och vilka sidor de brukar bes\u00f6ka.<\/p>\n<h3>Hur vi anv\u00e4nder cookies?<\/h3>\n<p>Vi kan anv\u00e4nda cookies f\u00f6r att:<\/p>\n<ul>\n<li><strong>Analysera v\u00e5r webbtrafik med hj\u00e4lp av ett analyspaket.<\/strong> Aggregerad anv\u00e4ndningsdata hj\u00e4lper oss att f\u00f6rb\u00e4ttra webbplatsens struktur, design, inneh\u00e5ll och funktioner.<\/li>\n<li><strong>Identifiera om du \u00e4r inloggad p\u00e5 v\u00e5r webbplats. <\/strong>En cookie l\u00e5ter oss kontrollera om du \u00e4r inloggad p\u00e5 webbplatsen.<\/li>\n<li><strong>Testa inneh\u00e5llet p\u00e5 v\u00e5r webbplats. <\/strong>Till exempel kan 50 % av v\u00e5ra anv\u00e4ndare se ett inneh\u00e5ll, de andra 50 % ett annat inneh\u00e5ll.<\/li>\n<li><strong>Lagra information om dina preferenser.<\/strong> Webbplatsen kan d\u00e5 presentera information som du kommer att finna mer relevant och intressant.<\/li>\n<li><strong>F\u00f6r att k\u00e4nna igen n\u00e4r du \u00e5terv\u00e4nder till v\u00e5r webbplats.<\/strong>Vi kan visa ditt relevanta inneh\u00e5ll eller tillhandah\u00e5lla funktioner som du anv\u00e4nt tidigare.<\/li>\n<\/ul>\n<p>Cookies ger oss inte \u00e5tkomst till din dator eller annan information om dig, f\u00f6rutom den som du v\u00e4ljer att dela med oss.<\/p>\n<h3>Kontrollerande cookies<\/h3>\n<p>Du kan anv\u00e4nda din webbl\u00e4sares cookieinst\u00e4llningar f\u00f6r att avg\u00f6ra hur v\u00e5r webbplats anv\u00e4nder cookies. Om du inte vill att v\u00e5r webbplats ska lagra cookies p\u00e5 din dator eller enhet b\u00f6r du st\u00e4lla in din webbl\u00e4sare p\u00e5 att v\u00e4gra cookies.<\/p>\n<p>Observera dock att detta kan p\u00e5verka hur v\u00e5r webbplats fungerar. Vissa sidor och tj\u00e4nster kan bli otillg\u00e4ngliga f\u00f6r dig.<\/p>\n<p>S\u00e5vida du inte har \u00e4ndrat din webbl\u00e4sare f\u00f6r att v\u00e4gra cookies kommer v\u00e5r webbplats att skicka ut cookies n\u00e4r du bes\u00f6ker den.<\/p>\n<h2>S\u00e4kerhet<\/h2>\n<p>Vi kommer alltid att h\u00e5lla din information s\u00e4kert.<\/p>\n<p>F\u00f6r att f\u00f6rhindra obeh\u00f6rigt avsl\u00f6jande eller \u00e5tkomst till din information har vi implementerat starka fysiska och elektroniska s\u00e4kerhets\u00e5tg\u00e4rder.<\/p>\n<p>Vi f\u00f6ljer ocks\u00e5 strikta rutiner f\u00f6r att s\u00e4kerst\u00e4lla att vi arbetar med alla personuppgifter i enlighet med Data Protection Act 1998.<\/p>\n<h2>L\u00e4nkar fr\u00e5n v\u00e5r sida<\/h2>\n<p>V\u00e5r webbplats kan inneh\u00e5lla l\u00e4nkar till andra webbplatser.<\/p>\n<p>Observera att vi inte har n\u00e5gon kontroll \u00f6ver webbplatser utanf\u00f6r dom\u00e4nen <a href=\"http:\/\/digitigy.eu\/sv\">Digitogy.eu<\/a>. Om du l\u00e4mnar information till en webbplats som vi l\u00e4nkar till \u00e4r vi inte ansvariga f\u00f6r dess skydd och integritet.<\/p>\n<p>Var alltid f\u00f6rsiktig n\u00e4r du skickar data till webbplatser. L\u00e4s webbplatsens dataskydds- och integritetspolicy fullst\u00e4ndigt.<\/p>\n","protected":false},"excerpt":{"rendered":"<p>Denna webbplats integritetspolicy beskriver hur Digitogy.eu skyddar och anv\u00e4nder den information du ger f\u00f6retaget n\u00e4r du anv\u00e4nder denna webbplats. Om du ombeds att l\u00e4mna information n\u00e4r du anv\u00e4nder denna webbplats kommer den endast att anv\u00e4ndas p\u00e5 de s\u00e4tt som beskrivs i denna integritetspolicy. Denna policy uppdateras d\u00e5 och d\u00e5. Den senaste versionen publiceras p\u00e5 denna [&hellip;]<\/p>\n","protected":false},"author":51,"featured_media":0,"parent":0,"menu_order":0,"comment_status":"closed","ping_status":"closed","template":"","meta":{"om_disable_all_campaigns":false,"footnotes":""},"sgf-content-tag":[472,475],"sgf-seo-push":[],"class_list":["post-21134","page","type-page","status-publish","hentry"],"yoast_head":"<!-- This site is optimized with the Yoast SEO plugin v24.9 - https:\/\/yoast.com\/wordpress\/plugins\/seo\/ -->\n<title>Integritetspolicy | Digitogy.eu<\/title>\n<meta name=\"description\" content=\"Denna webbplats integritetspolicy beskriver hur Digitogy.eu skyddar och anv\u00e4nder den information du ger f\u00f6retaget n\u00e4r du anv\u00e4nder denna webbplats. Om du\" \/>\n<meta name=\"robots\" content=\"index, follow, max-snippet:-1, max-image-preview:large, max-video-preview:-1\" \/>\n<link rel=\"canonical\" href=\"https:\/\/digitogy.eu\/sv\/integritetspolicy\/\" \/>\n<meta property=\"og:locale\" content=\"sv_SE\" \/>\n<meta property=\"og:type\" content=\"article\" \/>\n<meta property=\"og:title\" content=\"Integritetspolicy | Digitogy.eu\" \/>\n<meta property=\"og:description\" content=\"Denna webbplats integritetspolicy beskriver hur Digitogy.eu skyddar och anv\u00e4nder den information du ger f\u00f6retaget n\u00e4r du anv\u00e4nder denna webbplats. Om du\" \/>\n<meta property=\"og:url\" content=\"https:\/\/digitogy.eu\/sv\/integritetspolicy\/\" \/>\n<meta property=\"og:site_name\" content=\"Digitogy.eu\" \/>\n<meta property=\"article:modified_time\" content=\"2023-07-28T01:28:20+00:00\" \/>\n<meta name=\"twitter:card\" content=\"summary_large_image\" \/>\n<!-- \/ Yoast SEO plugin. -->","yoast_head_json":{"title":"Integritetspolicy | Digitogy.eu","description":"Denna webbplats integritetspolicy beskriver hur Digitogy.eu skyddar och anv\u00e4nder den information du ger f\u00f6retaget n\u00e4r du anv\u00e4nder denna webbplats. Om du","robots":{"index":"index","follow":"follow","max-snippet":"max-snippet:-1","max-image-preview":"max-image-preview:large","max-video-preview":"max-video-preview:-1"},"canonical":"https:\/\/digitogy.eu\/sv\/integritetspolicy\/","og_locale":"sv_SE","og_type":"article","og_title":"Integritetspolicy | Digitogy.eu","og_description":"Denna webbplats integritetspolicy beskriver hur Digitogy.eu skyddar och anv\u00e4nder den information du ger f\u00f6retaget n\u00e4r du anv\u00e4nder denna webbplats. Om du","og_url":"https:\/\/digitogy.eu\/sv\/integritetspolicy\/","og_site_name":"Digitogy.eu","article_modified_time":"2023-07-28T01:28:20+00:00","twitter_card":"summary_large_image","schema":{"@context":"https:\/\/schema.org","@graph":[{"@type":"WebPage","@id":"https:\/\/digitogy.eu\/sv\/integritetspolicy\/","url":"https:\/\/digitogy.eu\/sv\/integritetspolicy\/","name":"Integritetspolicy | Digitogy.eu","isPartOf":{"@id":"https:\/\/digitogy.eu\/sv\/#website"},"datePublished":"2020-10-14T08:18:07+00:00","dateModified":"2023-07-28T01:28:20+00:00","description":"Denna webbplats integritetspolicy beskriver hur Digitogy.eu skyddar och anv\u00e4nder den information du ger f\u00f6retaget n\u00e4r du anv\u00e4nder denna webbplats. Om du","breadcrumb":{"@id":"https:\/\/digitogy.eu\/sv\/integritetspolicy\/#breadcrumb"},"inLanguage":"sv-SE","potentialAction":[{"@type":"ReadAction","target":["https:\/\/digitogy.eu\/sv\/integritetspolicy\/"]}]},{"@type":"BreadcrumbList","@id":"https:\/\/digitogy.eu\/sv\/integritetspolicy\/#breadcrumb","itemListElement":[{"@type":"ListItem","position":1,"name":"Home","item":"https:\/\/digitogy.eu\/sv\/hem\/"},{"@type":"ListItem","position":2,"name":"Integritetspolicy"}]},{"@type":"WebSite","@id":"https:\/\/digitogy.eu\/sv\/#website","url":"https:\/\/digitogy.eu\/sv\/","name":"Digitogy.eu","description":"Digital Technology Magazine","publisher":{"@id":"https:\/\/digitogy.eu\/sv\/#organization"},"potentialAction":[{"@type":"SearchAction","target":{"@type":"EntryPoint","urlTemplate":"https:\/\/digitogy.eu\/sv\/?s={search_term_string}"},"query-input":{"@type":"PropertyValueSpecification","valueRequired":true,"valueName":"search_term_string"}}],"inLanguage":"sv-SE"},{"@type":"Organization","@id":"https:\/\/digitogy.eu\/sv\/#organization","name":"Digitogy.eu","url":"https:\/\/digitogy.eu\/sv\/","logo":{"@type":"ImageObject","inLanguage":"sv-SE","@id":"https:\/\/digitogy.eu\/sv\/#\/schema\/logo\/image\/","url":"https:\/\/digitogy.eu\/wp-content\/uploads\/2019\/11\/digitogy.png","contentUrl":"https:\/\/digitogy.eu\/wp-content\/uploads\/2019\/11\/digitogy.png","width":150,"height":42,"caption":"Digitogy.eu"},"image":{"@id":"https:\/\/digitogy.eu\/sv\/#\/schema\/logo\/image\/"}}]}},"_links":{"self":[{"href":"https:\/\/digitogy.eu\/sv\/wp-json\/wp\/v2\/pages\/21134","targetHints":{"allow":["GET"]}}],"collection":[{"href":"https:\/\/digitogy.eu\/sv\/wp-json\/wp\/v2\/pages"}],"about":[{"href":"https:\/\/digitogy.eu\/sv\/wp-json\/wp\/v2\/types\/page"}],"author":[{"embeddable":true,"href":"https:\/\/digitogy.eu\/sv\/wp-json\/wp\/v2\/users\/51"}],"replies":[{"embeddable":true,"href":"https:\/\/digitogy.eu\/sv\/wp-json\/wp\/v2\/comments?post=21134"}],"version-history":[{"count":4,"href":"https:\/\/digitogy.eu\/sv\/wp-json\/wp\/v2\/pages\/21134\/revisions"}],"predecessor-version":[{"id":47092,"href":"https:\/\/digitogy.eu\/sv\/wp-json\/wp\/v2\/pages\/21134\/revisions\/47092"}],"wp:attachment":[{"href":"https:\/\/digitogy.eu\/sv\/wp-json\/wp\/v2\/media?parent=21134"}],"wp:term":[{"taxonomy":"sgf-content-tag","embeddable":true,"href":"https:\/\/digitogy.eu\/sv\/wp-json\/wp\/v2\/sgf-content-tag?post=21134"},{"taxonomy":"sgf-seo-push","embeddable":true,"href":"https:\/\/digitogy.eu\/sv\/wp-json\/wp\/v2\/sgf-seo-push?post=21134"}],"curies":[{"name":"wp","href":"https:\/\/api.w.org\/{rel}","templated":true}]}}