{"id":20145,"date":"2020-09-24T12:03:50","date_gmt":"2020-09-24T11:03:50","guid":{"rendered":"https:\/\/digitogy.eu\/?page_id=20145"},"modified":"2023-08-07T05:19:48","modified_gmt":"2023-08-07T04:19:48","slug":"om-oss","status":"publish","type":"page","link":"https:\/\/digitogy.eu\/sv\/om-oss\/","title":{"rendered":"Om oss"},"content":{"rendered":"<p>V\u00e4lkommen till <a href=\"https:\/\/digitogy.eu\/sv\/\">Digitogy.eu<\/a>, din ultimata destination f\u00f6r insiktsfulla recensioner av tekniska produkter som kan f\u00f6rb\u00e4ttra din livsstil. Fr\u00e5n arbetsrelaterade IT-prylar till tekniska produkter f\u00f6r fritid, vi t\u00e4cker allt.<\/p>\n<p>P\u00e5 Digitogy.eu f\u00f6rst\u00e5r vi komplexiteten hos tekniska produkter och str\u00e4var efter att f\u00f6renkla informationen f\u00f6r dig. V\u00e5r mission \u00e4r att hj\u00e4lpa dig att navigera genom den st\u00e4ndigt v\u00e4xande teknikv\u00e4rlden, skydda dig fr\u00e5n felaktig information och potentiella hot.<\/p>\n<p>Med rigor\u00f6sa tester och opartiska bed\u00f6mningar ser vi till att du f\u00e5r en tydlig och \u00e4rlig utv\u00e4rdering av varje produkts verkliga v\u00e4rde. R\u00e4kna med oss som din p\u00e5litliga tekniska f\u00f6ljeslagare p\u00e5 denna sp\u00e4nnande resa!<\/p>\n<h2>Grundande och Tidiga Dagar<\/h2>\n<p>Digitogy.eu kom till existens \u00e5r 2020 n\u00e4r en grupp teknikentusiaster ins\u00e5g behovet av en plattform som kunde \u00f6verbrygga klyftan mellan konsumenter och den st\u00e4ndigt f\u00f6r\u00e4nderliga v\u00e4rlden av teknologi.<\/p>\n<p>Deras vision var att skapa en plats d\u00e4r m\u00e4nniskor kunde f\u00e5 tillg\u00e5ng till \u00e4rliga, opartiska recensioner och v\u00e4rdefulla rekommendationer f\u00f6r olika gadgets, elektronik och digitala innovationer.<\/p>\n<p>I de tidiga dagarna st\u00e4lldes teamet inf\u00f6r flera utmaningar. Med begr\u00e4nsade resurser och en konkurrensutsatt marknad var det inte l\u00e4tt att f\u00e5 f\u00e4ste och etablera trov\u00e4rdighet.<\/p>\n<p>Men deras passion f\u00f6r teknik och dedikation till att leverera h\u00f6gkvalitativt inneh\u00e5ll h\u00f6ll dem ig\u00e5ng. De arbetade outtr\u00f6ttligt f\u00f6r att bygga en grund som s\u00e5 sm\u00e5ningom skulle bli en p\u00e5litlig resurs f\u00f6r teknikentusiaster v\u00e4rlden \u00f6ver.<\/p>\n<h2>Tillv\u00e4xt och Utveckling<\/h2>\n<p>Sedan starten har digitogy.eu upplevt enast\u00e5ende tillv\u00e4xt och utveckling. Webbplatsens engagemang f\u00f6r excellens ledde till en \u00f6kande m\u00e4ngd l\u00e4sare, och n\u00e4r gemenskapen v\u00e4xte, \u00f6kade ocks\u00e5 m\u00e5ngfalden av inneh\u00e5ll.<\/p>\n<p>Fr\u00e5n djupg\u00e5ende recensioner av de senaste smarttelefonerna till omfattande k\u00f6pguider f\u00f6r smarta hem-enheter, utvidgade webbplatsen sina inneh\u00e5llskategorier f\u00f6r att tillgodose olika teknikintressen.<\/p>\n<p>En av de stora v\u00e4ndpunkterna i digitogy.eu:s resa var integrationen av anv\u00e4ndarfeedback. De lyssnade aktivt p\u00e5 sin publik och anv\u00e4nde denna v\u00e4rdefulla input f\u00f6r att f\u00f6rb\u00e4ttra sitt inneh\u00e5ll, design och anv\u00e4ndarupplevelse.<\/p>\n<p>Denna lyh\u00f6rda approach f\u00f6rb\u00e4ttrade betydligt webbplatsens attraktivitet och bef\u00e4ste dess position som en p\u00e5litlig k\u00e4lla till teknikinformation.<\/p>\n<h2>Gemenskap och P\u00e5verkan<\/h2>\n<p>Genom \u00e5ren har digitogy.eu lyckats bygga upp en blomstrande gemenskap av teknikentusiaster, tidiga adoptanter och nyfikna sinnen.<\/p>\n<p>Webbplatsens interaktiva natur m\u00f6jliggjorde f\u00f6r l\u00e4sarna att delta i diskussioner, dela sina erfarenheter och l\u00e4ra av varandra. Denna k\u00e4nsla av gemenskap fr\u00e4mjade en djupare koppling mellan webbplatsen och dess publik.<\/p>\n<p>P\u00e5verkan av digitogy.eu p\u00e5 sina l\u00e4sares liv har varit djupg\u00e5ende. M\u00e5nga anv\u00e4ndare har delat ber\u00e4ttelser om framg\u00e5ngsrikt genomf\u00f6rande av intj\u00e4ningsstrategier baserade p\u00e5 webbplatsens insikter, vilket har lett till ekonomisk befogenhet.<\/p>\n<p>Dessutom har webbplatsens objektiva och opartiska tillv\u00e4gag\u00e5ngss\u00e4tt vid produkterecensioner r\u00e4ddat l\u00e4sare fr\u00e5n att g\u00f6ra beklagliga ink\u00f6p och hj\u00e4lpt dem att fatta v\u00e4lgrundade beslut.<\/p>\n<h2>Bidragsgivare och Team<\/h2>\n<p>All denna tillv\u00e4xt och framg\u00e5ng hade inte varit m\u00f6jlig utan de outtr\u00f6ttliga anstr\u00e4ngningarna fr\u00e5n bidragsgivarna och teamet bakom digitogy.eu. Deras passion f\u00f6r teknik och engagemang f\u00f6r att leverera korrekt och aktuell information har varit den drivande kraften bakom webbplatsens prestationer.<\/p>\n<h3>V\u00e5ra skribenter<\/h3>\n<p>M\u00f6t v\u00e5rt engagerade team av skribenter som passionerat ger liv \u00e5t id\u00e9er och levererar autentiska anv\u00e4ndarupplevelser till v\u00e5ra \u00e4lskade l\u00e4sare.<\/p>\n<p>Med ett gemensamt m\u00e5l str\u00e4var varje skribent efter att presentera exakt information i en f\u00e5ngande och njutbar stil. <strong>V\u00e5r vision \u00e4r en v\u00e4rld d\u00e4r onlinekunder kan handla med orubbligt f\u00f6rtroende<\/strong>, med vetskapen om att de kan lita p\u00e5 p\u00e5litligheten hos skribenter som v\u00e5rt exceptionella team.<\/p>\n\t\t\t<style>.authors-list-cols-dir-horizontal .authors-list-col{display:block;float:left;margin-right:3.42%}.authors-list-cols-dir-horizontal .authors-list-col-1{width:5.198%}.authors-list-cols-dir-horizontal .authors-list-col-2{width:13.81%}.authors-list-cols-dir-horizontal .authors-list-col-3{width:22.43%}.authors-list-cols-dir-horizontal .authors-list-col-4{width:31.05%}.authors-list-cols-dir-horizontal .authors-list-col-5{width:39.67%}.authors-list-cols-dir-horizontal .authors-list-col-6{width:48.29%}.authors-list-cols-dir-horizontal .authors-list-col-7{width:56.9%}.authors-list-cols-dir-horizontal .authors-list-col-8{width:65.52%}.authors-list-cols-dir-horizontal .authors-list-col-9{width:74.14%}.authors-list-cols-dir-horizontal .authors-list-col-10{width:82.76%}.authors-list-cols-dir-horizontal .authors-list-col-11{width:91.38%}.authors-list-cols-dir-horizontal .authors-list-col-12{width:100%}.authors-list-cols-dir-horizontal .authors-list-col-last{margin-right:0}.authors-list-cols-dir-horizontal .authors-list-col-first{clear:both}.authors-list-cols-dir-horizontal.authors-list-cols-2 .authors-list-col:nth-child(2n){margin-right:0}.authors-list-cols-dir-horizontal.authors-list-cols-2 .authors-list-col:nth-child(2n+1){clear:both}.authors-list-cols-dir-horizontal.authors-list-cols-3 .authors-list-col:nth-child(3n){margin-right:0}.authors-list-cols-dir-horizontal.authors-list-cols-3 .authors-list-col:nth-child(3n+1){clear:both}.authors-list-cols-dir-horizontal.authors-list-cols-4 .authors-list-col:nth-child(4n){margin-right:0}.authors-list-cols-dir-horizontal.authors-list-cols-4 .authors-list-col:nth-child(4n+1){clear:both}.authors-list-cols-dir-vertical{column-gap:3.42%}.authors-list-cols-dir-vertical.authors-list-cols-2{column-count:2}.authors-list-cols-dir-vertical.authors-list-cols-3{column-count:3}.authors-list-cols-dir-vertical.authors-list-cols-3{column-count:3}.authors-list-cols-dir-vertical.authors-list-cols-4{column-count:4}.authors-list-clearfix:after,.authors-list-clearfix:before{content:\" \";display:table}.authors-list-clearfix:after{clear:both}.authors-list-item{margin-bottom:30px;position:relative}.authors-list-cols-dir-vertical .authors-list-item{break-inside:avoid-column;page-break-inside:avoid}.authors-list-item-thumbnail{margin-bottom:20px;position:relative}.authors-list-item-thumbnail a,.authors-list-item-thumbnail img{display:block;position:relative;border:0}.authors-list-item-thumbnail img{max-width:100%;height:auto;border-radius:inherit;}.authors-list-item-title{font-size:22px;font-weight:700;margin-bottom:5px}.authors-list-item-title a{color:inherit}.authors-list-item-subtitle{margin-bottom:5px;font-size:80%}.authors-list-item-social{margin-bottom:10px}.authors-list-item-social a{font-size:15px;margin-right:5px;text-decoration:none}.authors-list-item-social svg{width:15px}.authors-list-item-social-facebook{fill:#3b5998}.authors-list-item-social-instagram{fill:#405de6}.authors-list-item-social-linkedin{fill:#0077b5}.authors-list-item-social-pinterest{fill:#bd081c}.authors-list-item-social-tumblr{fill:#35465c}.authors-list-item-social-twitter{fill:#1da1f2}.authors-list-item-social-youtube{fill:red}.authors-list-item-social-tiktok{fill:#1e3050}.authors-list-item-excerpt{margin-bottom:10px}.authors-list-items-s2 .authors-list-item-main{position:absolute;bottom:0;left:0;right:0;padding:30px;color:#fff;background:rgba(0,0,0,.3)}.authors-list-items-s2 .authors-list-item-thumbnail{margin-bottom:0}.authors-list-items-s2 .authors-list-item-title{color:inherit}.authors-list-items-s2 .authors-list-item-link{color:inherit}.authors-list-items-s3 .authors-list-item-thumbnail{margin-bottom:0}.authors-list-items-s3 .authors-list-item-main{position:absolute;bottom:0;left:0;right:0;top:0;padding:30px;opacity:0;transform:scale(0);transition:all .3s;background:#fff;border:2px solid #eee}.authors-list-items-s3 .authors-list-item:hover .authors-list-item-main{opacity:1;transform:scale(1)}.authors-list-items-s4 .authors-list-item-thumbnail{float:left;margin-right:20px;width:25%}.authors-list-item-s4 .authors-list-item-main{overflow:hidden}.author-list-item-after-avatar,.author-list-item-after-bio,.author-list-item-after-count,.author-list-item-after-link,.author-list-item-after-title,.author-list-item-before-avatar,.author-list-item-before-bio,.author-list-item-before-count,.author-list-item-before-link,.author-list-item-before-title{margin-bottom:5px}@media only screen and (max-width:767px){.authors-list-cols-dir-horizontal .authors-list-col{width:100%;margin-right:0!important}.authors-list-cols-dir-vertical{column-count:1!important}}.authors-list-pagination{text-align:center}.authors-list-pagination li{display:inline-block;margin:0 2px}.authors-list-pagination li a,.authors-list-pagination li>span{display:inline-block;border:1px solid rgba(0,0,0,.2);padding:10px;line-height:1}<\/style>\n\t\t\t\t\t\t<div class=\"authors-list-items authors-list-items-s3 authors-list-clearfix authors-list-cols-3 authors-list-cols-dir-horizontal \">\n\t\t\t\n\t\t<div class=\"authors-list-item authors-list-item-clearfix authors-list-col authors-list-col-4\">\n\n\t\t\t\t\t\t\t<div class=\"authors-list-item-thumbnail\">\n\t\t\t\t\t\n\t\t\t\t\t<a href=\"https:\/\/digitogy.eu\/sv\/author\/jemima\/\" class=\"author-list-item-avatar\">\n\t\t\t\t\t\t\t\t\t\t\t\t\t<img alt='Jemima' src='https:\/\/digitogy.eu\/wp-content\/uploads\/2022\/05\/Jemima-200x200-1-500x500.jpg' srcset='https:\/\/digitogy.eu\/wp-content\/uploads\/2022\/05\/Jemima-200x200-1-1000x1000.jpg 2x' class='avatar avatar-500 photo' height='500' width='500' \/>\t\t\t\t\t\t\t\t\t\t\t<\/a>\n\n\t\t\t\t\t\t\t\t\t<\/div><!-- .team-item-thumbnail -->\n\t\t\t\n\t\t\t<div class=\"authors-list-item-main\">\n\n\t\t\t\t\n\t\t\t\t\t\t\t\t\t<div class=\"authors-list-item-title\">\n\t\t\t\t\t\t<a href=\"https:\/\/digitogy.eu\/sv\/author\/jemima\/\">Jemima<\/a>\n\t\t\t\t\t<\/div>\n\t\t\t\t\n\t\t\t\t\n\t\t\t\t\n\t\t\t\t\t\t\t\t\t\t\t\t\t\t<div class=\"authors-list-item-subtitle\">58 posts<\/div>\n\t\t\t\t\n\t\t\t\t\n\t\t\t\t\n\t\t\t\t\n\t\t\t\t\n\t\t\t\t\n\t\t\t\t\t\t\t\t\t\t\t\t\t\t<a href=\"https:\/\/digitogy.eu\/sv\/author\/jemima\/\" class=\"authors-list-item-link\" aria-label=\" - Visa inl\u00e4gg &rarr;\">Visa inl\u00e4gg &rarr;<\/a>\n\t\t\t\t\n\t\t\t\t\n\t\t\t<\/div><!-- .team-item-main -->\n\n\t\t<\/div><!-- .authors-list-item -->\n\n\t\t\n\t\t\t<span class=\"spinner\">\n\t\t\t\t<span class=\"spin\">\n\t\t\t\t\t<svg xmlns=\"http:\/\/www.w3.org\/2000\/svg\" viewBox=\"0 0 512 512\">\n\t\t\t\t\t\t<path d=\"M304 48C304 74.51 282.5 96 256 96C229.5 96 208 74.51 208 48C208 21.49 229.5 0 256 0C282.5 0 304 21.49 304 48zM304 464C304 490.5 282.5 512 256 512C229.5 512 208 490.5 208 464C208 437.5 229.5 416 256 416C282.5 416 304 437.5 304 464zM0 256C0 229.5 21.49 208 48 208C74.51 208 96 229.5 96 256C96 282.5 74.51 304 48 304C21.49 304 0 282.5 0 256zM512 256C512 282.5 490.5 304 464 304C437.5 304 416 282.5 416 256C416 229.5 437.5 208 464 208C490.5 208 512 229.5 512 256zM74.98 437C56.23 418.3 56.23 387.9 74.98 369.1C93.73 350.4 124.1 350.4 142.9 369.1C161.6 387.9 161.6 418.3 142.9 437C124.1 455.8 93.73 455.8 74.98 437V437zM142.9 142.9C124.1 161.6 93.73 161.6 74.98 142.9C56.24 124.1 56.24 93.73 74.98 74.98C93.73 56.23 124.1 56.23 142.9 74.98C161.6 93.73 161.6 124.1 142.9 142.9zM369.1 369.1C387.9 350.4 418.3 350.4 437 369.1C455.8 387.9 455.8 418.3 437 437C418.3 455.8 387.9 455.8 369.1 437C350.4 418.3 350.4 387.9 369.1 369.1V369.1z\"\/>\n\t\t\t\t\t<\/svg>\n\t\t\t\t<\/span>\n\t\t\t<\/span>\n\n\t\t\t\t\t\t<\/div><!-- authors-list-items -->\n\t\t\t\n<h2>Hur v\u00e5r granskningsprocess fungerar.<\/h2>\n<p>Alla dessa prylar och produktrecensioner som du ser p\u00e5 v\u00e5r webbplats genererades inte fr\u00e5n luften. Sedan vi startade Digitogy.eu har v\u00e5rt <strong>m\u00e5l varit att ge dig den mest korrekta informationen p\u00e5 internet.<\/strong> Utifr\u00e5n det tillv\u00e4gag\u00e5ngss\u00e4ttet var vi tvungna att ta fram en effektiv checklista med steg.<\/p>\n<p>L\u00e5t oss ta en tjuvtitt p\u00e5 granskningen hos Digitogy. <a href=\"https:\/\/digitogy.eu\/sv\/kategori\/prylar\/\">H\u00e4r<\/a> hittar du v\u00e5ra senaste recensioner av prylar.<\/p>\n<h3>Vi testar och recenserar alla rekommenderade produkter<\/h3>\n<p>Vi ser till att inkludera b\u00e5de f\u00f6r- och nackdelarna med varje produktrecension. D\u00e4r kan du f\u00f6rv\u00e4nta dig att v\u00e5rt inneh\u00e5ll skapas med passion och omsorg f\u00f6r de m\u00e4nniskor vi tj\u00e4nar.<\/p>\n<p>F\u00f6rutom produktfunktioner inkluderar vi produktf\u00f6rdelar och <strong>hur produkterna faktiskt fungerar<\/strong>. V\u00e5rt m\u00e5l \u00e4r att l\u00e5ta v\u00e5ra l\u00e4sare fatta v\u00e4lgrundade beslut n\u00e4r de k\u00f6per produkter och tj\u00e4nster online.<\/p>\n<p>N\u00e4r vi recenserar produkter g\u00e5r vi igenom f\u00f6ljande kategorier:<\/p>\n<ul>\n<li>Kvalitet<\/li>\n<li>Anv\u00e4ndbarhet<\/li>\n<li>Funktioner<\/li>\n<li>H\u00e5llbarhet<\/li>\n<li>Pris<\/li>\n<\/ul>\n<h3>Vi samlar in feedback fr\u00e5n kunder<\/h3>\n<p>F\u00f6rutom detta samlar vi \u00e4ven <strong>feedback fr\u00e5n kunder<\/strong>. P\u00e5 s\u00e5 s\u00e4tt ger vi en b\u00e4ttre bild av produkterna i fr\u00e5ga.<\/p>\n<h2>Vi \u00e4r helt oberoende.<\/h2>\n<p><strong>Vi accepterar inte betald annonsering<\/strong> eftersom det skulle f\u00f6rst\u00f6ra v\u00e5rt f\u00f6retags vision och uppdrag. Vi vill inte kompromissa med v\u00e5r \u00e4rliga och opartiska bed\u00f6mning av produkter och tj\u00e4nster.<\/p>\n<p>D\u00e4rf\u00f6r kommer vi att st\u00e5 fast vid v\u00e5rt \u00e5tagande att endast tillhandah\u00e5lla \u00e4rliga granskningar och produktbed\u00f6mningar till f\u00f6rm\u00e5n f\u00f6r v\u00e5ra l\u00e4sare.<\/p>\n<h2>Ber\u00e4tta om dina problem<\/h2>\n<p>Vi uppmanar dig som l\u00e4sare att <a href=\"https:\/\/digitogy.eu\/sv\/kontakta-oss\/\">kontakta oss<\/a> med <strong>kommentarer, feedback och kritik<\/strong>. Detta kommer att hj\u00e4lpa oss att f\u00f6rb\u00e4ttra kvaliteten p\u00e5 v\u00e5rt arbete och uppr\u00e4tth\u00e5lla v\u00e5r h\u00f6ga standard av v\u00e5ra produktrecensioner.<\/p>\n","protected":false},"excerpt":{"rendered":"<p>V\u00e4lkommen till Digitogy.eu, din ultimata destination f\u00f6r insiktsfulla recensioner av tekniska produkter som kan f\u00f6rb\u00e4ttra din livsstil. Fr\u00e5n arbetsrelaterade IT-prylar till tekniska produkter f\u00f6r fritid, vi t\u00e4cker allt. P\u00e5 Digitogy.eu f\u00f6rst\u00e5r vi komplexiteten hos tekniska produkter och str\u00e4var efter att f\u00f6renkla informationen f\u00f6r dig. V\u00e5r mission \u00e4r att hj\u00e4lpa dig att navigera genom den st\u00e4ndigt [&hellip;]<\/p>\n","protected":false},"author":51,"featured_media":0,"parent":0,"menu_order":0,"comment_status":"closed","ping_status":"closed","template":"","meta":{"om_disable_all_campaigns":false,"footnotes":""},"sgf-content-tag":[472,470],"sgf-seo-push":[],"class_list":["post-20145","page","type-page","status-publish","hentry"],"yoast_head":"<!-- This site is optimized with the Yoast SEO plugin v24.9 - https:\/\/yoast.com\/wordpress\/plugins\/seo\/ -->\n<title>Om oss | Digitogy.eu<\/title>\n<meta name=\"description\" content=\"L\u00e4r k\u00e4nna om oss och v\u00e5ra v\u00e4rderingar. Hur vi utf\u00f6r v\u00e5rt uppdrag och v\u00e5r process f\u00f6r digitogy-teamets produktrecensioner.\" \/>\n<meta name=\"robots\" content=\"index, follow, max-snippet:-1, max-image-preview:large, max-video-preview:-1\" \/>\n<link rel=\"canonical\" href=\"https:\/\/digitogy.eu\/sv\/om-oss\/\" \/>\n<meta property=\"og:locale\" content=\"sv_SE\" \/>\n<meta property=\"og:type\" content=\"article\" \/>\n<meta property=\"og:title\" content=\"Om oss | Digitogy.eu\" \/>\n<meta property=\"og:description\" content=\"L\u00e4r k\u00e4nna om oss och v\u00e5ra v\u00e4rderingar. Hur vi utf\u00f6r v\u00e5rt uppdrag och v\u00e5r process f\u00f6r digitogy-teamets produktrecensioner.\" \/>\n<meta property=\"og:url\" content=\"https:\/\/digitogy.eu\/sv\/om-oss\/\" \/>\n<meta property=\"og:site_name\" content=\"Digitogy.eu\" \/>\n<meta property=\"article:modified_time\" content=\"2023-08-07T04:19:48+00:00\" \/>\n<meta name=\"twitter:card\" content=\"summary_large_image\" \/>\n<!-- \/ Yoast SEO plugin. -->","yoast_head_json":{"title":"Om oss | Digitogy.eu","description":"L\u00e4r k\u00e4nna om oss och v\u00e5ra v\u00e4rderingar. Hur vi utf\u00f6r v\u00e5rt uppdrag och v\u00e5r process f\u00f6r digitogy-teamets produktrecensioner.","robots":{"index":"index","follow":"follow","max-snippet":"max-snippet:-1","max-image-preview":"max-image-preview:large","max-video-preview":"max-video-preview:-1"},"canonical":"https:\/\/digitogy.eu\/sv\/om-oss\/","og_locale":"sv_SE","og_type":"article","og_title":"Om oss | Digitogy.eu","og_description":"L\u00e4r k\u00e4nna om oss och v\u00e5ra v\u00e4rderingar. Hur vi utf\u00f6r v\u00e5rt uppdrag och v\u00e5r process f\u00f6r digitogy-teamets produktrecensioner.","og_url":"https:\/\/digitogy.eu\/sv\/om-oss\/","og_site_name":"Digitogy.eu","article_modified_time":"2023-08-07T04:19:48+00:00","twitter_card":"summary_large_image","schema":{"@context":"https:\/\/schema.org","@graph":[{"@type":"WebPage","@id":"https:\/\/digitogy.eu\/sv\/om-oss\/","url":"https:\/\/digitogy.eu\/sv\/om-oss\/","name":"Om oss | Digitogy.eu","isPartOf":{"@id":"https:\/\/digitogy.eu\/sv\/#website"},"datePublished":"2020-09-24T11:03:50+00:00","dateModified":"2023-08-07T04:19:48+00:00","description":"L\u00e4r k\u00e4nna om oss och v\u00e5ra v\u00e4rderingar. Hur vi utf\u00f6r v\u00e5rt uppdrag och v\u00e5r process f\u00f6r digitogy-teamets produktrecensioner.","breadcrumb":{"@id":"https:\/\/digitogy.eu\/sv\/om-oss\/#breadcrumb"},"inLanguage":"sv-SE","potentialAction":[{"@type":"ReadAction","target":["https:\/\/digitogy.eu\/sv\/om-oss\/"]}]},{"@type":"BreadcrumbList","@id":"https:\/\/digitogy.eu\/sv\/om-oss\/#breadcrumb","itemListElement":[{"@type":"ListItem","position":1,"name":"Home","item":"https:\/\/digitogy.eu\/sv\/hem\/"},{"@type":"ListItem","position":2,"name":"Om oss"}]},{"@type":"WebSite","@id":"https:\/\/digitogy.eu\/sv\/#website","url":"https:\/\/digitogy.eu\/sv\/","name":"Digitogy.eu","description":"Digital Technology Magazine","publisher":{"@id":"https:\/\/digitogy.eu\/sv\/#organization"},"potentialAction":[{"@type":"SearchAction","target":{"@type":"EntryPoint","urlTemplate":"https:\/\/digitogy.eu\/sv\/?s={search_term_string}"},"query-input":{"@type":"PropertyValueSpecification","valueRequired":true,"valueName":"search_term_string"}}],"inLanguage":"sv-SE"},{"@type":"Organization","@id":"https:\/\/digitogy.eu\/sv\/#organization","name":"Digitogy.eu","url":"https:\/\/digitogy.eu\/sv\/","logo":{"@type":"ImageObject","inLanguage":"sv-SE","@id":"https:\/\/digitogy.eu\/sv\/#\/schema\/logo\/image\/","url":"https:\/\/digitogy.eu\/wp-content\/uploads\/2019\/11\/digitogy.png","contentUrl":"https:\/\/digitogy.eu\/wp-content\/uploads\/2019\/11\/digitogy.png","width":150,"height":42,"caption":"Digitogy.eu"},"image":{"@id":"https:\/\/digitogy.eu\/sv\/#\/schema\/logo\/image\/"}}]}},"_links":{"self":[{"href":"https:\/\/digitogy.eu\/sv\/wp-json\/wp\/v2\/pages\/20145","targetHints":{"allow":["GET"]}}],"collection":[{"href":"https:\/\/digitogy.eu\/sv\/wp-json\/wp\/v2\/pages"}],"about":[{"href":"https:\/\/digitogy.eu\/sv\/wp-json\/wp\/v2\/types\/page"}],"author":[{"embeddable":true,"href":"https:\/\/digitogy.eu\/sv\/wp-json\/wp\/v2\/users\/51"}],"replies":[{"embeddable":true,"href":"https:\/\/digitogy.eu\/sv\/wp-json\/wp\/v2\/comments?post=20145"}],"version-history":[{"count":10,"href":"https:\/\/digitogy.eu\/sv\/wp-json\/wp\/v2\/pages\/20145\/revisions"}],"predecessor-version":[{"id":47201,"href":"https:\/\/digitogy.eu\/sv\/wp-json\/wp\/v2\/pages\/20145\/revisions\/47201"}],"wp:attachment":[{"href":"https:\/\/digitogy.eu\/sv\/wp-json\/wp\/v2\/media?parent=20145"}],"wp:term":[{"taxonomy":"sgf-content-tag","embeddable":true,"href":"https:\/\/digitogy.eu\/sv\/wp-json\/wp\/v2\/sgf-content-tag?post=20145"},{"taxonomy":"sgf-seo-push","embeddable":true,"href":"https:\/\/digitogy.eu\/sv\/wp-json\/wp\/v2\/sgf-seo-push?post=20145"}],"curies":[{"name":"wp","href":"https:\/\/api.w.org\/{rel}","templated":true}]}}