{"id":46960,"date":"2023-07-25T05:08:33","date_gmt":"2023-07-25T04:08:33","guid":{"rendered":"https:\/\/digitogy.eu\/?page_id=46960"},"modified":"2023-07-25T05:08:33","modified_gmt":"2023-07-25T04:08:33","slug":"oswiadczenie-o-wlasnosci","status":"publish","type":"page","link":"https:\/\/digitogy.eu\/pl\/oswiadczenie-o-wlasnosci\/","title":{"rendered":"O\u015bwiadczenie o w\u0142asno\u015bci"},"content":{"rendered":"<p><a href=\"https:\/\/digitogy.eu\/pl\/\">Digitogy.eu<\/a> jest w\u0142asno\u015bci\u0105 i jest prowadzone przez firm\u0119 <strong>Affiliare Inc<\/strong>. Jeste\u015bmy zobowi\u0105zani do zapewniania obiektywnych recenzji i artyku\u0142\u00f3w naszym czytelnikom, dbaj\u0105c o przejrzysto\u015b\u0107 i uczciwo\u015b\u0107 naszego tre\u015bci.<\/p>\n<p>Warto zaznaczy\u0107, \u017ce mimo \u017ce nasze artyku\u0142y mog\u0105 wspomina\u0107 lub odnosi\u0107 si\u0119 do r\u00f3\u017cnych produkt\u00f3w, us\u0142ug, ekspert\u00f3w i innych, nie oznacza to poparcia tych podmiot\u00f3w ani gwarancji dok\u0142adno\u015bci informacji, kt\u00f3re dostarczaj\u0105.<\/p>\n<p>D\u0105\u017cymy do prezentowania obiektywnych punkt\u00f3w widzenia i pomys\u0142\u00f3w, <strong>kt\u00f3re pomog\u0105 czytelnikom podejmowa\u0107 \u015bwiadome decyzje<\/strong>.<\/p>\n<p>Zdecydowanie zach\u0119camy naszych czytelnik\u00f3w do przeprowadzania szeroko zakrojonych bada\u0144 i konsultowania si\u0119 z wieloma \u017ar\u00f3d\u0142ami przed zakupem jakiegokolwiek produktu lub us\u0142ugi.<\/p>\n<p>Ograniczanie si\u0119 tylko do odwo\u0142a\u0144 w naszych artyku\u0142ach mo\u017ce nie zapewni\u0107 pe\u0142nego zrozumienia tematu.<\/p>\n<p>Je\u015bli masz jakie\u015b pytania lub obawy dotycz\u0105ce Digitogy.eu, prosimy o przes\u0142anie wiadomo\u015bci na adres <a href=\"mailto:info@affiliareinc.com\" target=\"_blank\" rel=\"nofollow noopener noreferrer\">info@affiliareinc.com<\/a>. Jeste\u015bmy tutaj, aby pom\u00f3c i udzieli\u0107 wszelkich niezb\u0119dnych informacji.<\/p>\n<p>Dzi\u0119kujemy za odwiedzenie Digitogy.eu i doceniamy zrozumienie naszej w\u0142a\u015bcicielskiej struktury oraz procesu recenzji.<\/p>\n","protected":false},"excerpt":{"rendered":"<p>Digitogy.eu jest w\u0142asno\u015bci\u0105 i jest prowadzone przez firm\u0119 Affiliare Inc. Jeste\u015bmy zobowi\u0105zani do zapewniania obiektywnych recenzji i artyku\u0142\u00f3w naszym czytelnikom, dbaj\u0105c o przejrzysto\u015b\u0107 i uczciwo\u015b\u0107 naszego tre\u015bci. Warto zaznaczy\u0107, \u017ce mimo \u017ce nasze artyku\u0142y mog\u0105 wspomina\u0107 lub odnosi\u0107 si\u0119 do r\u00f3\u017cnych produkt\u00f3w, us\u0142ug, ekspert\u00f3w i innych, nie oznacza to poparcia tych podmiot\u00f3w ani gwarancji dok\u0142adno\u015bci [&hellip;]<\/p>\n","protected":false},"author":79,"featured_media":0,"parent":0,"menu_order":0,"comment_status":"closed","ping_status":"closed","template":"","meta":{"om_disable_all_campaigns":false,"footnotes":""},"sgf-content-tag":[1595,472],"sgf-seo-push":[],"class_list":["post-46960","page","type-page","status-publish","hentry"],"yoast_head":"<!-- This site is optimized with the Yoast SEO plugin v24.9 - https:\/\/yoast.com\/wordpress\/plugins\/seo\/ -->\n<title>O\u015bwiadczenie o w\u0142asno\u015bci | Digitogy.eu<\/title>\n<meta name=\"description\" content=\"Odkryj transparentno\u015b\u0107 naszych w\u0142a\u015bcicieli! Zapraszamy do lektury szczeg\u00f3\u0142owych informacji. B\u0105d\u017a dobrze poinformowany!\" \/>\n<meta name=\"robots\" content=\"index, follow, max-snippet:-1, max-image-preview:large, max-video-preview:-1\" \/>\n<link rel=\"canonical\" href=\"https:\/\/digitogy.eu\/pl\/oswiadczenie-o-wlasnosci\/\" \/>\n<meta property=\"og:locale\" content=\"pl_PL\" \/>\n<meta property=\"og:type\" content=\"article\" \/>\n<meta property=\"og:title\" content=\"O\u015bwiadczenie o w\u0142asno\u015bci | Digitogy.eu\" \/>\n<meta property=\"og:description\" content=\"Odkryj transparentno\u015b\u0107 naszych w\u0142a\u015bcicieli! Zapraszamy do lektury szczeg\u00f3\u0142owych informacji. B\u0105d\u017a dobrze poinformowany!\" \/>\n<meta property=\"og:url\" content=\"https:\/\/digitogy.eu\/pl\/oswiadczenie-o-wlasnosci\/\" \/>\n<meta property=\"og:site_name\" content=\"Digitogy.eu\" \/>\n<meta name=\"twitter:card\" content=\"summary_large_image\" \/>\n<!-- \/ Yoast SEO plugin. -->","yoast_head_json":{"title":"O\u015bwiadczenie o w\u0142asno\u015bci | Digitogy.eu","description":"Odkryj transparentno\u015b\u0107 naszych w\u0142a\u015bcicieli! Zapraszamy do lektury szczeg\u00f3\u0142owych informacji. B\u0105d\u017a dobrze poinformowany!","robots":{"index":"index","follow":"follow","max-snippet":"max-snippet:-1","max-image-preview":"max-image-preview:large","max-video-preview":"max-video-preview:-1"},"canonical":"https:\/\/digitogy.eu\/pl\/oswiadczenie-o-wlasnosci\/","og_locale":"pl_PL","og_type":"article","og_title":"O\u015bwiadczenie o w\u0142asno\u015bci | Digitogy.eu","og_description":"Odkryj transparentno\u015b\u0107 naszych w\u0142a\u015bcicieli! Zapraszamy do lektury szczeg\u00f3\u0142owych informacji. B\u0105d\u017a dobrze poinformowany!","og_url":"https:\/\/digitogy.eu\/pl\/oswiadczenie-o-wlasnosci\/","og_site_name":"Digitogy.eu","twitter_card":"summary_large_image","schema":{"@context":"https:\/\/schema.org","@graph":[{"@type":"WebPage","@id":"https:\/\/digitogy.eu\/pl\/oswiadczenie-o-wlasnosci\/","url":"https:\/\/digitogy.eu\/pl\/oswiadczenie-o-wlasnosci\/","name":"O\u015bwiadczenie o w\u0142asno\u015bci | Digitogy.eu","isPartOf":{"@id":"https:\/\/digitogy.eu\/pl\/#website"},"datePublished":"2023-07-25T04:08:33+00:00","description":"Odkryj transparentno\u015b\u0107 naszych w\u0142a\u015bcicieli! Zapraszamy do lektury szczeg\u00f3\u0142owych informacji. B\u0105d\u017a dobrze poinformowany!","breadcrumb":{"@id":"https:\/\/digitogy.eu\/pl\/oswiadczenie-o-wlasnosci\/#breadcrumb"},"inLanguage":"pl-PL","potentialAction":[{"@type":"ReadAction","target":["https:\/\/digitogy.eu\/pl\/oswiadczenie-o-wlasnosci\/"]}]},{"@type":"BreadcrumbList","@id":"https:\/\/digitogy.eu\/pl\/oswiadczenie-o-wlasnosci\/#breadcrumb","itemListElement":[{"@type":"ListItem","position":1,"name":"Home","item":"https:\/\/digitogy.eu\/pl\/"},{"@type":"ListItem","position":2,"name":"O\u015bwiadczenie o w\u0142asno\u015bci"}]},{"@type":"WebSite","@id":"https:\/\/digitogy.eu\/pl\/#website","url":"https:\/\/digitogy.eu\/pl\/","name":"Digitogy.eu","description":"Digital Technology Magazine","publisher":{"@id":"https:\/\/digitogy.eu\/pl\/#organization"},"potentialAction":[{"@type":"SearchAction","target":{"@type":"EntryPoint","urlTemplate":"https:\/\/digitogy.eu\/pl\/?s={search_term_string}"},"query-input":{"@type":"PropertyValueSpecification","valueRequired":true,"valueName":"search_term_string"}}],"inLanguage":"pl-PL"},{"@type":"Organization","@id":"https:\/\/digitogy.eu\/pl\/#organization","name":"Digitogy.eu","url":"https:\/\/digitogy.eu\/pl\/","logo":{"@type":"ImageObject","inLanguage":"pl-PL","@id":"https:\/\/digitogy.eu\/pl\/#\/schema\/logo\/image\/","url":"https:\/\/digitogy.eu\/wp-content\/uploads\/2019\/11\/digitogy.png","contentUrl":"https:\/\/digitogy.eu\/wp-content\/uploads\/2019\/11\/digitogy.png","width":150,"height":42,"caption":"Digitogy.eu"},"image":{"@id":"https:\/\/digitogy.eu\/pl\/#\/schema\/logo\/image\/"}}]}},"_links":{"self":[{"href":"https:\/\/digitogy.eu\/pl\/wp-json\/wp\/v2\/pages\/46960","targetHints":{"allow":["GET"]}}],"collection":[{"href":"https:\/\/digitogy.eu\/pl\/wp-json\/wp\/v2\/pages"}],"about":[{"href":"https:\/\/digitogy.eu\/pl\/wp-json\/wp\/v2\/types\/page"}],"author":[{"embeddable":true,"href":"https:\/\/digitogy.eu\/pl\/wp-json\/wp\/v2\/users\/79"}],"replies":[{"embeddable":true,"href":"https:\/\/digitogy.eu\/pl\/wp-json\/wp\/v2\/comments?post=46960"}],"version-history":[{"count":3,"href":"https:\/\/digitogy.eu\/pl\/wp-json\/wp\/v2\/pages\/46960\/revisions"}],"predecessor-version":[{"id":47034,"href":"https:\/\/digitogy.eu\/pl\/wp-json\/wp\/v2\/pages\/46960\/revisions\/47034"}],"wp:attachment":[{"href":"https:\/\/digitogy.eu\/pl\/wp-json\/wp\/v2\/media?parent=46960"}],"wp:term":[{"taxonomy":"sgf-content-tag","embeddable":true,"href":"https:\/\/digitogy.eu\/pl\/wp-json\/wp\/v2\/sgf-content-tag?post=46960"},{"taxonomy":"sgf-seo-push","embeddable":true,"href":"https:\/\/digitogy.eu\/pl\/wp-json\/wp\/v2\/sgf-seo-push?post=46960"}],"curies":[{"name":"wp","href":"https:\/\/api.w.org\/{rel}","templated":true}]}}