{"id":21246,"date":"2020-10-15T05:45:00","date_gmt":"2020-10-15T04:45:00","guid":{"rendered":"https:\/\/digitogy.eu\/kontakt-oss\/"},"modified":"2023-07-27T03:19:44","modified_gmt":"2023-07-27T02:19:44","slug":"kontakt-oss","status":"publish","type":"page","link":"https:\/\/digitogy.eu\/pl\/kontakt-oss\/","title":{"rendered":"Kontakt Oss"},"content":{"rendered":"<p>Kontaktuj\u0105c si\u0119 z nami, wy\u015blij e-mail na adres: <a href=\"mailto:info@digitogy.eu\" target=\"_blank\" rel=\"nofollow noopener noreferrer\">info@digitogy.eu<\/a>.<\/p>\n<p>W<strong> sprawie wszelkich zapyta\u0144 czy te\u017c propozycji wsp\u00f3\u0142pracy<\/strong> prosimy o kontakt na adres: <a href=\"mailto:outreach@digitogy.eu\" target=\"_blank\" rel=\"nofollow noopener noreferrer\">outreach@digitogy.eu<\/a>. Odpowiemy tak szybko, jak to mo\u017cliwe.<\/p>\n<p>Je\u015bli interesuje Ci\u0119 <strong>praca w naszej firmie<\/strong>, nie wahaj si\u0119 i napisz do nas na adres: <a href=\"mailto:jobs@digitogy.eu\" target=\"_blank\" rel=\"noopener\">jobs@digitogy.eu<\/a>.<\/p>\n<p>W <strong>sprawach dotycz\u0105cych zwrot\u00f3w za gad\u017cety<\/strong>, prosimy o kontakt pod adresem <a href=\"mailto:refunds@digitogy.eu\" target=\"_blank\" rel=\"noopener\">refunds@digitogy.eu<\/a>.<\/p>\n<p>Aby skontaktowa\u0107 si\u0119 z nami telefonicznie, prosimy wybra\u0107 numer: +48 22 535 40 81.<\/p>\n<p>Adres: Henryka Dembi\u0144skiego 14, 01-649 Warszawa, Polska.<\/p>\n<p><iframe style=\"border: 0;\" src=\"https:\/\/www.google.com\/maps\/embed?pb=!1m18!1m12!1m3!1d610.2833981645002!2d20.976082669655526!3d52.27727659824993!2m3!1f0!2f0!3f0!3m2!1i1024!2i768!4f13.1!3m3!1m2!1s0x471ecbe809cd06a7%3A0xee0fa457bf5eebb!2sHenryka%20Dembi%C5%84skiego%2014%2C%2001-649%20Warszawa%2C%20Poland!5e0!3m2!1sen!2sth!4v1690424105836!5m2!1sen!2sth\" width=\"600\" height=\"450\" allowfullscreen=\"allowfullscreen\"><\/iframe><\/p>\n<p>Dzi\u0119kujemy!<\/p>\n","protected":false},"excerpt":{"rendered":"<p>Kontaktuj\u0105c si\u0119 z nami, wy\u015blij e-mail na adres: info@digitogy.eu. W sprawie wszelkich zapyta\u0144 czy te\u017c propozycji wsp\u00f3\u0142pracy prosimy o kontakt na adres: outreach@digitogy.eu. Odpowiemy tak szybko, jak to mo\u017cliwe. Je\u015bli interesuje Ci\u0119 praca w naszej firmie, nie wahaj si\u0119 i napisz do nas na adres: jobs@digitogy.eu. W sprawach dotycz\u0105cych zwrot\u00f3w za gad\u017cety, prosimy o kontakt [&hellip;]<\/p>\n","protected":false},"author":79,"featured_media":0,"parent":0,"menu_order":0,"comment_status":"closed","ping_status":"closed","template":"","meta":{"om_disable_all_campaigns":false,"footnotes":""},"sgf-content-tag":[472,473],"sgf-seo-push":[],"class_list":["post-21246","page","type-page","status-publish","hentry"],"yoast_head":"<!-- This site is optimized with the Yoast SEO plugin v24.9 - https:\/\/yoast.com\/wordpress\/plugins\/seo\/ -->\n<title>Kontakt Oss | Digitogy.eu<\/title>\n<meta name=\"description\" content=\"Masz do nas pytanie? Skontaktuj si\u0119 z naszym zespo\u0142em za po\u015brednictwem naszej strony kontaktowej. Zawsze s\u0142u\u017cymy pomoc\u0105.\" \/>\n<meta name=\"robots\" content=\"index, follow, max-snippet:-1, max-image-preview:large, max-video-preview:-1\" \/>\n<link rel=\"canonical\" href=\"https:\/\/digitogy.eu\/pl\/kontakt-oss\/\" \/>\n<meta property=\"og:locale\" content=\"pl_PL\" \/>\n<meta property=\"og:type\" content=\"article\" \/>\n<meta property=\"og:title\" content=\"Kontakt Oss | Digitogy.eu\" \/>\n<meta property=\"og:description\" content=\"Masz do nas pytanie? Skontaktuj si\u0119 z naszym zespo\u0142em za po\u015brednictwem naszej strony kontaktowej. Zawsze s\u0142u\u017cymy pomoc\u0105.\" \/>\n<meta property=\"og:url\" content=\"https:\/\/digitogy.eu\/pl\/kontakt-oss\/\" \/>\n<meta property=\"og:site_name\" content=\"Digitogy.eu\" \/>\n<meta property=\"article:modified_time\" content=\"2023-07-27T02:19:44+00:00\" \/>\n<meta name=\"twitter:card\" content=\"summary_large_image\" \/>\n<!-- \/ Yoast SEO plugin. -->","yoast_head_json":{"title":"Kontakt Oss | Digitogy.eu","description":"Masz do nas pytanie? Skontaktuj si\u0119 z naszym zespo\u0142em za po\u015brednictwem naszej strony kontaktowej. Zawsze s\u0142u\u017cymy pomoc\u0105.","robots":{"index":"index","follow":"follow","max-snippet":"max-snippet:-1","max-image-preview":"max-image-preview:large","max-video-preview":"max-video-preview:-1"},"canonical":"https:\/\/digitogy.eu\/pl\/kontakt-oss\/","og_locale":"pl_PL","og_type":"article","og_title":"Kontakt Oss | Digitogy.eu","og_description":"Masz do nas pytanie? Skontaktuj si\u0119 z naszym zespo\u0142em za po\u015brednictwem naszej strony kontaktowej. Zawsze s\u0142u\u017cymy pomoc\u0105.","og_url":"https:\/\/digitogy.eu\/pl\/kontakt-oss\/","og_site_name":"Digitogy.eu","article_modified_time":"2023-07-27T02:19:44+00:00","twitter_card":"summary_large_image","schema":{"@context":"https:\/\/schema.org","@graph":[{"@type":"WebPage","@id":"https:\/\/digitogy.eu\/pl\/kontakt-oss\/","url":"https:\/\/digitogy.eu\/pl\/kontakt-oss\/","name":"Kontakt Oss | Digitogy.eu","isPartOf":{"@id":"https:\/\/digitogy.eu\/pl\/#website"},"datePublished":"2020-10-15T04:45:00+00:00","dateModified":"2023-07-27T02:19:44+00:00","description":"Masz do nas pytanie? Skontaktuj si\u0119 z naszym zespo\u0142em za po\u015brednictwem naszej strony kontaktowej. Zawsze s\u0142u\u017cymy pomoc\u0105.","breadcrumb":{"@id":"https:\/\/digitogy.eu\/pl\/kontakt-oss\/#breadcrumb"},"inLanguage":"pl-PL","potentialAction":[{"@type":"ReadAction","target":["https:\/\/digitogy.eu\/pl\/kontakt-oss\/"]}]},{"@type":"BreadcrumbList","@id":"https:\/\/digitogy.eu\/pl\/kontakt-oss\/#breadcrumb","itemListElement":[{"@type":"ListItem","position":1,"name":"Home","item":"https:\/\/digitogy.eu\/pl\/"},{"@type":"ListItem","position":2,"name":"Kontakt Oss"}]},{"@type":"WebSite","@id":"https:\/\/digitogy.eu\/pl\/#website","url":"https:\/\/digitogy.eu\/pl\/","name":"Digitogy.eu","description":"Digital Technology Magazine","publisher":{"@id":"https:\/\/digitogy.eu\/pl\/#organization"},"potentialAction":[{"@type":"SearchAction","target":{"@type":"EntryPoint","urlTemplate":"https:\/\/digitogy.eu\/pl\/?s={search_term_string}"},"query-input":{"@type":"PropertyValueSpecification","valueRequired":true,"valueName":"search_term_string"}}],"inLanguage":"pl-PL"},{"@type":"Organization","@id":"https:\/\/digitogy.eu\/pl\/#organization","name":"Digitogy.eu","url":"https:\/\/digitogy.eu\/pl\/","logo":{"@type":"ImageObject","inLanguage":"pl-PL","@id":"https:\/\/digitogy.eu\/pl\/#\/schema\/logo\/image\/","url":"https:\/\/digitogy.eu\/wp-content\/uploads\/2019\/11\/digitogy.png","contentUrl":"https:\/\/digitogy.eu\/wp-content\/uploads\/2019\/11\/digitogy.png","width":150,"height":42,"caption":"Digitogy.eu"},"image":{"@id":"https:\/\/digitogy.eu\/pl\/#\/schema\/logo\/image\/"}}]}},"_links":{"self":[{"href":"https:\/\/digitogy.eu\/pl\/wp-json\/wp\/v2\/pages\/21246","targetHints":{"allow":["GET"]}}],"collection":[{"href":"https:\/\/digitogy.eu\/pl\/wp-json\/wp\/v2\/pages"}],"about":[{"href":"https:\/\/digitogy.eu\/pl\/wp-json\/wp\/v2\/types\/page"}],"author":[{"embeddable":true,"href":"https:\/\/digitogy.eu\/pl\/wp-json\/wp\/v2\/users\/79"}],"replies":[{"embeddable":true,"href":"https:\/\/digitogy.eu\/pl\/wp-json\/wp\/v2\/comments?post=21246"}],"version-history":[{"count":9,"href":"https:\/\/digitogy.eu\/pl\/wp-json\/wp\/v2\/pages\/21246\/revisions"}],"predecessor-version":[{"id":47046,"href":"https:\/\/digitogy.eu\/pl\/wp-json\/wp\/v2\/pages\/21246\/revisions\/47046"}],"wp:attachment":[{"href":"https:\/\/digitogy.eu\/pl\/wp-json\/wp\/v2\/media?parent=21246"}],"wp:term":[{"taxonomy":"sgf-content-tag","embeddable":true,"href":"https:\/\/digitogy.eu\/pl\/wp-json\/wp\/v2\/sgf-content-tag?post=21246"},{"taxonomy":"sgf-seo-push","embeddable":true,"href":"https:\/\/digitogy.eu\/pl\/wp-json\/wp\/v2\/sgf-seo-push?post=21246"}],"curies":[{"name":"wp","href":"https:\/\/api.w.org\/{rel}","templated":true}]}}