{"id":20651,"date":"2020-10-06T05:43:13","date_gmt":"2020-10-06T04:43:13","guid":{"rendered":"https:\/\/digitogy.eu\/?page_id=20651"},"modified":"2023-08-02T10:15:04","modified_gmt":"2023-08-02T09:15:04","slug":"o-nas","status":"publish","type":"page","link":"https:\/\/digitogy.eu\/pl\/o-nas\/","title":{"rendered":"O nas"},"content":{"rendered":"<h2>Nasza historia<\/h2>\n<p>Witamy na <a href=\"https:\/\/digitogy.eu\/pl\/\">Digitogy.eu<\/a>. Aby\u015bcie mogli nas lepiej pozna\u0107, zabierzemy Was w podr\u00f3\u017c wstecz do momentu za\u0142o\u017cenia naszej strony, zanim sta\u0142a si\u0119 tak\u0105, jak\u0105 jest dzisiaj.<\/p>\n<p><strong>8 pa\u017adziernika 2020<\/strong> roku powsta\u0142o Digitogy.eu z wizj\u0105 <strong>dostarczania uczciwych recenzji gad\u017cet\u00f3w technologicznych<\/strong>. Zauwa\u017cyli\u015bmy, \u017ce gad\u017cety technologiczne maj\u0105 moc poprawienia i u\u0142atwienia naszego \u017cycia. Jednak w zalewie wybor\u00f3w na rynku sta\u0142o si\u0119 kluczowe, aby prowadzi\u0107 naszych czytelnik\u00f3w przez ten labirynt opcji. W naszych wczesnych dniach tworzenie recenzji wysokiej jako\u015bci stanowi\u0142o wyzwanie, poniewa\u017c wymaga\u0142o znacznych nak\u0142ad\u00f3w finansowych na testowanie produkt\u00f3w i zdobywanie warto\u015bciowych informacji. Niemniej jednak, dzi\u0119ki zasilanemu wsp\u00f3lnym zami\u0142owaniem do dzielenia si\u0119 wiedz\u0105 zespo\u0142u, wytrwali\u015bmy i stworzyli\u015bmy uczciwe i informacyjne artyku\u0142y, aby zaspokoi\u0107 potrzeby naszych czytelnik\u00f3w.<\/p>\n<p>W miar\u0119 up\u0142ywu czasu nasza strona do\u015bwiadczy\u0142a wzrostu i ewolucji. <strong>W 2021<\/strong> roku rozszerzyli\u015bmy nasz zesp\u00f3\u0142, witaj\u0105c wi\u0119cej ekspert\u00f3w, kt\u00f3rzy przyczynili si\u0119 swoj\u0105 wiedz\u0105. To rozszerzenie umo\u017cliwi\u0142o nam tworzenie wi\u0119kszej liczby recenzji w kr\u00f3tszym czasie, spe\u0142niaj\u0105c wymagania naszej publiczno\u015bci dotycz\u0105ce niezawodnych informacji przed zakupem gad\u017cet\u00f3w technologicznych.<\/p>\n<p>Na przestrzeni lat Digitogy.eu zbudowa\u0142o siln\u0105 spo\u0142eczno\u015b\u0107 czytelnik\u00f3w i wsp\u00f3\u0142pracownik\u00f3w. Wysoce ceni\u0105c sobie opinie naszych czytelnik\u00f3w, s\u0142u\u017c\u0105 one jako si\u0142a nap\u0119dowa naszej misji dostarczania przydatnych i dok\u0142adnych informacji. Pozytywne opinie potwierdzaj\u0105, \u017ce nasze artyku\u0142y wskaz\u00f3wek pomagaj\u0105 czytelnikom podejmowa\u0107 \u015bwiadome decyzje, oszcz\u0119dzaj\u0105c im na inwestowaniu w niskiej jako\u015bci produkty.<\/p>\n<p>Nasi oddani cz\u0142onkowie zespo\u0142u odgrywaj\u0105 kluczow\u0105 rol\u0119 w naszym sukcesie. Ich niezachwiana po\u015bwi\u0119cony oraz ci\u0119\u017cka praca w dzieleniu si\u0119 swoj\u0105 wiedz\u0105 z naszymi czytelnikami odegra\u0142y decyduj\u0105c\u0105 rol\u0119 w kszta\u0142towaniu naszej strony. Ci\u0105gle d\u0105\u017c\u0105 do gromadzenia warto\u015bciowych informacji, aby s\u0142u\u017cy\u0107 naszym czytelnikom, i bez ich niezachwianej zaanga\u017cowania, Digitogy.eu nie osi\u0105gn\u0119\u0142oby takiego sukcesu, jakim cieszy si\u0119 obecnie. Dzi\u0119ki wsparciu naszej spo\u0142eczno\u015bci, zobowi\u0105zujemy si\u0119 kontynuowa\u0107 nasz\u0105 podr\u00f3\u017c dostarczania niezawodnych informacji i umo\u017cliwiania konsumentom podejmowania pewnych decyzji w ci\u0105gle zmieniaj\u0105cym si\u0119 \u015bwiecie gad\u017cet\u00f3w technologicznych.<\/p>\n<h2>Nasza misja<\/h2>\n<p>W Digitogy.eu powsta\u0142o z pasji do <strong>nowych technologii<\/strong>. Od lat testujemy i recenzujemy r\u00f3\u017cnorodne gad\u017cety. Uwielbiamy eksplorowa\u0107 ich mo\u017cliwo\u015bci i dzieli\u0107 si\u0119 naszymi spostrze\u017ceniami. Nasze dyskusje bywaj\u0105 burzliwe, ale zawsze pe\u0142ne pasji!<\/p>\n<p>Jednej jesiennie wiecz\u00f3r, po takiej pasjonuj\u0105cej rozmowie o nowych gad\u017cetach, narodzi\u0142 si\u0119 pomys\u0142 za\u0142o\u017cenia portalu recenzji. I tak powsta\u0142a Digitogy.eu, na kt\u00f3rej obecnie si\u0119 znajdujesz.<\/p>\n<p>Mo\u017cesz tu znale\u017a\u0107 nasze wsp\u00f3lne recenzje. Naszym celem w Digitogy.eu jest <strong>dostarczanie rzetelnych recenzji testowanego sprz\u0119tu<\/strong>.<\/p>\n<h2>Nasz zesp\u00f3\u0142<\/h2>\n<p>Zastanawiasz si\u0119 pewnie, kim jeste\u015bmy? Przede wszystkim jeste\u015bmy zgranym zespo\u0142em m\u0142odych <strong>pasjonat\u00f3w technologii<\/strong>. Ju\u017c od dawna interesowali\u015bmy si\u0119 tym tematem i pomagali\u015bmy naszym przyjacio\u0142om w wyborze najlepszych gad\u017cet\u00f3w.<\/p>\n<p>Je\u015bli kto\u015b potrzebowa\u0142 pomocy w znalezieniu prezentu dla dziewczyny lub ch\u0142opaka, zawsze mogli si\u0119 zwr\u00f3ci\u0107 do nas. Zawsze wiedzieli\u015bmy, co warto kupi\u0107 i gdzie to zrobi\u0107 najkorzystniej! Pomaganie innym sta\u0142o si\u0119 nasz\u0105 pasj\u0105, kt\u00f3ra trwa do dzi\u015b.<\/p>\n<p>Ka\u017cdy z nas ma swoje ulubione obszary technologiczne. Je\u015bli chcesz dowiedzie\u0107 si\u0119 wi\u0119cej o naszych zainteresowaniach, sprawd\u017a, co recenzujemy!<\/p>\n\t\t\t<style>.authors-list-cols-dir-horizontal .authors-list-col{display:block;float:left;margin-right:3.42%}.authors-list-cols-dir-horizontal .authors-list-col-1{width:5.198%}.authors-list-cols-dir-horizontal .authors-list-col-2{width:13.81%}.authors-list-cols-dir-horizontal .authors-list-col-3{width:22.43%}.authors-list-cols-dir-horizontal .authors-list-col-4{width:31.05%}.authors-list-cols-dir-horizontal .authors-list-col-5{width:39.67%}.authors-list-cols-dir-horizontal .authors-list-col-6{width:48.29%}.authors-list-cols-dir-horizontal .authors-list-col-7{width:56.9%}.authors-list-cols-dir-horizontal .authors-list-col-8{width:65.52%}.authors-list-cols-dir-horizontal .authors-list-col-9{width:74.14%}.authors-list-cols-dir-horizontal .authors-list-col-10{width:82.76%}.authors-list-cols-dir-horizontal .authors-list-col-11{width:91.38%}.authors-list-cols-dir-horizontal .authors-list-col-12{width:100%}.authors-list-cols-dir-horizontal .authors-list-col-last{margin-right:0}.authors-list-cols-dir-horizontal .authors-list-col-first{clear:both}.authors-list-cols-dir-horizontal.authors-list-cols-2 .authors-list-col:nth-child(2n){margin-right:0}.authors-list-cols-dir-horizontal.authors-list-cols-2 .authors-list-col:nth-child(2n+1){clear:both}.authors-list-cols-dir-horizontal.authors-list-cols-3 .authors-list-col:nth-child(3n){margin-right:0}.authors-list-cols-dir-horizontal.authors-list-cols-3 .authors-list-col:nth-child(3n+1){clear:both}.authors-list-cols-dir-horizontal.authors-list-cols-4 .authors-list-col:nth-child(4n){margin-right:0}.authors-list-cols-dir-horizontal.authors-list-cols-4 .authors-list-col:nth-child(4n+1){clear:both}.authors-list-cols-dir-vertical{column-gap:3.42%}.authors-list-cols-dir-vertical.authors-list-cols-2{column-count:2}.authors-list-cols-dir-vertical.authors-list-cols-3{column-count:3}.authors-list-cols-dir-vertical.authors-list-cols-3{column-count:3}.authors-list-cols-dir-vertical.authors-list-cols-4{column-count:4}.authors-list-clearfix:after,.authors-list-clearfix:before{content:\" \";display:table}.authors-list-clearfix:after{clear:both}.authors-list-item{margin-bottom:30px;position:relative}.authors-list-cols-dir-vertical .authors-list-item{break-inside:avoid-column;page-break-inside:avoid}.authors-list-item-thumbnail{margin-bottom:20px;position:relative}.authors-list-item-thumbnail a,.authors-list-item-thumbnail img{display:block;position:relative;border:0}.authors-list-item-thumbnail img{max-width:100%;height:auto;border-radius:inherit;}.authors-list-item-title{font-size:22px;font-weight:700;margin-bottom:5px}.authors-list-item-title a{color:inherit}.authors-list-item-subtitle{margin-bottom:5px;font-size:80%}.authors-list-item-social{margin-bottom:10px}.authors-list-item-social a{font-size:15px;margin-right:5px;text-decoration:none}.authors-list-item-social svg{width:15px}.authors-list-item-social-facebook{fill:#3b5998}.authors-list-item-social-instagram{fill:#405de6}.authors-list-item-social-linkedin{fill:#0077b5}.authors-list-item-social-pinterest{fill:#bd081c}.authors-list-item-social-tumblr{fill:#35465c}.authors-list-item-social-twitter{fill:#1da1f2}.authors-list-item-social-youtube{fill:red}.authors-list-item-social-tiktok{fill:#1e3050}.authors-list-item-excerpt{margin-bottom:10px}.authors-list-items-s2 .authors-list-item-main{position:absolute;bottom:0;left:0;right:0;padding:30px;color:#fff;background:rgba(0,0,0,.3)}.authors-list-items-s2 .authors-list-item-thumbnail{margin-bottom:0}.authors-list-items-s2 .authors-list-item-title{color:inherit}.authors-list-items-s2 .authors-list-item-link{color:inherit}.authors-list-items-s3 .authors-list-item-thumbnail{margin-bottom:0}.authors-list-items-s3 .authors-list-item-main{position:absolute;bottom:0;left:0;right:0;top:0;padding:30px;opacity:0;transform:scale(0);transition:all .3s;background:#fff;border:2px solid #eee}.authors-list-items-s3 .authors-list-item:hover .authors-list-item-main{opacity:1;transform:scale(1)}.authors-list-items-s4 .authors-list-item-thumbnail{float:left;margin-right:20px;width:25%}.authors-list-item-s4 .authors-list-item-main{overflow:hidden}.author-list-item-after-avatar,.author-list-item-after-bio,.author-list-item-after-count,.author-list-item-after-link,.author-list-item-after-title,.author-list-item-before-avatar,.author-list-item-before-bio,.author-list-item-before-count,.author-list-item-before-link,.author-list-item-before-title{margin-bottom:5px}@media only screen and (max-width:767px){.authors-list-cols-dir-horizontal .authors-list-col{width:100%;margin-right:0!important}.authors-list-cols-dir-vertical{column-count:1!important}}.authors-list-pagination{text-align:center}.authors-list-pagination li{display:inline-block;margin:0 2px}.authors-list-pagination li a,.authors-list-pagination li>span{display:inline-block;border:1px solid rgba(0,0,0,.2);padding:10px;line-height:1}<\/style>\n\t\t\t\t\t\t<div class=\"authors-list-items authors-list-items-s3 authors-list-clearfix authors-list-cols-3 authors-list-cols-dir-horizontal \">\n\t\t\t\n\t\t<div class=\"authors-list-item authors-list-item-clearfix authors-list-col authors-list-col-4\">\n\n\t\t\t\t\t\t\t<div class=\"authors-list-item-thumbnail\">\n\t\t\t\t\t\n\t\t\t\t\t<a href=\"https:\/\/digitogy.eu\/pl\/author\/celina\/\" class=\"author-list-item-avatar\">\n\t\t\t\t\t\t\t\t\t\t\t\t\t<img alt='Celina' src='https:\/\/digitogy.eu\/wp-content\/uploads\/2022\/05\/Celina-200x200-1-500x500.jpg' srcset='https:\/\/digitogy.eu\/wp-content\/uploads\/2022\/05\/Celina-200x200-1-1000x1000.jpg 2x' class='avatar avatar-500 photo' height='500' width='500' \/>\t\t\t\t\t\t\t\t\t\t\t<\/a>\n\n\t\t\t\t\t\t\t\t\t<\/div><!-- .team-item-thumbnail -->\n\t\t\t\n\t\t\t<div class=\"authors-list-item-main\">\n\n\t\t\t\t\n\t\t\t\t\t\t\t\t\t<div class=\"authors-list-item-title\">\n\t\t\t\t\t\t<a href=\"https:\/\/digitogy.eu\/pl\/author\/celina\/\">Celina<\/a>\n\t\t\t\t\t<\/div>\n\t\t\t\t\n\t\t\t\t\n\t\t\t\t\n\t\t\t\t\t\t\t\t\t\t\t\t\t\t<div class=\"authors-list-item-subtitle\">7 posts<\/div>\n\t\t\t\t\n\t\t\t\t\n\t\t\t\t\n\t\t\t\t\n\t\t\t\t\n\t\t\t\t\n\t\t\t\t\t\t\t\t\t\t\t\t\t\t<a href=\"https:\/\/digitogy.eu\/pl\/author\/celina\/\" class=\"authors-list-item-link\" aria-label=\" - Zobacz posty \u2192\">Zobacz posty \u2192<\/a>\n\t\t\t\t\n\t\t\t\t\n\t\t\t<\/div><!-- .team-item-main -->\n\n\t\t<\/div><!-- .authors-list-item -->\n\n\t\t\n\t\t<div class=\"authors-list-item authors-list-item-clearfix authors-list-col authors-list-col-4\">\n\n\t\t\t\t\t\t\t<div class=\"authors-list-item-thumbnail\">\n\t\t\t\t\t\n\t\t\t\t\t<a href=\"https:\/\/digitogy.eu\/pl\/author\/jabin\/\" class=\"author-list-item-avatar\">\n\t\t\t\t\t\t\t\t\t\t\t\t\t<img alt='Jabin' src='https:\/\/digitogy.eu\/wp-content\/uploads\/2022\/09\/jabin-500x500.png' srcset='https:\/\/digitogy.eu\/wp-content\/uploads\/2022\/09\/jabin-1000x1000.png 2x' class='avatar avatar-500 photo' height='500' width='500' \/>\t\t\t\t\t\t\t\t\t\t\t<\/a>\n\n\t\t\t\t\t\t\t\t\t<\/div><!-- .team-item-thumbnail -->\n\t\t\t\n\t\t\t<div class=\"authors-list-item-main\">\n\n\t\t\t\t\n\t\t\t\t\t\t\t\t\t<div class=\"authors-list-item-title\">\n\t\t\t\t\t\t<a href=\"https:\/\/digitogy.eu\/pl\/author\/jabin\/\">Jabin<\/a>\n\t\t\t\t\t<\/div>\n\t\t\t\t\n\t\t\t\t\n\t\t\t\t\n\t\t\t\t\t\t\t\t\t\t\t\t\t\t<div class=\"authors-list-item-subtitle\">14 posts<\/div>\n\t\t\t\t\n\t\t\t\t\n\t\t\t\t\n\t\t\t\t\n\t\t\t\t\n\t\t\t\t\n\t\t\t\t\t\t\t\t\t\t\t\t\t\t<a href=\"https:\/\/digitogy.eu\/pl\/author\/jabin\/\" class=\"authors-list-item-link\" aria-label=\" - Zobacz posty \u2192\">Zobacz posty \u2192<\/a>\n\t\t\t\t\n\t\t\t\t\n\t\t\t<\/div><!-- .team-item-main -->\n\n\t\t<\/div><!-- .authors-list-item -->\n\n\t\t\n\t\t<div class=\"authors-list-item authors-list-item-clearfix authors-list-col authors-list-col-4\">\n\n\t\t\t\t\t\t\t<div class=\"authors-list-item-thumbnail\">\n\t\t\t\t\t\n\t\t\t\t\t<a href=\"https:\/\/digitogy.eu\/pl\/author\/julia\/\" class=\"author-list-item-avatar\">\n\t\t\t\t\t\t\t\t\t\t\t\t\t<img alt='Julia' src='https:\/\/digitogy.eu\/wp-content\/uploads\/2022\/05\/julia-200x200-1-500x500.jpg' srcset='https:\/\/digitogy.eu\/wp-content\/uploads\/2022\/05\/julia-200x200-1-1000x1000.jpg 2x' class='avatar avatar-500 photo' height='500' width='500' \/>\t\t\t\t\t\t\t\t\t\t\t<\/a>\n\n\t\t\t\t\t\t\t\t\t<\/div><!-- .team-item-thumbnail -->\n\t\t\t\n\t\t\t<div class=\"authors-list-item-main\">\n\n\t\t\t\t\n\t\t\t\t\t\t\t\t\t<div class=\"authors-list-item-title\">\n\t\t\t\t\t\t<a href=\"https:\/\/digitogy.eu\/pl\/author\/julia\/\">Julia<\/a>\n\t\t\t\t\t<\/div>\n\t\t\t\t\n\t\t\t\t\n\t\t\t\t\n\t\t\t\t\t\t\t\t\t\t\t\t\t\t<div class=\"authors-list-item-subtitle\">7 posts<\/div>\n\t\t\t\t\n\t\t\t\t\n\t\t\t\t\n\t\t\t\t\n\t\t\t\t\n\t\t\t\t\n\t\t\t\t\t\t\t\t\t\t\t\t\t\t<a href=\"https:\/\/digitogy.eu\/pl\/author\/julia\/\" class=\"authors-list-item-link\" aria-label=\" - Zobacz posty \u2192\">Zobacz posty \u2192<\/a>\n\t\t\t\t\n\t\t\t\t\n\t\t\t<\/div><!-- .team-item-main -->\n\n\t\t<\/div><!-- .authors-list-item -->\n\n\t\t\n\t\t<div class=\"authors-list-item authors-list-item-clearfix authors-list-col authors-list-col-4\">\n\n\t\t\t\t\t\t\t<div class=\"authors-list-item-thumbnail\">\n\t\t\t\t\t\n\t\t\t\t\t<a href=\"https:\/\/digitogy.eu\/pl\/author\/micha\/\" class=\"author-list-item-avatar\">\n\t\t\t\t\t\t\t\t\t\t\t\t\t<img alt='Micha' src='https:\/\/digitogy.eu\/wp-content\/uploads\/2022\/05\/micha-200x200-1-500x500.jpg' srcset='https:\/\/digitogy.eu\/wp-content\/uploads\/2022\/05\/micha-200x200-1-1000x1000.jpg 2x' class='avatar avatar-500 photo' height='500' width='500' \/>\t\t\t\t\t\t\t\t\t\t\t<\/a>\n\n\t\t\t\t\t\t\t\t\t<\/div><!-- .team-item-thumbnail -->\n\t\t\t\n\t\t\t<div class=\"authors-list-item-main\">\n\n\t\t\t\t\n\t\t\t\t\t\t\t\t\t<div class=\"authors-list-item-title\">\n\t\t\t\t\t\t<a href=\"https:\/\/digitogy.eu\/pl\/author\/micha\/\">Micha<\/a>\n\t\t\t\t\t<\/div>\n\t\t\t\t\n\t\t\t\t\n\t\t\t\t\n\t\t\t\t\t\t\t\t\t\t\t\t\t\t<div class=\"authors-list-item-subtitle\">25 posts<\/div>\n\t\t\t\t\n\t\t\t\t\n\t\t\t\t\n\t\t\t\t\n\t\t\t\t\n\t\t\t\t\n\t\t\t\t\t\t\t\t\t\t\t\t\t\t<a href=\"https:\/\/digitogy.eu\/pl\/author\/micha\/\" class=\"authors-list-item-link\" aria-label=\" - Zobacz posty \u2192\">Zobacz posty \u2192<\/a>\n\t\t\t\t\n\t\t\t\t\n\t\t\t<\/div><!-- .team-item-main -->\n\n\t\t<\/div><!-- .authors-list-item -->\n\n\t\t\n\t\t\t<span class=\"spinner\">\n\t\t\t\t<span class=\"spin\">\n\t\t\t\t\t<svg xmlns=\"http:\/\/www.w3.org\/2000\/svg\" viewBox=\"0 0 512 512\">\n\t\t\t\t\t\t<path d=\"M304 48C304 74.51 282.5 96 256 96C229.5 96 208 74.51 208 48C208 21.49 229.5 0 256 0C282.5 0 304 21.49 304 48zM304 464C304 490.5 282.5 512 256 512C229.5 512 208 490.5 208 464C208 437.5 229.5 416 256 416C282.5 416 304 437.5 304 464zM0 256C0 229.5 21.49 208 48 208C74.51 208 96 229.5 96 256C96 282.5 74.51 304 48 304C21.49 304 0 282.5 0 256zM512 256C512 282.5 490.5 304 464 304C437.5 304 416 282.5 416 256C416 229.5 437.5 208 464 208C490.5 208 512 229.5 512 256zM74.98 437C56.23 418.3 56.23 387.9 74.98 369.1C93.73 350.4 124.1 350.4 142.9 369.1C161.6 387.9 161.6 418.3 142.9 437C124.1 455.8 93.73 455.8 74.98 437V437zM142.9 142.9C124.1 161.6 93.73 161.6 74.98 142.9C56.24 124.1 56.24 93.73 74.98 74.98C93.73 56.23 124.1 56.23 142.9 74.98C161.6 93.73 161.6 124.1 142.9 142.9zM369.1 369.1C387.9 350.4 418.3 350.4 437 369.1C455.8 387.9 455.8 418.3 437 437C418.3 455.8 387.9 455.8 369.1 437C350.4 418.3 350.4 387.9 369.1 369.1V369.1z\"\/>\n\t\t\t\t\t<\/svg>\n\t\t\t\t<\/span>\n\t\t\t<\/span>\n\n\t\t\t\t\t\t<\/div><!-- authors-list-items -->\n\t\t\t\n<p>Wierzymy, \u017ce nie ka\u017cdy musi zna\u0107 si\u0119 na technologii i gad\u017cetach. Dlatego chcemy dzieli\u0107 si\u0119 nasz\u0105 wiedz\u0105 i pomaga\u0107 innym w dokonywaniu warto\u015bciowych zakup\u00f3w. Niech nie polegaj\u0105 na reklamach ani na przypadkowych decyzjach.<\/p>\n<h2>Nasze metody recenzowania<\/h2>\n<p>Kiedy\u015b opierali\u015bmy si\u0119 g\u0142\u00f3wnie na naszych w\u0142asnych opinii i intuicji. Nie byli\u015bmy wtedy tak precyzyjni, a nasze recenzje nie by\u0142y zr\u00f3wnowa\u017cone. Jednak z up\u0142ywem lat wiele si\u0119 zmieni\u0142o. Teraz nasz proces recenzowania jest bardziej profesjonalny. Staramy si\u0119 uwzgl\u0119dnia\u0107 zar\u00f3wno zalety, jak i wady produktu. <strong>Bez upi\u0119kszania!<\/strong><\/p>\n<p>Dlatego przyk\u0142adamy du\u017c\u0105 wag\u0119 do <strong>rzetelnych test\u00f3w<\/strong>. \u0141adne opisy na opakowaniu nie wystarcz\u0105, aby produkt zyska\u0142 najwy\u017csz\u0105 ocen\u0119 od nas. Mamy swoje wewn\u0119trzne kryteria, na kt\u00f3re zwracamy uwag\u0119. Zawsze sporz\u0105dzamy listy wad i zalet produkt\u00f3w. Ale musimy jeszcze opowiedzie\u0107 wam, jak przeprowadzamy testy!<\/p>\n<h2>Nasze metody testowania<\/h2>\n<p>Jedno jest pewne &#8211; uwielbiamy testowa\u0107! Zaczynamy od zam\u00f3wienia gad\u017cetu bezpo\u015brednio od producenta. Nie ryzykujemy zakupu podr\u00f3bki ani pomy\u0142ki w modelu. Nigdy nie prosimy r\u00f3wnie\u017c producent\u00f3w o darmowe produkty do testowania, aby zachowa\u0107 nasz\u0105 niezale\u017cno\u015b\u0107.<\/p>\n<p>To daje nam tak\u017ce mo\u017cliwo\u015b\u0107 oceny obs\u0142ugi klienta i czasu dostawy.<\/p>\n<p>Gdy otrzymamy przesy\u0142k\u0119, zaczynamy j\u0105 u\u017cywa\u0107! To zazwyczaj najprzyjemniejsza cz\u0119\u015b\u0107 test\u00f3w. Nie wystarczy jednak tylko otworzy\u0107 pude\u0142ko i przez chwil\u0119 si\u0119 bawi\u0107. Staramy si\u0119 u\u017cywa\u0107 gad\u017cetu w spos\u00f3b, dla kt\u00f3rego zosta\u0142 stworzony. Je\u015bli kupujemy dysk do tworzenia kopii zapasowych, tworzymy w\u0142a\u015bnie tak\u0105 kopi\u0119! A je\u015bli testujemy drona fotograficznego, zabieramy go na wakacje.<\/p>\n<p>Znamy si\u0119 na sprz\u0119cie. Wiemy, co jest naprawd\u0119 nowe. \u015aledzimy trendy i interesujemy si\u0119 tym, co dzieje si\u0119 w cyfrowym \u015bwiecie. I nigdy, przenigdy nie dajemy si\u0119 nabra\u0107 na odgrzewane kotlety.<\/p>\n<p>Nasze recenzje zawieraj\u0105 zar\u00f3wno zalety, jak i wady opisywanego produktu lub us\u0142ugi. Mo\u017cesz oczekiwa\u0107 od nas rzetelno\u015bci i staranno\u015bci we wszystkim, co robimy na rzecz naszych u\u017cytkownik\u00f3w. Opr\u00f3cz opisywania funkcjonalno\u015bci produkt\u00f3w, informujemy tak\u017ce o korzy\u015bciach, jakie oferuj\u0105 oraz ich rzeczywistej skuteczno\u015bci. Naszym celem jest <strong>pomaganie internautom w podejmowaniu najlepszych dla nich decyzji dotycz\u0105cych zakupu oprogramowania lub us\u0142ug online.<\/strong><\/p>\n<h2>Opinie, opinie!<\/h2>\n<p>No c\u00f3\u017c, mo\u017cesz zapyta\u0107 &#8211; czy polegamy tylko na naszej w\u0142asnej opinii? Czy piszemy recenzje, nie pytaj\u0105c o zdanie innych?<\/p>\n<p>Oczywi\u015bcie, \u017ce nie ograniczamy si\u0119 tylko do w\u0142asnych pogl\u0105d\u00f3w! Nasze recenzje zawsze s\u0105 <strong>wzbogacane o opinie i spostrze\u017cenia innych u\u017cytkownik\u00f3w<\/strong>. Pytamy na forach i sprawdzamy opinie publikowane w sieci.<\/p>\n<p>Mo\u017cesz by\u0107 spokojny. Nasze rankingi uwzgl\u0119dniaj\u0105 szerokie grono os\u00f3b, kt\u00f3re mia\u0142y okazj\u0119 przetestowa\u0107 omawiane produkty. Obiektywno\u015b\u0107 jest dla nas kluczowa. Wiemy, \u017ce czasami mo\u017cna si\u0119 niezas\u0142u\u017cenie zrazi\u0107 do dobrego sprz\u0119tu, np. ze wzgl\u0119du na kolor opakowania.<\/p>\n<h2>Niezale\u017cno\u015b\u0107<\/h2>\n<p>W Digitogy.eu jeste\u015bmy ca\u0142kowicie niezale\u017cni. <strong>Nie jeste\u015bmy sponsorowani ani nie mamy wp\u0142ywu z zewn\u0105trz.<\/strong> Nasze recenzje s\u0105 obiektywne i oparte wy\u0142\u0105cznie na naszej wiedzy i testach.<\/p>\n<p>Priorytetem dla nas jest transparentno\u015b\u0107 i dostarczanie autentycznych informacji, kt\u00f3re pomog\u0105 Ci podejmowa\u0107 \u015bwiadome decyzje. Polegamy na wsparciu naszych czytelnik\u00f3w i doceniamy Twoje zaufanie. Mo\u017cesz by\u0107 pewien, \u017ce naszym celem jest dostarczanie rzetelnych recenzji i rekomendacji.<\/p>\n<h2>Masz pytania?<\/h2>\n<p>Chcia\u0142by\u015b dowiedzie\u0107 si\u0119 wi\u0119cej o nas? Masz pytania lub w\u0105tpliwo\u015bci dotycz\u0105ce recenzowanych przez nas produkt\u00f3w? \u015amia\u0142o <a href=\"https:\/\/digitogy.eu\/pl\/kontakt-oss\/\">napisz do nas<\/a> &#8211; tutaj znajdziesz formularz kontaktowy dla strony Digitogy.eu.<\/p>\n","protected":false},"excerpt":{"rendered":"<p>Nasza historia Witamy na Digitogy.eu. Aby\u015bcie mogli nas lepiej pozna\u0107, zabierzemy Was w podr\u00f3\u017c wstecz do momentu za\u0142o\u017cenia naszej strony, zanim sta\u0142a si\u0119 tak\u0105, jak\u0105 jest dzisiaj. 8 pa\u017adziernika 2020 roku powsta\u0142o Digitogy.eu z wizj\u0105 dostarczania uczciwych recenzji gad\u017cet\u00f3w technologicznych. Zauwa\u017cyli\u015bmy, \u017ce gad\u017cety technologiczne maj\u0105 moc poprawienia i u\u0142atwienia naszego \u017cycia. Jednak w zalewie wybor\u00f3w [&hellip;]<\/p>\n","protected":false},"author":79,"featured_media":0,"parent":0,"menu_order":0,"comment_status":"closed","ping_status":"closed","template":"","meta":{"om_disable_all_campaigns":false,"footnotes":""},"sgf-content-tag":[472,470],"sgf-seo-push":[],"class_list":["post-20651","page","type-page","status-publish","hentry"],"yoast_head":"<!-- This site is optimized with the Yoast SEO plugin v24.9 - https:\/\/yoast.com\/wordpress\/plugins\/seo\/ -->\n<title>Par\u0119 s\u0142\u00f3w o nas | Digitogy.eu<\/title>\n<meta name=\"description\" content=\"Digitogy.eu to my - pasjonaci technologii. Kochamy gad\u017cety, a gad\u017cety kochaj\u0105 nas! Pomagamy wam w zakupach - zawsze niezale\u017cnie.\" \/>\n<meta name=\"robots\" content=\"index, follow, max-snippet:-1, max-image-preview:large, max-video-preview:-1\" \/>\n<link rel=\"canonical\" href=\"https:\/\/digitogy.eu\/pl\/o-nas\/\" \/>\n<meta property=\"og:locale\" content=\"pl_PL\" \/>\n<meta property=\"og:type\" content=\"article\" \/>\n<meta property=\"og:title\" content=\"Par\u0119 s\u0142\u00f3w o nas | Digitogy.eu\" \/>\n<meta property=\"og:description\" content=\"Digitogy.eu to my - pasjonaci technologii. Kochamy gad\u017cety, a gad\u017cety kochaj\u0105 nas! Pomagamy wam w zakupach - zawsze niezale\u017cnie.\" \/>\n<meta property=\"og:url\" content=\"https:\/\/digitogy.eu\/pl\/o-nas\/\" \/>\n<meta property=\"og:site_name\" content=\"Digitogy.eu\" \/>\n<meta property=\"article:modified_time\" content=\"2023-08-02T09:15:04+00:00\" \/>\n<meta name=\"twitter:card\" content=\"summary_large_image\" \/>\n<!-- \/ Yoast SEO plugin. -->","yoast_head_json":{"title":"Par\u0119 s\u0142\u00f3w o nas | Digitogy.eu","description":"Digitogy.eu to my - pasjonaci technologii. Kochamy gad\u017cety, a gad\u017cety kochaj\u0105 nas! Pomagamy wam w zakupach - zawsze niezale\u017cnie.","robots":{"index":"index","follow":"follow","max-snippet":"max-snippet:-1","max-image-preview":"max-image-preview:large","max-video-preview":"max-video-preview:-1"},"canonical":"https:\/\/digitogy.eu\/pl\/o-nas\/","og_locale":"pl_PL","og_type":"article","og_title":"Par\u0119 s\u0142\u00f3w o nas | Digitogy.eu","og_description":"Digitogy.eu to my - pasjonaci technologii. Kochamy gad\u017cety, a gad\u017cety kochaj\u0105 nas! Pomagamy wam w zakupach - zawsze niezale\u017cnie.","og_url":"https:\/\/digitogy.eu\/pl\/o-nas\/","og_site_name":"Digitogy.eu","article_modified_time":"2023-08-02T09:15:04+00:00","twitter_card":"summary_large_image","schema":{"@context":"https:\/\/schema.org","@graph":[{"@type":"WebPage","@id":"https:\/\/digitogy.eu\/pl\/o-nas\/","url":"https:\/\/digitogy.eu\/pl\/o-nas\/","name":"Par\u0119 s\u0142\u00f3w o nas | Digitogy.eu","isPartOf":{"@id":"https:\/\/digitogy.eu\/pl\/#website"},"datePublished":"2020-10-06T04:43:13+00:00","dateModified":"2023-08-02T09:15:04+00:00","description":"Digitogy.eu to my - pasjonaci technologii. Kochamy gad\u017cety, a gad\u017cety kochaj\u0105 nas! Pomagamy wam w zakupach - zawsze niezale\u017cnie.","breadcrumb":{"@id":"https:\/\/digitogy.eu\/pl\/o-nas\/#breadcrumb"},"inLanguage":"pl-PL","potentialAction":[{"@type":"ReadAction","target":["https:\/\/digitogy.eu\/pl\/o-nas\/"]}]},{"@type":"BreadcrumbList","@id":"https:\/\/digitogy.eu\/pl\/o-nas\/#breadcrumb","itemListElement":[{"@type":"ListItem","position":1,"name":"Home","item":"https:\/\/digitogy.eu\/pl\/"},{"@type":"ListItem","position":2,"name":"O nas"}]},{"@type":"WebSite","@id":"https:\/\/digitogy.eu\/pl\/#website","url":"https:\/\/digitogy.eu\/pl\/","name":"Digitogy.eu","description":"Digital Technology Magazine","publisher":{"@id":"https:\/\/digitogy.eu\/pl\/#organization"},"potentialAction":[{"@type":"SearchAction","target":{"@type":"EntryPoint","urlTemplate":"https:\/\/digitogy.eu\/pl\/?s={search_term_string}"},"query-input":{"@type":"PropertyValueSpecification","valueRequired":true,"valueName":"search_term_string"}}],"inLanguage":"pl-PL"},{"@type":"Organization","@id":"https:\/\/digitogy.eu\/pl\/#organization","name":"Digitogy.eu","url":"https:\/\/digitogy.eu\/pl\/","logo":{"@type":"ImageObject","inLanguage":"pl-PL","@id":"https:\/\/digitogy.eu\/pl\/#\/schema\/logo\/image\/","url":"https:\/\/digitogy.eu\/wp-content\/uploads\/2019\/11\/digitogy.png","contentUrl":"https:\/\/digitogy.eu\/wp-content\/uploads\/2019\/11\/digitogy.png","width":150,"height":42,"caption":"Digitogy.eu"},"image":{"@id":"https:\/\/digitogy.eu\/pl\/#\/schema\/logo\/image\/"}}]}},"_links":{"self":[{"href":"https:\/\/digitogy.eu\/pl\/wp-json\/wp\/v2\/pages\/20651","targetHints":{"allow":["GET"]}}],"collection":[{"href":"https:\/\/digitogy.eu\/pl\/wp-json\/wp\/v2\/pages"}],"about":[{"href":"https:\/\/digitogy.eu\/pl\/wp-json\/wp\/v2\/types\/page"}],"author":[{"embeddable":true,"href":"https:\/\/digitogy.eu\/pl\/wp-json\/wp\/v2\/users\/79"}],"replies":[{"embeddable":true,"href":"https:\/\/digitogy.eu\/pl\/wp-json\/wp\/v2\/comments?post=20651"}],"version-history":[{"count":10,"href":"https:\/\/digitogy.eu\/pl\/wp-json\/wp\/v2\/pages\/20651\/revisions"}],"predecessor-version":[{"id":47143,"href":"https:\/\/digitogy.eu\/pl\/wp-json\/wp\/v2\/pages\/20651\/revisions\/47143"}],"wp:attachment":[{"href":"https:\/\/digitogy.eu\/pl\/wp-json\/wp\/v2\/media?parent=20651"}],"wp:term":[{"taxonomy":"sgf-content-tag","embeddable":true,"href":"https:\/\/digitogy.eu\/pl\/wp-json\/wp\/v2\/sgf-content-tag?post=20651"},{"taxonomy":"sgf-seo-push","embeddable":true,"href":"https:\/\/digitogy.eu\/pl\/wp-json\/wp\/v2\/sgf-seo-push?post=20651"}],"curies":[{"name":"wp","href":"https:\/\/api.w.org\/{rel}","templated":true}]}}