{"id":10068,"date":"2019-10-16T13:14:27","date_gmt":"2019-10-16T12:14:27","guid":{"rendered":"https:\/\/digitogy.eu\/sitemap\/"},"modified":"2022-01-11T10:42:27","modified_gmt":"2022-01-11T09:42:27","slug":"sitemap","status":"publish","type":"page","link":"https:\/\/digitogy.eu\/pl\/sitemap\/","title":{"rendered":"Mapa strony"},"content":{"rendered":"<div class=\"wsp-container\"><h2 class=\"wsp-posts-title\">Posts by category<\/h2>\n<ul class=\"wsp-posts-list\">\n\t<li><strong class=\"wsp-category-title\">Category: <a href=\"https:\/\/digitogy.eu\/pl\/kategoria\/gadzety\/\">Gad\u017cety<\/a><\/strong>\n<ul class=\"wsp-posts-list\">\t\t<li class=\"wsp-post\"><a href=\"https:\/\/digitogy.eu\/pl\/itrack-opinie\/\">Recenzja iTrack &#8211; czy potrzebujesz ten GPS w 2026?<\/a><\/li>\n\t\t<li class=\"wsp-post\"><a href=\"https:\/\/digitogy.eu\/pl\/automix-opinie\/\">AutoMix Recenzja &#8211; praktyczny misker czy wyrzucone pieni\u0105dze?<\/a><\/li>\n\t\t<li class=\"wsp-post\"><a href=\"https:\/\/digitogy.eu\/pl\/smartlight-opinie\/\">Recenzja \u017car\u00f3wki SmartLight &#8211; czy warto j\u0105 kupi\u0107 w 2026?<\/a><\/li>\n\t\t<li class=\"wsp-post\"><a href=\"https:\/\/digitogy.eu\/pl\/muama-enence-opinie\/\">T\u0142umacz Muama Enence &#8211; recenzja 2026<\/a><\/li>\n\t\t<li class=\"wsp-post\"><a href=\"https:\/\/digitogy.eu\/pl\/nuubu-opinie\/\">Recenzja plastr\u00f3w Nuubu &#8211; czy warto je kupi\u0107 w 2026?<\/a><\/li>\n\t\t<li class=\"wsp-post\"><a href=\"https:\/\/digitogy.eu\/pl\/recenzja-ecoheat-s\/\">Recenzja EcoHeat S &#8211; czy warto go kupi\u0107 w 2026?<\/a><\/li>\n\t\t<li class=\"wsp-post\"><a href=\"https:\/\/digitogy.eu\/pl\/recenzja-easy-waxoff\/\">Recenzja Easy WaxOff 2026<\/a><\/li>\n\t\t<li class=\"wsp-post\"><a href=\"https:\/\/digitogy.eu\/pl\/fixd-recenzja\/\">FIXD 2026 \u2013 monitor zdrowia samochodu, kt\u00f3ry poka\u017ce problemy Twoich czterech k\u00f3\u0142ek!<\/a><\/li>\n\t\t<li class=\"wsp-post\"><a href=\"https:\/\/digitogy.eu\/pl\/recenzja-cooledge\/\">Recenzja CoolEdge &#8211; czy warto kupi\u0107 w 2026?<\/a><\/li>\n\t\t<li class=\"wsp-post\"><a href=\"https:\/\/digitogy.eu\/pl\/keysmart-recenzja\/\">Organizer do kluczy KeySmart 2026 &#8211; \u0142ad w kieszeni<\/a><\/li>\n\t\t<li class=\"wsp-post\"><a href=\"https:\/\/digitogy.eu\/pl\/chargehubgo-plus-recenzja\/\">ChargeHubGO+ recenzja 2026 &#8211; sztuka \u0142adowania bezprzewodowego<\/a><\/li>\n\t\t<li class=\"wsp-post\"><a href=\"https:\/\/digitogy.eu\/pl\/recenzja-stealthhawk-pro\/\">Recenzja StealthHawk Pro 2026<\/a><\/li>\n\t\t<li class=\"wsp-post\"><a href=\"https:\/\/digitogy.eu\/pl\/zoomshot-pro-opinie\/\">ZoomShot Pro Opinie &#8211; pogromca drogich aparat\u00f3w cyfrowych<\/a><\/li>\n\t\t<li class=\"wsp-post\"><a href=\"https:\/\/digitogy.eu\/pl\/clearview-opinie\/\">ClearView Recenzja &#8211; Koniec o\u015blepiaj\u0105cych \u015bwiate\u0142 reflektor\u00f3w i s\u0142abej widoczno\u015bci w deszczu<\/a><\/li>\n\t\t<li class=\"wsp-post\"><a href=\"https:\/\/digitogy.eu\/pl\/picobuds-pro-recenzja\/\">Recenzja PicoBuds Pro &#8211; Regulowany wzmacniacz s\u0142uchu!<\/a><\/li>\n\t\t<li class=\"wsp-post\"><a href=\"https:\/\/digitogy.eu\/pl\/recenzja-muama-ryoko\/\">Recenzja MUAMA Ryoko 2026<\/a><\/li>\n\t\t<li class=\"wsp-post\"><a href=\"https:\/\/digitogy.eu\/pl\/moksha-beam-opinie\/\">Beam opinie 2026. Oddech przeciw stresowi<\/a><\/li>\n\t\t<li class=\"wsp-post\"><a href=\"https:\/\/digitogy.eu\/pl\/recenzja-airphysio\/\">Recenzja AirPhysio 2026: \u0106wicz oddech codziennie!<\/a><\/li>\n\t\t<li class=\"wsp-post\"><a href=\"https:\/\/digitogy.eu\/pl\/recenzja-thephotostick-omni\/\">Recenzja ThePhotoStick Omni 2026: chroni najcenniejsze pami\u0105tki<\/a><\/li>\n\t\t<li class=\"wsp-post\"><a href=\"https:\/\/digitogy.eu\/pl\/recenzja-drone720x\/\">Recenzja Drone720X 2026: Wspomnienia z wakacji z lotu ptaka!<\/a><\/li>\n\t\t<li class=\"wsp-post\"><a href=\"https:\/\/digitogy.eu\/pl\/quietbuds-recenzja\/\">Recenzja QuietBuds 2026: poziom ha\u0142asu zale\u017cy od ciebie!<\/a><\/li>\n\t\t<li class=\"wsp-post\"><a href=\"https:\/\/digitogy.eu\/pl\/recenzja-smartwatcha-dwatch\/\">Recenzja smartwatcha D Watch<\/a><\/li>\n\t\t<li class=\"wsp-post\"><a href=\"https:\/\/digitogy.eu\/pl\/tactic-air-drone-recenzja\/\">Recenzja Tactic Air Drone 2026 &#8211; taniego drona z dwiema kamerami<\/a><\/li>\n\t\t<li class=\"wsp-post\"><a href=\"https:\/\/digitogy.eu\/pl\/healthwatch-opinie\/\">Healthwatch opinie 2026<\/a><\/li>\n\t\t<li class=\"wsp-post\"><a href=\"https:\/\/digitogy.eu\/pl\/germcide-x-recenzja\/\">Recenzja przeno\u015bnego sterylizatora UV GermCide X 2026<\/a><\/li>\n\t\t<li class=\"wsp-post\"><a href=\"https:\/\/digitogy.eu\/pl\/recenzja-t-watch\/\">Recenzja t-watch 2026<\/a><\/li>\n\t\t<li class=\"wsp-post\"><a href=\"https:\/\/digitogy.eu\/pl\/recenzja-moskix\/\">Recenzja opaski ultrad\u017awi\u0119kowej MoskiX<\/a><\/li>\n\t\t<li class=\"wsp-post\"><a href=\"https:\/\/digitogy.eu\/pl\/caresole-circa-recenzja\/\">Recenzja Caresole Circa 2026<\/a><\/li>\n\t\t<li class=\"wsp-post\"><a href=\"https:\/\/digitogy.eu\/pl\/usmile-pro-opinie\/\">uSmile Pro Opinie 2026<\/a><\/li>\n\t\t<li class=\"wsp-post\"><a href=\"https:\/\/digitogy.eu\/pl\/thephoto-stick-recenzja\/\">Recenzja ThePhotoStick 2026<\/a><\/li>\n\t\t<li class=\"wsp-post\"><a href=\"https:\/\/digitogy.eu\/pl\/recenzja-screenklean\/\">Recenzja ScreenKlean 2026<\/a><\/li>\n\t\t<li class=\"wsp-post\"><a href=\"https:\/\/digitogy.eu\/pl\/recenzja-silent-snore\/\">Recenzja SilentSnore<\/a><\/li>\n\t\t<li class=\"wsp-post\"><a href=\"https:\/\/digitogy.eu\/pl\/recenzja-signal-relief\/\">Recenzja Signal Relief 2026 &#8211; inny \u015brodek przeciwb\u00f3lowy<\/a><\/li>\n\t\t<li class=\"wsp-post\"><a href=\"https:\/\/digitogy.eu\/pl\/przeglad-dangobuds\/\">Recenzja \u015bwietnych bezprzewodowych s\u0142uchawek Dangobuds 2026<\/a><\/li>\n\t\t<li class=\"wsp-post\"><a href=\"https:\/\/digitogy.eu\/pl\/heat-core\/\">Zimno&#8230; ciep\u0142o&#8230; cieplej&#8230; HeatCore! 2026<\/a><\/li>\n\t\t<li class=\"wsp-post\"><a href=\"https:\/\/digitogy.eu\/pl\/recenzja-regulowanych-okularow-properfocus\/\">Recenzja regulowanych okular\u00f3w ProperFocus 2026<\/a><\/li>\n\t\t<li class=\"wsp-post\"><a href=\"https:\/\/digitogy.eu\/pl\/recenzja-dronex-pro\/\">Recenzja DroneX Pro 2026<\/a><\/li>\n\t\t<li class=\"wsp-post\"><a href=\"https:\/\/digitogy.eu\/pl\/range-xtd\/\">Recenzja wzmacniacza WiFi RangeXTD 2026<\/a><\/li>\n\t\t<li class=\"wsp-post\"><a href=\"https:\/\/digitogy.eu\/pl\/xtra-pc-opinie\/\">Recenzja Xtra-PC 2026. Nowe \u017cycie dla starego komputera!<\/a><\/li>\n\t\t<li class=\"wsp-post\"><a href=\"https:\/\/digitogy.eu\/pl\/starscope-monocular\/\">Recenzja lunety Starscope 2026<\/a><\/li>\n\t\t<li class=\"wsp-post\"><a href=\"https:\/\/digitogy.eu\/pl\/recenzja-aculief\/\">Aculief, czyli tradycyjna terapia b\u00f3lu w stylu wschodnim 2026<\/a><\/li>\n\t\t<li class=\"wsp-post\"><a href=\"https:\/\/digitogy.eu\/pl\/infinitikloud-recenzja\/\">InfinitiKloud recenzja 2026 narz\u0119dzia do tworzenia kopii zapasowych<\/a><\/li>\n\t\t<li class=\"wsp-post\"><a href=\"https:\/\/digitogy.eu\/pl\/barx-stop-recenzja\/\">BarXStop recenzja ultrad\u017awi\u0119kowego tresera ps\u00f3w 2026<\/a><\/li>\n\t\t<li class=\"wsp-post\"><a href=\"https:\/\/digitogy.eu\/pl\/xy-findit\/\">XY Find It recenzja 2026 \u2013 odszukaj swoje zguby dzi\u0119ki Bluetooth<\/a><\/li>\n\t\t<li class=\"wsp-post\"><a href=\"https:\/\/digitogy.eu\/pl\/protector-pitch-opinie\/\">Recenzja Protector Pitch 2026: bezpieczny w u\u017cyciu osobisty alarm<\/a><\/li>\n\t\t<li class=\"wsp-post\"><a href=\"https:\/\/digitogy.eu\/pl\/loyal-watch\/\">Recenzja zegarka LoyalWatch 2026<\/a><\/li>\n\t\t<li class=\"wsp-post\"><a href=\"https:\/\/digitogy.eu\/pl\/recenzja-the-photostick-mobile\/\">Recenzja The Photo Stick Mobile 2026<\/a><\/li>\n\t\t<li class=\"wsp-post\"><a href=\"https:\/\/digitogy.eu\/pl\/recenzja-memory-safe-x\/\">Recenzja Memory Safe X 2026<\/a><\/li>\n\t\t<li class=\"wsp-post\"><a href=\"https:\/\/digitogy.eu\/pl\/recenzja-produktu-bondic-glue\/\">Recenzja produktu Bondic Glue 2026<\/a><\/li>\n\t\t<li class=\"wsp-post\"><a href=\"https:\/\/digitogy.eu\/pl\/wifi-ultra-booster\/\">Zwi\u0119ksz zasi\u0119g domowego WiFi dzi\u0119ki WiFi UltraBoost 2026<\/a><\/li>\n<\/ul><\/li>\n\t<li><strong class=\"wsp-category-title\">Category: <a href=\"https:\/\/digitogy.eu\/pl\/kategoria\/poradniki\/\">Poradniki<\/a><\/strong>\n<ul class=\"wsp-posts-list\">\t\t<li class=\"wsp-post\"><a href=\"https:\/\/digitogy.eu\/pl\/najlepsze-gadzety-na-swieta\/\">Najlepsze gad\u017cety na \u015bwi\u0119ta 2026<\/a><\/li>\n\t\t<li class=\"wsp-post\"><a href=\"https:\/\/digitogy.eu\/pl\/sprawdz-jak-zgrac-zdjecia-z-iphone-na-komputer-sep-sitename\/\">Jak zgra\u0107 zdj\u0119cia z iPhone na komputer?<\/a><\/li>\n\t\t<li class=\"wsp-post\"><a href=\"https:\/\/digitogy.eu\/pl\/przyspieszanie-komputera\/\">Wiesz jak przyspieszy\u0107 komputer? Sprawd\u017a aktualne sposoby na 2026<\/a><\/li>\n<\/ul><\/li>\n<\/ul>\n<\/div>\n","protected":false},"excerpt":{"rendered":"","protected":false},"author":79,"featured_media":0,"parent":0,"menu_order":0,"comment_status":"closed","ping_status":"closed","template":"","meta":{"om_disable_all_campaigns":false,"footnotes":""},"sgf-content-tag":[472,474],"sgf-seo-push":[],"class_list":["post-10068","page","type-page","status-publish","hentry"],"yoast_head":"<!-- This site is optimized with the Yoast SEO plugin v24.9 - https:\/\/yoast.com\/wordpress\/plugins\/seo\/ -->\n<title>Mapa strony | Digitogy.eu<\/title>\n<meta name=\"robots\" content=\"index, follow, max-snippet:-1, max-image-preview:large, max-video-preview:-1\" \/>\n<link rel=\"canonical\" href=\"https:\/\/digitogy.eu\/pl\/sitemap\/\" \/>\n<meta property=\"og:locale\" content=\"pl_PL\" \/>\n<meta property=\"og:type\" content=\"article\" \/>\n<meta property=\"og:title\" content=\"Mapa strony | Digitogy.eu\" \/>\n<meta property=\"og:url\" content=\"https:\/\/digitogy.eu\/pl\/sitemap\/\" \/>\n<meta property=\"og:site_name\" content=\"Digitogy.eu\" \/>\n<meta property=\"article:modified_time\" content=\"2022-01-11T09:42:27+00:00\" \/>\n<meta name=\"twitter:card\" content=\"summary_large_image\" \/>\n<!-- \/ Yoast SEO plugin. -->","yoast_head_json":{"title":"Mapa strony | Digitogy.eu","robots":{"index":"index","follow":"follow","max-snippet":"max-snippet:-1","max-image-preview":"max-image-preview:large","max-video-preview":"max-video-preview:-1"},"canonical":"https:\/\/digitogy.eu\/pl\/sitemap\/","og_locale":"pl_PL","og_type":"article","og_title":"Mapa strony | Digitogy.eu","og_url":"https:\/\/digitogy.eu\/pl\/sitemap\/","og_site_name":"Digitogy.eu","article_modified_time":"2022-01-11T09:42:27+00:00","twitter_card":"summary_large_image","schema":{"@context":"https:\/\/schema.org","@graph":[{"@type":"WebPage","@id":"https:\/\/digitogy.eu\/pl\/sitemap\/","url":"https:\/\/digitogy.eu\/pl\/sitemap\/","name":"Mapa strony | Digitogy.eu","isPartOf":{"@id":"https:\/\/digitogy.eu\/pl\/#website"},"datePublished":"2019-10-16T12:14:27+00:00","dateModified":"2022-01-11T09:42:27+00:00","breadcrumb":{"@id":"https:\/\/digitogy.eu\/pl\/sitemap\/#breadcrumb"},"inLanguage":"pl-PL","potentialAction":[{"@type":"ReadAction","target":["https:\/\/digitogy.eu\/pl\/sitemap\/"]}]},{"@type":"BreadcrumbList","@id":"https:\/\/digitogy.eu\/pl\/sitemap\/#breadcrumb","itemListElement":[{"@type":"ListItem","position":1,"name":"Home","item":"https:\/\/digitogy.eu\/pl\/"},{"@type":"ListItem","position":2,"name":"Mapa strony"}]},{"@type":"WebSite","@id":"https:\/\/digitogy.eu\/pl\/#website","url":"https:\/\/digitogy.eu\/pl\/","name":"Digitogy.eu","description":"Digital Technology Magazine","publisher":{"@id":"https:\/\/digitogy.eu\/pl\/#organization"},"potentialAction":[{"@type":"SearchAction","target":{"@type":"EntryPoint","urlTemplate":"https:\/\/digitogy.eu\/pl\/?s={search_term_string}"},"query-input":{"@type":"PropertyValueSpecification","valueRequired":true,"valueName":"search_term_string"}}],"inLanguage":"pl-PL"},{"@type":"Organization","@id":"https:\/\/digitogy.eu\/pl\/#organization","name":"Digitogy.eu","url":"https:\/\/digitogy.eu\/pl\/","logo":{"@type":"ImageObject","inLanguage":"pl-PL","@id":"https:\/\/digitogy.eu\/pl\/#\/schema\/logo\/image\/","url":"https:\/\/digitogy.eu\/wp-content\/uploads\/2019\/11\/digitogy.png","contentUrl":"https:\/\/digitogy.eu\/wp-content\/uploads\/2019\/11\/digitogy.png","width":150,"height":42,"caption":"Digitogy.eu"},"image":{"@id":"https:\/\/digitogy.eu\/pl\/#\/schema\/logo\/image\/"}}]}},"_links":{"self":[{"href":"https:\/\/digitogy.eu\/pl\/wp-json\/wp\/v2\/pages\/10068","targetHints":{"allow":["GET"]}}],"collection":[{"href":"https:\/\/digitogy.eu\/pl\/wp-json\/wp\/v2\/pages"}],"about":[{"href":"https:\/\/digitogy.eu\/pl\/wp-json\/wp\/v2\/types\/page"}],"author":[{"embeddable":true,"href":"https:\/\/digitogy.eu\/pl\/wp-json\/wp\/v2\/users\/79"}],"replies":[{"embeddable":true,"href":"https:\/\/digitogy.eu\/pl\/wp-json\/wp\/v2\/comments?post=10068"}],"version-history":[{"count":2,"href":"https:\/\/digitogy.eu\/pl\/wp-json\/wp\/v2\/pages\/10068\/revisions"}],"predecessor-version":[{"id":21240,"href":"https:\/\/digitogy.eu\/pl\/wp-json\/wp\/v2\/pages\/10068\/revisions\/21240"}],"wp:attachment":[{"href":"https:\/\/digitogy.eu\/pl\/wp-json\/wp\/v2\/media?parent=10068"}],"wp:term":[{"taxonomy":"sgf-content-tag","embeddable":true,"href":"https:\/\/digitogy.eu\/pl\/wp-json\/wp\/v2\/sgf-content-tag?post=10068"},{"taxonomy":"sgf-seo-push","embeddable":true,"href":"https:\/\/digitogy.eu\/pl\/wp-json\/wp\/v2\/sgf-seo-push?post=10068"}],"curies":[{"name":"wp","href":"https:\/\/api.w.org\/{rel}","templated":true}]}}