{"id":46999,"date":"2023-07-20T04:44:17","date_gmt":"2023-07-20T03:44:17","guid":{"rendered":"https:\/\/digitogy.eu\/?page_id=46999"},"modified":"2023-07-27T10:29:16","modified_gmt":"2023-07-27T09:29:16","slug":"eierskapsavsloring","status":"publish","type":"page","link":"https:\/\/digitogy.eu\/no\/eierskapsavsloring\/","title":{"rendered":"Eierskapsavsl\u00f8ring"},"content":{"rendered":"<p><a href=\"http:\/\/Digitogy.eu\/no\">Digitogy.eu<\/a> eies og drives av Affiliare Inc. Vi er et selskap som spesialiserer oss p\u00e5 tilknyttet markedsf\u00f8ring og produktanmeldelser.<\/p>\n<p>P\u00e5 Digitogy.eu er v\u00e5rt m\u00e5l \u00e5 gi upartiske og objektive anmeldelser.<\/p>\n<p>Det er likevel viktig \u00e5 erkjenne at v\u00e5re anmeldelser av og til kan nevne andre produkter, tjenester, trenere, konsulenter og\/eller eksperter.<\/p>\n<p>Vennligst merk at slike referanser ikke er ment som anbefalinger eller uttalelser som bekrefter n\u00f8yaktigheten av informasjonen som er gitt av de nevnte partene.<\/p>\n<p>Vi oppfordrer deg til \u00e5 gjennomf\u00f8re dine egne unders\u00f8kelser og forskning f\u00f8r du tar noen kj\u00f8psbeslutninger. Selv om vi streber etter \u00e5 gi nyttig informasjon, anbefaler vi at du stoler p\u00e5 ulike kilder og gj\u00f8r dine egne unders\u00f8kelser for \u00e5 avgj\u00f8re om et spesifikt produkt eller en tjeneste passer for dine behov.<\/p>\n<p>For eventuelle sp\u00f8rsm\u00e5l eller henvendelser relatert til Digitogy.eu, er du velkommen til \u00e5 kontakte oss p\u00e5 <a href=\"mailto:info@affiliareinc.com\" target=\"_new\" rel=\"noopener nofollow noreferrer\">info@affiliareinc.com<\/a>.<\/p>\n<p>Vi er her for \u00e5 hjelpe deg og gi all n\u00f8dvendig informasjon.<\/p>\n<p>Takk for at du bes\u00f8kte Digitogy.eu, og vi setter pris p\u00e5 din forst\u00e5else av v\u00e5rt eierskap og vurderingsprosess.<\/p>\n","protected":false},"excerpt":{"rendered":"<p>Digitogy.eu eies og drives av Affiliare Inc. Vi er et selskap som spesialiserer oss p\u00e5 tilknyttet markedsf\u00f8ring og produktanmeldelser. P\u00e5 Digitogy.eu er v\u00e5rt m\u00e5l \u00e5 gi upartiske og objektive anmeldelser. Det er likevel viktig \u00e5 erkjenne at v\u00e5re anmeldelser av og til kan nevne andre produkter, tjenester, trenere, konsulenter og\/eller eksperter. Vennligst merk at slike [&hellip;]<\/p>\n","protected":false},"author":45,"featured_media":0,"parent":0,"menu_order":0,"comment_status":"closed","ping_status":"closed","template":"","meta":{"om_disable_all_campaigns":false,"footnotes":""},"sgf-content-tag":[1595,472],"sgf-seo-push":[],"class_list":["post-46999","page","type-page","status-publish","hentry"],"yoast_head":"<!-- This site is optimized with the Yoast SEO plugin v24.9 - https:\/\/yoast.com\/wordpress\/plugins\/seo\/ -->\n<title>Eierskapsavsl\u00f8ring | Digitogy.eu<\/title>\n<meta name=\"description\" content=\"Digitogy.eu eies og drives av Affiliare Inc. Vi er et selskap som spesialiserer oss p\u00e5 tilknyttet markedsf\u00f8ring og produktanmeldelser. P\u00e5 Digitogy.eu er\" \/>\n<meta name=\"robots\" content=\"index, follow, max-snippet:-1, max-image-preview:large, max-video-preview:-1\" \/>\n<link rel=\"canonical\" href=\"https:\/\/digitogy.eu\/no\/eierskapsavsloring\/\" \/>\n<meta property=\"og:locale\" content=\"nb_NO\" \/>\n<meta property=\"og:type\" content=\"article\" \/>\n<meta property=\"og:title\" content=\"Eierskapsavsl\u00f8ring | Digitogy.eu\" \/>\n<meta property=\"og:description\" content=\"Digitogy.eu eies og drives av Affiliare Inc. Vi er et selskap som spesialiserer oss p\u00e5 tilknyttet markedsf\u00f8ring og produktanmeldelser. P\u00e5 Digitogy.eu er\" \/>\n<meta property=\"og:url\" content=\"https:\/\/digitogy.eu\/no\/eierskapsavsloring\/\" \/>\n<meta property=\"og:site_name\" content=\"Digitogy.eu\" \/>\n<meta property=\"article:modified_time\" content=\"2023-07-27T09:29:16+00:00\" \/>\n<meta name=\"twitter:card\" content=\"summary_large_image\" \/>\n<!-- \/ Yoast SEO plugin. -->","yoast_head_json":{"title":"Eierskapsavsl\u00f8ring | Digitogy.eu","description":"Digitogy.eu eies og drives av Affiliare Inc. Vi er et selskap som spesialiserer oss p\u00e5 tilknyttet markedsf\u00f8ring og produktanmeldelser. P\u00e5 Digitogy.eu er","robots":{"index":"index","follow":"follow","max-snippet":"max-snippet:-1","max-image-preview":"max-image-preview:large","max-video-preview":"max-video-preview:-1"},"canonical":"https:\/\/digitogy.eu\/no\/eierskapsavsloring\/","og_locale":"nb_NO","og_type":"article","og_title":"Eierskapsavsl\u00f8ring | Digitogy.eu","og_description":"Digitogy.eu eies og drives av Affiliare Inc. Vi er et selskap som spesialiserer oss p\u00e5 tilknyttet markedsf\u00f8ring og produktanmeldelser. P\u00e5 Digitogy.eu er","og_url":"https:\/\/digitogy.eu\/no\/eierskapsavsloring\/","og_site_name":"Digitogy.eu","article_modified_time":"2023-07-27T09:29:16+00:00","twitter_card":"summary_large_image","schema":{"@context":"https:\/\/schema.org","@graph":[{"@type":"WebPage","@id":"https:\/\/digitogy.eu\/no\/eierskapsavsloring\/","url":"https:\/\/digitogy.eu\/no\/eierskapsavsloring\/","name":"Eierskapsavsl\u00f8ring | Digitogy.eu","isPartOf":{"@id":"https:\/\/digitogy.eu\/no\/#website"},"datePublished":"2023-07-20T03:44:17+00:00","dateModified":"2023-07-27T09:29:16+00:00","description":"Digitogy.eu eies og drives av Affiliare Inc. Vi er et selskap som spesialiserer oss p\u00e5 tilknyttet markedsf\u00f8ring og produktanmeldelser. P\u00e5 Digitogy.eu er","breadcrumb":{"@id":"https:\/\/digitogy.eu\/no\/eierskapsavsloring\/#breadcrumb"},"inLanguage":"nb-NO","potentialAction":[{"@type":"ReadAction","target":["https:\/\/digitogy.eu\/no\/eierskapsavsloring\/"]}]},{"@type":"BreadcrumbList","@id":"https:\/\/digitogy.eu\/no\/eierskapsavsloring\/#breadcrumb","itemListElement":[{"@type":"ListItem","position":1,"name":"Home","item":"https:\/\/digitogy.eu\/no\/hjem\/"},{"@type":"ListItem","position":2,"name":"Eierskapsavsl\u00f8ring"}]},{"@type":"WebSite","@id":"https:\/\/digitogy.eu\/no\/#website","url":"https:\/\/digitogy.eu\/no\/","name":"Digitogy.eu","description":"Digital Technology Magazine","publisher":{"@id":"https:\/\/digitogy.eu\/no\/#organization"},"potentialAction":[{"@type":"SearchAction","target":{"@type":"EntryPoint","urlTemplate":"https:\/\/digitogy.eu\/no\/?s={search_term_string}"},"query-input":{"@type":"PropertyValueSpecification","valueRequired":true,"valueName":"search_term_string"}}],"inLanguage":"nb-NO"},{"@type":"Organization","@id":"https:\/\/digitogy.eu\/no\/#organization","name":"Digitogy.eu","url":"https:\/\/digitogy.eu\/no\/","logo":{"@type":"ImageObject","inLanguage":"nb-NO","@id":"https:\/\/digitogy.eu\/no\/#\/schema\/logo\/image\/","url":"https:\/\/digitogy.eu\/wp-content\/uploads\/2019\/11\/digitogy.png","contentUrl":"https:\/\/digitogy.eu\/wp-content\/uploads\/2019\/11\/digitogy.png","width":150,"height":42,"caption":"Digitogy.eu"},"image":{"@id":"https:\/\/digitogy.eu\/no\/#\/schema\/logo\/image\/"}}]}},"_links":{"self":[{"href":"https:\/\/digitogy.eu\/no\/wp-json\/wp\/v2\/pages\/46999","targetHints":{"allow":["GET"]}}],"collection":[{"href":"https:\/\/digitogy.eu\/no\/wp-json\/wp\/v2\/pages"}],"about":[{"href":"https:\/\/digitogy.eu\/no\/wp-json\/wp\/v2\/types\/page"}],"author":[{"embeddable":true,"href":"https:\/\/digitogy.eu\/no\/wp-json\/wp\/v2\/users\/45"}],"replies":[{"embeddable":true,"href":"https:\/\/digitogy.eu\/no\/wp-json\/wp\/v2\/comments?post=46999"}],"version-history":[{"count":2,"href":"https:\/\/digitogy.eu\/no\/wp-json\/wp\/v2\/pages\/46999\/revisions"}],"predecessor-version":[{"id":47060,"href":"https:\/\/digitogy.eu\/no\/wp-json\/wp\/v2\/pages\/46999\/revisions\/47060"}],"wp:attachment":[{"href":"https:\/\/digitogy.eu\/no\/wp-json\/wp\/v2\/media?parent=46999"}],"wp:term":[{"taxonomy":"sgf-content-tag","embeddable":true,"href":"https:\/\/digitogy.eu\/no\/wp-json\/wp\/v2\/sgf-content-tag?post=46999"},{"taxonomy":"sgf-seo-push","embeddable":true,"href":"https:\/\/digitogy.eu\/no\/wp-json\/wp\/v2\/sgf-seo-push?post=46999"}],"curies":[{"name":"wp","href":"https:\/\/api.w.org\/{rel}","templated":true}]}}