{"id":46949,"date":"2023-07-18T11:15:10","date_gmt":"2023-07-18T10:15:10","guid":{"rendered":"https:\/\/digitogy.eu\/?page_id=46949"},"modified":"2023-07-27T10:28:37","modified_gmt":"2023-07-27T09:28:37","slug":"affiliate-ansvarsfraskrivelse","status":"publish","type":"page","link":"https:\/\/digitogy.eu\/no\/affiliate-ansvarsfraskrivelse\/","title":{"rendered":"Affiliate Ansvarsfraskrivelse"},"content":{"rendered":"<p>Fra tid til annen kan <a href=\"https:\/\/digitogy.eu\/no\">digitogy.eu<\/a> delta i affiliate markedsf\u00f8ring, som gir oss muligheten til \u00e5 inkludere tilknyttede lenker p\u00e5 noen av v\u00e5re sider.<\/p>\n<p>Hvis du gj\u00f8r et kj\u00f8p gjennom disse tilknyttede lenkene, kan vi tjene en provisjon. Denne provisjonen bidrar til \u00e5 st\u00f8tte v\u00e5r testing og gjennomgang av ulike tjenester.<\/p>\n<p>V\u00e6r likevel oppmerksom p\u00e5 at inkluderingen av tilknyttede lenker ikke p\u00e5virker objektiviteten i v\u00e5re anmeldelser og anbefalinger.<\/p>\n<h2>Ansvarsfraskrivelse for brukergenerert innhold<\/h2>\n<p>Informasjonen som presenteres p\u00e5 digitogy.eu er gitt i god tro og kun for generell informasjon. Vi streber etter \u00e5 gi n\u00f8yaktig og oppdatert informasjon, men vi kan ikke garantere fullstendigheten, p\u00e5liteligheten eller egnetheten til innholdet.<\/p>\n<p>Det er viktig \u00e5 forst\u00e5 at vi ikke tolererer eller st\u00f8tter ulovlig aktivitet. Alle handlinger du tar basert p\u00e5 informasjonen p\u00e5 denne nettsiden er utelukkende p\u00e5 egen risiko. Vi er ikke ansvarlige for eventuelle konsekvenser eller skader som oppst\u00e5r fra dine handlinger.<\/p>\n<p>I tillegg kan denne nettsiden tillate brukere \u00e5 lage innhold som kommentarer, anmeldelser eller anbefalinger. Selv om vi bestreber oss p\u00e5 \u00e5 overv\u00e5ke og overv\u00e5ke brukergenerert innhold, kan vi ikke garantere dets n\u00f8yaktighet, p\u00e5litelighet eller autentisitet. Vi er ikke ansvarlige for brukergenerert innhold som legges ut p\u00e5 denne nettsiden.<\/p>\n<p>Bruk d\u00f8mmekraft og skj\u00f8nn n\u00e5r du tar kj\u00f8psbeslutninger basert p\u00e5 informasjonen som presenteres p\u00e5 denne nettsiden. Hvis du er i tvil eller bekymringer, anbefaler vi \u00e5 s\u00f8ke profesjonelle r\u00e5d eller kontakte produsenten eller tjenesteleverand\u00f8ren direkte.<\/p>\n<p>Ved \u00e5 bruke digitogy.eu godtar du vilk\u00e5rene i dette partnerskapet og ansvarsfraskrivelsen for brukergenerert innhold.<\/p>\n","protected":false},"excerpt":{"rendered":"<p>Fra tid til annen kan digitogy.eu delta i affiliate markedsf\u00f8ring, som gir oss muligheten til \u00e5 inkludere tilknyttede lenker p\u00e5 noen av v\u00e5re sider. Hvis du gj\u00f8r et kj\u00f8p gjennom disse tilknyttede lenkene, kan vi tjene en provisjon. Denne provisjonen bidrar til \u00e5 st\u00f8tte v\u00e5r testing og gjennomgang av ulike tjenester. V\u00e6r likevel oppmerksom p\u00e5 [&hellip;]<\/p>\n","protected":false},"author":45,"featured_media":0,"parent":0,"menu_order":0,"comment_status":"closed","ping_status":"closed","template":"","meta":{"om_disable_all_campaigns":false,"footnotes":""},"sgf-content-tag":[1594,472],"sgf-seo-push":[],"class_list":["post-46949","page","type-page","status-publish","hentry"],"yoast_head":"<!-- This site is optimized with the Yoast SEO plugin v24.9 - https:\/\/yoast.com\/wordpress\/plugins\/seo\/ -->\n<title>Affiliate Ansvarsfraskrivelse | Digitogy.eu<\/title>\n<meta name=\"description\" content=\"Fra tid til annen kan digitogy.eu delta i affiliate markedsf\u00f8ring, som gir oss muligheten til \u00e5 inkludere tilknyttede lenker p\u00e5 noen av v\u00e5re sider. Hvis\" \/>\n<meta name=\"robots\" content=\"index, follow, max-snippet:-1, max-image-preview:large, max-video-preview:-1\" \/>\n<link rel=\"canonical\" href=\"https:\/\/digitogy.eu\/no\/affiliate-ansvarsfraskrivelse\/\" \/>\n<meta property=\"og:locale\" content=\"nb_NO\" \/>\n<meta property=\"og:type\" content=\"article\" \/>\n<meta property=\"og:title\" content=\"Affiliate Ansvarsfraskrivelse | Digitogy.eu\" \/>\n<meta property=\"og:description\" content=\"Fra tid til annen kan digitogy.eu delta i affiliate markedsf\u00f8ring, som gir oss muligheten til \u00e5 inkludere tilknyttede lenker p\u00e5 noen av v\u00e5re sider. Hvis\" \/>\n<meta property=\"og:url\" content=\"https:\/\/digitogy.eu\/no\/affiliate-ansvarsfraskrivelse\/\" \/>\n<meta property=\"og:site_name\" content=\"Digitogy.eu\" \/>\n<meta property=\"article:modified_time\" content=\"2023-07-27T09:28:37+00:00\" \/>\n<meta name=\"twitter:card\" content=\"summary_large_image\" \/>\n<!-- \/ Yoast SEO plugin. -->","yoast_head_json":{"title":"Affiliate Ansvarsfraskrivelse | Digitogy.eu","description":"Fra tid til annen kan digitogy.eu delta i affiliate markedsf\u00f8ring, som gir oss muligheten til \u00e5 inkludere tilknyttede lenker p\u00e5 noen av v\u00e5re sider. Hvis","robots":{"index":"index","follow":"follow","max-snippet":"max-snippet:-1","max-image-preview":"max-image-preview:large","max-video-preview":"max-video-preview:-1"},"canonical":"https:\/\/digitogy.eu\/no\/affiliate-ansvarsfraskrivelse\/","og_locale":"nb_NO","og_type":"article","og_title":"Affiliate Ansvarsfraskrivelse | Digitogy.eu","og_description":"Fra tid til annen kan digitogy.eu delta i affiliate markedsf\u00f8ring, som gir oss muligheten til \u00e5 inkludere tilknyttede lenker p\u00e5 noen av v\u00e5re sider. Hvis","og_url":"https:\/\/digitogy.eu\/no\/affiliate-ansvarsfraskrivelse\/","og_site_name":"Digitogy.eu","article_modified_time":"2023-07-27T09:28:37+00:00","twitter_card":"summary_large_image","schema":{"@context":"https:\/\/schema.org","@graph":[{"@type":"WebPage","@id":"https:\/\/digitogy.eu\/no\/affiliate-ansvarsfraskrivelse\/","url":"https:\/\/digitogy.eu\/no\/affiliate-ansvarsfraskrivelse\/","name":"Affiliate Ansvarsfraskrivelse | Digitogy.eu","isPartOf":{"@id":"https:\/\/digitogy.eu\/no\/#website"},"datePublished":"2023-07-18T10:15:10+00:00","dateModified":"2023-07-27T09:28:37+00:00","description":"Fra tid til annen kan digitogy.eu delta i affiliate markedsf\u00f8ring, som gir oss muligheten til \u00e5 inkludere tilknyttede lenker p\u00e5 noen av v\u00e5re sider. Hvis","breadcrumb":{"@id":"https:\/\/digitogy.eu\/no\/affiliate-ansvarsfraskrivelse\/#breadcrumb"},"inLanguage":"nb-NO","potentialAction":[{"@type":"ReadAction","target":["https:\/\/digitogy.eu\/no\/affiliate-ansvarsfraskrivelse\/"]}]},{"@type":"BreadcrumbList","@id":"https:\/\/digitogy.eu\/no\/affiliate-ansvarsfraskrivelse\/#breadcrumb","itemListElement":[{"@type":"ListItem","position":1,"name":"Home","item":"https:\/\/digitogy.eu\/no\/hjem\/"},{"@type":"ListItem","position":2,"name":"Affiliate Ansvarsfraskrivelse"}]},{"@type":"WebSite","@id":"https:\/\/digitogy.eu\/no\/#website","url":"https:\/\/digitogy.eu\/no\/","name":"Digitogy.eu","description":"Digital Technology Magazine","publisher":{"@id":"https:\/\/digitogy.eu\/no\/#organization"},"potentialAction":[{"@type":"SearchAction","target":{"@type":"EntryPoint","urlTemplate":"https:\/\/digitogy.eu\/no\/?s={search_term_string}"},"query-input":{"@type":"PropertyValueSpecification","valueRequired":true,"valueName":"search_term_string"}}],"inLanguage":"nb-NO"},{"@type":"Organization","@id":"https:\/\/digitogy.eu\/no\/#organization","name":"Digitogy.eu","url":"https:\/\/digitogy.eu\/no\/","logo":{"@type":"ImageObject","inLanguage":"nb-NO","@id":"https:\/\/digitogy.eu\/no\/#\/schema\/logo\/image\/","url":"https:\/\/digitogy.eu\/wp-content\/uploads\/2019\/11\/digitogy.png","contentUrl":"https:\/\/digitogy.eu\/wp-content\/uploads\/2019\/11\/digitogy.png","width":150,"height":42,"caption":"Digitogy.eu"},"image":{"@id":"https:\/\/digitogy.eu\/no\/#\/schema\/logo\/image\/"}}]}},"_links":{"self":[{"href":"https:\/\/digitogy.eu\/no\/wp-json\/wp\/v2\/pages\/46949","targetHints":{"allow":["GET"]}}],"collection":[{"href":"https:\/\/digitogy.eu\/no\/wp-json\/wp\/v2\/pages"}],"about":[{"href":"https:\/\/digitogy.eu\/no\/wp-json\/wp\/v2\/types\/page"}],"author":[{"embeddable":true,"href":"https:\/\/digitogy.eu\/no\/wp-json\/wp\/v2\/users\/45"}],"replies":[{"embeddable":true,"href":"https:\/\/digitogy.eu\/no\/wp-json\/wp\/v2\/comments?post=46949"}],"version-history":[{"count":3,"href":"https:\/\/digitogy.eu\/no\/wp-json\/wp\/v2\/pages\/46949\/revisions"}],"predecessor-version":[{"id":47059,"href":"https:\/\/digitogy.eu\/no\/wp-json\/wp\/v2\/pages\/46949\/revisions\/47059"}],"wp:attachment":[{"href":"https:\/\/digitogy.eu\/no\/wp-json\/wp\/v2\/media?parent=46949"}],"wp:term":[{"taxonomy":"sgf-content-tag","embeddable":true,"href":"https:\/\/digitogy.eu\/no\/wp-json\/wp\/v2\/sgf-content-tag?post=46949"},{"taxonomy":"sgf-seo-push","embeddable":true,"href":"https:\/\/digitogy.eu\/no\/wp-json\/wp\/v2\/sgf-seo-push?post=46949"}],"curies":[{"name":"wp","href":"https:\/\/api.w.org\/{rel}","templated":true}]}}