{"id":21182,"date":"2020-10-14T10:57:53","date_gmt":"2020-10-14T09:57:53","guid":{"rendered":"https:\/\/digitogy.eu\/?page_id=21182"},"modified":"2023-07-27T12:14:22","modified_gmt":"2023-07-27T11:14:22","slug":"kontakt","status":"publish","type":"page","link":"https:\/\/digitogy.eu\/no\/kontakt\/","title":{"rendered":"Kontakt"},"content":{"rendered":"<p>Vi setter pris p\u00e5 dine innspill og er her for \u00e5 hjelpe deg med alle forslag, tilbakemeldinger eller sp\u00f8rsm\u00e5l relatert til teknologi. Ikke n\u00f8l med \u00e5 ta kontakt med oss ved \u00e5 bruke skjemaet nedenfor. Du kan v\u00e6re trygg p\u00e5 at vi er dedikerte til \u00e5 svare raskt p\u00e5 alle henvendelser.<\/p>\n<p>For \u00e5 kontakte oss, vennligst send en melding til <a href=\"mailto:info@digitogy.eu\" target=\"_blank\" rel=\"nofollow noopener noreferrer\">info@digitogy.eu<\/a>.<\/p>\n<p>For foresp\u00f8rsler og partnerskap, vennligst send en melding ti <a href=\"mailto:outreach@digitogy.eu\" target=\"_blank\" rel=\"noopener noreferrer\">outreach@digitogy.eu<\/a>.<\/p>\n<h2>Kontaktinformasjon<\/h2>\n<ul>\n<li>Telefonnummer: +47 93 36 03 43<\/li>\n<li>Kontoradresse: Biskop Gunnerus gate 14, 0185 Oslo, Norge<\/li>\n<\/ul>\n<p><iframe style=\"border: 0;\" src=\"https:\/\/www.google.com\/maps\/embed?pb=!1m14!1m8!1m3!1d2000.24566212467!2d10.7521784!3d59.9114702!3m2!1i1024!2i768!4f13.1!3m3!1m2!1s0x46416e61dc2df033%3A0xcd173f361d888577!2sBiskop%20Gunnerus%20gate%2014%2C%200185%20Oslo%2C%20Norge!5e0!3m2!1sno!2sth!4v1690456187859!5m2!1sno!2sth\" width=\"600\" height=\"450\" allowfullscreen=\"allowfullscreen\"><\/iframe><\/p>\n<p>For jobbs\u00f8knader, vennligst send oss en e-post til <a href=\"mailto:jobs@digitogy.eu\" target=\"_blank\" rel=\"noopener nofollow noreferrer\">jobs@digitogy.eu<\/a>.<\/p>\n<p>Hvis du trenger hjelp med refusjon, vennligst kontakt oss p\u00e5 <a href=\"mailto:refunds@digitogy.eu\" target=\"_blank\" rel=\"noopener nofollow noreferrer\">refunds@digitogy.eu<\/a>.<\/p>\n<p>Vi setter pris p\u00e5 din interesse og ser frem til \u00e5 h\u00f8re fra deg.<\/p>\n","protected":false},"excerpt":{"rendered":"<p>Vi setter pris p\u00e5 dine innspill og er her for \u00e5 hjelpe deg med alle forslag, tilbakemeldinger eller sp\u00f8rsm\u00e5l relatert til teknologi. Ikke n\u00f8l med \u00e5 ta kontakt med oss ved \u00e5 bruke skjemaet nedenfor. Du kan v\u00e6re trygg p\u00e5 at vi er dedikerte til \u00e5 svare raskt p\u00e5 alle henvendelser. For \u00e5 kontakte oss, [&hellip;]<\/p>\n","protected":false},"author":45,"featured_media":0,"parent":0,"menu_order":0,"comment_status":"closed","ping_status":"closed","template":"","meta":{"om_disable_all_campaigns":false,"footnotes":""},"sgf-content-tag":[472,473],"sgf-seo-push":[],"class_list":["post-21182","page","type-page","status-publish","hentry"],"yoast_head":"<!-- This site is optimized with the Yoast SEO plugin v24.9 - https:\/\/yoast.com\/wordpress\/plugins\/seo\/ -->\n<title>Kontakt | Digitogy.eu<\/title>\n<meta name=\"description\" content=\"Vi setter pris p\u00e5 dine innspill og er her for \u00e5 hjelpe deg med alle forslag, tilbakemeldinger eller sp\u00f8rsm\u00e5l relatert til teknologi. Ikke n\u00f8l med \u00e5 ta\" \/>\n<meta name=\"robots\" content=\"index, follow, max-snippet:-1, max-image-preview:large, max-video-preview:-1\" \/>\n<link rel=\"canonical\" href=\"https:\/\/digitogy.eu\/no\/kontakt\/\" \/>\n<meta property=\"og:locale\" content=\"nb_NO\" \/>\n<meta property=\"og:type\" content=\"article\" \/>\n<meta property=\"og:title\" content=\"Kontakt | Digitogy.eu\" \/>\n<meta property=\"og:description\" content=\"Vi setter pris p\u00e5 dine innspill og er her for \u00e5 hjelpe deg med alle forslag, tilbakemeldinger eller sp\u00f8rsm\u00e5l relatert til teknologi. Ikke n\u00f8l med \u00e5 ta\" \/>\n<meta property=\"og:url\" content=\"https:\/\/digitogy.eu\/no\/kontakt\/\" \/>\n<meta property=\"og:site_name\" content=\"Digitogy.eu\" \/>\n<meta property=\"article:modified_time\" content=\"2023-07-27T11:14:22+00:00\" \/>\n<meta name=\"twitter:card\" content=\"summary_large_image\" \/>\n<!-- \/ Yoast SEO plugin. -->","yoast_head_json":{"title":"Kontakt | Digitogy.eu","description":"Vi setter pris p\u00e5 dine innspill og er her for \u00e5 hjelpe deg med alle forslag, tilbakemeldinger eller sp\u00f8rsm\u00e5l relatert til teknologi. Ikke n\u00f8l med \u00e5 ta","robots":{"index":"index","follow":"follow","max-snippet":"max-snippet:-1","max-image-preview":"max-image-preview:large","max-video-preview":"max-video-preview:-1"},"canonical":"https:\/\/digitogy.eu\/no\/kontakt\/","og_locale":"nb_NO","og_type":"article","og_title":"Kontakt | Digitogy.eu","og_description":"Vi setter pris p\u00e5 dine innspill og er her for \u00e5 hjelpe deg med alle forslag, tilbakemeldinger eller sp\u00f8rsm\u00e5l relatert til teknologi. Ikke n\u00f8l med \u00e5 ta","og_url":"https:\/\/digitogy.eu\/no\/kontakt\/","og_site_name":"Digitogy.eu","article_modified_time":"2023-07-27T11:14:22+00:00","twitter_card":"summary_large_image","schema":{"@context":"https:\/\/schema.org","@graph":[{"@type":"WebPage","@id":"https:\/\/digitogy.eu\/no\/kontakt\/","url":"https:\/\/digitogy.eu\/no\/kontakt\/","name":"Kontakt | Digitogy.eu","isPartOf":{"@id":"https:\/\/digitogy.eu\/no\/#website"},"datePublished":"2020-10-14T09:57:53+00:00","dateModified":"2023-07-27T11:14:22+00:00","description":"Vi setter pris p\u00e5 dine innspill og er her for \u00e5 hjelpe deg med alle forslag, tilbakemeldinger eller sp\u00f8rsm\u00e5l relatert til teknologi. Ikke n\u00f8l med \u00e5 ta","breadcrumb":{"@id":"https:\/\/digitogy.eu\/no\/kontakt\/#breadcrumb"},"inLanguage":"nb-NO","potentialAction":[{"@type":"ReadAction","target":["https:\/\/digitogy.eu\/no\/kontakt\/"]}]},{"@type":"BreadcrumbList","@id":"https:\/\/digitogy.eu\/no\/kontakt\/#breadcrumb","itemListElement":[{"@type":"ListItem","position":1,"name":"Home","item":"https:\/\/digitogy.eu\/no\/hjem\/"},{"@type":"ListItem","position":2,"name":"Kontakt"}]},{"@type":"WebSite","@id":"https:\/\/digitogy.eu\/no\/#website","url":"https:\/\/digitogy.eu\/no\/","name":"Digitogy.eu","description":"Digital Technology Magazine","publisher":{"@id":"https:\/\/digitogy.eu\/no\/#organization"},"potentialAction":[{"@type":"SearchAction","target":{"@type":"EntryPoint","urlTemplate":"https:\/\/digitogy.eu\/no\/?s={search_term_string}"},"query-input":{"@type":"PropertyValueSpecification","valueRequired":true,"valueName":"search_term_string"}}],"inLanguage":"nb-NO"},{"@type":"Organization","@id":"https:\/\/digitogy.eu\/no\/#organization","name":"Digitogy.eu","url":"https:\/\/digitogy.eu\/no\/","logo":{"@type":"ImageObject","inLanguage":"nb-NO","@id":"https:\/\/digitogy.eu\/no\/#\/schema\/logo\/image\/","url":"https:\/\/digitogy.eu\/wp-content\/uploads\/2019\/11\/digitogy.png","contentUrl":"https:\/\/digitogy.eu\/wp-content\/uploads\/2019\/11\/digitogy.png","width":150,"height":42,"caption":"Digitogy.eu"},"image":{"@id":"https:\/\/digitogy.eu\/no\/#\/schema\/logo\/image\/"}}]}},"_links":{"self":[{"href":"https:\/\/digitogy.eu\/no\/wp-json\/wp\/v2\/pages\/21182","targetHints":{"allow":["GET"]}}],"collection":[{"href":"https:\/\/digitogy.eu\/no\/wp-json\/wp\/v2\/pages"}],"about":[{"href":"https:\/\/digitogy.eu\/no\/wp-json\/wp\/v2\/types\/page"}],"author":[{"embeddable":true,"href":"https:\/\/digitogy.eu\/no\/wp-json\/wp\/v2\/users\/45"}],"replies":[{"embeddable":true,"href":"https:\/\/digitogy.eu\/no\/wp-json\/wp\/v2\/comments?post=21182"}],"version-history":[{"count":10,"href":"https:\/\/digitogy.eu\/no\/wp-json\/wp\/v2\/pages\/21182\/revisions"}],"predecessor-version":[{"id":47071,"href":"https:\/\/digitogy.eu\/no\/wp-json\/wp\/v2\/pages\/21182\/revisions\/47071"}],"wp:attachment":[{"href":"https:\/\/digitogy.eu\/no\/wp-json\/wp\/v2\/media?parent=21182"}],"wp:term":[{"taxonomy":"sgf-content-tag","embeddable":true,"href":"https:\/\/digitogy.eu\/no\/wp-json\/wp\/v2\/sgf-content-tag?post=21182"},{"taxonomy":"sgf-seo-push","embeddable":true,"href":"https:\/\/digitogy.eu\/no\/wp-json\/wp\/v2\/sgf-seo-push?post=21182"}],"curies":[{"name":"wp","href":"https:\/\/api.w.org\/{rel}","templated":true}]}}