{"id":20927,"date":"2020-10-09T12:14:44","date_gmt":"2020-10-09T11:14:44","guid":{"rendered":"https:\/\/digitogy.eu\/?page_id=20927"},"modified":"2023-07-28T02:21:38","modified_gmt":"2023-07-28T01:21:38","slug":"ansvarsfraskrivelse","status":"publish","type":"page","link":"https:\/\/digitogy.eu\/no\/ansvarsfraskrivelse\/","title":{"rendered":"Ansvarsfraskrivelse"},"content":{"rendered":"<p>Denne nettsiden tilbyr nyheter, veiledninger, anmeldelser og informasjon om gadgets, hardware, sikkerhetsprogramvare, personvernsverkt\u00f8y, VPN-tjenestetilbydere, osv., i god tro. M\u00e5let er \u00e5 holde deg oppdatert om de nyeste hendelsene i bransjen.<\/p>\n<p>V\u00e5rt team av eksperter har dokumentert erfaring med \u00e5 tilby et bredt spekter av tjenester og l\u00f8sninger, men de erkjenner ogs\u00e5 emnets f\u00f8lsomhet. Alle veiledninger, anmeldelser, informasjon og annet materiale er kun ment for generell informasjon. Vi st\u00f8tter ikke, oppfordrer eller promoterer kriminell eller ulovlig aktivitet, kontraktsbrudd eller skade p\u00e5 andre.<\/p>\n<p>Det er viktig \u00e5 merke seg at dine handlinger er ditt ansvar, og du b\u00f8r ta egne beslutninger. Hvis du har bekymringer, tvil eller sp\u00f8rsm\u00e5l om dine handlinger og konsekvensene av dem, b\u00f8r du s\u00f8ke juridisk r\u00e5dgivning.<\/p>\n<p>Av og til kan andre personer bidra, poste eller kommentere p\u00e5 nettsiden. Selv om vi \u00f8nsker bidrag velkommen, er vi ikke ansvarlige for synspunktene eller innholdet som andre poster. Deres meninger er deres egne og representerer ikke n\u00f8dvendigvis nettsidens synspunkter.<\/p>\n<p><em>\u00c5penhet: Denne nettsiden kan inneholde tilknyttede lenker som gir oss en liten kommisjon, uten ekstra kostnad for deg. Vi anbefaler kun produkter vi personlig tester eller tror v\u00e5re lesere vil finne nyttige.<\/em><\/p>\n","protected":false},"excerpt":{"rendered":"<p>Denne nettsiden tilbyr nyheter, veiledninger, anmeldelser og informasjon om gadgets, hardware, sikkerhetsprogramvare, personvernsverkt\u00f8y, VPN-tjenestetilbydere, osv., i god tro. M\u00e5let er \u00e5 holde deg oppdatert om de nyeste hendelsene i bransjen. V\u00e5rt team av eksperter har dokumentert erfaring med \u00e5 tilby et bredt spekter av tjenester og l\u00f8sninger, men de erkjenner ogs\u00e5 emnets f\u00f8lsomhet. Alle veiledninger, [&hellip;]<\/p>\n","protected":false},"author":45,"featured_media":0,"parent":0,"menu_order":0,"comment_status":"closed","ping_status":"closed","template":"","meta":{"om_disable_all_campaigns":false,"footnotes":""},"sgf-content-tag":[472,476],"sgf-seo-push":[],"class_list":["post-20927","page","type-page","status-publish","hentry"],"yoast_head":"<!-- This site is optimized with the Yoast SEO plugin v24.9 - https:\/\/yoast.com\/wordpress\/plugins\/seo\/ -->\n<title>Ansvarsfraskrivelse | Digitogy.eu<\/title>\n<meta name=\"description\" content=\"Denne nettsiden tilbyr nyheter, veiledninger, anmeldelser og informasjon om gadgets, hardware, sikkerhetsprogramvare, personvernsverkt\u00f8y,\" \/>\n<meta name=\"robots\" content=\"index, follow, max-snippet:-1, max-image-preview:large, max-video-preview:-1\" \/>\n<link rel=\"canonical\" href=\"https:\/\/digitogy.eu\/no\/ansvarsfraskrivelse\/\" \/>\n<meta property=\"og:locale\" content=\"nb_NO\" \/>\n<meta property=\"og:type\" content=\"article\" \/>\n<meta property=\"og:title\" content=\"Ansvarsfraskrivelse | Digitogy.eu\" \/>\n<meta property=\"og:description\" content=\"Denne nettsiden tilbyr nyheter, veiledninger, anmeldelser og informasjon om gadgets, hardware, sikkerhetsprogramvare, personvernsverkt\u00f8y,\" \/>\n<meta property=\"og:url\" content=\"https:\/\/digitogy.eu\/no\/ansvarsfraskrivelse\/\" \/>\n<meta property=\"og:site_name\" content=\"Digitogy.eu\" \/>\n<meta property=\"article:modified_time\" content=\"2023-07-28T01:21:38+00:00\" \/>\n<meta name=\"twitter:card\" content=\"summary_large_image\" \/>\n<!-- \/ Yoast SEO plugin. -->","yoast_head_json":{"title":"Ansvarsfraskrivelse | Digitogy.eu","description":"Denne nettsiden tilbyr nyheter, veiledninger, anmeldelser og informasjon om gadgets, hardware, sikkerhetsprogramvare, personvernsverkt\u00f8y,","robots":{"index":"index","follow":"follow","max-snippet":"max-snippet:-1","max-image-preview":"max-image-preview:large","max-video-preview":"max-video-preview:-1"},"canonical":"https:\/\/digitogy.eu\/no\/ansvarsfraskrivelse\/","og_locale":"nb_NO","og_type":"article","og_title":"Ansvarsfraskrivelse | Digitogy.eu","og_description":"Denne nettsiden tilbyr nyheter, veiledninger, anmeldelser og informasjon om gadgets, hardware, sikkerhetsprogramvare, personvernsverkt\u00f8y,","og_url":"https:\/\/digitogy.eu\/no\/ansvarsfraskrivelse\/","og_site_name":"Digitogy.eu","article_modified_time":"2023-07-28T01:21:38+00:00","twitter_card":"summary_large_image","schema":{"@context":"https:\/\/schema.org","@graph":[{"@type":"WebPage","@id":"https:\/\/digitogy.eu\/no\/ansvarsfraskrivelse\/","url":"https:\/\/digitogy.eu\/no\/ansvarsfraskrivelse\/","name":"Ansvarsfraskrivelse | Digitogy.eu","isPartOf":{"@id":"https:\/\/digitogy.eu\/no\/#website"},"datePublished":"2020-10-09T11:14:44+00:00","dateModified":"2023-07-28T01:21:38+00:00","description":"Denne nettsiden tilbyr nyheter, veiledninger, anmeldelser og informasjon om gadgets, hardware, sikkerhetsprogramvare, personvernsverkt\u00f8y,","breadcrumb":{"@id":"https:\/\/digitogy.eu\/no\/ansvarsfraskrivelse\/#breadcrumb"},"inLanguage":"nb-NO","potentialAction":[{"@type":"ReadAction","target":["https:\/\/digitogy.eu\/no\/ansvarsfraskrivelse\/"]}]},{"@type":"BreadcrumbList","@id":"https:\/\/digitogy.eu\/no\/ansvarsfraskrivelse\/#breadcrumb","itemListElement":[{"@type":"ListItem","position":1,"name":"Home","item":"https:\/\/digitogy.eu\/no\/hjem\/"},{"@type":"ListItem","position":2,"name":"Ansvarsfraskrivelse"}]},{"@type":"WebSite","@id":"https:\/\/digitogy.eu\/no\/#website","url":"https:\/\/digitogy.eu\/no\/","name":"Digitogy.eu","description":"Digital Technology Magazine","publisher":{"@id":"https:\/\/digitogy.eu\/no\/#organization"},"potentialAction":[{"@type":"SearchAction","target":{"@type":"EntryPoint","urlTemplate":"https:\/\/digitogy.eu\/no\/?s={search_term_string}"},"query-input":{"@type":"PropertyValueSpecification","valueRequired":true,"valueName":"search_term_string"}}],"inLanguage":"nb-NO"},{"@type":"Organization","@id":"https:\/\/digitogy.eu\/no\/#organization","name":"Digitogy.eu","url":"https:\/\/digitogy.eu\/no\/","logo":{"@type":"ImageObject","inLanguage":"nb-NO","@id":"https:\/\/digitogy.eu\/no\/#\/schema\/logo\/image\/","url":"https:\/\/digitogy.eu\/wp-content\/uploads\/2019\/11\/digitogy.png","contentUrl":"https:\/\/digitogy.eu\/wp-content\/uploads\/2019\/11\/digitogy.png","width":150,"height":42,"caption":"Digitogy.eu"},"image":{"@id":"https:\/\/digitogy.eu\/no\/#\/schema\/logo\/image\/"}}]}},"_links":{"self":[{"href":"https:\/\/digitogy.eu\/no\/wp-json\/wp\/v2\/pages\/20927","targetHints":{"allow":["GET"]}}],"collection":[{"href":"https:\/\/digitogy.eu\/no\/wp-json\/wp\/v2\/pages"}],"about":[{"href":"https:\/\/digitogy.eu\/no\/wp-json\/wp\/v2\/types\/page"}],"author":[{"embeddable":true,"href":"https:\/\/digitogy.eu\/no\/wp-json\/wp\/v2\/users\/45"}],"replies":[{"embeddable":true,"href":"https:\/\/digitogy.eu\/no\/wp-json\/wp\/v2\/comments?post=20927"}],"version-history":[{"count":2,"href":"https:\/\/digitogy.eu\/no\/wp-json\/wp\/v2\/pages\/20927\/revisions"}],"predecessor-version":[{"id":47089,"href":"https:\/\/digitogy.eu\/no\/wp-json\/wp\/v2\/pages\/20927\/revisions\/47089"}],"wp:attachment":[{"href":"https:\/\/digitogy.eu\/no\/wp-json\/wp\/v2\/media?parent=20927"}],"wp:term":[{"taxonomy":"sgf-content-tag","embeddable":true,"href":"https:\/\/digitogy.eu\/no\/wp-json\/wp\/v2\/sgf-content-tag?post=20927"},{"taxonomy":"sgf-seo-push","embeddable":true,"href":"https:\/\/digitogy.eu\/no\/wp-json\/wp\/v2\/sgf-seo-push?post=20927"}],"curies":[{"name":"wp","href":"https:\/\/api.w.org\/{rel}","templated":true}]}}