{"id":20923,"date":"2020-10-09T11:55:02","date_gmt":"2020-10-09T10:55:02","guid":{"rendered":"https:\/\/digitogy.eu\/?page_id=20923"},"modified":"2023-07-28T02:20:24","modified_gmt":"2023-07-28T01:20:24","slug":"personvernregler","status":"publish","type":"page","link":"https:\/\/digitogy.eu\/no\/personvernregler\/","title":{"rendered":"Personvernregler"},"content":{"rendered":"<p>Denne nettsidens personvernerkl\u00e6ring beskriver hvordan <a href=\"https:\/\/digitogy.eu\/no\/\">Digitogy.eu<\/a> beskytter og bruker informasjonen du gir selskapet n\u00e5r du bruker denne nettsiden.<\/p>\n<p>Hvis du blir bedt om \u00e5 oppgi informasjon n\u00e5r du bruker denne nettsiden, vil den kun bli brukt p\u00e5 de m\u00e5tene som er beskrevet i denne personvernerkl\u00e6ringen.<\/p>\n<p>Denne policyen oppdateres fra tid til annen. Den siste versjonen er publisert p\u00e5 denne siden.<\/p>\n<p>Denne nettsidens personvernerkl\u00e6ring ble oppdatert: 10\/10\/2019<\/p>\n<p>Hvis du har sp\u00f8rsm\u00e5l om denne policyen, vennligst send en e-post til <a href=\"mailto:info@digitogy.eu\" target=\"_blank\" rel=\"noopener nofollow noreferrer\">info@digitogy.eu<\/a>.<\/p>\n<h2>Introduksjon<\/h2>\n<p>Vi samler inn og bruker viss informasjon om enkeltpersoner for \u00e5 tilby produkter og tjenester og for \u00e5 aktivere visse funksjoner p\u00e5 denne nettsiden.<\/p>\n<p>Vi samler ogs\u00e5 inn informasjon for \u00e5 bedre forst\u00e5 hvordan bes\u00f8kende bruker denne nettsiden og for \u00e5 presentere relevant informasjon til dem i tide.<\/p>\n<h2>Hvilke data vi samler inn<\/h2>\n<p>Vi kan samle inn f\u00f8lgende informasjon:<\/p>\n<ul>\n<li>Navn og stillingstittel<\/li>\n<li>Kontaktinformasjon inkludert e-postadresse<\/li>\n<li>Demografisk informasjon, som postnummer, preferanser og interesser<\/li>\n<li>Data om nettstedets bruk<\/li>\n<li>Annen informasjon relevant for kundehenvendelser<\/li>\n<li>Annen informasjon knyttet til spesialtilbud og unders\u00f8kelser<\/li>\n<\/ul>\n<h2>Hvordan vi bruker disse dataene<\/h2>\n<p>Innsamling av disse dataene hjelper oss \u00e5 forst\u00e5 hva du ser etter fra selskapet, slik at vi kan levere forbedrede produkter og tjenester.<\/p>\n<p>Spesielt kan vi bruke data:<\/p>\n<ul>\n<li>For v\u00e5re egne interne poster.<\/li>\n<li>For \u00e5 forbedre produktene og tjenestene vi tilbyr.<\/li>\n<li>For \u00e5 kontakte deg som svar p\u00e5 en spesifikk henvendelse.<\/li>\n<li>For \u00e5 tilpasse nettsiden for deg.<\/li>\n<li>For \u00e5 sende deg reklame-e-poster om produkter, tjenester, tilbud og andre ting vi tror kan v\u00e6re relevante for deg.<\/li>\n<li>For \u00e5 sende deg reklameutsendelser eller ringe deg om produkter, tjenester, tilbud og andre ting vi tror kan v\u00e6re relevante for deg.<\/li>\n<li>For \u00e5 kontakte deg via e-post, telefon eller post for markedsunders\u00f8kelser.<\/li>\n<\/ul>\n<h2>Kontrollere informasjon om deg<\/h2>\n<p>N\u00e5r du fyller ut et skjema eller oppgir dine opplysninger p\u00e5 nettstedet v\u00e5rt, vil du se en eller flere avkrysningsbokser som lar deg:<\/p>\n<ul>\n<li>Velg \u00e5 motta markedsf\u00f8ringskommunikasjon fra oss via e-post, telefon, tekstmelding eller post.<\/li>\n<li>Velg \u00e5 motta markedsf\u00f8ringskommunikasjon fra v\u00e5re tredjepartspartnere via e-post, telefon, tekstmelding eller post.<\/li>\n<\/ul>\n<p>Hvis du har godtatt at vi kan bruke informasjonen din til markedsf\u00f8ringsform\u00e5l, kan du enkelt ombestemme deg, via en e-post til <a href=\"mailto:info@digitogy.eu\" target=\"_blank\" rel=\"noopener nofollow noreferrer\">info@digitogy.eu<\/a>.<\/p>\n<p>Vi vil aldri lease, distribuere eller selge din personlige informasjon til tredjeparter med mindre vi har din tillatelse eller loven krever det.<\/p>\n<p>All personlig informasjon vi har om deg lagres og behandles under v\u00e5r databeskyttelsespolicy, i tr\u00e5d med Data Protection Act 1998.<\/p>\n<h2>Informasjonskapsler og hvordan vi bruker dem<\/h2>\n<h3>Hva er en informasjonskapsel?<\/h3>\n<p>En informasjonskapsel er en liten fil plassert p\u00e5 datamaskinens harddisk. Det gj\u00f8r det mulig for nettstedet v\u00e5rt \u00e5 identifisere datamaskinen din n\u00e5r du ser p\u00e5 forskjellige sider p\u00e5 nettstedet v\u00e5rt.<\/p>\n<p>Informasjonskapsler lar nettsteder og applikasjoner lagre dine preferanser for \u00e5 presentere innhold, alternativer eller funksjoner som er spesifikke for deg. De lar oss ogs\u00e5 se informasjon som hvor mange som bruker nettstedet og hvilke sider de pleier \u00e5 bes\u00f8ke.<\/p>\n<h3>Hvordan vi bruker informasjonskapsler<\/h3>\n<p>Vi kan bruke informasjonskapsler for \u00e5:<\/p>\n<ul>\n<li><strong>Analyser nettrafikken v\u00e5r ved hjelp av en analysepakke.<\/strong> Aggregerte bruksdata hjelper oss med \u00e5 forbedre nettsidens struktur, design, innhold og funksjoner.<\/li>\n<li><strong>Identifiser om du er logget inn p\u00e5 nettstedet v\u00e5rt.<\/strong> En informasjonskapsel lar oss sjekke om du er logget inn p\u00e5 nettstedet.<\/li>\n<li><strong>Test innhold p\u00e5 nettsiden v\u00e5r.<\/strong> For eksempel kan 50 % av brukerne v\u00e5re se ett innhold, de andre 50 % et annet innhold.<\/li>\n<li><strong>Lagre informasjon om dine preferanser.<\/strong> Nettsiden kan deretter presentere informasjon du vil finne mer relevant og interessant.<\/li>\n<li><strong>For \u00e5 gjenkjenne n\u00e5r du kommer tilbake til nettstedet v\u00e5rt.<\/strong> Vi kan vise relevant innhold, eller tilby funksjonalitet du brukte tidligere.<\/li>\n<\/ul>\n<p>Informasjonskapsler gir oss ikke tilgang til datamaskinen din eller annen informasjon om deg, annet enn det du velger \u00e5 dele med oss.<\/p>\n<h3>Kontrollere informasjonskapsler<\/h3>\n<p>Du kan bruke nettleserens informasjonskapselinnstillinger for \u00e5 bestemme hvordan nettstedet v\u00e5rt bruker informasjonskapsler. Hvis du ikke vil at nettstedet v\u00e5rt skal lagre informasjonskapsler p\u00e5 datamaskinen eller enheten din, b\u00f8r du stille inn nettleseren din til \u00e5 nekte informasjonskapsler.<\/p>\n<p>V\u00e6r imidlertid oppmerksom p\u00e5 at dette kan p\u00e5virke hvordan nettstedet v\u00e5rt fungerer. Enkelte sider og tjenester kan bli utilgjengelige for deg.<\/p>\n<p>Med mindre du har endret nettleseren din til \u00e5 nekte informasjonskapsler, vil nettstedet v\u00e5rt utstede informasjonskapsler n\u00e5r du bes\u00f8ker det.<\/p>\n<p>For \u00e5 l\u00e6re mer om informasjonskapsler og hvordan de brukes, g\u00e5 til <a href=\"http:\/\/www.allaboutcookies.org\/\" target=\"_blank\" rel=\"noopener nofollow noreferrer\">Alt om informasjonskapsler<\/a>.<\/p>\n<h2>Sikkerhet<\/h2>\n<p>Vi vil alltid oppbevare informasjonen din sikkert.<\/p>\n<p>For \u00e5 forhindre uautorisert avsl\u00f8ring eller tilgang til informasjonen din, har vi implementert sterke fysiske og elektroniske sikkerhetstiltak.<\/p>\n<p>Vi f\u00f8lger ogs\u00e5 strenge prosedyrer for \u00e5 sikre at vi arbeider med alle personopplysninger i tr\u00e5d med Data Protection Act 1998.<\/p>\n<h2>Lenker fra siden v\u00e5r<\/h2>\n<p>V\u00e5r nettside kan inneholde lenker til andre nettsteder.<\/p>\n<p>V\u00e6r oppmerksom p\u00e5 at vi ikke har kontroll over nettsteder utenfor Digitogy.eu-domenet. Hvis du gir informasjon til et nettsted som vi lenker til, er vi ikke ansvarlige for beskyttelsen og personvernet.<\/p>\n<p>V\u00e6r alltid p\u00e5 vakt n\u00e5r du sender inn data til nettsteder. Les nettstedets retningslinjer for databeskyttelse og personvern fullt ut.<\/p>\n<div id=\"gtx-trans\" style=\"position: absolute; left: 428px; top: 2276.51px;\">\n<div class=\"gtx-trans-icon\"><\/div>\n<\/div>\n","protected":false},"excerpt":{"rendered":"<p>Denne nettsidens personvernerkl\u00e6ring beskriver hvordan Digitogy.eu beskytter og bruker informasjonen du gir selskapet n\u00e5r du bruker denne nettsiden. Hvis du blir bedt om \u00e5 oppgi informasjon n\u00e5r du bruker denne nettsiden, vil den kun bli brukt p\u00e5 de m\u00e5tene som er beskrevet i denne personvernerkl\u00e6ringen. Denne policyen oppdateres fra tid til annen. Den siste versjonen [&hellip;]<\/p>\n","protected":false},"author":45,"featured_media":0,"parent":0,"menu_order":0,"comment_status":"closed","ping_status":"closed","template":"","meta":{"om_disable_all_campaigns":false,"footnotes":""},"sgf-content-tag":[472,475],"sgf-seo-push":[],"class_list":["post-20923","page","type-page","status-publish","hentry"],"yoast_head":"<!-- This site is optimized with the Yoast SEO plugin v24.9 - https:\/\/yoast.com\/wordpress\/plugins\/seo\/ -->\n<title>Personvernregler | Digitogy.eu<\/title>\n<meta name=\"description\" content=\"Denne nettsidens personvernerkl\u00e6ring beskriver hvordan Digitogy.eu beskytter og bruker informasjonen du gir selskapet n\u00e5r du bruker denne nettsiden. Hvis\" \/>\n<meta name=\"robots\" content=\"index, follow, max-snippet:-1, max-image-preview:large, max-video-preview:-1\" \/>\n<link rel=\"canonical\" href=\"https:\/\/digitogy.eu\/no\/personvernregler\/\" \/>\n<meta property=\"og:locale\" content=\"nb_NO\" \/>\n<meta property=\"og:type\" content=\"article\" \/>\n<meta property=\"og:title\" content=\"Personvernregler | Digitogy.eu\" \/>\n<meta property=\"og:description\" content=\"Denne nettsidens personvernerkl\u00e6ring beskriver hvordan Digitogy.eu beskytter og bruker informasjonen du gir selskapet n\u00e5r du bruker denne nettsiden. Hvis\" \/>\n<meta property=\"og:url\" content=\"https:\/\/digitogy.eu\/no\/personvernregler\/\" \/>\n<meta property=\"og:site_name\" content=\"Digitogy.eu\" \/>\n<meta property=\"article:modified_time\" content=\"2023-07-28T01:20:24+00:00\" \/>\n<meta name=\"twitter:card\" content=\"summary_large_image\" \/>\n<!-- \/ Yoast SEO plugin. -->","yoast_head_json":{"title":"Personvernregler | Digitogy.eu","description":"Denne nettsidens personvernerkl\u00e6ring beskriver hvordan Digitogy.eu beskytter og bruker informasjonen du gir selskapet n\u00e5r du bruker denne nettsiden. Hvis","robots":{"index":"index","follow":"follow","max-snippet":"max-snippet:-1","max-image-preview":"max-image-preview:large","max-video-preview":"max-video-preview:-1"},"canonical":"https:\/\/digitogy.eu\/no\/personvernregler\/","og_locale":"nb_NO","og_type":"article","og_title":"Personvernregler | Digitogy.eu","og_description":"Denne nettsidens personvernerkl\u00e6ring beskriver hvordan Digitogy.eu beskytter og bruker informasjonen du gir selskapet n\u00e5r du bruker denne nettsiden. Hvis","og_url":"https:\/\/digitogy.eu\/no\/personvernregler\/","og_site_name":"Digitogy.eu","article_modified_time":"2023-07-28T01:20:24+00:00","twitter_card":"summary_large_image","schema":{"@context":"https:\/\/schema.org","@graph":[{"@type":"WebPage","@id":"https:\/\/digitogy.eu\/no\/personvernregler\/","url":"https:\/\/digitogy.eu\/no\/personvernregler\/","name":"Personvernregler | Digitogy.eu","isPartOf":{"@id":"https:\/\/digitogy.eu\/no\/#website"},"datePublished":"2020-10-09T10:55:02+00:00","dateModified":"2023-07-28T01:20:24+00:00","description":"Denne nettsidens personvernerkl\u00e6ring beskriver hvordan Digitogy.eu beskytter og bruker informasjonen du gir selskapet n\u00e5r du bruker denne nettsiden. Hvis","breadcrumb":{"@id":"https:\/\/digitogy.eu\/no\/personvernregler\/#breadcrumb"},"inLanguage":"nb-NO","potentialAction":[{"@type":"ReadAction","target":["https:\/\/digitogy.eu\/no\/personvernregler\/"]}]},{"@type":"BreadcrumbList","@id":"https:\/\/digitogy.eu\/no\/personvernregler\/#breadcrumb","itemListElement":[{"@type":"ListItem","position":1,"name":"Home","item":"https:\/\/digitogy.eu\/no\/hjem\/"},{"@type":"ListItem","position":2,"name":"Personvernregler"}]},{"@type":"WebSite","@id":"https:\/\/digitogy.eu\/no\/#website","url":"https:\/\/digitogy.eu\/no\/","name":"Digitogy.eu","description":"Digital Technology Magazine","publisher":{"@id":"https:\/\/digitogy.eu\/no\/#organization"},"potentialAction":[{"@type":"SearchAction","target":{"@type":"EntryPoint","urlTemplate":"https:\/\/digitogy.eu\/no\/?s={search_term_string}"},"query-input":{"@type":"PropertyValueSpecification","valueRequired":true,"valueName":"search_term_string"}}],"inLanguage":"nb-NO"},{"@type":"Organization","@id":"https:\/\/digitogy.eu\/no\/#organization","name":"Digitogy.eu","url":"https:\/\/digitogy.eu\/no\/","logo":{"@type":"ImageObject","inLanguage":"nb-NO","@id":"https:\/\/digitogy.eu\/no\/#\/schema\/logo\/image\/","url":"https:\/\/digitogy.eu\/wp-content\/uploads\/2019\/11\/digitogy.png","contentUrl":"https:\/\/digitogy.eu\/wp-content\/uploads\/2019\/11\/digitogy.png","width":150,"height":42,"caption":"Digitogy.eu"},"image":{"@id":"https:\/\/digitogy.eu\/no\/#\/schema\/logo\/image\/"}}]}},"_links":{"self":[{"href":"https:\/\/digitogy.eu\/no\/wp-json\/wp\/v2\/pages\/20923","targetHints":{"allow":["GET"]}}],"collection":[{"href":"https:\/\/digitogy.eu\/no\/wp-json\/wp\/v2\/pages"}],"about":[{"href":"https:\/\/digitogy.eu\/no\/wp-json\/wp\/v2\/types\/page"}],"author":[{"embeddable":true,"href":"https:\/\/digitogy.eu\/no\/wp-json\/wp\/v2\/users\/45"}],"replies":[{"embeddable":true,"href":"https:\/\/digitogy.eu\/no\/wp-json\/wp\/v2\/comments?post=20923"}],"version-history":[{"count":4,"href":"https:\/\/digitogy.eu\/no\/wp-json\/wp\/v2\/pages\/20923\/revisions"}],"predecessor-version":[{"id":47088,"href":"https:\/\/digitogy.eu\/no\/wp-json\/wp\/v2\/pages\/20923\/revisions\/47088"}],"wp:attachment":[{"href":"https:\/\/digitogy.eu\/no\/wp-json\/wp\/v2\/media?parent=20923"}],"wp:term":[{"taxonomy":"sgf-content-tag","embeddable":true,"href":"https:\/\/digitogy.eu\/no\/wp-json\/wp\/v2\/sgf-content-tag?post=20923"},{"taxonomy":"sgf-seo-push","embeddable":true,"href":"https:\/\/digitogy.eu\/no\/wp-json\/wp\/v2\/sgf-seo-push?post=20923"}],"curies":[{"name":"wp","href":"https:\/\/api.w.org\/{rel}","templated":true}]}}