{"id":46976,"date":"2023-07-31T11:52:16","date_gmt":"2023-07-31T10:52:16","guid":{"rendered":"https:\/\/digitogy.eu\/?page_id=46976"},"modified":"2023-07-31T11:52:16","modified_gmt":"2023-07-31T10:52:16","slug":"divulgazione-della-proprieta","status":"publish","type":"page","link":"https:\/\/digitogy.eu\/it\/divulgazione-della-proprieta\/","title":{"rendered":"Divulgazione della Propriet\u00e0"},"content":{"rendered":"<p>Digitogy.eu \u00e8 di propriet\u00e0 e gestito da <strong>Affiliare Inc<\/strong>. Ci dedichiamo a fornire ai nostri lettori recensioni e articoli imparziali, garantendo la massima trasparenza e integrit\u00e0 nei nostri contenuti.<\/p>\n<p>\u00c8 importante notare che, sebbene i nostri articoli possano menzionare o fare riferimento a vari prodotti, servizi, esperti e altro, ci\u00f2 non implica l&#8217;approvazione da parte di tali entit\u00e0 o la garanzia dell&#8217;accuratezza delle informazioni fornite. Il nostro obiettivo \u00e8 presentare punti di vista e idee oggettivi, permettendo ai nostri lettori di prendere decisioni ben informate.<\/p>\n<p>Incitiamo vivamente i nostri lettori a condurre ricerche approfondite e consultare diverse fonti prima di effettuare qualsiasi acquisto. Fidarsi esclusivamente dei riferimenti presenti nei nostri articoli potrebbe non fornire una comprensione completa dell&#8217;argomento.<\/p>\n<p>Se hai domande o dubbi riguardo al nostro avviso di propriet\u00e0, non esitare a contattarci inviando un messaggio a <a href=\"mailto:info@affiliareinc.com\" target=\"_blank\" rel=\"nofollow noopener noreferrer\">info@affiliareinc.com<\/a>. Il nostro team \u00e8 a tua completa disposizione.<\/p>\n","protected":false},"excerpt":{"rendered":"<p>Digitogy.eu \u00e8 di propriet\u00e0 e gestito da Affiliare Inc. Ci dedichiamo a fornire ai nostri lettori recensioni e articoli imparziali, garantendo la massima trasparenza e integrit\u00e0 nei nostri contenuti. \u00c8 importante notare che, sebbene i nostri articoli possano menzionare o fare riferimento a vari prodotti, servizi, esperti e altro, ci\u00f2 non implica l&#8217;approvazione da parte [&hellip;]<\/p>\n","protected":false},"author":14,"featured_media":0,"parent":0,"menu_order":0,"comment_status":"closed","ping_status":"closed","template":"","meta":{"om_disable_all_campaigns":false,"footnotes":""},"sgf-content-tag":[1595,472],"sgf-seo-push":[],"class_list":["post-46976","page","type-page","status-publish","hentry"],"yoast_head":"<!-- This site is optimized with the Yoast SEO plugin v24.9 - https:\/\/yoast.com\/wordpress\/plugins\/seo\/ -->\n<title>Divulgazione della Propriet\u00e0 | Digitogy.eu<\/title>\n<meta name=\"description\" content=\"Digitogy.eu \u00e8 di propriet\u00e0 e gestito da Affiliare Inc. Ci dedichiamo a fornire ai nostri lettori recensioni e articoli imparziali, garantendo la massima\" \/>\n<meta name=\"robots\" content=\"index, follow, max-snippet:-1, max-image-preview:large, max-video-preview:-1\" \/>\n<link rel=\"canonical\" href=\"https:\/\/digitogy.eu\/it\/divulgazione-della-proprieta\/\" \/>\n<meta property=\"og:locale\" content=\"it_IT\" \/>\n<meta property=\"og:type\" content=\"article\" \/>\n<meta property=\"og:title\" content=\"Divulgazione della Propriet\u00e0 | Digitogy.eu\" \/>\n<meta property=\"og:description\" content=\"Digitogy.eu \u00e8 di propriet\u00e0 e gestito da Affiliare Inc. Ci dedichiamo a fornire ai nostri lettori recensioni e articoli imparziali, garantendo la massima\" \/>\n<meta property=\"og:url\" content=\"https:\/\/digitogy.eu\/it\/divulgazione-della-proprieta\/\" \/>\n<meta property=\"og:site_name\" content=\"Digitogy.eu\" \/>\n<meta name=\"twitter:card\" content=\"summary_large_image\" \/>\n<!-- \/ Yoast SEO plugin. -->","yoast_head_json":{"title":"Divulgazione della Propriet\u00e0 | Digitogy.eu","description":"Digitogy.eu \u00e8 di propriet\u00e0 e gestito da Affiliare Inc. Ci dedichiamo a fornire ai nostri lettori recensioni e articoli imparziali, garantendo la massima","robots":{"index":"index","follow":"follow","max-snippet":"max-snippet:-1","max-image-preview":"max-image-preview:large","max-video-preview":"max-video-preview:-1"},"canonical":"https:\/\/digitogy.eu\/it\/divulgazione-della-proprieta\/","og_locale":"it_IT","og_type":"article","og_title":"Divulgazione della Propriet\u00e0 | Digitogy.eu","og_description":"Digitogy.eu \u00e8 di propriet\u00e0 e gestito da Affiliare Inc. Ci dedichiamo a fornire ai nostri lettori recensioni e articoli imparziali, garantendo la massima","og_url":"https:\/\/digitogy.eu\/it\/divulgazione-della-proprieta\/","og_site_name":"Digitogy.eu","twitter_card":"summary_large_image","schema":{"@context":"https:\/\/schema.org","@graph":[{"@type":"WebPage","@id":"https:\/\/digitogy.eu\/it\/divulgazione-della-proprieta\/","url":"https:\/\/digitogy.eu\/it\/divulgazione-della-proprieta\/","name":"Divulgazione della Propriet\u00e0 | Digitogy.eu","isPartOf":{"@id":"https:\/\/digitogy.eu\/it\/#website"},"datePublished":"2023-07-31T10:52:16+00:00","description":"Digitogy.eu \u00e8 di propriet\u00e0 e gestito da Affiliare Inc. Ci dedichiamo a fornire ai nostri lettori recensioni e articoli imparziali, garantendo la massima","breadcrumb":{"@id":"https:\/\/digitogy.eu\/it\/divulgazione-della-proprieta\/#breadcrumb"},"inLanguage":"it-IT","potentialAction":[{"@type":"ReadAction","target":["https:\/\/digitogy.eu\/it\/divulgazione-della-proprieta\/"]}]},{"@type":"BreadcrumbList","@id":"https:\/\/digitogy.eu\/it\/divulgazione-della-proprieta\/#breadcrumb","itemListElement":[{"@type":"ListItem","position":1,"name":"Home","item":"https:\/\/digitogy.eu\/it\/home\/"},{"@type":"ListItem","position":2,"name":"Divulgazione della Propriet\u00e0"}]},{"@type":"WebSite","@id":"https:\/\/digitogy.eu\/it\/#website","url":"https:\/\/digitogy.eu\/it\/","name":"Digitogy.eu","description":"Digital Technology Magazine","publisher":{"@id":"https:\/\/digitogy.eu\/it\/#organization"},"potentialAction":[{"@type":"SearchAction","target":{"@type":"EntryPoint","urlTemplate":"https:\/\/digitogy.eu\/it\/?s={search_term_string}"},"query-input":{"@type":"PropertyValueSpecification","valueRequired":true,"valueName":"search_term_string"}}],"inLanguage":"it-IT"},{"@type":"Organization","@id":"https:\/\/digitogy.eu\/it\/#organization","name":"Digitogy.eu","url":"https:\/\/digitogy.eu\/it\/","logo":{"@type":"ImageObject","inLanguage":"it-IT","@id":"https:\/\/digitogy.eu\/it\/#\/schema\/logo\/image\/","url":"https:\/\/digitogy.eu\/wp-content\/uploads\/2019\/11\/digitogy.png","contentUrl":"https:\/\/digitogy.eu\/wp-content\/uploads\/2019\/11\/digitogy.png","width":150,"height":42,"caption":"Digitogy.eu"},"image":{"@id":"https:\/\/digitogy.eu\/it\/#\/schema\/logo\/image\/"}}]}},"_links":{"self":[{"href":"https:\/\/digitogy.eu\/it\/wp-json\/wp\/v2\/pages\/46976","targetHints":{"allow":["GET"]}}],"collection":[{"href":"https:\/\/digitogy.eu\/it\/wp-json\/wp\/v2\/pages"}],"about":[{"href":"https:\/\/digitogy.eu\/it\/wp-json\/wp\/v2\/types\/page"}],"author":[{"embeddable":true,"href":"https:\/\/digitogy.eu\/it\/wp-json\/wp\/v2\/users\/14"}],"replies":[{"embeddable":true,"href":"https:\/\/digitogy.eu\/it\/wp-json\/wp\/v2\/comments?post=46976"}],"version-history":[{"count":1,"href":"https:\/\/digitogy.eu\/it\/wp-json\/wp\/v2\/pages\/46976\/revisions"}],"predecessor-version":[{"id":46979,"href":"https:\/\/digitogy.eu\/it\/wp-json\/wp\/v2\/pages\/46976\/revisions\/46979"}],"wp:attachment":[{"href":"https:\/\/digitogy.eu\/it\/wp-json\/wp\/v2\/media?parent=46976"}],"wp:term":[{"taxonomy":"sgf-content-tag","embeddable":true,"href":"https:\/\/digitogy.eu\/it\/wp-json\/wp\/v2\/sgf-content-tag?post=46976"},{"taxonomy":"sgf-seo-push","embeddable":true,"href":"https:\/\/digitogy.eu\/it\/wp-json\/wp\/v2\/sgf-seo-push?post=46976"}],"curies":[{"name":"wp","href":"https:\/\/api.w.org\/{rel}","templated":true}]}}