{"id":10067,"date":"2019-10-16T13:14:01","date_gmt":"2019-10-16T12:14:01","guid":{"rendered":"https:\/\/digitogy.eu\/sitemap\/"},"modified":"2022-01-31T04:14:33","modified_gmt":"2022-01-31T03:14:33","slug":"sitemap","status":"publish","type":"page","link":"https:\/\/digitogy.eu\/it\/sitemap\/","title":{"rendered":"Sitemap"},"content":{"rendered":"<div class=\"wsp-container\"><h2 class=\"wsp-posts-title\">Articoli suddivisi per categoria<\/h2>\n<ul class=\"wsp-posts-list\">\n\t<li><strong class=\"wsp-category-title\">Category: <a href=\"https:\/\/digitogy.eu\/it\/categoria\/migliori-gadget-tecnologici\/\">Gadgets<\/a><\/strong>\n<ul class=\"wsp-posts-list\">\t\t<li class=\"wsp-post\"><a href=\"https:\/\/digitogy.eu\/it\/dodow\/\">Dodow metronomo luminoso funziona per combattere l&#8217;insonnia?  la nostra recensione<\/a><\/li>\n\t\t<li class=\"wsp-post\"><a href=\"https:\/\/digitogy.eu\/it\/chargehubgo-plus\/\">ChargeHubGO+ Recensione 2026: funziona o no?<\/a><\/li>\n\t\t<li class=\"wsp-post\"><a href=\"https:\/\/digitogy.eu\/it\/ladycare\/\">Menopausa Rimedi Naturali: LadyCare Recensioni Vere, Opinioni e Prezzo scontanto<\/a><\/li>\n\t\t<li class=\"wsp-post\"><a href=\"https:\/\/digitogy.eu\/it\/up-right-go\/\">Up Right Go aiuta a correggere la postura? &#8211; La nostra recensione<\/a><\/li>\n\t\t<li class=\"wsp-post\"><a href=\"https:\/\/digitogy.eu\/it\/fixd\/\">FIXD Recensione 2026: funziona davvero?<\/a><\/li>\n\t\t<li class=\"wsp-post\"><a href=\"https:\/\/digitogy.eu\/it\/keysmart\/\">KeySmart portachiavi intelligente Funziona? &#8211; la nostra recensione<\/a><\/li>\n\t\t<li class=\"wsp-post\"><a href=\"https:\/\/digitogy.eu\/it\/flexsafe-recensione\/\">FlexSafe Recensione 2026: Funziona Davvero?<\/a><\/li>\n\t\t<li class=\"wsp-post\"><a href=\"https:\/\/digitogy.eu\/it\/i-migliori-gagdet-per-natale\/\">I migliori Gagdet per Natale 2026<\/a><\/li>\n\t\t<li class=\"wsp-post\"><a href=\"https:\/\/digitogy.eu\/it\/bondic\/\">Bondic colla \u00e8 meglio dell&#8217;Attack o \u00e8 una truffa? &#8211; La mia recensione 2026<\/a><\/li>\n\t\t<li class=\"wsp-post\"><a href=\"https:\/\/digitogy.eu\/it\/type-s\/\">Type S: Recensioni Vere, opinioni e sconto del 50% del primo sensore di movimento wireless<\/a><\/li>\n\t\t<li class=\"wsp-post\"><a href=\"https:\/\/digitogy.eu\/it\/vizr\/\">VIZR funziona per la guidare in sicurezza? &#8211; La mia recensione<\/a><\/li>\n\t\t<li class=\"wsp-post\"><a href=\"https:\/\/digitogy.eu\/it\/xyfindit\/\">XY Find it recensione 2026: funziona o \u00e8 una truffa?<\/a><\/li>\n\t\t<li class=\"wsp-post\"><a href=\"https:\/\/digitogy.eu\/it\/xtrapc\/\">Xtra PC recensione 2026: velocizza il tuo PC o \u00e8 una bufala?<\/a><\/li>\n\t\t<li class=\"wsp-post\"><a href=\"https:\/\/digitogy.eu\/it\/photostick\/\">ThePhotoStick Per PC Recensione 2026: Funziona?<\/a><\/li>\n\t\t<li class=\"wsp-post\"><a href=\"https:\/\/digitogy.eu\/it\/thephotostickmobile\/\">ThePhotoStick Mobile Recensione 2026: Funziona?<\/a><\/li>\n\t\t<li class=\"wsp-post\"><a href=\"https:\/\/digitogy.eu\/it\/airbolt\/\">AirBolt: Rivoluziona il tuo modo di viaggiare &#8211; la mia recensione<\/a><\/li>\n\t\t<li class=\"wsp-post\"><a href=\"https:\/\/digitogy.eu\/it\/everykey\/\">EveryKey Recensione 2026: Funziona Davvero?<\/a><\/li>\n\t\t<li class=\"wsp-post\"><a href=\"https:\/\/digitogy.eu\/it\/luxbra-recensione\/\">LuxBra \u00e8 davvero cos\u00ec innovativo o \u00e8 una truffa?<\/a><\/li>\n\t\t<li class=\"wsp-post\"><a href=\"https:\/\/digitogy.eu\/it\/itrack-recensione\/\">Recensione del localizzatore GPS iTrack 2026: funziona davvero?<\/a><\/li>\n\t\t<li class=\"wsp-post\"><a href=\"https:\/\/digitogy.eu\/it\/bit-watch-recensione\/\">BiT Watch Recensione 2026: dovresti acquistare questo smartwatch?<\/a><\/li>\n\t\t<li class=\"wsp-post\"><a href=\"https:\/\/digitogy.eu\/it\/airflops-recensione\/\">Le calzature dell&#8217;estate: la recensione di AirFlops 2026<\/a><\/li>\n\t\t<li class=\"wsp-post\"><a href=\"https:\/\/digitogy.eu\/it\/liglightsafex-recensione\/\">LightSafeX recensione 2026: funziona davvero o \u00e8 una truffa?<\/a><\/li>\n\t\t<li class=\"wsp-post\"><a href=\"https:\/\/digitogy.eu\/it\/jetfloss-pro-recensione\/\">JetFloss Pro recensione 2026: funziona davvero o \u00e8 una truffa?<\/a><\/li>\n\t\t<li class=\"wsp-post\"><a href=\"https:\/\/digitogy.eu\/it\/cuscino-derila-recensione\/\">Cuscino Derila recensione 2026: funziona davvero o \u00e8 una truffa?<\/a><\/li>\n\t\t<li class=\"wsp-post\"><a href=\"https:\/\/digitogy.eu\/it\/zoomshot-pro-recensione\/\">ZoomShot Pro recensione 2026: Funziona davvero o \u00e8 una truffa?<\/a><\/li>\n\t\t<li class=\"wsp-post\"><a href=\"https:\/\/digitogy.eu\/it\/cooledge-recensione\/\">CoolEdge Recensione 2026: \u00c8 una truffa o funziona davvero?<\/a><\/li>\n\t\t<li class=\"wsp-post\"><a href=\"https:\/\/digitogy.eu\/it\/automix-recensione\/\">AutoMix Recensione 2026: Vale la pena comprarlo?<\/a><\/li>\n\t\t<li class=\"wsp-post\"><a href=\"https:\/\/digitogy.eu\/it\/picobuds-pro-recensione\/\">PicoBuds Pro Recensione 2026: migliora il tuo udito in 5 secondi<\/a><\/li>\n\t\t<li class=\"wsp-post\"><a href=\"https:\/\/digitogy.eu\/it\/bril-recensione\/\">Bril: lo spazzolino innovativo [recensione completa 2026]<\/a><\/li>\n\t\t<li class=\"wsp-post\"><a href=\"https:\/\/digitogy.eu\/it\/moksha-beam-recensione\/\">Recensione Moksha Beam 2026: allevia davvero l&#8217;ansia e lo stress?<\/a><\/li>\n\t\t<li class=\"wsp-post\"><a href=\"https:\/\/digitogy.eu\/it\/stealthhawk-pro-recensione\/\">StealthHawk Pro Recensione 2026: Funziona davvero?<\/a><\/li>\n\t\t<li class=\"wsp-post\"><a href=\"https:\/\/digitogy.eu\/it\/odii-recensione\/\">Odii Recensione 2026: Caratteristiche, benefici e prezzi scontati<\/a><\/li>\n\t\t<li class=\"wsp-post\"><a href=\"https:\/\/digitogy.eu\/it\/photostick-omni-recensione\/\">PhotoStick Omni 2026: il miglior dispositivo di backup USB universale<\/a><\/li>\n\t\t<li class=\"wsp-post\"><a href=\"https:\/\/digitogy.eu\/it\/video-doorbell-recensione\/\">Video DoorBell: Funziona Davvero? Benefici, Recensioni Vere e Sconti 2026<\/a><\/li>\n\t\t<li class=\"wsp-post\"><a href=\"https:\/\/digitogy.eu\/it\/protector-pitch-recensione\/\">Protector Pitch: Funziona Davvero? Benefici, Recensioni Vere e Prezzo 2026<\/a><\/li>\n\t\t<li class=\"wsp-post\"><a href=\"https:\/\/digitogy.eu\/it\/airphysio-recensione\/\">AirPhysio: Funziona Davvero? Benefici, Recensioni Vere e Sconti 2026<\/a><\/li>\n\t\t<li class=\"wsp-post\"><a href=\"https:\/\/digitogy.eu\/it\/fixmestick-recensione\/\">FixMeStick: Funziona Davvero? Vantaggi, Benefici e Recensioni Vere 2026<\/a><\/li>\n\t\t<li class=\"wsp-post\"><a href=\"https:\/\/digitogy.eu\/it\/shine-armor-recensione\/\">Shine Armor Funziona Davvero? &#8211; Recensione 2026<\/a><\/li>\n\t\t<li class=\"wsp-post\"><a href=\"https:\/\/digitogy.eu\/it\/cerotti-nuubu-recensione\/\">Cerotti Nuubu: Funzionano davvero? Vantaggi, Recensioni e Sconti 2026<\/a><\/li>\n\t\t<li class=\"wsp-post\"><a href=\"https:\/\/digitogy.eu\/it\/laundry-masher-recensione\/\">Laundry Masher: Funziona Davvero? Benefici, Recensioni Vere e Sconti 2026<\/a><\/li>\n\t\t<li class=\"wsp-post\"><a href=\"https:\/\/digitogy.eu\/it\/muama-ryoko-recensione\/\">Muama Ryoko recensione 2026: Router Wi-Fi sicuro, veloce e affidabile?<\/a><\/li>\n\t\t<li class=\"wsp-post\"><a href=\"https:\/\/digitogy.eu\/it\/tacticphonex-recensione\/\">TacticPhoneX Recensione 2026: Funziona Davvero?<\/a><\/li>\n\t\t<li class=\"wsp-post\"><a href=\"https:\/\/digitogy.eu\/it\/barxbuddy-recensione\/\">Barxbuddy Recensione 2026: funziona?<\/a><\/li>\n\t\t<li class=\"wsp-post\"><a href=\"https:\/\/digitogy.eu\/it\/neck-massager-recensione\/\">Neck Massager recensione 2026: allevia il dolore e lo stress?<\/a><\/li>\n\t\t<li class=\"wsp-post\"><a href=\"https:\/\/digitogy.eu\/it\/hootie-recensione\/\">Allarme Personale Hootie Recensione 2026: Vale la Pena Provarlo?<\/a><\/li>\n\t\t<li class=\"wsp-post\"><a href=\"https:\/\/digitogy.eu\/it\/buzz-b-gone-zap-recensione\/\">Buzz-B-Gone Zap recensione 2026: Funziona Contro le Zanzare o Truffa?<\/a><\/li>\n\t\t<li class=\"wsp-post\"><a href=\"https:\/\/digitogy.eu\/it\/moskix-recensione\/\">MoskiX Recensione 2026: Funziona Contro le Zanzare?<\/a><\/li>\n\t\t<li class=\"wsp-post\"><a href=\"https:\/\/digitogy.eu\/it\/biteeraser-recensione\/\">Biteeraser Recensione 2026: Funziona per Lenire i Morsi di Zanzare?<\/a><\/li>\n\t\t<li class=\"wsp-post\"><a href=\"https:\/\/digitogy.eu\/it\/clearview-occhiali-visione-notturna-recensione\/\">Clearview Occhiali Visione Notturna: Leggi la Recensione 2026<\/a><\/li>\n\t\t<li class=\"wsp-post\"><a href=\"https:\/\/digitogy.eu\/it\/livetemp-pro-recensione\/\">LiveTemp Pro Recensione 2026: funziona o truffa?<\/a><\/li>\n\t\t<li class=\"wsp-post\"><a href=\"https:\/\/digitogy.eu\/it\/tactic-air-drone-recensione\/\">Tactic Air Drone Recensione 2026: Molti lo Consigliano, Sar\u00e0 Vero?<\/a><\/li>\n\t\t<li class=\"wsp-post\"><a href=\"https:\/\/digitogy.eu\/it\/healthwatch-recensione\/\">Healthwatch Recensione 2026: Ecco Quello che Altri non Dicono<\/a><\/li>\n\t\t<li class=\"wsp-post\"><a href=\"https:\/\/digitogy.eu\/it\/moskitron-led-recensione\/\">Moskitron Led Recensione 2026: Rimedio Contro le Zanzare o Truffa?<\/a><\/li>\n\t\t<li class=\"wsp-post\"><a href=\"https:\/\/digitogy.eu\/it\/ecoheat-s-recensione\/\">EcoHeat S Recensione 2026: Funziona o No?<\/a><\/li>\n\t\t<li class=\"wsp-post\"><a href=\"https:\/\/digitogy.eu\/it\/telescopio-portatile-starscope-recensione\/\">Telescopio Portatile Starscope Recensione 2026: Cosa Devi Sapere?<\/a><\/li>\n\t\t<li class=\"wsp-post\"><a href=\"https:\/\/digitogy.eu\/it\/heatcore-recensione\/\">Termoventilatore Heatcore Recensione 2026: Funziona Davvero?<\/a><\/li>\n\t\t<li class=\"wsp-post\"><a href=\"https:\/\/digitogy.eu\/it\/dangobuds-recensione\/\">Dangobuds Recensione 2026: Buoni Auricolari Wireless o Truffa?<\/a><\/li>\n\t\t<li class=\"wsp-post\"><a href=\"https:\/\/digitogy.eu\/it\/germcidex-recensione\/\">Lo Sterilizzatore UV Professionale Germcidex Funziona davvero? (Recensione 2026)<\/a><\/li>\n\t\t<li class=\"wsp-post\"><a href=\"https:\/\/digitogy.eu\/it\/rangextd-recensione\/\">RangeXTD Wifi \u00e8 davvero uno dei Ripetitori WiFi Migliori?<\/a><\/li>\n\t\t<li class=\"wsp-post\"><a href=\"https:\/\/digitogy.eu\/it\/drone720x-recensione\/\">Drone720X Recensione 2026: Migliore Rapporto Qualit\u00e0-Prezzo?<\/a><\/li>\n\t\t<li class=\"wsp-post\"><a href=\"https:\/\/digitogy.eu\/it\/lasttissue-fazzoletti-riutilizzabili-recensione\/\">Lasttissue Fazzoletti Riutilizzabili: Risparmio o Truffa? (Recensione 2026)<\/a><\/li>\n\t\t<li class=\"wsp-post\"><a href=\"https:\/\/digitogy.eu\/it\/caresole-circa-knee-recensione\/\">Caresole Circa Knee Recensione (Aggiornata 2026): Funziona contro il dolore al ginocchio?<\/a><\/li>\n\t\t<li class=\"wsp-post\"><a href=\"https:\/\/digitogy.eu\/it\/super-boost-wifi-recensione\/\">Super Boost Wifi Migliora Davvero il Segnale WiFi?<\/a><\/li>\n\t\t<li class=\"wsp-post\"><a href=\"https:\/\/digitogy.eu\/it\/easy-waxoff-recensione\/\">Easy WaxOff funziona per rimuovere il cerume?<\/a><\/li>\n\t\t<li class=\"wsp-post\"><a href=\"https:\/\/digitogy.eu\/it\/dwatch-recensione\/\">Dwatch Recensione 2026: Dwatch \u00e8 un buon smartwatch?<\/a><\/li>\n\t\t<li class=\"wsp-post\"><a href=\"https:\/\/digitogy.eu\/it\/soul-insole-recensione\/\">Soul Insole recensione 2026: Funziona contro il dolore ai piedi o no?<\/a><\/li>\n\t\t<li class=\"wsp-post\"><a href=\"https:\/\/digitogy.eu\/it\/airphones-recensione\/\">Airphones Auricolari Bluetooth Funzionano Davvero?<\/a><\/li>\n\t\t<li class=\"wsp-post\"><a href=\"https:\/\/digitogy.eu\/it\/godonut-recensione\/\">La mia recensione su GoDonut: Funziona Davvero come Supporto Cellulare e Tablet?<\/a><\/li>\n\t\t<li class=\"wsp-post\"><a href=\"https:\/\/digitogy.eu\/it\/memorysafex-recensione\/\">MemorySafeX recensione (aggiornata): Non Acquistare Prima di Aver Letto<\/a><\/li>\n\t\t<li class=\"wsp-post\"><a href=\"https:\/\/digitogy.eu\/it\/migliori-offerte-black-friday\/\">Offerte Black Friday 2026 che non Trovi Altrove e che non Puoi Perderti<\/a><\/li>\n\t\t<li class=\"wsp-post\"><a href=\"https:\/\/digitogy.eu\/it\/silent-snore-recensione\/\">Silent Snore test: stanco di russare e dell\u2019apnea notturna?<\/a><\/li>\n\t\t<li class=\"wsp-post\"><a href=\"https:\/\/digitogy.eu\/it\/properfocus-recensione\/\">Properfocus occhiali regolabili: funzionano o truffa?<\/a><\/li>\n\t\t<li class=\"wsp-post\"><a href=\"https:\/\/digitogy.eu\/it\/fresh-r-recensione\/\">Fresh-R funziona davvero per rinfrescare l\u2019ambiente?<\/a><\/li>\n\t\t<li class=\"wsp-post\"><a href=\"https:\/\/digitogy.eu\/it\/usmile-pro-recensione\/\">Usmile Pro Recensione aggiornata: Usmile funziona davvero per lavare i denti?<\/a><\/li>\n\t\t<li class=\"wsp-post\"><a href=\"https:\/\/digitogy.eu\/it\/coolair-recensione\/\">Coolair Recensione: funziona davvero per raffreddare l\u2019ambiente?<\/a><\/li>\n\t\t<li class=\"wsp-post\"><a href=\"https:\/\/digitogy.eu\/it\/gx-smartwatch-recensione\/\">GX SmartWatch Recensione 2026: tutto quello che devi sapere prima di comprarlo<\/a><\/li>\n\t\t<li class=\"wsp-post\"><a href=\"https:\/\/digitogy.eu\/it\/dronex-pro-recensione\/\">Drone X Pro Recensione 2026: Truffa o ne vale la pena?<\/a><\/li>\n\t\t<li class=\"wsp-post\"><a href=\"https:\/\/digitogy.eu\/it\/infinitikloud-recensione\/\">Infinitikloud Recensione: Funziona Davvero per Archiviare i tuoi Dati?<\/a><\/li>\n\t\t<li class=\"wsp-post\"><a href=\"https:\/\/digitogy.eu\/it\/better-back-recensione\/\">Better Back Recensione: Funziona Contro il Mal di Schiena?<\/a><\/li>\n\t\t<li class=\"wsp-post\"><a href=\"https:\/\/digitogy.eu\/it\/signal-relief-recensione\/\">Signal Relief Recensione: Il cerotto Nanotecnologico Funziona Davvero Contro il Dolore?<\/a><\/li>\n\t\t<li class=\"wsp-post\"><a href=\"https:\/\/digitogy.eu\/it\/wifi-ultraboost-recensione\/\">WiFi Ultraboost Recensione 2026: Funziona davvero o truffa?<\/a><\/li>\n\t\t<li class=\"wsp-post\"><a href=\"https:\/\/digitogy.eu\/it\/react-chargehub-recensione\/\">React Chargehub Recensione: Lo Strumento Salvavita Funziona Davvero?<\/a><\/li>\n\t\t<li class=\"wsp-post\"><a href=\"https:\/\/digitogy.eu\/it\/sleep-connection-recensione\/\">Sleep Connection Recensione: Funziona per Smettere di Russare o Truffa?<\/a><\/li>\n\t\t<li class=\"wsp-post\"><a href=\"https:\/\/digitogy.eu\/it\/smartdot-recensione\/\">SmartDOT Recensione: Funziona Contro le Onde Elettromagnetiche?<\/a><\/li>\n\t\t<li class=\"wsp-post\"><a href=\"https:\/\/digitogy.eu\/it\/zenmind-xp\/\">ZenMind XP Massaggiatore Occhi Funziona Davvero? Recensione e Prezzo Scontato<\/a><\/li>\n\t\t<li class=\"wsp-post\"><a href=\"https:\/\/digitogy.eu\/it\/kailo-cerotto\/\">Kailo Cerotto Recensione Completa 2026<\/a><\/li>\n\t\t<li class=\"wsp-post\"><a href=\"https:\/\/digitogy.eu\/it\/barxstop-dispositivo-antiabbaio\/\">Barxstop Dispositivo antiabbaio a Ultrasuoni  Funziona Davvero? &#8211; Recensione e prezzo scontato<\/a><\/li>\n\t\t<li class=\"wsp-post\"><a href=\"https:\/\/digitogy.eu\/it\/muama-enence-traduttore-simultaneo\/\">Muama Enence Traduttore simultaneo Funziona Davvero? &#8211; Recensione 2026 e prezzo scontato<\/a><\/li>\n\t\t<li class=\"wsp-post\"><a href=\"https:\/\/digitogy.eu\/it\/coppetta-mestruale-saalt-cup\/\">Saalt Cup recensione 2026: Funziona Davvero?<\/a><\/li>\n\t\t<li class=\"wsp-post\"><a href=\"https:\/\/digitogy.eu\/it\/aculief-clip\/\">Aculief clip Funziona Contro l&#8217;emicrania? Leggi la Recensione Prima di Comprare<\/a><\/li>\n\t\t<li class=\"wsp-post\"><a href=\"https:\/\/digitogy.eu\/it\/uv-cleanizer-zoom\/\">UV Cleanizer Zoom Funziona per Igienizzare? &#8211; Recensione e prezzo scontato<\/a><\/li>\n\t\t<li class=\"wsp-post\"><a href=\"https:\/\/digitogy.eu\/it\/tastiera-virtuale-keyless-pro\/\">La tastiera virtuale Keyless Pro Funziona Davvero? &#8211; La nostra recensione<\/a><\/li>\n\t\t<li class=\"wsp-post\"><a href=\"https:\/\/digitogy.eu\/it\/bilancia-impedenziometrica-fittrack\/\">FitTrack: raggiungi i tuoi obiettivi di fitnesse con il potere dei dati<\/a><\/li>\n\t\t<li class=\"wsp-post\"><a href=\"https:\/\/digitogy.eu\/it\/arctic-air-ultra\/\">Arctic Air Ultra: recensione del miglior condizionatore portatile presente sul mercato<\/a><\/li>\n\t\t<li class=\"wsp-post\"><a href=\"https:\/\/digitogy.eu\/it\/peeps\/\">Peeps VS panno in microfibra &#8211; la mia recensione<\/a><\/li>\n\t\t<li class=\"wsp-post\"><a href=\"https:\/\/digitogy.eu\/it\/stufa-basso-consumo-elettrico-handy-heater\/\">Stufa Handy Heater funziona? &#8211; la nostra recensione 2026<\/a><\/li>\n\t\t<li class=\"wsp-post\"><a href=\"https:\/\/digitogy.eu\/it\/x-watch-recensione\/\">x Watch \u00e8 un Buon Orologio Smartwatch? &#8211; Recensione 2026<\/a><\/li>\n\t\t<li class=\"wsp-post\"><a href=\"https:\/\/digitogy.eu\/it\/screen-klean\/\">Screen Klean funziona per pulire lo schermo? &#8211; la mia recensione<\/a><\/li>\n\t\t<li class=\"wsp-post\"><a href=\"https:\/\/digitogy.eu\/it\/blendsmart\/\">blendSMART Funziona? La mia recensione sul pennello rotante pi\u00f9 innovativo presente sul mercato<\/a><\/li>\n\t\t<li class=\"wsp-post\"><a href=\"https:\/\/digitogy.eu\/it\/ulla-promemoria-assunzione-acqua\/\">Ulla funziona per combattere la disidratazione? &#8211; la mia recensione<\/a><\/li>\n\t\t<li class=\"wsp-post\"><a href=\"https:\/\/digitogy.eu\/it\/lure-essentials-trattamento-viso\/\">Lure Essentials: Il miglior trattamento viso naturale &#8211; la mia recensione<\/a><\/li>\n\t\t<li class=\"wsp-post\"><a href=\"https:\/\/digitogy.eu\/it\/boobuddy\/\">BooBuddy: Recensioni Vere, opinioni e prezzo esclusivo della reggiseno fascia per l&#8217;attivit\u00e0 fisica<\/a><\/li>\n\t\t<li class=\"wsp-post\"><a href=\"https:\/\/digitogy.eu\/it\/glowbowl\/\">GlowBowl: illumina il tuo bagno d&#8217;immenso! &#8211; la mia recensione<\/a><\/li>\n\t\t<li class=\"wsp-post\"><a href=\"https:\/\/digitogy.eu\/it\/neck-hammock\/\">Amaca per collo Neck Hammock recensione 2026: Funziona per la Cervicale?<\/a><\/li>\n<\/ul><\/li>\n\t<li><strong class=\"wsp-category-title\">Category: <a href=\"https:\/\/digitogy.eu\/it\/categoria\/guide\/\">Guide<\/a><\/strong>\n<ul class=\"wsp-posts-list\">\t\t<li class=\"wsp-post\"><a href=\"https:\/\/digitogy.eu\/it\/come-trasferire-foto-da-android-a-pc\/\">5 Metodi su come trasferire foto da Android a PC [Guida 2026]<\/a><\/li>\n\t\t<li class=\"wsp-post\"><a href=\"https:\/\/digitogy.eu\/it\/come-fare-backup-foto-iphone\/\">Come eseguire il backup foto da iPhone [GUIDA 2026]<\/a><\/li>\n\t\t<li class=\"wsp-post\"><a href=\"https:\/\/digitogy.eu\/it\/pulire-le-orecchie-senza-cotton-fioc\/\">Come pulire le orecchie senza cotton fioc: 6 metodi alternativi<\/a><\/li>\n\t\t<li class=\"wsp-post\"><a href=\"https:\/\/digitogy.eu\/it\/come-riparare-la-ceramica\/\">Guida su come riparare gli oggetti in ceramica 2026<\/a><\/li>\n\t\t<li class=\"wsp-post\"><a href=\"https:\/\/digitogy.eu\/it\/come-trasferire-foto-da-iphone-a-pc\/\">Come trasferire foto da iPhone a PC: i 6 metodi 2026<\/a><\/li>\n\t\t<li class=\"wsp-post\"><a href=\"https:\/\/digitogy.eu\/it\/come-velocizzare-il-pc\/\">Come velocizzare il PC: la soluzione definitiva 2026<\/a><\/li>\n\t\t<li class=\"wsp-post\"><a href=\"https:\/\/digitogy.eu\/it\/miglior-ripetitore-wifi\/\">I 3 migliori ripetitori WiFi testati La Guida 2026<\/a><\/li>\n\t\t<li class=\"wsp-post\"><a href=\"https:\/\/digitogy.eu\/it\/migliori-smartwatch-economici\/\">I 4 Migliori Smartwatch Economici 2026<\/a><\/li>\n\t\t<li class=\"wsp-post\"><a href=\"https:\/\/digitogy.eu\/it\/migliori-dissuasori-ultrasuoni-per-cani\/\">I 2 migliori dispositivi ultrasuoni per non far abbaiare il tuo cane 2026<\/a><\/li>\n\t\t<li class=\"wsp-post\"><a href=\"https:\/\/digitogy.eu\/it\/come-estendere-wifi\/\">Come estendere il segnale Wi-Fi a casa e in ufficio  [GUIDA 2026]<\/a><\/li>\n<\/ul><\/li>\n<\/ul>\n<\/div>\n","protected":false},"excerpt":{"rendered":"","protected":false},"author":9,"featured_media":0,"parent":0,"menu_order":0,"comment_status":"closed","ping_status":"closed","template":"","meta":{"om_disable_all_campaigns":false,"footnotes":""},"sgf-content-tag":[472,474],"sgf-seo-push":[],"class_list":["post-10067","page","type-page","status-publish","hentry"],"yoast_head":"<!-- This site is optimized with the Yoast SEO plugin v24.9 - https:\/\/yoast.com\/wordpress\/plugins\/seo\/ -->\n<title>Sitemap | Digitogy.eu<\/title>\n<meta name=\"robots\" content=\"index, follow, max-snippet:-1, max-image-preview:large, max-video-preview:-1\" \/>\n<link rel=\"canonical\" href=\"https:\/\/digitogy.eu\/it\/sitemap\/\" \/>\n<meta property=\"og:locale\" content=\"it_IT\" \/>\n<meta property=\"og:type\" content=\"article\" \/>\n<meta property=\"og:title\" content=\"Sitemap | Digitogy.eu\" \/>\n<meta property=\"og:url\" content=\"https:\/\/digitogy.eu\/it\/sitemap\/\" \/>\n<meta property=\"og:site_name\" content=\"Digitogy.eu\" \/>\n<meta property=\"article:modified_time\" content=\"2022-01-31T03:14:33+00:00\" \/>\n<meta name=\"twitter:card\" content=\"summary_large_image\" \/>\n<!-- \/ Yoast SEO plugin. -->","yoast_head_json":{"title":"Sitemap | Digitogy.eu","robots":{"index":"index","follow":"follow","max-snippet":"max-snippet:-1","max-image-preview":"max-image-preview:large","max-video-preview":"max-video-preview:-1"},"canonical":"https:\/\/digitogy.eu\/it\/sitemap\/","og_locale":"it_IT","og_type":"article","og_title":"Sitemap | Digitogy.eu","og_url":"https:\/\/digitogy.eu\/it\/sitemap\/","og_site_name":"Digitogy.eu","article_modified_time":"2022-01-31T03:14:33+00:00","twitter_card":"summary_large_image","schema":{"@context":"https:\/\/schema.org","@graph":[{"@type":"WebPage","@id":"https:\/\/digitogy.eu\/it\/sitemap\/","url":"https:\/\/digitogy.eu\/it\/sitemap\/","name":"Sitemap | Digitogy.eu","isPartOf":{"@id":"https:\/\/digitogy.eu\/it\/#website"},"datePublished":"2019-10-16T12:14:01+00:00","dateModified":"2022-01-31T03:14:33+00:00","breadcrumb":{"@id":"https:\/\/digitogy.eu\/it\/sitemap\/#breadcrumb"},"inLanguage":"it-IT","potentialAction":[{"@type":"ReadAction","target":["https:\/\/digitogy.eu\/it\/sitemap\/"]}]},{"@type":"BreadcrumbList","@id":"https:\/\/digitogy.eu\/it\/sitemap\/#breadcrumb","itemListElement":[{"@type":"ListItem","position":1,"name":"Home","item":"https:\/\/digitogy.eu\/it\/home\/"},{"@type":"ListItem","position":2,"name":"Sitemap"}]},{"@type":"WebSite","@id":"https:\/\/digitogy.eu\/it\/#website","url":"https:\/\/digitogy.eu\/it\/","name":"Digitogy.eu","description":"Digital Technology Magazine","publisher":{"@id":"https:\/\/digitogy.eu\/it\/#organization"},"potentialAction":[{"@type":"SearchAction","target":{"@type":"EntryPoint","urlTemplate":"https:\/\/digitogy.eu\/it\/?s={search_term_string}"},"query-input":{"@type":"PropertyValueSpecification","valueRequired":true,"valueName":"search_term_string"}}],"inLanguage":"it-IT"},{"@type":"Organization","@id":"https:\/\/digitogy.eu\/it\/#organization","name":"Digitogy.eu","url":"https:\/\/digitogy.eu\/it\/","logo":{"@type":"ImageObject","inLanguage":"it-IT","@id":"https:\/\/digitogy.eu\/it\/#\/schema\/logo\/image\/","url":"https:\/\/digitogy.eu\/wp-content\/uploads\/2019\/11\/digitogy.png","contentUrl":"https:\/\/digitogy.eu\/wp-content\/uploads\/2019\/11\/digitogy.png","width":150,"height":42,"caption":"Digitogy.eu"},"image":{"@id":"https:\/\/digitogy.eu\/it\/#\/schema\/logo\/image\/"}}]}},"_links":{"self":[{"href":"https:\/\/digitogy.eu\/it\/wp-json\/wp\/v2\/pages\/10067","targetHints":{"allow":["GET"]}}],"collection":[{"href":"https:\/\/digitogy.eu\/it\/wp-json\/wp\/v2\/pages"}],"about":[{"href":"https:\/\/digitogy.eu\/it\/wp-json\/wp\/v2\/types\/page"}],"author":[{"embeddable":true,"href":"https:\/\/digitogy.eu\/it\/wp-json\/wp\/v2\/users\/9"}],"replies":[{"embeddable":true,"href":"https:\/\/digitogy.eu\/it\/wp-json\/wp\/v2\/comments?post=10067"}],"version-history":[{"count":2,"href":"https:\/\/digitogy.eu\/it\/wp-json\/wp\/v2\/pages\/10067\/revisions"}],"predecessor-version":[{"id":12533,"href":"https:\/\/digitogy.eu\/it\/wp-json\/wp\/v2\/pages\/10067\/revisions\/12533"}],"wp:attachment":[{"href":"https:\/\/digitogy.eu\/it\/wp-json\/wp\/v2\/media?parent=10067"}],"wp:term":[{"taxonomy":"sgf-content-tag","embeddable":true,"href":"https:\/\/digitogy.eu\/it\/wp-json\/wp\/v2\/sgf-content-tag?post=10067"},{"taxonomy":"sgf-seo-push","embeddable":true,"href":"https:\/\/digitogy.eu\/it\/wp-json\/wp\/v2\/sgf-seo-push?post=10067"}],"curies":[{"name":"wp","href":"https:\/\/api.w.org\/{rel}","templated":true}]}}