{"id":46965,"date":"2023-07-25T05:36:58","date_gmt":"2023-07-25T04:36:58","guid":{"rendered":"https:\/\/digitogy.eu\/?page_id=46965"},"modified":"2023-07-25T05:36:58","modified_gmt":"2023-07-25T04:36:58","slug":"otkrivanje-vlasnistva","status":"publish","type":"page","link":"https:\/\/digitogy.eu\/hr\/otkrivanje-vlasnistva\/","title":{"rendered":"Otkrivanje Vlasni\u0161tva"},"content":{"rendered":"<p><a href=\"https:\/\/digitogy.eu\/hr\/\">Digitogy.eu<\/a> je u vlasni\u0161tvu i operira tvrtka <strong>Affiliare Inc.<\/strong> Posve\u0107eni smo pru\u017eanju nepristranih recenzija i \u010dlanaka na\u0161im \u010ditateljima, osiguravaju\u0107i transparentnost i integritet u na\u0161em sadr\u017eaju.<\/p>\n<p>Va\u017eno je napomenuti da iako na\u0161i \u010dlanci mogu spominjati ili se odnositi na razli\u010dite proizvode, usluge, stru\u010dnjake i drugo, to ne podrazumijeva odobrenje tih subjekata niti jam\u010di to\u010dnost informacija koje pru\u017eaju.<\/p>\n<p>Te\u017eimo prezentiranju objektivnih stajali\u0161ta i ideja kako<strong> bismo pomogli \u010ditateljima da donose informirane odluke<\/strong>.<\/p>\n<p>Sna\u017eno poti\u010demo na\u0161e \u010ditatelje da provode opse\u017ena istra\u017eivanja i konzultiraju se s vi\u0161e izvora prije kupnje bilo kojeg proizvoda ili usluge.<\/p>\n<p>Ograni\u010davanje na referencije unutar na\u0161ih \u010dlanaka mo\u017eda ne\u0107e osigurati potpun razumijevanje teme.<\/p>\n<p>Ako imate bilo kakva pitanja ili zabrinutosti u vezi s Digitogy.eu, slobodno nam po\u0161aljite poruku na <a href=\"mailto:info@affiliareinc.com\" target=\"_blank\" rel=\"nofollow noopener noreferrer\">info@affiliareinc.com<\/a>. Ovdje smo da pomognemo i pru\u017eimo sve potrebne informacije.<\/p>\n<p>Hvala vam \u0161to ste posjetili Digitogy.eu i cijenimo va\u0161e razumijevanje na\u0161e strukture vlasni\u0161tva i postupka recenzije.<\/p>\n","protected":false},"excerpt":{"rendered":"<p>Digitogy.eu je u vlasni\u0161tvu i operira tvrtka Affiliare Inc. Posve\u0107eni smo pru\u017eanju nepristranih recenzija i \u010dlanaka na\u0161im \u010ditateljima, osiguravaju\u0107i transparentnost i integritet u na\u0161em sadr\u017eaju. Va\u017eno je napomenuti da iako na\u0161i \u010dlanci mogu spominjati ili se odnositi na razli\u010dite proizvode, usluge, stru\u010dnjake i drugo, to ne podrazumijeva odobrenje tih subjekata niti jam\u010di to\u010dnost informacija koje [&hellip;]<\/p>\n","protected":false},"author":156,"featured_media":0,"parent":0,"menu_order":0,"comment_status":"closed","ping_status":"closed","template":"","meta":{"om_disable_all_campaigns":false,"footnotes":""},"sgf-content-tag":[1595,472],"sgf-seo-push":[],"class_list":["post-46965","page","type-page","status-publish","hentry"],"yoast_head":"<!-- This site is optimized with the Yoast SEO plugin v24.9 - https:\/\/yoast.com\/wordpress\/plugins\/seo\/ -->\n<title>Otkrivanje Vlasni\u0161tva | Digitogy.eu<\/title>\n<meta name=\"description\" content=\"Otkrijte vlasni\u010dku transparentnost! Pozivamo vas na \u010ditanje detaljnih informacija. Budite dobro informirani!\" \/>\n<meta name=\"robots\" content=\"index, follow, max-snippet:-1, max-image-preview:large, max-video-preview:-1\" \/>\n<link rel=\"canonical\" href=\"https:\/\/digitogy.eu\/hr\/otkrivanje-vlasnistva\/\" \/>\n<meta property=\"og:locale\" content=\"hr_HR\" \/>\n<meta property=\"og:type\" content=\"article\" \/>\n<meta property=\"og:title\" content=\"Otkrivanje Vlasni\u0161tva | Digitogy.eu\" \/>\n<meta property=\"og:description\" content=\"Otkrijte vlasni\u010dku transparentnost! Pozivamo vas na \u010ditanje detaljnih informacija. Budite dobro informirani!\" \/>\n<meta property=\"og:url\" content=\"https:\/\/digitogy.eu\/hr\/otkrivanje-vlasnistva\/\" \/>\n<meta property=\"og:site_name\" content=\"Digitogy.eu\" \/>\n<meta name=\"twitter:card\" content=\"summary_large_image\" \/>\n<!-- \/ Yoast SEO plugin. -->","yoast_head_json":{"title":"Otkrivanje Vlasni\u0161tva | Digitogy.eu","description":"Otkrijte vlasni\u010dku transparentnost! Pozivamo vas na \u010ditanje detaljnih informacija. Budite dobro informirani!","robots":{"index":"index","follow":"follow","max-snippet":"max-snippet:-1","max-image-preview":"max-image-preview:large","max-video-preview":"max-video-preview:-1"},"canonical":"https:\/\/digitogy.eu\/hr\/otkrivanje-vlasnistva\/","og_locale":"hr_HR","og_type":"article","og_title":"Otkrivanje Vlasni\u0161tva | Digitogy.eu","og_description":"Otkrijte vlasni\u010dku transparentnost! Pozivamo vas na \u010ditanje detaljnih informacija. Budite dobro informirani!","og_url":"https:\/\/digitogy.eu\/hr\/otkrivanje-vlasnistva\/","og_site_name":"Digitogy.eu","twitter_card":"summary_large_image","schema":{"@context":"https:\/\/schema.org","@graph":[{"@type":"WebPage","@id":"https:\/\/digitogy.eu\/hr\/otkrivanje-vlasnistva\/","url":"https:\/\/digitogy.eu\/hr\/otkrivanje-vlasnistva\/","name":"Otkrivanje Vlasni\u0161tva | Digitogy.eu","isPartOf":{"@id":"https:\/\/digitogy.eu\/hr\/#website"},"datePublished":"2023-07-25T04:36:58+00:00","description":"Otkrijte vlasni\u010dku transparentnost! Pozivamo vas na \u010ditanje detaljnih informacija. Budite dobro informirani!","breadcrumb":{"@id":"https:\/\/digitogy.eu\/hr\/otkrivanje-vlasnistva\/#breadcrumb"},"inLanguage":"hr","potentialAction":[{"@type":"ReadAction","target":["https:\/\/digitogy.eu\/hr\/otkrivanje-vlasnistva\/"]}]},{"@type":"BreadcrumbList","@id":"https:\/\/digitogy.eu\/hr\/otkrivanje-vlasnistva\/#breadcrumb","itemListElement":[{"@type":"ListItem","position":1,"name":"Home","item":"https:\/\/digitogy.eu\/hr\/home\/"},{"@type":"ListItem","position":2,"name":"Otkrivanje Vlasni\u0161tva"}]},{"@type":"WebSite","@id":"https:\/\/digitogy.eu\/hr\/#website","url":"https:\/\/digitogy.eu\/hr\/","name":"Digitogy.eu","description":"Digital Technology Magazine","publisher":{"@id":"https:\/\/digitogy.eu\/hr\/#organization"},"potentialAction":[{"@type":"SearchAction","target":{"@type":"EntryPoint","urlTemplate":"https:\/\/digitogy.eu\/hr\/?s={search_term_string}"},"query-input":{"@type":"PropertyValueSpecification","valueRequired":true,"valueName":"search_term_string"}}],"inLanguage":"hr"},{"@type":"Organization","@id":"https:\/\/digitogy.eu\/hr\/#organization","name":"Digitogy.eu","url":"https:\/\/digitogy.eu\/hr\/","logo":{"@type":"ImageObject","inLanguage":"hr","@id":"https:\/\/digitogy.eu\/hr\/#\/schema\/logo\/image\/","url":"https:\/\/digitogy.eu\/wp-content\/uploads\/2019\/11\/digitogy.png","contentUrl":"https:\/\/digitogy.eu\/wp-content\/uploads\/2019\/11\/digitogy.png","width":150,"height":42,"caption":"Digitogy.eu"},"image":{"@id":"https:\/\/digitogy.eu\/hr\/#\/schema\/logo\/image\/"}}]}},"_links":{"self":[{"href":"https:\/\/digitogy.eu\/hr\/wp-json\/wp\/v2\/pages\/46965","targetHints":{"allow":["GET"]}}],"collection":[{"href":"https:\/\/digitogy.eu\/hr\/wp-json\/wp\/v2\/pages"}],"about":[{"href":"https:\/\/digitogy.eu\/hr\/wp-json\/wp\/v2\/types\/page"}],"author":[{"embeddable":true,"href":"https:\/\/digitogy.eu\/hr\/wp-json\/wp\/v2\/users\/156"}],"replies":[{"embeddable":true,"href":"https:\/\/digitogy.eu\/hr\/wp-json\/wp\/v2\/comments?post=46965"}],"version-history":[{"count":4,"href":"https:\/\/digitogy.eu\/hr\/wp-json\/wp\/v2\/pages\/46965\/revisions"}],"predecessor-version":[{"id":47036,"href":"https:\/\/digitogy.eu\/hr\/wp-json\/wp\/v2\/pages\/46965\/revisions\/47036"}],"wp:attachment":[{"href":"https:\/\/digitogy.eu\/hr\/wp-json\/wp\/v2\/media?parent=46965"}],"wp:term":[{"taxonomy":"sgf-content-tag","embeddable":true,"href":"https:\/\/digitogy.eu\/hr\/wp-json\/wp\/v2\/sgf-content-tag?post=46965"},{"taxonomy":"sgf-seo-push","embeddable":true,"href":"https:\/\/digitogy.eu\/hr\/wp-json\/wp\/v2\/sgf-seo-push?post=46965"}],"curies":[{"name":"wp","href":"https:\/\/api.w.org\/{rel}","templated":true}]}}