{"id":46938,"date":"2023-07-21T04:45:41","date_gmt":"2023-07-21T03:45:41","guid":{"rendered":"https:\/\/digitogy.eu\/?page_id=46938"},"modified":"2023-07-21T04:45:41","modified_gmt":"2023-07-21T03:45:41","slug":"izjava-o-pripadnosti","status":"publish","type":"page","link":"https:\/\/digitogy.eu\/hr\/izjava-o-pripadnosti\/","title":{"rendered":"Izjava o partnerskom programu"},"content":{"rendered":"<p>Na <a href=\"https:\/\/digitogy.eu\/hr\/\">Digitogy.eu<\/a> stranici, strastveno se bavimo najnovijim tehnolo\u0161kim inovacijama i trudimo se pru\u017eiti na\u0161im \u010ditateljima objektivne i detaljne recenzije razli\u010ditih proizvoda. U cilju transparentnosti i iskrenosti prema na\u0161im \u010ditateljima, \u017eelimo istaknuti dva va\u017ena podru\u010dja: na\u0161u objavu o povezanosti i na\u0161u politiku uredni\u010dke transparentnosti.<\/p>\n<h2>Izjava o pripadnosti<\/h2>\n<p>Na\u0161a web stranica s recenzijama gadgeta funkcionira putem partnerskih programa povezanosti. <strong>To zna\u010di da mo\u017eemo primiti proviziju kada kupite proizvod putem poveznica povezanosti koje smo uklju\u010dili u na\u0161e recenzije.<\/strong> Me\u0111utim, uvjeravamo vas da na\u0161 postupak ocjenjivanja ostaje nepristran, a na\u0161 je cilj pru\u017eiti vam iskrene i informativne recenzije proizvoda.<\/p>\n<h2>Obavijest o povezanosti s Amazonom<\/h2>\n<p>Vlasnik ove stranice sudjeluje u programu<strong> Amazon Services LLC Associates<\/strong>, programu povezanosti koji je osmi\u0161ljen kako bi omogu\u0107io web stranicama da ostvare prihod od reklama promoviranjem i stvaranjem veza s Amazonovim svojstvima, uklju\u010duju\u0107i, ali ne ograni\u010davaju\u0107i se na Amazon.com, endless.com, myhabit.com, smallparts.com ili amazonwireless.com.<\/p>\n<h2>Uredni\u010dka transparentnost<\/h2>\n<p>Vjerujemo u uredni\u010dku transparentnost. <strong>Na\u0161e recenzije temelje se na objektivnim procjenama i stvarnim iskustvima s proizvodima.<\/strong> Ne prihva\u0107amo naknadu za pozitivne recenzije. Na\u0161a je predanost pru\u017eiti vam pouzdane informacije kako biste donijeli informirane odluke pri kupnji gadgeta.<\/p>\n<p>Va\u0161a podr\u0161ka putem kupnje putem povezanosti iznimno nam je va\u017ena jer nam omogu\u0107uje da nastavimo pru\u017eati visokokvalitetan sadr\u017eaj na\u0161im \u010ditateljima besplatno. Iskreno vam zahvaljujemo na va\u0161em povjerenju i dragocjenom doprinosu na\u0161oj zajednici.<\/p>\n<div id=\"gtx-trans\" style=\"position: absolute; left: 117px; top: 68.9062px;\">\n<div class=\"gtx-trans-icon\"><\/div>\n<\/div>\n","protected":false},"excerpt":{"rendered":"<p>Na Digitogy.eu stranici, strastveno se bavimo najnovijim tehnolo\u0161kim inovacijama i trudimo se pru\u017eiti na\u0161im \u010ditateljima objektivne i detaljne recenzije razli\u010ditih proizvoda. U cilju transparentnosti i iskrenosti prema na\u0161im \u010ditateljima, \u017eelimo istaknuti dva va\u017ena podru\u010dja: na\u0161u objavu o povezanosti i na\u0161u politiku uredni\u010dke transparentnosti. Izjava o pripadnosti Na\u0161a web stranica s recenzijama gadgeta funkcionira putem partnerskih [&hellip;]<\/p>\n","protected":false},"author":156,"featured_media":0,"parent":0,"menu_order":0,"comment_status":"closed","ping_status":"closed","template":"","meta":{"om_disable_all_campaigns":false,"footnotes":""},"sgf-content-tag":[1594,472],"sgf-seo-push":[],"class_list":["post-46938","page","type-page","status-publish","hentry"],"yoast_head":"<!-- This site is optimized with the Yoast SEO plugin v24.9 - https:\/\/yoast.com\/wordpress\/plugins\/seo\/ -->\n<title>Izjava o partnerskom programu | Digitogy.eu<\/title>\n<meta name=\"description\" content=\"Otkrijte na\u0161a partnerstva i suradnje! Pro\u010ditajte na\u0161u Obavijest o Partnerstvu i saznajte vi\u0161e o tome kako podr\u017eavamo ovu web stranicu.\" \/>\n<meta name=\"robots\" content=\"index, follow, max-snippet:-1, max-image-preview:large, max-video-preview:-1\" \/>\n<link rel=\"canonical\" href=\"https:\/\/digitogy.eu\/hr\/izjava-o-pripadnosti\/\" \/>\n<meta property=\"og:locale\" content=\"hr_HR\" \/>\n<meta property=\"og:type\" content=\"article\" \/>\n<meta property=\"og:title\" content=\"Izjava o partnerskom programu | Digitogy.eu\" \/>\n<meta property=\"og:description\" content=\"Otkrijte na\u0161a partnerstva i suradnje! Pro\u010ditajte na\u0161u Obavijest o Partnerstvu i saznajte vi\u0161e o tome kako podr\u017eavamo ovu web stranicu.\" \/>\n<meta property=\"og:url\" content=\"https:\/\/digitogy.eu\/hr\/izjava-o-pripadnosti\/\" \/>\n<meta property=\"og:site_name\" content=\"Digitogy.eu\" \/>\n<meta name=\"twitter:card\" content=\"summary_large_image\" \/>\n<!-- \/ Yoast SEO plugin. -->","yoast_head_json":{"title":"Izjava o partnerskom programu | Digitogy.eu","description":"Otkrijte na\u0161a partnerstva i suradnje! Pro\u010ditajte na\u0161u Obavijest o Partnerstvu i saznajte vi\u0161e o tome kako podr\u017eavamo ovu web stranicu.","robots":{"index":"index","follow":"follow","max-snippet":"max-snippet:-1","max-image-preview":"max-image-preview:large","max-video-preview":"max-video-preview:-1"},"canonical":"https:\/\/digitogy.eu\/hr\/izjava-o-pripadnosti\/","og_locale":"hr_HR","og_type":"article","og_title":"Izjava o partnerskom programu | Digitogy.eu","og_description":"Otkrijte na\u0161a partnerstva i suradnje! Pro\u010ditajte na\u0161u Obavijest o Partnerstvu i saznajte vi\u0161e o tome kako podr\u017eavamo ovu web stranicu.","og_url":"https:\/\/digitogy.eu\/hr\/izjava-o-pripadnosti\/","og_site_name":"Digitogy.eu","twitter_card":"summary_large_image","schema":{"@context":"https:\/\/schema.org","@graph":[{"@type":"WebPage","@id":"https:\/\/digitogy.eu\/hr\/izjava-o-pripadnosti\/","url":"https:\/\/digitogy.eu\/hr\/izjava-o-pripadnosti\/","name":"Izjava o partnerskom programu | Digitogy.eu","isPartOf":{"@id":"https:\/\/digitogy.eu\/hr\/#website"},"datePublished":"2023-07-21T03:45:41+00:00","description":"Otkrijte na\u0161a partnerstva i suradnje! Pro\u010ditajte na\u0161u Obavijest o Partnerstvu i saznajte vi\u0161e o tome kako podr\u017eavamo ovu web stranicu.","breadcrumb":{"@id":"https:\/\/digitogy.eu\/hr\/izjava-o-pripadnosti\/#breadcrumb"},"inLanguage":"hr","potentialAction":[{"@type":"ReadAction","target":["https:\/\/digitogy.eu\/hr\/izjava-o-pripadnosti\/"]}]},{"@type":"BreadcrumbList","@id":"https:\/\/digitogy.eu\/hr\/izjava-o-pripadnosti\/#breadcrumb","itemListElement":[{"@type":"ListItem","position":1,"name":"Home","item":"https:\/\/digitogy.eu\/hr\/home\/"},{"@type":"ListItem","position":2,"name":"Izjava o partnerskom programu"}]},{"@type":"WebSite","@id":"https:\/\/digitogy.eu\/hr\/#website","url":"https:\/\/digitogy.eu\/hr\/","name":"Digitogy.eu","description":"Digital Technology Magazine","publisher":{"@id":"https:\/\/digitogy.eu\/hr\/#organization"},"potentialAction":[{"@type":"SearchAction","target":{"@type":"EntryPoint","urlTemplate":"https:\/\/digitogy.eu\/hr\/?s={search_term_string}"},"query-input":{"@type":"PropertyValueSpecification","valueRequired":true,"valueName":"search_term_string"}}],"inLanguage":"hr"},{"@type":"Organization","@id":"https:\/\/digitogy.eu\/hr\/#organization","name":"Digitogy.eu","url":"https:\/\/digitogy.eu\/hr\/","logo":{"@type":"ImageObject","inLanguage":"hr","@id":"https:\/\/digitogy.eu\/hr\/#\/schema\/logo\/image\/","url":"https:\/\/digitogy.eu\/wp-content\/uploads\/2019\/11\/digitogy.png","contentUrl":"https:\/\/digitogy.eu\/wp-content\/uploads\/2019\/11\/digitogy.png","width":150,"height":42,"caption":"Digitogy.eu"},"image":{"@id":"https:\/\/digitogy.eu\/hr\/#\/schema\/logo\/image\/"}}]}},"_links":{"self":[{"href":"https:\/\/digitogy.eu\/hr\/wp-json\/wp\/v2\/pages\/46938","targetHints":{"allow":["GET"]}}],"collection":[{"href":"https:\/\/digitogy.eu\/hr\/wp-json\/wp\/v2\/pages"}],"about":[{"href":"https:\/\/digitogy.eu\/hr\/wp-json\/wp\/v2\/types\/page"}],"author":[{"embeddable":true,"href":"https:\/\/digitogy.eu\/hr\/wp-json\/wp\/v2\/users\/156"}],"replies":[{"embeddable":true,"href":"https:\/\/digitogy.eu\/hr\/wp-json\/wp\/v2\/comments?post=46938"}],"version-history":[{"count":6,"href":"https:\/\/digitogy.eu\/hr\/wp-json\/wp\/v2\/pages\/46938\/revisions"}],"predecessor-version":[{"id":47024,"href":"https:\/\/digitogy.eu\/hr\/wp-json\/wp\/v2\/pages\/46938\/revisions\/47024"}],"wp:attachment":[{"href":"https:\/\/digitogy.eu\/hr\/wp-json\/wp\/v2\/media?parent=46938"}],"wp:term":[{"taxonomy":"sgf-content-tag","embeddable":true,"href":"https:\/\/digitogy.eu\/hr\/wp-json\/wp\/v2\/sgf-content-tag?post=46938"},{"taxonomy":"sgf-seo-push","embeddable":true,"href":"https:\/\/digitogy.eu\/hr\/wp-json\/wp\/v2\/sgf-seo-push?post=46938"}],"curies":[{"name":"wp","href":"https:\/\/api.w.org\/{rel}","templated":true}]}}