{"id":43590,"date":"2023-01-11T04:41:18","date_gmt":"2023-01-11T03:41:18","guid":{"rendered":"https:\/\/digitogy.eu\/?page_id=43590"},"modified":"2023-06-07T06:46:42","modified_gmt":"2023-06-07T05:46:42","slug":"odabir-urednika","status":"publish","type":"page","link":"https:\/\/digitogy.eu\/hr\/odabir-urednika\/","title":{"rendered":"Odabir urednika"},"content":{"rendered":"\r\n        \r\n        \r\n        \r\n                                            <div class=\"masonry_grid_fullwidth col_wrap_three \" data-filterargs='{\"post_type\":\"post\",\"posts_per_page\":0,\"order\":\"DESC\",\"tag__in\":[\"1565\",\"1564\"]}' data-template=\"query_type3\" id=\"rh_fltmasongrid_1507433937\" data-innerargs='{\"columns\":\"3_col\",\"aff_link\":\"\"}'>\r\n                                    <article class=\"small_post col_item\">\r\n    <div class=\"top\">\r\n        <div class=\"cats_def\">\r\n                     <\/div>\r\n            <\/div>\r\n    <h2><a href=\"https:\/\/digitogy.eu\/hr\/thephotostick-mobile-recenzija\/\">The PhotoStick Mobile Recenzija 2026 \u2013 Jer Va\u0161e vrijeme je va\u017eno!<\/a><\/h2>\r\n    <div class=\"post-meta\"> \t\t\t\t<span class=\"admin_meta\">\n\t\t\t<a class=\"admin\" href=\"https:\/\/digitogy.eu\/hr\/author\/juraj\/\">\n\t\t\t\t\t\t\t\tJuraj Vinkovi\u0107\t\t\t<\/a>\n\t\t<\/span>\n\t <\/div>\r\n        <div class=\"mb10\"><div class=\"star-small\"><span class=\"stars-rate\"><span style=\"width: 94%;\"><\/span><\/span><\/div><\/div>\r\n       \r\n        <figure class=\"mb15\">\r\n             <div class=\"social_icon  social_icon_inimage small_social_inimage\"><span data-href=\"https:\/\/www.facebook.com\/sharer\/sharer.php?u=https%3A%2F%2Fdigitogy.eu%2Fhr%2Fthephotostick-mobile-recenzija%2F\" class=\"fb share-link-image\" data-service=\"facebook\"><i class=\"rhicon rhi-facebook\"><\/i><\/span><span data-href=\"https:\/\/twitter.com\/share?url=https%3A%2F%2Fdigitogy.eu%2Fhr%2Fthephotostick-mobile-recenzija%2F&text=The+PhotoStick+Mobile+Recenzija+2026+%E2%80%93+Jer+Va%C5%A1e+vrijeme+je+va%C5%BEno%21\" class=\"tw share-link-image\" data-service=\"twitter\"><i class=\"rhicon rhi-twitter\"><\/i><\/span><span data-href=\"https:\/\/pinterest.com\/pin\/create\/button\/?url=https%3A%2F%2Fdigitogy.eu%2Fhr%2Fthephotostick-mobile-recenzija%2F&amp;media=https:\/\/digitogy.eu\/wp-content\/uploads\/2023\/01\/The-PhotoStick-Mobile.jpg&amp;description=The+PhotoStick+Mobile+Recenzija+2026+%E2%80%93+Jer+Va%C5%A1e+vrijeme+je+va%C5%BEno%21\" class=\"pn share-link-image\" data-service=\"pinterest\"><i class=\"rhicon rhi-pinterest-p\"><\/i><\/span><\/div>                         <div class=\"pattern\"><\/div>\r\n            <a href=\"https:\/\/digitogy.eu\/hr\/thephotostick-mobile-recenzija\/\"><img fetchpriority=\"high\" decoding=\"async\" src=\"https:\/\/digitogy.eu\/wp-content\/uploads\/thumbs_dir\/The-PhotoStick-Mobile-208kay2bb0reae7tsk1djomqrw4qbuwo56v1shv7od6s.jpg\" width=\"336\" height=\"220\" alt=\"The PhotoStick Mobile Recenzija 2026 \u2013 Jer Va\u0161e vrijeme je va\u017eno!\" \/><\/a>\r\n        <\/figure>                                       \r\n            <p>Sigurno ste se veliki broj puta na\u0161li u situaciji da je memorija Va\u0161eg telefona puna, a Vi ne \u017eelite da bri\u0161ete fotografije i video zapise koje ste na\u010dinili? Mo\u017eda niste dugo radili backup na Va\u0161 ...<\/p>\r\n    \t\t\t\t\t\t\t\t\t\t\t\t\t\t\t\t\t\n\t\t\t\t\n\t\t \n\t\t\t\t\t        <div class=\"priced_block clearfix  \">\n\t              \t        \t\n\t            \t    \t\t\t    \t\t\t<span class=\"rh_button_wrapper\">\n\t\t            \t<a href=\"https:\/\/digitogy.eu\/go\/thephotostick-mobile\" class=\"btn_offer_block re_track_btn\" target=\"_blank\" rel=\"nofollow sponsored\">\n\t\t\t            \t\t\t            \tIdite na ThePhotoStick Mobile\t\t\t            \t\t\t            \t\t            <\/a>\n\t\t        \t<\/span>\n\t            \t\n\t\t    \t\t\t\t\t\t\t\t    \t\t\n\t\t        \t            \t        \n\t        <\/div>\n            \t    \t\t    \t\n\t   \r\n<\/article>                                    <article class=\"small_post col_item\">\r\n    <div class=\"top\">\r\n        <div class=\"cats_def\">\r\n                     <\/div>\r\n            <\/div>\r\n    <h2><a href=\"https:\/\/digitogy.eu\/hr\/thephotostick-recenzija\/\">Napravite sigurnosne kopije fotografija i videa sa ThePhotoStick<\/a><\/h2>\r\n    <div class=\"post-meta\"> \t\t\t\t<span class=\"admin_meta\">\n\t\t\t<a class=\"admin\" href=\"https:\/\/digitogy.eu\/hr\/author\/juraj\/\">\n\t\t\t\t\t\t\t\tJuraj Vinkovi\u0107\t\t\t<\/a>\n\t\t<\/span>\n\t <\/div>\r\n        <div class=\"mb10\"><div class=\"star-small\"><span class=\"stars-rate\"><span style=\"width: 94%;\"><\/span><\/span><\/div><\/div>\r\n       \r\n        <figure class=\"mb15\">\r\n             <div class=\"social_icon  social_icon_inimage small_social_inimage\"><span data-href=\"https:\/\/www.facebook.com\/sharer\/sharer.php?u=https%3A%2F%2Fdigitogy.eu%2Fhr%2Fthephotostick-recenzija%2F\" class=\"fb share-link-image\" data-service=\"facebook\"><i class=\"rhicon rhi-facebook\"><\/i><\/span><span data-href=\"https:\/\/twitter.com\/share?url=https%3A%2F%2Fdigitogy.eu%2Fhr%2Fthephotostick-recenzija%2F&text=Napravite+sigurnosne+kopije+fotografija+i+videa+sa+ThePhotoStick\" class=\"tw share-link-image\" data-service=\"twitter\"><i class=\"rhicon rhi-twitter\"><\/i><\/span><span data-href=\"https:\/\/pinterest.com\/pin\/create\/button\/?url=https%3A%2F%2Fdigitogy.eu%2Fhr%2Fthephotostick-recenzija%2F&amp;media=https:\/\/digitogy.eu\/wp-content\/uploads\/2023\/01\/thephotostick-featured-image.jpg&amp;description=Napravite+sigurnosne+kopije+fotografija+i+videa+sa+ThePhotoStick\" class=\"pn share-link-image\" data-service=\"pinterest\"><i class=\"rhicon rhi-pinterest-p\"><\/i><\/span><\/div>                         <div class=\"pattern\"><\/div>\r\n            <a href=\"https:\/\/digitogy.eu\/hr\/thephotostick-recenzija\/\"><img decoding=\"async\" src=\"https:\/\/digitogy.eu\/wp-content\/uploads\/thumbs_dir\/thephotostick-featured-image-208k5ah86401bk0np8rc64y7oi32gt5w6cjfprkul58k.jpg\" width=\"336\" height=\"220\" alt=\"Napravite sigurnosne kopije fotografija i videa sa ThePhotoStick\" \/><\/a>\r\n        <\/figure>                                       \r\n            <p>Zar vam ne dosadi importovanje, organiziranje i pravljenje sigurnosnih kopija va\u0161ih fotografija i videa? To je ba\u0161 gnjava\u017ea i oduzima mnogo vremena. Ali i sami znate da to morate raditi. Ne \u017eelite da ...<\/p>\r\n    \t\t\t\t\t\t\t\t\t\t\t\t\t\t\t\t\t\n\t\t\t\t\n\t\t \n\t\t\t\t\t        <div class=\"priced_block clearfix  \">\n\t              \t        \t\n\t            \t    \t\t\t    \t\t\t<span class=\"rh_button_wrapper\">\n\t\t            \t<a href=\"https:\/\/digitogy.eu\/go\/thephotostick-computer\" class=\"btn_offer_block re_track_btn\" target=\"_blank\" rel=\"nofollow sponsored\">\n\t\t\t            \t\t\t            \tIdite na ThePhotoStick\t\t\t            \t\t\t            \t\t            <\/a>\n\t\t        \t<\/span>\n\t            \t\n\t\t    \t\t\t\t\t\t\t\t    \t\t\n\t\t        \t            \t        \n\t        <\/div>\n            \t    \t\t    \t\n\t   \r\n<\/article>                            <\/div>\r\n\r\n                            <div class=\"pagination\"><\/div>\r\n            \r\n            <div class=\"clearfix\"><\/div>\r\n        \n","protected":false},"excerpt":{"rendered":"","protected":false},"author":156,"featured_media":0,"parent":0,"menu_order":0,"comment_status":"closed","ping_status":"closed","template":"","meta":{"om_disable_all_campaigns":false,"footnotes":""},"sgf-content-tag":[1452],"sgf-seo-push":[],"class_list":["post-43590","page","type-page","status-publish","hentry"],"yoast_head":"<!-- This site is optimized with the Yoast SEO plugin v24.9 - https:\/\/yoast.com\/wordpress\/plugins\/seo\/ -->\n<title>Odabir urednika | Digitogy.eu<\/title>\n<meta name=\"robots\" content=\"index, follow, max-snippet:-1, max-image-preview:large, max-video-preview:-1\" \/>\n<link rel=\"canonical\" href=\"https:\/\/digitogy.eu\/hr\/odabir-urednika\/\" \/>\n<meta property=\"og:locale\" content=\"hr_HR\" \/>\n<meta property=\"og:type\" content=\"article\" \/>\n<meta property=\"og:title\" content=\"Odabir urednika | Digitogy.eu\" \/>\n<meta property=\"og:url\" content=\"https:\/\/digitogy.eu\/hr\/odabir-urednika\/\" \/>\n<meta property=\"og:site_name\" content=\"Digitogy.eu\" \/>\n<meta property=\"article:modified_time\" content=\"2023-06-07T05:46:42+00:00\" \/>\n<meta name=\"twitter:card\" content=\"summary_large_image\" \/>\n<!-- \/ Yoast SEO plugin. -->","yoast_head_json":{"title":"Odabir urednika | Digitogy.eu","robots":{"index":"index","follow":"follow","max-snippet":"max-snippet:-1","max-image-preview":"max-image-preview:large","max-video-preview":"max-video-preview:-1"},"canonical":"https:\/\/digitogy.eu\/hr\/odabir-urednika\/","og_locale":"hr_HR","og_type":"article","og_title":"Odabir urednika | Digitogy.eu","og_url":"https:\/\/digitogy.eu\/hr\/odabir-urednika\/","og_site_name":"Digitogy.eu","article_modified_time":"2023-06-07T05:46:42+00:00","twitter_card":"summary_large_image","schema":{"@context":"https:\/\/schema.org","@graph":[{"@type":"WebPage","@id":"https:\/\/digitogy.eu\/hr\/odabir-urednika\/","url":"https:\/\/digitogy.eu\/hr\/odabir-urednika\/","name":"Odabir urednika | Digitogy.eu","isPartOf":{"@id":"https:\/\/digitogy.eu\/hr\/#website"},"datePublished":"2023-01-11T03:41:18+00:00","dateModified":"2023-06-07T05:46:42+00:00","breadcrumb":{"@id":"https:\/\/digitogy.eu\/hr\/odabir-urednika\/#breadcrumb"},"inLanguage":"hr","potentialAction":[{"@type":"ReadAction","target":["https:\/\/digitogy.eu\/hr\/odabir-urednika\/"]}]},{"@type":"BreadcrumbList","@id":"https:\/\/digitogy.eu\/hr\/odabir-urednika\/#breadcrumb","itemListElement":[{"@type":"ListItem","position":1,"name":"Home","item":"https:\/\/digitogy.eu\/hr\/home\/"},{"@type":"ListItem","position":2,"name":"Odabir urednika"}]},{"@type":"WebSite","@id":"https:\/\/digitogy.eu\/hr\/#website","url":"https:\/\/digitogy.eu\/hr\/","name":"Digitogy.eu","description":"Digital Technology Magazine","publisher":{"@id":"https:\/\/digitogy.eu\/hr\/#organization"},"potentialAction":[{"@type":"SearchAction","target":{"@type":"EntryPoint","urlTemplate":"https:\/\/digitogy.eu\/hr\/?s={search_term_string}"},"query-input":{"@type":"PropertyValueSpecification","valueRequired":true,"valueName":"search_term_string"}}],"inLanguage":"hr"},{"@type":"Organization","@id":"https:\/\/digitogy.eu\/hr\/#organization","name":"Digitogy.eu","url":"https:\/\/digitogy.eu\/hr\/","logo":{"@type":"ImageObject","inLanguage":"hr","@id":"https:\/\/digitogy.eu\/hr\/#\/schema\/logo\/image\/","url":"https:\/\/digitogy.eu\/wp-content\/uploads\/2019\/11\/digitogy.png","contentUrl":"https:\/\/digitogy.eu\/wp-content\/uploads\/2019\/11\/digitogy.png","width":150,"height":42,"caption":"Digitogy.eu"},"image":{"@id":"https:\/\/digitogy.eu\/hr\/#\/schema\/logo\/image\/"}}]}},"_links":{"self":[{"href":"https:\/\/digitogy.eu\/hr\/wp-json\/wp\/v2\/pages\/43590","targetHints":{"allow":["GET"]}}],"collection":[{"href":"https:\/\/digitogy.eu\/hr\/wp-json\/wp\/v2\/pages"}],"about":[{"href":"https:\/\/digitogy.eu\/hr\/wp-json\/wp\/v2\/types\/page"}],"author":[{"embeddable":true,"href":"https:\/\/digitogy.eu\/hr\/wp-json\/wp\/v2\/users\/156"}],"replies":[{"embeddable":true,"href":"https:\/\/digitogy.eu\/hr\/wp-json\/wp\/v2\/comments?post=43590"}],"version-history":[{"count":16,"href":"https:\/\/digitogy.eu\/hr\/wp-json\/wp\/v2\/pages\/43590\/revisions"}],"predecessor-version":[{"id":45987,"href":"https:\/\/digitogy.eu\/hr\/wp-json\/wp\/v2\/pages\/43590\/revisions\/45987"}],"wp:attachment":[{"href":"https:\/\/digitogy.eu\/hr\/wp-json\/wp\/v2\/media?parent=43590"}],"wp:term":[{"taxonomy":"sgf-content-tag","embeddable":true,"href":"https:\/\/digitogy.eu\/hr\/wp-json\/wp\/v2\/sgf-content-tag?post=43590"},{"taxonomy":"sgf-seo-push","embeddable":true,"href":"https:\/\/digitogy.eu\/hr\/wp-json\/wp\/v2\/sgf-seo-push?post=43590"}],"curies":[{"name":"wp","href":"https:\/\/api.w.org\/{rel}","templated":true}]}}