{"id":43582,"date":"2023-01-11T04:45:30","date_gmt":"2023-01-11T03:45:30","guid":{"rendered":"https:\/\/digitogy.eu\/?page_id=43582"},"modified":"2023-07-27T04:15:53","modified_gmt":"2023-07-27T03:15:53","slug":"kontaktirajte-nas","status":"publish","type":"page","link":"https:\/\/digitogy.eu\/hr\/kontaktirajte-nas\/","title":{"rendered":"Kontaktirajte nas"},"content":{"rendered":"<p>Kontaktirajte nas putem e-maila na adresi: <a href=\"mailto:info@digitogy.eu\" target=\"_blank\" rel=\"nofollow noopener noreferrer\">info@digitogy.eu<\/a>.<\/p>\n<p>Za sve upite i prijedloge suradnje, molimo vas da nas kontaktirate na e-mailu: <a href=\"mailto:outreach@digitogy.eu\" target=\"_blank\" rel=\"nofollow noopener noreferrer\">outreach@digitogy.eu<\/a>. Odgovorit \u0107emo vam u najkra\u0107em mogu\u0107em roku.<\/p>\n<p>Ako ste zainteresirani za posao, slobodno nam se obratite putem e-maila na adresi: <a href=\"mailto:jobs@digitogy.eu\" target=\"_blank\" rel=\"noopener\">jobs@digitogy.eu<\/a>.<\/p>\n<p>Za povrat novca vezan uz ure\u0111aje, molimo da nas kontaktirate na adresi <a href=\"mailto:refunds@digitogy.eu\" target=\"_blank\" rel=\"noopener\">refunds@digitogy.eu<\/a>.<\/p>\n<p>Za telefonski kontakt, nazovite broj: +385 1 8396 217.<\/p>\n<p>Adresa: Ratarska ul. 59, 10000, Zagreb, Hrvatska.<\/p>\n<p><iframe style=\"border: 0;\" src=\"https:\/\/www.google.com\/maps\/embed?pb=!1m18!1m12!1m3!1d2781.590057530347!2d15.912661476047706!3d45.79943997108138!2m3!1f0!2f0!3f0!3m2!1i1024!2i768!4f13.1!3m3!1m2!1s0x4765d149364da8a3%3A0x87e37c1954cdc252!2sRatarska%20ul.%2059%2C%2010000%2C%20Zagreb%2C%20Croatia!5e0!3m2!1sen!2sth!4v1690427669297!5m2!1sen!2sth\" width=\"600\" height=\"450\" allowfullscreen=\"allowfullscreen\"><\/iframe><\/p>\n<p>Hvala vam.<\/p>\n<div id=\"gtx-trans\" style=\"position: absolute; left: 417px; top: 196px;\">\n<div class=\"gtx-trans-icon\"><\/div>\n<\/div>\n","protected":false},"excerpt":{"rendered":"<p>Kontaktirajte nas putem e-maila na adresi: info@digitogy.eu. Za sve upite i prijedloge suradnje, molimo vas da nas kontaktirate na e-mailu: outreach@digitogy.eu. Odgovorit \u0107emo vam u najkra\u0107em mogu\u0107em roku. Ako ste zainteresirani za posao, slobodno nam se obratite putem e-maila na adresi: jobs@digitogy.eu. Za povrat novca vezan uz ure\u0111aje, molimo da nas kontaktirate na adresi refunds@digitogy.eu. [&hellip;]<\/p>\n","protected":false},"author":156,"featured_media":0,"parent":0,"menu_order":0,"comment_status":"closed","ping_status":"closed","template":"","meta":{"om_disable_all_campaigns":false,"footnotes":""},"sgf-content-tag":[472,473],"sgf-seo-push":[],"class_list":["post-43582","page","type-page","status-publish","hentry"],"yoast_head":"<!-- This site is optimized with the Yoast SEO plugin v24.9 - https:\/\/yoast.com\/wordpress\/plugins\/seo\/ -->\n<title>Kontaktirajte nas | Digitogy.eu<\/title>\n<meta name=\"description\" content=\"Ukoliko imate pitanje, sugestiju, primjedbu ili pohvalu za nas, pi\u0161ite nam. Potrudi\u0107emo se da vam \u010dim prije odgovorimo. Uvijek smo tu za svoje \u010ditatelje.\" \/>\n<meta name=\"robots\" content=\"index, follow, max-snippet:-1, max-image-preview:large, max-video-preview:-1\" \/>\n<link rel=\"canonical\" href=\"https:\/\/digitogy.eu\/hr\/kontaktirajte-nas\/\" \/>\n<meta property=\"og:locale\" content=\"hr_HR\" \/>\n<meta property=\"og:type\" content=\"article\" \/>\n<meta property=\"og:title\" content=\"Kontaktirajte nas | Digitogy.eu\" \/>\n<meta property=\"og:description\" content=\"Ukoliko imate pitanje, sugestiju, primjedbu ili pohvalu za nas, pi\u0161ite nam. Potrudi\u0107emo se da vam \u010dim prije odgovorimo. Uvijek smo tu za svoje \u010ditatelje.\" \/>\n<meta property=\"og:url\" content=\"https:\/\/digitogy.eu\/hr\/kontaktirajte-nas\/\" \/>\n<meta property=\"og:site_name\" content=\"Digitogy.eu\" \/>\n<meta property=\"article:modified_time\" content=\"2023-07-27T03:15:53+00:00\" \/>\n<meta name=\"twitter:card\" content=\"summary_large_image\" \/>\n<!-- \/ Yoast SEO plugin. -->","yoast_head_json":{"title":"Kontaktirajte nas | Digitogy.eu","description":"Ukoliko imate pitanje, sugestiju, primjedbu ili pohvalu za nas, pi\u0161ite nam. Potrudi\u0107emo se da vam \u010dim prije odgovorimo. Uvijek smo tu za svoje \u010ditatelje.","robots":{"index":"index","follow":"follow","max-snippet":"max-snippet:-1","max-image-preview":"max-image-preview:large","max-video-preview":"max-video-preview:-1"},"canonical":"https:\/\/digitogy.eu\/hr\/kontaktirajte-nas\/","og_locale":"hr_HR","og_type":"article","og_title":"Kontaktirajte nas | Digitogy.eu","og_description":"Ukoliko imate pitanje, sugestiju, primjedbu ili pohvalu za nas, pi\u0161ite nam. Potrudi\u0107emo se da vam \u010dim prije odgovorimo. Uvijek smo tu za svoje \u010ditatelje.","og_url":"https:\/\/digitogy.eu\/hr\/kontaktirajte-nas\/","og_site_name":"Digitogy.eu","article_modified_time":"2023-07-27T03:15:53+00:00","twitter_card":"summary_large_image","schema":{"@context":"https:\/\/schema.org","@graph":[{"@type":"WebPage","@id":"https:\/\/digitogy.eu\/hr\/kontaktirajte-nas\/","url":"https:\/\/digitogy.eu\/hr\/kontaktirajte-nas\/","name":"Kontaktirajte nas | Digitogy.eu","isPartOf":{"@id":"https:\/\/digitogy.eu\/hr\/#website"},"datePublished":"2023-01-11T03:45:30+00:00","dateModified":"2023-07-27T03:15:53+00:00","description":"Ukoliko imate pitanje, sugestiju, primjedbu ili pohvalu za nas, pi\u0161ite nam. Potrudi\u0107emo se da vam \u010dim prije odgovorimo. Uvijek smo tu za svoje \u010ditatelje.","breadcrumb":{"@id":"https:\/\/digitogy.eu\/hr\/kontaktirajte-nas\/#breadcrumb"},"inLanguage":"hr","potentialAction":[{"@type":"ReadAction","target":["https:\/\/digitogy.eu\/hr\/kontaktirajte-nas\/"]}]},{"@type":"BreadcrumbList","@id":"https:\/\/digitogy.eu\/hr\/kontaktirajte-nas\/#breadcrumb","itemListElement":[{"@type":"ListItem","position":1,"name":"Home","item":"https:\/\/digitogy.eu\/hr\/home\/"},{"@type":"ListItem","position":2,"name":"Kontaktirajte nas"}]},{"@type":"WebSite","@id":"https:\/\/digitogy.eu\/hr\/#website","url":"https:\/\/digitogy.eu\/hr\/","name":"Digitogy.eu","description":"Digital Technology Magazine","publisher":{"@id":"https:\/\/digitogy.eu\/hr\/#organization"},"potentialAction":[{"@type":"SearchAction","target":{"@type":"EntryPoint","urlTemplate":"https:\/\/digitogy.eu\/hr\/?s={search_term_string}"},"query-input":{"@type":"PropertyValueSpecification","valueRequired":true,"valueName":"search_term_string"}}],"inLanguage":"hr"},{"@type":"Organization","@id":"https:\/\/digitogy.eu\/hr\/#organization","name":"Digitogy.eu","url":"https:\/\/digitogy.eu\/hr\/","logo":{"@type":"ImageObject","inLanguage":"hr","@id":"https:\/\/digitogy.eu\/hr\/#\/schema\/logo\/image\/","url":"https:\/\/digitogy.eu\/wp-content\/uploads\/2019\/11\/digitogy.png","contentUrl":"https:\/\/digitogy.eu\/wp-content\/uploads\/2019\/11\/digitogy.png","width":150,"height":42,"caption":"Digitogy.eu"},"image":{"@id":"https:\/\/digitogy.eu\/hr\/#\/schema\/logo\/image\/"}}]}},"_links":{"self":[{"href":"https:\/\/digitogy.eu\/hr\/wp-json\/wp\/v2\/pages\/43582","targetHints":{"allow":["GET"]}}],"collection":[{"href":"https:\/\/digitogy.eu\/hr\/wp-json\/wp\/v2\/pages"}],"about":[{"href":"https:\/\/digitogy.eu\/hr\/wp-json\/wp\/v2\/types\/page"}],"author":[{"embeddable":true,"href":"https:\/\/digitogy.eu\/hr\/wp-json\/wp\/v2\/users\/156"}],"replies":[{"embeddable":true,"href":"https:\/\/digitogy.eu\/hr\/wp-json\/wp\/v2\/comments?post=43582"}],"version-history":[{"count":9,"href":"https:\/\/digitogy.eu\/hr\/wp-json\/wp\/v2\/pages\/43582\/revisions"}],"predecessor-version":[{"id":47048,"href":"https:\/\/digitogy.eu\/hr\/wp-json\/wp\/v2\/pages\/43582\/revisions\/47048"}],"wp:attachment":[{"href":"https:\/\/digitogy.eu\/hr\/wp-json\/wp\/v2\/media?parent=43582"}],"wp:term":[{"taxonomy":"sgf-content-tag","embeddable":true,"href":"https:\/\/digitogy.eu\/hr\/wp-json\/wp\/v2\/sgf-content-tag?post=43582"},{"taxonomy":"sgf-seo-push","embeddable":true,"href":"https:\/\/digitogy.eu\/hr\/wp-json\/wp\/v2\/sgf-seo-push?post=43582"}],"curies":[{"name":"wp","href":"https:\/\/api.w.org\/{rel}","templated":true}]}}