{"id":43579,"date":"2023-01-11T04:47:01","date_gmt":"2023-01-11T03:47:01","guid":{"rendered":"https:\/\/digitogy.eu\/?page_id=43579"},"modified":"2023-08-07T04:14:20","modified_gmt":"2023-08-07T03:14:20","slug":"o-nama","status":"publish","type":"page","link":"https:\/\/digitogy.eu\/hr\/o-nama\/","title":{"rendered":"O nama"},"content":{"rendered":"<p>Na <a href=\"https:\/\/digitogy.eu\/hr\/\">Digitogy-u<\/a>, <strong>na\u0161 cilj je pru\u017eiti vam istinite recenzije i testove korisnih visokotehnolo\u0161kih proizvoda<\/strong>. Strogo testiramo svaki proizvod koji dobijemo i odlu\u010dujemo zaslu\u017euje li mjesto na na\u0161oj web stranici. Budu\u0107i da vjerujemo da bi svatko trebao imati pristup tim informacijama, sve na\u0161e sadr\u017eaje stavljamo besplatno na raspolaganje, bez potrebe za pretplatom.<\/p>\n<p>Tu smo da vam olak\u0161amo \u017eivot! Na\u0161i testovi \u0161tede va\u0161e vrijeme. S obzirom da zaista testiramo proizvode (\u0161to nije slu\u010daj s svima na internetu), mo\u017eete potpuno vjerovati na\u0161im mi\u0161ljenjima i biti sigurni u ono \u0161to kupujete.<\/p>\n<p>S na\u0161im \u010dlancima bit \u0107ete informirani o najnovijim tehnolo\u0161kim inovacijama i saznat \u0107ete vi\u0161e o gadgetima koji mogu zna\u010dajno olak\u0161ati va\u0161u svakodnevicu.<\/p>\n<h2>Na\u0161a povijest<\/h2>\n<p>Na\u0161a web stranica nosi povijest koju s rado\u0161\u0107u \u017eelimo podijeliti s vama. Na\u0161a glavna misija je pru\u017eiti iskrene recenzije kako bismo omogu\u0107ili na\u0161im \u010ditateljima da donose informirane odluke prilikom kupovine tehnolo\u0161kih ure\u0111aja.<\/p>\n<p>Osnovana <strong>1. sije\u010dnja 2023<\/strong>. godine, na\u0161a web stranica proiza\u0161la je iz vizije da tehnolo\u0161ki ure\u0111aji mogu unaprijediti na\u0161 \u017eivot, ali veliki izbor proizvoda mo\u017ee dovesti do razo\u010daravaju\u0107ih kupovina niskokvalitetnih proizvoda. Kako bismo to sprije\u010dili, posve\u0107eni smo pru\u017eanju iskrenih i sveobuhvatnih recenzija koje \u0107e voditi na\u0161e \u010ditatelje prema najboljim izborima. Iako smo se suo\u010dili s financijskim izazovima tijekom po\u010detnih dana recenziranja proizvoda, na\u0161a neumorna strast za pru\u017eanjem vrijednog sadr\u017eaja potaknula nas je da prevladamo te prepreke.<\/p>\n<p>Povratne informacije i mi\u0161ljenja na\u0161ih \u010ditatelja su neprocjenjivi za nas. Njihovi izrazi kako su na\u0161e recenzije pobolj\u0161ale njihovo razumijevanje razli\u010ditih proizvoda inspiriraju nas da kontinuirano unaprje\u0111ujemo na\u0161u web stranicu. Danas je na\u0161a predanost urodila plodom, te smo stekli priznanje kod na\u0161e publike.<\/p>\n<p>Na\u0161a web stranica slu\u017ei kao zajednica gdje se \u010ditatelji i suradnici okupljaju kako bi dijelili mi\u0161ljenja i \u0161irili svoje znanje zajedno. Ponosimo se stvaranjem informativnih \u010dlanaka koji su jednostavni za razumijevanje i poma\u017eu \u010ditateljima da saznaju vi\u0161e o pravim kvalitetama svakog proizvoda.<\/p>\n<p>Na\u0161 uspjeh pripisujemo na\u0161em predanom timu. S jakom posve\u0107eno\u0161\u0107u ostajati u toku s tehnologijom, oni neprestano usavr\u0161avaju svoje vje\u0161tine kako bi pru\u017eili najrelevantnije i najto\u010dnije informacije na\u0161im \u010ditateljima.<\/p>\n<h2>Pisci koji to \u010dine<\/h2>\n<p>Na Digitogy-u \u0107ete prona\u0107i samo autenti\u010dne recenzije koje pi\u0161e na\u0161 tim strastvenih profesionalaca:<\/p>\n\t\t\t<style>.authors-list-cols-dir-horizontal .authors-list-col{display:block;float:left;margin-right:3.42%}.authors-list-cols-dir-horizontal .authors-list-col-1{width:5.198%}.authors-list-cols-dir-horizontal .authors-list-col-2{width:13.81%}.authors-list-cols-dir-horizontal .authors-list-col-3{width:22.43%}.authors-list-cols-dir-horizontal .authors-list-col-4{width:31.05%}.authors-list-cols-dir-horizontal .authors-list-col-5{width:39.67%}.authors-list-cols-dir-horizontal .authors-list-col-6{width:48.29%}.authors-list-cols-dir-horizontal .authors-list-col-7{width:56.9%}.authors-list-cols-dir-horizontal .authors-list-col-8{width:65.52%}.authors-list-cols-dir-horizontal .authors-list-col-9{width:74.14%}.authors-list-cols-dir-horizontal .authors-list-col-10{width:82.76%}.authors-list-cols-dir-horizontal .authors-list-col-11{width:91.38%}.authors-list-cols-dir-horizontal .authors-list-col-12{width:100%}.authors-list-cols-dir-horizontal .authors-list-col-last{margin-right:0}.authors-list-cols-dir-horizontal .authors-list-col-first{clear:both}.authors-list-cols-dir-horizontal.authors-list-cols-2 .authors-list-col:nth-child(2n){margin-right:0}.authors-list-cols-dir-horizontal.authors-list-cols-2 .authors-list-col:nth-child(2n+1){clear:both}.authors-list-cols-dir-horizontal.authors-list-cols-3 .authors-list-col:nth-child(3n){margin-right:0}.authors-list-cols-dir-horizontal.authors-list-cols-3 .authors-list-col:nth-child(3n+1){clear:both}.authors-list-cols-dir-horizontal.authors-list-cols-4 .authors-list-col:nth-child(4n){margin-right:0}.authors-list-cols-dir-horizontal.authors-list-cols-4 .authors-list-col:nth-child(4n+1){clear:both}.authors-list-cols-dir-vertical{column-gap:3.42%}.authors-list-cols-dir-vertical.authors-list-cols-2{column-count:2}.authors-list-cols-dir-vertical.authors-list-cols-3{column-count:3}.authors-list-cols-dir-vertical.authors-list-cols-3{column-count:3}.authors-list-cols-dir-vertical.authors-list-cols-4{column-count:4}.authors-list-clearfix:after,.authors-list-clearfix:before{content:\" \";display:table}.authors-list-clearfix:after{clear:both}.authors-list-item{margin-bottom:30px;position:relative}.authors-list-cols-dir-vertical .authors-list-item{break-inside:avoid-column;page-break-inside:avoid}.authors-list-item-thumbnail{margin-bottom:20px;position:relative}.authors-list-item-thumbnail a,.authors-list-item-thumbnail img{display:block;position:relative;border:0}.authors-list-item-thumbnail img{max-width:100%;height:auto;border-radius:inherit;}.authors-list-item-title{font-size:22px;font-weight:700;margin-bottom:5px}.authors-list-item-title a{color:inherit}.authors-list-item-subtitle{margin-bottom:5px;font-size:80%}.authors-list-item-social{margin-bottom:10px}.authors-list-item-social a{font-size:15px;margin-right:5px;text-decoration:none}.authors-list-item-social svg{width:15px}.authors-list-item-social-facebook{fill:#3b5998}.authors-list-item-social-instagram{fill:#405de6}.authors-list-item-social-linkedin{fill:#0077b5}.authors-list-item-social-pinterest{fill:#bd081c}.authors-list-item-social-tumblr{fill:#35465c}.authors-list-item-social-twitter{fill:#1da1f2}.authors-list-item-social-youtube{fill:red}.authors-list-item-social-tiktok{fill:#1e3050}.authors-list-item-excerpt{margin-bottom:10px}.authors-list-items-s2 .authors-list-item-main{position:absolute;bottom:0;left:0;right:0;padding:30px;color:#fff;background:rgba(0,0,0,.3)}.authors-list-items-s2 .authors-list-item-thumbnail{margin-bottom:0}.authors-list-items-s2 .authors-list-item-title{color:inherit}.authors-list-items-s2 .authors-list-item-link{color:inherit}.authors-list-items-s3 .authors-list-item-thumbnail{margin-bottom:0}.authors-list-items-s3 .authors-list-item-main{position:absolute;bottom:0;left:0;right:0;top:0;padding:30px;opacity:0;transform:scale(0);transition:all .3s;background:#fff;border:2px solid #eee}.authors-list-items-s3 .authors-list-item:hover .authors-list-item-main{opacity:1;transform:scale(1)}.authors-list-items-s4 .authors-list-item-thumbnail{float:left;margin-right:20px;width:25%}.authors-list-item-s4 .authors-list-item-main{overflow:hidden}.author-list-item-after-avatar,.author-list-item-after-bio,.author-list-item-after-count,.author-list-item-after-link,.author-list-item-after-title,.author-list-item-before-avatar,.author-list-item-before-bio,.author-list-item-before-count,.author-list-item-before-link,.author-list-item-before-title{margin-bottom:5px}@media only screen and (max-width:767px){.authors-list-cols-dir-horizontal .authors-list-col{width:100%;margin-right:0!important}.authors-list-cols-dir-vertical{column-count:1!important}}.authors-list-pagination{text-align:center}.authors-list-pagination li{display:inline-block;margin:0 2px}.authors-list-pagination li a,.authors-list-pagination li>span{display:inline-block;border:1px solid rgba(0,0,0,.2);padding:10px;line-height:1}<\/style>\n\t\t\t\t\t\t<div class=\"authors-list-items authors-list-items-s3 authors-list-clearfix authors-list-cols-3 authors-list-cols-dir-horizontal \">\n\t\t\t\n\t\t<div class=\"authors-list-item authors-list-item-clearfix authors-list-col authors-list-col-4\">\n\n\t\t\t\t\t\t\t<div class=\"authors-list-item-thumbnail\">\n\t\t\t\t\t\n\t\t\t\t\t<a href=\"https:\/\/digitogy.eu\/hr\/author\/juraj\/\" class=\"author-list-item-avatar\">\n\t\t\t\t\t\t\t\t\t\t\t\t\t<img alt='Juraj Vinkovi\u0107' src='https:\/\/digitogy.eu\/wp-content\/uploads\/2023\/01\/Juraj-200x200-1-500x500.jpg' srcset='https:\/\/digitogy.eu\/wp-content\/uploads\/2023\/01\/Juraj-200x200-1-1000x1000.jpg 2x' class='avatar avatar-500 photo' height='500' width='500' \/>\t\t\t\t\t\t\t\t\t\t\t<\/a>\n\n\t\t\t\t\t\t\t\t\t<\/div><!-- .team-item-thumbnail -->\n\t\t\t\n\t\t\t<div class=\"authors-list-item-main\">\n\n\t\t\t\t\n\t\t\t\t\t\t\t\t\t<div class=\"authors-list-item-title\">\n\t\t\t\t\t\t<a href=\"https:\/\/digitogy.eu\/hr\/author\/juraj\/\">Juraj Vinkovi\u0107<\/a>\n\t\t\t\t\t<\/div>\n\t\t\t\t\n\t\t\t\t\n\t\t\t\t\n\t\t\t\t\t\t\t\t\t\t\t\t\t\t<div class=\"authors-list-item-subtitle\">2 posts<\/div>\n\t\t\t\t\n\t\t\t\t\n\t\t\t\t\n\t\t\t\t\n\t\t\t\t\n\t\t\t\t\n\t\t\t\t\t\t\t\t\t\t\t\t\t\t<a href=\"https:\/\/digitogy.eu\/hr\/author\/juraj\/\" class=\"authors-list-item-link\" aria-label=\" - Pogledaj postove \u2192\">Pogledaj postove \u2192<\/a>\n\t\t\t\t\n\t\t\t\t\n\t\t\t<\/div><!-- .team-item-main -->\n\n\t\t<\/div><!-- .authors-list-item -->\n\n\t\t\n\t\t\t<span class=\"spinner\">\n\t\t\t\t<span class=\"spin\">\n\t\t\t\t\t<svg xmlns=\"http:\/\/www.w3.org\/2000\/svg\" viewBox=\"0 0 512 512\">\n\t\t\t\t\t\t<path d=\"M304 48C304 74.51 282.5 96 256 96C229.5 96 208 74.51 208 48C208 21.49 229.5 0 256 0C282.5 0 304 21.49 304 48zM304 464C304 490.5 282.5 512 256 512C229.5 512 208 490.5 208 464C208 437.5 229.5 416 256 416C282.5 416 304 437.5 304 464zM0 256C0 229.5 21.49 208 48 208C74.51 208 96 229.5 96 256C96 282.5 74.51 304 48 304C21.49 304 0 282.5 0 256zM512 256C512 282.5 490.5 304 464 304C437.5 304 416 282.5 416 256C416 229.5 437.5 208 464 208C490.5 208 512 229.5 512 256zM74.98 437C56.23 418.3 56.23 387.9 74.98 369.1C93.73 350.4 124.1 350.4 142.9 369.1C161.6 387.9 161.6 418.3 142.9 437C124.1 455.8 93.73 455.8 74.98 437V437zM142.9 142.9C124.1 161.6 93.73 161.6 74.98 142.9C56.24 124.1 56.24 93.73 74.98 74.98C93.73 56.23 124.1 56.23 142.9 74.98C161.6 93.73 161.6 124.1 142.9 142.9zM369.1 369.1C387.9 350.4 418.3 350.4 437 369.1C455.8 387.9 455.8 418.3 437 437C418.3 455.8 387.9 455.8 369.1 437C350.4 418.3 350.4 387.9 369.1 369.1V369.1z\"\/>\n\t\t\t\t\t<\/svg>\n\t\t\t\t<\/span>\n\t\t\t<\/span>\n\n\t\t\t\t\t\t<\/div><!-- authors-list-items -->\n\t\t\t\n<p>Svi \u010dlanovi na\u0161eg tima su zaljubljenici u nove tehnologije. <strong>Svi imamo bli\u017ee ili dalje iskustvo u tom podru\u010dju i savr\u0161eno vladao svojim znanjem.<\/strong> Prijateljska radna atmosfera na Digitogy-u obja\u0161njava za\u0161to na\u0161i \u010ditatelji u\u017eivaju \u010ditaju\u0107i na\u0161e recenzije.<\/p>\n<p>Prave osobe koje pi\u0161u prave \u010dlanke! To je ono \u0161to \u010dini dobru web stranicu za testiranje proizvoda. Zahvaljuju\u0107i razli\u010ditim vje\u0161tinama na\u0161ih pisaca i testera, mo\u017eemo pokriti mnoge razli\u010dite teme kako bismo vam pru\u017eili najbolje od tehnologije i softvera.<\/p>\n<h2>Na\u0161 postupak procjene<\/h2>\n<p>Svaka web stranica i tim ima svoju vlastitu metodu rada. <strong>Na Digitogy-u uvijek slijedimo vrlo preciznu skaliranu ocjenu.<\/strong> Stvarno vodimo ra\u010duna o kvaliteti na\u0161ih testova jer \u017eelimo da nas na\u0161i \u010ditatelji smatraju profesionalcima.<\/p>\n<p>Kako bismo bili transparentni, \u017eelimo vam ukratko objasniti na\u0161 postupak procjene. U nastavku \u0107ete prona\u0107i detalje o na\u0161em pristupu kako bismo vam pru\u017eili to\u010dne recenzije.<\/p>\n<h2>Testiramo sve gadgete<\/h2>\n<p>Prva stvar koju treba shvatiti je da svatko ne mo\u017ee postati stru\u010dnjak za visokotehnolo\u0161ke gadgete. <strong>Na\u0161 tim se sastoji od profesionalaca i vode\u0107i smo u testiranju elektroni\u010dkih gadgeta.<\/strong><\/p>\n<p>Naravno, da bismo vam pru\u017eili objektivno i temeljito mi\u0161ljenje, moramo ispravno testirati svaki gadget koji predstavljamo. To ne zna\u010di samo izvla\u010denje gadgeta iz kutije! Moramo testirati sve zna\u010dajke proizvoda koje dobivamo, kao i njihovu izdr\u017eljivost. Naime, elektroni\u010dki gadget mo\u017ee ispravno funkcionirati nekoliko dana, a zatim se pokvariti.<\/p>\n<p>Zato si uzimamo vremena! Detaljno prou\u010davamo svaki gadget: \u010demu slu\u017ei? Kako je izra\u0111en i kako radi? Koje su njegove prednosti u odnosu na konkurenciju na tr\u017ei\u0161tu? To su svi aspekti koje ocjenjujemo u svakom od na\u0161ih testova.<\/p>\n<p>Zahvaljuju\u0107i na\u0161im temeljitim testovima gadgeta koje predstavljamo, mo\u017eemo utvrditi op\u0107u kvalitetu proizvoda i re\u0107i vam mo\u017ee li promijeniti va\u0161 \u017eivot.<\/p>\n<h2>Sakupljamo povratne informacije kupaca<\/h2>\n<p>Da bi na\u0161i testovi bili potpuni, uspore\u0111ujemo i mi\u0161ljenja na\u0161ih stru\u010dnjaka s onima drugih kupaca koji su ve\u0107 isprobali proizvod. Zato pretra\u017eujemo internet u potrazi za povratnim informacijama kupaca. Uvijek posve\u0107ujemo dio na\u0161ih testova tim recenzijama, koriste\u0107i ih kao potporu vlastitim zaklju\u010dcima.<\/p>\n<p>Sakupljanje povratnih informacija kupaca omogu\u0107ava nam da vam pru\u017eimo cjelovitiju sliku vrijednosti gadgeta. Me\u0111utim, to nije tako jednostavno kao \u0161to se \u010dini, jer nastojimo odabrati kvalitetne povratne informacije kupaca, odnosno ljude koji su stvarno testirali proizvode o kojima govore. Na\u017ealost, internet je pun la\u017enih svjedo\u010danstava, ali zahvaljuju\u0107i na\u0161em iskustvu u testiranju, imamo vje\u0161tinu prepoznavanja takvih la\u017enih svjedo\u010danstava.<\/p>\n<p>Zato \u0107ete na Digitogy-u <strong>prona\u0107i samo recenzije stvarnih kupaca koje nude objektivan prikaz proizvoda<\/strong>, a ne nu\u017eno nastoje ga prodati po svaku cijenu.<\/p>\n<h2>Potpuna neovisnost<\/h2>\n<p>Na internetu se sve vi\u0161e pojavljuju tvrtke koje samostalno pi\u0161u recenzije svojih vlastitih proizvoda. Ova praksa je eti\u010dki upitna i ne po\u0161tuje nikakva pravila.<\/p>\n<p>Na Digitogy-u smo potpuno protiv ove prakse. <strong>Radimo neovisno i transparentno.<\/strong> Da budemo jasni, nemamo nikakav ugovor s tvrtkama \u010dije proizvode predstavljamo.<\/p>\n<h2>Podijelite na\u0161e \u010dlanke ako ih volite!<\/h2>\n<p>Ako vam se svi\u0111aju na\u0161i \u010dlanci, slobodno ih podijelite! Bilo bi nam drago da ih preporu\u010dite svojim prijateljima, obitelji i kolegama. Va\u0161a podr\u0161ka nas poti\u010de da nastavimo pru\u017eati kvalitetne recenzije i testove visokotehnolo\u0161kih proizvoda.<\/p>\n<p>Unaprijed hvala na podr\u0161ci i na odabiru Digitogy-a kao izvora pouzdanih informacija o najnovijim tehnolo\u0161kim novitetima!<\/p>\n","protected":false},"excerpt":{"rendered":"<p>Na Digitogy-u, na\u0161 cilj je pru\u017eiti vam istinite recenzije i testove korisnih visokotehnolo\u0161kih proizvoda. Strogo testiramo svaki proizvod koji dobijemo i odlu\u010dujemo zaslu\u017euje li mjesto na na\u0161oj web stranici. Budu\u0107i da vjerujemo da bi svatko trebao imati pristup tim informacijama, sve na\u0161e sadr\u017eaje stavljamo besplatno na raspolaganje, bez potrebe za pretplatom. Tu smo da vam [&hellip;]<\/p>\n","protected":false},"author":156,"featured_media":0,"parent":0,"menu_order":0,"comment_status":"closed","ping_status":"closed","template":"","meta":{"om_disable_all_campaigns":false,"footnotes":""},"sgf-content-tag":[472,470],"sgf-seo-push":[],"class_list":["post-43579","page","type-page","status-publish","hentry"],"yoast_head":"<!-- This site is optimized with the Yoast SEO plugin v24.9 - https:\/\/yoast.com\/wordpress\/plugins\/seo\/ -->\n<title>O nama | Digitogy.eu<\/title>\n<meta name=\"description\" content=\"Mi smo tim neovisnih recenzenata koji testiraju najnovije gadgete i nove tehnologije za svoje \u010ditatelje. Cilj nam je da vam pru\u017eimo pomo\u0107 prilikom kupnje.\" \/>\n<meta name=\"robots\" content=\"index, follow, max-snippet:-1, max-image-preview:large, max-video-preview:-1\" \/>\n<link rel=\"canonical\" href=\"https:\/\/digitogy.eu\/hr\/o-nama\/\" \/>\n<meta property=\"og:locale\" content=\"hr_HR\" \/>\n<meta property=\"og:type\" content=\"article\" \/>\n<meta property=\"og:title\" content=\"O nama | Digitogy.eu\" \/>\n<meta property=\"og:description\" content=\"Mi smo tim neovisnih recenzenata koji testiraju najnovije gadgete i nove tehnologije za svoje \u010ditatelje. Cilj nam je da vam pru\u017eimo pomo\u0107 prilikom kupnje.\" \/>\n<meta property=\"og:url\" content=\"https:\/\/digitogy.eu\/hr\/o-nama\/\" \/>\n<meta property=\"og:site_name\" content=\"Digitogy.eu\" \/>\n<meta property=\"article:modified_time\" content=\"2023-08-07T03:14:20+00:00\" \/>\n<meta name=\"twitter:card\" content=\"summary_large_image\" \/>\n<!-- \/ Yoast SEO plugin. -->","yoast_head_json":{"title":"O nama | Digitogy.eu","description":"Mi smo tim neovisnih recenzenata koji testiraju najnovije gadgete i nove tehnologije za svoje \u010ditatelje. Cilj nam je da vam pru\u017eimo pomo\u0107 prilikom kupnje.","robots":{"index":"index","follow":"follow","max-snippet":"max-snippet:-1","max-image-preview":"max-image-preview:large","max-video-preview":"max-video-preview:-1"},"canonical":"https:\/\/digitogy.eu\/hr\/o-nama\/","og_locale":"hr_HR","og_type":"article","og_title":"O nama | Digitogy.eu","og_description":"Mi smo tim neovisnih recenzenata koji testiraju najnovije gadgete i nove tehnologije za svoje \u010ditatelje. Cilj nam je da vam pru\u017eimo pomo\u0107 prilikom kupnje.","og_url":"https:\/\/digitogy.eu\/hr\/o-nama\/","og_site_name":"Digitogy.eu","article_modified_time":"2023-08-07T03:14:20+00:00","twitter_card":"summary_large_image","schema":{"@context":"https:\/\/schema.org","@graph":[{"@type":"WebPage","@id":"https:\/\/digitogy.eu\/hr\/o-nama\/","url":"https:\/\/digitogy.eu\/hr\/o-nama\/","name":"O nama | Digitogy.eu","isPartOf":{"@id":"https:\/\/digitogy.eu\/hr\/#website"},"datePublished":"2023-01-11T03:47:01+00:00","dateModified":"2023-08-07T03:14:20+00:00","description":"Mi smo tim neovisnih recenzenata koji testiraju najnovije gadgete i nove tehnologije za svoje \u010ditatelje. Cilj nam je da vam pru\u017eimo pomo\u0107 prilikom kupnje.","breadcrumb":{"@id":"https:\/\/digitogy.eu\/hr\/o-nama\/#breadcrumb"},"inLanguage":"hr","potentialAction":[{"@type":"ReadAction","target":["https:\/\/digitogy.eu\/hr\/o-nama\/"]}]},{"@type":"BreadcrumbList","@id":"https:\/\/digitogy.eu\/hr\/o-nama\/#breadcrumb","itemListElement":[{"@type":"ListItem","position":1,"name":"Home","item":"https:\/\/digitogy.eu\/hr\/home\/"},{"@type":"ListItem","position":2,"name":"O nama"}]},{"@type":"WebSite","@id":"https:\/\/digitogy.eu\/hr\/#website","url":"https:\/\/digitogy.eu\/hr\/","name":"Digitogy.eu","description":"Digital Technology Magazine","publisher":{"@id":"https:\/\/digitogy.eu\/hr\/#organization"},"potentialAction":[{"@type":"SearchAction","target":{"@type":"EntryPoint","urlTemplate":"https:\/\/digitogy.eu\/hr\/?s={search_term_string}"},"query-input":{"@type":"PropertyValueSpecification","valueRequired":true,"valueName":"search_term_string"}}],"inLanguage":"hr"},{"@type":"Organization","@id":"https:\/\/digitogy.eu\/hr\/#organization","name":"Digitogy.eu","url":"https:\/\/digitogy.eu\/hr\/","logo":{"@type":"ImageObject","inLanguage":"hr","@id":"https:\/\/digitogy.eu\/hr\/#\/schema\/logo\/image\/","url":"https:\/\/digitogy.eu\/wp-content\/uploads\/2019\/11\/digitogy.png","contentUrl":"https:\/\/digitogy.eu\/wp-content\/uploads\/2019\/11\/digitogy.png","width":150,"height":42,"caption":"Digitogy.eu"},"image":{"@id":"https:\/\/digitogy.eu\/hr\/#\/schema\/logo\/image\/"}}]}},"_links":{"self":[{"href":"https:\/\/digitogy.eu\/hr\/wp-json\/wp\/v2\/pages\/43579","targetHints":{"allow":["GET"]}}],"collection":[{"href":"https:\/\/digitogy.eu\/hr\/wp-json\/wp\/v2\/pages"}],"about":[{"href":"https:\/\/digitogy.eu\/hr\/wp-json\/wp\/v2\/types\/page"}],"author":[{"embeddable":true,"href":"https:\/\/digitogy.eu\/hr\/wp-json\/wp\/v2\/users\/156"}],"replies":[{"embeddable":true,"href":"https:\/\/digitogy.eu\/hr\/wp-json\/wp\/v2\/comments?post=43579"}],"version-history":[{"count":12,"href":"https:\/\/digitogy.eu\/hr\/wp-json\/wp\/v2\/pages\/43579\/revisions"}],"predecessor-version":[{"id":47200,"href":"https:\/\/digitogy.eu\/hr\/wp-json\/wp\/v2\/pages\/43579\/revisions\/47200"}],"wp:attachment":[{"href":"https:\/\/digitogy.eu\/hr\/wp-json\/wp\/v2\/media?parent=43579"}],"wp:term":[{"taxonomy":"sgf-content-tag","embeddable":true,"href":"https:\/\/digitogy.eu\/hr\/wp-json\/wp\/v2\/sgf-content-tag?post=43579"},{"taxonomy":"sgf-seo-push","embeddable":true,"href":"https:\/\/digitogy.eu\/hr\/wp-json\/wp\/v2\/sgf-seo-push?post=43579"}],"curies":[{"name":"wp","href":"https:\/\/api.w.org\/{rel}","templated":true}]}}