{"id":8505,"date":"2018-11-06T08:40:47","date_gmt":"2018-11-06T07:40:47","guid":{"rendered":"https:\/\/digitogy.eu\/disclaimer\/"},"modified":"2023-07-17T09:04:18","modified_gmt":"2023-07-17T08:04:18","slug":"disclaimer","status":"publish","type":"page","link":"https:\/\/digitogy.eu\/fr\/disclaimer\/","title":{"rendered":"Mentions l\u00e9gales du site Digitogy.eu"},"content":{"rendered":"<p>Les informations fournies sur le site <a href=\"https:\/\/digitogy.eu\/fr\/\">digitogy.eu<\/a> sont pr\u00e9sent\u00e9es de <strong>bonne foi dans un but g\u00e9n\u00e9ral uniquement<\/strong>. Nous nous effor\u00e7ons de maintenir les informations \u00e0 jour et exactes, mais nous ne faisons aucune d\u00e9claration ou garantie, expresse ou implicite, quant \u00e0 l&rsquo;exhaustivit\u00e9, l&rsquo;exactitude, la fiabilit\u00e9, la pertinence ou la disponibilit\u00e9 du contenu du site. Toute confiance que vous accordez \u00e0 ces informations est donc strictement \u00e0 vos propres risques.<\/p>\n<p>Nous tenons \u00e0 souligner que <strong>notre site ne cautionne en aucun cas une activit\u00e9 ill\u00e9gale<\/strong>. Les informations, les guides d&rsquo;utilisation et les avis fournis sont destin\u00e9s \u00e0 des <strong>fins d&rsquo;information g\u00e9n\u00e9rale<\/strong> et ne doivent pas \u00eatre interpr\u00e9t\u00e9s comme des incitations \u00e0 se livrer \u00e0 des activit\u00e9s ill\u00e9gales ou \u00e0 enfreindre les lois en vigueur.<\/p>\n<p>Il est important de comprendre que <strong>vous \u00eates seul responsable de vos propres actions en utilisant les informations et les conseils fournis sur notre site<\/strong>. Nous ne serons pas tenus responsables des cons\u00e9quences d\u00e9coulant de l&rsquo;utilisation des produits mentionn\u00e9s ou des actions entreprises en se basant sur les informations fournies.<\/p>\n<p>De plus, notre site contient des articles et des commentaires g\u00e9n\u00e9r\u00e9s par les utilisateurs. Nous ne pouvons <strong>pas garantir l&rsquo;exactitude, la l\u00e9galit\u00e9 ou la fiabilit\u00e9 de ces contenus g\u00e9n\u00e9r\u00e9s par les utilisateurs<\/strong>. Nous d\u00e9clinons toute responsabilit\u00e9 concernant les commentaires, les avis ou les contenus inappropri\u00e9s, diffamatoires ou ill\u00e9gaux publi\u00e9s par les utilisateurs.<\/p>\n<p>Notre site peut contenir des liens vers d&rsquo;autres sites et sources externes. Cependant, <strong>nous ne sommes pas responsables de la disponibilit\u00e9 de ces sites externes ni de leur contenu<\/strong>. Nous n&rsquo;endossons pas le contenu de ces sites et nous ne pouvons pas garantir leur exactitude, leur l\u00e9galit\u00e9 ou leur pertinence. L&rsquo;utilisation de ces liens se fait donc \u00e0 vos propres risques.<\/p>\n<p>En ce qui concerne la propri\u00e9t\u00e9 intellectuelle, tous les contenus pr\u00e9sents sur ce site, y compris, sans s&rsquo;y limiter, les graphismes, images, textes, vid\u00e9os, animations, sons, logos, gifs et ic\u00f4nes, ainsi que leur mise en forme, sont la propri\u00e9t\u00e9 exclusive de Digitogy.eu, sauf indication contraire. Toutes les marques, logos ou contenus appartenant \u00e0 d&rsquo;autres soci\u00e9t\u00e9s partenaires ou auteurs sont la propri\u00e9t\u00e9 de leurs d\u00e9tenteurs respectifs.<\/p>\n<p>En utilisant notre site, vous acceptez pleinement et consciemment les termes de cette clause de non-responsabilit\u00e9. Si vous n&rsquo;\u00eates pas d&rsquo;accord avec l&rsquo;un de ces termes, veuillez ne pas utiliser notre site.<\/p>\n<p>Si vous avez des questions ou des pr\u00e9occupations concernant cette clause de non-responsabilit\u00e9, veuillez nous contacter via <a href=\"https:\/\/digitogy.eu\/fr\/nous-contacter\/\">notre page de contact<\/a>.<\/p>\n","protected":false},"excerpt":{"rendered":"<p>Les informations fournies sur le site digitogy.eu sont pr\u00e9sent\u00e9es de bonne foi dans un but g\u00e9n\u00e9ral uniquement. Nous nous effor\u00e7ons de maintenir les informations \u00e0 jour et exactes, mais nous ne faisons aucune d\u00e9claration ou garantie, expresse ou implicite, quant \u00e0 l&rsquo;exhaustivit\u00e9, l&rsquo;exactitude, la fiabilit\u00e9, la pertinence ou la disponibilit\u00e9 du contenu du site. Toute [&hellip;]<\/p>\n","protected":false},"author":38,"featured_media":0,"parent":0,"menu_order":0,"comment_status":"closed","ping_status":"closed","template":"","meta":{"om_disable_all_campaigns":false,"footnotes":""},"sgf-content-tag":[472,476],"sgf-seo-push":[],"class_list":["post-8505","page","type-page","status-publish","hentry"],"yoast_head":"<!-- This site is optimized with the Yoast SEO plugin v24.9 - https:\/\/yoast.com\/wordpress\/plugins\/seo\/ -->\n<title>Mentions l\u00e9gales du site Digitogy.eu | Digitogy.eu<\/title>\n<meta name=\"description\" content=\"D\u00e9couvrez notre clause de non-responsabilit\u00e9 compl\u00e8te. Lisez attentivement avant d&#039;utiliser notre site. Restez inform\u00e9 et prot\u00e9gez-vous !\" \/>\n<meta name=\"robots\" content=\"index, follow, max-snippet:-1, max-image-preview:large, max-video-preview:-1\" \/>\n<link rel=\"canonical\" href=\"https:\/\/digitogy.eu\/fr\/disclaimer\/\" \/>\n<meta property=\"og:locale\" content=\"fr_FR\" \/>\n<meta property=\"og:type\" content=\"article\" \/>\n<meta property=\"og:title\" content=\"Mentions l\u00e9gales du site Digitogy.eu | Digitogy.eu\" \/>\n<meta property=\"og:description\" content=\"D\u00e9couvrez notre clause de non-responsabilit\u00e9 compl\u00e8te. Lisez attentivement avant d&#039;utiliser notre site. Restez inform\u00e9 et prot\u00e9gez-vous !\" \/>\n<meta property=\"og:url\" content=\"https:\/\/digitogy.eu\/fr\/disclaimer\/\" \/>\n<meta property=\"og:site_name\" content=\"Digitogy.eu\" \/>\n<meta property=\"article:modified_time\" content=\"2023-07-17T08:04:18+00:00\" \/>\n<meta name=\"twitter:card\" content=\"summary_large_image\" \/>\n<!-- \/ Yoast SEO plugin. -->","yoast_head_json":{"title":"Mentions l\u00e9gales du site Digitogy.eu | Digitogy.eu","description":"D\u00e9couvrez notre clause de non-responsabilit\u00e9 compl\u00e8te. Lisez attentivement avant d'utiliser notre site. Restez inform\u00e9 et prot\u00e9gez-vous !","robots":{"index":"index","follow":"follow","max-snippet":"max-snippet:-1","max-image-preview":"max-image-preview:large","max-video-preview":"max-video-preview:-1"},"canonical":"https:\/\/digitogy.eu\/fr\/disclaimer\/","og_locale":"fr_FR","og_type":"article","og_title":"Mentions l\u00e9gales du site Digitogy.eu | Digitogy.eu","og_description":"D\u00e9couvrez notre clause de non-responsabilit\u00e9 compl\u00e8te. Lisez attentivement avant d'utiliser notre site. Restez inform\u00e9 et prot\u00e9gez-vous !","og_url":"https:\/\/digitogy.eu\/fr\/disclaimer\/","og_site_name":"Digitogy.eu","article_modified_time":"2023-07-17T08:04:18+00:00","twitter_card":"summary_large_image","schema":{"@context":"https:\/\/schema.org","@graph":[{"@type":"WebPage","@id":"https:\/\/digitogy.eu\/fr\/disclaimer\/","url":"https:\/\/digitogy.eu\/fr\/disclaimer\/","name":"Mentions l\u00e9gales du site Digitogy.eu | Digitogy.eu","isPartOf":{"@id":"https:\/\/digitogy.eu\/fr\/#website"},"datePublished":"2018-11-06T07:40:47+00:00","dateModified":"2023-07-17T08:04:18+00:00","description":"D\u00e9couvrez notre clause de non-responsabilit\u00e9 compl\u00e8te. Lisez attentivement avant d'utiliser notre site. Restez inform\u00e9 et prot\u00e9gez-vous !","breadcrumb":{"@id":"https:\/\/digitogy.eu\/fr\/disclaimer\/#breadcrumb"},"inLanguage":"fr-FR","potentialAction":[{"@type":"ReadAction","target":["https:\/\/digitogy.eu\/fr\/disclaimer\/"]}]},{"@type":"BreadcrumbList","@id":"https:\/\/digitogy.eu\/fr\/disclaimer\/#breadcrumb","itemListElement":[{"@type":"ListItem","position":1,"name":"Home","item":"https:\/\/digitogy.eu\/fr\/accueil\/"},{"@type":"ListItem","position":2,"name":"Mentions l\u00e9gales du site Digitogy.eu"}]},{"@type":"WebSite","@id":"https:\/\/digitogy.eu\/fr\/#website","url":"https:\/\/digitogy.eu\/fr\/","name":"Digitogy.eu","description":"Digital Technology Magazine","publisher":{"@id":"https:\/\/digitogy.eu\/fr\/#organization"},"potentialAction":[{"@type":"SearchAction","target":{"@type":"EntryPoint","urlTemplate":"https:\/\/digitogy.eu\/fr\/?s={search_term_string}"},"query-input":{"@type":"PropertyValueSpecification","valueRequired":true,"valueName":"search_term_string"}}],"inLanguage":"fr-FR"},{"@type":"Organization","@id":"https:\/\/digitogy.eu\/fr\/#organization","name":"Digitogy.eu","url":"https:\/\/digitogy.eu\/fr\/","logo":{"@type":"ImageObject","inLanguage":"fr-FR","@id":"https:\/\/digitogy.eu\/fr\/#\/schema\/logo\/image\/","url":"https:\/\/digitogy.eu\/wp-content\/uploads\/2019\/11\/digitogy.png","contentUrl":"https:\/\/digitogy.eu\/wp-content\/uploads\/2019\/11\/digitogy.png","width":150,"height":42,"caption":"Digitogy.eu"},"image":{"@id":"https:\/\/digitogy.eu\/fr\/#\/schema\/logo\/image\/"}}]}},"_links":{"self":[{"href":"https:\/\/digitogy.eu\/fr\/wp-json\/wp\/v2\/pages\/8505","targetHints":{"allow":["GET"]}}],"collection":[{"href":"https:\/\/digitogy.eu\/fr\/wp-json\/wp\/v2\/pages"}],"about":[{"href":"https:\/\/digitogy.eu\/fr\/wp-json\/wp\/v2\/types\/page"}],"author":[{"embeddable":true,"href":"https:\/\/digitogy.eu\/fr\/wp-json\/wp\/v2\/users\/38"}],"replies":[{"embeddable":true,"href":"https:\/\/digitogy.eu\/fr\/wp-json\/wp\/v2\/comments?post=8505"}],"version-history":[{"count":6,"href":"https:\/\/digitogy.eu\/fr\/wp-json\/wp\/v2\/pages\/8505\/revisions"}],"predecessor-version":[{"id":46898,"href":"https:\/\/digitogy.eu\/fr\/wp-json\/wp\/v2\/pages\/8505\/revisions\/46898"}],"wp:attachment":[{"href":"https:\/\/digitogy.eu\/fr\/wp-json\/wp\/v2\/media?parent=8505"}],"wp:term":[{"taxonomy":"sgf-content-tag","embeddable":true,"href":"https:\/\/digitogy.eu\/fr\/wp-json\/wp\/v2\/sgf-content-tag?post=8505"},{"taxonomy":"sgf-seo-push","embeddable":true,"href":"https:\/\/digitogy.eu\/fr\/wp-json\/wp\/v2\/sgf-seo-push?post=8505"}],"curies":[{"name":"wp","href":"https:\/\/api.w.org\/{rel}","templated":true}]}}