{"id":46974,"date":"2023-07-25T03:35:01","date_gmt":"2023-07-25T02:35:01","guid":{"rendered":"https:\/\/digitogy.eu\/?page_id=46974"},"modified":"2023-07-25T03:35:01","modified_gmt":"2023-07-25T02:35:01","slug":"divulgation-de-propriete","status":"publish","type":"page","link":"https:\/\/digitogy.eu\/fr\/divulgation-de-propriete\/","title":{"rendered":"Divulgation de la propri\u00e9t\u00e9"},"content":{"rendered":"<p><a href=\"https:\/\/digitogy.eu\/fr\/\">Digitogy.eu<\/a> est d\u00e9tenu et g\u00e9r\u00e9 par<strong> Affiliare Inc.<\/strong> Nous nous engageons \u00e0 fournir des critiques et des articles impartiaux \u00e0 nos lecteurs, assurant ainsi transparence et int\u00e9grit\u00e9 dans notre contenu.<\/p>\n<p>Il est essentiel de noter que nos articles peuvent mentionner ou faire r\u00e9f\u00e9rence \u00e0 divers produits, services, experts, et autres, cela n&rsquo;implique pas d&rsquo;approbation de la part de ces entit\u00e9s, ni ne garantit l&rsquo;exactitude des informations qu&rsquo;elles fournissent.<\/p>\n<p>Nous nous effor\u00e7ons de pr\u00e9senter des points de vue et des id\u00e9es objectifs pour <strong>aider les lecteurs \u00e0 prendre des d\u00e9cisions \u00e9clair\u00e9es<\/strong>.<\/p>\n<p>Nous encourageons vivement nos lecteurs \u00e0 effectuer des recherches approfondies et \u00e0 consulter plusieurs sources avant d&rsquo;acheter un produit ou un service.<\/p>\n<p>Se fier uniquement aux r\u00e9f\u00e9rences contenues dans nos articles peut ne pas permettre une compr\u00e9hension compl\u00e8te du sujet.<\/p>\n<p>Si vous avez des questions ou des pr\u00e9occupations concernant Digitogy.eu, n&rsquo;h\u00e9sitez pas \u00e0 nous envoyer un message \u00e0 <a href=\"mailto:info@affiliareinc.com\">info@affiliareinc.com<\/a>. Nous sommes l\u00e0 pour vous aider et fournir toute information n\u00e9cessaire.<\/p>\n<p>Merci d&rsquo;avoir visit\u00e9 Digitogy.eu, nous appr\u00e9cions votre compr\u00e9hension de notre propri\u00e9t\u00e9 et de notre processus d&rsquo;examen.<\/p>\n","protected":false},"excerpt":{"rendered":"<p>Digitogy.eu est d\u00e9tenu et g\u00e9r\u00e9 par Affiliare Inc. Nous nous engageons \u00e0 fournir des critiques et des articles impartiaux \u00e0 nos lecteurs, assurant ainsi transparence et int\u00e9grit\u00e9 dans notre contenu. Il est essentiel de noter que nos articles peuvent mentionner ou faire r\u00e9f\u00e9rence \u00e0 divers produits, services, experts, et autres, cela n&rsquo;implique pas d&rsquo;approbation de [&hellip;]<\/p>\n","protected":false},"author":36,"featured_media":0,"parent":0,"menu_order":0,"comment_status":"closed","ping_status":"closed","template":"","meta":{"om_disable_all_campaigns":false,"footnotes":""},"sgf-content-tag":[1595,472],"sgf-seo-push":[],"class_list":["post-46974","page","type-page","status-publish","hentry"],"yoast_head":"<!-- This site is optimized with the Yoast SEO plugin v24.9 - https:\/\/yoast.com\/wordpress\/plugins\/seo\/ -->\n<title>Divulgation de la propri\u00e9t\u00e9 | Digitogy.eu<\/title>\n<meta name=\"description\" content=\"D\u00e9couvrez notre transparence sur les propri\u00e9taires ! Informations d\u00e9taill\u00e9es \u00e0 lire absolument. Soyez inform\u00e9 !\" \/>\n<meta name=\"robots\" content=\"index, follow, max-snippet:-1, max-image-preview:large, max-video-preview:-1\" \/>\n<link rel=\"canonical\" href=\"https:\/\/digitogy.eu\/fr\/divulgation-de-propriete\/\" \/>\n<meta property=\"og:locale\" content=\"fr_FR\" \/>\n<meta property=\"og:type\" content=\"article\" \/>\n<meta property=\"og:title\" content=\"Divulgation de la propri\u00e9t\u00e9 | Digitogy.eu\" \/>\n<meta property=\"og:description\" content=\"D\u00e9couvrez notre transparence sur les propri\u00e9taires ! Informations d\u00e9taill\u00e9es \u00e0 lire absolument. Soyez inform\u00e9 !\" \/>\n<meta property=\"og:url\" content=\"https:\/\/digitogy.eu\/fr\/divulgation-de-propriete\/\" \/>\n<meta property=\"og:site_name\" content=\"Digitogy.eu\" \/>\n<meta name=\"twitter:card\" content=\"summary_large_image\" \/>\n<!-- \/ Yoast SEO plugin. -->","yoast_head_json":{"title":"Divulgation de la propri\u00e9t\u00e9 | Digitogy.eu","description":"D\u00e9couvrez notre transparence sur les propri\u00e9taires ! Informations d\u00e9taill\u00e9es \u00e0 lire absolument. Soyez inform\u00e9 !","robots":{"index":"index","follow":"follow","max-snippet":"max-snippet:-1","max-image-preview":"max-image-preview:large","max-video-preview":"max-video-preview:-1"},"canonical":"https:\/\/digitogy.eu\/fr\/divulgation-de-propriete\/","og_locale":"fr_FR","og_type":"article","og_title":"Divulgation de la propri\u00e9t\u00e9 | Digitogy.eu","og_description":"D\u00e9couvrez notre transparence sur les propri\u00e9taires ! Informations d\u00e9taill\u00e9es \u00e0 lire absolument. Soyez inform\u00e9 !","og_url":"https:\/\/digitogy.eu\/fr\/divulgation-de-propriete\/","og_site_name":"Digitogy.eu","twitter_card":"summary_large_image","schema":{"@context":"https:\/\/schema.org","@graph":[{"@type":"WebPage","@id":"https:\/\/digitogy.eu\/fr\/divulgation-de-propriete\/","url":"https:\/\/digitogy.eu\/fr\/divulgation-de-propriete\/","name":"Divulgation de la propri\u00e9t\u00e9 | Digitogy.eu","isPartOf":{"@id":"https:\/\/digitogy.eu\/fr\/#website"},"datePublished":"2023-07-25T02:35:01+00:00","description":"D\u00e9couvrez notre transparence sur les propri\u00e9taires ! Informations d\u00e9taill\u00e9es \u00e0 lire absolument. Soyez inform\u00e9 !","breadcrumb":{"@id":"https:\/\/digitogy.eu\/fr\/divulgation-de-propriete\/#breadcrumb"},"inLanguage":"fr-FR","potentialAction":[{"@type":"ReadAction","target":["https:\/\/digitogy.eu\/fr\/divulgation-de-propriete\/"]}]},{"@type":"BreadcrumbList","@id":"https:\/\/digitogy.eu\/fr\/divulgation-de-propriete\/#breadcrumb","itemListElement":[{"@type":"ListItem","position":1,"name":"Home","item":"https:\/\/digitogy.eu\/fr\/accueil\/"},{"@type":"ListItem","position":2,"name":"Divulgation de la propri\u00e9t\u00e9"}]},{"@type":"WebSite","@id":"https:\/\/digitogy.eu\/fr\/#website","url":"https:\/\/digitogy.eu\/fr\/","name":"Digitogy.eu","description":"Digital Technology Magazine","publisher":{"@id":"https:\/\/digitogy.eu\/fr\/#organization"},"potentialAction":[{"@type":"SearchAction","target":{"@type":"EntryPoint","urlTemplate":"https:\/\/digitogy.eu\/fr\/?s={search_term_string}"},"query-input":{"@type":"PropertyValueSpecification","valueRequired":true,"valueName":"search_term_string"}}],"inLanguage":"fr-FR"},{"@type":"Organization","@id":"https:\/\/digitogy.eu\/fr\/#organization","name":"Digitogy.eu","url":"https:\/\/digitogy.eu\/fr\/","logo":{"@type":"ImageObject","inLanguage":"fr-FR","@id":"https:\/\/digitogy.eu\/fr\/#\/schema\/logo\/image\/","url":"https:\/\/digitogy.eu\/wp-content\/uploads\/2019\/11\/digitogy.png","contentUrl":"https:\/\/digitogy.eu\/wp-content\/uploads\/2019\/11\/digitogy.png","width":150,"height":42,"caption":"Digitogy.eu"},"image":{"@id":"https:\/\/digitogy.eu\/fr\/#\/schema\/logo\/image\/"}}]}},"_links":{"self":[{"href":"https:\/\/digitogy.eu\/fr\/wp-json\/wp\/v2\/pages\/46974","targetHints":{"allow":["GET"]}}],"collection":[{"href":"https:\/\/digitogy.eu\/fr\/wp-json\/wp\/v2\/pages"}],"about":[{"href":"https:\/\/digitogy.eu\/fr\/wp-json\/wp\/v2\/types\/page"}],"author":[{"embeddable":true,"href":"https:\/\/digitogy.eu\/fr\/wp-json\/wp\/v2\/users\/36"}],"replies":[{"embeddable":true,"href":"https:\/\/digitogy.eu\/fr\/wp-json\/wp\/v2\/comments?post=46974"}],"version-history":[{"count":3,"href":"https:\/\/digitogy.eu\/fr\/wp-json\/wp\/v2\/pages\/46974\/revisions"}],"predecessor-version":[{"id":47032,"href":"https:\/\/digitogy.eu\/fr\/wp-json\/wp\/v2\/pages\/46974\/revisions\/47032"}],"wp:attachment":[{"href":"https:\/\/digitogy.eu\/fr\/wp-json\/wp\/v2\/media?parent=46974"}],"wp:term":[{"taxonomy":"sgf-content-tag","embeddable":true,"href":"https:\/\/digitogy.eu\/fr\/wp-json\/wp\/v2\/sgf-content-tag?post=46974"},{"taxonomy":"sgf-seo-push","embeddable":true,"href":"https:\/\/digitogy.eu\/fr\/wp-json\/wp\/v2\/sgf-seo-push?post=46974"}],"curies":[{"name":"wp","href":"https:\/\/api.w.org\/{rel}","templated":true}]}}