{"id":46828,"date":"2023-07-21T03:37:41","date_gmt":"2023-07-21T02:37:41","guid":{"rendered":"https:\/\/digitogy.eu\/?page_id=46828"},"modified":"2023-07-21T03:37:41","modified_gmt":"2023-07-21T02:37:41","slug":"mention-affiliation","status":"publish","type":"page","link":"https:\/\/digitogy.eu\/fr\/mention-affiliation\/","title":{"rendered":"D\u00e9claration d&rsquo;affiliation"},"content":{"rendered":"<p>Chez <a href=\"https:\/\/digitogy.eu\/fr\/\">Digitogy.eu<\/a>, nous sommes passionn\u00e9s par les derni\u00e8res innovations technologiques et nous nous effor\u00e7ons de fournir \u00e0 nos lecteurs des \u00e9valuations objectives et d\u00e9taill\u00e9es sur une vari\u00e9t\u00e9 de produits. Dans un souci de transparence et d&rsquo;honn\u00eatet\u00e9 envers nos lecteurs, nous souhaitons aborder deux sujets importants : notre divulgation d&rsquo;affiliation et notre politique de transparence \u00e9ditoriale.<\/p>\n<h2>Divulgation d&rsquo;affiliation<\/h2>\n<p>Notre site web de critiques de gadgets fonctionne gr\u00e2ce \u00e0 des <strong>partenariats d&rsquo;affiliation<\/strong>. Cela signifie que nous pouvons<strong> recevoir une commission lorsque vous achetez un produit via les liens d&rsquo;affiliation<\/strong> que nous avons inclus dans nos critiques. Cependant, soyez assur\u00e9 que notre processus d&rsquo;\u00e9valuation reste impartial, et notre objectif est de vous fournir des critiques honn\u00eates et informatives sur les produits.<\/p>\n<h2>Notification de divulgation d&rsquo;affiliation Amazon<\/h2>\n<p>Le propri\u00e9taire de ce site participe au programme <strong>Amazon Services LLC Associates<\/strong>, un programme d&rsquo;affiliation con\u00e7u pour permettre aux sites de percevoir des revenus publicitaires en faisant de la promotion et en cr\u00e9ant des liens vers des propri\u00e9t\u00e9s d&rsquo;Amazon, incluant, sans s&rsquo;y limiter, Amazon.com, endless.com, myhabit.com, smallparts.com ou amazonwireless.com.<\/p>\n<h2>Transparence \u00e9ditoriale<\/h2>\n<p>Nous croyons en la transparence \u00e9ditoriale. Nos critiques sont <strong>bas\u00e9es sur des \u00e9valuations objectives et des exp\u00e9riences r\u00e9elles avec les produits<\/strong>. Nous n&rsquo;acceptons pas de r\u00e9mun\u00e9ration pour des critiques positives. Notre engagement est de vous fournir des informations fiables pour vous aider \u00e0 prendre des d\u00e9cisions \u00e9clair\u00e9es lors de vos achats de gadgets.<\/p>\n<p>Votre soutien gr\u00e2ce \u00e0 des achats d&rsquo;affiliation est grandement appr\u00e9ci\u00e9, car il nous permet de continuer \u00e0 fournir un contenu de haute qualit\u00e9 \u00e0 nos lecteurs gratuitement. Nous vous remercions sinc\u00e8rement de votre confiance et de votre pr\u00e9cieuse contribution \u00e0 notre communaut\u00e9.<\/p>\n","protected":false},"excerpt":{"rendered":"<p>Chez Digitogy.eu, nous sommes passionn\u00e9s par les derni\u00e8res innovations technologiques et nous nous effor\u00e7ons de fournir \u00e0 nos lecteurs des \u00e9valuations objectives et d\u00e9taill\u00e9es sur une vari\u00e9t\u00e9 de produits. Dans un souci de transparence et d&rsquo;honn\u00eatet\u00e9 envers nos lecteurs, nous souhaitons aborder deux sujets importants : notre divulgation d&rsquo;affiliation et notre politique de transparence \u00e9ditoriale. [&hellip;]<\/p>\n","protected":false},"author":36,"featured_media":0,"parent":0,"menu_order":0,"comment_status":"closed","ping_status":"closed","template":"","meta":{"om_disable_all_campaigns":false,"footnotes":""},"sgf-content-tag":[1594,472],"sgf-seo-push":[],"class_list":["post-46828","page","type-page","status-publish","hentry"],"yoast_head":"<!-- This site is optimized with the Yoast SEO plugin v24.9 - https:\/\/yoast.com\/wordpress\/plugins\/seo\/ -->\n<title>D\u00e9claration d&#039;affiliation | Digitogy.eu<\/title>\n<meta name=\"description\" content=\"D\u00e9couvrez notre divulgation d&#039;affiliation transparente ! Apprenez comment nous \u00e9valuons les produits en toute honn\u00eatet\u00e9. Lisez plus ici.\" \/>\n<meta name=\"robots\" content=\"index, follow, max-snippet:-1, max-image-preview:large, max-video-preview:-1\" \/>\n<link rel=\"canonical\" href=\"https:\/\/digitogy.eu\/fr\/mention-affiliation\/\" \/>\n<meta property=\"og:locale\" content=\"fr_FR\" \/>\n<meta property=\"og:type\" content=\"article\" \/>\n<meta property=\"og:title\" content=\"D\u00e9claration d&#039;affiliation | Digitogy.eu\" \/>\n<meta property=\"og:description\" content=\"D\u00e9couvrez notre divulgation d&#039;affiliation transparente ! Apprenez comment nous \u00e9valuons les produits en toute honn\u00eatet\u00e9. Lisez plus ici.\" \/>\n<meta property=\"og:url\" content=\"https:\/\/digitogy.eu\/fr\/mention-affiliation\/\" \/>\n<meta property=\"og:site_name\" content=\"Digitogy.eu\" \/>\n<meta name=\"twitter:card\" content=\"summary_large_image\" \/>\n<!-- \/ Yoast SEO plugin. -->","yoast_head_json":{"title":"D\u00e9claration d'affiliation | Digitogy.eu","description":"D\u00e9couvrez notre divulgation d'affiliation transparente ! Apprenez comment nous \u00e9valuons les produits en toute honn\u00eatet\u00e9. Lisez plus ici.","robots":{"index":"index","follow":"follow","max-snippet":"max-snippet:-1","max-image-preview":"max-image-preview:large","max-video-preview":"max-video-preview:-1"},"canonical":"https:\/\/digitogy.eu\/fr\/mention-affiliation\/","og_locale":"fr_FR","og_type":"article","og_title":"D\u00e9claration d'affiliation | Digitogy.eu","og_description":"D\u00e9couvrez notre divulgation d'affiliation transparente ! Apprenez comment nous \u00e9valuons les produits en toute honn\u00eatet\u00e9. Lisez plus ici.","og_url":"https:\/\/digitogy.eu\/fr\/mention-affiliation\/","og_site_name":"Digitogy.eu","twitter_card":"summary_large_image","schema":{"@context":"https:\/\/schema.org","@graph":[{"@type":"WebPage","@id":"https:\/\/digitogy.eu\/fr\/mention-affiliation\/","url":"https:\/\/digitogy.eu\/fr\/mention-affiliation\/","name":"D\u00e9claration d'affiliation | Digitogy.eu","isPartOf":{"@id":"https:\/\/digitogy.eu\/fr\/#website"},"datePublished":"2023-07-21T02:37:41+00:00","description":"D\u00e9couvrez notre divulgation d'affiliation transparente ! Apprenez comment nous \u00e9valuons les produits en toute honn\u00eatet\u00e9. Lisez plus ici.","breadcrumb":{"@id":"https:\/\/digitogy.eu\/fr\/mention-affiliation\/#breadcrumb"},"inLanguage":"fr-FR","potentialAction":[{"@type":"ReadAction","target":["https:\/\/digitogy.eu\/fr\/mention-affiliation\/"]}]},{"@type":"BreadcrumbList","@id":"https:\/\/digitogy.eu\/fr\/mention-affiliation\/#breadcrumb","itemListElement":[{"@type":"ListItem","position":1,"name":"Home","item":"https:\/\/digitogy.eu\/fr\/accueil\/"},{"@type":"ListItem","position":2,"name":"D\u00e9claration d&#8217;affiliation"}]},{"@type":"WebSite","@id":"https:\/\/digitogy.eu\/fr\/#website","url":"https:\/\/digitogy.eu\/fr\/","name":"Digitogy.eu","description":"Digital Technology Magazine","publisher":{"@id":"https:\/\/digitogy.eu\/fr\/#organization"},"potentialAction":[{"@type":"SearchAction","target":{"@type":"EntryPoint","urlTemplate":"https:\/\/digitogy.eu\/fr\/?s={search_term_string}"},"query-input":{"@type":"PropertyValueSpecification","valueRequired":true,"valueName":"search_term_string"}}],"inLanguage":"fr-FR"},{"@type":"Organization","@id":"https:\/\/digitogy.eu\/fr\/#organization","name":"Digitogy.eu","url":"https:\/\/digitogy.eu\/fr\/","logo":{"@type":"ImageObject","inLanguage":"fr-FR","@id":"https:\/\/digitogy.eu\/fr\/#\/schema\/logo\/image\/","url":"https:\/\/digitogy.eu\/wp-content\/uploads\/2019\/11\/digitogy.png","contentUrl":"https:\/\/digitogy.eu\/wp-content\/uploads\/2019\/11\/digitogy.png","width":150,"height":42,"caption":"Digitogy.eu"},"image":{"@id":"https:\/\/digitogy.eu\/fr\/#\/schema\/logo\/image\/"}}]}},"_links":{"self":[{"href":"https:\/\/digitogy.eu\/fr\/wp-json\/wp\/v2\/pages\/46828","targetHints":{"allow":["GET"]}}],"collection":[{"href":"https:\/\/digitogy.eu\/fr\/wp-json\/wp\/v2\/pages"}],"about":[{"href":"https:\/\/digitogy.eu\/fr\/wp-json\/wp\/v2\/types\/page"}],"author":[{"embeddable":true,"href":"https:\/\/digitogy.eu\/fr\/wp-json\/wp\/v2\/users\/36"}],"replies":[{"embeddable":true,"href":"https:\/\/digitogy.eu\/fr\/wp-json\/wp\/v2\/comments?post=46828"}],"version-history":[{"count":5,"href":"https:\/\/digitogy.eu\/fr\/wp-json\/wp\/v2\/pages\/46828\/revisions"}],"predecessor-version":[{"id":47021,"href":"https:\/\/digitogy.eu\/fr\/wp-json\/wp\/v2\/pages\/46828\/revisions\/47021"}],"wp:attachment":[{"href":"https:\/\/digitogy.eu\/fr\/wp-json\/wp\/v2\/media?parent=46828"}],"wp:term":[{"taxonomy":"sgf-content-tag","embeddable":true,"href":"https:\/\/digitogy.eu\/fr\/wp-json\/wp\/v2\/sgf-content-tag?post=46828"},{"taxonomy":"sgf-seo-push","embeddable":true,"href":"https:\/\/digitogy.eu\/fr\/wp-json\/wp\/v2\/sgf-seo-push?post=46828"}],"curies":[{"name":"wp","href":"https:\/\/api.w.org\/{rel}","templated":true}]}}