{"id":13649,"date":"2020-02-13T05:40:15","date_gmt":"2020-02-13T04:40:15","guid":{"rendered":"https:\/\/digitogy.eu\/?page_id=13649"},"modified":"2023-08-04T04:41:07","modified_gmt":"2023-08-04T03:41:07","slug":"a-propos","status":"publish","type":"page","link":"https:\/\/digitogy.eu\/fr\/a-propos\/","title":{"rendered":"\u00c0 propos de nous"},"content":{"rendered":"<p>Chez <a href=\"https:\/\/digitogy.eu\/fr\/\">Digitogy<\/a>, notre objectif est de vous fournir de <strong>v\u00e9ritables avis et tests sur des produits high-tech utiles<\/strong>. Nous testons rigoureusement chaque produit que nous recevons et d\u00e9cidons s&rsquo;il m\u00e9rite ou non une place sur notre site. Parce que nous pensons que tout le monde devrait avoir acc\u00e8s \u00e0 ces informations, nous mettons gratuitement \u00e0 votre disposition tout notre contenu, sans aucun abonnement requis.<\/p>\n<p>Nous sommes l\u00e0 pour simplifier votre vie ! Nos tests vous permettent de gagner du temps. Sachant que nous testons r\u00e9ellement les produits (ce qui n&rsquo;est pas le cas de tout le monde sur Internet), vous pouvez avoir une enti\u00e8re confiance en nos avis et \u00eatre s\u00fbr de ce que vous achetez.<\/p>\n<p>Avec nos articles, vous resterez inform\u00e9 des derni\u00e8res nouveaut\u00e9s technologiques et vous en apprendrez davantage sur les gadgets qui peuvent consid\u00e9rablement simplifier votre quotidien.<\/p>\n<h2>Notre histoire<\/h2>\n<p>Notre site web poss\u00e8de une histoire que nous sommes ravis de partager avec vous. L&rsquo;objectif principal de notre site web est de fournir des critiques honn\u00eates, permettant aux lecteurs de prendre des d\u00e9cisions \u00e9clair\u00e9es avant d&rsquo;acheter des gadgets technologiques.<\/p>\n<p>Fond\u00e9 le <strong>13 d\u00e9cembre 2019<\/strong>, notre site web est n\u00e9 avec une vision claire. En tant qu&rsquo;experts en technologie, nous \u00e9tions d\u00e9termin\u00e9s \u00e0 partager nos connaissances pour aider les gens \u00e0 prendre des d\u00e9cisions \u00e9clair\u00e9es concernant les gadgets technologiques. De plus, nous nous sommes fix\u00e9 une condition : les critiques que nous cr\u00e9ons doivent \u00eatre honn\u00eates. Dans les premiers jours, nous avons fait face \u00e0 des d\u00e9fis, notamment des obstacles techniques et financiers, alors que nous nous efforcions de produire des articles de haute qualit\u00e9 pour concurrencer sur le march\u00e9. N\u00e9anmoins, notre passion pour la cr\u00e9ation de contenu pr\u00e9cieux nous a pouss\u00e9s \u00e0 surmonter ces obstacles.<\/p>\n<p>Au fur et \u00e0 mesure que nous progressions, nous avons \u00e9largi notre cat\u00e9gorie de contenu en <strong>2020<\/strong> pour inclure des guides. Nous attachons de l&rsquo;importance aux commentaires et opinions de nos lecteurs et am\u00e9liorons continuellement notre site web en fonction de leurs contributions. Avec le temps, notre site web est devenu reconnu comme une source fiable d&rsquo;informations sur les gadgets technologiques.<\/p>\n<p>Notre site web a favoris\u00e9 un sentiment de communaut\u00e9 entre les lecteurs et les contributeurs, o\u00f9 nous pouvons partager des opinions et am\u00e9liorer nos connaissances ensemble. Nous appr\u00e9cions que nos articles aident les lecteurs \u00e0 choisir les produits qui r\u00e9pondent \u00e0 leurs besoins.<\/p>\n<p>Notre succ\u00e8s peut \u00eatre attribu\u00e9 \u00e0 notre \u00e9quipe d\u00e9vou\u00e9e. Ils sont hautement professionnels et enthousiastes, utilisant leur expertise pour cr\u00e9er des articles exceptionnels.<\/p>\n<h2>Notre \u00e9quipe<\/h2>\n<p>Chez Digitogy, vous ne trouverez que des avis authentiques r\u00e9dig\u00e9s par notre \u00e9quipe de professionnels passionn\u00e9s :<\/p>\n\t\t\t<style>.authors-list-cols-dir-horizontal .authors-list-col{display:block;float:left;margin-right:3.42%}.authors-list-cols-dir-horizontal .authors-list-col-1{width:5.198%}.authors-list-cols-dir-horizontal .authors-list-col-2{width:13.81%}.authors-list-cols-dir-horizontal .authors-list-col-3{width:22.43%}.authors-list-cols-dir-horizontal .authors-list-col-4{width:31.05%}.authors-list-cols-dir-horizontal .authors-list-col-5{width:39.67%}.authors-list-cols-dir-horizontal .authors-list-col-6{width:48.29%}.authors-list-cols-dir-horizontal .authors-list-col-7{width:56.9%}.authors-list-cols-dir-horizontal .authors-list-col-8{width:65.52%}.authors-list-cols-dir-horizontal .authors-list-col-9{width:74.14%}.authors-list-cols-dir-horizontal .authors-list-col-10{width:82.76%}.authors-list-cols-dir-horizontal .authors-list-col-11{width:91.38%}.authors-list-cols-dir-horizontal .authors-list-col-12{width:100%}.authors-list-cols-dir-horizontal .authors-list-col-last{margin-right:0}.authors-list-cols-dir-horizontal .authors-list-col-first{clear:both}.authors-list-cols-dir-horizontal.authors-list-cols-2 .authors-list-col:nth-child(2n){margin-right:0}.authors-list-cols-dir-horizontal.authors-list-cols-2 .authors-list-col:nth-child(2n+1){clear:both}.authors-list-cols-dir-horizontal.authors-list-cols-3 .authors-list-col:nth-child(3n){margin-right:0}.authors-list-cols-dir-horizontal.authors-list-cols-3 .authors-list-col:nth-child(3n+1){clear:both}.authors-list-cols-dir-horizontal.authors-list-cols-4 .authors-list-col:nth-child(4n){margin-right:0}.authors-list-cols-dir-horizontal.authors-list-cols-4 .authors-list-col:nth-child(4n+1){clear:both}.authors-list-cols-dir-vertical{column-gap:3.42%}.authors-list-cols-dir-vertical.authors-list-cols-2{column-count:2}.authors-list-cols-dir-vertical.authors-list-cols-3{column-count:3}.authors-list-cols-dir-vertical.authors-list-cols-3{column-count:3}.authors-list-cols-dir-vertical.authors-list-cols-4{column-count:4}.authors-list-clearfix:after,.authors-list-clearfix:before{content:\" \";display:table}.authors-list-clearfix:after{clear:both}.authors-list-item{margin-bottom:30px;position:relative}.authors-list-cols-dir-vertical .authors-list-item{break-inside:avoid-column;page-break-inside:avoid}.authors-list-item-thumbnail{margin-bottom:20px;position:relative}.authors-list-item-thumbnail a,.authors-list-item-thumbnail img{display:block;position:relative;border:0}.authors-list-item-thumbnail img{max-width:100%;height:auto;border-radius:inherit;}.authors-list-item-title{font-size:22px;font-weight:700;margin-bottom:5px}.authors-list-item-title a{color:inherit}.authors-list-item-subtitle{margin-bottom:5px;font-size:80%}.authors-list-item-social{margin-bottom:10px}.authors-list-item-social a{font-size:15px;margin-right:5px;text-decoration:none}.authors-list-item-social svg{width:15px}.authors-list-item-social-facebook{fill:#3b5998}.authors-list-item-social-instagram{fill:#405de6}.authors-list-item-social-linkedin{fill:#0077b5}.authors-list-item-social-pinterest{fill:#bd081c}.authors-list-item-social-tumblr{fill:#35465c}.authors-list-item-social-twitter{fill:#1da1f2}.authors-list-item-social-youtube{fill:red}.authors-list-item-social-tiktok{fill:#1e3050}.authors-list-item-excerpt{margin-bottom:10px}.authors-list-items-s2 .authors-list-item-main{position:absolute;bottom:0;left:0;right:0;padding:30px;color:#fff;background:rgba(0,0,0,.3)}.authors-list-items-s2 .authors-list-item-thumbnail{margin-bottom:0}.authors-list-items-s2 .authors-list-item-title{color:inherit}.authors-list-items-s2 .authors-list-item-link{color:inherit}.authors-list-items-s3 .authors-list-item-thumbnail{margin-bottom:0}.authors-list-items-s3 .authors-list-item-main{position:absolute;bottom:0;left:0;right:0;top:0;padding:30px;opacity:0;transform:scale(0);transition:all .3s;background:#fff;border:2px solid #eee}.authors-list-items-s3 .authors-list-item:hover .authors-list-item-main{opacity:1;transform:scale(1)}.authors-list-items-s4 .authors-list-item-thumbnail{float:left;margin-right:20px;width:25%}.authors-list-item-s4 .authors-list-item-main{overflow:hidden}.author-list-item-after-avatar,.author-list-item-after-bio,.author-list-item-after-count,.author-list-item-after-link,.author-list-item-after-title,.author-list-item-before-avatar,.author-list-item-before-bio,.author-list-item-before-count,.author-list-item-before-link,.author-list-item-before-title{margin-bottom:5px}@media only screen and (max-width:767px){.authors-list-cols-dir-horizontal .authors-list-col{width:100%;margin-right:0!important}.authors-list-cols-dir-vertical{column-count:1!important}}.authors-list-pagination{text-align:center}.authors-list-pagination li{display:inline-block;margin:0 2px}.authors-list-pagination li a,.authors-list-pagination li>span{display:inline-block;border:1px solid rgba(0,0,0,.2);padding:10px;line-height:1}<\/style>\n\t\t\t\t\t\t<div class=\"authors-list-items authors-list-items-s3 authors-list-clearfix authors-list-cols-3 authors-list-cols-dir-horizontal \">\n\t\t\t\n\t\t<div class=\"authors-list-item authors-list-item-clearfix authors-list-col authors-list-col-4\">\n\n\t\t\t\t\t\t\t<div class=\"authors-list-item-thumbnail\">\n\t\t\t\t\t\n\t\t\t\t\t<a href=\"https:\/\/digitogy.eu\/fr\/author\/laurence\/\" class=\"author-list-item-avatar\">\n\t\t\t\t\t\t\t\t\t\t\t\t\t<img alt='Laurence F.' src='https:\/\/digitogy.eu\/wp-content\/uploads\/2022\/05\/laurence-200x200-1-500x500.jpg' srcset='https:\/\/digitogy.eu\/wp-content\/uploads\/2022\/05\/laurence-200x200-1-1000x1000.jpg 2x' class='avatar avatar-500 photo' height='500' width='500' \/>\t\t\t\t\t\t\t\t\t\t\t<\/a>\n\n\t\t\t\t\t\t\t\t\t<\/div><!-- .team-item-thumbnail -->\n\t\t\t\n\t\t\t<div class=\"authors-list-item-main\">\n\n\t\t\t\t\n\t\t\t\t\t\t\t\t\t<div class=\"authors-list-item-title\">\n\t\t\t\t\t\t<a href=\"https:\/\/digitogy.eu\/fr\/author\/laurence\/\">Laurence F.<\/a>\n\t\t\t\t\t<\/div>\n\t\t\t\t\n\t\t\t\t\n\t\t\t\t\n\t\t\t\t\t\t\t\t\t\t\t\t\t\t<div class=\"authors-list-item-subtitle\">10 posts<\/div>\n\t\t\t\t\n\t\t\t\t\n\t\t\t\t\n\t\t\t\t\n\t\t\t\t\n\t\t\t\t\n\t\t\t\t\t\t\t\t\t\t\t\t\t\t<a href=\"https:\/\/digitogy.eu\/fr\/author\/laurence\/\" class=\"authors-list-item-link\" aria-label=\" - Voir les articles \u2192\">Voir les articles \u2192<\/a>\n\t\t\t\t\n\t\t\t\t\n\t\t\t<\/div><!-- .team-item-main -->\n\n\t\t<\/div><!-- .authors-list-item -->\n\n\t\t\n\t\t<div class=\"authors-list-item authors-list-item-clearfix authors-list-col authors-list-col-4\">\n\n\t\t\t\t\t\t\t<div class=\"authors-list-item-thumbnail\">\n\t\t\t\t\t\n\t\t\t\t\t<a href=\"https:\/\/digitogy.eu\/fr\/author\/vincent\/\" class=\"author-list-item-avatar\">\n\t\t\t\t\t\t\t\t\t\t\t\t\t<img alt='Vincent F.' src='https:\/\/digitogy.eu\/wp-content\/uploads\/2022\/05\/vincent-200x200-1-500x500.jpg' srcset='https:\/\/digitogy.eu\/wp-content\/uploads\/2022\/05\/vincent-200x200-1-1000x1000.jpg 2x' class='avatar avatar-500 photo' height='500' width='500' \/>\t\t\t\t\t\t\t\t\t\t\t<\/a>\n\n\t\t\t\t\t\t\t\t\t<\/div><!-- .team-item-thumbnail -->\n\t\t\t\n\t\t\t<div class=\"authors-list-item-main\">\n\n\t\t\t\t\n\t\t\t\t\t\t\t\t\t<div class=\"authors-list-item-title\">\n\t\t\t\t\t\t<a href=\"https:\/\/digitogy.eu\/fr\/author\/vincent\/\">Vincent F.<\/a>\n\t\t\t\t\t<\/div>\n\t\t\t\t\n\t\t\t\t\n\t\t\t\t\n\t\t\t\t\t\t\t\t\t\t\t\t\t\t<div class=\"authors-list-item-subtitle\">102 posts<\/div>\n\t\t\t\t\n\t\t\t\t\n\t\t\t\t\n\t\t\t\t\n\t\t\t\t\n\t\t\t\t\n\t\t\t\t\t\t\t\t\t\t\t\t\t\t<a href=\"https:\/\/digitogy.eu\/fr\/author\/vincent\/\" class=\"authors-list-item-link\" aria-label=\" - Voir les articles \u2192\">Voir les articles \u2192<\/a>\n\t\t\t\t\n\t\t\t\t\n\t\t\t<\/div><!-- .team-item-main -->\n\n\t\t<\/div><!-- .authors-list-item -->\n\n\t\t\n\t\t<div class=\"authors-list-item authors-list-item-clearfix authors-list-col authors-list-col-4\">\n\n\t\t\t\t\t\t\t<div class=\"authors-list-item-thumbnail\">\n\t\t\t\t\t\n\t\t\t\t\t<a href=\"https:\/\/digitogy.eu\/fr\/author\/zdenek\/\" class=\"author-list-item-avatar\">\n\t\t\t\t\t\t\t\t\t\t\t\t\t<img alt='Zdenek' src='https:\/\/digitogy.eu\/wp-content\/uploads\/2023\/06\/zdenek-b-200x200-2-500x500.jpg' srcset='https:\/\/digitogy.eu\/wp-content\/uploads\/2023\/06\/zdenek-b-200x200-2-1000x1000.jpg 2x' class='avatar avatar-500 photo' height='500' width='500' \/>\t\t\t\t\t\t\t\t\t\t\t<\/a>\n\n\t\t\t\t\t\t\t\t\t<\/div><!-- .team-item-thumbnail -->\n\t\t\t\n\t\t\t<div class=\"authors-list-item-main\">\n\n\t\t\t\t\n\t\t\t\t\t\t\t\t\t<div class=\"authors-list-item-title\">\n\t\t\t\t\t\t<a href=\"https:\/\/digitogy.eu\/fr\/author\/zdenek\/\">Zdenek<\/a>\n\t\t\t\t\t<\/div>\n\t\t\t\t\n\t\t\t\t\n\t\t\t\t\n\t\t\t\t\t\t\t\t\t\t\t\t\t\t<div class=\"authors-list-item-subtitle\">2 posts<\/div>\n\t\t\t\t\n\t\t\t\t\n\t\t\t\t\n\t\t\t\t\n\t\t\t\t\n\t\t\t\t\n\t\t\t\t\t\t\t\t\t\t\t\t\t\t<a href=\"https:\/\/digitogy.eu\/fr\/author\/zdenek\/\" class=\"authors-list-item-link\" aria-label=\" - Voir les articles \u2192\">Voir les articles \u2192<\/a>\n\t\t\t\t\n\t\t\t\t\n\t\t\t<\/div><!-- .team-item-main -->\n\n\t\t<\/div><!-- .authors-list-item -->\n\n\t\t\n\t\t\t<span class=\"spinner\">\n\t\t\t\t<span class=\"spin\">\n\t\t\t\t\t<svg xmlns=\"http:\/\/www.w3.org\/2000\/svg\" viewBox=\"0 0 512 512\">\n\t\t\t\t\t\t<path d=\"M304 48C304 74.51 282.5 96 256 96C229.5 96 208 74.51 208 48C208 21.49 229.5 0 256 0C282.5 0 304 21.49 304 48zM304 464C304 490.5 282.5 512 256 512C229.5 512 208 490.5 208 464C208 437.5 229.5 416 256 416C282.5 416 304 437.5 304 464zM0 256C0 229.5 21.49 208 48 208C74.51 208 96 229.5 96 256C96 282.5 74.51 304 48 304C21.49 304 0 282.5 0 256zM512 256C512 282.5 490.5 304 464 304C437.5 304 416 282.5 416 256C416 229.5 437.5 208 464 208C490.5 208 512 229.5 512 256zM74.98 437C56.23 418.3 56.23 387.9 74.98 369.1C93.73 350.4 124.1 350.4 142.9 369.1C161.6 387.9 161.6 418.3 142.9 437C124.1 455.8 93.73 455.8 74.98 437V437zM142.9 142.9C124.1 161.6 93.73 161.6 74.98 142.9C56.24 124.1 56.24 93.73 74.98 74.98C93.73 56.23 124.1 56.23 142.9 74.98C161.6 93.73 161.6 124.1 142.9 142.9zM369.1 369.1C387.9 350.4 418.3 350.4 437 369.1C455.8 387.9 455.8 418.3 437 437C418.3 455.8 387.9 455.8 369.1 437C350.4 418.3 350.4 387.9 369.1 369.1V369.1z\"\/>\n\t\t\t\t\t<\/svg>\n\t\t\t\t<\/span>\n\t\t\t<\/span>\n\n\t\t\t\t\t\t<\/div><!-- authors-list-items -->\n\t\t\t\n<p>Tous les membres de <strong>notre \u00e9quipe sont des passionn\u00e9s de nouvelles technologies<\/strong>. Nous avons tous une exp\u00e9rience \u00e9troite ou \u00e9loign\u00e9e dans ce domaine et nous ma\u00eetrisons parfaitement notre sujet. L&rsquo;ambiance de travail conviviale chez Digitogy explique pourquoi nos lecteurs prennent plaisir \u00e0 lire nos avis.<\/p>\n<p>Des personnes r\u00e9elles qui r\u00e9digent de vrais articles ! Voil\u00e0 ce qui fait un bon site de tests de produits. Gr\u00e2ce aux comp\u00e9tences diverses de nos r\u00e9dacteurs et testeurs, nous sommes en mesure de couvrir une multitude de sujets diff\u00e9rents pour vous offrir ce qui se fait de mieux en mati\u00e8re de technologie et de logiciels.<\/p>\n<h2>Notre processus d&rsquo;\u00e9valuation<\/h2>\n<p>Chaque site et \u00e9quipe ont leur propre m\u00e9thode de fonctionnement. Chez Digitogy, nous suivons toujours un bar\u00e8me<strong> tr\u00e8s pr\u00e9cis<\/strong>. En effet, nous accordons une grande importance \u00e0 la qualit\u00e9 de nos tests, car nous voulons que nos lecteurs nous consid\u00e8rent comme des professionnels.<\/p>\n<p>Pour plus de transparence, nous souhaitons vous expliquer bri\u00e8vement notre processus d&rsquo;\u00e9valuation. Ci-dessous, vous trouverez des d\u00e9tails sur notre approche afin de vous fournir des avis pr\u00e9cis.<\/p>\n<h3>Nous testons tous les gadgets<\/h3>\n<p>La premi\u00e8re chose \u00e0 comprendre, c&rsquo;est que tout le monde ne peut pas s&rsquo;improviser expert en gadgets high-tech. Notre \u00e9quipe est compos\u00e9e de professionnels et <strong>nous sommes leaders dans les tests de gadgets \u00e9lectroniques<\/strong>.<\/p>\n<p>Bien s\u00fbr, pour vous fournir un avis objectif et document\u00e9, nous devons tester correctement chaque gadget que nous pr\u00e9sentons. Cela ne se limite pas \u00e0 simplement les sortir de leur bo\u00eete ! Nous devons tester toutes les fonctionnalit\u00e9s des produits que nous recevons, ainsi que leur r\u00e9sistance \u00e0 l&rsquo;usure. En effet, un gadget \u00e9lectronique pourrait bien fonctionner pendant quelques jours, puis tomber en panne.<\/p>\n<p>Ainsi, nous prenons notre temps ! Nous \u00e9tudions en d\u00e9tail chaque gadget : \u00e0 quoi sert-il ? Comment est-il fabriqu\u00e9 et comment fonctionne-t-il ? Quels sont ses avantages par rapport \u00e0 la concurrence sur le march\u00e9 ? Ce sont autant d&rsquo;aspects que nous \u00e9valuons dans chacun de nos tests.<\/p>\n<p>Gr\u00e2ce \u00e0 nos tests approfondis des gadgets que nous pr\u00e9sentons, nous sommes en mesure de d\u00e9terminer la qualit\u00e9 g\u00e9n\u00e9rale d&rsquo;un produit et de vous dire s&rsquo;il peut changer votre vie.<\/p>\n<h3>Nous r\u00e9unissons les avis des clients<\/h3>\n<p>Pour que nos tests soient complets, nous comparons \u00e9galement les avis de nos experts avec ceux des autres clients qui ont d\u00e9j\u00e0 essay\u00e9 le produit. C&rsquo;est pourquoi nous parcourons Internet \u00e0 la recherche d&rsquo;avis clients. Nous consacrons toujours une section de nos tests \u00e0 ces avis, les utilisant pour \u00e9tayer nos propres conclusions.<\/p>\n<p>Collecter les avis des clients nous permet de vous donner une vision plus compl\u00e8te de la valeur d&rsquo;un gadget. Cependant, cela n&rsquo;est pas aussi simple qu&rsquo;il n&rsquo;y para\u00eet, car nous nous attachons \u00e0 s\u00e9lectionner des avis clients de qualit\u00e9, c&rsquo;est-\u00e0-dire de personnes qui ont r\u00e9ellement test\u00e9 les produits dont elles parlent. Malheureusement, Internet regorge de faux t\u00e9moignages, et nous avons acquis la comp\u00e9tence de les rep\u00e9rer gr\u00e2ce \u00e0 notre exp\u00e9rience dans les tests.<\/p>\n<p>C&rsquo;est pourquoi vous ne trouverez sur Digitogy que des<strong> t\u00e9moignages de clients r\u00e9els, offrant un avis objectif sur le produit<\/strong> et ne cherchant pas n\u00e9cessairement \u00e0 vous le vendre \u00e0 tout prix.<\/p>\n<h2>Une ind\u00e9pendance totale<\/h2>\n<p>Sur Internet, on trouve de plus en plus d&rsquo;entreprises qui r\u00e9digent elles-m\u00eames les avis de leurs propres produits. Cette pratique est \u00e9thiquement discutable et ne respecte aucune r\u00e8gle.<\/p>\n<p>Chez Digitogy, nous sommes totalement oppos\u00e9s \u00e0 cette pratique. Nous travaillons de mani\u00e8re ind\u00e9pendante et transparente. Pour \u00eatre clair, <strong>nous n&rsquo;avons aucun contrat avec les entreprises dont nous pr\u00e9sentons les produits<\/strong>.<\/p>\n<h2>Partagez nos articles si vous les appr\u00e9ciez !<\/h2>\n<p>Si vous aimez nos articles, n&rsquo;h\u00e9sitez pas \u00e0 les partager ! Nous serions ravis que vous les recommandiez \u00e0 vos amis, votre famille et vos coll\u00e8gues. Votre soutien nous encourage \u00e0 continuer \u00e0 fournir des avis et des tests de qualit\u00e9 sur les produits high-tech.<\/p>\n<p>Merci d&rsquo;avance pour votre soutien et pour avoir choisi Digitogy comme source d&rsquo;informations fiables sur les derni\u00e8res nouveaut\u00e9s technologiques !<\/p>\n","protected":false},"excerpt":{"rendered":"<p>Chez Digitogy, notre objectif est de vous fournir de v\u00e9ritables avis et tests sur des produits high-tech utiles. Nous testons rigoureusement chaque produit que nous recevons et d\u00e9cidons s&rsquo;il m\u00e9rite ou non une place sur notre site. Parce que nous pensons que tout le monde devrait avoir acc\u00e8s \u00e0 ces informations, nous mettons gratuitement \u00e0 [&hellip;]<\/p>\n","protected":false},"author":38,"featured_media":0,"parent":0,"menu_order":0,"comment_status":"closed","ping_status":"closed","template":"","meta":{"om_disable_all_campaigns":false,"footnotes":""},"sgf-content-tag":[472,470],"sgf-seo-push":[],"class_list":["post-13649","page","type-page","status-publish","hentry"],"yoast_head":"<!-- This site is optimized with the Yoast SEO plugin v24.9 - https:\/\/yoast.com\/wordpress\/plugins\/seo\/ -->\n<title>\u00c0 propos de Digitogy | Digitogy.eu<\/title>\n<meta name=\"description\" content=\"D\u00e9couvrez la mission de Digitogy, nos valeurs et ce que nous tentons de vous transmettre dans cette section \u00e0 propos.\" \/>\n<meta name=\"robots\" content=\"index, follow, max-snippet:-1, max-image-preview:large, max-video-preview:-1\" \/>\n<link rel=\"canonical\" href=\"https:\/\/digitogy.eu\/fr\/a-propos\/\" \/>\n<meta property=\"og:locale\" content=\"fr_FR\" \/>\n<meta property=\"og:type\" content=\"article\" \/>\n<meta property=\"og:title\" content=\"\u00c0 propos de Digitogy | Digitogy.eu\" \/>\n<meta property=\"og:description\" content=\"D\u00e9couvrez la mission de Digitogy, nos valeurs et ce que nous tentons de vous transmettre dans cette section \u00e0 propos.\" \/>\n<meta property=\"og:url\" content=\"https:\/\/digitogy.eu\/fr\/a-propos\/\" \/>\n<meta property=\"og:site_name\" content=\"Digitogy.eu\" \/>\n<meta property=\"article:modified_time\" content=\"2023-08-04T03:41:07+00:00\" \/>\n<meta name=\"twitter:card\" content=\"summary_large_image\" \/>\n<!-- \/ Yoast SEO plugin. -->","yoast_head_json":{"title":"\u00c0 propos de Digitogy | Digitogy.eu","description":"D\u00e9couvrez la mission de Digitogy, nos valeurs et ce que nous tentons de vous transmettre dans cette section \u00e0 propos.","robots":{"index":"index","follow":"follow","max-snippet":"max-snippet:-1","max-image-preview":"max-image-preview:large","max-video-preview":"max-video-preview:-1"},"canonical":"https:\/\/digitogy.eu\/fr\/a-propos\/","og_locale":"fr_FR","og_type":"article","og_title":"\u00c0 propos de Digitogy | Digitogy.eu","og_description":"D\u00e9couvrez la mission de Digitogy, nos valeurs et ce que nous tentons de vous transmettre dans cette section \u00e0 propos.","og_url":"https:\/\/digitogy.eu\/fr\/a-propos\/","og_site_name":"Digitogy.eu","article_modified_time":"2023-08-04T03:41:07+00:00","twitter_card":"summary_large_image","schema":{"@context":"https:\/\/schema.org","@graph":[{"@type":"WebPage","@id":"https:\/\/digitogy.eu\/fr\/a-propos\/","url":"https:\/\/digitogy.eu\/fr\/a-propos\/","name":"\u00c0 propos de Digitogy | Digitogy.eu","isPartOf":{"@id":"https:\/\/digitogy.eu\/fr\/#website"},"datePublished":"2020-02-13T04:40:15+00:00","dateModified":"2023-08-04T03:41:07+00:00","description":"D\u00e9couvrez la mission de Digitogy, nos valeurs et ce que nous tentons de vous transmettre dans cette section \u00e0 propos.","breadcrumb":{"@id":"https:\/\/digitogy.eu\/fr\/a-propos\/#breadcrumb"},"inLanguage":"fr-FR","potentialAction":[{"@type":"ReadAction","target":["https:\/\/digitogy.eu\/fr\/a-propos\/"]}]},{"@type":"BreadcrumbList","@id":"https:\/\/digitogy.eu\/fr\/a-propos\/#breadcrumb","itemListElement":[{"@type":"ListItem","position":1,"name":"Home","item":"https:\/\/digitogy.eu\/fr\/accueil\/"},{"@type":"ListItem","position":2,"name":"\u00c0 propos de nous"}]},{"@type":"WebSite","@id":"https:\/\/digitogy.eu\/fr\/#website","url":"https:\/\/digitogy.eu\/fr\/","name":"Digitogy.eu","description":"Digital Technology Magazine","publisher":{"@id":"https:\/\/digitogy.eu\/fr\/#organization"},"potentialAction":[{"@type":"SearchAction","target":{"@type":"EntryPoint","urlTemplate":"https:\/\/digitogy.eu\/fr\/?s={search_term_string}"},"query-input":{"@type":"PropertyValueSpecification","valueRequired":true,"valueName":"search_term_string"}}],"inLanguage":"fr-FR"},{"@type":"Organization","@id":"https:\/\/digitogy.eu\/fr\/#organization","name":"Digitogy.eu","url":"https:\/\/digitogy.eu\/fr\/","logo":{"@type":"ImageObject","inLanguage":"fr-FR","@id":"https:\/\/digitogy.eu\/fr\/#\/schema\/logo\/image\/","url":"https:\/\/digitogy.eu\/wp-content\/uploads\/2019\/11\/digitogy.png","contentUrl":"https:\/\/digitogy.eu\/wp-content\/uploads\/2019\/11\/digitogy.png","width":150,"height":42,"caption":"Digitogy.eu"},"image":{"@id":"https:\/\/digitogy.eu\/fr\/#\/schema\/logo\/image\/"}}]}},"_links":{"self":[{"href":"https:\/\/digitogy.eu\/fr\/wp-json\/wp\/v2\/pages\/13649","targetHints":{"allow":["GET"]}}],"collection":[{"href":"https:\/\/digitogy.eu\/fr\/wp-json\/wp\/v2\/pages"}],"about":[{"href":"https:\/\/digitogy.eu\/fr\/wp-json\/wp\/v2\/types\/page"}],"author":[{"embeddable":true,"href":"https:\/\/digitogy.eu\/fr\/wp-json\/wp\/v2\/users\/38"}],"replies":[{"embeddable":true,"href":"https:\/\/digitogy.eu\/fr\/wp-json\/wp\/v2\/comments?post=13649"}],"version-history":[{"count":13,"href":"https:\/\/digitogy.eu\/fr\/wp-json\/wp\/v2\/pages\/13649\/revisions"}],"predecessor-version":[{"id":47168,"href":"https:\/\/digitogy.eu\/fr\/wp-json\/wp\/v2\/pages\/13649\/revisions\/47168"}],"wp:attachment":[{"href":"https:\/\/digitogy.eu\/fr\/wp-json\/wp\/v2\/media?parent=13649"}],"wp:term":[{"taxonomy":"sgf-content-tag","embeddable":true,"href":"https:\/\/digitogy.eu\/fr\/wp-json\/wp\/v2\/sgf-content-tag?post=13649"},{"taxonomy":"sgf-seo-push","embeddable":true,"href":"https:\/\/digitogy.eu\/fr\/wp-json\/wp\/v2\/sgf-seo-push?post=13649"}],"curies":[{"name":"wp","href":"https:\/\/api.w.org\/{rel}","templated":true}]}}