{"id":13022,"date":"2020-01-08T07:40:50","date_gmt":"2020-01-08T06:40:50","guid":{"rendered":"https:\/\/digitogy.eu\/nous-contacter\/"},"modified":"2023-07-27T02:54:45","modified_gmt":"2023-07-27T01:54:45","slug":"nous-contacter","status":"publish","type":"page","link":"https:\/\/digitogy.eu\/fr\/nous-contacter\/","title":{"rendered":"Nous contacter"},"content":{"rendered":"<p>Contactez-nous par e-mail \u00e0 <a href=\"mailto:info@digitogy.eu\" rel=\"nofollow noopener noreferrer\">info@digitogy.eu<\/a>.<\/p>\n<p>Pour toute <strong>demande de partenariat ou autre requ\u00eate<\/strong>, envoyez-nous un e-mail \u00e0 <a href=\"mailto:outreach@digitogy.eu\" target=\"_blank\" rel=\"nofollow noopener noreferrer\">outreach@digitogy.eu<\/a>. Nous vous r\u00e9pondrons dans les meilleurs d\u00e9lais.<\/p>\n<p>Si vous \u00eates int\u00e9ress\u00e9 par des <strong>opportunit\u00e9s d&#8217;emploi<\/strong>, n&rsquo;h\u00e9sitez pas \u00e0 nous contacter par e-mail \u00e0 <a href=\"mailto:jobs@digitogy.eu\" target=\"_blank\" rel=\"noopener\">jobs@digitogy.eu<\/a>.<\/p>\n<p>Pour les<strong> remboursements li\u00e9s \u00e0 des gadgets<\/strong>, veuillez nous contacter via <a href=\"mailto:refunds@digitogy.eu\" target=\"_blank\" rel=\"noopener\">refunds@digitogy.eu<\/a>.<\/p>\n<p>Pour nous joindre par t\u00e9l\u00e9phone, composez le +33 122 06 33 18.<\/p>\n<p>Adresse : 71 Rue Ganneron, 75018 Paris, France<\/p>\n<p><iframe style=\"border: 0;\" src=\"https:\/\/www.google.com\/maps\/embed?pb=!1m18!1m12!1m3!1d10493.342756046048!2d2.32902840676937!3d48.88993934115665!2m3!1f0!2f0!3f0!3m2!1i1024!2i768!4f13.1!3m3!1m2!1s0x47e66e53c79ce98d%3A0x879b7562a7537118!2s71%20Rue%20Ganneron%2C%2075018%20Paris%2C%20France!5e0!3m2!1sen!2sth!4v1690422359750!5m2!1sen!2sth\" width=\"600\" height=\"450\" allowfullscreen=\"allowfullscreen\"><\/iframe><br \/>\nMerci !<\/p>\n","protected":false},"excerpt":{"rendered":"<p>Contactez-nous par e-mail \u00e0 info@digitogy.eu. Pour toute demande de partenariat ou autre requ\u00eate, envoyez-nous un e-mail \u00e0 outreach@digitogy.eu. Nous vous r\u00e9pondrons dans les meilleurs d\u00e9lais. Si vous \u00eates int\u00e9ress\u00e9 par des opportunit\u00e9s d&#8217;emploi, n&rsquo;h\u00e9sitez pas \u00e0 nous contacter par e-mail \u00e0 jobs@digitogy.eu. Pour les remboursements li\u00e9s \u00e0 des gadgets, veuillez nous contacter via refunds@digitogy.eu. Pour [&hellip;]<\/p>\n","protected":false},"author":38,"featured_media":0,"parent":0,"menu_order":0,"comment_status":"closed","ping_status":"closed","template":"","meta":{"om_disable_all_campaigns":false,"footnotes":""},"sgf-content-tag":[472,473],"sgf-seo-push":[],"class_list":["post-13022","page","type-page","status-publish","hentry"],"yoast_head":"<!-- This site is optimized with the Yoast SEO plugin v24.9 - https:\/\/yoast.com\/wordpress\/plugins\/seo\/ -->\n<title>Nous contacter | Digitogy.eu<\/title>\n<meta name=\"description\" content=\"Contactez-nous par e-mail \u00e0 info@digitogy.eu. Pour toute demande de partenariat ou autre requ\u00eate, envoyez-nous un e-mail \u00e0 outreach@digitogy.eu. Nous vous\" \/>\n<meta name=\"robots\" content=\"index, follow, max-snippet:-1, max-image-preview:large, max-video-preview:-1\" \/>\n<link rel=\"canonical\" href=\"https:\/\/digitogy.eu\/fr\/nous-contacter\/\" \/>\n<meta property=\"og:locale\" content=\"fr_FR\" \/>\n<meta property=\"og:type\" content=\"article\" \/>\n<meta property=\"og:title\" content=\"Nous contacter | Digitogy.eu\" \/>\n<meta property=\"og:description\" content=\"Contactez-nous par e-mail \u00e0 info@digitogy.eu. Pour toute demande de partenariat ou autre requ\u00eate, envoyez-nous un e-mail \u00e0 outreach@digitogy.eu. Nous vous\" \/>\n<meta property=\"og:url\" content=\"https:\/\/digitogy.eu\/fr\/nous-contacter\/\" \/>\n<meta property=\"og:site_name\" content=\"Digitogy.eu\" \/>\n<meta property=\"article:modified_time\" content=\"2023-07-27T01:54:45+00:00\" \/>\n<meta name=\"twitter:card\" content=\"summary_large_image\" \/>\n<!-- \/ Yoast SEO plugin. -->","yoast_head_json":{"title":"Nous contacter | Digitogy.eu","description":"Contactez-nous par e-mail \u00e0 info@digitogy.eu. Pour toute demande de partenariat ou autre requ\u00eate, envoyez-nous un e-mail \u00e0 outreach@digitogy.eu. Nous vous","robots":{"index":"index","follow":"follow","max-snippet":"max-snippet:-1","max-image-preview":"max-image-preview:large","max-video-preview":"max-video-preview:-1"},"canonical":"https:\/\/digitogy.eu\/fr\/nous-contacter\/","og_locale":"fr_FR","og_type":"article","og_title":"Nous contacter | Digitogy.eu","og_description":"Contactez-nous par e-mail \u00e0 info@digitogy.eu. Pour toute demande de partenariat ou autre requ\u00eate, envoyez-nous un e-mail \u00e0 outreach@digitogy.eu. Nous vous","og_url":"https:\/\/digitogy.eu\/fr\/nous-contacter\/","og_site_name":"Digitogy.eu","article_modified_time":"2023-07-27T01:54:45+00:00","twitter_card":"summary_large_image","schema":{"@context":"https:\/\/schema.org","@graph":[{"@type":"WebPage","@id":"https:\/\/digitogy.eu\/fr\/nous-contacter\/","url":"https:\/\/digitogy.eu\/fr\/nous-contacter\/","name":"Nous contacter | Digitogy.eu","isPartOf":{"@id":"https:\/\/digitogy.eu\/fr\/#website"},"datePublished":"2020-01-08T06:40:50+00:00","dateModified":"2023-07-27T01:54:45+00:00","description":"Contactez-nous par e-mail \u00e0 info@digitogy.eu. Pour toute demande de partenariat ou autre requ\u00eate, envoyez-nous un e-mail \u00e0 outreach@digitogy.eu. Nous vous","breadcrumb":{"@id":"https:\/\/digitogy.eu\/fr\/nous-contacter\/#breadcrumb"},"inLanguage":"fr-FR","potentialAction":[{"@type":"ReadAction","target":["https:\/\/digitogy.eu\/fr\/nous-contacter\/"]}]},{"@type":"BreadcrumbList","@id":"https:\/\/digitogy.eu\/fr\/nous-contacter\/#breadcrumb","itemListElement":[{"@type":"ListItem","position":1,"name":"Home","item":"https:\/\/digitogy.eu\/fr\/accueil\/"},{"@type":"ListItem","position":2,"name":"Nous contacter"}]},{"@type":"WebSite","@id":"https:\/\/digitogy.eu\/fr\/#website","url":"https:\/\/digitogy.eu\/fr\/","name":"Digitogy.eu","description":"Digital Technology Magazine","publisher":{"@id":"https:\/\/digitogy.eu\/fr\/#organization"},"potentialAction":[{"@type":"SearchAction","target":{"@type":"EntryPoint","urlTemplate":"https:\/\/digitogy.eu\/fr\/?s={search_term_string}"},"query-input":{"@type":"PropertyValueSpecification","valueRequired":true,"valueName":"search_term_string"}}],"inLanguage":"fr-FR"},{"@type":"Organization","@id":"https:\/\/digitogy.eu\/fr\/#organization","name":"Digitogy.eu","url":"https:\/\/digitogy.eu\/fr\/","logo":{"@type":"ImageObject","inLanguage":"fr-FR","@id":"https:\/\/digitogy.eu\/fr\/#\/schema\/logo\/image\/","url":"https:\/\/digitogy.eu\/wp-content\/uploads\/2019\/11\/digitogy.png","contentUrl":"https:\/\/digitogy.eu\/wp-content\/uploads\/2019\/11\/digitogy.png","width":150,"height":42,"caption":"Digitogy.eu"},"image":{"@id":"https:\/\/digitogy.eu\/fr\/#\/schema\/logo\/image\/"}}]}},"_links":{"self":[{"href":"https:\/\/digitogy.eu\/fr\/wp-json\/wp\/v2\/pages\/13022","targetHints":{"allow":["GET"]}}],"collection":[{"href":"https:\/\/digitogy.eu\/fr\/wp-json\/wp\/v2\/pages"}],"about":[{"href":"https:\/\/digitogy.eu\/fr\/wp-json\/wp\/v2\/types\/page"}],"author":[{"embeddable":true,"href":"https:\/\/digitogy.eu\/fr\/wp-json\/wp\/v2\/users\/38"}],"replies":[{"embeddable":true,"href":"https:\/\/digitogy.eu\/fr\/wp-json\/wp\/v2\/comments?post=13022"}],"version-history":[{"count":9,"href":"https:\/\/digitogy.eu\/fr\/wp-json\/wp\/v2\/pages\/13022\/revisions"}],"predecessor-version":[{"id":47045,"href":"https:\/\/digitogy.eu\/fr\/wp-json\/wp\/v2\/pages\/13022\/revisions\/47045"}],"wp:attachment":[{"href":"https:\/\/digitogy.eu\/fr\/wp-json\/wp\/v2\/media?parent=13022"}],"wp:term":[{"taxonomy":"sgf-content-tag","embeddable":true,"href":"https:\/\/digitogy.eu\/fr\/wp-json\/wp\/v2\/sgf-content-tag?post=13022"},{"taxonomy":"sgf-seo-push","embeddable":true,"href":"https:\/\/digitogy.eu\/fr\/wp-json\/wp\/v2\/sgf-seo-push?post=13022"}],"curies":[{"name":"wp","href":"https:\/\/api.w.org\/{rel}","templated":true}]}}