{"id":10064,"date":"2019-10-16T13:13:10","date_gmt":"2019-10-16T12:13:10","guid":{"rendered":"https:\/\/digitogy.eu\/sitemap\/"},"modified":"2022-01-11T10:26:11","modified_gmt":"2022-01-11T09:26:11","slug":"sitemap","status":"publish","type":"page","link":"https:\/\/digitogy.eu\/fr\/sitemap\/","title":{"rendered":"Plan du site"},"content":{"rendered":"<div class=\"wsp-container\"><h2 class=\"wsp-posts-title\">Articles par cat\u00e9gorie<\/h2>\n<ul class=\"wsp-posts-list\">\n\t<li><strong class=\"wsp-category-title\">Cat\u00e9gorie\u00a0: <a href=\"https:\/\/digitogy.eu\/fr\/categorie\/les-meilleurs-gadgets\/\">Gadgets<\/a><\/strong>\n<ul class=\"wsp-posts-list\">\t\t<li class=\"wsp-post\"><a href=\"https:\/\/digitogy.eu\/fr\/silent-snore-avis\/\">Silent Snore avis, le test complet<\/a><\/li>\n\t\t<li class=\"wsp-post\"><a href=\"https:\/\/digitogy.eu\/fr\/koretrak-avis\/\">KoreTrak avis sur cette nouvelle montre connect\u00e9e<\/a><\/li>\n\t\t<li class=\"wsp-post\"><a href=\"https:\/\/digitogy.eu\/fr\/drone-x-pro-avis\/\">Drone X Pro, vos photos et vid\u00e9os depuis un nouvel angle avec ce drone portable<\/a><\/li>\n\t\t<li class=\"wsp-post\"><a href=\"https:\/\/digitogy.eu\/fr\/coolair-avis\/\">Que vaut vraiment le mini climatiseur Cool Air ?<\/a><\/li>\n\t\t<li class=\"wsp-post\"><a href=\"https:\/\/digitogy.eu\/fr\/avis-signal-relief-patch\/\">Signal Relief Patch contre la douleur &#8211; est ce que \u00e7a marche ?<\/a><\/li>\n\t\t<li class=\"wsp-post\"><a href=\"https:\/\/digitogy.eu\/fr\/react-avis\/\">Notre avis sur React outil de survie voiture<\/a><\/li>\n\t\t<li class=\"wsp-post\"><a href=\"https:\/\/digitogy.eu\/fr\/avis-betterback-form\/\">Notre BetterBack Form avis complet \u00e0 d\u00e9couvrir ici<\/a><\/li>\n\t\t<li class=\"wsp-post\"><a href=\"https:\/\/digitogy.eu\/fr\/bracelet-sleep-connection-avis\/\">Bracelet Sleep Connection avis sur cet anti-ronflements<\/a><\/li>\n\t\t<li class=\"wsp-post\"><a href=\"https:\/\/digitogy.eu\/fr\/amplificateur-wifi-ultraboost-avis\/\">Wifi Ultraboost, l&rsquo;amplificateur de signal pour un Wifi au top !<\/a><\/li>\n\t\t<li class=\"wsp-post\"><a href=\"https:\/\/digitogy.eu\/fr\/tvbuddy-caster-avis\/\">TVBuddy Caster, votre t\u00e9l\u00e9phone sur votre t\u00e9l\u00e9<\/a><\/li>\n\t\t<li class=\"wsp-post\"><a href=\"https:\/\/digitogy.eu\/fr\/avis-zenmind-xp\/\">Les lunettes de massage ZenMind XP, tout ce que vous devez savoir<\/a><\/li>\n\t\t<li class=\"wsp-post\"><a href=\"https:\/\/digitogy.eu\/fr\/anti-ondes-smartdot-avis\/\">smartDOT, le repulsif d&rsquo;ondes \u00e9lectromagn\u00e9tiques<\/a><\/li>\n\t\t<li class=\"wsp-post\"><a href=\"https:\/\/digitogy.eu\/fr\/montre-xwatch-avis\/\">Montre Xwatch : connect\u00e9e et \u00e0 un prix accessible<\/a><\/li>\n\t\t<li class=\"wsp-post\"><a href=\"https:\/\/digitogy.eu\/fr\/traducteur-muama-enence-avis\/\">Que vaut le traducteur instantan\u00e9 de poche MUAMA Enence ?<\/a><\/li>\n\t\t<li class=\"wsp-post\"><a href=\"https:\/\/digitogy.eu\/fr\/avis-kailo-patch-anti-douleur\/\">Le Kailo patch \u00e9loigne-t-il vraiment la douleur ? Avis 2026<\/a><\/li>\n\t\t<li class=\"wsp-post\"><a href=\"https:\/\/digitogy.eu\/fr\/avis-clip-aculief-acupression\/\">Aculief clip chasse-t-elle vraiment les migraines ? Avis<\/a><\/li>\n\t\t<li class=\"wsp-post\"><a href=\"https:\/\/digitogy.eu\/fr\/uv-cleanizer-zoom-avis\/\">UV Cleanizer Zoom, le robot nettoyeur tueur de bact\u00e9ries<\/a><\/li>\n\t\t<li class=\"wsp-post\"><a href=\"https:\/\/digitogy.eu\/fr\/cle-usb-infinitikloud-avis\/\">InfinitiKloud, le savant m\u00e9lange de cl\u00e9 usb et de cloud<\/a><\/li>\n\t\t<li class=\"wsp-post\"><a href=\"https:\/\/digitogy.eu\/fr\/avis-barxstop-anti-aboiement\/\">Avis sur BarxStop, la bo\u00eete \u00e0 ultrason pour chiens<\/a><\/li>\n\t\t<li class=\"wsp-post\"><a href=\"https:\/\/digitogy.eu\/fr\/vivian-lou\/\">Vivian Lou, la beaut\u00e9 en talons haut sans douleur de pied<\/a><\/li>\n\t\t<li class=\"wsp-post\"><a href=\"https:\/\/digitogy.eu\/fr\/fittrack\/\">Notre avis sur Fit Track, la balance connect\u00e9e<\/a><\/li>\n\t\t<li class=\"wsp-post\"><a href=\"https:\/\/digitogy.eu\/fr\/handy-heater\/\">Que vaut vraiment le chauffage Handy Heater ?<\/a><\/li>\n\t\t<li class=\"wsp-post\"><a href=\"https:\/\/digitogy.eu\/fr\/lure-essentials\/\">LureEssentials, la ventouse de massage, rajeunit-elle votre peau ?<\/a><\/li>\n\t\t<li class=\"wsp-post\"><a href=\"https:\/\/digitogy.eu\/fr\/saalt-cup\/\">Que vaut vraiment Saalt Cup, la coupe pour les r\u00e8gles ?<\/a><\/li>\n\t\t<li class=\"wsp-post\"><a href=\"https:\/\/digitogy.eu\/fr\/ulla\/\">Restez hydrat\u00e9 avec Ulla smart hydration reminder<\/a><\/li>\n\t\t<li class=\"wsp-post\"><a href=\"https:\/\/digitogy.eu\/fr\/neck-hammock\/\">Notre avis sur Neck Hammock traction : est-ce-que \u00e7a marche vraiment ?<\/a><\/li>\n\t\t<li class=\"wsp-post\"><a href=\"https:\/\/digitogy.eu\/fr\/screen-klean\/\">Avis sur le nettoyeur d&rsquo;\u00e9cran innovant ScreenKlean<\/a><\/li>\n\t\t<li class=\"wsp-post\"><a href=\"https:\/\/digitogy.eu\/fr\/arctic-air-ultra\/\">Arctic Air avis sur le climatiseur portable bon march\u00e9<\/a><\/li>\n\t\t<li class=\"wsp-post\"><a href=\"https:\/\/digitogy.eu\/fr\/peeps-avis\/\">Peeps, le nettoyant lunette r\u00e9volutionnaire \u00e0 brosse en carbone<\/a><\/li>\n\t\t<li class=\"wsp-post\"><a href=\"https:\/\/digitogy.eu\/fr\/boobuddy\/\">Boo Buddy : notre avis sur la brassi\u00e8re de sport<\/a><\/li>\n\t\t<li class=\"wsp-post\"><a href=\"https:\/\/digitogy.eu\/fr\/clavier-keyless-pro-avis\/\">Keyless Pro test, un clavier virtuel pour des performances r\u00e9elles<\/a><\/li>\n\t\t<li class=\"wsp-post\"><a href=\"https:\/\/digitogy.eu\/fr\/glow-bowl\/\">Glow Bowl, le luminaire WC d&rsquo;ambiance<\/a><\/li>\n\t\t<li class=\"wsp-post\"><a href=\"https:\/\/digitogy.eu\/fr\/chargehubgo-plus\/\">Mon avis sur le chargeur sans fil ChargeHubGO+<\/a><\/li>\n\t\t<li class=\"wsp-post\"><a href=\"https:\/\/digitogy.eu\/fr\/vizr\/\">VIZR by FIXD, le HUD qui am\u00e9liore votre conduite !<\/a><\/li>\n\t\t<li class=\"wsp-post\"><a href=\"https:\/\/digitogy.eu\/fr\/ladycare\/\">Avec Ladycare, dites adieux aux bouff\u00e9es de chaleur de la m\u00e9nopause.<\/a><\/li>\n\t\t<li class=\"wsp-post\"><a href=\"https:\/\/digitogy.eu\/fr\/type-s\/\">TypeS parking, le radar de recul \u00e0 petit prix<\/a><\/li>\n\t\t<li class=\"wsp-post\"><a href=\"https:\/\/digitogy.eu\/fr\/everykey\/\">Every Key : Que vaut la cl\u00e9 de McAfee ?<\/a><\/li>\n\t\t<li class=\"wsp-post\"><a href=\"https:\/\/digitogy.eu\/fr\/airbolt\/\">AirBolt lock : voyager l&rsquo;esprit tranquille ? Notre avis<\/a><\/li>\n\t\t<li class=\"wsp-post\"><a href=\"https:\/\/digitogy.eu\/fr\/bondic\/\">Colle Bondic avis : Est-ce-que \u00e7a marche vraiment ?<\/a><\/li>\n\t\t<li class=\"wsp-post\"><a href=\"https:\/\/digitogy.eu\/fr\/flexsafe\/\">Voyagez l&rsquo;esprit tranquille avec Flexsafe, le sac intelligent<\/a><\/li>\n\t\t<li class=\"wsp-post\"><a href=\"https:\/\/digitogy.eu\/fr\/xtrapc\/\">Mon avis sur Xtra PC, la cl\u00e9 USB qui doit booster votre vieux PC<\/a><\/li>\n\t\t<li class=\"wsp-post\"><a href=\"https:\/\/digitogy.eu\/fr\/keysmart\/\">Notre avis sur le porte cl\u00e9 KeySmart en forme de couteau suisse<\/a><\/li>\n\t\t<li class=\"wsp-post\"><a href=\"https:\/\/digitogy.eu\/fr\/upright-go\/\">Upright GO fonctionne t-il ? Notre test<\/a><\/li>\n\t\t<li class=\"wsp-post\"><a href=\"https:\/\/digitogy.eu\/fr\/fixd\/\">Que vaut vraiment le boitier FIXD OBD2 ? Notre avis<\/a><\/li>\n\t\t<li class=\"wsp-post\"><a href=\"https:\/\/digitogy.eu\/fr\/xy-find-it\/\">Le tracker XY Find It permet-il de retrouver vos affaires perdues ?<\/a><\/li>\n\t\t<li class=\"wsp-post\"><a href=\"https:\/\/digitogy.eu\/fr\/thephotostick\/\">The Photo Stick, une arnaque ? Mon avis sur cette cl\u00e9 USB<\/a><\/li>\n\t\t<li class=\"wsp-post\"><a href=\"https:\/\/digitogy.eu\/fr\/thephotostick-mobile\/\">Photo Stick Mobile : la solution pour vos stocker les photos de votre smartphone<\/a><\/li>\n\t\t<li class=\"wsp-post\"><a href=\"https:\/\/digitogy.eu\/fr\/dodow\/\">Dodow pour dormir : Est-ce-que \u00e7a marche ? Notre avis<\/a><\/li>\n\t\t<li class=\"wsp-post\"><a href=\"https:\/\/digitogy.eu\/fr\/bit-watch-avis\/\">BiT Watch avis 2026 : que vaut cette montre connect\u00e9e pas cher ?<\/a><\/li>\n\t\t<li class=\"wsp-post\"><a href=\"https:\/\/digitogy.eu\/fr\/jetfloss-pro-avis\/\">Le tout nouveau Jet Floss Pro hydropulseur : mon test 2026<\/a><\/li>\n\t\t<li class=\"wsp-post\"><a href=\"https:\/\/digitogy.eu\/fr\/caresole-circa-avis\/\">La genouill\u00e8re de compression Circa Knee avis en 2026<\/a><\/li>\n\t\t<li class=\"wsp-post\"><a href=\"https:\/\/digitogy.eu\/fr\/smartlight-avis\/\">L&rsquo;ampoule SmartLight avis : l&rsquo;\u00e9clairage de demain en 2026 ?<\/a><\/li>\n\t\t<li class=\"wsp-post\"><a href=\"https:\/\/digitogy.eu\/fr\/poliglu-avis\/\">Poliglu avis 2026 : fonctionne-t-il vraiment ?<\/a><\/li>\n\t\t<li class=\"wsp-post\"><a href=\"https:\/\/digitogy.eu\/fr\/t-watch-avis\/\">Test complet de la T-Watch 2026 : le futur de la montre connect\u00e9e !<\/a><\/li>\n\t\t<li class=\"wsp-post\"><a href=\"https:\/\/digitogy.eu\/fr\/olumiring-avis\/\">OlumiRing avis de 2026 : est-ce qu&rsquo;elle vaut le coup ?<\/a><\/li>\n\t\t<li class=\"wsp-post\"><a href=\"https:\/\/digitogy.eu\/fr\/invisicharger-avis\/\">Invisicharger avis : Vaut-il la peine d&rsquo;acheter ce chargeur sans fil ?<\/a><\/li>\n\t\t<li class=\"wsp-post\"><a href=\"https:\/\/digitogy.eu\/fr\/blissy-avis\/\">Blissy, la taie d&rsquo;oreiller avis 2026 : un sommeil de meilleure qualit\u00e9<\/a><\/li>\n\t\t<li class=\"wsp-post\"><a href=\"https:\/\/digitogy.eu\/fr\/renuback-relief-avis\/\">Renuback Relief avis 2026 : le coussin correcteur de posture<\/a><\/li>\n\t\t<li class=\"wsp-post\"><a href=\"https:\/\/digitogy.eu\/fr\/ybra-avis\/\">YBra avis de 2026 : un soutien-gorge pas comme les autres<\/a><\/li>\n\t\t<li class=\"wsp-post\"><a href=\"https:\/\/digitogy.eu\/fr\/keyx24-avis\/\">Avis sur KeyX24 : que vaut ce multi outil compact ?<\/a><\/li>\n\t\t<li class=\"wsp-post\"><a href=\"https:\/\/digitogy.eu\/fr\/ecoheat-s-avis\/\">EcoHeat S avis 2026 : le chauffage portatif surpuissant<\/a><\/li>\n\t\t<li class=\"wsp-post\"><a href=\"https:\/\/digitogy.eu\/fr\/mosquitron-avis\/\">Mon Mosquitron avis 2026: la lampe UV pour \u00e9viter les piqures<\/a><\/li>\n\t\t<li class=\"wsp-post\"><a href=\"https:\/\/digitogy.eu\/fr\/maxphone-avis\/\">MaxPhone avis 2026 : le smartphone d&rsquo;entr\u00e9e de gamme<\/a><\/li>\n\t\t<li class=\"wsp-post\"><a href=\"https:\/\/digitogy.eu\/fr\/itrack-avis\/\">Mon test complet du i Track GPS en 2026<\/a><\/li>\n\t\t<li class=\"wsp-post\"><a href=\"https:\/\/digitogy.eu\/fr\/nicobloc-avis\/\">Mon test de Nicobloc : le produit pour arr\u00eater de fumer<\/a><\/li>\n\t\t<li class=\"wsp-post\"><a href=\"https:\/\/digitogy.eu\/fr\/derila-avis\/\">Derila avis 2026 : un meilleur sommeil ?<\/a><\/li>\n\t\t<li class=\"wsp-post\"><a href=\"https:\/\/digitogy.eu\/fr\/easy-waxoff-avis\/\">Easy WaxOff avis 2026 : le nettoyage d&rsquo;oreille r\u00e9volutionnaire<\/a><\/li>\n\t\t<li class=\"wsp-post\"><a href=\"https:\/\/digitogy.eu\/fr\/scratchundo-pro-test-avis\/\">ScratchUndo Pro avis 2026 : r\u00e9parer les rayures sur votre voiture<\/a><\/li>\n\t\t<li class=\"wsp-post\"><a href=\"https:\/\/digitogy.eu\/fr\/lux-bra-avis\/\">LuxBra avis en 2026 : un soutien-gorge super confortable ?<\/a><\/li>\n\t\t<li class=\"wsp-post\"><a href=\"https:\/\/digitogy.eu\/fr\/pico-buds-pro-avis\/\">PicoBuds Pro avis : que vaut cette nouvelle aide auditive ?<\/a><\/li>\n\t\t<li class=\"wsp-post\"><a href=\"https:\/\/digitogy.eu\/fr\/tvidler-test-et-avis\/\">Mon Tvidler test : d\u00e9couvrez cette \u00e9volution du coton-tige<\/a><\/li>\n\t\t<li class=\"wsp-post\"><a href=\"https:\/\/digitogy.eu\/fr\/cooledge-test-avis\/\">CoolEdge avis 2026 : le climatiseur portable pour vous garder au frais<\/a><\/li>\n\t\t<li class=\"wsp-post\"><a href=\"https:\/\/digitogy.eu\/fr\/stealth-hawk-pro-test-avis\/\">Stealth Hawk Pro avis complet 2026 : que vaut se petit drone h\u00e9licopt\u00e8re de poche ?<\/a><\/li>\n\t\t<li class=\"wsp-post\"><a href=\"https:\/\/digitogy.eu\/fr\/automix-test-avis\/\">AutoMix avis : le meilleur robot remueur de cuisine de 2026 ?<\/a><\/li>\n\t\t<li class=\"wsp-post\"><a href=\"https:\/\/digitogy.eu\/fr\/clean-robot-avis-test\/\">Clean Robot avis 2026 : le nettoyage sans l&rsquo;effort<\/a><\/li>\n\t\t<li class=\"wsp-post\"><a href=\"https:\/\/digitogy.eu\/fr\/bril-uv-avis\/\">Test 2026 de Bril Uv, le tueur de bact\u00e9rie pour brosse \u00e0 dent<\/a><\/li>\n\t\t<li class=\"wsp-post\"><a href=\"https:\/\/digitogy.eu\/fr\/moksha-beam-test-avis\/\">Moksha Beam avis : respirez et calmez-vous avec cette technique inspir\u00e9e des moines flutistes<\/a><\/li>\n\t\t<li class=\"wsp-post\"><a href=\"https:\/\/digitogy.eu\/fr\/nuubu-detox-patches-avis\/\">Que vaut vraiment Nuubu ? Notre avis sur le patch plantaire<\/a><\/li>\n\t\t<li class=\"wsp-post\"><a href=\"https:\/\/digitogy.eu\/fr\/thephotostick-omni-avis\/\">ThePhotoStick Omni : cette version tient-elle ses promesses ?<\/a><\/li>\n\t\t<li class=\"wsp-post\"><a href=\"https:\/\/digitogy.eu\/fr\/bed-scrunchie-avis\/\">Mon avis sur Bed Scrunchie<\/a><\/li>\n\t\t<li class=\"wsp-post\"><a href=\"https:\/\/digitogy.eu\/fr\/climatiseur-blaux-portable-ac-avis\/\">Climatiseur Blaux Portable AC : Mon avis complet<\/a><\/li>\n\t\t<li class=\"wsp-post\"><a href=\"https:\/\/digitogy.eu\/fr\/muama-ryoko-avis\/\">Test du routeur Muama Ryoko : une connexion Wi-Fi stable ?<\/a><\/li>\n\t\t<li class=\"wsp-post\"><a href=\"https:\/\/digitogy.eu\/fr\/airphysio-avis\/\">AirPhysio avis : efficace ou \u00e0 bout de souffle ? Notre avis 2026<\/a><\/li>\n\t\t<li class=\"wsp-post\"><a href=\"https:\/\/digitogy.eu\/fr\/polish-shine-armor-avis\/\">Polish Shine Armor : un coup de chiffon et sa repart !<\/a><\/li>\n\t\t<li class=\"wsp-post\"><a href=\"https:\/\/digitogy.eu\/fr\/semelle-mindinsole-avis\/\">MindInSole avis : notre test complet de ces semelles magiques<\/a><\/li>\n\t\t<li class=\"wsp-post\"><a href=\"https:\/\/digitogy.eu\/fr\/video-doorbell-avis\/\">Video DoorBell avis : qui est \u00e0 la porte ?<\/a><\/li>\n\t\t<li class=\"wsp-post\"><a href=\"https:\/\/digitogy.eu\/fr\/buzz-b-gone-zap\/\">Buzz B-Gone Zap avis : grillez des moustiques et sauvez votre peau !<\/a><\/li>\n\t\t<li class=\"wsp-post\"><a href=\"https:\/\/digitogy.eu\/fr\/tactic-air-drone-avis\/\">Tactic AIR Drone avis : que dire de ce nouveau drone ?<\/a><\/li>\n\t\t<li class=\"wsp-post\"><a href=\"https:\/\/digitogy.eu\/fr\/tvsharemax-avis\/\">TVShareMax avis : Votre t\u00e9l\u00e9phone format t\u00e9l\u00e9 ?<\/a><\/li>\n\t\t<li class=\"wsp-post\"><a href=\"https:\/\/digitogy.eu\/fr\/moskix-avis\/\">Notre Moskix avis complet : dehors les moustiques !<\/a><\/li>\n\t\t<li class=\"wsp-post\"><a href=\"https:\/\/digitogy.eu\/fr\/montre-healthwatch-avis\/\">HealthWatch avis et test complet de la nouvelle montre connect\u00e9e<\/a><\/li>\n\t\t<li class=\"wsp-post\"><a href=\"https:\/\/digitogy.eu\/fr\/heatcore-avis\/\">HeatCore avis : que vaut ce chauffage portable d&rsquo;appoint ?<\/a><\/li>\n\t\t<li class=\"wsp-post\"><a href=\"https:\/\/digitogy.eu\/fr\/lunettes-clearview-avis\/\">Que valent les lunettes Clearview pour conduire la nuit ?<\/a><\/li>\n\t\t<li class=\"wsp-post\"><a href=\"https:\/\/digitogy.eu\/fr\/neck-massager-avis\/\">Notre test complet du NeckMassager<\/a><\/li>\n\t\t<li class=\"wsp-post\"><a href=\"https:\/\/digitogy.eu\/fr\/starscope-avis\/\">StarScope avis : notre test complet de cette puissante longue-vue<\/a><\/li>\n\t\t<li class=\"wsp-post\"><a href=\"https:\/\/digitogy.eu\/fr\/dangobuds-avis\/\">Que valent vraiment les DangoBuds ? Mon avis<\/a><\/li>\n\t\t<li class=\"wsp-post\"><a href=\"https:\/\/digitogy.eu\/fr\/rangextd-avis\/\">RangeXTD avis : l&rsquo;amplificateur Wifi qui fait parler de lui<\/a><\/li>\n\t\t<li class=\"wsp-post\"><a href=\"https:\/\/digitogy.eu\/fr\/drone720x-avis\/\">Drone720 X avis : Que vaut cette petite cam\u00e9ra volante ?<\/a><\/li>\n\t\t<li class=\"wsp-post\"><a href=\"https:\/\/digitogy.eu\/fr\/wifi-superboost-avis\/\">Notre avis sur SuperBoost, l&rsquo;amplificateur de signal internet<\/a><\/li>\n\t\t<li class=\"wsp-post\"><a href=\"https:\/\/digitogy.eu\/fr\/avis-gx-smartwatch\/\">Notre test complet de la montre connect\u00e9e GX Smartwatch<\/a><\/li>\n\t\t<li class=\"wsp-post\"><a href=\"https:\/\/digitogy.eu\/fr\/airphones-avis\/\">AirPhones avis : que valent ces \u00e9couteurs sans fil ?<\/a><\/li>\n\t\t<li class=\"wsp-post\"><a href=\"https:\/\/digitogy.eu\/fr\/soul-insole-avis-et-test\/\">Soul Insole : le test complet de ces semelles pour chaussures<\/a><\/li>\n\t\t<li class=\"wsp-post\"><a href=\"https:\/\/digitogy.eu\/fr\/tvfix-caster-avis\/\">TVFix Caster, la r\u00e9volution big screen<\/a><\/li>\n\t\t<li class=\"wsp-post\"><a href=\"https:\/\/digitogy.eu\/fr\/memorysafex-avis\/\">Un avis MemorySafeX qui vaut le d\u00e9tour<\/a><\/li>\n\t\t<li class=\"wsp-post\"><a href=\"https:\/\/digitogy.eu\/fr\/protector-pitch-avis\/\">Protector Pitch avis : l&rsquo;alarme de poche pour votre s\u00e9curit\u00e9<\/a><\/li>\n\t\t<li class=\"wsp-post\"><a href=\"https:\/\/digitogy.eu\/fr\/dwatch-avis\/\">Avis DWatch et votre quotidien va changer<\/a><\/li>\n\t\t<li class=\"wsp-post\"><a href=\"https:\/\/digitogy.eu\/fr\/loyal-watch-avis\/\">Loyal Watch avis : notre test complet de cette montre connect\u00e9e<\/a><\/li>\n\t\t<li class=\"wsp-post\"><a href=\"https:\/\/digitogy.eu\/fr\/godonut-avis\/\">GoDonut avis : notre test complet<\/a><\/li>\n\t\t<li class=\"wsp-post\"><a href=\"https:\/\/digitogy.eu\/fr\/properfocus-avis\/\">ProperFocus avis, notre test de ces lunettes adaptables<\/a><\/li>\n\t\t<li class=\"wsp-post\"><a href=\"https:\/\/digitogy.eu\/fr\/usmile-pro-avis\/\">uSmile Pro, l&rsquo;appareil qui blanchit les dents, \u00e7a marche ?<\/a><\/li>\n<\/ul><\/li>\n\t<li><strong class=\"wsp-category-title\">Cat\u00e9gorie\u00a0: <a href=\"https:\/\/digitogy.eu\/fr\/categorie\/nos-guides\/\">Guides<\/a><\/strong>\n<ul class=\"wsp-posts-list\">\t\t<li class=\"wsp-post\"><a href=\"https:\/\/digitogy.eu\/fr\/transferer-photos-iphone-sur-pc\/\">Comment importer photos depuis iPhone sur PC : solutions 2026<\/a><\/li>\n\t\t<li class=\"wsp-post\"><a href=\"https:\/\/digitogy.eu\/fr\/que-faire-vieux-pc\/\">Que faire des vieux ordinateurs : Quelques id\u00e9es utiles<\/a><\/li>\n\t\t<li class=\"wsp-post\"><a href=\"https:\/\/digitogy.eu\/fr\/comment-booster-un-vieux-pc\/\">10 moyens de booster un vieux PC en 2026<\/a><\/li>\n\t\t<li class=\"wsp-post\"><a href=\"https:\/\/digitogy.eu\/fr\/meilleur-black-friday-offre\/\">Les meilleures bonne affaire Black Friday de Digitogy pour 2026<\/a><\/li>\n<\/ul><\/li>\n<\/ul>\n<\/div>\n","protected":false},"excerpt":{"rendered":"","protected":false},"author":38,"featured_media":0,"parent":0,"menu_order":0,"comment_status":"closed","ping_status":"closed","template":"","meta":{"om_disable_all_campaigns":false,"footnotes":""},"sgf-content-tag":[472,474],"sgf-seo-push":[],"class_list":["post-10064","page","type-page","status-publish","hentry"],"yoast_head":"<!-- This site is optimized with the Yoast SEO plugin v24.9 - https:\/\/yoast.com\/wordpress\/plugins\/seo\/ -->\n<title>Plan du site | Digitogy.eu<\/title>\n<meta name=\"description\" content=\"Pour consulter toutes les pages du site, c&#039;est ici qu&#039;il faut vous rendre. Cette page regroupe tous nos avis et nos tests.\" \/>\n<meta name=\"robots\" content=\"index, follow, max-snippet:-1, max-image-preview:large, max-video-preview:-1\" \/>\n<link rel=\"canonical\" href=\"https:\/\/digitogy.eu\/fr\/sitemap\/\" \/>\n<meta property=\"og:locale\" content=\"fr_FR\" \/>\n<meta property=\"og:type\" content=\"article\" \/>\n<meta property=\"og:title\" content=\"Plan du site | Digitogy.eu\" \/>\n<meta property=\"og:description\" content=\"Pour consulter toutes les pages du site, c&#039;est ici qu&#039;il faut vous rendre. Cette page regroupe tous nos avis et nos tests.\" \/>\n<meta property=\"og:url\" content=\"https:\/\/digitogy.eu\/fr\/sitemap\/\" \/>\n<meta property=\"og:site_name\" content=\"Digitogy.eu\" \/>\n<meta property=\"article:modified_time\" content=\"2022-01-11T09:26:11+00:00\" \/>\n<meta name=\"twitter:card\" content=\"summary_large_image\" \/>\n<!-- \/ Yoast SEO plugin. -->","yoast_head_json":{"title":"Plan du site | Digitogy.eu","description":"Pour consulter toutes les pages du site, c'est ici qu'il faut vous rendre. Cette page regroupe tous nos avis et nos tests.","robots":{"index":"index","follow":"follow","max-snippet":"max-snippet:-1","max-image-preview":"max-image-preview:large","max-video-preview":"max-video-preview:-1"},"canonical":"https:\/\/digitogy.eu\/fr\/sitemap\/","og_locale":"fr_FR","og_type":"article","og_title":"Plan du site | Digitogy.eu","og_description":"Pour consulter toutes les pages du site, c'est ici qu'il faut vous rendre. Cette page regroupe tous nos avis et nos tests.","og_url":"https:\/\/digitogy.eu\/fr\/sitemap\/","og_site_name":"Digitogy.eu","article_modified_time":"2022-01-11T09:26:11+00:00","twitter_card":"summary_large_image","schema":{"@context":"https:\/\/schema.org","@graph":[{"@type":"WebPage","@id":"https:\/\/digitogy.eu\/fr\/sitemap\/","url":"https:\/\/digitogy.eu\/fr\/sitemap\/","name":"Plan du site | Digitogy.eu","isPartOf":{"@id":"https:\/\/digitogy.eu\/fr\/#website"},"datePublished":"2019-10-16T12:13:10+00:00","dateModified":"2022-01-11T09:26:11+00:00","description":"Pour consulter toutes les pages du site, c'est ici qu'il faut vous rendre. Cette page regroupe tous nos avis et nos tests.","breadcrumb":{"@id":"https:\/\/digitogy.eu\/fr\/sitemap\/#breadcrumb"},"inLanguage":"fr-FR","potentialAction":[{"@type":"ReadAction","target":["https:\/\/digitogy.eu\/fr\/sitemap\/"]}]},{"@type":"BreadcrumbList","@id":"https:\/\/digitogy.eu\/fr\/sitemap\/#breadcrumb","itemListElement":[{"@type":"ListItem","position":1,"name":"Home","item":"https:\/\/digitogy.eu\/fr\/accueil\/"},{"@type":"ListItem","position":2,"name":"Plan du site"}]},{"@type":"WebSite","@id":"https:\/\/digitogy.eu\/fr\/#website","url":"https:\/\/digitogy.eu\/fr\/","name":"Digitogy.eu","description":"Digital Technology Magazine","publisher":{"@id":"https:\/\/digitogy.eu\/fr\/#organization"},"potentialAction":[{"@type":"SearchAction","target":{"@type":"EntryPoint","urlTemplate":"https:\/\/digitogy.eu\/fr\/?s={search_term_string}"},"query-input":{"@type":"PropertyValueSpecification","valueRequired":true,"valueName":"search_term_string"}}],"inLanguage":"fr-FR"},{"@type":"Organization","@id":"https:\/\/digitogy.eu\/fr\/#organization","name":"Digitogy.eu","url":"https:\/\/digitogy.eu\/fr\/","logo":{"@type":"ImageObject","inLanguage":"fr-FR","@id":"https:\/\/digitogy.eu\/fr\/#\/schema\/logo\/image\/","url":"https:\/\/digitogy.eu\/wp-content\/uploads\/2019\/11\/digitogy.png","contentUrl":"https:\/\/digitogy.eu\/wp-content\/uploads\/2019\/11\/digitogy.png","width":150,"height":42,"caption":"Digitogy.eu"},"image":{"@id":"https:\/\/digitogy.eu\/fr\/#\/schema\/logo\/image\/"}}]}},"_links":{"self":[{"href":"https:\/\/digitogy.eu\/fr\/wp-json\/wp\/v2\/pages\/10064","targetHints":{"allow":["GET"]}}],"collection":[{"href":"https:\/\/digitogy.eu\/fr\/wp-json\/wp\/v2\/pages"}],"about":[{"href":"https:\/\/digitogy.eu\/fr\/wp-json\/wp\/v2\/types\/page"}],"author":[{"embeddable":true,"href":"https:\/\/digitogy.eu\/fr\/wp-json\/wp\/v2\/users\/38"}],"replies":[{"embeddable":true,"href":"https:\/\/digitogy.eu\/fr\/wp-json\/wp\/v2\/comments?post=10064"}],"version-history":[{"count":2,"href":"https:\/\/digitogy.eu\/fr\/wp-json\/wp\/v2\/pages\/10064\/revisions"}],"predecessor-version":[{"id":12536,"href":"https:\/\/digitogy.eu\/fr\/wp-json\/wp\/v2\/pages\/10064\/revisions\/12536"}],"wp:attachment":[{"href":"https:\/\/digitogy.eu\/fr\/wp-json\/wp\/v2\/media?parent=10064"}],"wp:term":[{"taxonomy":"sgf-content-tag","embeddable":true,"href":"https:\/\/digitogy.eu\/fr\/wp-json\/wp\/v2\/sgf-content-tag?post=10064"},{"taxonomy":"sgf-seo-push","embeddable":true,"href":"https:\/\/digitogy.eu\/fr\/wp-json\/wp\/v2\/sgf-seo-push?post=10064"}],"curies":[{"name":"wp","href":"https:\/\/api.w.org\/{rel}","templated":true}]}}