{"id":47009,"date":"2023-07-20T04:59:27","date_gmt":"2023-07-20T03:59:27","guid":{"rendered":"https:\/\/digitogy.eu\/?page_id=47009"},"modified":"2023-07-27T10:03:51","modified_gmt":"2023-07-27T09:03:51","slug":"omistustiedotus","status":"publish","type":"page","link":"https:\/\/digitogy.eu\/fi\/omistustiedotus\/","title":{"rendered":"Omistustiedotus"},"content":{"rendered":"<p><a href=\"http:\/\/Digitogy.eu\/fi\">Digitogy.eu<\/a> omistaa ja sit\u00e4 yll\u00e4pit\u00e4\u00e4 Affiliare Inc. Olemme yritys, joka on erikoistunut kumppanimarkkinointiin ja tuotteiden arvosteluihin.<\/p>\n<p>Digitogy.eu:n tavoitteena on tarjota puolueettomia ja objektiivisia arvosteluja.<\/p>\n<p>On kuitenkin t\u00e4rke\u00e4\u00e4 huomata, ett\u00e4 arvosteluissamme saatetaan ajoittain mainita muita tuotteita, palveluita, valmentajia, konsultteja ja\/tai asiantuntijoita.<\/p>\n<p>Huomioithan, ett\u00e4 t\u00e4llaiset maininnat eiv\u00e4t ole tarkoitukseltaan suosituksia tai lausuntoja, jotka vahvistaisivat mainittujen osapuolten tarjoaman tiedon tarkkuuden.<\/p>\n<p>Kannustamme sinua tekem\u00e4\u00e4n omat tutkimukset ja selvitykset ennen kuin teet mit\u00e4\u00e4n ostop\u00e4\u00e4t\u00f6ksi\u00e4. Vaikka pyrimme tarjoamaan hy\u00f6dyllist\u00e4 tietoa, suosittelemme luottamaan monipuolisiin l\u00e4hteisiin ja tekem\u00e4\u00e4n omat huolellisuustutkimuksesi selvitt\u00e4\u00e4ksesi, onko tietty tuote tai palvelu sopiva tarpeisiisi.<\/p>\n<p>Mik\u00e4li sinulla on kysymyksi\u00e4 tai tiedusteluja liittyen Digitogy.eu:hun, voit ottaa meihin yhteytt\u00e4 s\u00e4hk\u00f6postitse osoitteeseen <a href=\"mailto:info@affiliareinc.com\" target=\"_blank\" rel=\"noopener nofollow noreferrer\">info@affiliareinc.com<\/a>.<\/p>\n<p>Olemme t\u00e4\u00e4ll\u00e4 auttamassa sinua ja tarjoamassa tarvittavaa tietoa.<\/p>\n<p>Kiitos vierailustasi Digitogy.eu:ssa, ja arvostamme ymm\u00e4rryst\u00e4si omistustamme ja arviointiprosessiamme kohtaan.<\/p>\n","protected":false},"excerpt":{"rendered":"<p>Digitogy.eu omistaa ja sit\u00e4 yll\u00e4pit\u00e4\u00e4 Affiliare Inc. Olemme yritys, joka on erikoistunut kumppanimarkkinointiin ja tuotteiden arvosteluihin. Digitogy.eu:n tavoitteena on tarjota puolueettomia ja objektiivisia arvosteluja. On kuitenkin t\u00e4rke\u00e4\u00e4 huomata, ett\u00e4 arvosteluissamme saatetaan ajoittain mainita muita tuotteita, palveluita, valmentajia, konsultteja ja\/tai asiantuntijoita. Huomioithan, ett\u00e4 t\u00e4llaiset maininnat eiv\u00e4t ole tarkoitukseltaan suosituksia tai lausuntoja, jotka vahvistaisivat mainittujen osapuolten tarjoaman [&hellip;]<\/p>\n","protected":false},"author":46,"featured_media":0,"parent":0,"menu_order":0,"comment_status":"closed","ping_status":"closed","template":"","meta":{"om_disable_all_campaigns":false,"footnotes":""},"sgf-content-tag":[1595,472],"sgf-seo-push":[],"class_list":["post-47009","page","type-page","status-publish","hentry"],"yoast_head":"<!-- This site is optimized with the Yoast SEO plugin v24.9 - https:\/\/yoast.com\/wordpress\/plugins\/seo\/ -->\n<title>Omistustiedotus | Digitogy.eu<\/title>\n<meta name=\"description\" content=\"Digitogy.eu omistaa ja sit\u00e4 yll\u00e4pit\u00e4\u00e4 Affiliare Inc. Olemme yritys, joka on erikoistunut kumppanimarkkinointiin ja tuotteiden arvosteluihin. Digitogy.eu:n\" \/>\n<meta name=\"robots\" content=\"index, follow, max-snippet:-1, max-image-preview:large, max-video-preview:-1\" \/>\n<link rel=\"canonical\" href=\"https:\/\/digitogy.eu\/fi\/omistustiedotus\/\" \/>\n<meta property=\"og:locale\" content=\"fi_FI\" \/>\n<meta property=\"og:type\" content=\"article\" \/>\n<meta property=\"og:title\" content=\"Omistustiedotus | Digitogy.eu\" \/>\n<meta property=\"og:description\" content=\"Digitogy.eu omistaa ja sit\u00e4 yll\u00e4pit\u00e4\u00e4 Affiliare Inc. Olemme yritys, joka on erikoistunut kumppanimarkkinointiin ja tuotteiden arvosteluihin. Digitogy.eu:n\" \/>\n<meta property=\"og:url\" content=\"https:\/\/digitogy.eu\/fi\/omistustiedotus\/\" \/>\n<meta property=\"og:site_name\" content=\"Digitogy.eu\" \/>\n<meta property=\"article:modified_time\" content=\"2023-07-27T09:03:51+00:00\" \/>\n<meta name=\"twitter:card\" content=\"summary_large_image\" \/>\n<!-- \/ Yoast SEO plugin. -->","yoast_head_json":{"title":"Omistustiedotus | Digitogy.eu","description":"Digitogy.eu omistaa ja sit\u00e4 yll\u00e4pit\u00e4\u00e4 Affiliare Inc. Olemme yritys, joka on erikoistunut kumppanimarkkinointiin ja tuotteiden arvosteluihin. Digitogy.eu:n","robots":{"index":"index","follow":"follow","max-snippet":"max-snippet:-1","max-image-preview":"max-image-preview:large","max-video-preview":"max-video-preview:-1"},"canonical":"https:\/\/digitogy.eu\/fi\/omistustiedotus\/","og_locale":"fi_FI","og_type":"article","og_title":"Omistustiedotus | Digitogy.eu","og_description":"Digitogy.eu omistaa ja sit\u00e4 yll\u00e4pit\u00e4\u00e4 Affiliare Inc. Olemme yritys, joka on erikoistunut kumppanimarkkinointiin ja tuotteiden arvosteluihin. Digitogy.eu:n","og_url":"https:\/\/digitogy.eu\/fi\/omistustiedotus\/","og_site_name":"Digitogy.eu","article_modified_time":"2023-07-27T09:03:51+00:00","twitter_card":"summary_large_image","schema":{"@context":"https:\/\/schema.org","@graph":[{"@type":"WebPage","@id":"https:\/\/digitogy.eu\/fi\/omistustiedotus\/","url":"https:\/\/digitogy.eu\/fi\/omistustiedotus\/","name":"Omistustiedotus | Digitogy.eu","isPartOf":{"@id":"https:\/\/digitogy.eu\/fi\/#website"},"datePublished":"2023-07-20T03:59:27+00:00","dateModified":"2023-07-27T09:03:51+00:00","description":"Digitogy.eu omistaa ja sit\u00e4 yll\u00e4pit\u00e4\u00e4 Affiliare Inc. Olemme yritys, joka on erikoistunut kumppanimarkkinointiin ja tuotteiden arvosteluihin. Digitogy.eu:n","breadcrumb":{"@id":"https:\/\/digitogy.eu\/fi\/omistustiedotus\/#breadcrumb"},"inLanguage":"fi","potentialAction":[{"@type":"ReadAction","target":["https:\/\/digitogy.eu\/fi\/omistustiedotus\/"]}]},{"@type":"BreadcrumbList","@id":"https:\/\/digitogy.eu\/fi\/omistustiedotus\/#breadcrumb","itemListElement":[{"@type":"ListItem","position":1,"name":"Home","item":"https:\/\/digitogy.eu\/fi\/kotisivu\/"},{"@type":"ListItem","position":2,"name":"Omistustiedotus"}]},{"@type":"WebSite","@id":"https:\/\/digitogy.eu\/fi\/#website","url":"https:\/\/digitogy.eu\/fi\/","name":"Digitogy.eu","description":"Digital Technology Magazine","publisher":{"@id":"https:\/\/digitogy.eu\/fi\/#organization"},"potentialAction":[{"@type":"SearchAction","target":{"@type":"EntryPoint","urlTemplate":"https:\/\/digitogy.eu\/fi\/?s={search_term_string}"},"query-input":{"@type":"PropertyValueSpecification","valueRequired":true,"valueName":"search_term_string"}}],"inLanguage":"fi"},{"@type":"Organization","@id":"https:\/\/digitogy.eu\/fi\/#organization","name":"Digitogy.eu","url":"https:\/\/digitogy.eu\/fi\/","logo":{"@type":"ImageObject","inLanguage":"fi","@id":"https:\/\/digitogy.eu\/fi\/#\/schema\/logo\/image\/","url":"https:\/\/digitogy.eu\/wp-content\/uploads\/2019\/11\/digitogy.png","contentUrl":"https:\/\/digitogy.eu\/wp-content\/uploads\/2019\/11\/digitogy.png","width":150,"height":42,"caption":"Digitogy.eu"},"image":{"@id":"https:\/\/digitogy.eu\/fi\/#\/schema\/logo\/image\/"}}]}},"_links":{"self":[{"href":"https:\/\/digitogy.eu\/fi\/wp-json\/wp\/v2\/pages\/47009","targetHints":{"allow":["GET"]}}],"collection":[{"href":"https:\/\/digitogy.eu\/fi\/wp-json\/wp\/v2\/pages"}],"about":[{"href":"https:\/\/digitogy.eu\/fi\/wp-json\/wp\/v2\/types\/page"}],"author":[{"embeddable":true,"href":"https:\/\/digitogy.eu\/fi\/wp-json\/wp\/v2\/users\/46"}],"replies":[{"embeddable":true,"href":"https:\/\/digitogy.eu\/fi\/wp-json\/wp\/v2\/comments?post=47009"}],"version-history":[{"count":3,"href":"https:\/\/digitogy.eu\/fi\/wp-json\/wp\/v2\/pages\/47009\/revisions"}],"predecessor-version":[{"id":47057,"href":"https:\/\/digitogy.eu\/fi\/wp-json\/wp\/v2\/pages\/47009\/revisions\/47057"}],"wp:attachment":[{"href":"https:\/\/digitogy.eu\/fi\/wp-json\/wp\/v2\/media?parent=47009"}],"wp:term":[{"taxonomy":"sgf-content-tag","embeddable":true,"href":"https:\/\/digitogy.eu\/fi\/wp-json\/wp\/v2\/sgf-content-tag?post=47009"},{"taxonomy":"sgf-seo-push","embeddable":true,"href":"https:\/\/digitogy.eu\/fi\/wp-json\/wp\/v2\/sgf-seo-push?post=47009"}],"curies":[{"name":"wp","href":"https:\/\/api.w.org\/{rel}","templated":true}]}}