{"id":46946,"date":"2023-07-18T10:21:39","date_gmt":"2023-07-18T09:21:39","guid":{"rendered":"https:\/\/digitogy.eu\/?page_id=46946"},"modified":"2023-07-27T09:51:10","modified_gmt":"2023-07-27T08:51:10","slug":"affiliate-vastuuvapauslauseke","status":"publish","type":"page","link":"https:\/\/digitogy.eu\/fi\/affiliate-vastuuvapauslauseke\/","title":{"rendered":"Affiliate-vastuuvapauslauseke"},"content":{"rendered":"<p>Ajoittain <a href=\"https:\/\/digitogy.eu\/fi\">digitogy.eu<\/a> voi osallistua kumppanuusmarkkinointiin, joka mahdollistaa kumppanilinkkien sis\u00e4llytt\u00e4misen joillekin sivuillemme.<\/p>\n<p>Jos teet ostoksen n\u00e4iden kumppanilinkkien kautta, voimme ansaita komission. T\u00e4m\u00e4 komissio tukee palveluiden testaus- ja arviointiprosessiamme.<\/p>\n<p>Huomaa kuitenkin, ett\u00e4 kumppanilinkkien sis\u00e4llytt\u00e4minen ei vaikuta arvioidemme ja suositustemme objektiivisuuteen.&#8221;<\/p>\n<h2>K\u00e4ytt\u00e4jien luoma sis\u00e4lt\u00f6 -vastuuvapauslauseke<\/h2>\n<p>digitogy.euissa esitetty tieto on annettu hyv\u00e4ss\u00e4 uskossa ja yleisiin tiedonantotarkoituksiin. Pyrimme tarjoamaan tarkkaa ja ajan tasalla olevaa tietoa, mutta emme voi taata sis\u00e4ll\u00f6n t\u00e4ydellisyytt\u00e4, luotettavuutta tai soveltuvuutta.<\/p>\n<p>On t\u00e4rke\u00e4\u00e4 ymm\u00e4rt\u00e4\u00e4, ett\u00e4 emme hyv\u00e4ksy tai tue laitonta toimintaa. Kaikki toimet, joita teet t\u00e4m\u00e4n verkkosivuston tarjoaman tiedon perusteella, ovat yksinomaan omalla vastuullasi. Emme ole vastuussa mist\u00e4\u00e4n seurauksista tai vahingoista, jotka johtuvat tekemist\u00e4si toimista.<\/p>\n<p>Lis\u00e4ksi t\u00e4ll\u00e4 verkkosivustolla voidaan antaa k\u00e4ytt\u00e4jille mahdollisuus luoda sis\u00e4lt\u00f6\u00e4, kuten kommentteja, arvosteluja tai suosituksia. Vaikka pyrimme valvomaan ja seuraamaan k\u00e4ytt\u00e4jien luomaa sis\u00e4lt\u00f6\u00e4, emme voi taata sen tarkkuutta, luotettavuutta tai aitoutta. Emme ole vastuussa mist\u00e4\u00e4n k\u00e4ytt\u00e4jien luomasta sis\u00e4ll\u00f6st\u00e4, joka on julkaistu t\u00e4ll\u00e4 verkkosivustolla.<\/p>\n<p>Ole hyv\u00e4 ja k\u00e4yt\u00e4 harkintaa ja harkintakyky\u00e4 tehdess\u00e4si ostop\u00e4\u00e4t\u00f6ksi\u00e4 t\u00e4m\u00e4n verkkosivuston esitt\u00e4m\u00e4n tiedon perusteella. Jos sinulla on ep\u00e4ilyksi\u00e4 tai huolenaiheita, suosittelemme hankkimaan ammatillista neuvontaa tai ottamaan suoraan yhteytt\u00e4 valmistajaan tai palveluntarjoajaan.<\/p>\n<p>K\u00e4ytt\u00e4m\u00e4ll\u00e4 digitogy.euia hyv\u00e4ksyt t\u00e4m\u00e4n kumppanuus- ja k\u00e4ytt\u00e4jien luoman sis\u00e4ll\u00f6n vastuuvapauslausekkeen ehdot.<\/p>\n","protected":false},"excerpt":{"rendered":"<p>Ajoittain digitogy.eu voi osallistua kumppanuusmarkkinointiin, joka mahdollistaa kumppanilinkkien sis\u00e4llytt\u00e4misen joillekin sivuillemme. Jos teet ostoksen n\u00e4iden kumppanilinkkien kautta, voimme ansaita komission. T\u00e4m\u00e4 komissio tukee palveluiden testaus- ja arviointiprosessiamme. Huomaa kuitenkin, ett\u00e4 kumppanilinkkien sis\u00e4llytt\u00e4minen ei vaikuta arvioidemme ja suositustemme objektiivisuuteen.&#8221; K\u00e4ytt\u00e4jien luoma sis\u00e4lt\u00f6 -vastuuvapauslauseke digitogy.euissa esitetty tieto on annettu hyv\u00e4ss\u00e4 uskossa ja yleisiin tiedonantotarkoituksiin. Pyrimme tarjoamaan tarkkaa [&hellip;]<\/p>\n","protected":false},"author":46,"featured_media":0,"parent":0,"menu_order":0,"comment_status":"closed","ping_status":"closed","template":"","meta":{"om_disable_all_campaigns":false,"footnotes":""},"sgf-content-tag":[1594,472],"sgf-seo-push":[],"class_list":["post-46946","page","type-page","status-publish","hentry"],"yoast_head":"<!-- This site is optimized with the Yoast SEO plugin v24.9 - https:\/\/yoast.com\/wordpress\/plugins\/seo\/ -->\n<title>Affiliate-vastuuvapauslauseke | Digitogy.eu<\/title>\n<meta name=\"description\" content=\"Ajoittain digitogy.eu voi osallistua kumppanuusmarkkinointiin, joka mahdollistaa kumppanilinkkien sis\u00e4llytt\u00e4misen joillekin sivuillemme. Jos teet ostoksen\" \/>\n<meta name=\"robots\" content=\"index, follow, max-snippet:-1, max-image-preview:large, max-video-preview:-1\" \/>\n<link rel=\"canonical\" href=\"https:\/\/digitogy.eu\/fi\/affiliate-vastuuvapauslauseke\/\" \/>\n<meta property=\"og:locale\" content=\"fi_FI\" \/>\n<meta property=\"og:type\" content=\"article\" \/>\n<meta property=\"og:title\" content=\"Affiliate-vastuuvapauslauseke | Digitogy.eu\" \/>\n<meta property=\"og:description\" content=\"Ajoittain digitogy.eu voi osallistua kumppanuusmarkkinointiin, joka mahdollistaa kumppanilinkkien sis\u00e4llytt\u00e4misen joillekin sivuillemme. Jos teet ostoksen\" \/>\n<meta property=\"og:url\" content=\"https:\/\/digitogy.eu\/fi\/affiliate-vastuuvapauslauseke\/\" \/>\n<meta property=\"og:site_name\" content=\"Digitogy.eu\" \/>\n<meta property=\"article:modified_time\" content=\"2023-07-27T08:51:10+00:00\" \/>\n<meta name=\"twitter:card\" content=\"summary_large_image\" \/>\n<!-- \/ Yoast SEO plugin. -->","yoast_head_json":{"title":"Affiliate-vastuuvapauslauseke | Digitogy.eu","description":"Ajoittain digitogy.eu voi osallistua kumppanuusmarkkinointiin, joka mahdollistaa kumppanilinkkien sis\u00e4llytt\u00e4misen joillekin sivuillemme. Jos teet ostoksen","robots":{"index":"index","follow":"follow","max-snippet":"max-snippet:-1","max-image-preview":"max-image-preview:large","max-video-preview":"max-video-preview:-1"},"canonical":"https:\/\/digitogy.eu\/fi\/affiliate-vastuuvapauslauseke\/","og_locale":"fi_FI","og_type":"article","og_title":"Affiliate-vastuuvapauslauseke | Digitogy.eu","og_description":"Ajoittain digitogy.eu voi osallistua kumppanuusmarkkinointiin, joka mahdollistaa kumppanilinkkien sis\u00e4llytt\u00e4misen joillekin sivuillemme. Jos teet ostoksen","og_url":"https:\/\/digitogy.eu\/fi\/affiliate-vastuuvapauslauseke\/","og_site_name":"Digitogy.eu","article_modified_time":"2023-07-27T08:51:10+00:00","twitter_card":"summary_large_image","schema":{"@context":"https:\/\/schema.org","@graph":[{"@type":"WebPage","@id":"https:\/\/digitogy.eu\/fi\/affiliate-vastuuvapauslauseke\/","url":"https:\/\/digitogy.eu\/fi\/affiliate-vastuuvapauslauseke\/","name":"Affiliate-vastuuvapauslauseke | Digitogy.eu","isPartOf":{"@id":"https:\/\/digitogy.eu\/fi\/#website"},"datePublished":"2023-07-18T09:21:39+00:00","dateModified":"2023-07-27T08:51:10+00:00","description":"Ajoittain digitogy.eu voi osallistua kumppanuusmarkkinointiin, joka mahdollistaa kumppanilinkkien sis\u00e4llytt\u00e4misen joillekin sivuillemme. Jos teet ostoksen","breadcrumb":{"@id":"https:\/\/digitogy.eu\/fi\/affiliate-vastuuvapauslauseke\/#breadcrumb"},"inLanguage":"fi","potentialAction":[{"@type":"ReadAction","target":["https:\/\/digitogy.eu\/fi\/affiliate-vastuuvapauslauseke\/"]}]},{"@type":"BreadcrumbList","@id":"https:\/\/digitogy.eu\/fi\/affiliate-vastuuvapauslauseke\/#breadcrumb","itemListElement":[{"@type":"ListItem","position":1,"name":"Home","item":"https:\/\/digitogy.eu\/fi\/kotisivu\/"},{"@type":"ListItem","position":2,"name":"Affiliate-vastuuvapauslauseke"}]},{"@type":"WebSite","@id":"https:\/\/digitogy.eu\/fi\/#website","url":"https:\/\/digitogy.eu\/fi\/","name":"Digitogy.eu","description":"Digital Technology Magazine","publisher":{"@id":"https:\/\/digitogy.eu\/fi\/#organization"},"potentialAction":[{"@type":"SearchAction","target":{"@type":"EntryPoint","urlTemplate":"https:\/\/digitogy.eu\/fi\/?s={search_term_string}"},"query-input":{"@type":"PropertyValueSpecification","valueRequired":true,"valueName":"search_term_string"}}],"inLanguage":"fi"},{"@type":"Organization","@id":"https:\/\/digitogy.eu\/fi\/#organization","name":"Digitogy.eu","url":"https:\/\/digitogy.eu\/fi\/","logo":{"@type":"ImageObject","inLanguage":"fi","@id":"https:\/\/digitogy.eu\/fi\/#\/schema\/logo\/image\/","url":"https:\/\/digitogy.eu\/wp-content\/uploads\/2019\/11\/digitogy.png","contentUrl":"https:\/\/digitogy.eu\/wp-content\/uploads\/2019\/11\/digitogy.png","width":150,"height":42,"caption":"Digitogy.eu"},"image":{"@id":"https:\/\/digitogy.eu\/fi\/#\/schema\/logo\/image\/"}}]}},"_links":{"self":[{"href":"https:\/\/digitogy.eu\/fi\/wp-json\/wp\/v2\/pages\/46946","targetHints":{"allow":["GET"]}}],"collection":[{"href":"https:\/\/digitogy.eu\/fi\/wp-json\/wp\/v2\/pages"}],"about":[{"href":"https:\/\/digitogy.eu\/fi\/wp-json\/wp\/v2\/types\/page"}],"author":[{"embeddable":true,"href":"https:\/\/digitogy.eu\/fi\/wp-json\/wp\/v2\/users\/46"}],"replies":[{"embeddable":true,"href":"https:\/\/digitogy.eu\/fi\/wp-json\/wp\/v2\/comments?post=46946"}],"version-history":[{"count":3,"href":"https:\/\/digitogy.eu\/fi\/wp-json\/wp\/v2\/pages\/46946\/revisions"}],"predecessor-version":[{"id":47055,"href":"https:\/\/digitogy.eu\/fi\/wp-json\/wp\/v2\/pages\/46946\/revisions\/47055"}],"wp:attachment":[{"href":"https:\/\/digitogy.eu\/fi\/wp-json\/wp\/v2\/media?parent=46946"}],"wp:term":[{"taxonomy":"sgf-content-tag","embeddable":true,"href":"https:\/\/digitogy.eu\/fi\/wp-json\/wp\/v2\/sgf-content-tag?post=46946"},{"taxonomy":"sgf-seo-push","embeddable":true,"href":"https:\/\/digitogy.eu\/fi\/wp-json\/wp\/v2\/sgf-seo-push?post=46946"}],"curies":[{"name":"wp","href":"https:\/\/api.w.org\/{rel}","templated":true}]}}