{"id":21178,"date":"2020-10-14T10:48:44","date_gmt":"2020-10-14T09:48:44","guid":{"rendered":"https:\/\/digitogy.eu\/?page_id=21178"},"modified":"2023-07-27T11:48:30","modified_gmt":"2023-07-27T10:48:30","slug":"yhteystiedot","status":"publish","type":"page","link":"https:\/\/digitogy.eu\/fi\/yhteystiedot\/","title":{"rendered":"Yhteystiedot"},"content":{"rendered":"<p>Arvostamme panostasi ja olemme t\u00e4\u00e4ll\u00e4 auttamassa sinua kaikkien teknologiaan liittyvien ehdotusten, palautteiden tai kysymysten kanssa. \u00c4l\u00e4 ep\u00e4r\u00f6i ottaa yhteytt\u00e4 k\u00e4ytt\u00e4m\u00e4ll\u00e4 alla olevaa lomaketta. Voit olla varma, ett\u00e4 olemme omistautuneita vastaamaan nopeasti kaikkiin tiedusteluihin.<\/p>\n<p>Jos haluat ottaa meihin yhteytt\u00e4, l\u00e4het\u00e4 viesti osoitteeseen <a href=\"mailto:info@digitogy.eu\" target=\"_blank\" rel=\"nofollow noopener noreferrer\">info@digitogy.eu<\/a>.<\/p>\n<p>Pyynt\u00f6j\u00e4 ja kumppanuuksia varten l\u00e4het\u00e4 viesti osoitteeseen <a href=\"mailto:outreach@digitogy.eu\" target=\"_blank\" rel=\"noopener nofollow noreferrer\">outreach@digitogy.eu<\/a>.<\/p>\n<h2>Yhteystiedot<\/h2>\n<ul>\n<li>Puhelinnumero: +358 41 0100493<\/li>\n<li>Toimiston osoite: Kalevankatu, 00100 Helsinki, Suomi<\/li>\n<\/ul>\n<p><iframe style=\"border: 0;\" src=\"https:\/\/www.google.com\/maps\/embed?pb=!1m18!1m12!1m3!1d417.2775742020812!2d24.93249293794965!3d60.16553897531608!2m3!1f0!2f0!3f0!3m2!1i1024!2i768!4f13.1!3m3!1m2!1s0x46920bcae8874b0d%3A0x7de347149e5afbe4!2sKalevankatu%2C%2000100%20Helsinki%2C%20Finland!5e0!3m2!1sen!2sth!4v1689760867202!5m2!1sen!2sth\" width=\"600\" height=\"450\" allowfullscreen=\"allowfullscreen\"><\/iframe><\/p>\n<p>Ty\u00f6hakemuksia varten l\u00e4het\u00e4 meille s\u00e4hk\u00f6postia osoitteeseen <a href=\"mailto:jobs@digitogy.eu\" target=\"_blank\" rel=\"noopener nofollow noreferrer\">jobs@digitogy.eu<\/a>.<\/p>\n<p>Jos tarvitset apua hyvityksen kanssa, ole hyv\u00e4 ja ota yhteytt\u00e4 meihin osoitteessa <a href=\"mailto:refunds@digitogy.eu\" target=\"_blank\" rel=\"noopener nofollow noreferrer\">refunds@digitogy.eu<\/a>.<\/p>\n<p>Arvostamme kiinnostustasi ja odotamme yhteydenottoasi.<\/p>\n","protected":false},"excerpt":{"rendered":"<p>Arvostamme panostasi ja olemme t\u00e4\u00e4ll\u00e4 auttamassa sinua kaikkien teknologiaan liittyvien ehdotusten, palautteiden tai kysymysten kanssa. \u00c4l\u00e4 ep\u00e4r\u00f6i ottaa yhteytt\u00e4 k\u00e4ytt\u00e4m\u00e4ll\u00e4 alla olevaa lomaketta. Voit olla varma, ett\u00e4 olemme omistautuneita vastaamaan nopeasti kaikkiin tiedusteluihin. Jos haluat ottaa meihin yhteytt\u00e4, l\u00e4het\u00e4 viesti osoitteeseen info@digitogy.eu. Pyynt\u00f6j\u00e4 ja kumppanuuksia varten l\u00e4het\u00e4 viesti osoitteeseen outreach@digitogy.eu. Yhteystiedot Puhelinnumero: +358 41 0100493 [&hellip;]<\/p>\n","protected":false},"author":46,"featured_media":0,"parent":0,"menu_order":0,"comment_status":"closed","ping_status":"closed","template":"","meta":{"om_disable_all_campaigns":false,"footnotes":""},"sgf-content-tag":[472,473],"sgf-seo-push":[],"class_list":["post-21178","page","type-page","status-publish","hentry"],"yoast_head":"<!-- This site is optimized with the Yoast SEO plugin v24.9 - https:\/\/yoast.com\/wordpress\/plugins\/seo\/ -->\n<title>Yhteystiedot | Digitogy.eu<\/title>\n<meta name=\"description\" content=\"Arvostamme panostasi ja olemme t\u00e4\u00e4ll\u00e4 auttamassa sinua kaikkien teknologiaan liittyvien ehdotusten, palautteiden tai kysymysten kanssa. \u00c4l\u00e4 ep\u00e4r\u00f6i ottaa\" \/>\n<meta name=\"robots\" content=\"index, follow, max-snippet:-1, max-image-preview:large, max-video-preview:-1\" \/>\n<link rel=\"canonical\" href=\"https:\/\/digitogy.eu\/fi\/yhteystiedot\/\" \/>\n<meta property=\"og:locale\" content=\"fi_FI\" \/>\n<meta property=\"og:type\" content=\"article\" \/>\n<meta property=\"og:title\" content=\"Yhteystiedot | Digitogy.eu\" \/>\n<meta property=\"og:description\" content=\"Arvostamme panostasi ja olemme t\u00e4\u00e4ll\u00e4 auttamassa sinua kaikkien teknologiaan liittyvien ehdotusten, palautteiden tai kysymysten kanssa. \u00c4l\u00e4 ep\u00e4r\u00f6i ottaa\" \/>\n<meta property=\"og:url\" content=\"https:\/\/digitogy.eu\/fi\/yhteystiedot\/\" \/>\n<meta property=\"og:site_name\" content=\"Digitogy.eu\" \/>\n<meta property=\"article:modified_time\" content=\"2023-07-27T10:48:30+00:00\" \/>\n<meta name=\"twitter:card\" content=\"summary_large_image\" \/>\n<meta name=\"twitter:image\" content=\"https:\/\/digitogy.eu\/wp-content\/uploads\/2018\/05\/1.jpg\" \/>\n<!-- \/ Yoast SEO plugin. -->","yoast_head_json":{"title":"Yhteystiedot | Digitogy.eu","description":"Arvostamme panostasi ja olemme t\u00e4\u00e4ll\u00e4 auttamassa sinua kaikkien teknologiaan liittyvien ehdotusten, palautteiden tai kysymysten kanssa. \u00c4l\u00e4 ep\u00e4r\u00f6i ottaa","robots":{"index":"index","follow":"follow","max-snippet":"max-snippet:-1","max-image-preview":"max-image-preview:large","max-video-preview":"max-video-preview:-1"},"canonical":"https:\/\/digitogy.eu\/fi\/yhteystiedot\/","og_locale":"fi_FI","og_type":"article","og_title":"Yhteystiedot | Digitogy.eu","og_description":"Arvostamme panostasi ja olemme t\u00e4\u00e4ll\u00e4 auttamassa sinua kaikkien teknologiaan liittyvien ehdotusten, palautteiden tai kysymysten kanssa. \u00c4l\u00e4 ep\u00e4r\u00f6i ottaa","og_url":"https:\/\/digitogy.eu\/fi\/yhteystiedot\/","og_site_name":"Digitogy.eu","article_modified_time":"2023-07-27T10:48:30+00:00","twitter_card":"summary_large_image","twitter_image":"https:\/\/digitogy.eu\/wp-content\/uploads\/2018\/05\/1.jpg","schema":{"@context":"https:\/\/schema.org","@graph":[{"@type":"WebPage","@id":"https:\/\/digitogy.eu\/fi\/yhteystiedot\/","url":"https:\/\/digitogy.eu\/fi\/yhteystiedot\/","name":"Yhteystiedot | Digitogy.eu","isPartOf":{"@id":"https:\/\/digitogy.eu\/fi\/#website"},"datePublished":"2020-10-14T09:48:44+00:00","dateModified":"2023-07-27T10:48:30+00:00","description":"Arvostamme panostasi ja olemme t\u00e4\u00e4ll\u00e4 auttamassa sinua kaikkien teknologiaan liittyvien ehdotusten, palautteiden tai kysymysten kanssa. \u00c4l\u00e4 ep\u00e4r\u00f6i ottaa","breadcrumb":{"@id":"https:\/\/digitogy.eu\/fi\/yhteystiedot\/#breadcrumb"},"inLanguage":"fi","potentialAction":[{"@type":"ReadAction","target":["https:\/\/digitogy.eu\/fi\/yhteystiedot\/"]}]},{"@type":"BreadcrumbList","@id":"https:\/\/digitogy.eu\/fi\/yhteystiedot\/#breadcrumb","itemListElement":[{"@type":"ListItem","position":1,"name":"Home","item":"https:\/\/digitogy.eu\/fi\/kotisivu\/"},{"@type":"ListItem","position":2,"name":"Yhteystiedot"}]},{"@type":"WebSite","@id":"https:\/\/digitogy.eu\/fi\/#website","url":"https:\/\/digitogy.eu\/fi\/","name":"Digitogy.eu","description":"Digital Technology Magazine","publisher":{"@id":"https:\/\/digitogy.eu\/fi\/#organization"},"potentialAction":[{"@type":"SearchAction","target":{"@type":"EntryPoint","urlTemplate":"https:\/\/digitogy.eu\/fi\/?s={search_term_string}"},"query-input":{"@type":"PropertyValueSpecification","valueRequired":true,"valueName":"search_term_string"}}],"inLanguage":"fi"},{"@type":"Organization","@id":"https:\/\/digitogy.eu\/fi\/#organization","name":"Digitogy.eu","url":"https:\/\/digitogy.eu\/fi\/","logo":{"@type":"ImageObject","inLanguage":"fi","@id":"https:\/\/digitogy.eu\/fi\/#\/schema\/logo\/image\/","url":"https:\/\/digitogy.eu\/wp-content\/uploads\/2019\/11\/digitogy.png","contentUrl":"https:\/\/digitogy.eu\/wp-content\/uploads\/2019\/11\/digitogy.png","width":150,"height":42,"caption":"Digitogy.eu"},"image":{"@id":"https:\/\/digitogy.eu\/fi\/#\/schema\/logo\/image\/"}}]}},"_links":{"self":[{"href":"https:\/\/digitogy.eu\/fi\/wp-json\/wp\/v2\/pages\/21178","targetHints":{"allow":["GET"]}}],"collection":[{"href":"https:\/\/digitogy.eu\/fi\/wp-json\/wp\/v2\/pages"}],"about":[{"href":"https:\/\/digitogy.eu\/fi\/wp-json\/wp\/v2\/types\/page"}],"author":[{"embeddable":true,"href":"https:\/\/digitogy.eu\/fi\/wp-json\/wp\/v2\/users\/46"}],"replies":[{"embeddable":true,"href":"https:\/\/digitogy.eu\/fi\/wp-json\/wp\/v2\/comments?post=21178"}],"version-history":[{"count":9,"href":"https:\/\/digitogy.eu\/fi\/wp-json\/wp\/v2\/pages\/21178\/revisions"}],"predecessor-version":[{"id":47068,"href":"https:\/\/digitogy.eu\/fi\/wp-json\/wp\/v2\/pages\/21178\/revisions\/47068"}],"wp:attachment":[{"href":"https:\/\/digitogy.eu\/fi\/wp-json\/wp\/v2\/media?parent=21178"}],"wp:term":[{"taxonomy":"sgf-content-tag","embeddable":true,"href":"https:\/\/digitogy.eu\/fi\/wp-json\/wp\/v2\/sgf-content-tag?post=21178"},{"taxonomy":"sgf-seo-push","embeddable":true,"href":"https:\/\/digitogy.eu\/fi\/wp-json\/wp\/v2\/sgf-seo-push?post=21178"}],"curies":[{"name":"wp","href":"https:\/\/api.w.org\/{rel}","templated":true}]}}