{"id":21171,"date":"2020-10-14T10:36:24","date_gmt":"2020-10-14T09:36:24","guid":{"rendered":"https:\/\/digitogy.eu\/?page_id=21171"},"modified":"2023-07-28T02:09:15","modified_gmt":"2023-07-28T01:09:15","slug":"vastuuvapauslauseke","status":"publish","type":"page","link":"https:\/\/digitogy.eu\/fi\/vastuuvapauslauseke\/","title":{"rendered":"Vastuuvapauslauseke"},"content":{"rendered":"<p>T\u00e4m\u00e4 verkkosivusto tarjoaa uutisia, oppaita, arvosteluja ja tietoa laitteista, laitteistoista, tietoturvasta, yksityisyysv\u00e4lineist\u00e4, VPN-palveluntarjoajista jne. hyv\u00e4ss\u00e4 uskossa. Sen tavoitteena on pit\u00e4\u00e4 sinut ajan tasalla viimeisimmist\u00e4 alan tapahtumista.<\/p>\n<p>Asiantuntijatiimimme on osoittanut kykyns\u00e4 tarjota monipuolisia palveluita ja ratkaisuja, mutta he tiedostavat aiheen herkkyyden. Kaikki oppaat, arvostelut, tiedot ja muut materiaalit on tarkoitettu yleiseen tiedonhakuun. Emme hyv\u00e4ksy, kannusta tai tue rikollista tai laitonta toimintaa, sopimusten rikkomista tai vahingoittamista.<\/p>\n<p>On t\u00e4rke\u00e4\u00e4 huomata, ett\u00e4 vastaat omista toimistasi ja sinun tulisi tehd\u00e4 omat p\u00e4\u00e4t\u00f6ksesi. Jos sinulla on huolia, ep\u00e4ilyksi\u00e4 tai kysymyksi\u00e4 toimiesi ja niiden seurausten suhteen, hae oikeudellista neuvontaa.<\/p>\n<p>Ajoittain muut yksil\u00f6t voivat osallistua, julkaista tai kommentoida verkkosivustolla. Vaikka toivotamme osallistumisen tervetulleeksi, emme ole vastuussa muiden julkaisemista n\u00e4kemyksist\u00e4 tai sis\u00e4ll\u00f6st\u00e4. Heid\u00e4n mielipiteens\u00e4 ovat omiaan eiv\u00e4tk\u00e4 v\u00e4ltt\u00e4m\u00e4tt\u00e4 edusta verkkosivustomme n\u00e4kemyksi\u00e4.<\/p>\n<p><em>Paljastus: T\u00e4m\u00e4 sivusto voi sis\u00e4lt\u00e4\u00e4 kumppanuuslinkkej\u00e4, jotka tuottavat meille pienen komission ilman lis\u00e4kustannuksia sinulle. Suosittelemme vain tuotteita, joita olemme henkil\u00f6kohtaisesti testanneet tai uskomme lukijoillemme olevan hy\u00f6dyllisi\u00e4.<\/em><\/p>\n","protected":false},"excerpt":{"rendered":"<p>T\u00e4m\u00e4 verkkosivusto tarjoaa uutisia, oppaita, arvosteluja ja tietoa laitteista, laitteistoista, tietoturvasta, yksityisyysv\u00e4lineist\u00e4, VPN-palveluntarjoajista jne. hyv\u00e4ss\u00e4 uskossa. Sen tavoitteena on pit\u00e4\u00e4 sinut ajan tasalla viimeisimmist\u00e4 alan tapahtumista. Asiantuntijatiimimme on osoittanut kykyns\u00e4 tarjota monipuolisia palveluita ja ratkaisuja, mutta he tiedostavat aiheen herkkyyden. Kaikki oppaat, arvostelut, tiedot ja muut materiaalit on tarkoitettu yleiseen tiedonhakuun. Emme hyv\u00e4ksy, kannusta tai [&hellip;]<\/p>\n","protected":false},"author":46,"featured_media":0,"parent":0,"menu_order":0,"comment_status":"closed","ping_status":"closed","template":"","meta":{"om_disable_all_campaigns":false,"footnotes":""},"sgf-content-tag":[472,476],"sgf-seo-push":[],"class_list":["post-21171","page","type-page","status-publish","hentry"],"yoast_head":"<!-- This site is optimized with the Yoast SEO plugin v24.9 - https:\/\/yoast.com\/wordpress\/plugins\/seo\/ -->\n<title>Vastuuvapauslauseke | Digitogy.eu<\/title>\n<meta name=\"description\" content=\"T\u00e4m\u00e4 verkkosivusto tarjoaa uutisia, oppaita, arvosteluja ja tietoa laitteista, laitteistoista, tietoturvasta, yksityisyysv\u00e4lineist\u00e4,\" \/>\n<meta name=\"robots\" content=\"index, follow, max-snippet:-1, max-image-preview:large, max-video-preview:-1\" \/>\n<link rel=\"canonical\" href=\"https:\/\/digitogy.eu\/fi\/vastuuvapauslauseke\/\" \/>\n<meta property=\"og:locale\" content=\"fi_FI\" \/>\n<meta property=\"og:type\" content=\"article\" \/>\n<meta property=\"og:title\" content=\"Vastuuvapauslauseke | Digitogy.eu\" \/>\n<meta property=\"og:description\" content=\"T\u00e4m\u00e4 verkkosivusto tarjoaa uutisia, oppaita, arvosteluja ja tietoa laitteista, laitteistoista, tietoturvasta, yksityisyysv\u00e4lineist\u00e4,\" \/>\n<meta property=\"og:url\" content=\"https:\/\/digitogy.eu\/fi\/vastuuvapauslauseke\/\" \/>\n<meta property=\"og:site_name\" content=\"Digitogy.eu\" \/>\n<meta property=\"article:modified_time\" content=\"2023-07-28T01:09:15+00:00\" \/>\n<meta name=\"twitter:card\" content=\"summary_large_image\" \/>\n<!-- \/ Yoast SEO plugin. -->","yoast_head_json":{"title":"Vastuuvapauslauseke | Digitogy.eu","description":"T\u00e4m\u00e4 verkkosivusto tarjoaa uutisia, oppaita, arvosteluja ja tietoa laitteista, laitteistoista, tietoturvasta, yksityisyysv\u00e4lineist\u00e4,","robots":{"index":"index","follow":"follow","max-snippet":"max-snippet:-1","max-image-preview":"max-image-preview:large","max-video-preview":"max-video-preview:-1"},"canonical":"https:\/\/digitogy.eu\/fi\/vastuuvapauslauseke\/","og_locale":"fi_FI","og_type":"article","og_title":"Vastuuvapauslauseke | Digitogy.eu","og_description":"T\u00e4m\u00e4 verkkosivusto tarjoaa uutisia, oppaita, arvosteluja ja tietoa laitteista, laitteistoista, tietoturvasta, yksityisyysv\u00e4lineist\u00e4,","og_url":"https:\/\/digitogy.eu\/fi\/vastuuvapauslauseke\/","og_site_name":"Digitogy.eu","article_modified_time":"2023-07-28T01:09:15+00:00","twitter_card":"summary_large_image","schema":{"@context":"https:\/\/schema.org","@graph":[{"@type":"WebPage","@id":"https:\/\/digitogy.eu\/fi\/vastuuvapauslauseke\/","url":"https:\/\/digitogy.eu\/fi\/vastuuvapauslauseke\/","name":"Vastuuvapauslauseke | Digitogy.eu","isPartOf":{"@id":"https:\/\/digitogy.eu\/fi\/#website"},"datePublished":"2020-10-14T09:36:24+00:00","dateModified":"2023-07-28T01:09:15+00:00","description":"T\u00e4m\u00e4 verkkosivusto tarjoaa uutisia, oppaita, arvosteluja ja tietoa laitteista, laitteistoista, tietoturvasta, yksityisyysv\u00e4lineist\u00e4,","breadcrumb":{"@id":"https:\/\/digitogy.eu\/fi\/vastuuvapauslauseke\/#breadcrumb"},"inLanguage":"fi","potentialAction":[{"@type":"ReadAction","target":["https:\/\/digitogy.eu\/fi\/vastuuvapauslauseke\/"]}]},{"@type":"BreadcrumbList","@id":"https:\/\/digitogy.eu\/fi\/vastuuvapauslauseke\/#breadcrumb","itemListElement":[{"@type":"ListItem","position":1,"name":"Home","item":"https:\/\/digitogy.eu\/fi\/kotisivu\/"},{"@type":"ListItem","position":2,"name":"Vastuuvapauslauseke"}]},{"@type":"WebSite","@id":"https:\/\/digitogy.eu\/fi\/#website","url":"https:\/\/digitogy.eu\/fi\/","name":"Digitogy.eu","description":"Digital Technology Magazine","publisher":{"@id":"https:\/\/digitogy.eu\/fi\/#organization"},"potentialAction":[{"@type":"SearchAction","target":{"@type":"EntryPoint","urlTemplate":"https:\/\/digitogy.eu\/fi\/?s={search_term_string}"},"query-input":{"@type":"PropertyValueSpecification","valueRequired":true,"valueName":"search_term_string"}}],"inLanguage":"fi"},{"@type":"Organization","@id":"https:\/\/digitogy.eu\/fi\/#organization","name":"Digitogy.eu","url":"https:\/\/digitogy.eu\/fi\/","logo":{"@type":"ImageObject","inLanguage":"fi","@id":"https:\/\/digitogy.eu\/fi\/#\/schema\/logo\/image\/","url":"https:\/\/digitogy.eu\/wp-content\/uploads\/2019\/11\/digitogy.png","contentUrl":"https:\/\/digitogy.eu\/wp-content\/uploads\/2019\/11\/digitogy.png","width":150,"height":42,"caption":"Digitogy.eu"},"image":{"@id":"https:\/\/digitogy.eu\/fi\/#\/schema\/logo\/image\/"}}]}},"_links":{"self":[{"href":"https:\/\/digitogy.eu\/fi\/wp-json\/wp\/v2\/pages\/21171","targetHints":{"allow":["GET"]}}],"collection":[{"href":"https:\/\/digitogy.eu\/fi\/wp-json\/wp\/v2\/pages"}],"about":[{"href":"https:\/\/digitogy.eu\/fi\/wp-json\/wp\/v2\/types\/page"}],"author":[{"embeddable":true,"href":"https:\/\/digitogy.eu\/fi\/wp-json\/wp\/v2\/users\/46"}],"replies":[{"embeddable":true,"href":"https:\/\/digitogy.eu\/fi\/wp-json\/wp\/v2\/comments?post=21171"}],"version-history":[{"count":2,"href":"https:\/\/digitogy.eu\/fi\/wp-json\/wp\/v2\/pages\/21171\/revisions"}],"predecessor-version":[{"id":47084,"href":"https:\/\/digitogy.eu\/fi\/wp-json\/wp\/v2\/pages\/21171\/revisions\/47084"}],"wp:attachment":[{"href":"https:\/\/digitogy.eu\/fi\/wp-json\/wp\/v2\/media?parent=21171"}],"wp:term":[{"taxonomy":"sgf-content-tag","embeddable":true,"href":"https:\/\/digitogy.eu\/fi\/wp-json\/wp\/v2\/sgf-content-tag?post=21171"},{"taxonomy":"sgf-seo-push","embeddable":true,"href":"https:\/\/digitogy.eu\/fi\/wp-json\/wp\/v2\/sgf-seo-push?post=21171"}],"curies":[{"name":"wp","href":"https:\/\/api.w.org\/{rel}","templated":true}]}}