{"id":21164,"date":"2020-10-14T10:27:15","date_gmt":"2020-10-14T09:27:15","guid":{"rendered":"https:\/\/digitogy.eu\/?page_id=21164"},"modified":"2022-01-21T10:25:34","modified_gmt":"2022-01-21T09:25:34","slug":"sivukartta","status":"publish","type":"page","link":"https:\/\/digitogy.eu\/fi\/sivukartta\/","title":{"rendered":"Sivukartta"},"content":{"rendered":"<div class=\"wsp-container\"><h2 class=\"wsp-posts-title\">Posts by category<\/h2>\n<ul class=\"wsp-posts-list\">\n\t<li><strong class=\"wsp-category-title\">Category: <a href=\"https:\/\/digitogy.eu\/fi\/kategoria\/oppaat\/\">Oppaat<\/a><\/strong>\n<ul class=\"wsp-posts-list\">\t\t<li class=\"wsp-post\"><a href=\"https:\/\/digitogy.eu\/fi\/black-friday-suomi\/\">Parhaat Black Friday Suomi -tarjoukset vuonna 2026<\/a><\/li>\n<\/ul><\/li>\n\t<li><strong class=\"wsp-category-title\">Category: <a href=\"https:\/\/digitogy.eu\/fi\/kategoria\/tarvikkeet\/\">Tarvikkeet<\/a><\/strong>\n<ul class=\"wsp-posts-list\">\t\t<li class=\"wsp-post\"><a href=\"https:\/\/digitogy.eu\/fi\/barxstop-arvostelu\/\">BarXStop Arvostelu 2026: Onko t\u00e4m\u00e4 haukunestlaite yht\u00e4\u00e4n hyv\u00e4?<\/a><\/li>\n\t\t<li class=\"wsp-post\"><a href=\"https:\/\/digitogy.eu\/fi\/wifi-ultraboost-arvostelu\/\">WiFi UltraBoost 2026: Toimiiko se todella?<\/a><\/li>\n\t\t<li class=\"wsp-post\"><a href=\"https:\/\/digitogy.eu\/fi\/thephotostick-arvostelu\/\">Minun ThePhotoStick -arvioni: Toimiiko se todella?<\/a><\/li>\n\t\t<li class=\"wsp-post\"><a href=\"https:\/\/digitogy.eu\/fi\/fixd-arvostelu\/\">FIXD Arvostelu 2026: Tied\u00e4 Autosi Kunto FIXD :in avulla<\/a><\/li>\n\t\t<li class=\"wsp-post\"><a href=\"https:\/\/digitogy.eu\/fi\/xy-find-it-arvostelu\/\">Arvioni Tuotteesta XY Find It &#8211; Markkinoiden Paras Avainten L\u00f6yt\u00e4j\u00e4<\/a><\/li>\n\t\t<li class=\"wsp-post\"><a href=\"https:\/\/digitogy.eu\/fi\/xwatch-smartwatch-arvostelu\/\">XWatch Smartwatch Arvostelu 2026: Pit\u00e4isik\u00f6 sinun ostaa sellainen?<\/a><\/li>\n\t\t<li class=\"wsp-post\"><a href=\"https:\/\/digitogy.eu\/fi\/kailo-arvostelu\/\">Kailo Kivunlievityslaastari Arvostelu 2026: Toimiiko se todella?<\/a><\/li>\n\t\t<li class=\"wsp-post\"><a href=\"https:\/\/digitogy.eu\/fi\/bondic-arvostelu\/\">Minun Bondic Nestem\u00e4inen Muovihitsaaja -Arvosteluni<\/a><\/li>\n\t\t<li class=\"wsp-post\"><a href=\"https:\/\/digitogy.eu\/fi\/xtra-pc-arvostelu\/\">Xtra-PC Arvioni 2026: Onko se huijaus?<\/a><\/li>\n\t\t<li class=\"wsp-post\"><a href=\"https:\/\/digitogy.eu\/fi\/neck-hammock-arvostelu\/\">Neck Hammock Arvostelu: Rentoudu ja vapaudu niskakivustasi luonnollisesti<\/a><\/li>\n\t\t<li class=\"wsp-post\"><a href=\"https:\/\/digitogy.eu\/fi\/fittrack-arvostelu\/\">FitTrack vaaka arvostelu 2026: Onko t\u00e4m\u00e4 vaaka tarpeeksi \u00e4lyk\u00e4s?<\/a><\/li>\n\t\t<li class=\"wsp-post\"><a href=\"https:\/\/digitogy.eu\/fi\/the-photostick-mobile-arvostelu\/\">Arvioni: Kuinka tallentaa kuvia The PhotoStick Mobile avulla<\/a><\/li>\n\t\t<li class=\"wsp-post\"><a href=\"https:\/\/digitogy.eu\/fi\/scratchundo-pro-arvostelu\/\">ScratchUndo Pro arvostelu 2026: Toimiiko se?<\/a><\/li>\n\t\t<li class=\"wsp-post\"><a href=\"https:\/\/digitogy.eu\/fi\/derila-arvostelu\/\">Derila Arvostelu 2026: Paras muistivaahtotyyny?<\/a><\/li>\n\t\t<li class=\"wsp-post\"><a href=\"https:\/\/digitogy.eu\/fi\/godonut-arvostelu\/\">GoDonut Arvostelu 2026: Paras puhelimen pidike?<\/a><\/li>\n\t\t<li class=\"wsp-post\"><a href=\"https:\/\/digitogy.eu\/fi\/bed-scrunchie-arvostelu\/\">Bed Scrunchie Arvostelu 2026: Pysyyk\u00f6 lakana paikallaan?<\/a><\/li>\n\t\t<li class=\"wsp-post\"><a href=\"https:\/\/digitogy.eu\/fi\/moksha-beam-arvostelu\/\">Moksha Beam arvostelu 2026: Auttaako kaulanauha stressiin?<\/a><\/li>\n\t\t<li class=\"wsp-post\"><a href=\"https:\/\/digitogy.eu\/fi\/clearview-glasses-arvostelu\/\">ClearView glasses arvostelu vuonna 2026<\/a><\/li>\n\t\t<li class=\"wsp-post\"><a href=\"https:\/\/digitogy.eu\/fi\/picobuds-pro-kokemuksia\/\">PicoBuds Pro kokemuksia 2026: hyv\u00e4 kuulolaite?<\/a><\/li>\n\t\t<li class=\"wsp-post\"><a href=\"https:\/\/digitogy.eu\/fi\/itrack-gps-kokemuksia\/\">iTrack GPS kokemuksia 2026<\/a><\/li>\n\t\t<li class=\"wsp-post\"><a href=\"https:\/\/digitogy.eu\/fi\/stealthhawk-pro-kokemuksia\/\">StealthHawk Pro kokemuksia 2026<\/a><\/li>\n\t\t<li class=\"wsp-post\"><a href=\"https:\/\/digitogy.eu\/fi\/paras-muistitikku\/\">Paras muistitikku vuonna 2026: lue vertailu<\/a><\/li>\n\t\t<li class=\"wsp-post\"><a href=\"https:\/\/digitogy.eu\/fi\/thephotostick-omni-arvostelu\/\">ThePhotoStick Omni -arvostelu 2026: Tallenna kuvat tikulle<\/a><\/li>\n\t\t<li class=\"wsp-post\"><a href=\"https:\/\/digitogy.eu\/fi\/quietbuds-arvostelu\/\">QuietBuds -arvostelu 2026: Ovatko korvatulpat tehokkaat?<\/a><\/li>\n\t\t<li class=\"wsp-post\"><a href=\"https:\/\/digitogy.eu\/fi\/usmile-pro-arvostelu\/\">uSmile Pro -arvostelu 2026: Toimiva hampaiden valkaisija?<\/a><\/li>\n\t\t<li class=\"wsp-post\"><a href=\"https:\/\/digitogy.eu\/fi\/moskitron-led-arvostelu\/\">Moskitron Led Arvostelu 2026: Toiimiko laite todella?<\/a><\/li>\n\t\t<li class=\"wsp-post\"><a href=\"https:\/\/digitogy.eu\/fi\/tvfix-caster-arvostelu\/\">TVFix Caster -arvostelu 2026: striimaa \u00e4lypuhelimesta televisioon<\/a><\/li>\n\t\t<li class=\"wsp-post\"><a href=\"https:\/\/digitogy.eu\/fi\/oshenwatch-luxe-arvostelu\/\">OshenWatch Luxe -arvostelu 2026: \u00e4lykello aktiiviseen el\u00e4m\u00e4\u00e4n<\/a><\/li>\n\t\t<li class=\"wsp-post\"><a href=\"https:\/\/digitogy.eu\/fi\/germcide-x\/\">GermCide X Arvostelu 2026: UV-valo bakteereita vastaan<\/a><\/li>\n\t\t<li class=\"wsp-post\"><a href=\"https:\/\/digitogy.eu\/fi\/invisicharger-arvostelu\/\">InvisiCharger Arvostelu 2026: Langaton laturi<\/a><\/li>\n\t\t<li class=\"wsp-post\"><a href=\"https:\/\/digitogy.eu\/fi\/tvsharemax-arvostelu\/\">TVShareMax Arvostelu 2026: Jaa puhelimen n\u00e4ytt\u00f6 televisioon<\/a><\/li>\n\t\t<li class=\"wsp-post\"><a href=\"https:\/\/digitogy.eu\/fi\/infinitikloud-arvostelu\/\">InfinitiKloud SD 64GB Arvostelu 2026: Kannattaako ostaa?<\/a><\/li>\n\t\t<li class=\"wsp-post\"><a href=\"https:\/\/digitogy.eu\/fi\/blaux-ac-arvostelu\/\">Blaux AC Arvostelu 2026: Kannettava ilmastointilaite<\/a><\/li>\n\t\t<li class=\"wsp-post\"><a href=\"https:\/\/digitogy.eu\/fi\/healthwatch-arvostelu\/\">HealthWatch Arvostelu 2026: Onko tuote kannattava?<\/a><\/li>\n\t\t<li class=\"wsp-post\"><a href=\"https:\/\/digitogy.eu\/fi\/tacticphonex-arvostelu\/\">TacticPhoneX Arvostelu 2026: Onko puhelin oikeasti kest\u00e4v\u00e4?<\/a><\/li>\n\t\t<li class=\"wsp-post\"><a href=\"https:\/\/digitogy.eu\/fi\/caresole-circa-knee-arvostelu\/\">Caresole Circa Knee: Auttaako tuote polvikipuun?<\/a><\/li>\n\t\t<li class=\"wsp-post\"><a href=\"https:\/\/digitogy.eu\/fi\/t-watch-arvostelu\/\">T-Watch Arvostelu 2026: Onko t\u00e4m\u00e4 \u00e4lykello oikeasti kest\u00e4v\u00e4?<\/a><\/li>\n\t\t<li class=\"wsp-post\"><a href=\"https:\/\/digitogy.eu\/fi\/memorysafex-arvostelu\/\">MemorySafeX Arvostelu 2026: Pysyv\u00e4tk\u00f6 varmuuskopiot tallessa?<\/a><\/li>\n\t\t<li class=\"wsp-post\"><a href=\"https:\/\/digitogy.eu\/fi\/ecoheat-s-kokemuksia\/\">EcoHeat S -arvostelu 2026: toimiiko se todella?<\/a><\/li>\n\t\t<li class=\"wsp-post\"><a href=\"https:\/\/digitogy.eu\/fi\/drone720x-arvostelu\/\">Drone720X Arvostelu 2026: Onko tuote ostamisen arvoinen?<\/a><\/li>\n\t\t<li class=\"wsp-post\"><a href=\"https:\/\/digitogy.eu\/fi\/tactic-air-drone-arvostelu\/\">Tactic AIR Drone -arvostelu 2026: Taiteltava drone<\/a><\/li>\n\t\t<li class=\"wsp-post\"><a href=\"https:\/\/digitogy.eu\/fi\/muama-ryoko-kokemuksia\/\">MUAMA Ryoko kokemuksia 2026: kannettava 4G Wifi-reititin<\/a><\/li>\n\t\t<li class=\"wsp-post\"><a href=\"https:\/\/digitogy.eu\/fi\/neckmassager-arvostelu\/\">NeckMassager -arvostelu 2026: sano hyv\u00e4stit niskakivuille<\/a><\/li>\n\t\t<li class=\"wsp-post\"><a href=\"https:\/\/digitogy.eu\/fi\/mobile-klean-arvostelu\/\">Mobile Klean UV Sanitizer -arvostelu 2026: Kannattaako tuote ostaa?<\/a><\/li>\n\t\t<li class=\"wsp-post\"><a href=\"https:\/\/digitogy.eu\/fi\/rangextd-wifi-arvostelu\/\">RangeXTD WiFi -Arvostelu: Kuinka hyvin laajennin toimii?<\/a><\/li>\n\t\t<li class=\"wsp-post\"><a href=\"https:\/\/digitogy.eu\/fi\/heatcore-arvostelu\/\">HeatCore -arvostelu 2026: Onko laite ostamisen arvoinen?<\/a><\/li>\n\t\t<li class=\"wsp-post\"><a href=\"https:\/\/digitogy.eu\/fi\/dangobuds-arvostelu\/\">DangoBuds -arvostelu 2026: Toimivatko n\u00e4m\u00e4 kuulokkeet?<\/a><\/li>\n\t\t<li class=\"wsp-post\"><a href=\"https:\/\/digitogy.eu\/fi\/starscope-monocular-arvostelu\/\">Starscope Monocular Telescope -arvostelu 2026: Kannattaako laite ostaa?<\/a><\/li>\n\t\t<li class=\"wsp-post\"><a href=\"https:\/\/digitogy.eu\/fi\/properfocus-arvostelu\/\">ProperFocus Arvostelu 2026: Mukautettavat Silm\u00e4lasit<\/a><\/li>\n\t\t<li class=\"wsp-post\"><a href=\"https:\/\/digitogy.eu\/fi\/dronexpro-arvostelu\/\">DroneXPro Arvostelu 2026: Onko laite ostamisen arvoinen?<\/a><\/li>\n\t\t<li class=\"wsp-post\"><a href=\"https:\/\/digitogy.eu\/fi\/silentsnore-arvostelu\/\">SilentSnore Arvostelu 2026: Apu kuorsaamiseen<\/a><\/li>\n\t\t<li class=\"wsp-post\"><a href=\"https:\/\/digitogy.eu\/fi\/coolair-arvostelu\/\">CoolAir Arvostelu 2026: kuinka hyvin laite oikeasti toimii?<\/a><\/li>\n\t\t<li class=\"wsp-post\"><a href=\"https:\/\/digitogy.eu\/fi\/screenklean-arvostelu\/\">ScreenKlean Arvostelu: puhdista n\u00e4ytt\u00f6 nanoteknologian avulla<\/a><\/li>\n\t\t<li class=\"wsp-post\"><a href=\"https:\/\/digitogy.eu\/fi\/gx-smartwatch-arvostelu\/\">GX SmartWatch -Arvostelu 2026: Onko laite ostamisen arvoinen?<\/a><\/li>\n\t\t<li class=\"wsp-post\"><a href=\"https:\/\/digitogy.eu\/fi\/superboost-wifi-arvostelu\/\">SuperBoost WiFi Arvostelu 2026: Paranna nettiyhteyden nopeutta<\/a><\/li>\n\t\t<li class=\"wsp-post\"><a href=\"https:\/\/digitogy.eu\/fi\/betterback-arvostelu\/\">BetterBack Arvostelu 2026: Luonnollinen Ryhdinparantaja<\/a><\/li>\n\t\t<li class=\"wsp-post\"><a href=\"https:\/\/digitogy.eu\/fi\/muama-enence-arvostelu\/\">Muama Enence kokemuksia 2026: apu k\u00e4\u00e4nn\u00f6songelmiin<\/a><\/li>\n\t\t<li class=\"wsp-post\"><a href=\"https:\/\/digitogy.eu\/fi\/aculief-arvostelu\/\">Aculief Arvostelu 2026: Hankkiudu eroon p\u00e4\u00e4kivusta<\/a><\/li>\n\t\t<li class=\"wsp-post\"><a href=\"https:\/\/digitogy.eu\/fi\/smartdot-arvostelu\/\">SmartDOT EMF -suojan arvostelu ja k\u00e4ytt\u00f6<\/a><\/li>\n<\/ul><\/li>\n<\/ul>\n<\/div>\n","protected":false},"excerpt":{"rendered":"","protected":false},"author":46,"featured_media":0,"parent":0,"menu_order":0,"comment_status":"closed","ping_status":"closed","template":"","meta":{"om_disable_all_campaigns":false,"footnotes":""},"sgf-content-tag":[472,474],"sgf-seo-push":[],"class_list":["post-21164","page","type-page","status-publish","hentry"],"yoast_head":"<!-- This site is optimized with the Yoast SEO plugin v24.9 - https:\/\/yoast.com\/wordpress\/plugins\/seo\/ -->\n<title>Sivukartta 2026 | Digitogy.eu<\/title>\n<meta name=\"description\" content=\"T\u00e4m\u00e4 on Sivukartta. T\u00e4m\u00e4 sivu sis\u00e4lt\u00e4\u00e4 kaikki blogit ja artikkeliarvostelut VPN: st\u00e4, gadgetista ja tietoturvasta.\" \/>\n<meta name=\"robots\" content=\"index, follow, max-snippet:-1, max-image-preview:large, max-video-preview:-1\" \/>\n<link rel=\"canonical\" href=\"https:\/\/digitogy.eu\/fi\/sivukartta\/\" \/>\n<meta property=\"og:locale\" content=\"fi_FI\" \/>\n<meta property=\"og:type\" content=\"article\" \/>\n<meta property=\"og:title\" content=\"Sivukartta 2026 | Digitogy.eu\" \/>\n<meta property=\"og:description\" content=\"T\u00e4m\u00e4 on Sivukartta. T\u00e4m\u00e4 sivu sis\u00e4lt\u00e4\u00e4 kaikki blogit ja artikkeliarvostelut VPN: st\u00e4, gadgetista ja tietoturvasta.\" \/>\n<meta property=\"og:url\" content=\"https:\/\/digitogy.eu\/fi\/sivukartta\/\" \/>\n<meta property=\"og:site_name\" content=\"Digitogy.eu\" \/>\n<meta property=\"article:modified_time\" content=\"2022-01-21T09:25:34+00:00\" \/>\n<meta name=\"twitter:card\" content=\"summary_large_image\" \/>\n<!-- \/ Yoast SEO plugin. -->","yoast_head_json":{"title":"Sivukartta 2026 | Digitogy.eu","description":"T\u00e4m\u00e4 on Sivukartta. T\u00e4m\u00e4 sivu sis\u00e4lt\u00e4\u00e4 kaikki blogit ja artikkeliarvostelut VPN: st\u00e4, gadgetista ja tietoturvasta.","robots":{"index":"index","follow":"follow","max-snippet":"max-snippet:-1","max-image-preview":"max-image-preview:large","max-video-preview":"max-video-preview:-1"},"canonical":"https:\/\/digitogy.eu\/fi\/sivukartta\/","og_locale":"fi_FI","og_type":"article","og_title":"Sivukartta 2026 | Digitogy.eu","og_description":"T\u00e4m\u00e4 on Sivukartta. T\u00e4m\u00e4 sivu sis\u00e4lt\u00e4\u00e4 kaikki blogit ja artikkeliarvostelut VPN: st\u00e4, gadgetista ja tietoturvasta.","og_url":"https:\/\/digitogy.eu\/fi\/sivukartta\/","og_site_name":"Digitogy.eu","article_modified_time":"2022-01-21T09:25:34+00:00","twitter_card":"summary_large_image","schema":{"@context":"https:\/\/schema.org","@graph":[{"@type":"WebPage","@id":"https:\/\/digitogy.eu\/fi\/sivukartta\/","url":"https:\/\/digitogy.eu\/fi\/sivukartta\/","name":"Sivukartta [yr] | Digitogy.eu","isPartOf":{"@id":"https:\/\/digitogy.eu\/fi\/#website"},"datePublished":"2020-10-14T09:27:15+00:00","dateModified":"2022-01-21T09:25:34+00:00","description":"T\u00e4m\u00e4 on Sivukartta. T\u00e4m\u00e4 sivu sis\u00e4lt\u00e4\u00e4 kaikki blogit ja artikkeliarvostelut VPN: st\u00e4, gadgetista ja tietoturvasta.","breadcrumb":{"@id":"https:\/\/digitogy.eu\/fi\/sivukartta\/#breadcrumb"},"inLanguage":"fi","potentialAction":[{"@type":"ReadAction","target":["https:\/\/digitogy.eu\/fi\/sivukartta\/"]}]},{"@type":"BreadcrumbList","@id":"https:\/\/digitogy.eu\/fi\/sivukartta\/#breadcrumb","itemListElement":[{"@type":"ListItem","position":1,"name":"Home","item":"https:\/\/digitogy.eu\/fi\/kotisivu\/"},{"@type":"ListItem","position":2,"name":"Sivukartta"}]},{"@type":"WebSite","@id":"https:\/\/digitogy.eu\/fi\/#website","url":"https:\/\/digitogy.eu\/fi\/","name":"Digitogy.eu","description":"Digital Technology Magazine","publisher":{"@id":"https:\/\/digitogy.eu\/fi\/#organization"},"potentialAction":[{"@type":"SearchAction","target":{"@type":"EntryPoint","urlTemplate":"https:\/\/digitogy.eu\/fi\/?s={search_term_string}"},"query-input":{"@type":"PropertyValueSpecification","valueRequired":true,"valueName":"search_term_string"}}],"inLanguage":"fi"},{"@type":"Organization","@id":"https:\/\/digitogy.eu\/fi\/#organization","name":"Digitogy.eu","url":"https:\/\/digitogy.eu\/fi\/","logo":{"@type":"ImageObject","inLanguage":"fi","@id":"https:\/\/digitogy.eu\/fi\/#\/schema\/logo\/image\/","url":"https:\/\/digitogy.eu\/wp-content\/uploads\/2019\/11\/digitogy.png","contentUrl":"https:\/\/digitogy.eu\/wp-content\/uploads\/2019\/11\/digitogy.png","width":150,"height":42,"caption":"Digitogy.eu"},"image":{"@id":"https:\/\/digitogy.eu\/fi\/#\/schema\/logo\/image\/"}}]}},"_links":{"self":[{"href":"https:\/\/digitogy.eu\/fi\/wp-json\/wp\/v2\/pages\/21164","targetHints":{"allow":["GET"]}}],"collection":[{"href":"https:\/\/digitogy.eu\/fi\/wp-json\/wp\/v2\/pages"}],"about":[{"href":"https:\/\/digitogy.eu\/fi\/wp-json\/wp\/v2\/types\/page"}],"author":[{"embeddable":true,"href":"https:\/\/digitogy.eu\/fi\/wp-json\/wp\/v2\/users\/46"}],"replies":[{"embeddable":true,"href":"https:\/\/digitogy.eu\/fi\/wp-json\/wp\/v2\/comments?post=21164"}],"version-history":[{"count":1,"href":"https:\/\/digitogy.eu\/fi\/wp-json\/wp\/v2\/pages\/21164\/revisions"}],"predecessor-version":[{"id":21165,"href":"https:\/\/digitogy.eu\/fi\/wp-json\/wp\/v2\/pages\/21164\/revisions\/21165"}],"wp:attachment":[{"href":"https:\/\/digitogy.eu\/fi\/wp-json\/wp\/v2\/media?parent=21164"}],"wp:term":[{"taxonomy":"sgf-content-tag","embeddable":true,"href":"https:\/\/digitogy.eu\/fi\/wp-json\/wp\/v2\/sgf-content-tag?post=21164"},{"taxonomy":"sgf-seo-push","embeddable":true,"href":"https:\/\/digitogy.eu\/fi\/wp-json\/wp\/v2\/sgf-seo-push?post=21164"}],"curies":[{"name":"wp","href":"https:\/\/api.w.org\/{rel}","templated":true}]}}