{"id":20809,"date":"2020-10-07T12:06:45","date_gmt":"2020-10-07T11:06:45","guid":{"rendered":"https:\/\/digitogy.eu\/?page_id=20809"},"modified":"2023-07-28T02:06:17","modified_gmt":"2023-07-28T01:06:17","slug":"tietosuojakaytanto","status":"publish","type":"page","link":"https:\/\/digitogy.eu\/fi\/tietosuojakaytanto\/","title":{"rendered":"Tietosuojak\u00e4yt\u00e4nt\u00f6"},"content":{"rendered":"<p>T\u00e4m\u00e4 verkkosivuston tietosuojak\u00e4yt\u00e4nt\u00f6 kuvaa, kuinka <a href=\"https:\/\/digitogy.eu\/fi\/\">Digitogy.eu<\/a> suojaa ja k\u00e4ytt\u00e4\u00e4 tietoja, jotka annat yritykselle k\u00e4ytt\u00e4ess\u00e4si t\u00e4t\u00e4 verkkosivustoa.<\/p>\n<p>Jos sinua pyydet\u00e4\u00e4n antamaan tietoja k\u00e4ytt\u00e4ess\u00e4si t\u00e4t\u00e4 verkkosivustoa, niit\u00e4 k\u00e4ytet\u00e4\u00e4n vain t\u00e4ss\u00e4 tietosuojak\u00e4yt\u00e4nn\u00f6ss\u00e4 kuvatuilla tavoilla.<\/p>\n<p>T\u00e4t\u00e4 k\u00e4yt\u00e4nt\u00f6\u00e4 p\u00e4ivitet\u00e4\u00e4n ajoittain. Uusin versio on julkaistu t\u00e4ll\u00e4 sivulla.<\/p>\n<p>T\u00e4m\u00e4n verkkosivuston tietosuojak\u00e4yt\u00e4nt\u00f6 p\u00e4ivitettiin: <strong>10\/10\/2019<\/strong><\/p>\n<p>Jos sinulla on kysytt\u00e4v\u00e4\u00e4 t\u00e4st\u00e4 k\u00e4yt\u00e4nn\u00f6st\u00e4, l\u00e4het\u00e4 s\u00e4hk\u00f6postia osoitteeseen <a href=\"mailto:info@digitogy.eu\" target=\"_blank\" rel=\"noopener nofollow noreferrer\">info@digitogy.eu<\/a><\/p>\n<h2>Johdanto<\/h2>\n<p>Ker\u00e4\u00e4mme ja k\u00e4yt\u00e4mme tiettyj\u00e4 tietoja henkil\u00f6ist\u00e4 tarjotaksemme tuotteita ja palveluita sek\u00e4 mahdollistaaksemme tiettyj\u00e4 toimintoja t\u00e4ll\u00e4 verkkosivustolla.<\/p>\n<p>Ker\u00e4\u00e4mme my\u00f6s tietoja ymm\u00e4rt\u00e4\u00e4ksemme paremmin, kuinka vierailijat k\u00e4ytt\u00e4v\u00e4t t\u00e4t\u00e4 verkkosivustoa, ja tarjotaksemme heille oikea-aikaista, olennaista tietoa.<\/p>\n<h2>Mit\u00e4 tietoja ker\u00e4\u00e4mme<\/h2>\n<p>Saatamme ker\u00e4t\u00e4 seuraavat tiedot:<\/p>\n<ul>\n<li>Nimi ja virkanimike<\/li>\n<li>Yhteystiedot mukaan lukien s\u00e4hk\u00f6postiosoite<\/li>\n<li>V\u00e4est\u00f6tiedot, kuten postinumero, mieltymykset ja kiinnostuksen kohteet<\/li>\n<li>Verkkosivuston k\u00e4ytt\u00f6tiedot<\/li>\n<li>Muut asiakkaan tiedusteluihin liittyv\u00e4t tiedot<\/li>\n<li>Muut erikoistarjouksiin ja kyselyihin liittyv\u00e4t tiedot<\/li>\n<\/ul>\n<h2>Kuinka k\u00e4yt\u00e4mme n\u00e4it\u00e4 tietoja<\/h2>\n<p>N\u00e4iden tietojen ker\u00e4\u00e4minen auttaa meit\u00e4 ymm\u00e4rt\u00e4m\u00e4\u00e4n, mit\u00e4 etsit yrityksest\u00e4, ja voimme tarjota parempia tuotteita ja palveluita.<\/p>\n<p>Erityisesti voimme k\u00e4ytt\u00e4\u00e4 tietoja:<\/p>\n<ul>\n<li>Omille sis\u00e4isille tiedoillemme.<\/li>\n<li>Parantaaksemme tarjoamiamme tuotteita ja palveluita.<\/li>\n<li>Voit ottaa sinuun yhteytt\u00e4 vastauksena tiettyyn kyselyyn.<\/li>\n<li>Voit mukauttaa verkkosivustoa sinulle.<\/li>\n<li>L\u00e4hett\u00e4\u00e4ksemme sinulle myynninedist\u00e4miss\u00e4hk\u00f6postiviestej\u00e4 tuotteista, palveluista, tarjouksista ja muista asioista, jotka saattavat olla sinulle t\u00e4rkeit\u00e4.<\/li>\n<li>L\u00e4hett\u00e4\u00e4ksemme sinulle myynninedist\u00e4misviestej\u00e4 tai soittaaksemme sinulle tuotteista, palveluista, tarjouksista ja muista asioista, joiden uskomme olevan sinulle merkityksellisi\u00e4.<\/li>\n<li>Ottaaksemme sinuun yhteytt\u00e4 s\u00e4hk\u00f6postitse, puhelimitse tai postitse markkinatutkimussyist\u00e4.<\/li>\n<\/ul>\n<h2>Sinua koskevien tietojen hallinta<\/h2>\n<p>Kun t\u00e4yt\u00e4t lomakkeen tai annat tietosi verkkosivustollamme, n\u00e4et yhden tai useamman valintaruudun, joiden avulla voit:<\/p>\n<ul>\n<li>Ilmoittaudu vastaanottamaan meilt\u00e4 markkinointiviestint\u00e4\u00e4 s\u00e4hk\u00f6postitse, puhelimitse, tekstiviestin\u00e4 tai postitse.<\/li>\n<\/ul>\n<ul>\n<li>Rekister\u00f6idy saadaksesi markkinointiviestint\u00e4\u00e4 kolmannen osapuolen kumppaneiltamme s\u00e4hk\u00f6postitse, puhelimitse, tekstiviestill\u00e4 tai postitse.<\/li>\n<\/ul>\n<p>Jos olet suostunut siihen, ett\u00e4 voimme k\u00e4ytt\u00e4\u00e4 tietojasi markkinointitarkoituksiin, voit muuttaa mielesi helposti, s\u00e4hk\u00f6postitse osoitteeseen <a href=\"mailto:info@digitogy.eu\" target=\"_blank\" rel=\"noopener nofollow noreferrer\">info@digitogy.eu<\/a>.<\/p>\n<p>Emme koskaan vuokraa, jaa tai myy henkil\u00f6tietojasi kolmansille osapuolille, ellei meill\u00e4 ole lupaasi tai laki sit\u00e4 edellyt\u00e4.<\/p>\n<p>Kaikki hallussamme olevat henkil\u00f6tiedot sinusta tallennetaan ja k\u00e4sitell\u00e4\u00e4n tietosuojak\u00e4yt\u00e4nt\u00f6mme mukaisesti, vuoden 1998 tietosuojalain mukaisesti.<\/p>\n<h2>Ev\u00e4steet ja kuinka k\u00e4yt\u00e4mme niit\u00e4<\/h2>\n<h3>Mik\u00e4 on ev\u00e4ste?<\/h3>\n<p>Ev\u00e4ste on pieni tiedosto, joka on sijoitettu tietokoneesi kiintolevylle. Sen avulla verkkosivustomme tunnistaa tietokoneesi, kun katselet verkkosivustomme eri sivuja.<\/p>\n<p>Ev\u00e4steiden avulla verkkosivustot ja sovellukset voivat tallentaa asetuksesi n\u00e4ytt\u00e4\u00e4kseen sinulle ominaista sis\u00e4lt\u00f6\u00e4, vaihtoehtoja tai toimintoja. Niiden avulla voimme my\u00f6s n\u00e4hd\u00e4 tietoja, kuten kuinka monet ihmiset k\u00e4ytt\u00e4v\u00e4t verkkosivustoa ja mill\u00e4 sivuilla he yleens\u00e4 vierailevat.<\/p>\n<h3>Kuinka k\u00e4yt\u00e4mme ev\u00e4steit\u00e4<\/h3>\n<p>Voimme k\u00e4ytt\u00e4\u00e4 ev\u00e4steit\u00e4:<\/p>\n<ul>\n<li><strong>Analysoi verkkoliikennett\u00e4mme analytiikkapaketin avulla.<\/strong> Kootut k\u00e4ytt\u00f6tiedot auttavat meit\u00e4 parantamaan verkkosivuston rakennetta, ulkoasua, sis\u00e4lt\u00f6\u00e4 ja toimintoja.<\/li>\n<li><strong>Tunnista, oletko kirjautunut verkkosivustollemme. <\/strong>Ev\u00e4steen avulla voimme tarkistaa, oletko kirjautunut sivustolle.<\/li>\n<li><strong>Testaa sis\u00e4lt\u00f6\u00e4 verkkosivuillamme. <\/strong>Esimerkiksi 50 % k\u00e4ytt\u00e4jist\u00e4mme saattaa n\u00e4hd\u00e4 yhden sis\u00e4ll\u00f6n ja loput 50 % eri sis\u00e4ll\u00f6n.<\/li>\n<li><strong>Tallenna tietoja mieltymyksist\u00e4si.<\/strong> Sivusto voi sitten tarjota sinulle tietoa, joka on sinulle t\u00e4rke\u00e4mp\u00e4\u00e4 ja kiinnostavampaa.<\/li>\n<li><strong>Tunnistaaksesi, kun palaat verkkosivuillemme.<\/strong> Saatamme n\u00e4ytt\u00e4\u00e4 asiaankuuluvaa sis\u00e4lt\u00f6\u00e4si tai tarjota toimintoja, joita k\u00e4ytit aiemmin.<\/li>\n<\/ul>\n<p>Ev\u00e4steet eiv\u00e4t anna meille p\u00e4\u00e4sy\u00e4 tietokoneellesi tai muita tietoja sinusta, paitsi ne, jotka p\u00e4\u00e4t\u00e4t jakaa kanssamme.<\/p>\n<h3>Ev\u00e4steiden hallinta<\/h3>\n<p>Voit k\u00e4ytt\u00e4\u00e4 verkkoselaimesi ev\u00e4steasetuksia m\u00e4\u00e4ritt\u00e4\u00e4ksesi, kuinka verkkosivustomme k\u00e4ytt\u00e4\u00e4 ev\u00e4steit\u00e4. Jos et halua verkkosivustomme tallentavan ev\u00e4steit\u00e4 tietokoneellesi tai laitteellesi, sinun tulee asettaa verkkoselaimesi kielt\u00e4m\u00e4\u00e4n ev\u00e4steet.<\/p>\n<p>Huomaa kuitenkin, ett\u00e4 t\u00e4m\u00e4 voi vaikuttaa verkkosivustomme toimintaan. Jotkut sivut ja palvelut eiv\u00e4t v\u00e4ltt\u00e4m\u00e4tt\u00e4 ole k\u00e4ytett\u00e4viss\u00e4si.<\/p>\n<p>Ellet ole vaihtanut selaintasi kielt\u00e4m\u00e4\u00e4n ev\u00e4steet, verkkosivustomme l\u00e4hett\u00e4\u00e4 ev\u00e4steit\u00e4, kun vierailet sill\u00e4.<\/p>\n<h2>Turvallisuus<\/h2>\n<p>S\u00e4ilyt\u00e4mme tietosi aina turvallisesti.<\/p>\n<p>Tietojesi luvattoman paljastamisen tai p\u00e4\u00e4syn est\u00e4miseksi olemme ottaneet k\u00e4ytt\u00f6\u00f6n vahvoja fyysisi\u00e4 ja s\u00e4hk\u00f6isi\u00e4 turvatoimia.<\/p>\n<p>Noudatamme my\u00f6s tiukkoja menettelytapoja varmistaaksemme, ett\u00e4 ty\u00f6skentelemme kaikkien henkil\u00f6tietojen kanssa vuoden 1998 tietosuojalain mukaisesti.<\/p>\n<h2>Linkkej\u00e4 sivuiltamme<\/h2>\n<p>Sivustomme voi sis\u00e4lt\u00e4\u00e4 linkkej\u00e4 muille verkkosivustoille.<\/p>\n<p>Huomaa, ett\u00e4 emme voi valvoa ulkopuolisia verkkosivustoja <a href=\"https:\/\/digitogy.eu\/fi\/\">Digitogy.eu<\/a>. Jos annat tietoja verkkosivustolle, johon linkit\u00e4mme, emme ole vastuussa sen suojaamisesta ja yksityisyydest\u00e4.<\/p>\n<p>Ole aina varovainen, kun l\u00e4het\u00e4t tietoja verkkosivustoille. Lue sivuston tietosuoja- ja tietosuojak\u00e4yt\u00e4nn\u00f6t kokonaan.<\/p>\n","protected":false},"excerpt":{"rendered":"<p>T\u00e4m\u00e4 verkkosivuston tietosuojak\u00e4yt\u00e4nt\u00f6 kuvaa, kuinka Digitogy.eu suojaa ja k\u00e4ytt\u00e4\u00e4 tietoja, jotka annat yritykselle k\u00e4ytt\u00e4ess\u00e4si t\u00e4t\u00e4 verkkosivustoa. Jos sinua pyydet\u00e4\u00e4n antamaan tietoja k\u00e4ytt\u00e4ess\u00e4si t\u00e4t\u00e4 verkkosivustoa, niit\u00e4 k\u00e4ytet\u00e4\u00e4n vain t\u00e4ss\u00e4 tietosuojak\u00e4yt\u00e4nn\u00f6ss\u00e4 kuvatuilla tavoilla. T\u00e4t\u00e4 k\u00e4yt\u00e4nt\u00f6\u00e4 p\u00e4ivitet\u00e4\u00e4n ajoittain. Uusin versio on julkaistu t\u00e4ll\u00e4 sivulla. T\u00e4m\u00e4n verkkosivuston tietosuojak\u00e4yt\u00e4nt\u00f6 p\u00e4ivitettiin: 10\/10\/2019 Jos sinulla on kysytt\u00e4v\u00e4\u00e4 t\u00e4st\u00e4 k\u00e4yt\u00e4nn\u00f6st\u00e4, l\u00e4het\u00e4 s\u00e4hk\u00f6postia osoitteeseen [&hellip;]<\/p>\n","protected":false},"author":46,"featured_media":0,"parent":0,"menu_order":0,"comment_status":"closed","ping_status":"closed","template":"","meta":{"om_disable_all_campaigns":false,"footnotes":""},"sgf-content-tag":[472,475],"sgf-seo-push":[],"class_list":["post-20809","page","type-page","status-publish","hentry"],"yoast_head":"<!-- This site is optimized with the Yoast SEO plugin v24.9 - https:\/\/yoast.com\/wordpress\/plugins\/seo\/ -->\n<title>Tietosuojak\u00e4yt\u00e4nt\u00f6 | Digitogy.eu<\/title>\n<meta name=\"description\" content=\"T\u00e4m\u00e4 verkkosivuston tietosuojak\u00e4yt\u00e4nt\u00f6 kuvaa, kuinka Digitogy.eu suojaa ja k\u00e4ytt\u00e4\u00e4 tietoja, jotka annat yritykselle k\u00e4ytt\u00e4ess\u00e4si t\u00e4t\u00e4 verkkosivustoa. Jos\" \/>\n<meta name=\"robots\" content=\"index, follow, max-snippet:-1, max-image-preview:large, max-video-preview:-1\" \/>\n<link rel=\"canonical\" href=\"https:\/\/digitogy.eu\/fi\/tietosuojakaytanto\/\" \/>\n<meta property=\"og:locale\" content=\"fi_FI\" \/>\n<meta property=\"og:type\" content=\"article\" \/>\n<meta property=\"og:title\" content=\"Tietosuojak\u00e4yt\u00e4nt\u00f6 | Digitogy.eu\" \/>\n<meta property=\"og:description\" content=\"T\u00e4m\u00e4 verkkosivuston tietosuojak\u00e4yt\u00e4nt\u00f6 kuvaa, kuinka Digitogy.eu suojaa ja k\u00e4ytt\u00e4\u00e4 tietoja, jotka annat yritykselle k\u00e4ytt\u00e4ess\u00e4si t\u00e4t\u00e4 verkkosivustoa. Jos\" \/>\n<meta property=\"og:url\" content=\"https:\/\/digitogy.eu\/fi\/tietosuojakaytanto\/\" \/>\n<meta property=\"og:site_name\" content=\"Digitogy.eu\" \/>\n<meta property=\"article:modified_time\" content=\"2023-07-28T01:06:17+00:00\" \/>\n<meta name=\"twitter:card\" content=\"summary_large_image\" \/>\n<!-- \/ Yoast SEO plugin. -->","yoast_head_json":{"title":"Tietosuojak\u00e4yt\u00e4nt\u00f6 | Digitogy.eu","description":"T\u00e4m\u00e4 verkkosivuston tietosuojak\u00e4yt\u00e4nt\u00f6 kuvaa, kuinka Digitogy.eu suojaa ja k\u00e4ytt\u00e4\u00e4 tietoja, jotka annat yritykselle k\u00e4ytt\u00e4ess\u00e4si t\u00e4t\u00e4 verkkosivustoa. Jos","robots":{"index":"index","follow":"follow","max-snippet":"max-snippet:-1","max-image-preview":"max-image-preview:large","max-video-preview":"max-video-preview:-1"},"canonical":"https:\/\/digitogy.eu\/fi\/tietosuojakaytanto\/","og_locale":"fi_FI","og_type":"article","og_title":"Tietosuojak\u00e4yt\u00e4nt\u00f6 | Digitogy.eu","og_description":"T\u00e4m\u00e4 verkkosivuston tietosuojak\u00e4yt\u00e4nt\u00f6 kuvaa, kuinka Digitogy.eu suojaa ja k\u00e4ytt\u00e4\u00e4 tietoja, jotka annat yritykselle k\u00e4ytt\u00e4ess\u00e4si t\u00e4t\u00e4 verkkosivustoa. Jos","og_url":"https:\/\/digitogy.eu\/fi\/tietosuojakaytanto\/","og_site_name":"Digitogy.eu","article_modified_time":"2023-07-28T01:06:17+00:00","twitter_card":"summary_large_image","schema":{"@context":"https:\/\/schema.org","@graph":[{"@type":"WebPage","@id":"https:\/\/digitogy.eu\/fi\/tietosuojakaytanto\/","url":"https:\/\/digitogy.eu\/fi\/tietosuojakaytanto\/","name":"Tietosuojak\u00e4yt\u00e4nt\u00f6 | Digitogy.eu","isPartOf":{"@id":"https:\/\/digitogy.eu\/fi\/#website"},"datePublished":"2020-10-07T11:06:45+00:00","dateModified":"2023-07-28T01:06:17+00:00","description":"T\u00e4m\u00e4 verkkosivuston tietosuojak\u00e4yt\u00e4nt\u00f6 kuvaa, kuinka Digitogy.eu suojaa ja k\u00e4ytt\u00e4\u00e4 tietoja, jotka annat yritykselle k\u00e4ytt\u00e4ess\u00e4si t\u00e4t\u00e4 verkkosivustoa. Jos","breadcrumb":{"@id":"https:\/\/digitogy.eu\/fi\/tietosuojakaytanto\/#breadcrumb"},"inLanguage":"fi","potentialAction":[{"@type":"ReadAction","target":["https:\/\/digitogy.eu\/fi\/tietosuojakaytanto\/"]}]},{"@type":"BreadcrumbList","@id":"https:\/\/digitogy.eu\/fi\/tietosuojakaytanto\/#breadcrumb","itemListElement":[{"@type":"ListItem","position":1,"name":"Home","item":"https:\/\/digitogy.eu\/fi\/kotisivu\/"},{"@type":"ListItem","position":2,"name":"Tietosuojak\u00e4yt\u00e4nt\u00f6"}]},{"@type":"WebSite","@id":"https:\/\/digitogy.eu\/fi\/#website","url":"https:\/\/digitogy.eu\/fi\/","name":"Digitogy.eu","description":"Digital Technology Magazine","publisher":{"@id":"https:\/\/digitogy.eu\/fi\/#organization"},"potentialAction":[{"@type":"SearchAction","target":{"@type":"EntryPoint","urlTemplate":"https:\/\/digitogy.eu\/fi\/?s={search_term_string}"},"query-input":{"@type":"PropertyValueSpecification","valueRequired":true,"valueName":"search_term_string"}}],"inLanguage":"fi"},{"@type":"Organization","@id":"https:\/\/digitogy.eu\/fi\/#organization","name":"Digitogy.eu","url":"https:\/\/digitogy.eu\/fi\/","logo":{"@type":"ImageObject","inLanguage":"fi","@id":"https:\/\/digitogy.eu\/fi\/#\/schema\/logo\/image\/","url":"https:\/\/digitogy.eu\/wp-content\/uploads\/2019\/11\/digitogy.png","contentUrl":"https:\/\/digitogy.eu\/wp-content\/uploads\/2019\/11\/digitogy.png","width":150,"height":42,"caption":"Digitogy.eu"},"image":{"@id":"https:\/\/digitogy.eu\/fi\/#\/schema\/logo\/image\/"}}]}},"_links":{"self":[{"href":"https:\/\/digitogy.eu\/fi\/wp-json\/wp\/v2\/pages\/20809","targetHints":{"allow":["GET"]}}],"collection":[{"href":"https:\/\/digitogy.eu\/fi\/wp-json\/wp\/v2\/pages"}],"about":[{"href":"https:\/\/digitogy.eu\/fi\/wp-json\/wp\/v2\/types\/page"}],"author":[{"embeddable":true,"href":"https:\/\/digitogy.eu\/fi\/wp-json\/wp\/v2\/users\/46"}],"replies":[{"embeddable":true,"href":"https:\/\/digitogy.eu\/fi\/wp-json\/wp\/v2\/comments?post=20809"}],"version-history":[{"count":4,"href":"https:\/\/digitogy.eu\/fi\/wp-json\/wp\/v2\/pages\/20809\/revisions"}],"predecessor-version":[{"id":47083,"href":"https:\/\/digitogy.eu\/fi\/wp-json\/wp\/v2\/pages\/20809\/revisions\/47083"}],"wp:attachment":[{"href":"https:\/\/digitogy.eu\/fi\/wp-json\/wp\/v2\/media?parent=20809"}],"wp:term":[{"taxonomy":"sgf-content-tag","embeddable":true,"href":"https:\/\/digitogy.eu\/fi\/wp-json\/wp\/v2\/sgf-content-tag?post=20809"},{"taxonomy":"sgf-seo-push","embeddable":true,"href":"https:\/\/digitogy.eu\/fi\/wp-json\/wp\/v2\/sgf-seo-push?post=20809"}],"curies":[{"name":"wp","href":"https:\/\/api.w.org\/{rel}","templated":true}]}}