{"id":20072,"date":"2020-09-24T10:49:04","date_gmt":"2020-09-24T09:49:04","guid":{"rendered":"https:\/\/digitogy.eu\/?page_id=20072"},"modified":"2023-08-07T04:00:18","modified_gmt":"2023-08-07T03:00:18","slug":"meista","status":"publish","type":"page","link":"https:\/\/digitogy.eu\/fi\/meista\/","title":{"rendered":"Meist\u00e4"},"content":{"rendered":"<p>Tervetuloa <a href=\"https:\/\/digitogy.eu\/fi\/\">Digitogy.eu<\/a>-sivustolle \u2013 lopulliseen kohteeseesi, josta l\u00f6yd\u00e4t oivaltavia teknologiatuotteiden arvosteluja, jotka voivat parantaa el\u00e4m\u00e4ntyyli\u00e4si. Ty\u00f6per\u00e4isist\u00e4 IT-laitteista vapaa-ajan teknologiatuotteisiin, kattavuutemme on laaja.<\/p>\n<p>Digitogy.eu:ssa ymm\u00e4rr\u00e4mme teknologiatuotteiden monimutkaisuuden ja pyrimme selkeytt\u00e4m\u00e4\u00e4n tietoa sinulle. Teht\u00e4v\u00e4mme on auttaa sinua navigoimaan laajenevassa teknologiamaailmassa suojaten sinua virheelliselt\u00e4 tiedolta ja mahdollisilta uhkilta.<\/p>\n<p>Tiukkojen testien ja puolueettomien arvioiden avulla varmistamme selke\u00e4n ja rehellisen arvion jokaisen tuotteen todellisesta arvosta. Voit luottaa meihin matkakumppaninasi t\u00e4ss\u00e4 j\u00e4nnitt\u00e4v\u00e4ss\u00e4 seikkailussa!<\/p>\n<h2>Missio<\/h2>\n<p>Tutustu Digitogyn maailmaan, jossa jaamme arvomme, tavoitteemme ja intohimomme teknologiaan. Nykyp\u00e4iv\u00e4n\u00e4 digitaalisessa maailmassa luotamme vahvasti internetiin ty\u00f6ss\u00e4, koulussa ja kommunikaatiossa. Teknologian kehittyess\u00e4 my\u00f6s mahdolliset uhat lis\u00e4\u00e4ntyv\u00e4t. Missiomme on voimaannuttaa k\u00e4ytt\u00e4ji\u00e4 tunnistamaan ja lievent\u00e4m\u00e4\u00e4n riskej\u00e4, varmistaen turvallisemman teknologiael\u00e4myksen.<\/p>\n<h2>Perustaminen ja alkuvuodet<\/h2>\n<p>Digitogy.eu syntyi vuonna 2020, kun joukko teknologia-entusiasteja tunnisti tarpeen alustalle, joka voisi siltaa kuilun kuluttajien ja jatkuvasti kehittyv\u00e4n teknologian maailman v\u00e4lill\u00e4.<\/p>\n<p>Heid\u00e4n visio oli luoda tila, jossa ihmiset voisivat saada rehellisi\u00e4 ja puolueettomia arvosteluja sek\u00e4 arvokkaita suosituksia erilaisille laitteille, elektroniikalle ja digitaalisille innovaatioille.<\/p>\n<p>Alkuvuosina tiimi kohtasi useita haasteita. Rajallisten resurssien ja kilpailullisen markkinan vuoksi eteneminen ja uskottavuuden luominen ei ollut helppoa.<\/p>\n<p>Kuitenkin heid\u00e4n intohimonsa teknologiaa kohtaan ja omistautumisensa laadukkaan sis\u00e4ll\u00f6n tuottamiseen pitiv\u00e4t heid\u00e4t liikkeell\u00e4. He ty\u00f6skenteliv\u00e4t v\u00e4sym\u00e4tt\u00e4 rakentaakseen perustan, josta tulisi lopulta luotettava resurssi teknologia-entusiasteille ymp\u00e4ri maailmaa.<\/p>\n<h2>Kasvu ja kehitys<\/h2>\n<p>Perustamisestaan l\u00e4htien digitogy.eu on kokenut merkitt\u00e4v\u00e4\u00e4 kasvua ja kehityst\u00e4. Verkkosivuston sitoutuminen erinomaisuuteen on johtanut kasvavaan lukijam\u00e4\u00e4r\u00e4\u00e4n, ja yhteis\u00f6n kasvaessa my\u00f6s sis\u00e4ll\u00f6n monipuolisuus on lis\u00e4\u00e4ntynyt.<\/p>\n<p>Syv\u00e4llisist\u00e4 \u00e4lypuhelinten arvosteluista kattaviin oppaisiin \u00e4lykotilaitteiden ostamiseen liittyen, sivusto on laajentanut sis\u00e4lt\u00f6kategorioitaan vastatakseen erilaisia teknologiaan liittyvi\u00e4 kiinnostuksen kohteita.<\/p>\n<p>Yksi digitogy.eu:n matkan merkitt\u00e4vist\u00e4 k\u00e4\u00e4nnekohdista oli k\u00e4ytt\u00e4j\u00e4palautteen huomioon ottaminen. He kuuntelivat aktiivisesti yleis\u00f6\u00e4\u00e4n ja k\u00e4yttiv\u00e4t arvokasta palautetta parantaakseen sis\u00e4lt\u00f6\u00e4\u00e4n, suunnitteluaan ja k\u00e4ytt\u00e4j\u00e4kokemusta.<\/p>\n<p>T\u00e4m\u00e4 reagoiva l\u00e4hestymistapa paransi huomattavasti verkkosivuston houkuttelevuutta ja vakiinnutti sen aseman luotettavana teknologiainformaation l\u00e4hteen\u00e4.<\/p>\n<h2>Yhteis\u00f6 ja vaikutus<\/h2>\n<p>Vuosien varrella digitogy.eu on onnistunut luomaan kukoistavan yhteis\u00f6n teknologia-entusiasteista, aikaisista k\u00e4ytt\u00e4jist\u00e4 ja uteliaista mielist\u00e4.<\/p>\n<p>Verkkosivuston vuorovaikutteisuus mahdollisti lukijoille osallistumisen keskusteluihin, kokemusten jakamisen ja oppimisen toisiltaan. T\u00e4m\u00e4 yhteis\u00f6llinen henki vahvisti syvemp\u00e4\u00e4 yhteytt\u00e4 verkkosivuston ja sen yleis\u00f6n v\u00e4lill\u00e4.<\/p>\n<p>Digitogy.eu:n vaikutus lukijoiden el\u00e4m\u00e4\u00e4n on ollut syv\u00e4. Monet k\u00e4ytt\u00e4j\u00e4t ovat jakaneet tarinoitaan onnistuneista ansaintastrategioiden toteuttamisesta sivuston oivallusten pohjalta, mik\u00e4 on johtanut taloudelliseen vahvistumiseen.<\/p>\n<p>Lis\u00e4ksi verkkosivuston objektiivinen ja puolueeton l\u00e4hestymistapa tuotteiden arvosteluun on s\u00e4\u00e4st\u00e4nyt lukijoita tekem\u00e4st\u00e4 katumusp\u00e4\u00e4t\u00f6ksi\u00e4 ja auttanut heit\u00e4 tekem\u00e4\u00e4n hyvin perusteltuja p\u00e4\u00e4t\u00f6ksi\u00e4.<\/p>\n<h2>Avustajat ja tiimi<\/h2>\n<p>Kaikki t\u00e4m\u00e4 kasvu ja menestys eiv\u00e4t olisi olleet mahdollista ilman avustajien ja digitogy.eu-tiimin v\u00e4sym\u00e4tt\u00f6mi\u00e4 ponnisteluja. Heid\u00e4n intohimonsa teknologiaa kohtaan ja sitoutumisensa tarkkaan ja ajan tasalla olevan tiedon tuottamiseen ovat olleet verkkosivuston saavutusten ajamana voimana.<\/p>\n<h3>Tutustu tiimiin<\/h3>\n<p>Tutustu omistautuneeseen kirjoittajatiimiimme, joka intohimoisesti her\u00e4tt\u00e4\u00e4 ideoita eloon ja tarjoaa aitoja k\u00e4ytt\u00e4j\u00e4kokemuksia arvostetuille lukijoillemme.<\/p>\n<p>Yhteisen\u00e4 tavoitteenamme jokainen kirjoittaja pyrkii esitt\u00e4m\u00e4\u00e4n tarkkaa tietoa mukaansatempaavassa ja ilahduttavassa tyyliss\u00e4. Visiomme on maailma, jossa verkkoshoppailijat voivat tehd\u00e4 ostoksia horjumattomalla luottamuksella, tiet\u00e4en voivansa luottaa kirjoittajiemme, kuten meid\u00e4n poikkeuksellisen tiimimme, luotettavuuteen.<\/p>\n\t\t\t<style>.authors-list-cols-dir-horizontal .authors-list-col{display:block;float:left;margin-right:3.42%}.authors-list-cols-dir-horizontal .authors-list-col-1{width:5.198%}.authors-list-cols-dir-horizontal .authors-list-col-2{width:13.81%}.authors-list-cols-dir-horizontal .authors-list-col-3{width:22.43%}.authors-list-cols-dir-horizontal .authors-list-col-4{width:31.05%}.authors-list-cols-dir-horizontal .authors-list-col-5{width:39.67%}.authors-list-cols-dir-horizontal .authors-list-col-6{width:48.29%}.authors-list-cols-dir-horizontal .authors-list-col-7{width:56.9%}.authors-list-cols-dir-horizontal .authors-list-col-8{width:65.52%}.authors-list-cols-dir-horizontal .authors-list-col-9{width:74.14%}.authors-list-cols-dir-horizontal .authors-list-col-10{width:82.76%}.authors-list-cols-dir-horizontal .authors-list-col-11{width:91.38%}.authors-list-cols-dir-horizontal .authors-list-col-12{width:100%}.authors-list-cols-dir-horizontal .authors-list-col-last{margin-right:0}.authors-list-cols-dir-horizontal .authors-list-col-first{clear:both}.authors-list-cols-dir-horizontal.authors-list-cols-2 .authors-list-col:nth-child(2n){margin-right:0}.authors-list-cols-dir-horizontal.authors-list-cols-2 .authors-list-col:nth-child(2n+1){clear:both}.authors-list-cols-dir-horizontal.authors-list-cols-3 .authors-list-col:nth-child(3n){margin-right:0}.authors-list-cols-dir-horizontal.authors-list-cols-3 .authors-list-col:nth-child(3n+1){clear:both}.authors-list-cols-dir-horizontal.authors-list-cols-4 .authors-list-col:nth-child(4n){margin-right:0}.authors-list-cols-dir-horizontal.authors-list-cols-4 .authors-list-col:nth-child(4n+1){clear:both}.authors-list-cols-dir-vertical{column-gap:3.42%}.authors-list-cols-dir-vertical.authors-list-cols-2{column-count:2}.authors-list-cols-dir-vertical.authors-list-cols-3{column-count:3}.authors-list-cols-dir-vertical.authors-list-cols-3{column-count:3}.authors-list-cols-dir-vertical.authors-list-cols-4{column-count:4}.authors-list-clearfix:after,.authors-list-clearfix:before{content:\" \";display:table}.authors-list-clearfix:after{clear:both}.authors-list-item{margin-bottom:30px;position:relative}.authors-list-cols-dir-vertical .authors-list-item{break-inside:avoid-column;page-break-inside:avoid}.authors-list-item-thumbnail{margin-bottom:20px;position:relative}.authors-list-item-thumbnail a,.authors-list-item-thumbnail img{display:block;position:relative;border:0}.authors-list-item-thumbnail img{max-width:100%;height:auto;border-radius:inherit;}.authors-list-item-title{font-size:22px;font-weight:700;margin-bottom:5px}.authors-list-item-title a{color:inherit}.authors-list-item-subtitle{margin-bottom:5px;font-size:80%}.authors-list-item-social{margin-bottom:10px}.authors-list-item-social a{font-size:15px;margin-right:5px;text-decoration:none}.authors-list-item-social svg{width:15px}.authors-list-item-social-facebook{fill:#3b5998}.authors-list-item-social-instagram{fill:#405de6}.authors-list-item-social-linkedin{fill:#0077b5}.authors-list-item-social-pinterest{fill:#bd081c}.authors-list-item-social-tumblr{fill:#35465c}.authors-list-item-social-twitter{fill:#1da1f2}.authors-list-item-social-youtube{fill:red}.authors-list-item-social-tiktok{fill:#1e3050}.authors-list-item-excerpt{margin-bottom:10px}.authors-list-items-s2 .authors-list-item-main{position:absolute;bottom:0;left:0;right:0;padding:30px;color:#fff;background:rgba(0,0,0,.3)}.authors-list-items-s2 .authors-list-item-thumbnail{margin-bottom:0}.authors-list-items-s2 .authors-list-item-title{color:inherit}.authors-list-items-s2 .authors-list-item-link{color:inherit}.authors-list-items-s3 .authors-list-item-thumbnail{margin-bottom:0}.authors-list-items-s3 .authors-list-item-main{position:absolute;bottom:0;left:0;right:0;top:0;padding:30px;opacity:0;transform:scale(0);transition:all .3s;background:#fff;border:2px solid #eee}.authors-list-items-s3 .authors-list-item:hover .authors-list-item-main{opacity:1;transform:scale(1)}.authors-list-items-s4 .authors-list-item-thumbnail{float:left;margin-right:20px;width:25%}.authors-list-item-s4 .authors-list-item-main{overflow:hidden}.author-list-item-after-avatar,.author-list-item-after-bio,.author-list-item-after-count,.author-list-item-after-link,.author-list-item-after-title,.author-list-item-before-avatar,.author-list-item-before-bio,.author-list-item-before-count,.author-list-item-before-link,.author-list-item-before-title{margin-bottom:5px}@media only screen and (max-width:767px){.authors-list-cols-dir-horizontal .authors-list-col{width:100%;margin-right:0!important}.authors-list-cols-dir-vertical{column-count:1!important}}.authors-list-pagination{text-align:center}.authors-list-pagination li{display:inline-block;margin:0 2px}.authors-list-pagination li a,.authors-list-pagination li>span{display:inline-block;border:1px solid rgba(0,0,0,.2);padding:10px;line-height:1}<\/style>\n\t\t\t\t\t\t<div class=\"authors-list-items authors-list-items-s3 authors-list-clearfix authors-list-cols-3 authors-list-cols-dir-horizontal \">\n\t\t\t\n\t\t<div class=\"authors-list-item authors-list-item-clearfix authors-list-col authors-list-col-4\">\n\n\t\t\t\t\t\t\t<div class=\"authors-list-item-thumbnail\">\n\t\t\t\t\t\n\t\t\t\t\t<a href=\"https:\/\/digitogy.eu\/fi\/author\/saana\/\" class=\"author-list-item-avatar\">\n\t\t\t\t\t\t\t\t\t\t\t\t\t<img alt='Saana' src='https:\/\/digitogy.eu\/wp-content\/uploads\/2022\/05\/Saana-200x200-1-500x500.jpg' srcset='https:\/\/digitogy.eu\/wp-content\/uploads\/2022\/05\/Saana-200x200-1-1000x1000.jpg 2x' class='avatar avatar-500 photo' height='500' width='500' \/>\t\t\t\t\t\t\t\t\t\t\t<\/a>\n\n\t\t\t\t\t\t\t\t\t<\/div><!-- .team-item-thumbnail -->\n\t\t\t\n\t\t\t<div class=\"authors-list-item-main\">\n\n\t\t\t\t\n\t\t\t\t\t\t\t\t\t<div class=\"authors-list-item-title\">\n\t\t\t\t\t\t<a href=\"https:\/\/digitogy.eu\/fi\/author\/saana\/\">Saana<\/a>\n\t\t\t\t\t<\/div>\n\t\t\t\t\n\t\t\t\t\n\t\t\t\t\n\t\t\t\t\t\t\t\t\t\t\t\t\t\t<div class=\"authors-list-item-subtitle\">60 posts<\/div>\n\t\t\t\t\n\t\t\t\t\n\t\t\t\t\n\t\t\t\t\n\t\t\t\t\n\t\t\t\t\n\t\t\t\t\t\t\t\t\t\t\t\t\t\t<a href=\"https:\/\/digitogy.eu\/fi\/author\/saana\/\" class=\"authors-list-item-link\" aria-label=\" - N\u00e4yt\u00e4 viestit \u2192\">N\u00e4yt\u00e4 viestit \u2192<\/a>\n\t\t\t\t\n\t\t\t\t\n\t\t\t<\/div><!-- .team-item-main -->\n\n\t\t<\/div><!-- .authors-list-item -->\n\n\t\t\n\t\t\t<span class=\"spinner\">\n\t\t\t\t<span class=\"spin\">\n\t\t\t\t\t<svg xmlns=\"http:\/\/www.w3.org\/2000\/svg\" viewBox=\"0 0 512 512\">\n\t\t\t\t\t\t<path d=\"M304 48C304 74.51 282.5 96 256 96C229.5 96 208 74.51 208 48C208 21.49 229.5 0 256 0C282.5 0 304 21.49 304 48zM304 464C304 490.5 282.5 512 256 512C229.5 512 208 490.5 208 464C208 437.5 229.5 416 256 416C282.5 416 304 437.5 304 464zM0 256C0 229.5 21.49 208 48 208C74.51 208 96 229.5 96 256C96 282.5 74.51 304 48 304C21.49 304 0 282.5 0 256zM512 256C512 282.5 490.5 304 464 304C437.5 304 416 282.5 416 256C416 229.5 437.5 208 464 208C490.5 208 512 229.5 512 256zM74.98 437C56.23 418.3 56.23 387.9 74.98 369.1C93.73 350.4 124.1 350.4 142.9 369.1C161.6 387.9 161.6 418.3 142.9 437C124.1 455.8 93.73 455.8 74.98 437V437zM142.9 142.9C124.1 161.6 93.73 161.6 74.98 142.9C56.24 124.1 56.24 93.73 74.98 74.98C93.73 56.23 124.1 56.23 142.9 74.98C161.6 93.73 161.6 124.1 142.9 142.9zM369.1 369.1C387.9 350.4 418.3 350.4 437 369.1C455.8 387.9 455.8 418.3 437 437C418.3 455.8 387.9 455.8 369.1 437C350.4 418.3 350.4 387.9 369.1 369.1V369.1z\"\/>\n\t\t\t\t\t<\/svg>\n\t\t\t\t<\/span>\n\t\t\t<\/span>\n\n\t\t\t\t\t\t<\/div><!-- authors-list-items -->\n\t\t\t\n<h2>Kuinka tarkistusprosessimme toimii<\/h2>\n<p>Digitogyn intohimo teknologiaa kohtaan ohjaa meit\u00e4 tarjoamaan rehellisi\u00e4 ja puolueettomia tuotearvosteluja. Haluamme lukijoiden sijoittavan viisaasti laadukkaisiin tuotteisiin eiv\u00e4tk\u00e4 tuhlaavan rahaa pettymyksiin. Arvostelumme perustuvat aitoihin k\u00e4ytt\u00e4j\u00e4kokemuksiin, mik\u00e4 takaa niiden luotettavuuden.<\/p>\n<p>Eheys on elint\u00e4rke\u00e4\u00e4 t\u00e4ss\u00e4 alalla, ja pyrimme tarjoamaan hy\u00f6dyllist\u00e4 tietoa lukijoillemme. Kokeneet kirjoittajamme ovat ylpeit\u00e4 sis\u00e4ll\u00f6n laatimisesta, joka vastaa erilaisia tarpeita, my\u00f6s niille, jotka eiv\u00e4t ole perehtyneit\u00e4 teknisiin termeihin.<\/p>\n<p>Olitpa aloittelija tai kokenut internetin k\u00e4ytt\u00e4j\u00e4, olemme t\u00e4\u00e4ll\u00e4 sinua varten. Tutustu arvosteluihimme erilaisista tarvikkeista <a href=\"https:\/\/digitogy.eu\/fi\/kategoria\/tarvikkeet\/\">t\u00e4m\u00e4n linkin kautta<\/a>.<\/p>\n<h2>Me testaamme ja arvioimme kaikki tuotearvostelumme<\/h2>\n<p>Tiimimme testaa laitteet henkil\u00f6kohtaisesti ja siten voimme varmistaa arvostelujen laadun. <strong>Varmistamme, ett\u00e4 lis\u00e4\u00e4mme tuotteen plussat ja miinukset jokaiseen tuotearvioon.<\/strong> Voitkin odottaa, ett\u00e4 artikkelit on kirjoitettu rakkaudella teknologiaa kohtaan.<\/p>\n<p>Niihin on panostettu huolella ja ne on kirjoitettu suoraan lukijamme mieless\u00e4 pit\u00e4en. Tuotteen ominaisuuksien lis\u00e4ksi lis\u00e4\u00e4mme tuotteen hy\u00f6dyt ja sen, kuinka ne todellisuudessa toimivat. Tavoitteemme on auttaa lukijoitamme tekem\u00e4\u00e4n valistuneita p\u00e4\u00e4t\u00f6ksi\u00e4 tuotteita ja palveluita netist\u00e4 ostaessaan.<\/p>\n<h2>Ker\u00e4\u00e4mme palautetta asiakkailta<\/h2>\n<p>On aina t\u00e4rke\u00e4\u00e4 hankkia henkil\u00f6kohtaista palautetta my\u00f6s muilta k\u00e4ytt\u00e4jilt\u00e4 tuotteisiin liittyen. Siten saamme paremman kokonaiskuvan laitteiden toimivuudesta eik\u00e4 arvostelu perustu en\u00e4\u00e4 vain yhteen arvioon. Jaamme my\u00f6s asiakkaiden mielipiteit\u00e4 arvostelussa &#8211; niin huonoja kuin hyvi\u00e4kin.<\/p>\n<p>Kaikki mielipiteet ovat nimitt\u00e4in t\u00e4rkeit\u00e4 ostop\u00e4\u00e4t\u00f6ksen tekemisess\u00e4 ja joillakin ominaisuuksilla on enemm\u00e4n painoarvoa kuin toisilla. <strong>T\u00e4st\u00e4 syyst\u00e4 on t\u00e4rke\u00e4\u00e4 saada kokonaisvaltainen kuva arvostelemistamme tuotteista.<\/strong><\/p>\n<h2>Olemme yksityinen yritys<\/h2>\n<p>Digitogy on t\u00e4ysin yksityinen yritys, mik\u00e4 tarkoittaa sit\u00e4, ett\u00e4 arvostelumme eiv\u00e4t perustu lainkaan markkinointiin. Teht\u00e4v\u00e4, vaan teemme t\u00e4t\u00e4 puhtaasta intohimosta teknologiaan. Meill\u00e4 ei ole yhteisty\u00f6kumppaneita, <strong>vaan toimimme t\u00e4ysin yksityisesti.<\/strong><\/p>\n<h2>Kerro meille huolesi<\/h2>\n<p>Kannustamme sinua, lukijaamme, l\u00e4hett\u00e4m\u00e4\u00e4n meille kommentteja sek\u00e4 positiivista ja negatiivista palautetta. Se auttaa meit\u00e4 parantamaan ty\u00f6mme laatua sek\u00e4 pit\u00e4m\u00e4\u00e4n yll\u00e4 standardejamme t\u00e4rke\u00e4n ja ajantasaisensek\u00e4 liittyv\u00e4n sis\u00e4ll\u00f6n tarjoamiseen.<\/p>\n<p><strong>Digitogy ei hyv\u00e4ksy maksettuja mainoksia, sill\u00e4 se sabotoi firmamme visiota ja tavoitteita.<\/strong> Emme halua luopua rehellisest\u00e4 ja puolueettomasta n\u00e4kemyksest\u00e4mme tuotteisiin ja palveluihin liittyen.<\/p>\n<p>T\u00e4st\u00e4 syyst\u00e4 olemme t\u00e4ysin sitoutuneita tarjoamaan rehellisi\u00e4 arvosteluita ja tuotearvioita, joista on hy\u00f6ty\u00e4 lukijoillemme. Voit olla <a href=\"https:\/\/digitogy.eu\/fi\/yhteystiedot\/\">yhteydess\u00e4 meihin<\/a> t\u00e4m\u00e4n linkin kautta.<\/p>\n","protected":false},"excerpt":{"rendered":"<p>Tervetuloa Digitogy.eu-sivustolle \u2013 lopulliseen kohteeseesi, josta l\u00f6yd\u00e4t oivaltavia teknologiatuotteiden arvosteluja, jotka voivat parantaa el\u00e4m\u00e4ntyyli\u00e4si. Ty\u00f6per\u00e4isist\u00e4 IT-laitteista vapaa-ajan teknologiatuotteisiin, kattavuutemme on laaja. Digitogy.eu:ssa ymm\u00e4rr\u00e4mme teknologiatuotteiden monimutkaisuuden ja pyrimme selkeytt\u00e4m\u00e4\u00e4n tietoa sinulle. Teht\u00e4v\u00e4mme on auttaa sinua navigoimaan laajenevassa teknologiamaailmassa suojaten sinua virheelliselt\u00e4 tiedolta ja mahdollisilta uhkilta. Tiukkojen testien ja puolueettomien arvioiden avulla varmistamme selke\u00e4n ja rehellisen arvion [&hellip;]<\/p>\n","protected":false},"author":46,"featured_media":0,"parent":0,"menu_order":0,"comment_status":"closed","ping_status":"closed","template":"","meta":{"om_disable_all_campaigns":false,"footnotes":""},"sgf-content-tag":[472,470],"sgf-seo-push":[],"class_list":["post-20072","page","type-page","status-publish","hentry"],"yoast_head":"<!-- This site is optimized with the Yoast SEO plugin v24.9 - https:\/\/yoast.com\/wordpress\/plugins\/seo\/ -->\n<title>Tietoa meist\u00e4: tutustu Digitogy tiimiin ja arvoihin | Digitogy.eu<\/title>\n<meta name=\"description\" content=\"Haluatko tiet\u00e4\u00e4 lis\u00e4\u00e4 meist\u00e4 ja meid\u00e4n tavoitteistamme? Haluamme esitell\u00e4 lukijoillemme Digitogyn ajatusmaailman ja kertoa hieman lis\u00e4\u00e4\" \/>\n<meta name=\"robots\" content=\"index, follow, max-snippet:-1, max-image-preview:large, max-video-preview:-1\" \/>\n<link rel=\"canonical\" href=\"https:\/\/digitogy.eu\/fi\/meista\/\" \/>\n<meta property=\"og:locale\" content=\"fi_FI\" \/>\n<meta property=\"og:type\" content=\"article\" \/>\n<meta property=\"og:title\" content=\"Tietoa meist\u00e4: tutustu Digitogy tiimiin ja arvoihin | Digitogy.eu\" \/>\n<meta property=\"og:description\" content=\"Haluatko tiet\u00e4\u00e4 lis\u00e4\u00e4 meist\u00e4 ja meid\u00e4n tavoitteistamme? Haluamme esitell\u00e4 lukijoillemme Digitogyn ajatusmaailman ja kertoa hieman lis\u00e4\u00e4\" \/>\n<meta property=\"og:url\" content=\"https:\/\/digitogy.eu\/fi\/meista\/\" \/>\n<meta property=\"og:site_name\" content=\"Digitogy.eu\" \/>\n<meta property=\"article:modified_time\" content=\"2023-08-07T03:00:18+00:00\" \/>\n<meta name=\"twitter:card\" content=\"summary_large_image\" \/>\n<!-- \/ Yoast SEO plugin. -->","yoast_head_json":{"title":"Tietoa meist\u00e4: tutustu Digitogy tiimiin ja arvoihin | Digitogy.eu","description":"Haluatko tiet\u00e4\u00e4 lis\u00e4\u00e4 meist\u00e4 ja meid\u00e4n tavoitteistamme? Haluamme esitell\u00e4 lukijoillemme Digitogyn ajatusmaailman ja kertoa hieman lis\u00e4\u00e4","robots":{"index":"index","follow":"follow","max-snippet":"max-snippet:-1","max-image-preview":"max-image-preview:large","max-video-preview":"max-video-preview:-1"},"canonical":"https:\/\/digitogy.eu\/fi\/meista\/","og_locale":"fi_FI","og_type":"article","og_title":"Tietoa meist\u00e4: tutustu Digitogy tiimiin ja arvoihin | Digitogy.eu","og_description":"Haluatko tiet\u00e4\u00e4 lis\u00e4\u00e4 meist\u00e4 ja meid\u00e4n tavoitteistamme? Haluamme esitell\u00e4 lukijoillemme Digitogyn ajatusmaailman ja kertoa hieman lis\u00e4\u00e4","og_url":"https:\/\/digitogy.eu\/fi\/meista\/","og_site_name":"Digitogy.eu","article_modified_time":"2023-08-07T03:00:18+00:00","twitter_card":"summary_large_image","schema":{"@context":"https:\/\/schema.org","@graph":[{"@type":"WebPage","@id":"https:\/\/digitogy.eu\/fi\/meista\/","url":"https:\/\/digitogy.eu\/fi\/meista\/","name":"Tietoa meist\u00e4: tutustu Digitogy tiimiin ja arvoihin | Digitogy.eu","isPartOf":{"@id":"https:\/\/digitogy.eu\/fi\/#website"},"datePublished":"2020-09-24T09:49:04+00:00","dateModified":"2023-08-07T03:00:18+00:00","description":"Haluatko tiet\u00e4\u00e4 lis\u00e4\u00e4 meist\u00e4 ja meid\u00e4n tavoitteistamme? Haluamme esitell\u00e4 lukijoillemme Digitogyn ajatusmaailman ja kertoa hieman lis\u00e4\u00e4","breadcrumb":{"@id":"https:\/\/digitogy.eu\/fi\/meista\/#breadcrumb"},"inLanguage":"fi","potentialAction":[{"@type":"ReadAction","target":["https:\/\/digitogy.eu\/fi\/meista\/"]}]},{"@type":"BreadcrumbList","@id":"https:\/\/digitogy.eu\/fi\/meista\/#breadcrumb","itemListElement":[{"@type":"ListItem","position":1,"name":"Home","item":"https:\/\/digitogy.eu\/fi\/kotisivu\/"},{"@type":"ListItem","position":2,"name":"Meist\u00e4"}]},{"@type":"WebSite","@id":"https:\/\/digitogy.eu\/fi\/#website","url":"https:\/\/digitogy.eu\/fi\/","name":"Digitogy.eu","description":"Digital Technology Magazine","publisher":{"@id":"https:\/\/digitogy.eu\/fi\/#organization"},"potentialAction":[{"@type":"SearchAction","target":{"@type":"EntryPoint","urlTemplate":"https:\/\/digitogy.eu\/fi\/?s={search_term_string}"},"query-input":{"@type":"PropertyValueSpecification","valueRequired":true,"valueName":"search_term_string"}}],"inLanguage":"fi"},{"@type":"Organization","@id":"https:\/\/digitogy.eu\/fi\/#organization","name":"Digitogy.eu","url":"https:\/\/digitogy.eu\/fi\/","logo":{"@type":"ImageObject","inLanguage":"fi","@id":"https:\/\/digitogy.eu\/fi\/#\/schema\/logo\/image\/","url":"https:\/\/digitogy.eu\/wp-content\/uploads\/2019\/11\/digitogy.png","contentUrl":"https:\/\/digitogy.eu\/wp-content\/uploads\/2019\/11\/digitogy.png","width":150,"height":42,"caption":"Digitogy.eu"},"image":{"@id":"https:\/\/digitogy.eu\/fi\/#\/schema\/logo\/image\/"}}]}},"_links":{"self":[{"href":"https:\/\/digitogy.eu\/fi\/wp-json\/wp\/v2\/pages\/20072","targetHints":{"allow":["GET"]}}],"collection":[{"href":"https:\/\/digitogy.eu\/fi\/wp-json\/wp\/v2\/pages"}],"about":[{"href":"https:\/\/digitogy.eu\/fi\/wp-json\/wp\/v2\/types\/page"}],"author":[{"embeddable":true,"href":"https:\/\/digitogy.eu\/fi\/wp-json\/wp\/v2\/users\/46"}],"replies":[{"embeddable":true,"href":"https:\/\/digitogy.eu\/fi\/wp-json\/wp\/v2\/comments?post=20072"}],"version-history":[{"count":12,"href":"https:\/\/digitogy.eu\/fi\/wp-json\/wp\/v2\/pages\/20072\/revisions"}],"predecessor-version":[{"id":47199,"href":"https:\/\/digitogy.eu\/fi\/wp-json\/wp\/v2\/pages\/20072\/revisions\/47199"}],"wp:attachment":[{"href":"https:\/\/digitogy.eu\/fi\/wp-json\/wp\/v2\/media?parent=20072"}],"wp:term":[{"taxonomy":"sgf-content-tag","embeddable":true,"href":"https:\/\/digitogy.eu\/fi\/wp-json\/wp\/v2\/sgf-content-tag?post=20072"},{"taxonomy":"sgf-seo-push","embeddable":true,"href":"https:\/\/digitogy.eu\/fi\/wp-json\/wp\/v2\/sgf-seo-push?post=20072"}],"curies":[{"name":"wp","href":"https:\/\/api.w.org\/{rel}","templated":true}]}}