{"id":8514,"date":"2018-08-20T05:50:31","date_gmt":"2018-08-20T05:50:31","guid":{"rendered":"https:\/\/digitogy.eu\/privacy-policy\/"},"modified":"2023-07-14T07:29:56","modified_gmt":"2023-07-14T06:29:56","slug":"privacy-policy","status":"publish","type":"page","link":"https:\/\/digitogy.eu\/es\/privacy-policy\/","title":{"rendered":"Pol\u00edtica de Privacidad"},"content":{"rendered":"<p>Esta pol\u00edtica de privacidad describe c\u00f3mo <a href=\"https:\/\/digitogy.eu\/es\/\">Digitogy.eu<\/a> protege y utiliza la informaci\u00f3n que proporcionas a la empresa cuando utilizas este sitio web. Si se te solicita que proporciones informaci\u00f3n al utilizar este sitio web, solo se utilizar\u00e1 de acuerdo a lo descrito en esta pol\u00edtica de privacidad.<\/p>\n<p>Esta pol\u00edtica se actualiza de vez en cuando. La versi\u00f3n m\u00e1s reciente se publica en esta p\u00e1gina.<\/p>\n<p>La pol\u00edtica de privacidad de este sitio web se actualiz\u00f3 el: <strong>14\/07\/2023.<\/strong><\/p>\n<p>Si tienes alguna pregunta sobre esta pol\u00edtica, env\u00eda un correo electr\u00f3nico a <a href=\"mailto:info@digitogy.eu\" target=\"_blank\" rel=\"nofollow noopener noreferrer\">info@digitogy.eu<\/a>.<\/p>\n<h2>Introducci\u00f3n<\/h2>\n<p>Recopilamos y utilizamos cierta informaci\u00f3n sobre individuos para proporcionar productos y servicios y para habilitar ciertas funciones en este sitio web.<\/p>\n<p>Tambi\u00e9n recopilamos informaci\u00f3n para comprender mejor c\u00f3mo los visitantes utilizan este sitio web y para presentarles informaci\u00f3n relevante y oportuna.<\/p>\n<h2>Que datos recogemos<\/h2>\n<p>Podemos recopilar la siguiente informaci\u00f3n:<\/p>\n<ul>\n<li>Nombre y t\u00edtulo de trabajo<\/li>\n<li>Informaci\u00f3n de contacto incluyendo direcci\u00f3n de correo electr\u00f3nico<\/li>\n<li>Informaci\u00f3n demogr\u00e1fica, como el c\u00f3digo postal, las preferencias y los intereses.<\/li>\n<li>Datos de uso del sitio web<\/li>\n<li>Otra informaci\u00f3n relevante para consultas de clientes.<\/li>\n<li>Otra informaci\u00f3n relativa a ofertas especiales y encuestas.<\/li>\n<\/ul>\n<h2>C\u00f3mo utilizamos estos datos<\/h2>\n<p>La recopilaci\u00f3n de esta informaci\u00f3n nos ayuda a comprender qu\u00e9 busca usted de nuestra empresa, lo que nos permite ofrecer mejores productos y servicios.<\/p>\n<p>Espec\u00edficamente, podemos utilizar los datos para:<\/p>\n<ul>\n<li>Para nuestros propios registros internos.<\/li>\n<li>Para mejorar los productos y servicios que brindamos.<\/li>\n<li>Para ponerse en contacto con usted en respuesta a una consulta espec\u00edfica.<\/li>\n<li>Para personalizar el sitio web para usted.<\/li>\n<li>Para enviarle correos electr\u00f3nicos promocionales sobre productos, servicios, ofertas y otras cosas que creemos que pueden ser relevantes para usted.<\/li>\n<li>Para enviarle correos promocionales o para llamarle sobre productos, servicios, ofertas y otras cosas que creemos que pueden ser relevantes para usted.<\/li>\n<li>Para contactarlo por correo electr\u00f3nico, tel\u00e9fono o correo postal por razones de investigaci\u00f3n de mercado.<\/li>\n<\/ul>\n<h2>Cookies y c\u00f3mo las usamos.<\/h2>\n<h3>Que es una cookie?<\/h3>\n<p>Una cookie es un archivo peque\u00f1o que se coloca en el disco duro de tu computadora. Permite que nuestro sitio web identifique tu computadora mientras visualizas diferentes p\u00e1ginas en nuestro sitio.<\/p>\n<p>Las cookies permiten que los sitios web y las aplicaciones almacenen tus preferencias para presentar contenido, opciones o caracter\u00edsticas espec\u00edficas para ti. Tambi\u00e9n nos permiten obtener informaci\u00f3n, como la cantidad de personas que utilizan el sitio web y las p\u00e1ginas que suelen visitar.<\/p>\n<h3>C\u00f3mo utilizamos las cookies<\/h3>\n<p>Podemos utilizar cookies para:<\/p>\n<ul>\n<li><strong>Analizar el tr\u00e1fico de nuestra web usando un paquete de an\u00e1lisis.<\/strong>Los datos de uso agregados nos ayudan a mejorar la estructura, el dise\u00f1o, el contenido y las funciones del sitio web.<\/li>\n<li><strong>Identificar si ha iniciado sesi\u00f3n en nuestro sitio web. <\/strong>Una cookie nos permite verificar si ha iniciado sesi\u00f3n en el sitio.<\/li>\n<li><strong>Probar el contenido de nuestro sitio web. <\/strong>Por ejemplo, el 50% de nuestros usuarios puede ver una parte del contenido, y el otro 50% una parte diferente del contenido.<\/li>\n<li><strong>Almacenar informaci\u00f3n sobre tus preferencias.<\/strong>El sitio web puede presentarle informaci\u00f3n que encontrar\u00e1 m\u00e1s relevante e interesante.<\/li>\n<li><strong>Reconocer cuando regrese a nuestro sitio web. <\/strong>Podemos mostrar su contenido relevante o proporcionarle la funcionalidad que utiliz\u00f3 anteriormente.<\/li>\n<\/ul>\n<p>Las cookies no nos proporcionan acceso a su computadora o a cualquier informaci\u00f3n sobre usted, excepto aquello que decida compartir con nosotros.<\/p>\n<h3>Controlando las cookies<\/h3>\n<p>Puedes utilizar la configuraci\u00f3n de cookies de tu navegador web para determinar c\u00f3mo nuestro sitio web utiliza las cookies. Si no deseas que nuestro sitio web almacene cookies en tu ordenador o dispositivo, debes configurar tu navegador web para rechazar las cookies.<\/p>\n<p>Sin embargo, ten en cuenta que hacer esto puede afectar el funcionamiento de nuestro sitio web.<\/p>\n<p>Es posible que algunas p\u00e1ginas y servicios no est\u00e9n disponibles para ti.<\/p>\n<p>A menos que hayas modificado tu navegador para rechazar las cookies, nuestro sitio web emitir\u00e1 cookies cuando lo visites.<\/p>\n<p>Para obtener m\u00e1s informaci\u00f3n sobre las cookies y c\u00f3mo se utilizan, visita: <a href=\"http:\/\/www.allaboutcookies.org\/\" target=\"_blank\" rel=\"nofollow noopener noreferrer\">All About Cookies<\/a>.<\/p>\n<h2>Controlando informaci\u00f3n sobre usted<\/h2>\n<p>Cuando complete un formulario o proporcione sus detalles en nuestro sitio web, ver\u00e1 una o m\u00e1s casillas de verificaci\u00f3n que le permitir\u00e1n:<\/p>\n<ul>\n<li>Optar por recibir comunicaciones de marketing por correo electr\u00f3nico, tel\u00e9fono, mensaje de texto o correo postal.<\/li>\n<li>Optar por recibir comunicaciones de marketing de nuestros socios de terceros por correo electr\u00f3nico, tel\u00e9fono, mensaje de texto o correo postal.<\/li>\n<\/ul>\n<p>Si previamente has consentido que utilicemos tu informaci\u00f3n con fines de marketing, puedes revocar f\u00e1cilmente tu consentimiento enviando un correo electr\u00f3nico a <a href=\"mailto:info@digitogy.eu\" target=\"_blank\" rel=\"nofollow noopener noreferrer\">info@digitogy.eu<\/a>.<\/p>\n<p>No alquilaremos, distribuiremos ni venderemos tu informaci\u00f3n personal a terceros a menos que hayamos obtenido tu permiso o estemos obligados a hacerlo por ley.<\/p>\n<p>Toda la informaci\u00f3n personal que tenemos sobre ti se almacena y procesa de acuerdo con nuestra pol\u00edtica de protecci\u00f3n de datos, en conformidad con el <strong>Reglamento General de Protecci\u00f3n de Datos (GDPR)<\/strong>.<\/p>\n<h2>Seguridad<\/h2>\n<p>Siempre nos aseguraremos de mantener <strong>tu informaci\u00f3n segura<\/strong>.<\/p>\n<p>Para evitar cualquier divulgaci\u00f3n no autorizada o acceso a tu informaci\u00f3n, hemos implementado fuertes medidas de seguridad f\u00edsica y electr\u00f3nica.<\/p>\n<p>Tambi\u00e9n seguimos procedimientos estrictos para garantizar que tratemos todos los datos personales de acuerdo con el Reglamento General de Protecci\u00f3n de Datos (GDPR).<\/p>\n<h2>Enlaces de nuestro sitio<\/h2>\n<p>Nuestro sitio web puede contener enlaces a otros sitios web.<\/p>\n<p>Tenga en cuenta que no tenemos control sobre los sitios web fuera del dominio de Digitogy.eu.<\/p>\n<p>Si proporciona informaci\u00f3n a un sitio web al que enlazamos, no somos responsables de su protecci\u00f3n y privacidad.<\/p>\n<p>Siempre tenga precauci\u00f3n al enviar datos a sitios web.<\/p>\n<p>Lea detenidamente las pol\u00edticas de privacidad y protecci\u00f3n de datos del sitio.<\/p>\n","protected":false},"excerpt":{"rendered":"<p>Esta pol\u00edtica de privacidad describe c\u00f3mo Digitogy.eu protege y utiliza la informaci\u00f3n que proporcionas a la empresa cuando utilizas este sitio web. Si se te solicita que proporciones informaci\u00f3n al utilizar este sitio web, solo se utilizar\u00e1 de acuerdo a lo descrito en esta pol\u00edtica de privacidad. Esta pol\u00edtica se actualiza de vez en cuando. [&hellip;]<\/p>\n","protected":false},"author":58,"featured_media":0,"parent":0,"menu_order":0,"comment_status":"closed","ping_status":"closed","template":"","meta":{"om_disable_all_campaigns":false,"footnotes":""},"sgf-content-tag":[472,475],"sgf-seo-push":[],"class_list":["post-8514","page","type-page","status-publish","hentry"],"yoast_head":"<!-- This site is optimized with the Yoast SEO plugin v24.9 - https:\/\/yoast.com\/wordpress\/plugins\/seo\/ -->\n<title>Pol\u00edtica de Privacidad | Digitogy.eu<\/title>\n<meta name=\"description\" content=\"Esta pol\u00edtica de privacidad describe c\u00f3mo Digitogy.eu protege y utiliza la informaci\u00f3n que proporcionas a la empresa cuando utilizas este sitio web. Si se\" \/>\n<meta name=\"robots\" content=\"index, follow, max-snippet:-1, max-image-preview:large, max-video-preview:-1\" \/>\n<link rel=\"canonical\" href=\"https:\/\/digitogy.eu\/es\/privacy-policy\/\" \/>\n<meta property=\"og:locale\" content=\"es_ES\" \/>\n<meta property=\"og:type\" content=\"article\" \/>\n<meta property=\"og:title\" content=\"Pol\u00edtica de Privacidad | Digitogy.eu\" \/>\n<meta property=\"og:description\" content=\"Esta pol\u00edtica de privacidad describe c\u00f3mo Digitogy.eu protege y utiliza la informaci\u00f3n que proporcionas a la empresa cuando utilizas este sitio web. Si se\" \/>\n<meta property=\"og:url\" content=\"https:\/\/digitogy.eu\/es\/privacy-policy\/\" \/>\n<meta property=\"og:site_name\" content=\"Digitogy.eu\" \/>\n<meta property=\"article:modified_time\" content=\"2023-07-14T06:29:56+00:00\" \/>\n<meta name=\"twitter:card\" content=\"summary_large_image\" \/>\n<!-- \/ Yoast SEO plugin. -->","yoast_head_json":{"title":"Pol\u00edtica de Privacidad | Digitogy.eu","description":"Esta pol\u00edtica de privacidad describe c\u00f3mo Digitogy.eu protege y utiliza la informaci\u00f3n que proporcionas a la empresa cuando utilizas este sitio web. Si se","robots":{"index":"index","follow":"follow","max-snippet":"max-snippet:-1","max-image-preview":"max-image-preview:large","max-video-preview":"max-video-preview:-1"},"canonical":"https:\/\/digitogy.eu\/es\/privacy-policy\/","og_locale":"es_ES","og_type":"article","og_title":"Pol\u00edtica de Privacidad | Digitogy.eu","og_description":"Esta pol\u00edtica de privacidad describe c\u00f3mo Digitogy.eu protege y utiliza la informaci\u00f3n que proporcionas a la empresa cuando utilizas este sitio web. Si se","og_url":"https:\/\/digitogy.eu\/es\/privacy-policy\/","og_site_name":"Digitogy.eu","article_modified_time":"2023-07-14T06:29:56+00:00","twitter_card":"summary_large_image","schema":{"@context":"https:\/\/schema.org","@graph":[{"@type":"WebPage","@id":"https:\/\/digitogy.eu\/es\/privacy-policy\/","url":"https:\/\/digitogy.eu\/es\/privacy-policy\/","name":"Pol\u00edtica de Privacidad | Digitogy.eu","isPartOf":{"@id":"https:\/\/digitogy.eu\/es\/#website"},"datePublished":"2018-08-20T05:50:31+00:00","dateModified":"2023-07-14T06:29:56+00:00","description":"Esta pol\u00edtica de privacidad describe c\u00f3mo Digitogy.eu protege y utiliza la informaci\u00f3n que proporcionas a la empresa cuando utilizas este sitio web. Si se","breadcrumb":{"@id":"https:\/\/digitogy.eu\/es\/privacy-policy\/#breadcrumb"},"inLanguage":"es","potentialAction":[{"@type":"ReadAction","target":["https:\/\/digitogy.eu\/es\/privacy-policy\/"]}]},{"@type":"BreadcrumbList","@id":"https:\/\/digitogy.eu\/es\/privacy-policy\/#breadcrumb","itemListElement":[{"@type":"ListItem","position":1,"name":"Home","item":"https:\/\/digitogy.eu\/es\/pagina-principal\/"},{"@type":"ListItem","position":2,"name":"Pol\u00edtica de Privacidad"}]},{"@type":"WebSite","@id":"https:\/\/digitogy.eu\/es\/#website","url":"https:\/\/digitogy.eu\/es\/","name":"Digitogy.eu","description":"Digital Technology Magazine","publisher":{"@id":"https:\/\/digitogy.eu\/es\/#organization"},"potentialAction":[{"@type":"SearchAction","target":{"@type":"EntryPoint","urlTemplate":"https:\/\/digitogy.eu\/es\/?s={search_term_string}"},"query-input":{"@type":"PropertyValueSpecification","valueRequired":true,"valueName":"search_term_string"}}],"inLanguage":"es"},{"@type":"Organization","@id":"https:\/\/digitogy.eu\/es\/#organization","name":"Digitogy.eu","url":"https:\/\/digitogy.eu\/es\/","logo":{"@type":"ImageObject","inLanguage":"es","@id":"https:\/\/digitogy.eu\/es\/#\/schema\/logo\/image\/","url":"https:\/\/digitogy.eu\/wp-content\/uploads\/2019\/11\/digitogy.png","contentUrl":"https:\/\/digitogy.eu\/wp-content\/uploads\/2019\/11\/digitogy.png","width":150,"height":42,"caption":"Digitogy.eu"},"image":{"@id":"https:\/\/digitogy.eu\/es\/#\/schema\/logo\/image\/"}}]}},"_links":{"self":[{"href":"https:\/\/digitogy.eu\/es\/wp-json\/wp\/v2\/pages\/8514","targetHints":{"allow":["GET"]}}],"collection":[{"href":"https:\/\/digitogy.eu\/es\/wp-json\/wp\/v2\/pages"}],"about":[{"href":"https:\/\/digitogy.eu\/es\/wp-json\/wp\/v2\/types\/page"}],"author":[{"embeddable":true,"href":"https:\/\/digitogy.eu\/es\/wp-json\/wp\/v2\/users\/58"}],"replies":[{"embeddable":true,"href":"https:\/\/digitogy.eu\/es\/wp-json\/wp\/v2\/comments?post=8514"}],"version-history":[{"count":9,"href":"https:\/\/digitogy.eu\/es\/wp-json\/wp\/v2\/pages\/8514\/revisions"}],"predecessor-version":[{"id":46887,"href":"https:\/\/digitogy.eu\/es\/wp-json\/wp\/v2\/pages\/8514\/revisions\/46887"}],"wp:attachment":[{"href":"https:\/\/digitogy.eu\/es\/wp-json\/wp\/v2\/media?parent=8514"}],"wp:term":[{"taxonomy":"sgf-content-tag","embeddable":true,"href":"https:\/\/digitogy.eu\/es\/wp-json\/wp\/v2\/sgf-content-tag?post=8514"},{"taxonomy":"sgf-seo-push","embeddable":true,"href":"https:\/\/digitogy.eu\/es\/wp-json\/wp\/v2\/sgf-seo-push?post=8514"}],"curies":[{"name":"wp","href":"https:\/\/api.w.org\/{rel}","templated":true}]}}