{"id":46969,"date":"2023-07-31T11:35:44","date_gmt":"2023-07-31T10:35:44","guid":{"rendered":"https:\/\/digitogy.eu\/?page_id=46969"},"modified":"2023-07-31T11:35:44","modified_gmt":"2023-07-31T10:35:44","slug":"divulgacion-de-propiedad","status":"publish","type":"page","link":"https:\/\/digitogy.eu\/es\/divulgacion-de-propiedad\/","title":{"rendered":"Divulgaci\u00f3n de Propiedad"},"content":{"rendered":"<p><a href=\"https:\/\/digitogy.eu\/es\/\">Digitogy.eu<\/a> es propiedad y est\u00e1 operada por Affiliare Inc. Estamos comprometidos a proporcionar rese\u00f1as y art\u00edculos imparciales a nuestros lectores, asegurando transparencia e integridad en nuestro contenido.<\/p>\n<p>Es importante tener en cuenta que aunque nuestros art\u00edculos pueden mencionar o referirse a diversos productos, servicios, expertos y m\u00e1s, esto no implica el respaldo de esas entidades ni garantiza la precisi\u00f3n de la informaci\u00f3n que proporcionan. Nos esforzamos por presentar puntos de vista e ideas objetivas para ayudar a los lectores a tomar decisiones informadas.<\/p>\n<p>Alentamos en\u00e9rgicamente a nuestros lectores a realizar investigaciones exhaustivas y consultar m\u00faltiples fuentes antes de comprar cualquier producto o servicio. Confiar \u00fanicamente en las referencias dentro de nuestros art\u00edculos puede no brindar una comprensi\u00f3n completa del tema.<\/p>\n<p>Si tienes alguna consulta o inquietud acerca de nuestro aviso de propiedad, no dudes en enviar un mensaje a <a href=\"mailto:info@affiliareinc.com\" target=\"_blank\" rel=\"nofollow noopener noreferrer\">info@affiliareinc.com<\/a>.<\/p>\n","protected":false},"excerpt":{"rendered":"<p>Digitogy.eu es propiedad y est\u00e1 operada por Affiliare Inc. Estamos comprometidos a proporcionar rese\u00f1as y art\u00edculos imparciales a nuestros lectores, asegurando transparencia e integridad en nuestro contenido. Es importante tener en cuenta que aunque nuestros art\u00edculos pueden mencionar o referirse a diversos productos, servicios, expertos y m\u00e1s, esto no implica el respaldo de esas entidades [&hellip;]<\/p>\n","protected":false},"author":58,"featured_media":0,"parent":0,"menu_order":0,"comment_status":"closed","ping_status":"closed","template":"","meta":{"om_disable_all_campaigns":false,"footnotes":""},"sgf-content-tag":[1595,472],"sgf-seo-push":[],"class_list":["post-46969","page","type-page","status-publish","hentry"],"yoast_head":"<!-- This site is optimized with the Yoast SEO plugin v24.9 - https:\/\/yoast.com\/wordpress\/plugins\/seo\/ -->\n<title>Divulgaci\u00f3n de Propiedad | Digitogy.eu<\/title>\n<meta name=\"description\" content=\"Digitogy.eu es propiedad y est\u00e1 operada por Affiliare Inc. Estamos comprometidos a proporcionar rese\u00f1as y art\u00edculos imparciales a nuestros lectores,\" \/>\n<meta name=\"robots\" content=\"index, follow, max-snippet:-1, max-image-preview:large, max-video-preview:-1\" \/>\n<link rel=\"canonical\" href=\"https:\/\/digitogy.eu\/es\/divulgacion-de-propiedad\/\" \/>\n<meta property=\"og:locale\" content=\"es_ES\" \/>\n<meta property=\"og:type\" content=\"article\" \/>\n<meta property=\"og:title\" content=\"Divulgaci\u00f3n de Propiedad | Digitogy.eu\" \/>\n<meta property=\"og:description\" content=\"Digitogy.eu es propiedad y est\u00e1 operada por Affiliare Inc. Estamos comprometidos a proporcionar rese\u00f1as y art\u00edculos imparciales a nuestros lectores,\" \/>\n<meta property=\"og:url\" content=\"https:\/\/digitogy.eu\/es\/divulgacion-de-propiedad\/\" \/>\n<meta property=\"og:site_name\" content=\"Digitogy.eu\" \/>\n<meta name=\"twitter:card\" content=\"summary_large_image\" \/>\n<!-- \/ Yoast SEO plugin. -->","yoast_head_json":{"title":"Divulgaci\u00f3n de Propiedad | Digitogy.eu","description":"Digitogy.eu es propiedad y est\u00e1 operada por Affiliare Inc. Estamos comprometidos a proporcionar rese\u00f1as y art\u00edculos imparciales a nuestros lectores,","robots":{"index":"index","follow":"follow","max-snippet":"max-snippet:-1","max-image-preview":"max-image-preview:large","max-video-preview":"max-video-preview:-1"},"canonical":"https:\/\/digitogy.eu\/es\/divulgacion-de-propiedad\/","og_locale":"es_ES","og_type":"article","og_title":"Divulgaci\u00f3n de Propiedad | Digitogy.eu","og_description":"Digitogy.eu es propiedad y est\u00e1 operada por Affiliare Inc. Estamos comprometidos a proporcionar rese\u00f1as y art\u00edculos imparciales a nuestros lectores,","og_url":"https:\/\/digitogy.eu\/es\/divulgacion-de-propiedad\/","og_site_name":"Digitogy.eu","twitter_card":"summary_large_image","schema":{"@context":"https:\/\/schema.org","@graph":[{"@type":"WebPage","@id":"https:\/\/digitogy.eu\/es\/divulgacion-de-propiedad\/","url":"https:\/\/digitogy.eu\/es\/divulgacion-de-propiedad\/","name":"Divulgaci\u00f3n de Propiedad | Digitogy.eu","isPartOf":{"@id":"https:\/\/digitogy.eu\/es\/#website"},"datePublished":"2023-07-31T10:35:44+00:00","description":"Digitogy.eu es propiedad y est\u00e1 operada por Affiliare Inc. Estamos comprometidos a proporcionar rese\u00f1as y art\u00edculos imparciales a nuestros lectores,","breadcrumb":{"@id":"https:\/\/digitogy.eu\/es\/divulgacion-de-propiedad\/#breadcrumb"},"inLanguage":"es","potentialAction":[{"@type":"ReadAction","target":["https:\/\/digitogy.eu\/es\/divulgacion-de-propiedad\/"]}]},{"@type":"BreadcrumbList","@id":"https:\/\/digitogy.eu\/es\/divulgacion-de-propiedad\/#breadcrumb","itemListElement":[{"@type":"ListItem","position":1,"name":"Home","item":"https:\/\/digitogy.eu\/es\/pagina-principal\/"},{"@type":"ListItem","position":2,"name":"Divulgaci\u00f3n de Propiedad"}]},{"@type":"WebSite","@id":"https:\/\/digitogy.eu\/es\/#website","url":"https:\/\/digitogy.eu\/es\/","name":"Digitogy.eu","description":"Digital Technology Magazine","publisher":{"@id":"https:\/\/digitogy.eu\/es\/#organization"},"potentialAction":[{"@type":"SearchAction","target":{"@type":"EntryPoint","urlTemplate":"https:\/\/digitogy.eu\/es\/?s={search_term_string}"},"query-input":{"@type":"PropertyValueSpecification","valueRequired":true,"valueName":"search_term_string"}}],"inLanguage":"es"},{"@type":"Organization","@id":"https:\/\/digitogy.eu\/es\/#organization","name":"Digitogy.eu","url":"https:\/\/digitogy.eu\/es\/","logo":{"@type":"ImageObject","inLanguage":"es","@id":"https:\/\/digitogy.eu\/es\/#\/schema\/logo\/image\/","url":"https:\/\/digitogy.eu\/wp-content\/uploads\/2019\/11\/digitogy.png","contentUrl":"https:\/\/digitogy.eu\/wp-content\/uploads\/2019\/11\/digitogy.png","width":150,"height":42,"caption":"Digitogy.eu"},"image":{"@id":"https:\/\/digitogy.eu\/es\/#\/schema\/logo\/image\/"}}]}},"_links":{"self":[{"href":"https:\/\/digitogy.eu\/es\/wp-json\/wp\/v2\/pages\/46969","targetHints":{"allow":["GET"]}}],"collection":[{"href":"https:\/\/digitogy.eu\/es\/wp-json\/wp\/v2\/pages"}],"about":[{"href":"https:\/\/digitogy.eu\/es\/wp-json\/wp\/v2\/types\/page"}],"author":[{"embeddable":true,"href":"https:\/\/digitogy.eu\/es\/wp-json\/wp\/v2\/users\/58"}],"replies":[{"embeddable":true,"href":"https:\/\/digitogy.eu\/es\/wp-json\/wp\/v2\/comments?post=46969"}],"version-history":[{"count":1,"href":"https:\/\/digitogy.eu\/es\/wp-json\/wp\/v2\/pages\/46969\/revisions"}],"predecessor-version":[{"id":46970,"href":"https:\/\/digitogy.eu\/es\/wp-json\/wp\/v2\/pages\/46969\/revisions\/46970"}],"wp:attachment":[{"href":"https:\/\/digitogy.eu\/es\/wp-json\/wp\/v2\/media?parent=46969"}],"wp:term":[{"taxonomy":"sgf-content-tag","embeddable":true,"href":"https:\/\/digitogy.eu\/es\/wp-json\/wp\/v2\/sgf-content-tag?post=46969"},{"taxonomy":"sgf-seo-push","embeddable":true,"href":"https:\/\/digitogy.eu\/es\/wp-json\/wp\/v2\/sgf-seo-push?post=46969"}],"curies":[{"name":"wp","href":"https:\/\/api.w.org\/{rel}","templated":true}]}}