{"id":46813,"date":"2023-07-13T09:45:06","date_gmt":"2023-07-13T08:45:06","guid":{"rendered":"https:\/\/digitogy.eu\/?page_id=46813"},"modified":"2023-07-13T09:45:06","modified_gmt":"2023-07-13T08:45:06","slug":"divulgacion-de-afiliados","status":"publish","type":"page","link":"https:\/\/digitogy.eu\/es\/divulgacion-de-afiliados\/","title":{"rendered":"Divulgaci\u00f3n de Afiliados"},"content":{"rendered":"<p><a href=\"https:\/\/digitogy.eu\/es\/\">Nuestro sitio web<\/a> utiliza el marketing de afiliaci\u00f3n como medio para generar ingresos. Esto significa que <strong>podemos recibir una comisi\u00f3n por las compras realizadas a trav\u00e9s de los enlaces de afiliados que aparecen en nuestras p\u00e1ginas.<\/strong><\/p>\n<p>Sin embargo, es importante destacar que nuestros escritores no reciben ninguna forma de compensaci\u00f3n de las empresas cuyos productos revisan.<\/p>\n<p><strong>Mantenemos una clara separaci\u00f3n entre nuestros equipos de redacci\u00f3n y marketing para garantizar la integridad y objetividad de nuestro contenido.<\/strong><\/p>\n<p>La colocaci\u00f3n de enlaces de afiliados y botones de llamada a la acci\u00f3n en ciertas p\u00e1ginas es manejada \u00fanicamente por nuestro equipo de marketing.<\/p>\n<p>En nuestro sitio web, nos esforzamos por proporcionar rese\u00f1as informativas e imparciales de varios dispositivos.<\/p>\n<p><strong>Nuestro equipo de escritores se dedica a realizar una investigaci\u00f3n exhaustiva, adquirir un conocimiento profundo de los dispositivos y probar personalmente cada producto.<\/strong><\/p>\n<p>Se enorgullecen de ofrecer sus opiniones imparciales y conocimientos a nuestros lectores.<\/p>\n<p><strong>Nos comprometemos a brindar informaci\u00f3n honesta y confiable a nuestros lectores.<\/strong> Nuestro objetivo es proporcionar contenido valioso que le ayude a tomar decisiones informadas sobre los productos y servicios que revisamos.<\/p>\n<p><strong>La transparencia es de suma importancia para nosotros<\/strong>, y queremos que se sienta seguro acerca de la precisi\u00f3n y autenticidad de nuestras rese\u00f1as.<\/p>\n<p>Agradecemos enormemente su apoyo a trav\u00e9s de compras de afiliados, ya que nos permite seguir ofreciendo contenido de alta calidad a nuestros lectores de forma gratuita. Le agradecemos sinceramente su confianza y por ser una parte valiosa de nuestra comunidad.<\/p>\n","protected":false},"excerpt":{"rendered":"<p>Nuestro sitio web utiliza el marketing de afiliaci\u00f3n como medio para generar ingresos. Esto significa que podemos recibir una comisi\u00f3n por las compras realizadas a trav\u00e9s de los enlaces de afiliados que aparecen en nuestras p\u00e1ginas. Sin embargo, es importante destacar que nuestros escritores no reciben ninguna forma de compensaci\u00f3n de las empresas cuyos productos [&hellip;]<\/p>\n","protected":false},"author":58,"featured_media":0,"parent":0,"menu_order":0,"comment_status":"closed","ping_status":"closed","template":"","meta":{"om_disable_all_campaigns":false,"footnotes":""},"sgf-content-tag":[1594,472],"sgf-seo-push":[],"class_list":["post-46813","page","type-page","status-publish","hentry"],"yoast_head":"<!-- This site is optimized with the Yoast SEO plugin v24.9 - https:\/\/yoast.com\/wordpress\/plugins\/seo\/ -->\n<title>Divulgaci\u00f3n de Afiliados | Digitogy.eu<\/title>\n<meta name=\"description\" content=\"Nuestro sitio web utiliza el marketing de afiliaci\u00f3n como medio para generar ingresos. Esto significa que podemos recibir una comisi\u00f3n por las compras\" \/>\n<meta name=\"robots\" content=\"index, follow, max-snippet:-1, max-image-preview:large, max-video-preview:-1\" \/>\n<link rel=\"canonical\" href=\"https:\/\/digitogy.eu\/es\/divulgacion-de-afiliados\/\" \/>\n<meta property=\"og:locale\" content=\"es_ES\" \/>\n<meta property=\"og:type\" content=\"article\" \/>\n<meta property=\"og:title\" content=\"Divulgaci\u00f3n de Afiliados | Digitogy.eu\" \/>\n<meta property=\"og:description\" content=\"Nuestro sitio web utiliza el marketing de afiliaci\u00f3n como medio para generar ingresos. Esto significa que podemos recibir una comisi\u00f3n por las compras\" \/>\n<meta property=\"og:url\" content=\"https:\/\/digitogy.eu\/es\/divulgacion-de-afiliados\/\" \/>\n<meta property=\"og:site_name\" content=\"Digitogy.eu\" \/>\n<meta name=\"twitter:card\" content=\"summary_large_image\" \/>\n<!-- \/ Yoast SEO plugin. -->","yoast_head_json":{"title":"Divulgaci\u00f3n de Afiliados | Digitogy.eu","description":"Nuestro sitio web utiliza el marketing de afiliaci\u00f3n como medio para generar ingresos. Esto significa que podemos recibir una comisi\u00f3n por las compras","robots":{"index":"index","follow":"follow","max-snippet":"max-snippet:-1","max-image-preview":"max-image-preview:large","max-video-preview":"max-video-preview:-1"},"canonical":"https:\/\/digitogy.eu\/es\/divulgacion-de-afiliados\/","og_locale":"es_ES","og_type":"article","og_title":"Divulgaci\u00f3n de Afiliados | Digitogy.eu","og_description":"Nuestro sitio web utiliza el marketing de afiliaci\u00f3n como medio para generar ingresos. Esto significa que podemos recibir una comisi\u00f3n por las compras","og_url":"https:\/\/digitogy.eu\/es\/divulgacion-de-afiliados\/","og_site_name":"Digitogy.eu","twitter_card":"summary_large_image","schema":{"@context":"https:\/\/schema.org","@graph":[{"@type":"WebPage","@id":"https:\/\/digitogy.eu\/es\/divulgacion-de-afiliados\/","url":"https:\/\/digitogy.eu\/es\/divulgacion-de-afiliados\/","name":"Divulgaci\u00f3n de Afiliados | Digitogy.eu","isPartOf":{"@id":"https:\/\/digitogy.eu\/es\/#website"},"datePublished":"2023-07-13T08:45:06+00:00","description":"Nuestro sitio web utiliza el marketing de afiliaci\u00f3n como medio para generar ingresos. Esto significa que podemos recibir una comisi\u00f3n por las compras","breadcrumb":{"@id":"https:\/\/digitogy.eu\/es\/divulgacion-de-afiliados\/#breadcrumb"},"inLanguage":"es","potentialAction":[{"@type":"ReadAction","target":["https:\/\/digitogy.eu\/es\/divulgacion-de-afiliados\/"]}]},{"@type":"BreadcrumbList","@id":"https:\/\/digitogy.eu\/es\/divulgacion-de-afiliados\/#breadcrumb","itemListElement":[{"@type":"ListItem","position":1,"name":"Home","item":"https:\/\/digitogy.eu\/es\/pagina-principal\/"},{"@type":"ListItem","position":2,"name":"Divulgaci\u00f3n de Afiliados"}]},{"@type":"WebSite","@id":"https:\/\/digitogy.eu\/es\/#website","url":"https:\/\/digitogy.eu\/es\/","name":"Digitogy.eu","description":"Digital Technology Magazine","publisher":{"@id":"https:\/\/digitogy.eu\/es\/#organization"},"potentialAction":[{"@type":"SearchAction","target":{"@type":"EntryPoint","urlTemplate":"https:\/\/digitogy.eu\/es\/?s={search_term_string}"},"query-input":{"@type":"PropertyValueSpecification","valueRequired":true,"valueName":"search_term_string"}}],"inLanguage":"es"},{"@type":"Organization","@id":"https:\/\/digitogy.eu\/es\/#organization","name":"Digitogy.eu","url":"https:\/\/digitogy.eu\/es\/","logo":{"@type":"ImageObject","inLanguage":"es","@id":"https:\/\/digitogy.eu\/es\/#\/schema\/logo\/image\/","url":"https:\/\/digitogy.eu\/wp-content\/uploads\/2019\/11\/digitogy.png","contentUrl":"https:\/\/digitogy.eu\/wp-content\/uploads\/2019\/11\/digitogy.png","width":150,"height":42,"caption":"Digitogy.eu"},"image":{"@id":"https:\/\/digitogy.eu\/es\/#\/schema\/logo\/image\/"}}]}},"_links":{"self":[{"href":"https:\/\/digitogy.eu\/es\/wp-json\/wp\/v2\/pages\/46813","targetHints":{"allow":["GET"]}}],"collection":[{"href":"https:\/\/digitogy.eu\/es\/wp-json\/wp\/v2\/pages"}],"about":[{"href":"https:\/\/digitogy.eu\/es\/wp-json\/wp\/v2\/types\/page"}],"author":[{"embeddable":true,"href":"https:\/\/digitogy.eu\/es\/wp-json\/wp\/v2\/users\/58"}],"replies":[{"embeddable":true,"href":"https:\/\/digitogy.eu\/es\/wp-json\/wp\/v2\/comments?post=46813"}],"version-history":[{"count":8,"href":"https:\/\/digitogy.eu\/es\/wp-json\/wp\/v2\/pages\/46813\/revisions"}],"predecessor-version":[{"id":46836,"href":"https:\/\/digitogy.eu\/es\/wp-json\/wp\/v2\/pages\/46813\/revisions\/46836"}],"wp:attachment":[{"href":"https:\/\/digitogy.eu\/es\/wp-json\/wp\/v2\/media?parent=46813"}],"wp:term":[{"taxonomy":"sgf-content-tag","embeddable":true,"href":"https:\/\/digitogy.eu\/es\/wp-json\/wp\/v2\/sgf-content-tag?post=46813"},{"taxonomy":"sgf-seo-push","embeddable":true,"href":"https:\/\/digitogy.eu\/es\/wp-json\/wp\/v2\/sgf-seo-push?post=46813"}],"curies":[{"name":"wp","href":"https:\/\/api.w.org\/{rel}","templated":true}]}}