{"id":20645,"date":"2020-10-06T05:10:02","date_gmt":"2020-10-06T04:10:02","guid":{"rendered":"https:\/\/digitogy.eu\/?page_id=20645"},"modified":"2023-08-03T08:42:27","modified_gmt":"2023-08-03T07:42:27","slug":"sobre-nosotros","status":"publish","type":"page","link":"https:\/\/digitogy.eu\/es\/sobre-nosotros\/","title":{"rendered":"Sobre nosotros"},"content":{"rendered":"<p>Bienvenidos a Digitogy.eu, una empresa editorial de gadgets con un fascinante viaje que vale la pena compartir. Nuestro sitio web fue fundado con un prop\u00f3sito espec\u00edfico en mente: convertirse en una fuente confiable de informaci\u00f3n sobre el mundo de los gadgets y la tecnolog\u00eda.<\/p>\n<h2><strong>Fundaci\u00f3n y Primeros D\u00edas<\/strong><\/h2>\n<p>Digitogy.eu fue fundado en 2019 por un grupo de entusiastas de la tecnolog\u00eda con una visi\u00f3n compartida.<\/p>\n<p>Desde el principio, nuestro objetivo ha sido proporcionar revisiones detalladas e imparciales de los \u00faltimos gadgets disponibles en el mercado. Durante los primeros d\u00edas, enfrentamos desaf\u00edos, pero nuestra determinaci\u00f3n y pasi\u00f3n nos impulsaron a superarlos.<\/p>\n<h2><strong>Crecimiento y Evoluci\u00f3n<\/strong><\/h2>\n<p>A lo largo de los a\u00f1os, Digitogy.eu ha experimentado un notable crecimiento y evoluci\u00f3n. Hemos ampliado las categor\u00edas de contenido para incluir una amplia gama de gadgets, desde dispositivos m\u00f3viles hasta electrodom\u00e9sticos inteligentes y mucho m\u00e1s.<\/p>\n<p>La incorporaci\u00f3n de los comentarios de los usuarios nos ha permitido mejorar constantemente nuestro sitio y ofrecer una mejor experiencia a nuestros lectores.<\/p>\n<p>Hemos alcanzado importantes hitos y recibido reconocimientos, pero nuestro compromiso de seguir siendo una fuente confiable de informaci\u00f3n tecnol\u00f3gica sigue siendo inquebrantable.<\/p>\n<h2><strong>Comunidad e Impacto<\/strong><\/h2>\n<p>Digitogy.eu ha creado una comunidad de lectores y colaboradores a lo largo de los a\u00f1os. Agradecemos el compromiso activo de nuestros lectores, que nos ha ayudado a construir un v\u00ednculo s\u00f3lido y significativo.<\/p>\n<p>Nuestras revisiones y gu\u00edas han tenido un impacto positivo en la vida de nuestros lectores, ayud\u00e1ndoles a tomar decisiones de compra informadas y explorar las \u00faltimas tendencias tecnol\u00f3gicas.<\/p>\n<h2>Los escritores que lo hacen posible<\/h2>\n\t\t\t<style>.authors-list-cols-dir-horizontal .authors-list-col{display:block;float:left;margin-right:3.42%}.authors-list-cols-dir-horizontal .authors-list-col-1{width:5.198%}.authors-list-cols-dir-horizontal .authors-list-col-2{width:13.81%}.authors-list-cols-dir-horizontal .authors-list-col-3{width:22.43%}.authors-list-cols-dir-horizontal .authors-list-col-4{width:31.05%}.authors-list-cols-dir-horizontal .authors-list-col-5{width:39.67%}.authors-list-cols-dir-horizontal .authors-list-col-6{width:48.29%}.authors-list-cols-dir-horizontal .authors-list-col-7{width:56.9%}.authors-list-cols-dir-horizontal .authors-list-col-8{width:65.52%}.authors-list-cols-dir-horizontal .authors-list-col-9{width:74.14%}.authors-list-cols-dir-horizontal .authors-list-col-10{width:82.76%}.authors-list-cols-dir-horizontal .authors-list-col-11{width:91.38%}.authors-list-cols-dir-horizontal .authors-list-col-12{width:100%}.authors-list-cols-dir-horizontal .authors-list-col-last{margin-right:0}.authors-list-cols-dir-horizontal .authors-list-col-first{clear:both}.authors-list-cols-dir-horizontal.authors-list-cols-2 .authors-list-col:nth-child(2n){margin-right:0}.authors-list-cols-dir-horizontal.authors-list-cols-2 .authors-list-col:nth-child(2n+1){clear:both}.authors-list-cols-dir-horizontal.authors-list-cols-3 .authors-list-col:nth-child(3n){margin-right:0}.authors-list-cols-dir-horizontal.authors-list-cols-3 .authors-list-col:nth-child(3n+1){clear:both}.authors-list-cols-dir-horizontal.authors-list-cols-4 .authors-list-col:nth-child(4n){margin-right:0}.authors-list-cols-dir-horizontal.authors-list-cols-4 .authors-list-col:nth-child(4n+1){clear:both}.authors-list-cols-dir-vertical{column-gap:3.42%}.authors-list-cols-dir-vertical.authors-list-cols-2{column-count:2}.authors-list-cols-dir-vertical.authors-list-cols-3{column-count:3}.authors-list-cols-dir-vertical.authors-list-cols-3{column-count:3}.authors-list-cols-dir-vertical.authors-list-cols-4{column-count:4}.authors-list-clearfix:after,.authors-list-clearfix:before{content:\" \";display:table}.authors-list-clearfix:after{clear:both}.authors-list-item{margin-bottom:30px;position:relative}.authors-list-cols-dir-vertical .authors-list-item{break-inside:avoid-column;page-break-inside:avoid}.authors-list-item-thumbnail{margin-bottom:20px;position:relative}.authors-list-item-thumbnail a,.authors-list-item-thumbnail img{display:block;position:relative;border:0}.authors-list-item-thumbnail img{max-width:100%;height:auto;border-radius:inherit;}.authors-list-item-title{font-size:22px;font-weight:700;margin-bottom:5px}.authors-list-item-title a{color:inherit}.authors-list-item-subtitle{margin-bottom:5px;font-size:80%}.authors-list-item-social{margin-bottom:10px}.authors-list-item-social a{font-size:15px;margin-right:5px;text-decoration:none}.authors-list-item-social svg{width:15px}.authors-list-item-social-facebook{fill:#3b5998}.authors-list-item-social-instagram{fill:#405de6}.authors-list-item-social-linkedin{fill:#0077b5}.authors-list-item-social-pinterest{fill:#bd081c}.authors-list-item-social-tumblr{fill:#35465c}.authors-list-item-social-twitter{fill:#1da1f2}.authors-list-item-social-youtube{fill:red}.authors-list-item-social-tiktok{fill:#1e3050}.authors-list-item-excerpt{margin-bottom:10px}.authors-list-items-s2 .authors-list-item-main{position:absolute;bottom:0;left:0;right:0;padding:30px;color:#fff;background:rgba(0,0,0,.3)}.authors-list-items-s2 .authors-list-item-thumbnail{margin-bottom:0}.authors-list-items-s2 .authors-list-item-title{color:inherit}.authors-list-items-s2 .authors-list-item-link{color:inherit}.authors-list-items-s3 .authors-list-item-thumbnail{margin-bottom:0}.authors-list-items-s3 .authors-list-item-main{position:absolute;bottom:0;left:0;right:0;top:0;padding:30px;opacity:0;transform:scale(0);transition:all .3s;background:#fff;border:2px solid #eee}.authors-list-items-s3 .authors-list-item:hover .authors-list-item-main{opacity:1;transform:scale(1)}.authors-list-items-s4 .authors-list-item-thumbnail{float:left;margin-right:20px;width:25%}.authors-list-item-s4 .authors-list-item-main{overflow:hidden}.author-list-item-after-avatar,.author-list-item-after-bio,.author-list-item-after-count,.author-list-item-after-link,.author-list-item-after-title,.author-list-item-before-avatar,.author-list-item-before-bio,.author-list-item-before-count,.author-list-item-before-link,.author-list-item-before-title{margin-bottom:5px}@media only screen and (max-width:767px){.authors-list-cols-dir-horizontal .authors-list-col{width:100%;margin-right:0!important}.authors-list-cols-dir-vertical{column-count:1!important}}.authors-list-pagination{text-align:center}.authors-list-pagination li{display:inline-block;margin:0 2px}.authors-list-pagination li a,.authors-list-pagination li>span{display:inline-block;border:1px solid rgba(0,0,0,.2);padding:10px;line-height:1}<\/style>\n\t\t\t\t\t\t<div class=\"authors-list-items authors-list-items-s3 authors-list-clearfix authors-list-cols-3 authors-list-cols-dir-horizontal \">\n\t\t\t\n\t\t<div class=\"authors-list-item authors-list-item-clearfix authors-list-col authors-list-col-4\">\n\n\t\t\t\t\t\t\t<div class=\"authors-list-item-thumbnail\">\n\t\t\t\t\t\n\t\t\t\t\t<a href=\"https:\/\/digitogy.eu\/es\/author\/david\/\" class=\"author-list-item-avatar\">\n\t\t\t\t\t\t\t\t\t\t\t\t\t<img alt='David' src='https:\/\/digitogy.eu\/wp-content\/uploads\/2022\/05\/david-200x200-1-500x500.jpg' srcset='https:\/\/digitogy.eu\/wp-content\/uploads\/2022\/05\/david-200x200-1-1000x1000.jpg 2x' class='avatar avatar-500 photo' height='500' width='500' \/>\t\t\t\t\t\t\t\t\t\t\t<\/a>\n\n\t\t\t\t\t\t\t\t\t<\/div><!-- .team-item-thumbnail -->\n\t\t\t\n\t\t\t<div class=\"authors-list-item-main\">\n\n\t\t\t\t\n\t\t\t\t\t\t\t\t\t<div class=\"authors-list-item-title\">\n\t\t\t\t\t\t<a href=\"https:\/\/digitogy.eu\/es\/author\/david\/\">David<\/a>\n\t\t\t\t\t<\/div>\n\t\t\t\t\n\t\t\t\t\n\t\t\t\t\n\t\t\t\t\t\t\t\t\t\t\t\t\t\t<div class=\"authors-list-item-subtitle\">65 posts<\/div>\n\t\t\t\t\n\t\t\t\t\n\t\t\t\t\n\t\t\t\t\n\t\t\t\t\n\t\t\t\t\n\t\t\t\t\t\t\t\t\t\t\t\t\t\t<a href=\"https:\/\/digitogy.eu\/es\/author\/david\/\" class=\"authors-list-item-link\" aria-label=\" - View Posts &rarr;\">View Posts &rarr;<\/a>\n\t\t\t\t\n\t\t\t\t\n\t\t\t<\/div><!-- .team-item-main -->\n\n\t\t<\/div><!-- .authors-list-item -->\n\n\t\t\n\t\t<div class=\"authors-list-item authors-list-item-clearfix authors-list-col authors-list-col-4\">\n\n\t\t\t\t\t\t\t<div class=\"authors-list-item-thumbnail\">\n\t\t\t\t\t\n\t\t\t\t\t<a href=\"https:\/\/digitogy.eu\/es\/author\/emilia\/\" class=\"author-list-item-avatar\">\n\t\t\t\t\t\t\t\t\t\t\t\t\t<img alt='Alicia T.' src='https:\/\/digitogy.eu\/wp-content\/uploads\/2022\/05\/alicia-500x500.jpg' srcset='https:\/\/digitogy.eu\/wp-content\/uploads\/2022\/05\/alicia-1000x1000.jpg 2x' class='avatar avatar-500 photo' height='500' width='500' \/>\t\t\t\t\t\t\t\t\t\t\t<\/a>\n\n\t\t\t\t\t\t\t\t\t<\/div><!-- .team-item-thumbnail -->\n\t\t\t\n\t\t\t<div class=\"authors-list-item-main\">\n\n\t\t\t\t\n\t\t\t\t\t\t\t\t\t<div class=\"authors-list-item-title\">\n\t\t\t\t\t\t<a href=\"https:\/\/digitogy.eu\/es\/author\/emilia\/\">Alicia T.<\/a>\n\t\t\t\t\t<\/div>\n\t\t\t\t\n\t\t\t\t\n\t\t\t\t\n\t\t\t\t\t\t\t\t\t\t\t\t\t\t<div class=\"authors-list-item-subtitle\">15 posts<\/div>\n\t\t\t\t\n\t\t\t\t\n\t\t\t\t\n\t\t\t\t\n\t\t\t\t\n\t\t\t\t\n\t\t\t\t\t\t\t\t\t\t\t\t\t\t<a href=\"https:\/\/digitogy.eu\/es\/author\/emilia\/\" class=\"authors-list-item-link\" aria-label=\" - View Posts &rarr;\">View Posts &rarr;<\/a>\n\t\t\t\t\n\t\t\t\t\n\t\t\t<\/div><!-- .team-item-main -->\n\n\t\t<\/div><!-- .authors-list-item -->\n\n\t\t\n\t\t<div class=\"authors-list-item authors-list-item-clearfix authors-list-col authors-list-col-4\">\n\n\t\t\t\t\t\t\t<div class=\"authors-list-item-thumbnail\">\n\t\t\t\t\t\n\t\t\t\t\t<a href=\"https:\/\/digitogy.eu\/es\/author\/javier\/\" class=\"author-list-item-avatar\">\n\t\t\t\t\t\t\t\t\t\t\t\t\t<img alt='Javier' src='https:\/\/digitogy.eu\/wp-content\/uploads\/2022\/05\/javier-500x500.jpg' srcset='https:\/\/digitogy.eu\/wp-content\/uploads\/2022\/05\/javier-1000x1000.jpg 2x' class='avatar avatar-500 photo' height='500' width='500' \/>\t\t\t\t\t\t\t\t\t\t\t<\/a>\n\n\t\t\t\t\t\t\t\t\t<\/div><!-- .team-item-thumbnail -->\n\t\t\t\n\t\t\t<div class=\"authors-list-item-main\">\n\n\t\t\t\t\n\t\t\t\t\t\t\t\t\t<div class=\"authors-list-item-title\">\n\t\t\t\t\t\t<a href=\"https:\/\/digitogy.eu\/es\/author\/javier\/\">Javier<\/a>\n\t\t\t\t\t<\/div>\n\t\t\t\t\n\t\t\t\t\n\t\t\t\t\n\t\t\t\t\t\t\t\t\t\t\t\t\t\t<div class=\"authors-list-item-subtitle\">27 posts<\/div>\n\t\t\t\t\n\t\t\t\t\n\t\t\t\t\n\t\t\t\t\n\t\t\t\t\n\t\t\t\t\n\t\t\t\t\t\t\t\t\t\t\t\t\t\t<a href=\"https:\/\/digitogy.eu\/es\/author\/javier\/\" class=\"authors-list-item-link\" aria-label=\" - View Posts &rarr;\">View Posts &rarr;<\/a>\n\t\t\t\t\n\t\t\t\t\n\t\t\t<\/div><!-- .team-item-main -->\n\n\t\t<\/div><!-- .authors-list-item -->\n\n\t\t\n\t\t<div class=\"authors-list-item authors-list-item-clearfix authors-list-col authors-list-col-4\">\n\n\t\t\t\t\t\t\t<div class=\"authors-list-item-thumbnail\">\n\t\t\t\t\t\n\t\t\t\t\t<a href=\"https:\/\/digitogy.eu\/es\/author\/maria\/\" class=\"author-list-item-avatar\">\n\t\t\t\t\t\t\t\t\t\t\t\t\t<img alt='Mar\u00eda' src='https:\/\/digitogy.eu\/wp-content\/uploads\/2022\/05\/maria-500x500.jpg' srcset='https:\/\/digitogy.eu\/wp-content\/uploads\/2022\/05\/maria-1000x1000.jpg 2x' class='avatar avatar-500 photo' height='500' width='500' \/>\t\t\t\t\t\t\t\t\t\t\t<\/a>\n\n\t\t\t\t\t\t\t\t\t<\/div><!-- .team-item-thumbnail -->\n\t\t\t\n\t\t\t<div class=\"authors-list-item-main\">\n\n\t\t\t\t\n\t\t\t\t\t\t\t\t\t<div class=\"authors-list-item-title\">\n\t\t\t\t\t\t<a href=\"https:\/\/digitogy.eu\/es\/author\/maria\/\">Mar\u00eda<\/a>\n\t\t\t\t\t<\/div>\n\t\t\t\t\n\t\t\t\t\n\t\t\t\t\n\t\t\t\t\t\t\t\t\t\t\t\t\t\t<div class=\"authors-list-item-subtitle\">3 posts<\/div>\n\t\t\t\t\n\t\t\t\t\n\t\t\t\t\n\t\t\t\t\n\t\t\t\t\n\t\t\t\t\n\t\t\t\t\t\t\t\t\t\t\t\t\t\t<a href=\"https:\/\/digitogy.eu\/es\/author\/maria\/\" class=\"authors-list-item-link\" aria-label=\" - View Posts &rarr;\">View Posts &rarr;<\/a>\n\t\t\t\t\n\t\t\t\t\n\t\t\t<\/div><!-- .team-item-main -->\n\n\t\t<\/div><!-- .authors-list-item -->\n\n\t\t\n\t\t\t<span class=\"spinner\">\n\t\t\t\t<span class=\"spin\">\n\t\t\t\t\t<svg xmlns=\"http:\/\/www.w3.org\/2000\/svg\" viewBox=\"0 0 512 512\">\n\t\t\t\t\t\t<path d=\"M304 48C304 74.51 282.5 96 256 96C229.5 96 208 74.51 208 48C208 21.49 229.5 0 256 0C282.5 0 304 21.49 304 48zM304 464C304 490.5 282.5 512 256 512C229.5 512 208 490.5 208 464C208 437.5 229.5 416 256 416C282.5 416 304 437.5 304 464zM0 256C0 229.5 21.49 208 48 208C74.51 208 96 229.5 96 256C96 282.5 74.51 304 48 304C21.49 304 0 282.5 0 256zM512 256C512 282.5 490.5 304 464 304C437.5 304 416 282.5 416 256C416 229.5 437.5 208 464 208C490.5 208 512 229.5 512 256zM74.98 437C56.23 418.3 56.23 387.9 74.98 369.1C93.73 350.4 124.1 350.4 142.9 369.1C161.6 387.9 161.6 418.3 142.9 437C124.1 455.8 93.73 455.8 74.98 437V437zM142.9 142.9C124.1 161.6 93.73 161.6 74.98 142.9C56.24 124.1 56.24 93.73 74.98 74.98C93.73 56.23 124.1 56.23 142.9 74.98C161.6 93.73 161.6 124.1 142.9 142.9zM369.1 369.1C387.9 350.4 418.3 350.4 437 369.1C455.8 387.9 455.8 418.3 437 437C418.3 455.8 387.9 455.8 369.1 437C350.4 418.3 350.4 387.9 369.1 369.1V369.1z\"\/>\n\t\t\t\t\t<\/svg>\n\t\t\t\t<\/span>\n\t\t\t<\/span>\n\n\t\t\t\t\t\t<\/div><!-- authors-list-items -->\n\t\t\t\n<p>En Digitogy.eu <strong>creemos firmemente que \u201cno es lo que se cuenta\u201d, sino \u201cc\u00f3mo se cuenta\u201d<\/strong>.<\/p>\n<p>De nada sirve tener todo el conocimiento de mundo, si no se sabe c\u00f3mo ense\u00f1arlo de manera eficaz.<\/p>\n<p>Es por este particular motivo que nos hemos dedicado a reclutar escritores que, adem\u00e1s de excelentes profesionales en su oficio, sepan contar historias de manera humana, y as\u00ed llegar m\u00e1s efectivamente a nuestros usuarios.<\/p>\n<p>Nuestro equipo ha destacado a lo largo de los a\u00f1os por saber transmitir sus experiencias a los lectores.<\/p>\n<p>Basta con leer sus rese\u00f1as y vivencias como asiduos navegadores en la web para comprender que realmente saben lo que dicen, lo que cuentan.<\/p>\n<p>Y es que es normal encontrarse en la web con art\u00edculos repetidos, \u201ccopy-paste\u201d que no transmiten la realidad ni de los productos ni de los peligros que hay en Internet.<\/p>\n<p>Nuestro sue\u00f1o es que cada persona que compra en la Internet sepa qu\u00e9 es realmente lo que adquirir\u00e1, y que, tambi\u00e9n, lo reciba de manera segura. Para que esto se haga realidad no podemos hacer m\u00e1s que seguir llevando contenido real y de calidad a nuestros lectores.<\/p>\n<h2>Probamos y calificamos todos nuestros productos rese\u00f1ados<\/h2>\n<p>Nos aseguramos de incluir los pros y los contras de cada an\u00e1lisis de producto.<\/p>\n<p>Nuestros contenidos est\u00e1n hechos con pasi\u00f3n y esmero en pro de nuestros lectores. Aparte de las caracter\u00edsticas del producto, incluimos sus beneficios\u00a0 y c\u00f3mo funcionan realmente.<\/p>\n<p>Nuestro objetivo es lograr que los usuarios se documenten de manera precisa, para que as\u00ed tomen decisiones bien fundamentadas al comprar productos o servicios en l\u00ednea.<\/p>\n<h2>C\u00f3mo funciona nuestro proceso de revisi\u00f3n<\/h2>\n<p>Las rese\u00f1as que puedes apreciar en Digitogy.eu. son producto del estudio profundo de cada gadget.<\/p>\n<p>Para que un texto sea escrito, el redactor prueba el equipo del que va a hablar, sabemos que es lo correcto, lo debido y solo as\u00ed se puede dar a los lectores la transparencia que buscan.<\/p>\n<p>Claro, se debe \u00e9nfasis en que, para poder realizar rese\u00f1as de calidad, aplicamos un proceso de verificaci\u00f3n minucioso. Echa un vistazo a nuestros <a href=\"https:\/\/digitogy.eu\/es\/categoria\/mejores-gadgets\/\"><strong>mejores productos aqu\u00ed<\/strong><\/a>.<\/p>\n<h3>Echemos un vistazo al proceso de revisi\u00f3n en Digitogy.eu<\/h3>\n<p>Tal y como se dijo, para que una rese\u00f1a sea publicada en Digitogy.eu., los productos pasan primero por pruebas. \u00bfQui\u00e9nes hacen estas pruebas?, pues, nuestros escritores.<\/p>\n<p>Solo quien vive la experiencia puede compartirla de manera cre\u00edble.<\/p>\n<p>B\u00e1sicamente, si lo que se debe revisar es un nuevo USB que recupera y organiza las fotos y videos, entonces nuestro equipo lo prueba.<\/p>\n<p>Esto puede llevar unas 3 horas. El gadget se usa en unas 3 o cuatro PC y en varios smartphones, y luego se comparte de manera objetiva el resultado obtenido. Por supuesto, adem\u00e1s de dar a conocer si el producto es efectivo o no, tambi\u00e9n se mencionan aspectos claves de su composici\u00f3n: tama\u00f1o, forma, peso\u2026<\/p>\n<p>As\u00ed se hace con cada producto que llega a nuestras manos.<\/p>\n<h3>Recopilamos comentarios de los clientes<\/h3>\n<p>Aunque contamos con un equipo capacitado, para que nuestras rese\u00f1as sean verdaderamente completas, tenemos en cuenta los comentarios de los usuarios. Cada experiencia es importante, ya que lo que funciona para algunos puede no funcionar igual de bien para otros.<\/p>\n<p>Adem\u00e1s, los lectores pueden identificar fortalezas o debilidades adicionales que hayamos pasado por alto. Este enfoque otorga mayor credibilidad a nuestras opiniones.<\/p>\n<p>Adem\u00e1s de los comentarios que recibimos de los usuarios en nuestra plataforma, tambi\u00e9n consultamos fuentes confiables para recopilar informaci\u00f3n de otros clientes. Puedes estar seguro de que verificamos que estas sean experiencias reales de los usuarios.<\/p>\n<h2>Cu\u00e9ntanos tu Inquietud<\/h2>\n<p>Al otro lado de la pantalla, hay personas como t\u00fa, que tienen sentimientos y empat\u00eda hacia aquellos que buscan conocimiento y expresi\u00f3n.<\/p>\n<p>Si tienes alguna inquietud, <a href=\"https:\/\/digitogy.eu\/es\/contacto\/\">por favor no dudes en hac\u00e9rnosla saber<\/a>.<\/p>\n<p>Apreciamos enormemente tus comentarios.<\/p>\n<p>Creemos firmemente que el verdadero cambio solo se logra a trav\u00e9s de esfuerzos colaborativos.<\/p>\n<p>Aunque trabajamos como un equipo unido, entendemos que sin ti, nuestros lectores, no somos nada.<\/p>\n<p>Tus opiniones y experiencias son realmente importantes para nosotros. Gracias por estar aqu\u00ed con nosotros en Digitogy.eu.<\/p>\n<p>Estamos dedicados a servirte y ayudarte en todo lo relacionado con la seguridad web y la adquisici\u00f3n de tus gadgets favoritos.<\/p>\n","protected":false},"excerpt":{"rendered":"<p>Bienvenidos a Digitogy.eu, una empresa editorial de gadgets con un fascinante viaje que vale la pena compartir. Nuestro sitio web fue fundado con un prop\u00f3sito espec\u00edfico en mente: convertirse en una fuente confiable de informaci\u00f3n sobre el mundo de los gadgets y la tecnolog\u00eda. Fundaci\u00f3n y Primeros D\u00edas Digitogy.eu fue fundado en 2019 por un [&hellip;]<\/p>\n","protected":false},"author":58,"featured_media":0,"parent":0,"menu_order":0,"comment_status":"closed","ping_status":"closed","template":"","meta":{"om_disable_all_campaigns":false,"footnotes":""},"sgf-content-tag":[472,470],"sgf-seo-push":[],"class_list":["post-20645","page","type-page","status-publish","hentry"],"yoast_head":"<!-- This site is optimized with the Yoast SEO plugin v24.9 - https:\/\/yoast.com\/wordpress\/plugins\/seo\/ -->\n<title>Sobre nosotros | Digitogy.eu<\/title>\n<meta name=\"description\" content=\"Bienvenidos a Digitogy.eu, una empresa editorial de gadgets con un fascinante viaje que vale la pena compartir. Nuestro sitio web fue fundado con un\" \/>\n<meta name=\"robots\" content=\"index, follow, max-snippet:-1, max-image-preview:large, max-video-preview:-1\" \/>\n<link rel=\"canonical\" href=\"https:\/\/digitogy.eu\/es\/sobre-nosotros\/\" \/>\n<meta property=\"og:locale\" content=\"es_ES\" \/>\n<meta property=\"og:type\" content=\"article\" \/>\n<meta property=\"og:title\" content=\"Sobre nosotros | Digitogy.eu\" \/>\n<meta property=\"og:description\" content=\"Bienvenidos a Digitogy.eu, una empresa editorial de gadgets con un fascinante viaje que vale la pena compartir. Nuestro sitio web fue fundado con un\" \/>\n<meta property=\"og:url\" content=\"https:\/\/digitogy.eu\/es\/sobre-nosotros\/\" \/>\n<meta property=\"og:site_name\" content=\"Digitogy.eu\" \/>\n<meta property=\"article:modified_time\" content=\"2023-08-03T07:42:27+00:00\" \/>\n<meta name=\"twitter:card\" content=\"summary_large_image\" \/>\n<!-- \/ Yoast SEO plugin. -->","yoast_head_json":{"title":"Sobre nosotros | Digitogy.eu","description":"Bienvenidos a Digitogy.eu, una empresa editorial de gadgets con un fascinante viaje que vale la pena compartir. Nuestro sitio web fue fundado con un","robots":{"index":"index","follow":"follow","max-snippet":"max-snippet:-1","max-image-preview":"max-image-preview:large","max-video-preview":"max-video-preview:-1"},"canonical":"https:\/\/digitogy.eu\/es\/sobre-nosotros\/","og_locale":"es_ES","og_type":"article","og_title":"Sobre nosotros | Digitogy.eu","og_description":"Bienvenidos a Digitogy.eu, una empresa editorial de gadgets con un fascinante viaje que vale la pena compartir. Nuestro sitio web fue fundado con un","og_url":"https:\/\/digitogy.eu\/es\/sobre-nosotros\/","og_site_name":"Digitogy.eu","article_modified_time":"2023-08-03T07:42:27+00:00","twitter_card":"summary_large_image","schema":{"@context":"https:\/\/schema.org","@graph":[{"@type":"WebPage","@id":"https:\/\/digitogy.eu\/es\/sobre-nosotros\/","url":"https:\/\/digitogy.eu\/es\/sobre-nosotros\/","name":"Sobre nosotros | Digitogy.eu","isPartOf":{"@id":"https:\/\/digitogy.eu\/es\/#website"},"datePublished":"2020-10-06T04:10:02+00:00","dateModified":"2023-08-03T07:42:27+00:00","description":"Bienvenidos a Digitogy.eu, una empresa editorial de gadgets con un fascinante viaje que vale la pena compartir. Nuestro sitio web fue fundado con un","breadcrumb":{"@id":"https:\/\/digitogy.eu\/es\/sobre-nosotros\/#breadcrumb"},"inLanguage":"es","potentialAction":[{"@type":"ReadAction","target":["https:\/\/digitogy.eu\/es\/sobre-nosotros\/"]}]},{"@type":"BreadcrumbList","@id":"https:\/\/digitogy.eu\/es\/sobre-nosotros\/#breadcrumb","itemListElement":[{"@type":"ListItem","position":1,"name":"Home","item":"https:\/\/digitogy.eu\/es\/pagina-principal\/"},{"@type":"ListItem","position":2,"name":"Sobre nosotros"}]},{"@type":"WebSite","@id":"https:\/\/digitogy.eu\/es\/#website","url":"https:\/\/digitogy.eu\/es\/","name":"Digitogy.eu","description":"Digital Technology Magazine","publisher":{"@id":"https:\/\/digitogy.eu\/es\/#organization"},"potentialAction":[{"@type":"SearchAction","target":{"@type":"EntryPoint","urlTemplate":"https:\/\/digitogy.eu\/es\/?s={search_term_string}"},"query-input":{"@type":"PropertyValueSpecification","valueRequired":true,"valueName":"search_term_string"}}],"inLanguage":"es"},{"@type":"Organization","@id":"https:\/\/digitogy.eu\/es\/#organization","name":"Digitogy.eu","url":"https:\/\/digitogy.eu\/es\/","logo":{"@type":"ImageObject","inLanguage":"es","@id":"https:\/\/digitogy.eu\/es\/#\/schema\/logo\/image\/","url":"https:\/\/digitogy.eu\/wp-content\/uploads\/2019\/11\/digitogy.png","contentUrl":"https:\/\/digitogy.eu\/wp-content\/uploads\/2019\/11\/digitogy.png","width":150,"height":42,"caption":"Digitogy.eu"},"image":{"@id":"https:\/\/digitogy.eu\/es\/#\/schema\/logo\/image\/"}}]}},"_links":{"self":[{"href":"https:\/\/digitogy.eu\/es\/wp-json\/wp\/v2\/pages\/20645","targetHints":{"allow":["GET"]}}],"collection":[{"href":"https:\/\/digitogy.eu\/es\/wp-json\/wp\/v2\/pages"}],"about":[{"href":"https:\/\/digitogy.eu\/es\/wp-json\/wp\/v2\/types\/page"}],"author":[{"embeddable":true,"href":"https:\/\/digitogy.eu\/es\/wp-json\/wp\/v2\/users\/58"}],"replies":[{"embeddable":true,"href":"https:\/\/digitogy.eu\/es\/wp-json\/wp\/v2\/comments?post=20645"}],"version-history":[{"count":18,"href":"https:\/\/digitogy.eu\/es\/wp-json\/wp\/v2\/pages\/20645\/revisions"}],"predecessor-version":[{"id":47158,"href":"https:\/\/digitogy.eu\/es\/wp-json\/wp\/v2\/pages\/20645\/revisions\/47158"}],"wp:attachment":[{"href":"https:\/\/digitogy.eu\/es\/wp-json\/wp\/v2\/media?parent=20645"}],"wp:term":[{"taxonomy":"sgf-content-tag","embeddable":true,"href":"https:\/\/digitogy.eu\/es\/wp-json\/wp\/v2\/sgf-content-tag?post=20645"},{"taxonomy":"sgf-seo-push","embeddable":true,"href":"https:\/\/digitogy.eu\/es\/wp-json\/wp\/v2\/sgf-seo-push?post=20645"}],"curies":[{"name":"wp","href":"https:\/\/api.w.org\/{rel}","templated":true}]}}