{"id":13066,"date":"2020-01-09T11:26:17","date_gmt":"2020-01-09T10:26:17","guid":{"rendered":"https:\/\/digitogy.eu\/contacto\/"},"modified":"2023-07-14T04:15:27","modified_gmt":"2023-07-14T03:15:27","slug":"contacto","status":"publish","type":"page","link":"https:\/\/digitogy.eu\/es\/contacto\/","title":{"rendered":"Contacto"},"content":{"rendered":"<p>\u00a1Nos encanta recibir tu feedback, sugerencias y consejos, as\u00ed como resolver tus dudas! Si tienes algo que te gustar\u00eda compartir con nosotros o necesitas informaci\u00f3n sobre cualquier consulta relacionada con la tecnolog\u00eda, utiliza el siguiente formulario para ponerte en contacto:<\/p>\n<p>Tambi\u00e9n puedes enviarnos un correo electr\u00f3nico a <a href=\"mailto:contact@digitogy.eu\" target=\"_blank\" rel=\"noopener nofollow noreferrer\">contact@digitogy.eu<\/a>.<\/p>\n<p>Para solicitudes y asociaciones, por favor env\u00eda un mensaje a: <a href=\"mailto:outreach@digitogy.eu\" target=\"_blank\" rel=\"noopener nofollow noreferrer\">outreach@digitogy.eu<\/a>.<\/p>\n<p>Nos pondremos en contacto contigo lo antes posible.<\/p>\n<h2>Datos adicionales<\/h2>\n<p><strong>Tel\u00e9fono<\/strong>: +34 687 124 706<\/p>\n<p><strong>Direcci\u00f3n de nuestra oficina en Madrid<\/strong>: CC. de Manzanares, 4, 28005 Madrid, Espa\u00f1a<\/p>\n<p><strong>Ubicaci\u00f3n en Google Maps<\/strong>:<\/p>\n<p><iframe style=\"border: 0;\" src=\"https:\/\/www.google.com\/maps\/embed?pb=!1m18!1m12!1m3!1d3036.2022880335837!2d-3.7174166842894153!3d40.40772547936565!2m3!1f0!2f0!3f0!3m2!1i1024!2i768!4f13.1!3m3!1m2!1s0xd422f8d4c8eadeb%3A0x6e2be313aee7e02!2sC.%20de%20Manzanares%2C%204%2C%2028005%20Madrid%2C%20Espa%C3%B1a!5e0!3m2!1ses!2sus!4v1626214758575!5m2!1ses!2sus\" width=\"600\" height=\"450\" allowfullscreen=\"allowfullscreen\"><\/iframe><\/p>\n<p>Si est\u00e1s interesado en trabajar con nosotros, env\u00eda tu solicitud de empleo a: <a href=\"mailto:jobs@digitogy.eu\" target=\"_blank\" rel=\"noopener nofollow noreferrer\">jobs@digitogy.eu<\/a>.<\/p>\n<p>Para solicitar un reembolso, cont\u00e1ctanos en: <a href=\"mailto:refunds@digitogy.eu\" target=\"_blank\" rel=\"noopener nofollow noreferrer\">refunds@digitogy.eu<\/a>.<\/p>\n<p>\u00a1Esperamos escuchar de ti pronto!<\/p>\n","protected":false},"excerpt":{"rendered":"<p>\u00a1Nos encanta recibir tu feedback, sugerencias y consejos, as\u00ed como resolver tus dudas! Si tienes algo que te gustar\u00eda compartir con nosotros o necesitas informaci\u00f3n sobre cualquier consulta relacionada con la tecnolog\u00eda, utiliza el siguiente formulario para ponerte en contacto: Tambi\u00e9n puedes enviarnos un correo electr\u00f3nico a contact@digitogy.eu. Para solicitudes y asociaciones, por favor env\u00eda [&hellip;]<\/p>\n","protected":false},"author":58,"featured_media":0,"parent":0,"menu_order":0,"comment_status":"closed","ping_status":"closed","template":"","meta":{"om_disable_all_campaigns":false,"footnotes":""},"sgf-content-tag":[472,473],"sgf-seo-push":[],"class_list":["post-13066","page","type-page","status-publish","hentry"],"yoast_head":"<!-- This site is optimized with the Yoast SEO plugin v24.9 - https:\/\/yoast.com\/wordpress\/plugins\/seo\/ -->\n<title>Contacto | Digitogy.eu<\/title>\n<meta name=\"description\" content=\"\u00a1Nos encanta recibir tu feedback, sugerencias y consejos, as\u00ed como resolver tus dudas! Si tienes algo que te gustar\u00eda compartir con nosotros o necesitas\" \/>\n<meta name=\"robots\" content=\"index, follow, max-snippet:-1, max-image-preview:large, max-video-preview:-1\" \/>\n<link rel=\"canonical\" href=\"https:\/\/digitogy.eu\/es\/contacto\/\" \/>\n<meta property=\"og:locale\" content=\"es_ES\" \/>\n<meta property=\"og:type\" content=\"article\" \/>\n<meta property=\"og:title\" content=\"Contacto | Digitogy.eu\" \/>\n<meta property=\"og:description\" content=\"\u00a1Nos encanta recibir tu feedback, sugerencias y consejos, as\u00ed como resolver tus dudas! Si tienes algo que te gustar\u00eda compartir con nosotros o necesitas\" \/>\n<meta property=\"og:url\" content=\"https:\/\/digitogy.eu\/es\/contacto\/\" \/>\n<meta property=\"og:site_name\" content=\"Digitogy.eu\" \/>\n<meta property=\"article:modified_time\" content=\"2023-07-14T03:15:27+00:00\" \/>\n<meta name=\"twitter:card\" content=\"summary_large_image\" \/>\n<!-- \/ Yoast SEO plugin. -->","yoast_head_json":{"title":"Contacto | Digitogy.eu","description":"\u00a1Nos encanta recibir tu feedback, sugerencias y consejos, as\u00ed como resolver tus dudas! Si tienes algo que te gustar\u00eda compartir con nosotros o necesitas","robots":{"index":"index","follow":"follow","max-snippet":"max-snippet:-1","max-image-preview":"max-image-preview:large","max-video-preview":"max-video-preview:-1"},"canonical":"https:\/\/digitogy.eu\/es\/contacto\/","og_locale":"es_ES","og_type":"article","og_title":"Contacto | Digitogy.eu","og_description":"\u00a1Nos encanta recibir tu feedback, sugerencias y consejos, as\u00ed como resolver tus dudas! Si tienes algo que te gustar\u00eda compartir con nosotros o necesitas","og_url":"https:\/\/digitogy.eu\/es\/contacto\/","og_site_name":"Digitogy.eu","article_modified_time":"2023-07-14T03:15:27+00:00","twitter_card":"summary_large_image","schema":{"@context":"https:\/\/schema.org","@graph":[{"@type":"WebPage","@id":"https:\/\/digitogy.eu\/es\/contacto\/","url":"https:\/\/digitogy.eu\/es\/contacto\/","name":"Contacto | Digitogy.eu","isPartOf":{"@id":"https:\/\/digitogy.eu\/es\/#website"},"datePublished":"2020-01-09T10:26:17+00:00","dateModified":"2023-07-14T03:15:27+00:00","description":"\u00a1Nos encanta recibir tu feedback, sugerencias y consejos, as\u00ed como resolver tus dudas! Si tienes algo que te gustar\u00eda compartir con nosotros o necesitas","breadcrumb":{"@id":"https:\/\/digitogy.eu\/es\/contacto\/#breadcrumb"},"inLanguage":"es","potentialAction":[{"@type":"ReadAction","target":["https:\/\/digitogy.eu\/es\/contacto\/"]}]},{"@type":"BreadcrumbList","@id":"https:\/\/digitogy.eu\/es\/contacto\/#breadcrumb","itemListElement":[{"@type":"ListItem","position":1,"name":"Home","item":"https:\/\/digitogy.eu\/es\/pagina-principal\/"},{"@type":"ListItem","position":2,"name":"Contacto"}]},{"@type":"WebSite","@id":"https:\/\/digitogy.eu\/es\/#website","url":"https:\/\/digitogy.eu\/es\/","name":"Digitogy.eu","description":"Digital Technology Magazine","publisher":{"@id":"https:\/\/digitogy.eu\/es\/#organization"},"potentialAction":[{"@type":"SearchAction","target":{"@type":"EntryPoint","urlTemplate":"https:\/\/digitogy.eu\/es\/?s={search_term_string}"},"query-input":{"@type":"PropertyValueSpecification","valueRequired":true,"valueName":"search_term_string"}}],"inLanguage":"es"},{"@type":"Organization","@id":"https:\/\/digitogy.eu\/es\/#organization","name":"Digitogy.eu","url":"https:\/\/digitogy.eu\/es\/","logo":{"@type":"ImageObject","inLanguage":"es","@id":"https:\/\/digitogy.eu\/es\/#\/schema\/logo\/image\/","url":"https:\/\/digitogy.eu\/wp-content\/uploads\/2019\/11\/digitogy.png","contentUrl":"https:\/\/digitogy.eu\/wp-content\/uploads\/2019\/11\/digitogy.png","width":150,"height":42,"caption":"Digitogy.eu"},"image":{"@id":"https:\/\/digitogy.eu\/es\/#\/schema\/logo\/image\/"}}]}},"_links":{"self":[{"href":"https:\/\/digitogy.eu\/es\/wp-json\/wp\/v2\/pages\/13066","targetHints":{"allow":["GET"]}}],"collection":[{"href":"https:\/\/digitogy.eu\/es\/wp-json\/wp\/v2\/pages"}],"about":[{"href":"https:\/\/digitogy.eu\/es\/wp-json\/wp\/v2\/types\/page"}],"author":[{"embeddable":true,"href":"https:\/\/digitogy.eu\/es\/wp-json\/wp\/v2\/users\/58"}],"replies":[{"embeddable":true,"href":"https:\/\/digitogy.eu\/es\/wp-json\/wp\/v2\/comments?post=13066"}],"version-history":[{"count":11,"href":"https:\/\/digitogy.eu\/es\/wp-json\/wp\/v2\/pages\/13066\/revisions"}],"predecessor-version":[{"id":46858,"href":"https:\/\/digitogy.eu\/es\/wp-json\/wp\/v2\/pages\/13066\/revisions\/46858"}],"wp:attachment":[{"href":"https:\/\/digitogy.eu\/es\/wp-json\/wp\/v2\/media?parent=13066"}],"wp:term":[{"taxonomy":"sgf-content-tag","embeddable":true,"href":"https:\/\/digitogy.eu\/es\/wp-json\/wp\/v2\/sgf-content-tag?post=13066"},{"taxonomy":"sgf-seo-push","embeddable":true,"href":"https:\/\/digitogy.eu\/es\/wp-json\/wp\/v2\/sgf-seo-push?post=13066"}],"curies":[{"name":"wp","href":"https:\/\/api.w.org\/{rel}","templated":true}]}}