{"id":10065,"date":"2019-10-16T13:13:30","date_gmt":"2019-10-16T12:13:30","guid":{"rendered":"https:\/\/digitogy.eu\/sitemap\/"},"modified":"2022-01-04T04:20:04","modified_gmt":"2022-01-04T03:20:04","slug":"sitemap","status":"publish","type":"page","link":"https:\/\/digitogy.eu\/es\/sitemap\/","title":{"rendered":"Mapa del sitio"},"content":{"rendered":"<div class=\"wsp-container\"><h2 class=\"wsp-posts-title\">Posts por categor\u00eda<\/h2>\n<ul class=\"wsp-posts-list\">\n\t<li><strong class=\"wsp-category-title\">Category: <a href=\"https:\/\/digitogy.eu\/es\/categoria\/guias\/\">Gu\u00edas<\/a><\/strong>\n<ul class=\"wsp-posts-list\">\t\t<li class=\"wsp-post\"><a href=\"https:\/\/digitogy.eu\/es\/los-mejores-gadgets-para-navidad\/\">Los mejores gadgets para navidad 2026<\/a><\/li>\n\t\t<li class=\"wsp-post\"><a href=\"https:\/\/digitogy.eu\/es\/las-mejores-memorias-usb\/\">Las mejores memorias USB de 2026: Comparaci\u00f3n<\/a><\/li>\n\t\t<li class=\"wsp-post\"><a href=\"https:\/\/digitogy.eu\/es\/black-friday-mejores-ofertas\/\">Las mejores ofertas Black Friday para 2026<\/a><\/li>\n<\/ul><\/li>\n\t<li><strong class=\"wsp-category-title\">Category: <a href=\"https:\/\/digitogy.eu\/es\/categoria\/mejores-gadgets\/\">Mejores Gadgets<\/a><\/strong>\n<ul class=\"wsp-posts-list\">\t\t<li class=\"wsp-post\"><a href=\"https:\/\/digitogy.eu\/es\/the-photostick-mobile\/\">\u00bfPhoto Stick Mobile funciona o es una estafa? &#8211; Mi rese\u00f1a<\/a><\/li>\n\t\t<li class=\"wsp-post\"><a href=\"https:\/\/digitogy.eu\/es\/thephotostick\/\">PhotoStick: la mejor forma de almacenar tus recuerdos<\/a><\/li>\n\t\t<li class=\"wsp-post\"><a href=\"https:\/\/digitogy.eu\/es\/bondic\/\">Bondic pegamento VS s\u00faper pegamento | \u00bfCu\u00e1l es el mejor?<\/a><\/li>\n\t\t<li class=\"wsp-post\"><a href=\"https:\/\/digitogy.eu\/es\/airbolt\/\">Revolucione su forma de viajar de forma segura con AirBolt &#8211; Mi rese\u00f1a<\/a><\/li>\n\t\t<li class=\"wsp-post\"><a href=\"https:\/\/digitogy.eu\/es\/dodow\/\">\u00bfDodow funciona para conciliar el sue\u00f1o? &#8211; Mi rese\u00f1a<\/a><\/li>\n\t\t<li class=\"wsp-post\"><a href=\"https:\/\/digitogy.eu\/es\/xy-find-it\/\">XY Find It: Un rastreador Bluetooth para todas tus cosas &#8211; Mi rese\u00f1a<\/a><\/li>\n\t\t<li class=\"wsp-post\"><a href=\"https:\/\/digitogy.eu\/es\/xtrapc\/\">Xtra-PC: \u00bfEs una estafa? Nuestra revisi\u00f3n de 2026<\/a><\/li>\n\t\t<li class=\"wsp-post\"><a href=\"https:\/\/digitogy.eu\/es\/everykey\/\">EveryKey: la revoluci\u00f3n inal\u00e1mbrica para su seguridad en l\u00ednea &#8211; Mi rese\u00f1a<\/a><\/li>\n\t\t<li class=\"wsp-post\"><a href=\"https:\/\/digitogy.eu\/es\/revision-de-remotex-pro\/\">Revisi\u00f3n Detallada del Remotex Pro 2026: Explorando sus Caracter\u00edsticas al M\u00e1ximo<\/a><\/li>\n\t\t<li class=\"wsp-post\"><a href=\"https:\/\/digitogy.eu\/es\/revision-de-blissy\/\">Revisi\u00f3n de Blissy 2026: La funda de almohada de tus sue\u00f1os?<\/a><\/li>\n\t\t<li class=\"wsp-post\"><a href=\"https:\/\/digitogy.eu\/es\/revision-de-ecothermal\/\">Revisi\u00f3n de Ecothermal 2026: \u00bfLa soluci\u00f3n de calefacci\u00f3n que buscabas?<\/a><\/li>\n\t\t<li class=\"wsp-post\"><a href=\"https:\/\/digitogy.eu\/es\/revision-de-lightsafex\/\">Revisi\u00f3n de LightSafeX 2026: \u00bfLa Mejor Soluci\u00f3n en Seguridad Lum\u00ednica?<\/a><\/li>\n\t\t<li class=\"wsp-post\"><a href=\"https:\/\/digitogy.eu\/es\/revision-de-y-bra\/\">Revisi\u00f3n de Y-Bra 2026: \u00bfEl sujetador autoadhesivo perfecto para realzar tus senos?<\/a><\/li>\n\t\t<li class=\"wsp-post\"><a href=\"https:\/\/digitogy.eu\/es\/revision-de-sonicx-pro\/\">Revisi\u00f3n de SonicX Pro 2026: \u00bfVale la pena su compra?<\/a><\/li>\n\t\t<li class=\"wsp-post\"><a href=\"https:\/\/digitogy.eu\/es\/revision-de-maxphone\/\">Revisi\u00f3n de MaxPhone 2026: Un tel\u00e9fono inteligente de bajo costo con caracter\u00edsticas premium<\/a><\/li>\n\t\t<li class=\"wsp-post\"><a href=\"https:\/\/digitogy.eu\/es\/mejor-pendrive-para-iphone\/\">El mejor pendrive para iPhone: Gu\u00eda del comprador em 2026<\/a><\/li>\n\t\t<li class=\"wsp-post\"><a href=\"https:\/\/digitogy.eu\/es\/easy-waxoff\/\">Revisi\u00f3n de Easy WaxOff 2026: \u00bfEs leg\u00edtimo o una estafa?<\/a><\/li>\n\t\t<li class=\"wsp-post\"><a href=\"https:\/\/digitogy.eu\/es\/stealthhawk-pro\/\">Revisi\u00f3n de StealthHawk Pro 2026: \u00bfEstafa o leg\u00edtimo?<\/a><\/li>\n\t\t<li class=\"wsp-post\"><a href=\"https:\/\/digitogy.eu\/es\/hypershoes\/\">Revisi\u00f3n de los HyperShoes 2026: \u00bfVale la pena tu dinero?<\/a><\/li>\n\t\t<li class=\"wsp-post\"><a href=\"https:\/\/digitogy.eu\/es\/luxbra\/\">Revisi\u00f3n de LuxBra 2026: \u00bfLuxBra es bueno o es una estafa?<\/a><\/li>\n\t\t<li class=\"wsp-post\"><a href=\"https:\/\/digitogy.eu\/es\/revision-de-cooledge\/\">Revisi\u00f3n de CoolEdge 2026: La soluci\u00f3n para el calor del verano<\/a><\/li>\n\t\t<li class=\"wsp-post\"><a href=\"https:\/\/digitogy.eu\/es\/revision-de-moksha-beam\/\">Revisi\u00f3n de Moksha Beam 2026: Aliviar el estr\u00e9s y la ansiedad<\/a><\/li>\n\t\t<li class=\"wsp-post\"><a href=\"https:\/\/digitogy.eu\/es\/revision-de-scratchundo-pro\/\">Revisi\u00f3n de ScratchUndo Pro 2026: Eliminar ara\u00f1azos de coches<\/a><\/li>\n\t\t<li class=\"wsp-post\"><a href=\"https:\/\/digitogy.eu\/es\/revision-de-zoomshot-pro\/\">Revisi\u00f3n de ZoomShot Pro 2026: \u00bfRealmente funciona?<\/a><\/li>\n\t\t<li class=\"wsp-post\"><a href=\"https:\/\/digitogy.eu\/es\/revision-de-picobuds-pro\/\">Revisi\u00f3n de PicoBuds Pro 2026: Di adi\u00f3s a los problemas auditivos<\/a><\/li>\n\t\t<li class=\"wsp-post\"><a href=\"https:\/\/digitogy.eu\/es\/odii\/\">ODii 2026: Agarra f\u00e1cilmente art\u00edculos en lugares de dif\u00edcil acceso<\/a><\/li>\n\t\t<li class=\"wsp-post\"><a href=\"https:\/\/digitogy.eu\/es\/resena-de-bril\/\">Rese\u00f1a de Bril 2026: Esterilizador de cepillos de dientes UV<\/a><\/li>\n\t\t<li class=\"wsp-post\"><a href=\"https:\/\/digitogy.eu\/es\/revision-de-moskix\/\">Revisi\u00f3n de MoskiX 2026: El mejor repelente antimosquitos<\/a><\/li>\n\t\t<li class=\"wsp-post\"><a href=\"https:\/\/digitogy.eu\/es\/revision-de-video-doorbell\/\">Revisi\u00f3n de Video DoorBell 2026: \u00bfVale la pena tu dinero?<\/a><\/li>\n\t\t<li class=\"wsp-post\"><a href=\"https:\/\/digitogy.eu\/es\/thephotostick-omni\/\">Revisi\u00f3n de ThePhotoStick Omni 2026: Proteger sus fotos y videos<\/a><\/li>\n\t\t<li class=\"wsp-post\"><a href=\"https:\/\/digitogy.eu\/es\/revision-de-bed-scrunchie\/\">Revisi\u00f3n de Bed Scrunchie 2026: Dile adi\u00f3s a las s\u00e1banas arrugadas<\/a><\/li>\n\t\t<li class=\"wsp-post\"><a href=\"https:\/\/digitogy.eu\/es\/soul-insole\/\">Soul Insole 2026: Lo mejor para la fascitis plantar<\/a><\/li>\n\t\t<li class=\"wsp-post\"><a href=\"https:\/\/digitogy.eu\/es\/moskitron-led\/\">Revisi\u00f3n de Moskitron Led 2026: el antimosquitos que necesitas<\/a><\/li>\n\t\t<li class=\"wsp-post\"><a href=\"https:\/\/digitogy.eu\/es\/airphysio-opiniones\/\">AirPhysio Opiniones 2026: Mejora naturalmente tu respiraci\u00f3n<\/a><\/li>\n\t\t<li class=\"wsp-post\"><a href=\"https:\/\/digitogy.eu\/es\/revision-de-protector-pitch\/\">Protector Pitch 2026: Mejor dispositivo de defensa personal<\/a><\/li>\n\t\t<li class=\"wsp-post\"><a href=\"https:\/\/digitogy.eu\/es\/quietbuds-opiniones\/\">QuietBuds Opiniones 2026: Disfruta del silencio est\u00e9s donde est\u00e9s<\/a><\/li>\n\t\t<li class=\"wsp-post\"><a href=\"https:\/\/digitogy.eu\/es\/revision-de-tvfix-caster\/\">Revisi\u00f3n de TVFix Caster 2026: Transmitir desde el tel\u00e9fono inteligente a la TV<\/a><\/li>\n\t\t<li class=\"wsp-post\"><a href=\"https:\/\/digitogy.eu\/es\/koretrak-pro-opiniones\/\">\u00a1KoreTrak Pro 2026: El mejor smartwatch de precio econ\u00f3mico<\/a><\/li>\n\t\t<li class=\"wsp-post\"><a href=\"https:\/\/digitogy.eu\/es\/blaux-aire-acondicionado-opiniones\/\">Blaux Aire Acondicionado: \u00bfMerece la pena este dispositivo?<\/a><\/li>\n\t\t<li class=\"wsp-post\"><a href=\"https:\/\/digitogy.eu\/es\/oshenwatch-luxe-opiniones\/\">Revisi\u00f3n de OshenWatch Luxe 2026: Dise\u00f1o innovador y moderno<\/a><\/li>\n\t\t<li class=\"wsp-post\"><a href=\"https:\/\/digitogy.eu\/es\/blast-auxiliary-desktop-ac-ultra\/\">Blast Auxiliary Desktop AC Ultra 2026: Climatizador port\u00e1til<\/a><\/li>\n\t\t<li class=\"wsp-post\"><a href=\"https:\/\/digitogy.eu\/es\/invisicharger-opiniones\/\">InvisiCharger Opiniones 2026: \u00bfEl mejor cargador Qi del mercado?<\/a><\/li>\n\t\t<li class=\"wsp-post\"><a href=\"https:\/\/digitogy.eu\/es\/germcide-x-opiniones\/\">GermCide X 2026: El mejor desinfectante UV para uso dom\u00e9stico<\/a><\/li>\n\t\t<li class=\"wsp-post\"><a href=\"https:\/\/digitogy.eu\/es\/kidiwatch-opiniones\/\">Kidiwatch: Ten a tus hijos siempre localizados<\/a><\/li>\n\t\t<li class=\"wsp-post\"><a href=\"https:\/\/digitogy.eu\/es\/tacticphonex-opiniones\/\">TacticPhoneX: El tel\u00e9fono m\u00f3vil que lo aguanta todo<\/a><\/li>\n\t\t<li class=\"wsp-post\"><a href=\"https:\/\/digitogy.eu\/es\/t-watch-opiniones\/\">T-Watch: El reloj inteligente m\u00e1s resistente que encontrar\u00e1s<\/a><\/li>\n\t\t<li class=\"wsp-post\"><a href=\"https:\/\/digitogy.eu\/es\/tvsharemax-opiniones\/\">TVShareMax: El dispositivo que convierte tu TV en SmartTV<\/a><\/li>\n\t\t<li class=\"wsp-post\"><a href=\"https:\/\/digitogy.eu\/es\/biteeraser-opiniones\/\">BiteEraser: La soluci\u00f3n definitiva contra las picadas de insectos<\/a><\/li>\n\t\t<li class=\"wsp-post\"><a href=\"https:\/\/digitogy.eu\/es\/caresole-circa-knee-opiniones\/\">Caresole Circa Knee Opiniones 2026: \u00bfLa rodillera definitiva?<\/a><\/li>\n\t\t<li class=\"wsp-post\"><a href=\"https:\/\/digitogy.eu\/es\/muama-ryoko-opiniones\/\">Muama Ryoko 2026: El router port\u00e1til que te cambiar\u00e1 la vida<\/a><\/li>\n\t\t<li class=\"wsp-post\"><a href=\"https:\/\/digitogy.eu\/es\/healthwatch-opiniones\/\">\u00bfEs HealthWatch el mejor Smartwatch del mercado?<\/a><\/li>\n\t\t<li class=\"wsp-post\"><a href=\"https:\/\/digitogy.eu\/es\/dangobuds-opiniones\/\">Auriculares inal\u00e1mbricos DangoBuds, \u00bfmerecen la pena?<\/a><\/li>\n\t\t<li class=\"wsp-post\"><a href=\"https:\/\/digitogy.eu\/es\/gafas-clearview-opiniones\/\">Gafas ClearView para conducci\u00f3n nocturna: \u00bfvale la pena?<\/a><\/li>\n\t\t<li class=\"wsp-post\"><a href=\"https:\/\/digitogy.eu\/es\/starscope-monocular-opiniones\/\">Starscope Monocular: el mejor objetivo fotogr\u00e1fico para m\u00f3viles<\/a><\/li>\n\t\t<li class=\"wsp-post\"><a href=\"https:\/\/digitogy.eu\/es\/memorysafex-opiniones\/\">MemorySafeX: La memoria port\u00e1til para proteger tus recuerdos<\/a><\/li>\n\t\t<li class=\"wsp-post\"><a href=\"https:\/\/digitogy.eu\/es\/ecoheat-s-opiniones\/\">Combate el fr\u00edo del invierno con EcoHeat S<\/a><\/li>\n\t\t<li class=\"wsp-post\"><a href=\"https:\/\/digitogy.eu\/es\/rangextd-opiniones\/\">RangeXTD Opiniones 2026: \u00bfel mejor amplificador de Wifi?<\/a><\/li>\n\t\t<li class=\"wsp-post\"><a href=\"https:\/\/digitogy.eu\/es\/drone720x-opiniones\/\">Drone720X: An\u00e1lisis detallado<\/a><\/li>\n\t\t<li class=\"wsp-post\"><a href=\"https:\/\/digitogy.eu\/es\/heatcore-opiniones\/\">HeatCore Opiniones 2026: Vence el fr\u00edo del invierno con HeatCore<\/a><\/li>\n\t\t<li class=\"wsp-post\"><a href=\"https:\/\/digitogy.eu\/es\/properfocus\/\">\u00a1ProperFocus: Las gafas revolucionarias gafas adaptables<\/a><\/li>\n\t\t<li class=\"wsp-post\"><a href=\"https:\/\/digitogy.eu\/es\/fresh-r\/\">\u00a1Vence al calor con Fresh-R, el climatizador port\u00e1til<\/a><\/li>\n\t\t<li class=\"wsp-post\"><a href=\"https:\/\/digitogy.eu\/es\/neckmassager\/\">\u00a1Di adi\u00f3s a tu dolor de cuello con NeckMassager<\/a><\/li>\n\t\t<li class=\"wsp-post\"><a href=\"https:\/\/digitogy.eu\/es\/tactic-air-drone\/\">Tactic AIR Drone: Eleva tus selfies a gran altura<\/a><\/li>\n\t\t<li class=\"wsp-post\"><a href=\"https:\/\/digitogy.eu\/es\/super-boost-wifi\/\">Repetidor de se\u00f1al Super Boost Wifi: \u00bfFunciona?<\/a><\/li>\n\t\t<li class=\"wsp-post\"><a href=\"https:\/\/digitogy.eu\/es\/coolair\/\">CoolAir Aire Acondicionado port\u00e1til: \u00bfMerece la pena?<\/a><\/li>\n\t\t<li class=\"wsp-post\"><a href=\"https:\/\/digitogy.eu\/es\/silentsnore-opiniones\/\">SilentSnore, \u00bfrealmente acaba con los ronquidos?<\/a><\/li>\n\t\t<li class=\"wsp-post\"><a href=\"https:\/\/digitogy.eu\/es\/go-donut\/\">GoDonut, el soporte para dispositivos definitivo<\/a><\/li>\n\t\t<li class=\"wsp-post\"><a href=\"https:\/\/digitogy.eu\/es\/reloj-inteligente-gx\/\">GX SmartWatch, la elegancia del dise\u00f1o<\/a><\/li>\n\t\t<li class=\"wsp-post\"><a href=\"https:\/\/digitogy.eu\/es\/dwatch-el-smartwatch-clon-de-apple-watch\/\">DWatch, el SmartWatch clon de Apple Watch<\/a><\/li>\n\t\t<li class=\"wsp-post\"><a href=\"https:\/\/digitogy.eu\/es\/revision-de-loyal-watch\/\">Descubre Loyal Watch, el SmartWatch que triunfa<\/a><\/li>\n\t\t<li class=\"wsp-post\"><a href=\"https:\/\/digitogy.eu\/es\/dronex-pro\/\">Drone X Pro &#8211; An\u00e1lisis<\/a><\/li>\n\t\t<li class=\"wsp-post\"><a href=\"https:\/\/digitogy.eu\/es\/usmile-pro-analisis-y-opinion\/\">\u00bfRealmente funciona uSmile Pro? Nuestra opinion<\/a><\/li>\n\t\t<li class=\"wsp-post\"><a href=\"https:\/\/digitogy.eu\/es\/creaclip-para-cortar-el-pelo\/\">Creaclip: para cortar el pelo en tu propia casa. \u00bfFunciona?<\/a><\/li>\n\t\t<li class=\"wsp-post\"><a href=\"https:\/\/digitogy.eu\/es\/eyeque-opiniones\/\">EyeQue: Diagnostica tu visi\u00f3n con tu Smartphone<\/a><\/li>\n\t\t<li class=\"wsp-post\"><a href=\"https:\/\/digitogy.eu\/es\/infinitikloud-opiniones\/\">InfinitiKloud, el h\u00edbrido memoria USB + Cloud. \u00bfMerece la pena?<\/a><\/li>\n\t\t<li class=\"wsp-post\"><a href=\"https:\/\/digitogy.eu\/es\/react-by-chargehub\/\">React by ChargeHub: la herramienta de emergencia 7 en 1 perfecta para autom\u00f3viles<\/a><\/li>\n\t\t<li class=\"wsp-post\"><a href=\"https:\/\/digitogy.eu\/es\/barxstop\/\">Barxstop: el nuevo y perfecto dispositivo anti-ladridos<\/a><\/li>\n\t\t<li class=\"wsp-post\"><a href=\"https:\/\/digitogy.eu\/es\/betterback-opiniones\/\">BetterBack, corrector de postura: \u00bffunciona? Lo analizamos<\/a><\/li>\n\t\t<li class=\"wsp-post\"><a href=\"https:\/\/digitogy.eu\/es\/sleep-connection\/\">Sleep Connection: la pulsera antirronquidos \u00a1para dejar de roncar para siempre!<\/a><\/li>\n\t\t<li class=\"wsp-post\"><a href=\"https:\/\/digitogy.eu\/es\/zenmind-xp\/\">Zenmind Xp es el masajeador capaz de salvar nuestros ojos<\/a><\/li>\n\t\t<li class=\"wsp-post\"><a href=\"https:\/\/digitogy.eu\/es\/kailo-opiniones\/\">\u00bfKailo realmente funciona como un antiinflamatorio?<\/a><\/li>\n\t\t<li class=\"wsp-post\"><a href=\"https:\/\/digitogy.eu\/es\/tv-buddy-caster\/\">TV Buddy Caster, el dispositivo para ver tu tel\u00e9fono en la TV<\/a><\/li>\n\t\t<li class=\"wsp-post\"><a href=\"https:\/\/digitogy.eu\/es\/wifi-ultraboost-opiniones\/\">WiFi UltraBoost 2026: \u00bfrealmente funciona?<\/a><\/li>\n\t\t<li class=\"wsp-post\"><a href=\"https:\/\/digitogy.eu\/es\/smartdot-opiniones\/\">SmartDOT, \u00bfprotege realmente de las ondas electromagn\u00e9ticas?<\/a><\/li>\n\t\t<li class=\"wsp-post\"><a href=\"https:\/\/digitogy.eu\/es\/muama-enance-opiniones\/\">Muama Enance, el traductor simult\u00e1neo \u00bfRealmente funciona?<\/a><\/li>\n\t\t<li class=\"wsp-post\"><a href=\"https:\/\/digitogy.eu\/es\/ulla\/\">Ulla: el gadget que te cambiar\u00e1 tu manera de vivir &#8211; mi rese\u00f1a<\/a><\/li>\n\t\t<li class=\"wsp-post\"><a href=\"https:\/\/digitogy.eu\/es\/chargehubgo-plus-opiniones\/\">Chargehubgo + funciona realmente como un cargador inal\u00e1mbrico &#8211; mi rese\u00f1a<\/a><\/li>\n\t\t<li class=\"wsp-post\"><a href=\"https:\/\/digitogy.eu\/es\/fittrack\/\">Logre conocer su mejor condici\u00f3n f\u00edsica con todas las propiedades de Fittrack<\/a><\/li>\n\t\t<li class=\"wsp-post\"><a href=\"https:\/\/digitogy.eu\/es\/handy-heather-calefactor\/\">\u00bfRealmente funciona el calentador Handy Heather?<\/a><\/li>\n\t\t<li class=\"wsp-post\"><a href=\"https:\/\/digitogy.eu\/es\/uv-cleanizer-zoom-resena\/\">UV Cleanizer Zoom resena : \u00bffunciona para desinfectar o es una estafa?<\/a><\/li>\n\t\t<li class=\"wsp-post\"><a href=\"https:\/\/digitogy.eu\/es\/neck-hammock\/\">\u00bfNeck Hammock funciona para los dolores cervicales? &#8211; Mi rese\u00f1a<\/a><\/li>\n\t\t<li class=\"wsp-post\"><a href=\"https:\/\/digitogy.eu\/es\/aculief-opiniones\/\">El clip Aculief es realmente capaz de ahuyentar las migra\u00f1as<\/a><\/li>\n\t\t<li class=\"wsp-post\"><a href=\"https:\/\/digitogy.eu\/es\/boobuddy-resena\/\">Boobuddy ya se convirti\u00f3 en el mejor sujetador deportivo para las mujeres &#8211; Mi rese\u00f1a<\/a><\/li>\n\t\t<li class=\"wsp-post\"><a href=\"https:\/\/digitogy.eu\/es\/x-watch-smartwatch\/\">X Watch es el mejor reloj Smartwatch por calidad y precio &#8211; nuestra rese\u00f1a<\/a><\/li>\n\t\t<li class=\"wsp-post\"><a href=\"https:\/\/digitogy.eu\/es\/glow-bowl\/\">El mejor sensor de movimiento se llama Glow Bowl, muy f\u00e1cil de instalar &#8211; Mi rese\u00f1a<\/a><\/li>\n\t\t<li class=\"wsp-post\"><a href=\"https:\/\/digitogy.eu\/es\/peeps-limpiador-gafas\/\">Peeps: Mi rese\u00f1a sobre el exclusivo limpiador de gafas<\/a><\/li>\n\t\t<li class=\"wsp-post\"><a href=\"https:\/\/digitogy.eu\/es\/keyless-pro-opiniones\/\">El teclado virtual Keyless pro realmente es maravilloso y funciona a un nivel superior<\/a><\/li>\n\t\t<li class=\"wsp-post\"><a href=\"https:\/\/digitogy.eu\/es\/screenklean-opiniones\/\">\u00bfScreenKlean es la mejor soluci\u00f3n para pulir pantallas? &#8211; Mi rese\u00f1a<\/a><\/li>\n\t\t<li class=\"wsp-post\"><a href=\"https:\/\/digitogy.eu\/es\/lureessentials-resena\/\">El mejor tratamiento facial de la actualidad es sin dudas LureEssentials &#8211; Mi rese\u00f1a<\/a><\/li>\n\t\t<li class=\"wsp-post\"><a href=\"https:\/\/digitogy.eu\/es\/key-smart\/\">Key Smart llavero inteligente 2026 | Mi rese\u00f1a<\/a><\/li>\n\t\t<li class=\"wsp-post\"><a href=\"https:\/\/digitogy.eu\/es\/ladycare\/\">ladycare opiniones: terapia natural contra los s\u00edntomas de la menopausia<\/a><\/li>\n\t\t<li class=\"wsp-post\"><a href=\"https:\/\/digitogy.eu\/es\/vizr\/\">\u00bfVIZR Realmente funciona cuando conduces? &#8211; Mi rese\u00f1a<\/a><\/li>\n\t\t<li class=\"wsp-post\"><a href=\"https:\/\/digitogy.eu\/es\/type-s-la-tranquilidad-total-con-los-sensores-de-estacionamiento\/\">\u00bfType S es la mejor alternativa en sensores de aparcamiento? &#8211; Mi rese\u00f1a<\/a><\/li>\n\t\t<li class=\"wsp-post\"><a href=\"https:\/\/digitogy.eu\/es\/upright-go\/\">\u00bfUp Right Go funciona? Mi revisi\u00f3n correcta de la postura<\/a><\/li>\n\t\t<li class=\"wsp-post\"><a href=\"https:\/\/digitogy.eu\/es\/fixd\/\">FIXD Opiniones: \u00a1La primera aplicaci\u00f3n de esc\u00e1ner de autom\u00f3viles en Espa\u00f1a!<\/a><\/li>\n\t\t<li class=\"wsp-post\"><a href=\"https:\/\/digitogy.eu\/es\/flexsafe\/\">Viaje seguro a cualquier lugar con FlexSafe como su guardia &#8211; Mi rese\u00f1a<\/a><\/li>\n<\/ul><\/li>\n\t<li><strong class=\"wsp-category-title\">Category: <a href=\"https:\/\/digitogy.eu\/es\/categoria\/noticias\/\">Noticias<\/a><\/strong>\n<ul class=\"wsp-posts-list\">\t\t<li class=\"wsp-post\"><a href=\"https:\/\/digitogy.eu\/es\/parche-signal-relief-analisis\/\">Parche Signal Relief \u00bfDe verdad funciona?<\/a><\/li>\n<\/ul><\/li>\n<\/ul>\n<\/div>\n","protected":false},"excerpt":{"rendered":"","protected":false},"author":58,"featured_media":0,"parent":0,"menu_order":0,"comment_status":"closed","ping_status":"closed","template":"","meta":{"om_disable_all_campaigns":false,"footnotes":""},"sgf-content-tag":[472,474],"sgf-seo-push":[],"class_list":["post-10065","page","type-page","status-publish","hentry"],"yoast_head":"<!-- This site is optimized with the Yoast SEO plugin v24.9 - https:\/\/yoast.com\/wordpress\/plugins\/seo\/ -->\n<title>Mapa del sitio 2026 | Digitogy.eu<\/title>\n<meta name=\"description\" content=\"Este es nuestro mapa del sitio. Esta p\u00e1gina contiene todos nuestros blogs y art\u00edculos de revisi\u00f3n sobre Gadgets, VPN y seguridad en l\u00ednea.\" \/>\n<meta name=\"robots\" content=\"index, follow, max-snippet:-1, max-image-preview:large, max-video-preview:-1\" \/>\n<link rel=\"canonical\" href=\"https:\/\/digitogy.eu\/es\/sitemap\/\" \/>\n<meta property=\"og:locale\" content=\"es_ES\" \/>\n<meta property=\"og:type\" content=\"article\" \/>\n<meta property=\"og:title\" content=\"Mapa del sitio 2026 | Digitogy.eu\" \/>\n<meta property=\"og:description\" content=\"Este es nuestro mapa del sitio. Esta p\u00e1gina contiene todos nuestros blogs y art\u00edculos de revisi\u00f3n sobre Gadgets, VPN y seguridad en l\u00ednea.\" \/>\n<meta property=\"og:url\" content=\"https:\/\/digitogy.eu\/es\/sitemap\/\" \/>\n<meta property=\"og:site_name\" content=\"Digitogy.eu\" \/>\n<meta property=\"article:modified_time\" content=\"2022-01-04T03:20:04+00:00\" \/>\n<meta name=\"twitter:card\" content=\"summary_large_image\" \/>\n<!-- \/ Yoast SEO plugin. -->","yoast_head_json":{"title":"Mapa del sitio 2026 | Digitogy.eu","description":"Este es nuestro mapa del sitio. Esta p\u00e1gina contiene todos nuestros blogs y art\u00edculos de revisi\u00f3n sobre Gadgets, VPN y seguridad en l\u00ednea.","robots":{"index":"index","follow":"follow","max-snippet":"max-snippet:-1","max-image-preview":"max-image-preview:large","max-video-preview":"max-video-preview:-1"},"canonical":"https:\/\/digitogy.eu\/es\/sitemap\/","og_locale":"es_ES","og_type":"article","og_title":"Mapa del sitio 2026 | Digitogy.eu","og_description":"Este es nuestro mapa del sitio. Esta p\u00e1gina contiene todos nuestros blogs y art\u00edculos de revisi\u00f3n sobre Gadgets, VPN y seguridad en l\u00ednea.","og_url":"https:\/\/digitogy.eu\/es\/sitemap\/","og_site_name":"Digitogy.eu","article_modified_time":"2022-01-04T03:20:04+00:00","twitter_card":"summary_large_image","schema":{"@context":"https:\/\/schema.org","@graph":[{"@type":"WebPage","@id":"https:\/\/digitogy.eu\/es\/sitemap\/","url":"https:\/\/digitogy.eu\/es\/sitemap\/","name":"Mapa del sitio [yr] | Digitogy.eu","isPartOf":{"@id":"https:\/\/digitogy.eu\/es\/#website"},"datePublished":"2019-10-16T12:13:30+00:00","dateModified":"2022-01-04T03:20:04+00:00","description":"Este es nuestro mapa del sitio. Esta p\u00e1gina contiene todos nuestros blogs y art\u00edculos de revisi\u00f3n sobre Gadgets, VPN y seguridad en l\u00ednea.","breadcrumb":{"@id":"https:\/\/digitogy.eu\/es\/sitemap\/#breadcrumb"},"inLanguage":"es","potentialAction":[{"@type":"ReadAction","target":["https:\/\/digitogy.eu\/es\/sitemap\/"]}]},{"@type":"BreadcrumbList","@id":"https:\/\/digitogy.eu\/es\/sitemap\/#breadcrumb","itemListElement":[{"@type":"ListItem","position":1,"name":"Home","item":"https:\/\/digitogy.eu\/es\/pagina-principal\/"},{"@type":"ListItem","position":2,"name":"Mapa del sitio"}]},{"@type":"WebSite","@id":"https:\/\/digitogy.eu\/es\/#website","url":"https:\/\/digitogy.eu\/es\/","name":"Digitogy.eu","description":"Digital Technology Magazine","publisher":{"@id":"https:\/\/digitogy.eu\/es\/#organization"},"potentialAction":[{"@type":"SearchAction","target":{"@type":"EntryPoint","urlTemplate":"https:\/\/digitogy.eu\/es\/?s={search_term_string}"},"query-input":{"@type":"PropertyValueSpecification","valueRequired":true,"valueName":"search_term_string"}}],"inLanguage":"es"},{"@type":"Organization","@id":"https:\/\/digitogy.eu\/es\/#organization","name":"Digitogy.eu","url":"https:\/\/digitogy.eu\/es\/","logo":{"@type":"ImageObject","inLanguage":"es","@id":"https:\/\/digitogy.eu\/es\/#\/schema\/logo\/image\/","url":"https:\/\/digitogy.eu\/wp-content\/uploads\/2019\/11\/digitogy.png","contentUrl":"https:\/\/digitogy.eu\/wp-content\/uploads\/2019\/11\/digitogy.png","width":150,"height":42,"caption":"Digitogy.eu"},"image":{"@id":"https:\/\/digitogy.eu\/es\/#\/schema\/logo\/image\/"}}]}},"_links":{"self":[{"href":"https:\/\/digitogy.eu\/es\/wp-json\/wp\/v2\/pages\/10065","targetHints":{"allow":["GET"]}}],"collection":[{"href":"https:\/\/digitogy.eu\/es\/wp-json\/wp\/v2\/pages"}],"about":[{"href":"https:\/\/digitogy.eu\/es\/wp-json\/wp\/v2\/types\/page"}],"author":[{"embeddable":true,"href":"https:\/\/digitogy.eu\/es\/wp-json\/wp\/v2\/users\/58"}],"replies":[{"embeddable":true,"href":"https:\/\/digitogy.eu\/es\/wp-json\/wp\/v2\/comments?post=10065"}],"version-history":[{"count":3,"href":"https:\/\/digitogy.eu\/es\/wp-json\/wp\/v2\/pages\/10065\/revisions"}],"predecessor-version":[{"id":28264,"href":"https:\/\/digitogy.eu\/es\/wp-json\/wp\/v2\/pages\/10065\/revisions\/28264"}],"wp:attachment":[{"href":"https:\/\/digitogy.eu\/es\/wp-json\/wp\/v2\/media?parent=10065"}],"wp:term":[{"taxonomy":"sgf-content-tag","embeddable":true,"href":"https:\/\/digitogy.eu\/es\/wp-json\/wp\/v2\/sgf-content-tag?post=10065"},{"taxonomy":"sgf-seo-push","embeddable":true,"href":"https:\/\/digitogy.eu\/es\/wp-json\/wp\/v2\/sgf-seo-push?post=10065"}],"curies":[{"name":"wp","href":"https:\/\/api.w.org\/{rel}","templated":true}]}}