{"id":8512,"date":"2018-08-20T05:50:31","date_gmt":"2018-08-20T04:50:31","guid":{"rendered":"https:\/\/digitogy.eu\/privacy-policy\/"},"modified":"2023-07-14T06:07:11","modified_gmt":"2023-07-14T05:07:11","slug":"privacy-policy","status":"publish","type":"page","link":"https:\/\/digitogy.eu\/de\/privacy-policy\/","title":{"rendered":"Datenschutzbestimmungen (Privacy Policy)"},"content":{"rendered":"<div class=\"penci-entry-content entry-content\">\n<h2>Bestimmungen zum Datenschutz<\/h2>\n<\/div>\n<div class=\"group w-full text-gray-800 dark:text-gray-100 border-b border-black\/10 dark:border-gray-900\/50 bg-gray-50 dark:bg-[#444654] sm:AIPRM__conversation__response\">\n<div class=\"flex p-4 gap-4 text-base md:gap-6 md:max-w-2xl lg:max-w-[38rem] xl:max-w-3xl md:py-6 lg:px-0 m-auto\">\n<div class=\"relative flex w-[calc(100%-50px)] flex-col gap-1 md:gap-3 lg:w-[calc(100%-115px)]\">\n<div class=\"flex flex-grow flex-col gap-3\">\n<div class=\"min-h-[20px] flex items-start overflow-x-auto whitespace-pre-wrap break-words flex-col gap-4\">\n<div class=\"markdown prose w-full break-words dark:prose-invert dark AIPRM__conversation__response\">\n<p>In der Regel ist die Nutzung unserer Website ohne Angabe personenbezogener Daten m\u00f6glich. Wenn jedoch personenbezogene Daten auf unseren Seiten erhoben werden, erfolgt dies in der Regel auf freiwilliger Basis. Ohne Ihre ausdr\u00fcckliche Zustimmung werden diese Daten nicht an Dritte weitergegeben.<\/p>\n<p>Wir m\u00f6chten darauf hinweisen, dass die \u00dcbertragung von Daten \u00fcber das Internet (z.B. bei der Kommunikation per E-Mail) Sicherheitsl\u00fccken aufweisen kann. Ein vollst\u00e4ndiger Schutz der Daten vor dem Zugriff durch Dritte ist nicht m\u00f6glich.<\/p>\n<p>Die Verwendung der im Impressum ver\u00f6ffentlichten Kontaktdaten durch Dritte zur \u00dcbersendung von nicht ausdr\u00fccklich angeforderten Werbe- und Informationsmaterialien wird hiermit ausdr\u00fccklich untersagt. Die Betreiber dieser Seiten behalten sich rechtliche Schritte im Falle der unverlangten Zusendung von Werbeinformationen, wie zum Beispiel durch Spam-Mails, vor.<\/p>\n<p>Sofern Sie uns personenbezogene Daten zur Verf\u00fcgung gestellt haben, verwenden wir diese nur zur Beantwortung Ihrer Anfragen, zur Abwicklung von Vertr\u00e4gen mit Ihnen und f\u00fcr die technische Administration. Eine Weitergabe Ihrer personenbezogenen Daten an Dritte erfolgt nur, wenn dies zur Vertragsabwicklung, insbesondere zur Weitergabe von Bestelldaten an Lieferanten, erforderlich ist, wenn es zu Abrechnungszwecken notwendig ist oder wenn Sie zuvor eingewilligt haben. Sie haben das Recht, Ihre Einwilligung jederzeit mit Wirkung f\u00fcr die Zukunft zu widerrufen.<\/p>\n<p>Die L\u00f6schung Ihrer gespeicherten personenbezogenen Daten erfolgt, wenn Sie Ihre Einwilligung zur Speicherung widerrufen, wenn die Speicherung nicht mehr zur Erf\u00fcllung des Zwecks erforderlich ist oder wenn eine Speicherung aus anderen gesetzlichen Gr\u00fcnden unzul\u00e4ssig ist.<\/p>\n<h2>Analysetools von Drittanbietern<\/h2>\n<p>Wir verwenden auch\u00a0<strong>Drittanbieter-Analysetools<\/strong>\u00a0wie Google Analytics, Google Search Console und Sitemaps, um statistische Daten \u00fcber die Nutzung unserer Webseite zu erfassen:<\/p>\n<ul>\n<li>Google Analytics: Zur Analyse des Nutzerverhaltens verwenden wir den Webanalysedienst Google Analytics von Google. Dieses Tool hilft uns, Informationen \u00fcber die Besucher unserer Webseite zu sammeln, wie z.B. Seitenaufrufe, Verweildauer, Suchbegriffe und den Standort der Besucher. Diese Daten werden anonymisiert und dienen ausschlie\u00dflich statistischen Zwecken, um unsere Webseite zu optimieren und benutzerfreundlicher zu gestalten. Google Analytics verwendet Cookies zur Datensammlung. Weitere Informationen \u00fcber den Einsatz von Cookies durch Google Analytics finden Sie in unserer Datenschutzerkl\u00e4rung.<\/li>\n<li>Google Search Console: Die Google Search Console erm\u00f6glicht es uns, Informationen \u00fcber die Sichtbarkeit unserer Webseite in den Google-Suchergebnissen zu erhalten. Dadurch k\u00f6nnen wir sehen, welche Suchbegriffe zu Klicks auf unsere Webseite f\u00fchren und wie unsere Webseite in den Suchergebnissen angezeigt wird. Diese Informationen helfen uns, unsere Webseite zu verbessern und relevanter f\u00fcr die Benutzer zu machen.<\/li>\n<li>Sitemaps: Sitemaps sind strukturierte Dateien, die eine \u00dcbersicht \u00fcber alle Seiten unserer Webseite enthalten. Wir verwenden Sitemaps, um Suchmaschinen wie Google dabei zu unterst\u00fctzen, unsere Webseite effizient zu durchsuchen und zu indexieren. Dadurch k\u00f6nnen unsere Inhalte in den Suchergebnissen besser gefunden werden.<\/li>\n<\/ul>\n<p>Bitte beachten Sie, dass diese Drittanbieter-Analysetools ihre eigenen Datenschutzrichtlinien haben und wir keinen direkten Einfluss auf die von ihnen erfassten Daten haben. Weitere Informationen zur Verarbeitung Ihrer personenbezogenen Daten im Zusammenhang mit diesen Analysetools finden Sie in unserer Datenschutzerkl\u00e4rung.<\/p>\n<h2>\u00c4nderungen der Richtlinie<\/h2>\n<p>Wir k\u00f6nnen diese Richtlinie gelegentlich aktualisieren, indem wir eine neue Version auf unserer Webseite ver\u00f6ffentlichen. Sie sollten diese Seite gelegentlich \u00fcberpr\u00fcfen, um sicherzustellen, dass Sie etwaige \u00c4nderungen dieser Richtlinie verstehen. Wir k\u00f6nnen Sie \u00fcber<strong>\u00a0\u00c4nderungen dieser Richtlinie per E-Mail oder \u00fcber das private Nachrichtensystem<\/strong>\u00a0auf unserer Webseite informieren.<\/p>\n<\/div>\n<\/div>\n<\/div>\n<\/div>\n<\/div>\n<\/div>\n","protected":false},"excerpt":{"rendered":"<p>Bestimmungen zum Datenschutz In der Regel ist die Nutzung unserer Website ohne Angabe personenbezogener Daten m\u00f6glich. Wenn jedoch personenbezogene Daten auf unseren Seiten erhoben werden, erfolgt dies in der Regel auf freiwilliger Basis. Ohne Ihre ausdr\u00fcckliche Zustimmung werden diese Daten nicht an Dritte weitergegeben. Wir m\u00f6chten darauf hinweisen, dass die \u00dcbertragung von Daten \u00fcber das [&hellip;]<\/p>\n","protected":false},"author":119,"featured_media":0,"parent":0,"menu_order":0,"comment_status":"closed","ping_status":"closed","template":"","meta":{"om_disable_all_campaigns":false,"footnotes":""},"sgf-content-tag":[472,475],"sgf-seo-push":[],"class_list":["post-8512","page","type-page","status-publish","hentry"],"yoast_head":"<!-- This site is optimized with the Yoast SEO plugin v24.9 - https:\/\/yoast.com\/wordpress\/plugins\/seo\/ -->\n<title>Datenschutzbestimmungen (Privacy Policy) | Digitogy.eu<\/title>\n<meta name=\"description\" content=\"Wir m\u00f6chten darauf hinweisen, dass die \u00dcbertragung von Daten \u00fcber das Internet Sicherheitsl\u00fccken aufweisen kann.\" \/>\n<meta name=\"robots\" content=\"index, follow, max-snippet:-1, max-image-preview:large, max-video-preview:-1\" \/>\n<link rel=\"canonical\" href=\"https:\/\/digitogy.eu\/de\/privacy-policy\/\" \/>\n<meta property=\"og:locale\" content=\"de_DE\" \/>\n<meta property=\"og:type\" content=\"article\" \/>\n<meta property=\"og:title\" content=\"Datenschutzbestimmungen (Privacy Policy) | Digitogy.eu\" \/>\n<meta property=\"og:description\" content=\"Wir m\u00f6chten darauf hinweisen, dass die \u00dcbertragung von Daten \u00fcber das Internet Sicherheitsl\u00fccken aufweisen kann.\" \/>\n<meta property=\"og:url\" content=\"https:\/\/digitogy.eu\/de\/privacy-policy\/\" \/>\n<meta property=\"og:site_name\" content=\"Digitogy.eu\" \/>\n<meta property=\"article:modified_time\" content=\"2023-07-14T05:07:11+00:00\" \/>\n<meta name=\"twitter:card\" content=\"summary_large_image\" \/>\n<!-- \/ Yoast SEO plugin. -->","yoast_head_json":{"title":"Datenschutzbestimmungen (Privacy Policy) | Digitogy.eu","description":"Wir m\u00f6chten darauf hinweisen, dass die \u00dcbertragung von Daten \u00fcber das Internet Sicherheitsl\u00fccken aufweisen kann.","robots":{"index":"index","follow":"follow","max-snippet":"max-snippet:-1","max-image-preview":"max-image-preview:large","max-video-preview":"max-video-preview:-1"},"canonical":"https:\/\/digitogy.eu\/de\/privacy-policy\/","og_locale":"de_DE","og_type":"article","og_title":"Datenschutzbestimmungen (Privacy Policy) | Digitogy.eu","og_description":"Wir m\u00f6chten darauf hinweisen, dass die \u00dcbertragung von Daten \u00fcber das Internet Sicherheitsl\u00fccken aufweisen kann.","og_url":"https:\/\/digitogy.eu\/de\/privacy-policy\/","og_site_name":"Digitogy.eu","article_modified_time":"2023-07-14T05:07:11+00:00","twitter_card":"summary_large_image","schema":{"@context":"https:\/\/schema.org","@graph":[{"@type":"WebPage","@id":"https:\/\/digitogy.eu\/de\/privacy-policy\/","url":"https:\/\/digitogy.eu\/de\/privacy-policy\/","name":"Datenschutzbestimmungen (Privacy Policy) | Digitogy.eu","isPartOf":{"@id":"https:\/\/digitogy.eu\/de\/#website"},"datePublished":"2018-08-20T04:50:31+00:00","dateModified":"2023-07-14T05:07:11+00:00","description":"Wir m\u00f6chten darauf hinweisen, dass die \u00dcbertragung von Daten \u00fcber das Internet Sicherheitsl\u00fccken aufweisen kann.","breadcrumb":{"@id":"https:\/\/digitogy.eu\/de\/privacy-policy\/#breadcrumb"},"inLanguage":"de","potentialAction":[{"@type":"ReadAction","target":["https:\/\/digitogy.eu\/de\/privacy-policy\/"]}]},{"@type":"BreadcrumbList","@id":"https:\/\/digitogy.eu\/de\/privacy-policy\/#breadcrumb","itemListElement":[{"@type":"ListItem","position":1,"name":"Home","item":"https:\/\/digitogy.eu\/de\/"},{"@type":"ListItem","position":2,"name":"Datenschutzbestimmungen (Privacy Policy)"}]},{"@type":"WebSite","@id":"https:\/\/digitogy.eu\/de\/#website","url":"https:\/\/digitogy.eu\/de\/","name":"Digitogy.eu","description":"Digital Technology Magazine","publisher":{"@id":"https:\/\/digitogy.eu\/de\/#organization"},"potentialAction":[{"@type":"SearchAction","target":{"@type":"EntryPoint","urlTemplate":"https:\/\/digitogy.eu\/de\/?s={search_term_string}"},"query-input":{"@type":"PropertyValueSpecification","valueRequired":true,"valueName":"search_term_string"}}],"inLanguage":"de"},{"@type":"Organization","@id":"https:\/\/digitogy.eu\/de\/#organization","name":"Digitogy.eu","url":"https:\/\/digitogy.eu\/de\/","logo":{"@type":"ImageObject","inLanguage":"de","@id":"https:\/\/digitogy.eu\/de\/#\/schema\/logo\/image\/","url":"https:\/\/digitogy.eu\/wp-content\/uploads\/2019\/11\/digitogy.png","contentUrl":"https:\/\/digitogy.eu\/wp-content\/uploads\/2019\/11\/digitogy.png","width":150,"height":42,"caption":"Digitogy.eu"},"image":{"@id":"https:\/\/digitogy.eu\/de\/#\/schema\/logo\/image\/"}}]}},"_links":{"self":[{"href":"https:\/\/digitogy.eu\/de\/wp-json\/wp\/v2\/pages\/8512","targetHints":{"allow":["GET"]}}],"collection":[{"href":"https:\/\/digitogy.eu\/de\/wp-json\/wp\/v2\/pages"}],"about":[{"href":"https:\/\/digitogy.eu\/de\/wp-json\/wp\/v2\/types\/page"}],"author":[{"embeddable":true,"href":"https:\/\/digitogy.eu\/de\/wp-json\/wp\/v2\/users\/119"}],"replies":[{"embeddable":true,"href":"https:\/\/digitogy.eu\/de\/wp-json\/wp\/v2\/comments?post=8512"}],"version-history":[{"count":6,"href":"https:\/\/digitogy.eu\/de\/wp-json\/wp\/v2\/pages\/8512\/revisions"}],"predecessor-version":[{"id":46867,"href":"https:\/\/digitogy.eu\/de\/wp-json\/wp\/v2\/pages\/8512\/revisions\/46867"}],"wp:attachment":[{"href":"https:\/\/digitogy.eu\/de\/wp-json\/wp\/v2\/media?parent=8512"}],"wp:term":[{"taxonomy":"sgf-content-tag","embeddable":true,"href":"https:\/\/digitogy.eu\/de\/wp-json\/wp\/v2\/sgf-content-tag?post=8512"},{"taxonomy":"sgf-seo-push","embeddable":true,"href":"https:\/\/digitogy.eu\/de\/wp-json\/wp\/v2\/sgf-seo-push?post=8512"}],"curies":[{"name":"wp","href":"https:\/\/api.w.org\/{rel}","templated":true}]}}