{"id":8506,"date":"2018-11-06T08:40:47","date_gmt":"2018-11-06T07:40:47","guid":{"rendered":"https:\/\/digitogy.eu\/disclaimer\/"},"modified":"2023-07-14T10:29:15","modified_gmt":"2023-07-14T09:29:15","slug":"disclaimer","status":"publish","type":"page","link":"https:\/\/digitogy.eu\/de\/disclaimer\/","title":{"rendered":"Haftungsausschluss (Disclaimer)"},"content":{"rendered":"<p>Wir stellen Ihnen alle Nachrichten, Anleitungen, Bewertungen, Informationen, Details zu Gadgets, Hardware, Sicherheitssoftware-Programmen, Datenschutztools usw. zur Verf\u00fcgung, um Sie \u00fcber die neuesten Entwicklungen in der Branche auf dem Laufenden zu halten.<\/p>\n<p>Unser Expertenteam verf\u00fcgt \u00fcber eine <strong>nachgewiesene Erfolgsbilanz bei der Bereitstellung einer Vielzahl von Dienstleistungen und L\u00f6sungen<\/strong>. Dabei ist ihnen bewusst, dass es sich um einen sensiblen Bereich handelt. Es sollte jedoch klar sein, dass alle Anleitungen, Bewertungen, Informationen sowie jegliches andere Material ausschlie\u00dflich zu allgemeinen Informationszwecken bereitgestellt werden. Wir billigen, ermutigen oder f\u00f6rdern keine kriminellen oder illegalen Aktivit\u00e4ten, Vertragsbr\u00fcche, Sch\u00e4den oder Verletzungen anderer Personen.<\/p>\n<p>Bitte beachten Sie, dass Sie verantwortungsvoll handeln. Sie sind allein daf\u00fcr verantwortlich, Ihre eigenen Entscheidungen zu treffen und bei Bedenken, Zweifeln oder Fragen zu Ihren Handlungen und den m\u00f6glichen Folgen rechtlichen Rat einzuholen.<\/p>\n<p>Neben den oben genannten Punkten k\u00f6nnen auch andere Personen von Zeit zu Zeit Beitr\u00e4ge oder Kommentare auf der Website ver\u00f6ffentlichen. Wir begr\u00fc\u00dfen diese Beitr\u00e4ge, \u00fcbernehmen jedoch keine Verantwortung f\u00fcr die Ansichten oder Inhalte, die von anderen Personen ver\u00f6ffentlicht werden. Ihre Ansichten sind ihre eigenen und repr\u00e4sentieren nicht unbedingt die Ansichten unserer Website.<\/p>\n","protected":false},"excerpt":{"rendered":"<p>Wir stellen Ihnen alle Nachrichten, Anleitungen, Bewertungen, Informationen, Details zu Gadgets, Hardware, Sicherheitssoftware-Programmen, Datenschutztools usw. zur Verf\u00fcgung, um Sie \u00fcber die neuesten Entwicklungen in der Branche auf dem Laufenden zu halten. Unser Expertenteam verf\u00fcgt \u00fcber eine nachgewiesene Erfolgsbilanz bei der Bereitstellung einer Vielzahl von Dienstleistungen und L\u00f6sungen. Dabei ist ihnen bewusst, dass es sich um [&hellip;]<\/p>\n","protected":false},"author":119,"featured_media":0,"parent":0,"menu_order":0,"comment_status":"closed","ping_status":"closed","template":"","meta":{"om_disable_all_campaigns":false,"footnotes":""},"sgf-content-tag":[472,476],"sgf-seo-push":[],"class_list":["post-8506","page","type-page","status-publish","hentry"],"yoast_head":"<!-- This site is optimized with the Yoast SEO plugin v24.9 - https:\/\/yoast.com\/wordpress\/plugins\/seo\/ -->\n<title>Haftungsausschluss (Disclaimer) | Digitogy.eu<\/title>\n<meta name=\"description\" content=\"Der Website-Eigent\u00fcmer nimmt am Amazon Partnerprogramm teil, um Websites die M\u00f6glichkeit zu geben, Werbegeb\u00fchren durch Verlinkung zu verdienen.\" \/>\n<meta name=\"robots\" content=\"index, follow, max-snippet:-1, max-image-preview:large, max-video-preview:-1\" \/>\n<link rel=\"canonical\" href=\"https:\/\/digitogy.eu\/de\/disclaimer\/\" \/>\n<meta property=\"og:locale\" content=\"de_DE\" \/>\n<meta property=\"og:type\" content=\"article\" \/>\n<meta property=\"og:title\" content=\"Haftungsausschluss (Disclaimer) | Digitogy.eu\" \/>\n<meta property=\"og:description\" content=\"Der Website-Eigent\u00fcmer nimmt am Amazon Partnerprogramm teil, um Websites die M\u00f6glichkeit zu geben, Werbegeb\u00fchren durch Verlinkung zu verdienen.\" \/>\n<meta property=\"og:url\" content=\"https:\/\/digitogy.eu\/de\/disclaimer\/\" \/>\n<meta property=\"og:site_name\" content=\"Digitogy.eu\" \/>\n<meta property=\"article:modified_time\" content=\"2023-07-14T09:29:15+00:00\" \/>\n<meta name=\"twitter:card\" content=\"summary_large_image\" \/>\n<!-- \/ Yoast SEO plugin. -->","yoast_head_json":{"title":"Haftungsausschluss (Disclaimer) | Digitogy.eu","description":"Der Website-Eigent\u00fcmer nimmt am Amazon Partnerprogramm teil, um Websites die M\u00f6glichkeit zu geben, Werbegeb\u00fchren durch Verlinkung zu verdienen.","robots":{"index":"index","follow":"follow","max-snippet":"max-snippet:-1","max-image-preview":"max-image-preview:large","max-video-preview":"max-video-preview:-1"},"canonical":"https:\/\/digitogy.eu\/de\/disclaimer\/","og_locale":"de_DE","og_type":"article","og_title":"Haftungsausschluss (Disclaimer) | Digitogy.eu","og_description":"Der Website-Eigent\u00fcmer nimmt am Amazon Partnerprogramm teil, um Websites die M\u00f6glichkeit zu geben, Werbegeb\u00fchren durch Verlinkung zu verdienen.","og_url":"https:\/\/digitogy.eu\/de\/disclaimer\/","og_site_name":"Digitogy.eu","article_modified_time":"2023-07-14T09:29:15+00:00","twitter_card":"summary_large_image","schema":{"@context":"https:\/\/schema.org","@graph":[{"@type":"WebPage","@id":"https:\/\/digitogy.eu\/de\/disclaimer\/","url":"https:\/\/digitogy.eu\/de\/disclaimer\/","name":"Haftungsausschluss (Disclaimer) | Digitogy.eu","isPartOf":{"@id":"https:\/\/digitogy.eu\/de\/#website"},"datePublished":"2018-11-06T07:40:47+00:00","dateModified":"2023-07-14T09:29:15+00:00","description":"Der Website-Eigent\u00fcmer nimmt am Amazon Partnerprogramm teil, um Websites die M\u00f6glichkeit zu geben, Werbegeb\u00fchren durch Verlinkung zu verdienen.","breadcrumb":{"@id":"https:\/\/digitogy.eu\/de\/disclaimer\/#breadcrumb"},"inLanguage":"de","potentialAction":[{"@type":"ReadAction","target":["https:\/\/digitogy.eu\/de\/disclaimer\/"]}]},{"@type":"BreadcrumbList","@id":"https:\/\/digitogy.eu\/de\/disclaimer\/#breadcrumb","itemListElement":[{"@type":"ListItem","position":1,"name":"Home","item":"https:\/\/digitogy.eu\/de\/"},{"@type":"ListItem","position":2,"name":"Haftungsausschluss (Disclaimer)"}]},{"@type":"WebSite","@id":"https:\/\/digitogy.eu\/de\/#website","url":"https:\/\/digitogy.eu\/de\/","name":"Digitogy.eu","description":"Digital Technology Magazine","publisher":{"@id":"https:\/\/digitogy.eu\/de\/#organization"},"potentialAction":[{"@type":"SearchAction","target":{"@type":"EntryPoint","urlTemplate":"https:\/\/digitogy.eu\/de\/?s={search_term_string}"},"query-input":{"@type":"PropertyValueSpecification","valueRequired":true,"valueName":"search_term_string"}}],"inLanguage":"de"},{"@type":"Organization","@id":"https:\/\/digitogy.eu\/de\/#organization","name":"Digitogy.eu","url":"https:\/\/digitogy.eu\/de\/","logo":{"@type":"ImageObject","inLanguage":"de","@id":"https:\/\/digitogy.eu\/de\/#\/schema\/logo\/image\/","url":"https:\/\/digitogy.eu\/wp-content\/uploads\/2019\/11\/digitogy.png","contentUrl":"https:\/\/digitogy.eu\/wp-content\/uploads\/2019\/11\/digitogy.png","width":150,"height":42,"caption":"Digitogy.eu"},"image":{"@id":"https:\/\/digitogy.eu\/de\/#\/schema\/logo\/image\/"}}]}},"_links":{"self":[{"href":"https:\/\/digitogy.eu\/de\/wp-json\/wp\/v2\/pages\/8506","targetHints":{"allow":["GET"]}}],"collection":[{"href":"https:\/\/digitogy.eu\/de\/wp-json\/wp\/v2\/pages"}],"about":[{"href":"https:\/\/digitogy.eu\/de\/wp-json\/wp\/v2\/types\/page"}],"author":[{"embeddable":true,"href":"https:\/\/digitogy.eu\/de\/wp-json\/wp\/v2\/users\/119"}],"replies":[{"embeddable":true,"href":"https:\/\/digitogy.eu\/de\/wp-json\/wp\/v2\/comments?post=8506"}],"version-history":[{"count":8,"href":"https:\/\/digitogy.eu\/de\/wp-json\/wp\/v2\/pages\/8506\/revisions"}],"predecessor-version":[{"id":46894,"href":"https:\/\/digitogy.eu\/de\/wp-json\/wp\/v2\/pages\/8506\/revisions\/46894"}],"wp:attachment":[{"href":"https:\/\/digitogy.eu\/de\/wp-json\/wp\/v2\/media?parent=8506"}],"wp:term":[{"taxonomy":"sgf-content-tag","embeddable":true,"href":"https:\/\/digitogy.eu\/de\/wp-json\/wp\/v2\/sgf-content-tag?post=8506"},{"taxonomy":"sgf-seo-push","embeddable":true,"href":"https:\/\/digitogy.eu\/de\/wp-json\/wp\/v2\/sgf-seo-push?post=8506"}],"curies":[{"name":"wp","href":"https:\/\/api.w.org\/{rel}","templated":true}]}}