{"id":46997,"date":"2023-07-20T04:49:51","date_gmt":"2023-07-20T03:49:51","guid":{"rendered":"https:\/\/digitogy.eu\/?page_id=46997"},"modified":"2023-07-20T04:49:51","modified_gmt":"2023-07-20T03:49:51","slug":"offenlegung-eigentumsverhaeltnisse","status":"publish","type":"page","link":"https:\/\/digitogy.eu\/de\/offenlegung-eigentumsverhaeltnisse\/","title":{"rendered":"Offenlegung Eigentumsverh\u00e4ltnisse"},"content":{"rendered":"<p>Die Offenlegung unseres Eigentumsverh\u00e4ltnisses ist uns auf digitogy.eu von gro\u00dfer Bedeutung. Wir m\u00f6chten betonen, dass digitogy.eu im Besitz von <strong>Affiliare Inc.<\/strong> ist. Eine Zusammenarbeit mit den richtigen Publishern ist f\u00fcr Affiliare Inc. entscheidend, um die Leistung des Partnerkanals optimal zu nutzen. Unser einzigartiger Ansatz besteht darin, strategisch wichtige Publisher \u00fcber unser erfahrenes PR- und Partner-Team anzusprechen, und das ist es, was uns auszeichnet.<\/p>\n<h2>Keine Abh\u00e4ngigkeit<\/h2>\n<p>Bei digitogy.eu sind unsere Bewertungen unvoreingenommen. Gelegentlich k\u00f6nnen wir auch andere Produkte, Dienstleistungen, Trainer, Berater oder Experten erw\u00e4hnen. Es ist jedoch wichtig zu beachten, dass solche Verweise <strong>nicht als Empfehlung oder Aussage<\/strong> verstanden werden sollten, dass die von der genannten Partei bereitgestellten Informationen korrekt sind.<\/p>\n<p>Wir raten dringend davon ab, sich ausschlie\u00dflich auf unsere Bewertungen und Verweise zu verlassen. Es ist wichtig, dass Sie Ihre eigene Untersuchung durchf\u00fchren und eine fundierte Entscheidung dar\u00fcber treffen, ob Sie das Produkt oder die Dienstleistung erwerben m\u00f6chten.<\/p>\n<h2>Haben Sie Fragen?<\/h2>\n<p>Wenn Sie Fragen zu unserem Ver\u00f6ffentlichungsnetzwerk haben, z\u00f6gern Sie bitte nicht, uns per E-Mail unter <a href=\"mailto:info@affiliareinc.com\" target=\"_blank\" rel=\"nofollow noopener noreferrer\">info@affiliareinc.com<\/a> zu kontaktieren. Unser Team steht Ihnen gerne zur Verf\u00fcgung.<\/p>\n","protected":false},"excerpt":{"rendered":"<p>Die Offenlegung unseres Eigentumsverh\u00e4ltnisses ist uns auf digitogy.eu von gro\u00dfer Bedeutung. Wir m\u00f6chten betonen, dass digitogy.eu im Besitz von Affiliare Inc. ist. Eine Zusammenarbeit mit den richtigen Publishern ist f\u00fcr Affiliare Inc. entscheidend, um die Leistung des Partnerkanals optimal zu nutzen. Unser einzigartiger Ansatz besteht darin, strategisch wichtige Publisher \u00fcber unser erfahrenes PR- und Partner-Team [&hellip;]<\/p>\n","protected":false},"author":146,"featured_media":0,"parent":0,"menu_order":0,"comment_status":"closed","ping_status":"closed","template":"","meta":{"om_disable_all_campaigns":false,"footnotes":""},"sgf-content-tag":[1595,472],"sgf-seo-push":[],"class_list":["post-46997","page","type-page","status-publish","hentry"],"yoast_head":"<!-- This site is optimized with the Yoast SEO plugin v24.9 - https:\/\/yoast.com\/wordpress\/plugins\/seo\/ -->\n<title>Offenlegung Eigentumsverh\u00e4ltnisse | Digitogy.eu<\/title>\n<meta name=\"description\" content=\"Eine Zusammenarbeit mit den richtigen Publishern ist f\u00fcr Affiliare Inc. entscheidend, um die Leistung des Partnerkanals optimal zu nutzen.\" \/>\n<meta name=\"robots\" content=\"index, follow, max-snippet:-1, max-image-preview:large, max-video-preview:-1\" \/>\n<link rel=\"canonical\" href=\"https:\/\/digitogy.eu\/de\/offenlegung-eigentumsverhaeltnisse\/\" \/>\n<meta property=\"og:locale\" content=\"de_DE\" \/>\n<meta property=\"og:type\" content=\"article\" \/>\n<meta property=\"og:title\" content=\"Offenlegung Eigentumsverh\u00e4ltnisse | Digitogy.eu\" \/>\n<meta property=\"og:description\" content=\"Eine Zusammenarbeit mit den richtigen Publishern ist f\u00fcr Affiliare Inc. entscheidend, um die Leistung des Partnerkanals optimal zu nutzen.\" \/>\n<meta property=\"og:url\" content=\"https:\/\/digitogy.eu\/de\/offenlegung-eigentumsverhaeltnisse\/\" \/>\n<meta property=\"og:site_name\" content=\"Digitogy.eu\" \/>\n<meta name=\"twitter:card\" content=\"summary_large_image\" \/>\n<!-- \/ Yoast SEO plugin. -->","yoast_head_json":{"title":"Offenlegung Eigentumsverh\u00e4ltnisse | Digitogy.eu","description":"Eine Zusammenarbeit mit den richtigen Publishern ist f\u00fcr Affiliare Inc. entscheidend, um die Leistung des Partnerkanals optimal zu nutzen.","robots":{"index":"index","follow":"follow","max-snippet":"max-snippet:-1","max-image-preview":"max-image-preview:large","max-video-preview":"max-video-preview:-1"},"canonical":"https:\/\/digitogy.eu\/de\/offenlegung-eigentumsverhaeltnisse\/","og_locale":"de_DE","og_type":"article","og_title":"Offenlegung Eigentumsverh\u00e4ltnisse | Digitogy.eu","og_description":"Eine Zusammenarbeit mit den richtigen Publishern ist f\u00fcr Affiliare Inc. entscheidend, um die Leistung des Partnerkanals optimal zu nutzen.","og_url":"https:\/\/digitogy.eu\/de\/offenlegung-eigentumsverhaeltnisse\/","og_site_name":"Digitogy.eu","twitter_card":"summary_large_image","schema":{"@context":"https:\/\/schema.org","@graph":[{"@type":"WebPage","@id":"https:\/\/digitogy.eu\/de\/offenlegung-eigentumsverhaeltnisse\/","url":"https:\/\/digitogy.eu\/de\/offenlegung-eigentumsverhaeltnisse\/","name":"Offenlegung Eigentumsverh\u00e4ltnisse | Digitogy.eu","isPartOf":{"@id":"https:\/\/digitogy.eu\/de\/#website"},"datePublished":"2023-07-20T03:49:51+00:00","description":"Eine Zusammenarbeit mit den richtigen Publishern ist f\u00fcr Affiliare Inc. entscheidend, um die Leistung des Partnerkanals optimal zu nutzen.","breadcrumb":{"@id":"https:\/\/digitogy.eu\/de\/offenlegung-eigentumsverhaeltnisse\/#breadcrumb"},"inLanguage":"de","potentialAction":[{"@type":"ReadAction","target":["https:\/\/digitogy.eu\/de\/offenlegung-eigentumsverhaeltnisse\/"]}]},{"@type":"BreadcrumbList","@id":"https:\/\/digitogy.eu\/de\/offenlegung-eigentumsverhaeltnisse\/#breadcrumb","itemListElement":[{"@type":"ListItem","position":1,"name":"Home","item":"https:\/\/digitogy.eu\/de\/"},{"@type":"ListItem","position":2,"name":"Offenlegung Eigentumsverh\u00e4ltnisse"}]},{"@type":"WebSite","@id":"https:\/\/digitogy.eu\/de\/#website","url":"https:\/\/digitogy.eu\/de\/","name":"Digitogy.eu","description":"Digital Technology Magazine","publisher":{"@id":"https:\/\/digitogy.eu\/de\/#organization"},"potentialAction":[{"@type":"SearchAction","target":{"@type":"EntryPoint","urlTemplate":"https:\/\/digitogy.eu\/de\/?s={search_term_string}"},"query-input":{"@type":"PropertyValueSpecification","valueRequired":true,"valueName":"search_term_string"}}],"inLanguage":"de"},{"@type":"Organization","@id":"https:\/\/digitogy.eu\/de\/#organization","name":"Digitogy.eu","url":"https:\/\/digitogy.eu\/de\/","logo":{"@type":"ImageObject","inLanguage":"de","@id":"https:\/\/digitogy.eu\/de\/#\/schema\/logo\/image\/","url":"https:\/\/digitogy.eu\/wp-content\/uploads\/2019\/11\/digitogy.png","contentUrl":"https:\/\/digitogy.eu\/wp-content\/uploads\/2019\/11\/digitogy.png","width":150,"height":42,"caption":"Digitogy.eu"},"image":{"@id":"https:\/\/digitogy.eu\/de\/#\/schema\/logo\/image\/"}}]}},"_links":{"self":[{"href":"https:\/\/digitogy.eu\/de\/wp-json\/wp\/v2\/pages\/46997","targetHints":{"allow":["GET"]}}],"collection":[{"href":"https:\/\/digitogy.eu\/de\/wp-json\/wp\/v2\/pages"}],"about":[{"href":"https:\/\/digitogy.eu\/de\/wp-json\/wp\/v2\/types\/page"}],"author":[{"embeddable":true,"href":"https:\/\/digitogy.eu\/de\/wp-json\/wp\/v2\/users\/146"}],"replies":[{"embeddable":true,"href":"https:\/\/digitogy.eu\/de\/wp-json\/wp\/v2\/comments?post=46997"}],"version-history":[{"count":5,"href":"https:\/\/digitogy.eu\/de\/wp-json\/wp\/v2\/pages\/46997\/revisions"}],"predecessor-version":[{"id":47004,"href":"https:\/\/digitogy.eu\/de\/wp-json\/wp\/v2\/pages\/46997\/revisions\/47004"}],"wp:attachment":[{"href":"https:\/\/digitogy.eu\/de\/wp-json\/wp\/v2\/media?parent=46997"}],"wp:term":[{"taxonomy":"sgf-content-tag","embeddable":true,"href":"https:\/\/digitogy.eu\/de\/wp-json\/wp\/v2\/sgf-content-tag?post=46997"},{"taxonomy":"sgf-seo-push","embeddable":true,"href":"https:\/\/digitogy.eu\/de\/wp-json\/wp\/v2\/sgf-seo-push?post=46997"}],"curies":[{"name":"wp","href":"https:\/\/api.w.org\/{rel}","templated":true}]}}