{"id":46840,"date":"2023-07-13T11:03:35","date_gmt":"2023-07-13T10:03:35","guid":{"rendered":"https:\/\/digitogy.eu\/?page_id=46840"},"modified":"2023-07-14T07:04:48","modified_gmt":"2023-07-14T06:04:48","slug":"affiliate-haftungsausschluss","status":"publish","type":"page","link":"https:\/\/digitogy.eu\/de\/affiliate-haftungsausschluss\/","title":{"rendered":"Affiliate-Haftungsausschluss"},"content":{"rendered":"<p>Digitogy.eu beteiligt sich gelegentlich am <strong>Affiliate-Marketing<\/strong> und kann auf bestimmten Seiten <strong>Affiliate-Links<\/strong> verwenden. Durch die Nutzung dieser Affiliate-Links auf unserer Website haben wir die M\u00f6glichkeit, eine Provision zu verdienen. Diese Provision hilft uns, Tests und Bewertungen verschiedener Dienste durchzuf\u00fchren.<\/p>\n<p>Wir m\u00f6chten jedoch ausdr\u00fccklich betonen, dass unsere Verlinkungen zu verschiedenen Diensten und Unternehmen auch ohne gesch\u00e4ftliche oder finanzielle Verbindungen erfolgen k\u00f6nnen. Unsere Auswahl basiert allein auf unserer unabh\u00e4ngigen Bewertung und den Bed\u00fcrfnissen unserer Nutzer. Wir legen gro\u00dfen Wert darauf, transparent und ehrlich zu bleiben, um unseren Lesern die bestm\u00f6gliche Unterst\u00fctzung zu bieten.<\/p>\n<h2>Redaktionelle Transparenz<\/h2>\n<p>Das Redaktionsteam von Digitogy.eu ist engagiert und erh\u00e4lt unabh\u00e4ngig von einer positiven oder negativen Bewertung eines Dienstes oder Unternehmens die gleiche Verg\u00fctung. Unser Content-Team besteht aus einer Gemeinschaft von Schreiber und angestellten Redakteuren, die Experten in den Bereichen Cybersicherheit, Privatsph\u00e4re und Online-Services sind.<\/p>\n<p>Unser Team aus Rezensenten und Autoren l\u00e4sst sich <strong>nicht von den Affiliate-Einnahmen<\/strong> beeinflussen, noch erhalten sie eine Verg\u00fctung f\u00fcr markenbezogene Berichterstattung oder Inhalte. Falls einer unserer Redakteure eine Investition oder pers\u00f6nliche Verbindungen zu einem Dienst oder Unternehmen hat, die einen Interessenkonflikt verursachen, wird die Ver\u00f6ffentlichungsaufgabe einem anderen Redakteur zugewiesen.<\/p>\n<p>Die Bewertungen auf Digitogy.eu basieren auf <strong>gr\u00fcndliche Recherchen und Tests<\/strong> jedes Dienstes und Produkts. Wir haben Testmethoden entwickelt, die regelm\u00e4\u00dfig \u00fcberpr\u00fcft werden, um Verbesserungen vorzunehmen. Wir sind der Meinung, dass es wichtig ist, unseren Lesern aussagekr\u00e4ftige und pr\u00e4zise Informationen zu pr\u00e4sentieren.<\/p>\n<p>Wir haben das Redaktions- und Marketingteam getrennt gehalten, sodass keines das andere beeinflussen kann. Unser Marketingteam platziert alle unsere Affiliate-Links und Handlungsaufforderungen auf einigen unserer Seiten, und wir k\u00f6nnen Provisionen verdienen, wenn Sie \u00fcber diese Links kaufen.<\/p>\n<h2>Haftungsausschluss f\u00fcr Amazon-Affiliate<\/h2>\n<p>Der Besitzer dieser Website nimmt am Amazon Services LLC Associates Program teil, einem Partner-Werbeprogramm, das entwickelt wurde, um Websites die M\u00f6glichkeit zu geben, Werbegeb\u00fchren durch Werbung und Verlinkung zu verdienen. Dabei werden Verbindungen zu Amazon-Eigenschaften hergestellt, einschlie\u00dflich, aber nicht beschr\u00e4nkt auf amazon.com, endless.com, myhabit.com, smallparts.com oder amazonwireless.com.<\/p>\n","protected":false},"excerpt":{"rendered":"<p>Digitogy.eu beteiligt sich gelegentlich am Affiliate-Marketing und kann auf bestimmten Seiten Affiliate-Links verwenden. Durch die Nutzung dieser Affiliate-Links auf unserer Website haben wir die M\u00f6glichkeit, eine Provision zu verdienen. Diese Provision hilft uns, Tests und Bewertungen verschiedener Dienste durchzuf\u00fchren. Wir m\u00f6chten jedoch ausdr\u00fccklich betonen, dass unsere Verlinkungen zu verschiedenen Diensten und Unternehmen auch ohne gesch\u00e4ftliche [&hellip;]<\/p>\n","protected":false},"author":146,"featured_media":0,"parent":0,"menu_order":0,"comment_status":"closed","ping_status":"closed","template":"","meta":{"om_disable_all_campaigns":false,"footnotes":""},"sgf-content-tag":[1594,472],"sgf-seo-push":[],"class_list":["post-46840","page","type-page","status-publish","hentry"],"yoast_head":"<!-- This site is optimized with the Yoast SEO plugin v24.9 - https:\/\/yoast.com\/wordpress\/plugins\/seo\/ -->\n<title>Affiliate-Haftungsausschluss | Digitogy.eu<\/title>\n<meta name=\"description\" content=\"Digitogy.eu beteiligt sich gelegentlich am Affiliate-Marketing und kann auf bestimmten Seiten Affiliate-Links verwenden.\" \/>\n<meta name=\"robots\" content=\"index, follow, max-snippet:-1, max-image-preview:large, max-video-preview:-1\" \/>\n<link rel=\"canonical\" href=\"https:\/\/digitogy.eu\/de\/affiliate-haftungsausschluss\/\" \/>\n<meta property=\"og:locale\" content=\"de_DE\" \/>\n<meta property=\"og:type\" content=\"article\" \/>\n<meta property=\"og:title\" content=\"Affiliate-Haftungsausschluss | Digitogy.eu\" \/>\n<meta property=\"og:description\" content=\"Digitogy.eu beteiligt sich gelegentlich am Affiliate-Marketing und kann auf bestimmten Seiten Affiliate-Links verwenden.\" \/>\n<meta property=\"og:url\" content=\"https:\/\/digitogy.eu\/de\/affiliate-haftungsausschluss\/\" \/>\n<meta property=\"og:site_name\" content=\"Digitogy.eu\" \/>\n<meta property=\"article:modified_time\" content=\"2023-07-14T06:04:48+00:00\" \/>\n<meta name=\"twitter:card\" content=\"summary_large_image\" \/>\n<!-- \/ Yoast SEO plugin. -->","yoast_head_json":{"title":"Affiliate-Haftungsausschluss | Digitogy.eu","description":"Digitogy.eu beteiligt sich gelegentlich am Affiliate-Marketing und kann auf bestimmten Seiten Affiliate-Links verwenden.","robots":{"index":"index","follow":"follow","max-snippet":"max-snippet:-1","max-image-preview":"max-image-preview:large","max-video-preview":"max-video-preview:-1"},"canonical":"https:\/\/digitogy.eu\/de\/affiliate-haftungsausschluss\/","og_locale":"de_DE","og_type":"article","og_title":"Affiliate-Haftungsausschluss | Digitogy.eu","og_description":"Digitogy.eu beteiligt sich gelegentlich am Affiliate-Marketing und kann auf bestimmten Seiten Affiliate-Links verwenden.","og_url":"https:\/\/digitogy.eu\/de\/affiliate-haftungsausschluss\/","og_site_name":"Digitogy.eu","article_modified_time":"2023-07-14T06:04:48+00:00","twitter_card":"summary_large_image","schema":{"@context":"https:\/\/schema.org","@graph":[{"@type":"WebPage","@id":"https:\/\/digitogy.eu\/de\/affiliate-haftungsausschluss\/","url":"https:\/\/digitogy.eu\/de\/affiliate-haftungsausschluss\/","name":"Affiliate-Haftungsausschluss | Digitogy.eu","isPartOf":{"@id":"https:\/\/digitogy.eu\/de\/#website"},"datePublished":"2023-07-13T10:03:35+00:00","dateModified":"2023-07-14T06:04:48+00:00","description":"Digitogy.eu beteiligt sich gelegentlich am Affiliate-Marketing und kann auf bestimmten Seiten Affiliate-Links verwenden.","breadcrumb":{"@id":"https:\/\/digitogy.eu\/de\/affiliate-haftungsausschluss\/#breadcrumb"},"inLanguage":"de","potentialAction":[{"@type":"ReadAction","target":["https:\/\/digitogy.eu\/de\/affiliate-haftungsausschluss\/"]}]},{"@type":"BreadcrumbList","@id":"https:\/\/digitogy.eu\/de\/affiliate-haftungsausschluss\/#breadcrumb","itemListElement":[{"@type":"ListItem","position":1,"name":"Home","item":"https:\/\/digitogy.eu\/de\/"},{"@type":"ListItem","position":2,"name":"Affiliate-Haftungsausschluss"}]},{"@type":"WebSite","@id":"https:\/\/digitogy.eu\/de\/#website","url":"https:\/\/digitogy.eu\/de\/","name":"Digitogy.eu","description":"Digital Technology Magazine","publisher":{"@id":"https:\/\/digitogy.eu\/de\/#organization"},"potentialAction":[{"@type":"SearchAction","target":{"@type":"EntryPoint","urlTemplate":"https:\/\/digitogy.eu\/de\/?s={search_term_string}"},"query-input":{"@type":"PropertyValueSpecification","valueRequired":true,"valueName":"search_term_string"}}],"inLanguage":"de"},{"@type":"Organization","@id":"https:\/\/digitogy.eu\/de\/#organization","name":"Digitogy.eu","url":"https:\/\/digitogy.eu\/de\/","logo":{"@type":"ImageObject","inLanguage":"de","@id":"https:\/\/digitogy.eu\/de\/#\/schema\/logo\/image\/","url":"https:\/\/digitogy.eu\/wp-content\/uploads\/2019\/11\/digitogy.png","contentUrl":"https:\/\/digitogy.eu\/wp-content\/uploads\/2019\/11\/digitogy.png","width":150,"height":42,"caption":"Digitogy.eu"},"image":{"@id":"https:\/\/digitogy.eu\/de\/#\/schema\/logo\/image\/"}}]}},"_links":{"self":[{"href":"https:\/\/digitogy.eu\/de\/wp-json\/wp\/v2\/pages\/46840","targetHints":{"allow":["GET"]}}],"collection":[{"href":"https:\/\/digitogy.eu\/de\/wp-json\/wp\/v2\/pages"}],"about":[{"href":"https:\/\/digitogy.eu\/de\/wp-json\/wp\/v2\/types\/page"}],"author":[{"embeddable":true,"href":"https:\/\/digitogy.eu\/de\/wp-json\/wp\/v2\/users\/146"}],"replies":[{"embeddable":true,"href":"https:\/\/digitogy.eu\/de\/wp-json\/wp\/v2\/comments?post=46840"}],"version-history":[{"count":5,"href":"https:\/\/digitogy.eu\/de\/wp-json\/wp\/v2\/pages\/46840\/revisions"}],"predecessor-version":[{"id":46885,"href":"https:\/\/digitogy.eu\/de\/wp-json\/wp\/v2\/pages\/46840\/revisions\/46885"}],"wp:attachment":[{"href":"https:\/\/digitogy.eu\/de\/wp-json\/wp\/v2\/media?parent=46840"}],"wp:term":[{"taxonomy":"sgf-content-tag","embeddable":true,"href":"https:\/\/digitogy.eu\/de\/wp-json\/wp\/v2\/sgf-content-tag?post=46840"},{"taxonomy":"sgf-seo-push","embeddable":true,"href":"https:\/\/digitogy.eu\/de\/wp-json\/wp\/v2\/sgf-seo-push?post=46840"}],"curies":[{"name":"wp","href":"https:\/\/api.w.org\/{rel}","templated":true}]}}