{"id":10066,"date":"2019-10-16T13:13:49","date_gmt":"2019-10-16T12:13:49","guid":{"rendered":"https:\/\/digitogy.eu\/sitemap\/"},"modified":"2022-01-04T02:13:20","modified_gmt":"2022-01-04T01:13:20","slug":"sitemap","status":"publish","type":"page","link":"https:\/\/digitogy.eu\/de\/sitemap\/","title":{"rendered":"Sitemap"},"content":{"rendered":"<div class=\"wsp-container\"><h2 class=\"wsp-posts-title\">Beitr\u00e4ge nach Kategorie<\/h2>\n<ul class=\"wsp-posts-list\">\n\t<li><strong class=\"wsp-category-title\">Kategorie: <a href=\"https:\/\/digitogy.eu\/de\/kategorie\/anleitungen\/\">Anleitungen<\/a><\/strong>\n<ul class=\"wsp-posts-list\">\t\t<li class=\"wsp-post\"><a href=\"https:\/\/digitogy.eu\/de\/black-friday-deutschland\/\">Beste Black Friday Deals f\u00fcr 2026<\/a><\/li>\n<\/ul><\/li>\n\t<li><strong class=\"wsp-category-title\">Kategorie: <a href=\"https:\/\/digitogy.eu\/de\/kategorie\/die-besten-gadgets\/\">Gadgets<\/a><\/strong>\n<ul class=\"wsp-posts-list\">\t\t<li class=\"wsp-post\"><a href=\"https:\/\/digitogy.eu\/de\/koretrak-pro-fitness-uhr\/\">KoreTrak Pro Fitness-Uhr: Die Smartwatch im Test 2026<\/a><\/li>\n\t\t<li class=\"wsp-post\"><a href=\"https:\/\/digitogy.eu\/de\/coolair-test\/\">CoolAir Test 2026: Portable Klimaanlage \u2013 hop oder top?<\/a><\/li>\n\t\t<li class=\"wsp-post\"><a href=\"https:\/\/digitogy.eu\/de\/wifi-ultraboost\/\">WiFi Ultraboost Erfahrung 2026<\/a><\/li>\n\t\t<li class=\"wsp-post\"><a href=\"https:\/\/digitogy.eu\/de\/signal-relief\/\">Signal Relief: Wirksames schmerzlinderndes Pflaster<\/a><\/li>\n\t\t<li class=\"wsp-post\"><a href=\"https:\/\/digitogy.eu\/de\/dronex-pro\/\">DroneX Pro: Wie gut ist diese g\u00fcnstige Drohne?<\/a><\/li>\n\t\t<li class=\"wsp-post\"><a href=\"https:\/\/digitogy.eu\/de\/fittrack\/\">FitTrack Scale: Intelligente K\u00f6rperwaage f\u00fcr Zuhause<\/a><\/li>\n\t\t<li class=\"wsp-post\"><a href=\"https:\/\/digitogy.eu\/de\/barxstop\/\">BarxStop: Mit Ultraschall gegen l\u00e4stiges Hundegebell<\/a><\/li>\n\t\t<li class=\"wsp-post\"><a href=\"https:\/\/digitogy.eu\/de\/muama\/\">MUAMA Enence: Tragbarer \u00dcbersetzer f\u00fcr \u00fcber 40 Sprachen<\/a><\/li>\n\t\t<li class=\"wsp-post\"><a href=\"https:\/\/digitogy.eu\/de\/kailo-pflaster\/\">Kailo Pflaster: Lindert Schmerzen im Nu<\/a><\/li>\n\t\t<li class=\"wsp-post\"><a href=\"https:\/\/digitogy.eu\/de\/better-back\/\">Better Back: Nie mehr R\u00fcckenschmerzen im Home Office<\/a><\/li>\n\t\t<li class=\"wsp-post\"><a href=\"https:\/\/digitogy.eu\/de\/aculief-review\/\">Aculief: Nat\u00fcrliches Mittel gegen Kopfschmerzen und Migr\u00e4ne<\/a><\/li>\n\t\t<li class=\"wsp-post\"><a href=\"https:\/\/digitogy.eu\/de\/xwatch\/\">Xwatch: G\u00fcnstige Smartwatch zum sensationellen Preis mit vielen Funktionen<\/a><\/li>\n\t\t<li class=\"wsp-post\"><a href=\"https:\/\/digitogy.eu\/de\/smartdot\/\">SmartDOT: Effektiver Schutz gegen elektromagnetische Strahlung<\/a><\/li>\n\t\t<li class=\"wsp-post\"><a href=\"https:\/\/digitogy.eu\/de\/peeps-brillenreiniger\/\">Peeps: Der perfekte Brillenreiniger<\/a><\/li>\n\t\t<li class=\"wsp-post\"><a href=\"https:\/\/digitogy.eu\/de\/neck-hammock\/\">Mit Neck Hammock H\u00e4ngematte Nackenverspannungen l\u00f6sen<\/a><\/li>\n\t\t<li class=\"wsp-post\"><a href=\"https:\/\/digitogy.eu\/de\/screenclean\/\">ScreenKlean Bewertung: Nie mehr Schmutz auf dem Display<\/a><\/li>\n\t\t<li class=\"wsp-post\"><a href=\"https:\/\/digitogy.eu\/de\/glowbowl\/\">GlowBowl \u2013 Stimmungsvolles LED Licht f\u00fcr Bad und WC<\/a><\/li>\n\t\t<li class=\"wsp-post\"><a href=\"https:\/\/digitogy.eu\/de\/chargehubgo-kabelloses-laden\/\">ChargeHubGo+: Kabelloses Laden der Extraklasse<\/a><\/li>\n\t\t<li class=\"wsp-post\"><a href=\"https:\/\/digitogy.eu\/de\/boobuddy-perfekter-sport-bh\/\">Boobuddy \u2013 Perfekter Halt f\u00fcr die Br\u00fcste beim Sport<\/a><\/li>\n\t\t<li class=\"wsp-post\"><a href=\"https:\/\/digitogy.eu\/de\/bondic-uv-kleber\/\">Bondic UV Kleber: Der Helfer in der Not<\/a><\/li>\n\t\t<li class=\"wsp-post\"><a href=\"https:\/\/digitogy.eu\/de\/dodow\/\">Wie kann man schnell einschlafen? Mit Dodow!<\/a><\/li>\n\t\t<li class=\"wsp-post\"><a href=\"https:\/\/digitogy.eu\/de\/pdc-sensoren\/\">PDC Sensoren: Sicher das Auto parken mit der Type S Einparkhilfe<\/a><\/li>\n\t\t<li class=\"wsp-post\"><a href=\"https:\/\/digitogy.eu\/de\/vizr\/\">VIZR Head up Display: F\u00fcr mehr Sicherheit beim Autofahren<\/a><\/li>\n\t\t<li class=\"wsp-post\"><a href=\"https:\/\/digitogy.eu\/de\/thephotostick\/\">ThePhotoStick Erfahrungen 2026: Automatische Datensortierung<\/a><\/li>\n\t\t<li class=\"wsp-post\"><a href=\"https:\/\/digitogy.eu\/de\/everykey\/\">Everykey: Der Top Password Manager im Test<\/a><\/li>\n\t\t<li class=\"wsp-post\"><a href=\"https:\/\/digitogy.eu\/de\/flexsafe\/\">FlexSafe: diebstahlsicherer Rucksack f\u00fcr unterwegs<\/a><\/li>\n\t\t<li class=\"wsp-post\"><a href=\"https:\/\/digitogy.eu\/de\/upright-go\/\">Upright Go: Der Haltungstrainer f\u00fcr einen geraden R\u00fccken<\/a><\/li>\n\t\t<li class=\"wsp-post\"><a href=\"https:\/\/digitogy.eu\/de\/smart-key\/\">Smart Key: Nie mehr Chaos am Schl\u00fcsselbund<\/a><\/li>\n\t\t<li class=\"wsp-post\"><a href=\"https:\/\/digitogy.eu\/de\/keyless-pro-lasertastatur\/\">KeyLess Pro: Die Lasertastatur im Test 2026<\/a><\/li>\n\t\t<li class=\"wsp-post\"><a href=\"https:\/\/digitogy.eu\/de\/xtrapc\/\">XtraPC Test 2026: So motzen Sie Ihren alten Computer auf!<\/a><\/li>\n\t\t<li class=\"wsp-post\"><a href=\"https:\/\/digitogy.eu\/de\/fixd-erfahrung\/\">Fixd ist eines der besten Auto Diagnosetools auf dem Markt<\/a><\/li>\n\t\t<li class=\"wsp-post\"><a href=\"https:\/\/digitogy.eu\/de\/ladycare\/\">Ladycare: Das perfekte Mittel gegen die Wechseljahre<\/a><\/li>\n\t\t<li class=\"wsp-post\"><a href=\"https:\/\/digitogy.eu\/de\/xy-find-it-erfahrung\/\">XY Find it: Nie mehr etwas verlieren oder vergessen<\/a><\/li>\n\t\t<li class=\"wsp-post\"><a href=\"https:\/\/digitogy.eu\/de\/thephotostick-mobile\/\">The Photo Stick mobile: So sichern Sie Ihre geliebten Fotos in 2026<\/a><\/li>\n\t\t<li class=\"wsp-post\"><a href=\"https:\/\/digitogy.eu\/de\/airbolt-review\/\">AirBolt Travellock: Das Schloss f\u00fcr alle F\u00e4lle<\/a><\/li>\n\t\t<li class=\"wsp-post\"><a href=\"https:\/\/digitogy.eu\/de\/bit-watch-fitness-uhr\/\">BiT Watch Fitness Uhr im Test 2026<\/a><\/li>\n\t\t<li class=\"wsp-post\"><a href=\"https:\/\/digitogy.eu\/de\/laundry-masher-waschkugel\/\">Laundry Masher Waschkugel Review 2026: Top oder Flop?<\/a><\/li>\n\t\t<li class=\"wsp-post\"><a href=\"https:\/\/digitogy.eu\/de\/zenmind-xp-augenmassagegeraet\/\">ZenMind XP Augenmassageger\u00e4t Review 2026<\/a><\/li>\n\t\t<li class=\"wsp-post\"><a href=\"https:\/\/digitogy.eu\/de\/tacticphonex-im-test\/\">Das TacticPhoneX im Test 2026<\/a><\/li>\n\t\t<li class=\"wsp-post\"><a href=\"https:\/\/digitogy.eu\/de\/lightsafex-multifunktion-taschenlampe\/\">LightSafeX: Multifunktionale Taschenlampe Review 2026<\/a><\/li>\n\t\t<li class=\"wsp-post\"><a href=\"https:\/\/digitogy.eu\/de\/ueberwachungskamera-liveguard-360\/\">LiveGuard 360: \u00dcberwachungskamera Test 2026<\/a><\/li>\n\t\t<li class=\"wsp-post\"><a href=\"https:\/\/digitogy.eu\/de\/moskitron-mueckenlampe-review\/\">Moskitron M\u00fcckenlampe Review 2026<\/a><\/li>\n\t\t<li class=\"wsp-post\"><a href=\"https:\/\/digitogy.eu\/de\/muama-ryoko-wifi-router-test\/\">MUAMA Ryoko Wi-Fi Router Test 2026<\/a><\/li>\n\t\t<li class=\"wsp-post\"><a href=\"https:\/\/digitogy.eu\/de\/hootie-sicherheitsschluesselanhaenger-fuer-frauen\/\">Hootie Review 2026: Sicherheitsschl\u00fcsselanh\u00e4nger f\u00fcr Frauen<\/a><\/li>\n\t\t<li class=\"wsp-post\"><a href=\"https:\/\/digitogy.eu\/de\/blissy-seiden-kopfkissenbezug\/\">Blissy Maulbeerseide Kopfkissenbezug im Test 2026<\/a><\/li>\n\t\t<li class=\"wsp-post\"><a href=\"https:\/\/digitogy.eu\/de\/smart-tuerklingel-test\/\">Video Doorbell: Smart T\u00fcrklingel Test 2026 f\u00fcr Home-Security<\/a><\/li>\n\t\t<li class=\"wsp-post\"><a href=\"https:\/\/digitogy.eu\/de\/caresole-kniebandage\/\">Caresole Kniebandage Bewertung 2026<\/a><\/li>\n\t\t<li class=\"wsp-post\"><a href=\"https:\/\/digitogy.eu\/de\/smarte-gluehbirne\/\">SmartLight Bewertung 2026<\/a><\/li>\n\t\t<li class=\"wsp-post\"><a href=\"https:\/\/digitogy.eu\/de\/quietbuds-test\/\">QuietBuds Test 2026<\/a><\/li>\n\t\t<li class=\"wsp-post\"><a href=\"https:\/\/digitogy.eu\/de\/uv-cleanizer-zoom-review\/\">UV Cleanizer Zoom Review 2026<\/a><\/li>\n\t\t<li class=\"wsp-post\"><a href=\"https:\/\/digitogy.eu\/de\/nanosecure-fingerabdruck-scanner\/\">NanoSecure USB Fingerabdruck Scanner Bewertung 2026<\/a><\/li>\n\t\t<li class=\"wsp-post\"><a href=\"https:\/\/digitogy.eu\/de\/neckmassager-nackenmassagegeraet\/\">NeckMassager: Das Nackenmassageger\u00e4t im Test 2026<\/a><\/li>\n\t\t<li class=\"wsp-post\"><a href=\"https:\/\/digitogy.eu\/de\/zoomshot-pro-review-zoom-objektiv\/\">ZoomShot Pro Review 2026<\/a><\/li>\n\t\t<li class=\"wsp-post\"><a href=\"https:\/\/digitogy.eu\/de\/derila-kopfkissen\/\">Das Derila Kopfkissen im Test 2026<\/a><\/li>\n\t\t<li class=\"wsp-post\"><a href=\"https:\/\/digitogy.eu\/de\/scratchundo-pro-anti-kratzer-stift\/\">ScratchUndo Pro Test 2026: Der Lackreparaturstift<\/a><\/li>\n\t\t<li class=\"wsp-post\"><a href=\"https:\/\/digitogy.eu\/de\/warmair-review\/\">WarmAIR Review 2026<\/a><\/li>\n\t\t<li class=\"wsp-post\"><a href=\"https:\/\/digitogy.eu\/de\/automix-handruehrgeraet-im-test\/\">Automix: Das praktische Handr\u00fchrger\u00e4t im Test 2026<\/a><\/li>\n\t\t<li class=\"wsp-post\"><a href=\"https:\/\/digitogy.eu\/de\/clearview-nachtfahrbrille\/\">ClearView Nacht-Fahrbrille im Test 2026<\/a><\/li>\n\t\t<li class=\"wsp-post\"><a href=\"https:\/\/digitogy.eu\/de\/stealthhawk-pro-drohne-im-test\/\">StealthHawk Pro: Mini-Drohne im Test 2026<\/a><\/li>\n\t\t<li class=\"wsp-post\"><a href=\"https:\/\/digitogy.eu\/de\/der-picobuds-pro-test\/\">Der PicoBuds Pro [Test 2026]<\/a><\/li>\n\t\t<li class=\"wsp-post\"><a href=\"https:\/\/digitogy.eu\/de\/jetfloss-munddusche\/\">Wie gut ist die JetFloss Munddusche wirklich?<\/a><\/li>\n\t\t<li class=\"wsp-post\"><a href=\"https:\/\/digitogy.eu\/de\/keyx24\/\">KeyX24: Multifunktionsschl\u00fcssel Bewertung 2026<\/a><\/li>\n\t\t<li class=\"wsp-post\"><a href=\"https:\/\/digitogy.eu\/de\/bowai-saugroboter-im-test\/\">Im Test 2026: BowAI Saugroboter<\/a><\/li>\n\t\t<li class=\"wsp-post\"><a href=\"https:\/\/digitogy.eu\/de\/hypershoes\/\">HyperShoes Bewertung 2026 f\u00fcr kalte F\u00fc\u00dfe<\/a><\/li>\n\t\t<li class=\"wsp-post\"><a href=\"https:\/\/digitogy.eu\/de\/cooledge-test-fuer-den-sommer\/\">CoolEdge Test f\u00fcr den Sommer 2026<\/a><\/li>\n\t\t<li class=\"wsp-post\"><a href=\"https:\/\/digitogy.eu\/de\/moksha-beam-test\/\">Moksha Beam Test 2026<\/a><\/li>\n\t\t<li class=\"wsp-post\"><a href=\"https:\/\/digitogy.eu\/de\/rauchfrei-mit-nico-bloc-der-test\/\">Rauchfrei: Nico Bloc im Test 2026<\/a><\/li>\n\t\t<li class=\"wsp-post\"><a href=\"https:\/\/digitogy.eu\/de\/bril-uv-zahnbuerstenreiniger-test\/\">Bril UV Zahnb\u00fcrstenreiniger Test 2026<\/a><\/li>\n\t\t<li class=\"wsp-post\"><a href=\"https:\/\/digitogy.eu\/de\/bed-scrunchie-bettlakenspanner\/\">Bed Scrunchie Bettlakenspanner Rezension 2026<\/a><\/li>\n\t\t<li class=\"wsp-post\"><a href=\"https:\/\/digitogy.eu\/de\/nuubu-entgiftungspflaster\/\">Nuubu Pflaster Bewertung: Das Entgiftungspflaster [Im Test 2026]<\/a><\/li>\n\t\t<li class=\"wsp-post\"><a href=\"https:\/\/digitogy.eu\/de\/photostick-omni-vs-photo-stick-mobile\/\">Omni vs Photostick mobile \u2013 Fotos und Videos speichern<\/a><\/li>\n\t\t<li class=\"wsp-post\"><a href=\"https:\/\/digitogy.eu\/de\/tvsharemax-review\/\">TVShareMax Test 2026:  Ihr alter Fernseher wird zum Smart TV<\/a><\/li>\n\t\t<li class=\"wsp-post\"><a href=\"https:\/\/digitogy.eu\/de\/thephotostick-omni-erfarung\/\">ThePhotoStick Omni \u2013 Das geniale Gadget f\u00fcr PC &#038; Smartphones<\/a><\/li>\n\t\t<li class=\"wsp-post\"><a href=\"https:\/\/digitogy.eu\/de\/airphysio-erfahrungen\/\">Air Physio: Das nat\u00fcrliche Atemtrainingsger\u00e4t im Test 2026<\/a><\/li>\n\t\t<li class=\"wsp-post\"><a href=\"https:\/\/digitogy.eu\/de\/mindinsole-erfahrungen-und-test\/\">MindInsole Einlegesohlen: Da werden m\u00fcde F\u00fc\u00dfe wieder munter<\/a><\/li>\n\t\t<li class=\"wsp-post\"><a href=\"https:\/\/digitogy.eu\/de\/starscope-monocular-erfahrungen\/\">Starscope Monokular Bewertung [yr]<\/a><\/li>\n\t\t<li class=\"wsp-post\"><a href=\"https:\/\/digitogy.eu\/de\/dangobuds-review\/\">DangoBuds: Kabelloser High-Tech Kopfh\u00f6rer im Test 2026<\/a><\/li>\n\t\t<li class=\"wsp-post\"><a href=\"https:\/\/digitogy.eu\/de\/pc-performance-verbessern\/\">PC Leistung verbessern f\u00fcr kleines Geld \u2013 ultimative Tipps<\/a><\/li>\n\t\t<li class=\"wsp-post\"><a href=\"https:\/\/digitogy.eu\/de\/heatcore-der-mini-heizluefter-im-test\/\">Der Mini Heizl\u00fcfter im Test. Lesen Sie mehr \u00fcber HeatCore<\/a><\/li>\n\t\t<li class=\"wsp-post\"><a href=\"https:\/\/digitogy.eu\/de\/rangextd-wlan-verstaerker-test\/\">RangeXTD Test 2026: WLAN-Verst\u00e4rker<\/a><\/li>\n\t\t<li class=\"wsp-post\"><a href=\"https:\/\/digitogy.eu\/de\/easy-waxoff-der-ohrenreiniger-sanft-sicher-umweltschonend\/\">Easy WaxOff: Der Ohrenreiniger \u2013 sanft, sicher, umweltschonend<\/a><\/li>\n\t\t<li class=\"wsp-post\"><a href=\"https:\/\/digitogy.eu\/de\/drone-720x-erfahrung\/\">Drone720x Test 2026: Was kann diese super leichte Mini Drohne?<\/a><\/li>\n\t\t<li class=\"wsp-post\"><a href=\"https:\/\/digitogy.eu\/de\/memorysafex-nie-mehr-erinnerungen-verlieren\/\">MemorySafeX: Nie mehr Erinnerungen verlieren!<\/a><\/li>\n\t\t<li class=\"wsp-post\"><a href=\"https:\/\/digitogy.eu\/de\/tactical-air-drone-erfahrung\/\">Tactic Air Drone: Top Drohne mit super Flugzeit und Gestensteuerung<\/a><\/li>\n\t\t<li class=\"wsp-post\"><a href=\"https:\/\/digitogy.eu\/de\/neck-massager-erfahrung\/\">Neckmassager: Die ultimative L\u00f6sung gegen Nackenschmerzen<\/a><\/li>\n\t\t<li class=\"wsp-post\"><a href=\"https:\/\/digitogy.eu\/de\/silent-snore\/\">Silent Snore Test \u2013 funktioniert der Schnarchstopper tats\u00e4chlich?<\/a><\/li>\n\t\t<li class=\"wsp-post\"><a href=\"https:\/\/digitogy.eu\/de\/airphones\/\">AirPhones Test 2026: Kabellose In-Ear Kopfh\u00f6rer vom Feinsten<\/a><\/li>\n\t\t<li class=\"wsp-post\"><a href=\"https:\/\/digitogy.eu\/de\/usmile-pro-test\/\">uSmile Pro \u2013 Strahlend wei\u00dfe Z\u00e4hne im Nu<\/a><\/li>\n\t\t<li class=\"wsp-post\"><a href=\"https:\/\/digitogy.eu\/de\/dwatch-smartwatch\/\">Dwatch Test 2026 der neuen Smartwatch_Generation<\/a><\/li>\n\t\t<li class=\"wsp-post\"><a href=\"https:\/\/digitogy.eu\/de\/super-boost-wifi-test\/\">Super Boost Wifi Test: WLAN Verst\u00e4rker der Extraklasse<\/a><\/li>\n\t\t<li class=\"wsp-post\"><a href=\"https:\/\/digitogy.eu\/de\/sole-insole-review\/\">Soul insole Einlegesohle \u2013 Nie mehr Fu\u00dfschmerzen<\/a><\/li>\n\t\t<li class=\"wsp-post\"><a href=\"https:\/\/digitogy.eu\/de\/proper-focus\/\">Proper Focus: Perfekte Sicht mit verstellbarer Brille<\/a><\/li>\n\t\t<li class=\"wsp-post\"><a href=\"https:\/\/digitogy.eu\/de\/react-gadget\/\">React Sicherheits Tools: Wie kann React Ihr Leben retten?<\/a><\/li>\n\t\t<li class=\"wsp-post\"><a href=\"https:\/\/digitogy.eu\/de\/germcide-x-test\/\">GermCide X Test: UV-Licht gegen Bakterien und Keime<\/a><\/li>\n\t\t<li class=\"wsp-post\"><a href=\"https:\/\/digitogy.eu\/de\/gx-smartwatch-bewertung\/\">GXSmartWatch Test 2026 &#8211; Beste Smartwatch mit allem Drum und Dran<\/a><\/li>\n\t\t<li class=\"wsp-post\"><a href=\"https:\/\/digitogy.eu\/de\/sleep-connection-test\/\">Sleep Connection Erfahrung \u2013 Der Schnarchstopper im Test 2026<\/a><\/li>\n<\/ul><\/li>\n<\/ul>\n<\/div>\n","protected":false},"excerpt":{"rendered":"","protected":false},"author":119,"featured_media":0,"parent":0,"menu_order":0,"comment_status":"closed","ping_status":"closed","template":"","meta":{"om_disable_all_campaigns":false,"footnotes":""},"sgf-content-tag":[472,474],"sgf-seo-push":[],"class_list":["post-10066","page","type-page","status-publish","hentry"],"yoast_head":"<!-- This site is optimized with the Yoast SEO plugin v24.9 - https:\/\/yoast.com\/wordpress\/plugins\/seo\/ -->\n<title>Sitemap | Digitogy.eu<\/title>\n<meta name=\"robots\" content=\"index, follow, max-snippet:-1, max-image-preview:large, max-video-preview:-1\" \/>\n<link rel=\"canonical\" href=\"https:\/\/digitogy.eu\/de\/sitemap\/\" \/>\n<meta property=\"og:locale\" content=\"de_DE\" \/>\n<meta property=\"og:type\" content=\"article\" \/>\n<meta property=\"og:title\" content=\"Sitemap | Digitogy.eu\" \/>\n<meta property=\"og:url\" content=\"https:\/\/digitogy.eu\/de\/sitemap\/\" \/>\n<meta property=\"og:site_name\" content=\"Digitogy.eu\" \/>\n<meta property=\"article:modified_time\" content=\"2022-01-04T01:13:20+00:00\" \/>\n<meta name=\"twitter:card\" content=\"summary_large_image\" \/>\n<!-- \/ Yoast SEO plugin. -->","yoast_head_json":{"title":"Sitemap | Digitogy.eu","robots":{"index":"index","follow":"follow","max-snippet":"max-snippet:-1","max-image-preview":"max-image-preview:large","max-video-preview":"max-video-preview:-1"},"canonical":"https:\/\/digitogy.eu\/de\/sitemap\/","og_locale":"de_DE","og_type":"article","og_title":"Sitemap | Digitogy.eu","og_url":"https:\/\/digitogy.eu\/de\/sitemap\/","og_site_name":"Digitogy.eu","article_modified_time":"2022-01-04T01:13:20+00:00","twitter_card":"summary_large_image","schema":{"@context":"https:\/\/schema.org","@graph":[{"@type":"WebPage","@id":"https:\/\/digitogy.eu\/de\/sitemap\/","url":"https:\/\/digitogy.eu\/de\/sitemap\/","name":"Sitemap | Digitogy.eu","isPartOf":{"@id":"https:\/\/digitogy.eu\/de\/#website"},"datePublished":"2019-10-16T12:13:49+00:00","dateModified":"2022-01-04T01:13:20+00:00","breadcrumb":{"@id":"https:\/\/digitogy.eu\/de\/sitemap\/#breadcrumb"},"inLanguage":"de","potentialAction":[{"@type":"ReadAction","target":["https:\/\/digitogy.eu\/de\/sitemap\/"]}]},{"@type":"BreadcrumbList","@id":"https:\/\/digitogy.eu\/de\/sitemap\/#breadcrumb","itemListElement":[{"@type":"ListItem","position":1,"name":"Home","item":"https:\/\/digitogy.eu\/de\/"},{"@type":"ListItem","position":2,"name":"Sitemap"}]},{"@type":"WebSite","@id":"https:\/\/digitogy.eu\/de\/#website","url":"https:\/\/digitogy.eu\/de\/","name":"Digitogy.eu","description":"Digital Technology Magazine","publisher":{"@id":"https:\/\/digitogy.eu\/de\/#organization"},"potentialAction":[{"@type":"SearchAction","target":{"@type":"EntryPoint","urlTemplate":"https:\/\/digitogy.eu\/de\/?s={search_term_string}"},"query-input":{"@type":"PropertyValueSpecification","valueRequired":true,"valueName":"search_term_string"}}],"inLanguage":"de"},{"@type":"Organization","@id":"https:\/\/digitogy.eu\/de\/#organization","name":"Digitogy.eu","url":"https:\/\/digitogy.eu\/de\/","logo":{"@type":"ImageObject","inLanguage":"de","@id":"https:\/\/digitogy.eu\/de\/#\/schema\/logo\/image\/","url":"https:\/\/digitogy.eu\/wp-content\/uploads\/2019\/11\/digitogy.png","contentUrl":"https:\/\/digitogy.eu\/wp-content\/uploads\/2019\/11\/digitogy.png","width":150,"height":42,"caption":"Digitogy.eu"},"image":{"@id":"https:\/\/digitogy.eu\/de\/#\/schema\/logo\/image\/"}}]}},"_links":{"self":[{"href":"https:\/\/digitogy.eu\/de\/wp-json\/wp\/v2\/pages\/10066","targetHints":{"allow":["GET"]}}],"collection":[{"href":"https:\/\/digitogy.eu\/de\/wp-json\/wp\/v2\/pages"}],"about":[{"href":"https:\/\/digitogy.eu\/de\/wp-json\/wp\/v2\/types\/page"}],"author":[{"embeddable":true,"href":"https:\/\/digitogy.eu\/de\/wp-json\/wp\/v2\/users\/119"}],"replies":[{"embeddable":true,"href":"https:\/\/digitogy.eu\/de\/wp-json\/wp\/v2\/comments?post=10066"}],"version-history":[{"count":2,"href":"https:\/\/digitogy.eu\/de\/wp-json\/wp\/v2\/pages\/10066\/revisions"}],"predecessor-version":[{"id":12532,"href":"https:\/\/digitogy.eu\/de\/wp-json\/wp\/v2\/pages\/10066\/revisions\/12532"}],"wp:attachment":[{"href":"https:\/\/digitogy.eu\/de\/wp-json\/wp\/v2\/media?parent=10066"}],"wp:term":[{"taxonomy":"sgf-content-tag","embeddable":true,"href":"https:\/\/digitogy.eu\/de\/wp-json\/wp\/v2\/sgf-content-tag?post=10066"},{"taxonomy":"sgf-seo-push","embeddable":true,"href":"https:\/\/digitogy.eu\/de\/wp-json\/wp\/v2\/sgf-seo-push?post=10066"}],"curies":[{"name":"wp","href":"https:\/\/api.w.org\/{rel}","templated":true}]}}