{"id":47012,"date":"2023-07-20T05:03:25","date_gmt":"2023-07-20T04:03:25","guid":{"rendered":"https:\/\/digitogy.eu\/?page_id=47012"},"modified":"2023-07-27T09:34:33","modified_gmt":"2023-07-27T08:34:33","slug":"ejerskabsafsloering","status":"publish","type":"page","link":"https:\/\/digitogy.eu\/da\/ejerskabsafsloering\/","title":{"rendered":"Ejerskabsafsl\u00f8ring"},"content":{"rendered":"<p><a href=\"http:\/\/Digitogy.eu\/da\">Digitogy.eu<\/a> ejes og drives af Affiliare Inc. Vi er et firma, der specialiserer sig i partnermarkedsf\u00f8ring og produktanmeldelser.<\/p>\n<p>P\u00e5 Digitogy.eu er vores m\u00e5l at give upartiske og objektive anmeldelser.<\/p>\n<p>Det er dog vigtigt at erkende, at vores anmeldelser lejlighedsvis kan n\u00e6vne andre produkter, tjenester, tr\u00e6nere, konsulenter og\/eller eksperter.<\/p>\n<p>Bem\u00e6rk venligst, at s\u00e5danne referencer ikke er ment som anbefalinger eller erkl\u00e6ringer, der bekr\u00e6fter n\u00f8jagtigheden af de oplysninger, der leveres af de n\u00e6vnte parter.<\/p>\n<p>Vi opfordrer dig til at foretage dine egne unders\u00f8gelser og research, f\u00f8r du tr\u00e6ffer nogen k\u00f8bsbeslutninger. Selvom vi sigter efter at give nyttig information, anbefaler vi, at du stoler p\u00e5 forskellige kilder og foretager din egen due diligence for at afg\u00f8re, om et bestemt produkt eller en service er egnet til dine behov.<\/p>\n<p>Hvis du har sp\u00f8rgsm\u00e5l eller foresp\u00f8rgsler vedr\u00f8rende Digitogy.eu, er du velkommen til at kontakte os p\u00e5 <a href=\"mailto:info@affiliareinc.com\" target=\"_new\" rel=\"noopener nofollow noreferrer\">info@affiliareinc.com<\/a>.<\/p>\n<p>Vi er her for at hj\u00e6lpe dig og give enhver n\u00f8dvendig information.<\/p>\n<p>Tak fordi du bes\u00f8gte Digitogy.eu, og vi v\u00e6rds\u00e6tter din forst\u00e5else af vores ejerskab og anmeldelsesproces.<\/p>\n","protected":false},"excerpt":{"rendered":"<p>Digitogy.eu ejes og drives af Affiliare Inc. Vi er et firma, der specialiserer sig i partnermarkedsf\u00f8ring og produktanmeldelser. P\u00e5 Digitogy.eu er vores m\u00e5l at give upartiske og objektive anmeldelser. Det er dog vigtigt at erkende, at vores anmeldelser lejlighedsvis kan n\u00e6vne andre produkter, tjenester, tr\u00e6nere, konsulenter og\/eller eksperter. Bem\u00e6rk venligst, at s\u00e5danne referencer ikke er [&hellip;]<\/p>\n","protected":false},"author":43,"featured_media":0,"parent":0,"menu_order":0,"comment_status":"closed","ping_status":"closed","template":"","meta":{"om_disable_all_campaigns":false,"footnotes":""},"sgf-content-tag":[1595,472],"sgf-seo-push":[],"class_list":["post-47012","page","type-page","status-publish","hentry"],"yoast_head":"<!-- This site is optimized with the Yoast SEO plugin v24.9 - https:\/\/yoast.com\/wordpress\/plugins\/seo\/ -->\n<title>Ejerskabsafsl\u00f8ring | Digitogy.eu<\/title>\n<meta name=\"description\" content=\"Digitogy.eu ejes og drives af Affiliare Inc. Vi er et firma, der specialiserer sig i partnermarkedsf\u00f8ring og produktanmeldelser. P\u00e5 Digitogy.eu er vores\" \/>\n<meta name=\"robots\" content=\"index, follow, max-snippet:-1, max-image-preview:large, max-video-preview:-1\" \/>\n<link rel=\"canonical\" href=\"https:\/\/digitogy.eu\/da\/ejerskabsafsloering\/\" \/>\n<meta property=\"og:locale\" content=\"da_DK\" \/>\n<meta property=\"og:type\" content=\"article\" \/>\n<meta property=\"og:title\" content=\"Ejerskabsafsl\u00f8ring | Digitogy.eu\" \/>\n<meta property=\"og:description\" content=\"Digitogy.eu ejes og drives af Affiliare Inc. Vi er et firma, der specialiserer sig i partnermarkedsf\u00f8ring og produktanmeldelser. P\u00e5 Digitogy.eu er vores\" \/>\n<meta property=\"og:url\" content=\"https:\/\/digitogy.eu\/da\/ejerskabsafsloering\/\" \/>\n<meta property=\"og:site_name\" content=\"Digitogy.eu\" \/>\n<meta property=\"article:modified_time\" content=\"2023-07-27T08:34:33+00:00\" \/>\n<meta name=\"twitter:card\" content=\"summary_large_image\" \/>\n<!-- \/ Yoast SEO plugin. -->","yoast_head_json":{"title":"Ejerskabsafsl\u00f8ring | Digitogy.eu","description":"Digitogy.eu ejes og drives af Affiliare Inc. Vi er et firma, der specialiserer sig i partnermarkedsf\u00f8ring og produktanmeldelser. P\u00e5 Digitogy.eu er vores","robots":{"index":"index","follow":"follow","max-snippet":"max-snippet:-1","max-image-preview":"max-image-preview:large","max-video-preview":"max-video-preview:-1"},"canonical":"https:\/\/digitogy.eu\/da\/ejerskabsafsloering\/","og_locale":"da_DK","og_type":"article","og_title":"Ejerskabsafsl\u00f8ring | Digitogy.eu","og_description":"Digitogy.eu ejes og drives af Affiliare Inc. Vi er et firma, der specialiserer sig i partnermarkedsf\u00f8ring og produktanmeldelser. P\u00e5 Digitogy.eu er vores","og_url":"https:\/\/digitogy.eu\/da\/ejerskabsafsloering\/","og_site_name":"Digitogy.eu","article_modified_time":"2023-07-27T08:34:33+00:00","twitter_card":"summary_large_image","schema":{"@context":"https:\/\/schema.org","@graph":[{"@type":"WebPage","@id":"https:\/\/digitogy.eu\/da\/ejerskabsafsloering\/","url":"https:\/\/digitogy.eu\/da\/ejerskabsafsloering\/","name":"Ejerskabsafsl\u00f8ring | Digitogy.eu","isPartOf":{"@id":"https:\/\/digitogy.eu\/da\/#website"},"datePublished":"2023-07-20T04:03:25+00:00","dateModified":"2023-07-27T08:34:33+00:00","description":"Digitogy.eu ejes og drives af Affiliare Inc. Vi er et firma, der specialiserer sig i partnermarkedsf\u00f8ring og produktanmeldelser. P\u00e5 Digitogy.eu er vores","breadcrumb":{"@id":"https:\/\/digitogy.eu\/da\/ejerskabsafsloering\/#breadcrumb"},"inLanguage":"da-DK","potentialAction":[{"@type":"ReadAction","target":["https:\/\/digitogy.eu\/da\/ejerskabsafsloering\/"]}]},{"@type":"BreadcrumbList","@id":"https:\/\/digitogy.eu\/da\/ejerskabsafsloering\/#breadcrumb","itemListElement":[{"@type":"ListItem","position":1,"name":"Home","item":"https:\/\/digitogy.eu\/da\/hjem\/"},{"@type":"ListItem","position":2,"name":"Ejerskabsafsl\u00f8ring"}]},{"@type":"WebSite","@id":"https:\/\/digitogy.eu\/da\/#website","url":"https:\/\/digitogy.eu\/da\/","name":"Digitogy.eu","description":"Digital Technology Magazine","publisher":{"@id":"https:\/\/digitogy.eu\/da\/#organization"},"potentialAction":[{"@type":"SearchAction","target":{"@type":"EntryPoint","urlTemplate":"https:\/\/digitogy.eu\/da\/?s={search_term_string}"},"query-input":{"@type":"PropertyValueSpecification","valueRequired":true,"valueName":"search_term_string"}}],"inLanguage":"da-DK"},{"@type":"Organization","@id":"https:\/\/digitogy.eu\/da\/#organization","name":"Digitogy.eu","url":"https:\/\/digitogy.eu\/da\/","logo":{"@type":"ImageObject","inLanguage":"da-DK","@id":"https:\/\/digitogy.eu\/da\/#\/schema\/logo\/image\/","url":"https:\/\/digitogy.eu\/wp-content\/uploads\/2019\/11\/digitogy.png","contentUrl":"https:\/\/digitogy.eu\/wp-content\/uploads\/2019\/11\/digitogy.png","width":150,"height":42,"caption":"Digitogy.eu"},"image":{"@id":"https:\/\/digitogy.eu\/da\/#\/schema\/logo\/image\/"}}]}},"_links":{"self":[{"href":"https:\/\/digitogy.eu\/da\/wp-json\/wp\/v2\/pages\/47012","targetHints":{"allow":["GET"]}}],"collection":[{"href":"https:\/\/digitogy.eu\/da\/wp-json\/wp\/v2\/pages"}],"about":[{"href":"https:\/\/digitogy.eu\/da\/wp-json\/wp\/v2\/types\/page"}],"author":[{"embeddable":true,"href":"https:\/\/digitogy.eu\/da\/wp-json\/wp\/v2\/users\/43"}],"replies":[{"embeddable":true,"href":"https:\/\/digitogy.eu\/da\/wp-json\/wp\/v2\/comments?post=47012"}],"version-history":[{"count":3,"href":"https:\/\/digitogy.eu\/da\/wp-json\/wp\/v2\/pages\/47012\/revisions"}],"predecessor-version":[{"id":47053,"href":"https:\/\/digitogy.eu\/da\/wp-json\/wp\/v2\/pages\/47012\/revisions\/47053"}],"wp:attachment":[{"href":"https:\/\/digitogy.eu\/da\/wp-json\/wp\/v2\/media?parent=47012"}],"wp:term":[{"taxonomy":"sgf-content-tag","embeddable":true,"href":"https:\/\/digitogy.eu\/da\/wp-json\/wp\/v2\/sgf-content-tag?post=47012"},{"taxonomy":"sgf-seo-push","embeddable":true,"href":"https:\/\/digitogy.eu\/da\/wp-json\/wp\/v2\/sgf-seo-push?post=47012"}],"curies":[{"name":"wp","href":"https:\/\/api.w.org\/{rel}","templated":true}]}}