{"id":21157,"date":"2020-10-14T10:16:33","date_gmt":"2020-10-14T09:16:33","guid":{"rendered":"https:\/\/digitogy.eu\/?page_id=21157"},"modified":"2022-01-21T10:12:46","modified_gmt":"2022-01-21T09:12:46","slug":"sitemap","status":"publish","type":"page","link":"https:\/\/digitogy.eu\/da\/sitemap\/","title":{"rendered":"Sitemap"},"content":{"rendered":"<div class=\"wsp-container\"><h2 class=\"wsp-posts-title\">Posts by category<\/h2>\n<ul class=\"wsp-posts-list\">\n\t<li><strong class=\"wsp-category-title\">Category: <a href=\"https:\/\/digitogy.eu\/da\/kategori\/bedste-gadgets\/\">Gadgets<\/a><\/strong>\n<ul class=\"wsp-posts-list\">\t\t<li class=\"wsp-post\"><a href=\"https:\/\/digitogy.eu\/da\/godonut-anmeldelse\/\">GoDonut anmeldelse i 2026 &#8211; Er det v\u00e6rd at k\u00f8be?<\/a><\/li>\n\t\t<li class=\"wsp-post\"><a href=\"https:\/\/digitogy.eu\/da\/easy-waxoff-anmeldelse\/\">Easy WaxOff anmeldelse i 2026: Fjerne \u00f8revoks sikkert?<\/a><\/li>\n\t\t<li class=\"wsp-post\"><a href=\"https:\/\/digitogy.eu\/da\/muama-ryoko-anmeldelse\/\">MUAMA Ryoko anmeldelse i 2026<\/a><\/li>\n\t\t<li class=\"wsp-post\"><a href=\"https:\/\/digitogy.eu\/da\/moksha-beam-anmeldelse\/\">Moksha Beam anmeldelse i 2026 &#8211; Fungerer det virkelig?<\/a><\/li>\n\t\t<li class=\"wsp-post\"><a href=\"https:\/\/digitogy.eu\/da\/bed-scrunchie-anmeldelser\/\">Bed Scrunchie-anmeldelse: Sig farvel til l\u00f8se lagner i 2026<\/a><\/li>\n\t\t<li class=\"wsp-post\"><a href=\"https:\/\/digitogy.eu\/da\/derila-pude-anmeldelse\/\">Derila anmeldelse i 2026 &#8211; Hj\u00e6lper dette virkelig?<\/a><\/li>\n\t\t<li class=\"wsp-post\"><a href=\"https:\/\/digitogy.eu\/da\/automix-anmeldelse\/\">AutoMix Anmeldelse 2026<\/a><\/li>\n\t\t<li class=\"wsp-post\"><a href=\"https:\/\/digitogy.eu\/da\/picobuds-pro-anmeldelser\/\">PicoBuds Pro Anmeldelse 2026<\/a><\/li>\n\t\t<li class=\"wsp-post\"><a href=\"https:\/\/digitogy.eu\/da\/stealthhawk-pro-anmeldelser\/\">StealthHawk Pro Anmeldelse 2026<\/a><\/li>\n\t\t<li class=\"wsp-post\"><a href=\"https:\/\/digitogy.eu\/da\/clearview-anmeldelse\/\">ClearView Anmeldelse 2026 Hvad er ClearView, og er det godt?<\/a><\/li>\n\t\t<li class=\"wsp-post\"><a href=\"https:\/\/digitogy.eu\/da\/thephotostick-omni-anmeldelse\/\">The Photostick Omni anmeldelse 2026<\/a><\/li>\n\t\t<li class=\"wsp-post\"><a href=\"https:\/\/digitogy.eu\/da\/gx-smartwatch-anmeldelse\/\">GX SmartWatch Anmeldelse 2026<\/a><\/li>\n\t\t<li class=\"wsp-post\"><a href=\"https:\/\/digitogy.eu\/da\/anmeldelse-quietbuds\/\">QuietBuds Anmeldelse 2026<\/a><\/li>\n\t\t<li class=\"wsp-post\"><a href=\"https:\/\/digitogy.eu\/da\/anmeldelse-lasttissue\/\">LastTissue anmeldelse &#8211; Danske milj\u00f8venlige lommet\u00f8rkl\u00e6der<\/a><\/li>\n\t\t<li class=\"wsp-post\"><a href=\"https:\/\/digitogy.eu\/da\/anmeldelse-airphysio\/\">AirPhysio Anmeldelse 2026<\/a><\/li>\n\t\t<li class=\"wsp-post\"><a href=\"https:\/\/digitogy.eu\/da\/drone720x-anmeldelse\/\">Drone720X Anmeldelse 2026<\/a><\/li>\n\t\t<li class=\"wsp-post\"><a href=\"https:\/\/digitogy.eu\/da\/anmeldelse-moskix-band\/\">MoskiX band anmeldelse 2026 &#8211; Slip for Myg<\/a><\/li>\n\t\t<li class=\"wsp-post\"><a href=\"https:\/\/digitogy.eu\/da\/t-watch-anmeldelse\/\">T-Watch anmeldelse 2026 &#8211; Robust taktisk smart ur<\/a><\/li>\n\t\t<li class=\"wsp-post\"><a href=\"https:\/\/digitogy.eu\/da\/anmeldelse-caresole-circa\/\">Caresole Circa anmeldelse 2026 &#8211; Innovative kn\u00e6beskyttere til m\u00e6nd og kvinder<\/a><\/li>\n\t\t<li class=\"wsp-post\"><a href=\"https:\/\/digitogy.eu\/da\/protector-pitch-anmeldelse\/\">Protector Pitch anmeldelse 2026 &#8211; Bliv beskyttet med en personlig alarm<\/a><\/li>\n\t\t<li class=\"wsp-post\"><a href=\"https:\/\/digitogy.eu\/da\/tactic-air-drone-anmeldelse\/\">Tactic AIR Drone anmeldelse 2026 &#8211; Billede og video i 4K<\/a><\/li>\n\t\t<li class=\"wsp-post\"><a href=\"https:\/\/digitogy.eu\/da\/u-smile-pro-anmeldelse\/\">uSmile Pro anmeldelse 2026 &#8211; F\u00e5 hvide t\u00e6nder med innovativ gadget<\/a><\/li>\n\t\t<li class=\"wsp-post\"><a href=\"https:\/\/digitogy.eu\/da\/insole-anmeldelse\/\">Soul Insole anmeldelse 2026 &#8211; Smertelindring fra f\u00f8dderne og op<\/a><\/li>\n\t\t<li class=\"wsp-post\"><a href=\"https:\/\/digitogy.eu\/da\/eco-heat-s-anmeldelse\/\">EcoHeat S anmeldelse 2026 &#8211; Milj\u00f8venligt varmeelement<\/a><\/li>\n\t\t<li class=\"wsp-post\"><a href=\"https:\/\/digitogy.eu\/da\/signal-relief-patch-anmeldelse\/\">Signal Relief anmeldelse 2026 &#8211; smertelindring p\u00e5 10 sekunder<\/a><\/li>\n\t\t<li class=\"wsp-post\"><a href=\"https:\/\/digitogy.eu\/da\/health-watch-anmeldese\/\">HealthWatch anmeldelse 2026 &#8211; Sund livsstil med dit smartwatch<\/a><\/li>\n\t\t<li class=\"wsp-post\"><a href=\"https:\/\/digitogy.eu\/da\/mobileklean-anmeldelse\/\">Mobile Klean anmeldelse 2026 &#8211; Befri din smartphone fra bakterier<\/a><\/li>\n\t\t<li class=\"wsp-post\"><a href=\"https:\/\/digitogy.eu\/da\/dangobuds\/\">DangoBuds anmeldelse 2026 &#8211; St\u00f8jfri bluetooth h\u00f8retelefoner<\/a><\/li>\n\t\t<li class=\"wsp-post\"><a href=\"https:\/\/digitogy.eu\/da\/infinitikloud-anmeldelse-backup-med-et-klik\/\">InfinitiKloud anmeldelse 2026 &#8211; backup med et klik<\/a><\/li>\n\t\t<li class=\"wsp-post\"><a href=\"https:\/\/digitogy.eu\/da\/starscope-monocular\/\">Starscope anmeldelse 2026 &#8211; Kikkert kompatibel med din smartphone<\/a><\/li>\n\t\t<li class=\"wsp-post\"><a href=\"https:\/\/digitogy.eu\/da\/range-xtd\/\">RangeXTD anmeldelse 2026 &#8211; En Wi-Fi repeater der virker<\/a><\/li>\n\t\t<li class=\"wsp-post\"><a href=\"https:\/\/digitogy.eu\/da\/heat-core\/\">HeatCore anmeldelse 2026 &#8211; Innovativt mini varmelegeme<\/a><\/li>\n\t\t<li class=\"wsp-post\"><a href=\"https:\/\/digitogy.eu\/da\/silentsnore-klip\/\">SilentSnore anmeldelse 2026 &#8211; Bedre s\u00f8vn til dig og dine n\u00e6re<\/a><\/li>\n\t\t<li class=\"wsp-post\"><a href=\"https:\/\/digitogy.eu\/da\/memory-safe-x\/\">MemorySafeX anmeldelse 2026 &#8211; Nem backup af din smartphone<\/a><\/li>\n\t\t<li class=\"wsp-post\"><a href=\"https:\/\/digitogy.eu\/da\/dronex-pro\/\">DroneX Pro anmeldelse 2026 &#8211; Videoer og billeder i HD-kvalitet<\/a><\/li>\n\t\t<li class=\"wsp-post\"><a href=\"https:\/\/digitogy.eu\/da\/superboost-wifi\/\">SuperBoost anmeldelse 2026 &#8211; \u00d8g internethastigheden i hele hjemmet<\/a><\/li>\n\t\t<li class=\"wsp-post\"><a href=\"https:\/\/digitogy.eu\/da\/proper-focus\/\">ProperFocus anmeldelse 2026 &#8211; Sk\u00e5n dine \u00f8jne<\/a><\/li>\n\t\t<li class=\"wsp-post\"><a href=\"https:\/\/digitogy.eu\/da\/smartdot-anmeldelse\/\">SmartDOT Anmeldelse 2026: Undg\u00e5 elektromagnetiske str\u00e5linger<\/a><\/li>\n\t\t<li class=\"wsp-post\"><a href=\"https:\/\/digitogy.eu\/da\/screenklean-anmeldelse\/\">ScreenKlean Anmeldelse 2026: En sund metode til at rense din sk\u00e6rm<\/a><\/li>\n\t\t<li class=\"wsp-post\"><a href=\"https:\/\/digitogy.eu\/da\/anmeldelse-muama-enence\/\">MUAMA Enence Anmeldelse 2026: \u00f8jeblikkelig overs\u00e6tter<\/a><\/li>\n\t\t<li class=\"wsp-post\"><a href=\"https:\/\/digitogy.eu\/da\/anmeldelse-aculief\/\">Aculief Anmeldelse 2026: Vink farvel til hovedpine i l\u00f8bet af f\u00e5 minutter<\/a><\/li>\n\t\t<li class=\"wsp-post\"><a href=\"https:\/\/digitogy.eu\/da\/anmeldelse-betterback\/\">BetterBack Anmeldelse 2026: Vink farvel til rygsmerte i dag<\/a><\/li>\n\t\t<li class=\"wsp-post\"><a href=\"https:\/\/digitogy.eu\/da\/barxstop-anmeldelse\/\">BarXStop Anmeldelse: Stopper den din hund fra at g\u00f8?<\/a><\/li>\n\t\t<li class=\"wsp-post\"><a href=\"https:\/\/digitogy.eu\/da\/fixd-anmeldelse\/\">FIXD Anmeldelse 2026: Hold \u00f8je med din bils helbred i realtid<\/a><\/li>\n\t\t<li class=\"wsp-post\"><a href=\"https:\/\/digitogy.eu\/da\/wifi-ultraboost-anmeldelse\/\">WiFi UltraBoost 2026: Virker det?<\/a><\/li>\n\t\t<li class=\"wsp-post\"><a href=\"https:\/\/digitogy.eu\/da\/xy-find-it-anmeldelse\/\">XY Find It Anmeldelse 2026 &#8211; Den Bedste N\u00f8gle-Finder p\u00e5 Markedet<\/a><\/li>\n\t\t<li class=\"wsp-post\"><a href=\"https:\/\/digitogy.eu\/da\/thephotostick-anmeldelse\/\">Min Anmeldelse 2026 af ThePhotoStick<\/a><\/li>\n\t\t<li class=\"wsp-post\"><a href=\"https:\/\/digitogy.eu\/da\/xtra-pc-anmeldelse\/\">Xtra-PC Anmeldelse 2026: Er det fup og svindel?<\/a><\/li>\n\t\t<li class=\"wsp-post\"><a href=\"https:\/\/digitogy.eu\/da\/en-anmeldelse-paa-bondics-uv-lim\/\">En 2026 Anmeldelse p\u00e5 Bondics UV Lim<\/a><\/li>\n\t\t<li class=\"wsp-post\"><a href=\"https:\/\/digitogy.eu\/da\/fittrack-badevaegt-anmeldese\/\">FitTrack Badev\u00e6gt Anmeldese 2026 &#8211; Er den Smart Nok?<\/a><\/li>\n\t\t<li class=\"wsp-post\"><a href=\"https:\/\/digitogy.eu\/da\/kailo-anmeldelse\/\">Kailo Pain Relief Patch 2026: Fungerer det virkeligt?<\/a><\/li>\n\t\t<li class=\"wsp-post\"><a href=\"https:\/\/digitogy.eu\/da\/xwatch-smartwatch-anmeldelse\/\">XWatch Smartwatch Anmeldelse 2026: Skal du k\u00f8be et?<\/a><\/li>\n\t\t<li class=\"wsp-post\"><a href=\"https:\/\/digitogy.eu\/da\/the-photostick-mobile-anmeldelse\/\">The PhotoStick Mobile Anmeldelse 2026<\/a><\/li>\n\t\t<li class=\"wsp-post\"><a href=\"https:\/\/digitogy.eu\/da\/neck-hammock-anmeldelse\/\">Neck Hammock Anmeldelse 2026 : Slap af og helbred dine nakkesmerter helt naturligt<\/a><\/li>\n<\/ul><\/li>\n\t<li><strong class=\"wsp-category-title\">Category: <a href=\"https:\/\/digitogy.eu\/da\/kategori\/vejledninger\/\">Vejledninger<\/a><\/strong>\n<ul class=\"wsp-posts-list\">\t\t<li class=\"wsp-post\"><a href=\"https:\/\/digitogy.eu\/da\/black-friday-danmark-og-cyber-monday\/\">De Bedste tilbud for Black Friday Danmark og Cyber Monday 2026<\/a><\/li>\n<\/ul><\/li>\n<\/ul>\n<\/div>\n","protected":false},"excerpt":{"rendered":"","protected":false},"author":43,"featured_media":0,"parent":0,"menu_order":0,"comment_status":"closed","ping_status":"closed","template":"","meta":{"om_disable_all_campaigns":false,"footnotes":""},"sgf-content-tag":[472,474],"sgf-seo-push":[],"class_list":["post-21157","page","type-page","status-publish","hentry"],"yoast_head":"<!-- This site is optimized with the Yoast SEO plugin v24.9 - https:\/\/yoast.com\/wordpress\/plugins\/seo\/ -->\n<title>Sitemap | Digitogy.eu<\/title>\n<meta name=\"robots\" content=\"index, follow, max-snippet:-1, max-image-preview:large, max-video-preview:-1\" \/>\n<link rel=\"canonical\" href=\"https:\/\/digitogy.eu\/da\/sitemap\/\" \/>\n<meta property=\"og:locale\" content=\"da_DK\" \/>\n<meta property=\"og:type\" content=\"article\" \/>\n<meta property=\"og:title\" content=\"Sitemap | Digitogy.eu\" \/>\n<meta property=\"og:url\" content=\"https:\/\/digitogy.eu\/da\/sitemap\/\" \/>\n<meta property=\"og:site_name\" content=\"Digitogy.eu\" \/>\n<meta property=\"article:modified_time\" content=\"2022-01-21T09:12:46+00:00\" \/>\n<meta name=\"twitter:card\" content=\"summary_large_image\" \/>\n<!-- \/ Yoast SEO plugin. -->","yoast_head_json":{"title":"Sitemap | Digitogy.eu","robots":{"index":"index","follow":"follow","max-snippet":"max-snippet:-1","max-image-preview":"max-image-preview:large","max-video-preview":"max-video-preview:-1"},"canonical":"https:\/\/digitogy.eu\/da\/sitemap\/","og_locale":"da_DK","og_type":"article","og_title":"Sitemap | Digitogy.eu","og_url":"https:\/\/digitogy.eu\/da\/sitemap\/","og_site_name":"Digitogy.eu","article_modified_time":"2022-01-21T09:12:46+00:00","twitter_card":"summary_large_image","schema":{"@context":"https:\/\/schema.org","@graph":[{"@type":"WebPage","@id":"https:\/\/digitogy.eu\/da\/sitemap\/","url":"https:\/\/digitogy.eu\/da\/sitemap\/","name":"Sitemap | Digitogy.eu","isPartOf":{"@id":"https:\/\/digitogy.eu\/da\/#website"},"datePublished":"2020-10-14T09:16:33+00:00","dateModified":"2022-01-21T09:12:46+00:00","breadcrumb":{"@id":"https:\/\/digitogy.eu\/da\/sitemap\/#breadcrumb"},"inLanguage":"da-DK","potentialAction":[{"@type":"ReadAction","target":["https:\/\/digitogy.eu\/da\/sitemap\/"]}]},{"@type":"BreadcrumbList","@id":"https:\/\/digitogy.eu\/da\/sitemap\/#breadcrumb","itemListElement":[{"@type":"ListItem","position":1,"name":"Home","item":"https:\/\/digitogy.eu\/da\/hjem\/"},{"@type":"ListItem","position":2,"name":"Sitemap"}]},{"@type":"WebSite","@id":"https:\/\/digitogy.eu\/da\/#website","url":"https:\/\/digitogy.eu\/da\/","name":"Digitogy.eu","description":"Digital Technology Magazine","publisher":{"@id":"https:\/\/digitogy.eu\/da\/#organization"},"potentialAction":[{"@type":"SearchAction","target":{"@type":"EntryPoint","urlTemplate":"https:\/\/digitogy.eu\/da\/?s={search_term_string}"},"query-input":{"@type":"PropertyValueSpecification","valueRequired":true,"valueName":"search_term_string"}}],"inLanguage":"da-DK"},{"@type":"Organization","@id":"https:\/\/digitogy.eu\/da\/#organization","name":"Digitogy.eu","url":"https:\/\/digitogy.eu\/da\/","logo":{"@type":"ImageObject","inLanguage":"da-DK","@id":"https:\/\/digitogy.eu\/da\/#\/schema\/logo\/image\/","url":"https:\/\/digitogy.eu\/wp-content\/uploads\/2019\/11\/digitogy.png","contentUrl":"https:\/\/digitogy.eu\/wp-content\/uploads\/2019\/11\/digitogy.png","width":150,"height":42,"caption":"Digitogy.eu"},"image":{"@id":"https:\/\/digitogy.eu\/da\/#\/schema\/logo\/image\/"}}]}},"_links":{"self":[{"href":"https:\/\/digitogy.eu\/da\/wp-json\/wp\/v2\/pages\/21157","targetHints":{"allow":["GET"]}}],"collection":[{"href":"https:\/\/digitogy.eu\/da\/wp-json\/wp\/v2\/pages"}],"about":[{"href":"https:\/\/digitogy.eu\/da\/wp-json\/wp\/v2\/types\/page"}],"author":[{"embeddable":true,"href":"https:\/\/digitogy.eu\/da\/wp-json\/wp\/v2\/users\/43"}],"replies":[{"embeddable":true,"href":"https:\/\/digitogy.eu\/da\/wp-json\/wp\/v2\/comments?post=21157"}],"version-history":[{"count":1,"href":"https:\/\/digitogy.eu\/da\/wp-json\/wp\/v2\/pages\/21157\/revisions"}],"predecessor-version":[{"id":21159,"href":"https:\/\/digitogy.eu\/da\/wp-json\/wp\/v2\/pages\/21157\/revisions\/21159"}],"wp:attachment":[{"href":"https:\/\/digitogy.eu\/da\/wp-json\/wp\/v2\/media?parent=21157"}],"wp:term":[{"taxonomy":"sgf-content-tag","embeddable":true,"href":"https:\/\/digitogy.eu\/da\/wp-json\/wp\/v2\/sgf-content-tag?post=21157"},{"taxonomy":"sgf-seo-push","embeddable":true,"href":"https:\/\/digitogy.eu\/da\/wp-json\/wp\/v2\/sgf-seo-push?post=21157"}],"curies":[{"name":"wp","href":"https:\/\/api.w.org\/{rel}","templated":true}]}}