{"id":21152,"date":"2020-10-14T10:07:34","date_gmt":"2020-10-14T09:07:34","guid":{"rendered":"https:\/\/digitogy.eu\/?page_id=21152"},"modified":"2023-07-27T11:39:01","modified_gmt":"2023-07-27T10:39:01","slug":"kontakt-os","status":"publish","type":"page","link":"https:\/\/digitogy.eu\/da\/kontakt-os\/","title":{"rendered":"Kontakt Os"},"content":{"rendered":"<p>Vi v\u00e6rds\u00e6tter dit bidrag og er her for at hj\u00e6lpe dig med eventuelle forslag, feedback eller sp\u00f8rgsm\u00e5l relateret til teknologi. T\u00f8v ikke med at kontakte os ved at bruge formularen nedenfor. Du kan v\u00e6re sikker p\u00e5, at vi er dedikerede til at besvare alle henvendelser hurtigt.<\/p>\n<p>Hvis du vil kontakte os, bedes du sende en besked til <a href=\"mailto:info@digitogy.eu\" rel=\"nofollow nofollow noreferrer\">info@digitogy.eu<\/a>.<\/p>\n<p>Og for foresp\u00f8rgsler og partnerskaber, send venligst en besked til <a href=\"mailto:outreach@digitogy.eu\/\" target=\"_blank\" rel=\"noopener noreferrer\">outreach@digitogy.eu<\/a>.<\/p>\n<h2>Kontaktinformation<\/h2>\n<ul>\n<li>Telefonnummer: +45 50 72 14 00<\/li>\n<li>Kontoradresse: Enghavevej 40, 1674 K\u00f8benhavn, Danmark<\/li>\n<\/ul>\n<p><iframe style=\"border: 0;\" src=\"https:\/\/www.google.com\/maps\/embed?pb=!1m18!1m12!1m3!1d334.49452770999665!2d12.543395345986168!3d55.66808752061506!2m3!1f0!2f0!3f0!3m2!1i1024!2i768!4f13.1!3m3!1m2!1s0x4652539ea1edb7e1%3A0xf320e8b20c947160!2sEnghavevej%2040%2C%201674%20K%C3%B8benhavn%2C%20Denmark!5e0!3m2!1sen!2sth!4v1689760659580!5m2!1sen!2sth\" width=\"600\" height=\"450\" allowfullscreen=\"allowfullscreen\"><\/iframe><\/p>\n<p>For jobans\u00f8gninger, bedes du sende os en e-mail p\u00e5 <a href=\"mailto:jobs@digitogy.eu\" target=\"_new\" rel=\"noopener nofollow noreferrer\">jobs@digitogy.eu<\/a>.<\/p>\n<p>Hvis du har brug for hj\u00e6lp med en refusion, bedes du kontakte os p\u00e5 <a href=\"mailto:refunds@digitogy.eu\" target=\"_new\" rel=\"noopener nofollow noreferrer\">refunds@digitogy.eu<\/a>.<\/p>\n<p>Vi v\u00e6rds\u00e6tter din interesse og ser frem til at h\u00f8re fra dig.<\/p>\n<div id=\"gtx-trans\" style=\"position: absolute; left: 37px; top: 229.825px;\">\n<div class=\"gtx-trans-icon\"><\/div>\n<\/div>\n","protected":false},"excerpt":{"rendered":"<p>Vi v\u00e6rds\u00e6tter dit bidrag og er her for at hj\u00e6lpe dig med eventuelle forslag, feedback eller sp\u00f8rgsm\u00e5l relateret til teknologi. T\u00f8v ikke med at kontakte os ved at bruge formularen nedenfor. Du kan v\u00e6re sikker p\u00e5, at vi er dedikerede til at besvare alle henvendelser hurtigt. Hvis du vil kontakte os, bedes du sende en [&hellip;]<\/p>\n","protected":false},"author":43,"featured_media":0,"parent":0,"menu_order":0,"comment_status":"closed","ping_status":"closed","template":"","meta":{"om_disable_all_campaigns":false,"footnotes":""},"sgf-content-tag":[472,473],"sgf-seo-push":[],"class_list":["post-21152","page","type-page","status-publish","hentry"],"yoast_head":"<!-- This site is optimized with the Yoast SEO plugin v24.9 - https:\/\/yoast.com\/wordpress\/plugins\/seo\/ -->\n<title>Kontakt Os | Digitogy.eu<\/title>\n<meta name=\"description\" content=\"Vi v\u00e6rds\u00e6tter dit bidrag og er her for at hj\u00e6lpe dig med eventuelle forslag, feedback eller sp\u00f8rgsm\u00e5l relateret til teknologi. T\u00f8v ikke med at kontakte os\" \/>\n<meta name=\"robots\" content=\"index, follow, max-snippet:-1, max-image-preview:large, max-video-preview:-1\" \/>\n<link rel=\"canonical\" href=\"https:\/\/digitogy.eu\/da\/kontakt-os\/\" \/>\n<meta property=\"og:locale\" content=\"da_DK\" \/>\n<meta property=\"og:type\" content=\"article\" \/>\n<meta property=\"og:title\" content=\"Kontakt Os | Digitogy.eu\" \/>\n<meta property=\"og:description\" content=\"Vi v\u00e6rds\u00e6tter dit bidrag og er her for at hj\u00e6lpe dig med eventuelle forslag, feedback eller sp\u00f8rgsm\u00e5l relateret til teknologi. T\u00f8v ikke med at kontakte os\" \/>\n<meta property=\"og:url\" content=\"https:\/\/digitogy.eu\/da\/kontakt-os\/\" \/>\n<meta property=\"og:site_name\" content=\"Digitogy.eu\" \/>\n<meta property=\"article:modified_time\" content=\"2023-07-27T10:39:01+00:00\" \/>\n<meta name=\"twitter:card\" content=\"summary_large_image\" \/>\n<!-- \/ Yoast SEO plugin. -->","yoast_head_json":{"title":"Kontakt Os | Digitogy.eu","description":"Vi v\u00e6rds\u00e6tter dit bidrag og er her for at hj\u00e6lpe dig med eventuelle forslag, feedback eller sp\u00f8rgsm\u00e5l relateret til teknologi. T\u00f8v ikke med at kontakte os","robots":{"index":"index","follow":"follow","max-snippet":"max-snippet:-1","max-image-preview":"max-image-preview:large","max-video-preview":"max-video-preview:-1"},"canonical":"https:\/\/digitogy.eu\/da\/kontakt-os\/","og_locale":"da_DK","og_type":"article","og_title":"Kontakt Os | Digitogy.eu","og_description":"Vi v\u00e6rds\u00e6tter dit bidrag og er her for at hj\u00e6lpe dig med eventuelle forslag, feedback eller sp\u00f8rgsm\u00e5l relateret til teknologi. T\u00f8v ikke med at kontakte os","og_url":"https:\/\/digitogy.eu\/da\/kontakt-os\/","og_site_name":"Digitogy.eu","article_modified_time":"2023-07-27T10:39:01+00:00","twitter_card":"summary_large_image","schema":{"@context":"https:\/\/schema.org","@graph":[{"@type":"WebPage","@id":"https:\/\/digitogy.eu\/da\/kontakt-os\/","url":"https:\/\/digitogy.eu\/da\/kontakt-os\/","name":"Kontakt Os | Digitogy.eu","isPartOf":{"@id":"https:\/\/digitogy.eu\/da\/#website"},"datePublished":"2020-10-14T09:07:34+00:00","dateModified":"2023-07-27T10:39:01+00:00","description":"Vi v\u00e6rds\u00e6tter dit bidrag og er her for at hj\u00e6lpe dig med eventuelle forslag, feedback eller sp\u00f8rgsm\u00e5l relateret til teknologi. T\u00f8v ikke med at kontakte os","breadcrumb":{"@id":"https:\/\/digitogy.eu\/da\/kontakt-os\/#breadcrumb"},"inLanguage":"da-DK","potentialAction":[{"@type":"ReadAction","target":["https:\/\/digitogy.eu\/da\/kontakt-os\/"]}]},{"@type":"BreadcrumbList","@id":"https:\/\/digitogy.eu\/da\/kontakt-os\/#breadcrumb","itemListElement":[{"@type":"ListItem","position":1,"name":"Home","item":"https:\/\/digitogy.eu\/da\/hjem\/"},{"@type":"ListItem","position":2,"name":"Kontakt Os"}]},{"@type":"WebSite","@id":"https:\/\/digitogy.eu\/da\/#website","url":"https:\/\/digitogy.eu\/da\/","name":"Digitogy.eu","description":"Digital Technology Magazine","publisher":{"@id":"https:\/\/digitogy.eu\/da\/#organization"},"potentialAction":[{"@type":"SearchAction","target":{"@type":"EntryPoint","urlTemplate":"https:\/\/digitogy.eu\/da\/?s={search_term_string}"},"query-input":{"@type":"PropertyValueSpecification","valueRequired":true,"valueName":"search_term_string"}}],"inLanguage":"da-DK"},{"@type":"Organization","@id":"https:\/\/digitogy.eu\/da\/#organization","name":"Digitogy.eu","url":"https:\/\/digitogy.eu\/da\/","logo":{"@type":"ImageObject","inLanguage":"da-DK","@id":"https:\/\/digitogy.eu\/da\/#\/schema\/logo\/image\/","url":"https:\/\/digitogy.eu\/wp-content\/uploads\/2019\/11\/digitogy.png","contentUrl":"https:\/\/digitogy.eu\/wp-content\/uploads\/2019\/11\/digitogy.png","width":150,"height":42,"caption":"Digitogy.eu"},"image":{"@id":"https:\/\/digitogy.eu\/da\/#\/schema\/logo\/image\/"}}]}},"_links":{"self":[{"href":"https:\/\/digitogy.eu\/da\/wp-json\/wp\/v2\/pages\/21152","targetHints":{"allow":["GET"]}}],"collection":[{"href":"https:\/\/digitogy.eu\/da\/wp-json\/wp\/v2\/pages"}],"about":[{"href":"https:\/\/digitogy.eu\/da\/wp-json\/wp\/v2\/types\/page"}],"author":[{"embeddable":true,"href":"https:\/\/digitogy.eu\/da\/wp-json\/wp\/v2\/users\/43"}],"replies":[{"embeddable":true,"href":"https:\/\/digitogy.eu\/da\/wp-json\/wp\/v2\/comments?post=21152"}],"version-history":[{"count":14,"href":"https:\/\/digitogy.eu\/da\/wp-json\/wp\/v2\/pages\/21152\/revisions"}],"predecessor-version":[{"id":47067,"href":"https:\/\/digitogy.eu\/da\/wp-json\/wp\/v2\/pages\/21152\/revisions\/47067"}],"wp:attachment":[{"href":"https:\/\/digitogy.eu\/da\/wp-json\/wp\/v2\/media?parent=21152"}],"wp:term":[{"taxonomy":"sgf-content-tag","embeddable":true,"href":"https:\/\/digitogy.eu\/da\/wp-json\/wp\/v2\/sgf-content-tag?post=21152"},{"taxonomy":"sgf-seo-push","embeddable":true,"href":"https:\/\/digitogy.eu\/da\/wp-json\/wp\/v2\/sgf-seo-push?post=21152"}],"curies":[{"name":"wp","href":"https:\/\/api.w.org\/{rel}","templated":true}]}}